{"id":398887,"date":"2023-08-30T18:02:55","date_gmt":"2023-09-28T12:47:45","guid":{"rendered":"https:\/\/mujstromecek.cz\/produkt\/tajga-smreka-3d-180-cm\/"},"modified":"2024-06-06T08:09:55","modified_gmt":"2024-06-06T08:09:55","slug":"tajga-smreka-3d-180-cm","status":"publish","type":"product","link":"https:\/\/old2024.mujstromecek.cz\/sl\/p\/tajga-smreka-3d-180-cm\/","title":{"rendered":"Tajga smreka 3D 180 cm"},"content":{"rendered":"<p>\u010cudovito, natan\u010dno obdelano, realisti\u010dno bo\u017ei\u010dno drevo <strong>vrhunske kakovosti<\/strong>. Kakovostne umetne iglice zagotavljajo <strong>realisti\u010den naraven videz in dolgo \u017eivljenjsko dobo<\/strong>. Za edinstven dizajn in visoko kakovost drevesa skrbi izku&scaron;ena ekipa oblikovalcev izdelkov in <strong>ro\u010dna izdelava v EU<\/strong>. To bo\u017ei\u010dno drevo <strong>vam bo s svojim naravnim in realisti\u010dnim videzom pri\u010daralo pravo bo\u017ei\u010dno vzdu&scaron;je v va&scaron;em domu<\/strong>. Lahko ga okrasite povsem po svojem okusu.<\/p>\n","protected":false},"excerpt":{"rendered":"<p>\u010cudovito umetno bo\u017ei\u010dno drevo, izdelano v EU. Vrhunska kakovost. Natan\u010dno in kakovostno obdelane iglice zagotavljajo realisti\u010den videz in dolgo \u017eivljenjsko dobo.<\/p>\n","protected":false},"featured_media":446951,"template":"","meta":[],"product_cat":[3806],"product_tag":[3900,388,4649,4655],"class_list":["post-398887","product","type-product","status-publish","has-post-thumbnail","hentry","product_cat-classic-sl","product_tag-180-cm-sl","product_tag-3d-sl-2","product_tag-doprava-zdarma-sl","product_tag-economy-sl","pa_druh-smrk-sl","pa_jehlici-3d-economy-sl-2","pa_krabice-31-36-125-sl-2","pa_pocet-rad-13-sl","pa_sirka-120-sl-2","pa_stojan-metalni-sl","pa_vaha-10-sl","pa_vetvicky-560-sl","pa_vetvicky-celkem-560-sl","pa_vetvicky-pe-pvc-255-305-sl","pa_vyska-180-sl","pa_vyska-od-zeme-22-sl"],"featured_image_urls":{"full":["https:\/\/old2024.mujstromecek.cz\/wp-content\/uploads\/2023\/08\/s1-2360.jpg",640,860,false],"thumbnail":["https:\/\/old2024.mujstromecek.cz\/wp-content\/uploads\/2023\/08\/s1-2360-150x150.jpg",150,150,true],"medium":["https:\/\/old2024.mujstromecek.cz\/wp-content\/uploads\/2023\/08\/s1-2360-223x300.jpg",223,300,true],"medium_large":["https:\/\/old2024.mujstromecek.cz\/wp-content\/uploads\/2023\/08\/s1-2360.jpg",640,860,false],"large":["https:\/\/old2024.mujstromecek.cz\/wp-content\/uploads\/2023\/08\/s1-2360.jpg",640,860,false],"1536x1536":["https:\/\/old2024.mujstromecek.cz\/wp-content\/uploads\/2023\/08\/s1-2360.jpg",640,860,false],"2048x2048":["https:\/\/old2024.mujstromecek.cz\/wp-content\/uploads\/2023\/08\/s1-2360.jpg",640,860,false],"woocommerce_thumbnail":["https:\/\/old2024.mujstromecek.cz\/wp-content\/uploads\/2023\/08\/s1-2360-300x403.jpg",300,403,true],"woocommerce_single":["https:\/\/old2024.mujstromecek.cz\/wp-content\/uploads\/2023\/08\/s1-2360-600x806.jpg",600,806,true],"woocommerce_gallery_thumbnail":["https:\/\/old2024.mujstromecek.cz\/wp-content\/uploads\/2023\/08\/s1-2360-100x100.jpg",100,100,true]},"post_excerpt_stackable":"<p>\u010cudovito umetno bo\u017ei\u010dno drevo, izdelano v EU. Vrhunska kakovost. Natan\u010dno in kakovostno obdelane iglice zagotavljajo realisti\u010den videz in dolgo \u017eivljenjsko dobo.<\/p>\n","category_list":"","author_info":{"name":"","url":""},"comments_num":"0 comments","featured_image_urls_v2":{"full":["https:\/\/old2024.mujstromecek.cz\/wp-content\/uploads\/2023\/08\/s1-2360.jpg",640,860,false],"thumbnail":["https:\/\/old2024.mujstromecek.cz\/wp-content\/uploads\/2023\/08\/s1-2360-150x150.jpg",150,150,true],"medium":["https:\/\/old2024.mujstromecek.cz\/wp-content\/uploads\/2023\/08\/s1-2360-223x300.jpg",223,300,true],"medium_large":["https:\/\/old2024.mujstromecek.cz\/wp-content\/uploads\/2023\/08\/s1-2360.jpg",640,860,false],"large":["https:\/\/old2024.mujstromecek.cz\/wp-content\/uploads\/2023\/08\/s1-2360.jpg",640,860,false],"1536x1536":["https:\/\/old2024.mujstromecek.cz\/wp-content\/uploads\/2023\/08\/s1-2360.jpg",640,860,false],"2048x2048":["https:\/\/old2024.mujstromecek.cz\/wp-content\/uploads\/2023\/08\/s1-2360.jpg",640,860,false],"woocommerce_thumbnail":["https:\/\/old2024.mujstromecek.cz\/wp-content\/uploads\/2023\/08\/s1-2360-300x403.jpg",300,403,true],"woocommerce_single":["https:\/\/old2024.mujstromecek.cz\/wp-content\/uploads\/2023\/08\/s1-2360-600x806.jpg",600,806,true],"woocommerce_gallery_thumbnail":["https:\/\/old2024.mujstromecek.cz\/wp-content\/uploads\/2023\/08\/s1-2360-100x100.jpg",100,100,true]},"post_excerpt_stackable_v2":"<p>\u010cudovito umetno bo\u017ei\u010dno drevo, izdelano v EU. Vrhunska kakovost. Natan\u010dno in kakovostno obdelane iglice zagotavljajo realisti\u010den videz in dolgo \u017eivljenjsko dobo.<\/p>\n","category_list_v2":"","author_info_v2":{"name":"","url":""},"comments_num_v2":"0 comments","yoast_head":"<!-- This site is optimized with the Yoast SEO plugin v21.1 - https:\/\/yoast.com\/wordpress\/plugins\/seo\/ -->\n<title>Tajga smreka 3D 180 cm - Bo\u017ei\u010dnodrevo.si<\/title>\n<meta name=\"robots\" content=\"noindex, follow, max-snippet:-1, max-image-preview:large, max-video-preview:-1\" \/>\n<meta property=\"og:locale\" content=\"sl_SI\" \/>\n<meta property=\"og:type\" content=\"article\" \/>\n<meta property=\"og:title\" content=\"Tajga smreka 3D 180 cm - Bo\u017ei\u010dnodrevo.si\" \/>\n<meta property=\"og:description\" content=\"\u010cudovito umetno bo\u017ei\u010dno drevo, izdelano v EU. Vrhunska kakovost. Natan\u010dno in kakovostno obdelane iglice zagotavljajo realisti\u010den videz in dolgo \u017eivljenjsko dobo.\" \/>\n<meta property=\"og:url\" content=\"https:\/\/old2024.mujstromecek.cz\/sl\/p\/tajga-smreka-3d-180-cm\/\" \/>\n<meta property=\"og:site_name\" content=\"Bo\u017ei\u010dnodrevo.si\" \/>\n<meta property=\"article:modified_time\" content=\"2024-06-06T08:09:55+00:00\" \/>\n<meta property=\"og:image\" content=\"https:\/\/bozicnodrevo.si\/wp-content\/uploads\/2023\/08\/s1-2360.jpg\" \/>\n\t<meta property=\"og:image:width\" content=\"640\" \/>\n\t<meta property=\"og:image:height\" content=\"860\" \/>\n\t<meta property=\"og:image:type\" content=\"image\/jpeg\" \/>\n<meta name=\"twitter:card\" content=\"summary_large_image\" \/>\n<script type=\"application\/ld+json\" class=\"yoast-schema-graph\">{\"@context\":\"https:\/\/schema.org\",\"@graph\":[{\"@type\":\"WebPage\",\"@id\":\"https:\/\/old2024.mujstromecek.cz\/sl\/p\/tajga-smreka-3d-180-cm\/\",\"url\":\"https:\/\/old2024.mujstromecek.cz\/sl\/p\/tajga-smreka-3d-180-cm\/\",\"name\":\"Tajga smreka 3D 180 cm - Bo\u017ei\u010dnodrevo.si\",\"isPartOf\":{\"@id\":\"https:\/\/mojstromcek.sk\/#website\"},\"datePublished\":\"2023-09-28T12:47:45+00:00\",\"dateModified\":\"2024-06-06T08:09:55+00:00\",\"breadcrumb\":{\"@id\":\"https:\/\/old2024.mujstromecek.cz\/sl\/p\/tajga-smreka-3d-180-cm\/#breadcrumb\"},\"inLanguage\":\"sl-SI\",\"potentialAction\":[{\"@type\":\"ReadAction\",\"target\":[\"https:\/\/old2024.mujstromecek.cz\/sl\/p\/tajga-smreka-3d-180-cm\/\"]}]},{\"@type\":\"BreadcrumbList\",\"@id\":\"https:\/\/old2024.mujstromecek.cz\/sl\/p\/tajga-smreka-3d-180-cm\/#breadcrumb\",\"itemListElement\":[{\"@type\":\"ListItem\",\"position\":1,\"name\":\"Dom\u016f\",\"item\":\"https:\/\/old2024.mujstromecek.cz\/sl\/\"},{\"@type\":\"ListItem\",\"position\":2,\"name\":\"Shop\",\"item\":\"https:\/\/bozicnodrevo.si\/shop\/\"},{\"@type\":\"ListItem\",\"position\":3,\"name\":\"Tajga smreka 3D 180 cm\"}]},{\"@type\":\"WebSite\",\"@id\":\"https:\/\/mojstromcek.sk\/#website\",\"url\":\"https:\/\/mojstromcek.sk\/\",\"name\":\"Bo\u017ei\u010dnodrevo.si\",\"description\":\"Umetna Bo\u017ei\u010dna drevesa za edinstveno ceno!\",\"potentialAction\":[{\"@type\":\"SearchAction\",\"target\":{\"@type\":\"EntryPoint\",\"urlTemplate\":\"https:\/\/mojstromcek.sk\/?s={search_term_string}\"},\"query-input\":\"required name=search_term_string\"}],\"inLanguage\":\"sl-SI\"}]}<\/script>\n<!-- \/ Yoast SEO plugin. -->","yoast_head_json":{"title":"Tajga smreka 3D 180 cm - Bo\u017ei\u010dnodrevo.si","robots":{"index":"noindex","follow":"follow","max-snippet":"max-snippet:-1","max-image-preview":"max-image-preview:large","max-video-preview":"max-video-preview:-1"},"og_locale":"sl_SI","og_type":"article","og_title":"Tajga smreka 3D 180 cm - Bo\u017ei\u010dnodrevo.si","og_description":"\u010cudovito umetno bo\u017ei\u010dno drevo, izdelano v EU. Vrhunska kakovost. Natan\u010dno in kakovostno obdelane iglice zagotavljajo realisti\u010den videz in dolgo \u017eivljenjsko dobo.","og_url":"https:\/\/old2024.mujstromecek.cz\/sl\/p\/tajga-smreka-3d-180-cm\/","og_site_name":"Bo\u017ei\u010dnodrevo.si","article_modified_time":"2024-06-06T08:09:55+00:00","og_image":[{"width":640,"height":860,"url":"https:\/\/bozicnodrevo.si\/wp-content\/uploads\/2023\/08\/s1-2360.jpg","type":"image\/jpeg"}],"twitter_card":"summary_large_image","schema":{"@context":"https:\/\/schema.org","@graph":[{"@type":"WebPage","@id":"https:\/\/old2024.mujstromecek.cz\/sl\/p\/tajga-smreka-3d-180-cm\/","url":"https:\/\/old2024.mujstromecek.cz\/sl\/p\/tajga-smreka-3d-180-cm\/","name":"Tajga smreka 3D 180 cm - Bo\u017ei\u010dnodrevo.si","isPartOf":{"@id":"https:\/\/mojstromcek.sk\/#website"},"datePublished":"2023-09-28T12:47:45+00:00","dateModified":"2024-06-06T08:09:55+00:00","breadcrumb":{"@id":"https:\/\/old2024.mujstromecek.cz\/sl\/p\/tajga-smreka-3d-180-cm\/#breadcrumb"},"inLanguage":"sl-SI","potentialAction":[{"@type":"ReadAction","target":["https:\/\/old2024.mujstromecek.cz\/sl\/p\/tajga-smreka-3d-180-cm\/"]}]},{"@type":"BreadcrumbList","@id":"https:\/\/old2024.mujstromecek.cz\/sl\/p\/tajga-smreka-3d-180-cm\/#breadcrumb","itemListElement":[{"@type":"ListItem","position":1,"name":"Dom\u016f","item":"https:\/\/old2024.mujstromecek.cz\/sl\/"},{"@type":"ListItem","position":2,"name":"Shop","item":"https:\/\/bozicnodrevo.si\/shop\/"},{"@type":"ListItem","position":3,"name":"Tajga smreka 3D 180 cm"}]},{"@type":"WebSite","@id":"https:\/\/mojstromcek.sk\/#website","url":"https:\/\/mojstromcek.sk\/","name":"Bo\u017ei\u010dnodrevo.si","description":"Umetna Bo\u017ei\u010dna drevesa za edinstveno ceno!","potentialAction":[{"@type":"SearchAction","target":{"@type":"EntryPoint","urlTemplate":"https:\/\/mojstromcek.sk\/?s={search_term_string}"},"query-input":"required name=search_term_string"}],"inLanguage":"sl-SI"}]}},"_links":{"self":[{"href":"https:\/\/old2024.mujstromecek.cz\/sl\/wp-json\/wp\/v2\/product\/398887","targetHints":{"allow":["GET"]}}],"collection":[{"href":"https:\/\/old2024.mujstromecek.cz\/sl\/wp-json\/wp\/v2\/product"}],"about":[{"href":"https:\/\/old2024.mujstromecek.cz\/sl\/wp-json\/wp\/v2\/types\/product"}],"wp:featuredmedia":[{"embeddable":true,"href":"https:\/\/old2024.mujstromecek.cz\/sl\/wp-json\/wp\/v2\/media\/446951"}],"wp:attachment":[{"href":"https:\/\/old2024.mujstromecek.cz\/sl\/wp-json\/wp\/v2\/media?parent=398887"}],"wp:term":[{"taxonomy":"product_cat","embeddable":true,"href":"https:\/\/old2024.mujstromecek.cz\/sl\/wp-json\/wp\/v2\/product_cat?post=398887"},{"taxonomy":"product_tag","embeddable":true,"href":"https:\/\/old2024.mujstromecek.cz\/sl\/wp-json\/wp\/v2\/product_tag?post=398887"}],"curies":[{"name":"wp","href":"https:\/\/api.w.org\/{rel}","templated":true}]}}