{"id":396694,"date":"2023-08-30T17:56:56","date_gmt":"2023-09-28T12:38:33","guid":{"rendered":"https:\/\/mujstromecek.cz\/produkt\/california-smreka-100-180-cm\/"},"modified":"2023-10-29T19:47:18","modified_gmt":"2023-10-29T19:47:18","slug":"california-smreka-100-180-cm","status":"publish","type":"product","link":"https:\/\/old2024.mujstromecek.cz\/sl\/p\/california-smreka-100-180-cm\/","title":{"rendered":"California smreka 100 % 180 cm"},"content":{"rendered":"<h3><strong>Opis drevesa:<\/strong><\/h3>\n<p>California smreka 100 % 180 cm&nbsp;<strong>z naravnimi in zelo gostimi vejicami<\/strong>&nbsp;je popolna&nbsp;<strong>NOVOST<\/strong>. Na&scaron;e&nbsp;<strong>NAJBOLJ EKSKLUZIVNO<\/strong>&nbsp;bo\u017ei\u010dno drevo je&nbsp;<strong>100 % narejeno iz 3D igli\u010dja<\/strong>. Zaradi 3D igli\u010dja&nbsp;<strong>najvi&scaron;je kakovosti<\/strong>&nbsp;se ga&nbsp;<strong>preprosto ne d&aacute; lo\u010diti od pravega drevesa.&nbsp;<\/strong>Odli\u010dno se vklaplja v&nbsp;<strong>luksuzne<\/strong>&nbsp;in&nbsp;<strong>tradicionalne<\/strong>&nbsp;interierje.&nbsp;<strong>Za unikaten videz&nbsp;<\/strong>na&scaron;ih dreves iz&nbsp;<strong>najvi&scaron;je kolekcije DIAMOND&nbsp;<\/strong>skrbi na&scaron;a&nbsp;<strong>ekipa izku&scaron;enih oblikovalcev izdelkov<\/strong>.<\/p>\n<p>Bo\u017ei\u010dno drevo bo v va&scaron;em domu s svojim&nbsp;<strong>LUKSUZNIM VIDEZOM&nbsp;<\/strong><strong>pri\u010daralo<\/strong>&nbsp;tisto&nbsp;<strong>pravo bo\u017ei\u010dno vzdu&scaron;je<\/strong>. Lahko ga&nbsp;<strong>okrasite poljubno<\/strong>, po svojem okusu.<\/p>\n<p>Z drevesom boste od nas&nbsp;<strong>BREZPLA\u010cNO dobili trdno KOVINSKO STOJALO<\/strong>&nbsp;z gumijastimi no\u017eicami in&nbsp;<strong>trdna kartonska &scaron;katla&nbsp;<\/strong>za shranjevanje drevesa.<\/p>\n<h3><strong>Kako sestaviti California smreka<\/strong><\/h3>\n<p>Tako vsa na&scaron;a drevesa, je tudi to&nbsp;<strong>enostavno sestaviti<\/strong>&nbsp;in dalje z njim manipulirati. Sistem&nbsp;<strong>sestavljanja&nbsp;<\/strong>Snap Tree&trade; je&nbsp;<strong>VRHUNSKA RE&Scaron;ITEV<\/strong>, ki vam&nbsp;<strong>bo olaj&scaron;ala delo<\/strong>&nbsp;pri sestavljanju drevesa. V veji se nahaja sklep, ki, ko drevo postavite v stojalo, zagotovi, da se glavne veje samodejno razgrnejo pod dolo\u010denim kotom in potem je na vas&nbsp;<strong>le ureditev manj&scaron;&iacute;h vejic&nbsp;<\/strong>po svojem okusu.<\/p>\n<p>\u017delimo vam prijetne bo\u017ei\u010dne praznike!<\/p>\n","protected":false},"excerpt":{"rendered":"<p>California smreka 100 % 180 cm&nbsp;<strong>z naravnimi in zelo gostimi vejicami<\/strong>&nbsp;je popolna&nbsp;<strong>NOVOST<\/strong>. Na&scaron;e&nbsp;<strong>NAJBOLJ EKSKLUZIVNO<\/strong>&nbsp;bo\u017ei\u010dno drevo je&nbsp;<strong>100 % narejeno iz 3D igli\u010dja<\/strong>. Zaradi 3D igli\u010dja&nbsp;<strong>najvi&scaron;je kakovosti<\/strong>&nbsp;se ga&nbsp;<strong>preprosto ne d&aacute; lo\u010diti od pravega drevesa.&nbsp;<\/strong>Odli\u010dno se vklaplja v&nbsp;<strong>luksuzne<\/strong>&nbsp;in&nbsp;<strong>tradicionalne<\/strong>&nbsp;interierje.&nbsp;<strong>Za unikaten videz&nbsp;<\/strong>na&scaron;ih dreves iz&nbsp;<strong>najvi&scaron;je kolekcije DIAMOND&nbsp;<\/strong>skrbi na&scaron;a&nbsp;<strong>ekipa izku&scaron;enih oblikovalcev izdelkov<\/strong>.<\/p>\n","protected":false},"featured_media":442806,"template":"","meta":[],"product_cat":[3810],"product_tag":[3869,4238,4649,4222],"class_list":["post-396694","product","type-product","status-publish","has-post-thumbnail","hentry","product_cat-diamond-sl","product_tag-100-3d-pe-sl-2","product_tag-280-cm-sl","product_tag-doprava-zdarma-sl","product_tag-diamond-sl","pa_druh-smrk-sl","pa_jehlici-100-3d-diamond-sl","pa_krabice-35-40-120-sl","pa_pocet-rad-14-sl","pa_sirka-122-sl","pa_stojan-metalni-sl","pa_vaha-20-sl","pa_vetvicky-4175-sl","pa_vetvicky-celkem-4175-sl","pa_vetvicky-pe-pvc-4175-sl","pa_vlastnosti-nejoblibenejsi-sl","pa_vyska-180-sl","pa_vyska-od-zeme-22-sl"],"featured_image_urls":{"full":["https:\/\/old2024.mujstromecek.cz\/wp-content\/uploads\/2023\/08\/s1-2341.jpg",640,860,false],"thumbnail":["https:\/\/old2024.mujstromecek.cz\/wp-content\/uploads\/2023\/08\/s1-2341-150x150.jpg",150,150,true],"medium":["https:\/\/old2024.mujstromecek.cz\/wp-content\/uploads\/2023\/08\/s1-2341-223x300.jpg",223,300,true],"medium_large":["https:\/\/old2024.mujstromecek.cz\/wp-content\/uploads\/2023\/08\/s1-2341.jpg",640,860,false],"large":["https:\/\/old2024.mujstromecek.cz\/wp-content\/uploads\/2023\/08\/s1-2341.jpg",640,860,false],"1536x1536":["https:\/\/old2024.mujstromecek.cz\/wp-content\/uploads\/2023\/08\/s1-2341.jpg",640,860,false],"2048x2048":["https:\/\/old2024.mujstromecek.cz\/wp-content\/uploads\/2023\/08\/s1-2341.jpg",640,860,false],"woocommerce_thumbnail":["https:\/\/old2024.mujstromecek.cz\/wp-content\/uploads\/2023\/08\/s1-2341-300x403.jpg",300,403,true],"woocommerce_single":["https:\/\/old2024.mujstromecek.cz\/wp-content\/uploads\/2023\/08\/s1-2341-600x806.jpg",600,806,true],"woocommerce_gallery_thumbnail":["https:\/\/old2024.mujstromecek.cz\/wp-content\/uploads\/2023\/08\/s1-2341-100x100.jpg",100,100,true]},"post_excerpt_stackable":"<p>California smreka 100 % 180 cm&nbsp;<strong>z naravnimi in zelo gostimi vejicami<\/strong>&nbsp;je popolna&nbsp;<strong>NOVOST<\/strong>. Na&scaron;e&nbsp;<strong>NAJBOLJ EKSKLUZIVNO<\/strong>&nbsp;bo\u017ei\u010dno drevo je&nbsp;<strong>100 % narejeno iz 3D igli\u010dja<\/strong>. Zaradi 3D igli\u010dja&nbsp;<strong>najvi&scaron;je kakovosti<\/strong>&nbsp;se ga&nbsp;<strong>preprosto ne d&aacute; lo\u010diti od pravega drevesa.&nbsp;<\/strong>Odli\u010dno se vklaplja v&nbsp;<strong>luksuzne<\/strong>&nbsp;in&nbsp;<strong>tradicionalne<\/strong>&nbsp;interierje.&nbsp;<strong>Za unikaten videz&nbsp;<\/strong>na&scaron;ih dreves iz&nbsp;<strong>najvi&scaron;je kolekcije DIAMOND&nbsp;<\/strong>skrbi na&scaron;a&nbsp;<strong>ekipa izku&scaron;enih oblikovalcev izdelkov<\/strong>.<\/p>\n","category_list":"","author_info":{"name":"","url":""},"comments_num":"0 comments","featured_image_urls_v2":{"full":["https:\/\/old2024.mujstromecek.cz\/wp-content\/uploads\/2023\/08\/s1-2341.jpg",640,860,false],"thumbnail":["https:\/\/old2024.mujstromecek.cz\/wp-content\/uploads\/2023\/08\/s1-2341-150x150.jpg",150,150,true],"medium":["https:\/\/old2024.mujstromecek.cz\/wp-content\/uploads\/2023\/08\/s1-2341-223x300.jpg",223,300,true],"medium_large":["https:\/\/old2024.mujstromecek.cz\/wp-content\/uploads\/2023\/08\/s1-2341.jpg",640,860,false],"large":["https:\/\/old2024.mujstromecek.cz\/wp-content\/uploads\/2023\/08\/s1-2341.jpg",640,860,false],"1536x1536":["https:\/\/old2024.mujstromecek.cz\/wp-content\/uploads\/2023\/08\/s1-2341.jpg",640,860,false],"2048x2048":["https:\/\/old2024.mujstromecek.cz\/wp-content\/uploads\/2023\/08\/s1-2341.jpg",640,860,false],"woocommerce_thumbnail":["https:\/\/old2024.mujstromecek.cz\/wp-content\/uploads\/2023\/08\/s1-2341-300x403.jpg",300,403,true],"woocommerce_single":["https:\/\/old2024.mujstromecek.cz\/wp-content\/uploads\/2023\/08\/s1-2341-600x806.jpg",600,806,true],"woocommerce_gallery_thumbnail":["https:\/\/old2024.mujstromecek.cz\/wp-content\/uploads\/2023\/08\/s1-2341-100x100.jpg",100,100,true]},"post_excerpt_stackable_v2":"<p>California smreka 100 % 180 cm&nbsp;<strong>z naravnimi in zelo gostimi vejicami<\/strong>&nbsp;je popolna&nbsp;<strong>NOVOST<\/strong>. Na&scaron;e&nbsp;<strong>NAJBOLJ EKSKLUZIVNO<\/strong>&nbsp;bo\u017ei\u010dno drevo je&nbsp;<strong>100 % narejeno iz 3D igli\u010dja<\/strong>. Zaradi 3D igli\u010dja&nbsp;<strong>najvi&scaron;je kakovosti<\/strong>&nbsp;se ga&nbsp;<strong>preprosto ne d&aacute; lo\u010diti od pravega drevesa.&nbsp;<\/strong>Odli\u010dno se vklaplja v&nbsp;<strong>luksuzne<\/strong>&nbsp;in&nbsp;<strong>tradicionalne<\/strong>&nbsp;interierje.&nbsp;<strong>Za unikaten videz&nbsp;<\/strong>na&scaron;ih dreves iz&nbsp;<strong>najvi&scaron;je kolekcije DIAMOND&nbsp;<\/strong>skrbi na&scaron;a&nbsp;<strong>ekipa izku&scaron;enih oblikovalcev izdelkov<\/strong>.<\/p>\n","category_list_v2":"","author_info_v2":{"name":"","url":""},"comments_num_v2":"0 comments","yoast_head":"<!-- This site is optimized with the Yoast SEO plugin v21.1 - https:\/\/yoast.com\/wordpress\/plugins\/seo\/ -->\n<title>California smreka 100 % 180 cm - Bo\u017ei\u010dnodrevo.si<\/title>\n<meta name=\"robots\" content=\"noindex, follow, max-snippet:-1, max-image-preview:large, max-video-preview:-1\" \/>\n<meta property=\"og:locale\" content=\"sl_SI\" \/>\n<meta property=\"og:type\" content=\"article\" \/>\n<meta property=\"og:title\" content=\"California smreka 100 % 180 cm - Bo\u017ei\u010dnodrevo.si\" \/>\n<meta property=\"og:description\" content=\"California smreka 100 % 180 cm&nbsp;z naravnimi in zelo gostimi vejicami&nbsp;je popolna&nbsp;NOVOST. Na&scaron;e&nbsp;NAJBOLJ EKSKLUZIVNO&nbsp;bo\u017ei\u010dno drevo je&nbsp;100 % narejeno iz 3D igli\u010dja. Zaradi 3D igli\u010dja&nbsp;najvi&scaron;je kakovosti&nbsp;se ga&nbsp;preprosto ne d&aacute; lo\u010diti od pravega drevesa.&nbsp;Odli\u010dno se vklaplja v&nbsp;luksuzne&nbsp;in&nbsp;tradicionalne&nbsp;interierje.&nbsp;Za unikaten videz&nbsp;na&scaron;ih dreves iz&nbsp;najvi&scaron;je kolekcije DIAMOND&nbsp;skrbi na&scaron;a&nbsp;ekipa izku&scaron;enih oblikovalcev izdelkov.\" \/>\n<meta property=\"og:url\" content=\"https:\/\/old2024.mujstromecek.cz\/sl\/p\/california-smreka-100-180-cm\/\" \/>\n<meta property=\"og:site_name\" content=\"Bo\u017ei\u010dnodrevo.si\" \/>\n<meta property=\"article:modified_time\" content=\"2023-10-29T19:47:18+00:00\" \/>\n<meta property=\"og:image\" content=\"https:\/\/old2024.mujstromecek.cz\/wp-content\/uploads\/2023\/08\/s1-2341.jpg\" \/>\n\t<meta property=\"og:image:width\" content=\"640\" \/>\n\t<meta property=\"og:image:height\" content=\"860\" \/>\n\t<meta property=\"og:image:type\" content=\"image\/jpeg\" \/>\n<meta name=\"twitter:card\" content=\"summary_large_image\" \/>\n<meta name=\"twitter:label1\" content=\"Est. reading time\" \/>\n\t<meta name=\"twitter:data1\" content=\"1 minuta\" \/>\n<script type=\"application\/ld+json\" class=\"yoast-schema-graph\">{\"@context\":\"https:\/\/schema.org\",\"@graph\":[{\"@type\":\"WebPage\",\"@id\":\"https:\/\/old2024.mujstromecek.cz\/sl\/p\/california-smreka-100-180-cm\/\",\"url\":\"https:\/\/old2024.mujstromecek.cz\/sl\/p\/california-smreka-100-180-cm\/\",\"name\":\"California smreka 100 % 180 cm - Bo\u017ei\u010dnodrevo.si\",\"isPartOf\":{\"@id\":\"https:\/\/mojstromcek.sk\/#website\"},\"datePublished\":\"2023-09-28T12:38:33+00:00\",\"dateModified\":\"2023-10-29T19:47:18+00:00\",\"breadcrumb\":{\"@id\":\"https:\/\/old2024.mujstromecek.cz\/sl\/p\/california-smreka-100-180-cm\/#breadcrumb\"},\"inLanguage\":\"sl-SI\",\"potentialAction\":[{\"@type\":\"ReadAction\",\"target\":[\"https:\/\/old2024.mujstromecek.cz\/sl\/p\/california-smreka-100-180-cm\/\"]}]},{\"@type\":\"BreadcrumbList\",\"@id\":\"https:\/\/old2024.mujstromecek.cz\/sl\/p\/california-smreka-100-180-cm\/#breadcrumb\",\"itemListElement\":[{\"@type\":\"ListItem\",\"position\":1,\"name\":\"Dom\u016f\",\"item\":\"https:\/\/old2024.mujstromecek.cz\/sl\/\"},{\"@type\":\"ListItem\",\"position\":2,\"name\":\"Shop\",\"item\":\"https:\/\/bozicnodrevo.si\/shop\/\"},{\"@type\":\"ListItem\",\"position\":3,\"name\":\"California smreka 100 % 180 cm\"}]},{\"@type\":\"WebSite\",\"@id\":\"https:\/\/mojstromcek.sk\/#website\",\"url\":\"https:\/\/mojstromcek.sk\/\",\"name\":\"Bo\u017ei\u010dnodrevo.si\",\"description\":\"Umetna Bo\u017ei\u010dna drevesa za edinstveno ceno!\",\"potentialAction\":[{\"@type\":\"SearchAction\",\"target\":{\"@type\":\"EntryPoint\",\"urlTemplate\":\"https:\/\/mojstromcek.sk\/?s={search_term_string}\"},\"query-input\":\"required name=search_term_string\"}],\"inLanguage\":\"sl-SI\"}]}<\/script>\n<!-- \/ Yoast SEO plugin. -->","yoast_head_json":{"title":"California smreka 100 % 180 cm - Bo\u017ei\u010dnodrevo.si","robots":{"index":"noindex","follow":"follow","max-snippet":"max-snippet:-1","max-image-preview":"max-image-preview:large","max-video-preview":"max-video-preview:-1"},"og_locale":"sl_SI","og_type":"article","og_title":"California smreka 100 % 180 cm - Bo\u017ei\u010dnodrevo.si","og_description":"California smreka 100 % 180 cm&nbsp;z naravnimi in zelo gostimi vejicami&nbsp;je popolna&nbsp;NOVOST. Na&scaron;e&nbsp;NAJBOLJ EKSKLUZIVNO&nbsp;bo\u017ei\u010dno drevo je&nbsp;100 % narejeno iz 3D igli\u010dja. Zaradi 3D igli\u010dja&nbsp;najvi&scaron;je kakovosti&nbsp;se ga&nbsp;preprosto ne d&aacute; lo\u010diti od pravega drevesa.&nbsp;Odli\u010dno se vklaplja v&nbsp;luksuzne&nbsp;in&nbsp;tradicionalne&nbsp;interierje.&nbsp;Za unikaten videz&nbsp;na&scaron;ih dreves iz&nbsp;najvi&scaron;je kolekcije DIAMOND&nbsp;skrbi na&scaron;a&nbsp;ekipa izku&scaron;enih oblikovalcev izdelkov.","og_url":"https:\/\/old2024.mujstromecek.cz\/sl\/p\/california-smreka-100-180-cm\/","og_site_name":"Bo\u017ei\u010dnodrevo.si","article_modified_time":"2023-10-29T19:47:18+00:00","og_image":[{"width":640,"height":860,"url":"https:\/\/old2024.mujstromecek.cz\/wp-content\/uploads\/2023\/08\/s1-2341.jpg","type":"image\/jpeg"}],"twitter_card":"summary_large_image","twitter_misc":{"Est. reading time":"1 minuta"},"schema":{"@context":"https:\/\/schema.org","@graph":[{"@type":"WebPage","@id":"https:\/\/old2024.mujstromecek.cz\/sl\/p\/california-smreka-100-180-cm\/","url":"https:\/\/old2024.mujstromecek.cz\/sl\/p\/california-smreka-100-180-cm\/","name":"California smreka 100 % 180 cm - Bo\u017ei\u010dnodrevo.si","isPartOf":{"@id":"https:\/\/mojstromcek.sk\/#website"},"datePublished":"2023-09-28T12:38:33+00:00","dateModified":"2023-10-29T19:47:18+00:00","breadcrumb":{"@id":"https:\/\/old2024.mujstromecek.cz\/sl\/p\/california-smreka-100-180-cm\/#breadcrumb"},"inLanguage":"sl-SI","potentialAction":[{"@type":"ReadAction","target":["https:\/\/old2024.mujstromecek.cz\/sl\/p\/california-smreka-100-180-cm\/"]}]},{"@type":"BreadcrumbList","@id":"https:\/\/old2024.mujstromecek.cz\/sl\/p\/california-smreka-100-180-cm\/#breadcrumb","itemListElement":[{"@type":"ListItem","position":1,"name":"Dom\u016f","item":"https:\/\/old2024.mujstromecek.cz\/sl\/"},{"@type":"ListItem","position":2,"name":"Shop","item":"https:\/\/bozicnodrevo.si\/shop\/"},{"@type":"ListItem","position":3,"name":"California smreka 100 % 180 cm"}]},{"@type":"WebSite","@id":"https:\/\/mojstromcek.sk\/#website","url":"https:\/\/mojstromcek.sk\/","name":"Bo\u017ei\u010dnodrevo.si","description":"Umetna Bo\u017ei\u010dna drevesa za edinstveno ceno!","potentialAction":[{"@type":"SearchAction","target":{"@type":"EntryPoint","urlTemplate":"https:\/\/mojstromcek.sk\/?s={search_term_string}"},"query-input":"required name=search_term_string"}],"inLanguage":"sl-SI"}]}},"_links":{"self":[{"href":"https:\/\/old2024.mujstromecek.cz\/sl\/wp-json\/wp\/v2\/product\/396694","targetHints":{"allow":["GET"]}}],"collection":[{"href":"https:\/\/old2024.mujstromecek.cz\/sl\/wp-json\/wp\/v2\/product"}],"about":[{"href":"https:\/\/old2024.mujstromecek.cz\/sl\/wp-json\/wp\/v2\/types\/product"}],"wp:featuredmedia":[{"embeddable":true,"href":"https:\/\/old2024.mujstromecek.cz\/sl\/wp-json\/wp\/v2\/media\/442806"}],"wp:attachment":[{"href":"https:\/\/old2024.mujstromecek.cz\/sl\/wp-json\/wp\/v2\/media?parent=396694"}],"wp:term":[{"taxonomy":"product_cat","embeddable":true,"href":"https:\/\/old2024.mujstromecek.cz\/sl\/wp-json\/wp\/v2\/product_cat?post=396694"},{"taxonomy":"product_tag","embeddable":true,"href":"https:\/\/old2024.mujstromecek.cz\/sl\/wp-json\/wp\/v2\/product_tag?post=396694"}],"curies":[{"name":"wp","href":"https:\/\/api.w.org\/{rel}","templated":true}]}}