{"id":395938,"date":"2023-08-30T17:55:19","date_gmt":"2023-09-28T12:35:53","guid":{"rendered":"https:\/\/mujstromecek.cz\/produkt\/skandinavska-smreka-100-180-cm\/"},"modified":"2023-09-28T12:36:12","modified_gmt":"2023-09-28T12:36:12","slug":"skandinavska-smreka-100-180-cm","status":"publish","type":"product","link":"https:\/\/old2024.mujstromecek.cz\/sl\/p\/skandinavska-smreka-100-180-cm\/","title":{"rendered":"Skandinavska smreka 100 % 180 cm"},"content":{"rendered":"<h3><strong>Opis drevesa:<\/strong><\/h3>\n<p>Skandinavska smreka 100 % 180 cm <strong>z naravnimi in zelo gostimi vejicami<\/strong> je popolna <strong>NOVOST<\/strong>. Na&scaron;e <strong>NAJBOLJ EKSKLUZIVNO<\/strong> bo\u017ei\u010dno drevo je <strong>100 % narejeno iz 3D igli\u010dja<\/strong>. Zaradi 3D igli\u010dja <strong>najvi&scaron;je kakovosti<\/strong> se ga <strong>preprosto ne d&aacute; lo\u010diti od pravega drevesa. <\/strong>Odli\u010dno se vklaplja v <strong>luksuzne<\/strong> in <strong>tradicionalne<\/strong> interierje. <strong>Za unikaten videz <\/strong>na&scaron;ih dreves iz <strong>najvi&scaron;je kolekcije DIAMOND <\/strong>skrbi na&scaron;a <strong>ekipa izku&scaron;enih oblikovalcev izdelkov<\/strong>.<\/p>\n<p>Bo\u017ei\u010dno drevo bo v va&scaron;em domu s svojim <strong>LUKSUZNIM VIDEZOM <\/strong><strong>pri\u010daralo<\/strong> tisto <strong>pravo bo\u017ei\u010dno vzdu&scaron;je<\/strong>. Lahko ga <strong>okrasite poljubno<\/strong>, po svojem okusu.<\/p>\n<p>Z drevesom boste od nas <strong>BREZPLA\u010cNO dobili trdno KOVINSKO STOJALO<\/strong> z gumijastimi no\u017eicami in <strong>trdna kartonska &scaron;katla <\/strong>za shranjevanje drevesa.<\/p>\n<h3><strong>Kako sestaviti Skandinavska smreka<\/strong><\/h3>\n<p>Tako vsa na&scaron;a drevesa, je tudi to <strong>enostavno sestaviti<\/strong> in dalje z njim manipulirati. Sistem <strong>sestavljanja <\/strong>Snap Tree&trade; je <strong>VRHUNSKA RE&Scaron;ITEV<\/strong>, ki vam <strong>bo olaj&scaron;ala delo<\/strong> pri sestavljanju drevesa. V veji se nahaja sklep, ki, ko drevo postavite v stojalo, zagotovi, da se glavne veje samodejno razgrnejo pod dolo\u010denim kotom in potem je na vas <strong>le ureditev manj&scaron;&iacute;h vejic <\/strong>po svojem okusu.<\/p>\n<p>\u017delimo vam prijetne bo\u017ei\u010dne praznike!<\/p>\n","protected":false},"excerpt":{"rendered":"<p>Skandinavska smreka 100 % 180 cm <strong>z naravnimi in zelo gostimi vejicami<\/strong> je popolna <strong>NOVOST<\/strong>. Na&scaron;e <strong>NAJBOLJ EKSKLUZIVNO<\/strong> bo\u017ei\u010dno drevo je <strong>100 % narejeno iz 3D igli\u010dja<\/strong>. Zaradi 3D igli\u010dja <strong>najvi&scaron;je kakovosti<\/strong> se ga <strong>preprosto ne d&aacute; lo\u010diti od pravega drevesa. <\/strong>Odli\u010dno se vklaplja v <strong>luksuzne<\/strong> in <strong>tradicionalne<\/strong> interierje. <strong>Za unikaten videz <\/strong>na&scaron;ih dreves iz <strong>najvi&scaron;je kolekcije DIAMOND <\/strong>skrbi na&scaron;a <strong>ekipa izku&scaron;enih oblikovalcev izdelkov<\/strong>.<\/p>\n","protected":false},"featured_media":441441,"template":"","meta":[],"product_cat":[3810],"product_tag":[3869,3900,4649,4222],"class_list":["post-395938","product","type-product","status-publish","has-post-thumbnail","hentry","product_cat-diamond-sl","product_tag-100-3d-pe-sl-2","product_tag-180-cm-sl","product_tag-doprava-zdarma-sl","product_tag-diamond-sl","pa_druh-smrk-sl","pa_jehlici-100-3d-diamond-sl","pa_krabice-30-30-110-sl-2","pa_pocet-rad-14-sl","pa_sirka-122-sl","pa_stojan-metalni-sl","pa_vaha-10-sl","pa_vetvicky-4680-sl","pa_vetvicky-celkem-4680-sl","pa_vetvicky-pe-pvc-4680-sl","pa_vlastnosti-nejoblibenejsi-sl","pa_vyska-180-sl","pa_vyska-od-zeme-22-sl"],"featured_image_urls":{"full":["https:\/\/old2024.mujstromecek.cz\/wp-content\/uploads\/2023\/08\/s1-2333.jpg",640,860,false],"thumbnail":["https:\/\/old2024.mujstromecek.cz\/wp-content\/uploads\/2023\/08\/s1-2333-150x150.jpg",150,150,true],"medium":["https:\/\/old2024.mujstromecek.cz\/wp-content\/uploads\/2023\/08\/s1-2333-223x300.jpg",223,300,true],"medium_large":["https:\/\/old2024.mujstromecek.cz\/wp-content\/uploads\/2023\/08\/s1-2333.jpg",640,860,false],"large":["https:\/\/old2024.mujstromecek.cz\/wp-content\/uploads\/2023\/08\/s1-2333.jpg",640,860,false],"1536x1536":["https:\/\/old2024.mujstromecek.cz\/wp-content\/uploads\/2023\/08\/s1-2333.jpg",640,860,false],"2048x2048":["https:\/\/old2024.mujstromecek.cz\/wp-content\/uploads\/2023\/08\/s1-2333.jpg",640,860,false],"woocommerce_thumbnail":["https:\/\/old2024.mujstromecek.cz\/wp-content\/uploads\/2023\/08\/s1-2333-300x403.jpg",300,403,true],"woocommerce_single":["https:\/\/old2024.mujstromecek.cz\/wp-content\/uploads\/2023\/08\/s1-2333-600x806.jpg",600,806,true],"woocommerce_gallery_thumbnail":["https:\/\/old2024.mujstromecek.cz\/wp-content\/uploads\/2023\/08\/s1-2333-100x100.jpg",100,100,true]},"post_excerpt_stackable":"<p>Skandinavska smreka 100 % 180 cm <strong>z naravnimi in zelo gostimi vejicami<\/strong> je popolna <strong>NOVOST<\/strong>. Na&scaron;e <strong>NAJBOLJ EKSKLUZIVNO<\/strong> bo\u017ei\u010dno drevo je <strong>100 % narejeno iz 3D igli\u010dja<\/strong>. Zaradi 3D igli\u010dja <strong>najvi&scaron;je kakovosti<\/strong> se ga <strong>preprosto ne d&aacute; lo\u010diti od pravega drevesa. <\/strong>Odli\u010dno se vklaplja v <strong>luksuzne<\/strong> in <strong>tradicionalne<\/strong> interierje. <strong>Za unikaten videz <\/strong>na&scaron;ih dreves iz <strong>najvi&scaron;je kolekcije DIAMOND <\/strong>skrbi na&scaron;a <strong>ekipa izku&scaron;enih oblikovalcev izdelkov<\/strong>.<\/p>\n","category_list":"","author_info":{"name":"","url":""},"comments_num":"0 comments","featured_image_urls_v2":{"full":["https:\/\/old2024.mujstromecek.cz\/wp-content\/uploads\/2023\/08\/s1-2333.jpg",640,860,false],"thumbnail":["https:\/\/old2024.mujstromecek.cz\/wp-content\/uploads\/2023\/08\/s1-2333-150x150.jpg",150,150,true],"medium":["https:\/\/old2024.mujstromecek.cz\/wp-content\/uploads\/2023\/08\/s1-2333-223x300.jpg",223,300,true],"medium_large":["https:\/\/old2024.mujstromecek.cz\/wp-content\/uploads\/2023\/08\/s1-2333.jpg",640,860,false],"large":["https:\/\/old2024.mujstromecek.cz\/wp-content\/uploads\/2023\/08\/s1-2333.jpg",640,860,false],"1536x1536":["https:\/\/old2024.mujstromecek.cz\/wp-content\/uploads\/2023\/08\/s1-2333.jpg",640,860,false],"2048x2048":["https:\/\/old2024.mujstromecek.cz\/wp-content\/uploads\/2023\/08\/s1-2333.jpg",640,860,false],"woocommerce_thumbnail":["https:\/\/old2024.mujstromecek.cz\/wp-content\/uploads\/2023\/08\/s1-2333-300x403.jpg",300,403,true],"woocommerce_single":["https:\/\/old2024.mujstromecek.cz\/wp-content\/uploads\/2023\/08\/s1-2333-600x806.jpg",600,806,true],"woocommerce_gallery_thumbnail":["https:\/\/old2024.mujstromecek.cz\/wp-content\/uploads\/2023\/08\/s1-2333-100x100.jpg",100,100,true]},"post_excerpt_stackable_v2":"<p>Skandinavska smreka 100 % 180 cm <strong>z naravnimi in zelo gostimi vejicami<\/strong> je popolna <strong>NOVOST<\/strong>. Na&scaron;e <strong>NAJBOLJ EKSKLUZIVNO<\/strong> bo\u017ei\u010dno drevo je <strong>100 % narejeno iz 3D igli\u010dja<\/strong>. Zaradi 3D igli\u010dja <strong>najvi&scaron;je kakovosti<\/strong> se ga <strong>preprosto ne d&aacute; lo\u010diti od pravega drevesa. <\/strong>Odli\u010dno se vklaplja v <strong>luksuzne<\/strong> in <strong>tradicionalne<\/strong> interierje. <strong>Za unikaten videz <\/strong>na&scaron;ih dreves iz <strong>najvi&scaron;je kolekcije DIAMOND <\/strong>skrbi na&scaron;a <strong>ekipa izku&scaron;enih oblikovalcev izdelkov<\/strong>.<\/p>\n","category_list_v2":"","author_info_v2":{"name":"","url":""},"comments_num_v2":"0 comments","yoast_head":"<!-- This site is optimized with the Yoast SEO plugin v21.1 - https:\/\/yoast.com\/wordpress\/plugins\/seo\/ -->\n<title>Skandinavska smreka 100 % 180 cm - Bo\u017ei\u010dnodrevo.si<\/title>\n<meta name=\"robots\" content=\"noindex, follow, max-snippet:-1, max-image-preview:large, max-video-preview:-1\" \/>\n<meta property=\"og:locale\" content=\"sl_SI\" \/>\n<meta property=\"og:type\" content=\"article\" \/>\n<meta property=\"og:title\" content=\"Skandinavska smreka 100 % 180 cm - Bo\u017ei\u010dnodrevo.si\" \/>\n<meta property=\"og:description\" content=\"Skandinavska smreka 100 % 180 cm z naravnimi in zelo gostimi vejicami je popolna NOVOST. Na&scaron;e NAJBOLJ EKSKLUZIVNO bo\u017ei\u010dno drevo je 100 % narejeno iz 3D igli\u010dja. Zaradi 3D igli\u010dja najvi&scaron;je kakovosti se ga preprosto ne d&aacute; lo\u010diti od pravega drevesa. Odli\u010dno se vklaplja v luksuzne in tradicionalne interierje. Za unikaten videz na&scaron;ih dreves iz najvi&scaron;je kolekcije DIAMOND skrbi na&scaron;a ekipa izku&scaron;enih oblikovalcev izdelkov.\" \/>\n<meta property=\"og:url\" content=\"https:\/\/old2024.mujstromecek.cz\/sl\/p\/skandinavska-smreka-100-180-cm\/\" \/>\n<meta property=\"og:site_name\" content=\"Bo\u017ei\u010dnodrevo.si\" \/>\n<meta property=\"article:modified_time\" content=\"2023-09-28T12:36:12+00:00\" \/>\n<meta property=\"og:image\" content=\"https:\/\/old2024.mujstromecek.cz\/wp-content\/uploads\/2023\/08\/s1-2333.jpg\" \/>\n\t<meta property=\"og:image:width\" content=\"640\" \/>\n\t<meta property=\"og:image:height\" content=\"860\" \/>\n\t<meta property=\"og:image:type\" content=\"image\/jpeg\" \/>\n<meta name=\"twitter:card\" content=\"summary_large_image\" \/>\n<meta name=\"twitter:label1\" content=\"Est. reading time\" \/>\n\t<meta name=\"twitter:data1\" content=\"1 minuta\" \/>\n<script type=\"application\/ld+json\" class=\"yoast-schema-graph\">{\"@context\":\"https:\/\/schema.org\",\"@graph\":[{\"@type\":\"WebPage\",\"@id\":\"https:\/\/old2024.mujstromecek.cz\/sl\/p\/skandinavska-smreka-100-180-cm\/\",\"url\":\"https:\/\/old2024.mujstromecek.cz\/sl\/p\/skandinavska-smreka-100-180-cm\/\",\"name\":\"Skandinavska smreka 100 % 180 cm - Bo\u017ei\u010dnodrevo.si\",\"isPartOf\":{\"@id\":\"https:\/\/mojstromcek.sk\/#website\"},\"datePublished\":\"2023-09-28T12:35:53+00:00\",\"dateModified\":\"2023-09-28T12:36:12+00:00\",\"breadcrumb\":{\"@id\":\"https:\/\/old2024.mujstromecek.cz\/sl\/p\/skandinavska-smreka-100-180-cm\/#breadcrumb\"},\"inLanguage\":\"sl-SI\",\"potentialAction\":[{\"@type\":\"ReadAction\",\"target\":[\"https:\/\/old2024.mujstromecek.cz\/sl\/p\/skandinavska-smreka-100-180-cm\/\"]}]},{\"@type\":\"BreadcrumbList\",\"@id\":\"https:\/\/old2024.mujstromecek.cz\/sl\/p\/skandinavska-smreka-100-180-cm\/#breadcrumb\",\"itemListElement\":[{\"@type\":\"ListItem\",\"position\":1,\"name\":\"Dom\u016f\",\"item\":\"https:\/\/old2024.mujstromecek.cz\/sl\/\"},{\"@type\":\"ListItem\",\"position\":2,\"name\":\"Shop\",\"item\":\"https:\/\/bozicnodrevo.si\/shop\/\"},{\"@type\":\"ListItem\",\"position\":3,\"name\":\"Skandinavska smreka 100 % 180 cm\"}]},{\"@type\":\"WebSite\",\"@id\":\"https:\/\/mojstromcek.sk\/#website\",\"url\":\"https:\/\/mojstromcek.sk\/\",\"name\":\"Bo\u017ei\u010dnodrevo.si\",\"description\":\"Umetna Bo\u017ei\u010dna drevesa za edinstveno ceno!\",\"potentialAction\":[{\"@type\":\"SearchAction\",\"target\":{\"@type\":\"EntryPoint\",\"urlTemplate\":\"https:\/\/mojstromcek.sk\/?s={search_term_string}\"},\"query-input\":\"required name=search_term_string\"}],\"inLanguage\":\"sl-SI\"}]}<\/script>\n<!-- \/ Yoast SEO plugin. -->","yoast_head_json":{"title":"Skandinavska smreka 100 % 180 cm - Bo\u017ei\u010dnodrevo.si","robots":{"index":"noindex","follow":"follow","max-snippet":"max-snippet:-1","max-image-preview":"max-image-preview:large","max-video-preview":"max-video-preview:-1"},"og_locale":"sl_SI","og_type":"article","og_title":"Skandinavska smreka 100 % 180 cm - Bo\u017ei\u010dnodrevo.si","og_description":"Skandinavska smreka 100 % 180 cm z naravnimi in zelo gostimi vejicami je popolna NOVOST. Na&scaron;e NAJBOLJ EKSKLUZIVNO bo\u017ei\u010dno drevo je 100 % narejeno iz 3D igli\u010dja. Zaradi 3D igli\u010dja najvi&scaron;je kakovosti se ga preprosto ne d&aacute; lo\u010diti od pravega drevesa. Odli\u010dno se vklaplja v luksuzne in tradicionalne interierje. Za unikaten videz na&scaron;ih dreves iz najvi&scaron;je kolekcije DIAMOND skrbi na&scaron;a ekipa izku&scaron;enih oblikovalcev izdelkov.","og_url":"https:\/\/old2024.mujstromecek.cz\/sl\/p\/skandinavska-smreka-100-180-cm\/","og_site_name":"Bo\u017ei\u010dnodrevo.si","article_modified_time":"2023-09-28T12:36:12+00:00","og_image":[{"width":640,"height":860,"url":"https:\/\/old2024.mujstromecek.cz\/wp-content\/uploads\/2023\/08\/s1-2333.jpg","type":"image\/jpeg"}],"twitter_card":"summary_large_image","twitter_misc":{"Est. reading time":"1 minuta"},"schema":{"@context":"https:\/\/schema.org","@graph":[{"@type":"WebPage","@id":"https:\/\/old2024.mujstromecek.cz\/sl\/p\/skandinavska-smreka-100-180-cm\/","url":"https:\/\/old2024.mujstromecek.cz\/sl\/p\/skandinavska-smreka-100-180-cm\/","name":"Skandinavska smreka 100 % 180 cm - Bo\u017ei\u010dnodrevo.si","isPartOf":{"@id":"https:\/\/mojstromcek.sk\/#website"},"datePublished":"2023-09-28T12:35:53+00:00","dateModified":"2023-09-28T12:36:12+00:00","breadcrumb":{"@id":"https:\/\/old2024.mujstromecek.cz\/sl\/p\/skandinavska-smreka-100-180-cm\/#breadcrumb"},"inLanguage":"sl-SI","potentialAction":[{"@type":"ReadAction","target":["https:\/\/old2024.mujstromecek.cz\/sl\/p\/skandinavska-smreka-100-180-cm\/"]}]},{"@type":"BreadcrumbList","@id":"https:\/\/old2024.mujstromecek.cz\/sl\/p\/skandinavska-smreka-100-180-cm\/#breadcrumb","itemListElement":[{"@type":"ListItem","position":1,"name":"Dom\u016f","item":"https:\/\/old2024.mujstromecek.cz\/sl\/"},{"@type":"ListItem","position":2,"name":"Shop","item":"https:\/\/bozicnodrevo.si\/shop\/"},{"@type":"ListItem","position":3,"name":"Skandinavska smreka 100 % 180 cm"}]},{"@type":"WebSite","@id":"https:\/\/mojstromcek.sk\/#website","url":"https:\/\/mojstromcek.sk\/","name":"Bo\u017ei\u010dnodrevo.si","description":"Umetna Bo\u017ei\u010dna drevesa za edinstveno ceno!","potentialAction":[{"@type":"SearchAction","target":{"@type":"EntryPoint","urlTemplate":"https:\/\/mojstromcek.sk\/?s={search_term_string}"},"query-input":"required name=search_term_string"}],"inLanguage":"sl-SI"}]}},"_links":{"self":[{"href":"https:\/\/old2024.mujstromecek.cz\/sl\/wp-json\/wp\/v2\/product\/395938","targetHints":{"allow":["GET"]}}],"collection":[{"href":"https:\/\/old2024.mujstromecek.cz\/sl\/wp-json\/wp\/v2\/product"}],"about":[{"href":"https:\/\/old2024.mujstromecek.cz\/sl\/wp-json\/wp\/v2\/types\/product"}],"wp:featuredmedia":[{"embeddable":true,"href":"https:\/\/old2024.mujstromecek.cz\/sl\/wp-json\/wp\/v2\/media\/441441"}],"wp:attachment":[{"href":"https:\/\/old2024.mujstromecek.cz\/sl\/wp-json\/wp\/v2\/media?parent=395938"}],"wp:term":[{"taxonomy":"product_cat","embeddable":true,"href":"https:\/\/old2024.mujstromecek.cz\/sl\/wp-json\/wp\/v2\/product_cat?post=395938"},{"taxonomy":"product_tag","embeddable":true,"href":"https:\/\/old2024.mujstromecek.cz\/sl\/wp-json\/wp\/v2\/product_tag?post=395938"}],"curies":[{"name":"wp","href":"https:\/\/api.w.org\/{rel}","templated":true}]}}