{"id":9860,"date":"2020-08-29T07:43:32","date_gmt":"2020-08-29T07:43:32","guid":{"rendered":"https:\/\/mujstromecek.cz\/zamenjava-blaga\/"},"modified":"2022-10-28T15:31:27","modified_gmt":"2022-10-28T15:31:27","slug":"zamenjava-blaga","status":"publish","type":"page","link":"https:\/\/old2024.mujstromecek.cz\/sl\/zamenjava-blaga\/","title":{"rendered":"Zamenjava blaga"},"content":{"rendered":"\n<h3 class=\"wp-block-heading\">Vam ne ustreza velikost bo\u017ei\u010dnega drevesa ali pa ga \u017eelite zamenjati za drugo vrsto?&#13;\n<\/h3>\n\n<p>Zamenjava poteka standardno po dolo\u010dbah \u010dlena 1829(1) civilnega zakonika. Zamenjava je torej mogo\u010da v 14 dneh od datuma prvega prevzema blaga.&#13;\n<\/p>\n\n<h3 class=\"wp-block-heading\">Navodila za zamenjavo<\/h3>\n\n<ol class=\"wp-block-list\"><li>Ustvarite novo naro\u010dilo z \u017eelenim drevesom, ki vam ga bomo takoj poslali.&#13;\n<\/li><li>Izpolnite spodnji spletni obrazec.<\/li><li>Po\u0161ljite nam prvotno drevo v nepo\u0161kodovani embala\u017ei in mi vam bomo izdali dobropis.&#13;\n<\/li><\/ol>\n<h3 class=\"wp-block-heading\">Naslov za po\u0161iljanje prvotnega drevesa:<\/h3>\n\n<ul class=\"wp-block-list\"><li>All4Customer, s.r.o.<\/li><li>Pohrani\u010dn\u00ed 25, 703 00 Ostrava<\/li><\/ul>\n<div style=\"height:20px\" aria-hidden=\"true\" class=\"wp-block-spacer\"><\/div>\n\n<p>Blago, ki ga \u017eelite vrniti, mora biti funkcionalno in ne sme kazati znakov uporabe. Mora biti videti enako, kot ob prejemu, vklju\u010dno z embala\u017enim materialom in dodatki. \u010ce je naro\u010dilo vsebovalo darilo, ga je treba vrniti tudi v nepo\u0161kodovanem stanju. V primeru, da blago ka\u017ee znake uporabe, ga bomo mi ali proizvajalec vrnili v prvotno stanje. To je pla\u010dljiva storitev, ki vam jo bomo od\u0161teli od kupne cene blaga ob poznej\u0161i izdaji dobropisa.&#13;\n<\/p>\n\n<div style=\"height:20px\" aria-hidden=\"true\" class=\"wp-block-spacer\"><\/div>\n\n\t\t<div data-elementor-type=\"section\" data-elementor-id=\"16625\" class=\"elementor elementor-16625 elementor-16614\" data-elementor-post-type=\"elementor_library\">\n\t\t\t\t\t<div class=\"elementor-section-wrap\">\n\t\t\t\t\t\t\t\t<section class=\"elementor-section elementor-top-section elementor-element elementor-element-4e1132b7 elementor-section-boxed elementor-section-height-default elementor-section-height-default\" data-id=\"4e1132b7\" data-element_type=\"section\">\n\t\t\t\t\t\t<div class=\"elementor-container elementor-column-gap-default\">\n\t\t\t\t\t\t\t<div class=\"elementor-row\">\n\t\t\t\t\t<div class=\"elementor-column elementor-col-100 elementor-top-column elementor-element elementor-element-5e6fd6d\" data-id=\"5e6fd6d\" data-element_type=\"column\">\n\t\t\t<div class=\"elementor-column-wrap elementor-element-populated\">\n\t\t\t\t\t\t\t<div class=\"elementor-widget-wrap\">\n\t\t\t\t\t\t<div class=\"elementor-element elementor-element-27237ffb elementor-button-align-stretch elementor-widget elementor-widget-form\" data-id=\"27237ffb\" data-element_type=\"widget\" data-settings=\"{&quot;step_next_label&quot;:&quot;Dal\\u0161\\u00ed&quot;,&quot;step_previous_label&quot;:&quot;Zp\\u011bt&quot;,&quot;step_type&quot;:&quot;text&quot;,&quot;button_width&quot;:&quot;100&quot;}\" data-widget_type=\"form.default\">\n\t\t\t\t<div class=\"elementor-widget-container\">\n\t\t\t\t\t<form class=\"elementor-form\" method=\"post\" name=\"Zamenjava blaga sl\">\n\t\t\t<input type=\"hidden\" name=\"post_id\" value=\"16625\"\/>\n\t\t\t<input type=\"hidden\" name=\"form_id\" value=\"27237ffb\"\/>\n\t\t\t<input type=\"hidden\" name=\"referer_title\" value=\"Bo\u017ei\u010dnodrevo.si\" \/>\n\n\t\t\t\n\t\t\t<div class=\"elementor-form-fields-wrapper elementor-labels-above\">\n\t\t\t\t\t\t\t\t<div class=\"elementor-field-type-html elementor-field-group elementor-column elementor-field-group-field_12262f6 elementor-col-100\">\n\t\t\t\t\t<p><span style=\"font-size: 24px\"><strong>1. Informacije o blagu<\/strong><\/span><\/p>\n\t\t\t\t<\/div>\n\t\t\t\t\t\t\t\t<div class=\"elementor-field-type-text elementor-field-group elementor-column elementor-field-group-c_objednavky elementor-col-50 elementor-field-required elementor-mark-required\">\n\t\t\t\t\t\t\t\t\t\t\t\t<label for=\"form-field-c_objednavky\" class=\"elementor-field-label\">\n\t\t\t\t\t\t\t\t\u0160tevilka naro\u010dila ali ra\u010duna\t\t\t\t\t\t\t<\/label>\n\t\t\t\t\t\t\t\t\t\t\t\t\t\t<input size=\"1\" type=\"text\" name=\"form_fields[c_objednavky]\" id=\"form-field-c_objednavky\" class=\"elementor-field elementor-size-md  elementor-field-textual\" required=\"required\" aria-required=\"true\">\n\t\t\t\t\t\t\t\t\t\t\t<\/div>\n\t\t\t\t\t\t\t\t<div class=\"elementor-field-type-text elementor-field-group elementor-column elementor-field-group-nazev_produktu elementor-col-50 elementor-field-required elementor-mark-required\">\n\t\t\t\t\t\t\t\t\t\t\t\t<label for=\"form-field-nazev_produktu\" class=\"elementor-field-label\">\n\t\t\t\t\t\t\t\tIme izdelka\t\t\t\t\t\t\t<\/label>\n\t\t\t\t\t\t\t\t\t\t\t\t\t\t<input size=\"1\" type=\"text\" name=\"form_fields[nazev_produktu]\" id=\"form-field-nazev_produktu\" class=\"elementor-field elementor-size-md  elementor-field-textual\" required=\"required\" aria-required=\"true\">\n\t\t\t\t\t\t\t\t\t\t\t<\/div>\n\t\t\t\t\t\t\t\t<div class=\"elementor-field-type-text elementor-field-group elementor-column elementor-field-group-field_15782a9 elementor-col-100\">\n\t\t\t\t\t\t\t\t\t\t\t\t<label for=\"form-field-field_15782a9\" class=\"elementor-field-label\">\n\t\t\t\t\t\t\t\t\u0160tevilka ban\u010dnega ra\u010duna v primeru dobropisa (v obliki IBAN-a)\t\t\t\t\t\t\t<\/label>\n\t\t\t\t\t\t\t\t\t\t\t\t\t\t<input size=\"1\" type=\"text\" name=\"form_fields[field_15782a9]\" id=\"form-field-field_15782a9\" class=\"elementor-field elementor-size-md  elementor-field-textual\">\n\t\t\t\t\t\t\t\t\t\t\t<\/div>\n\t\t\t\t\t\t\t\t<div class=\"elementor-field-type-upload elementor-field-group elementor-column elementor-field-group-field_8883b1e elementor-col-33\">\n\t\t\t\t\t\t\t\t\t\t\t\t<label for=\"form-field-field_8883b1e\" class=\"elementor-field-label\">\n\t\t\t\t\t\t\t\tFotografije 1\t\t\t\t\t\t\t<\/label>\n\t\t\t\t\t\t\t\t<input type=\"file\" name=\"form_fields[field_8883b1e]\" id=\"form-field-field_8883b1e\" class=\"elementor-field elementor-size-md  elementor-upload-field\" data-maxsize=\"2\" data-maxsize-message=\"This file exceeds the maximum allowed size.\">\n\n\t\t\t\t\t\t<\/div>\n\t\t\t\t\t\t\t\t<div class=\"elementor-field-type-upload elementor-field-group elementor-column elementor-field-group-field_f35fdc5 elementor-col-33\">\n\t\t\t\t\t\t\t\t\t\t\t\t<label for=\"form-field-field_f35fdc5\" class=\"elementor-field-label\">\n\t\t\t\t\t\t\t\tFotografije 2\t\t\t\t\t\t\t<\/label>\n\t\t\t\t\t\t\t\t<input type=\"file\" name=\"form_fields[field_f35fdc5]\" id=\"form-field-field_f35fdc5\" class=\"elementor-field elementor-size-md  elementor-upload-field\" data-maxsize=\"2\" data-maxsize-message=\"This file exceeds the maximum allowed size.\">\n\n\t\t\t\t\t\t<\/div>\n\t\t\t\t\t\t\t\t<div class=\"elementor-field-type-upload elementor-field-group elementor-column elementor-field-group-field_f1875f1 elementor-col-33\">\n\t\t\t\t\t\t\t\t\t\t\t\t<label for=\"form-field-field_f1875f1\" class=\"elementor-field-label\">\n\t\t\t\t\t\t\t\tFotografije 3\t\t\t\t\t\t\t<\/label>\n\t\t\t\t\t\t\t\t<input type=\"file\" name=\"form_fields[field_f1875f1]\" id=\"form-field-field_f1875f1\" class=\"elementor-field elementor-size-md  elementor-upload-field\" data-maxsize=\"2\" data-maxsize-message=\"This file exceeds the maximum allowed size.\">\n\n\t\t\t\t\t\t<\/div>\n\t\t\t\t\t\t\t\t<div class=\"elementor-field-type-html elementor-field-group elementor-column elementor-field-group-field_9166ca4 elementor-col-100\">\n\t\t\t\t\t<p><span style=\"font-size: 24px\"><strong>2. Informacije o stranki<\/strong><\/span><\/p>\n\t\t\t\t<\/div>\n\t\t\t\t\t\t\t\t<div class=\"elementor-field-type-text elementor-field-group elementor-column elementor-field-group-jmeno elementor-col-50 elementor-field-required elementor-mark-required\">\n\t\t\t\t\t\t\t\t\t\t\t\t<label for=\"form-field-jmeno\" class=\"elementor-field-label\">\n\t\t\t\t\t\t\t\tVa\u0161e ime in priimek\t\t\t\t\t\t\t<\/label>\n\t\t\t\t\t\t\t\t\t\t\t\t\t\t<input size=\"1\" type=\"text\" name=\"form_fields[jmeno]\" id=\"form-field-jmeno\" class=\"elementor-field elementor-size-md  elementor-field-textual\" required=\"required\" aria-required=\"true\">\n\t\t\t\t\t\t\t\t\t\t\t<\/div>\n\t\t\t\t\t\t\t\t<div class=\"elementor-field-type-text elementor-field-group elementor-column elementor-field-group-spolecnost elementor-col-50\">\n\t\t\t\t\t\t\t\t\t\t\t\t<label for=\"form-field-spolecnost\" class=\"elementor-field-label\">\n\t\t\t\t\t\t\t\tPodjetje\t\t\t\t\t\t\t<\/label>\n\t\t\t\t\t\t\t\t\t\t\t\t\t\t<input size=\"1\" type=\"text\" name=\"form_fields[spolecnost]\" id=\"form-field-spolecnost\" class=\"elementor-field elementor-size-md  elementor-field-textual\">\n\t\t\t\t\t\t\t\t\t\t\t<\/div>\n\t\t\t\t\t\t\t\t<div class=\"elementor-field-type-text elementor-field-group elementor-column elementor-field-group-adresa elementor-col-33 elementor-field-required elementor-mark-required\">\n\t\t\t\t\t\t\t\t\t\t\t\t<label for=\"form-field-adresa\" class=\"elementor-field-label\">\n\t\t\t\t\t\t\t\tUlica in hi\u0161na \u0161tevilka\t\t\t\t\t\t\t<\/label>\n\t\t\t\t\t\t\t\t\t\t\t\t\t\t<input size=\"1\" type=\"text\" name=\"form_fields[adresa]\" id=\"form-field-adresa\" class=\"elementor-field elementor-size-md  elementor-field-textual\" required=\"required\" aria-required=\"true\">\n\t\t\t\t\t\t\t\t\t\t\t<\/div>\n\t\t\t\t\t\t\t\t<div class=\"elementor-field-type-text elementor-field-group elementor-column elementor-field-group-mesto elementor-col-33 elementor-field-required elementor-mark-required\">\n\t\t\t\t\t\t\t\t\t\t\t\t<label for=\"form-field-mesto\" class=\"elementor-field-label\">\n\t\t\t\t\t\t\t\tMesto\t\t\t\t\t\t\t<\/label>\n\t\t\t\t\t\t\t\t\t\t\t\t\t\t<input size=\"1\" type=\"text\" name=\"form_fields[mesto]\" id=\"form-field-mesto\" class=\"elementor-field elementor-size-md  elementor-field-textual\" required=\"required\" aria-required=\"true\">\n\t\t\t\t\t\t\t\t\t\t\t<\/div>\n\t\t\t\t\t\t\t\t<div class=\"elementor-field-type-text elementor-field-group elementor-column elementor-field-group-psc elementor-col-33 elementor-field-required elementor-mark-required\">\n\t\t\t\t\t\t\t\t\t\t\t\t<label for=\"form-field-psc\" class=\"elementor-field-label\">\n\t\t\t\t\t\t\t\tPo\u0161tna \u0161tevilka\t\t\t\t\t\t\t<\/label>\n\t\t\t\t\t\t\t\t\t\t\t\t\t\t<input size=\"1\" type=\"text\" name=\"form_fields[psc]\" id=\"form-field-psc\" class=\"elementor-field elementor-size-md  elementor-field-textual\" required=\"required\" aria-required=\"true\">\n\t\t\t\t\t\t\t\t\t\t\t<\/div>\n\t\t\t\t\t\t\t\t<div class=\"elementor-field-type-text elementor-field-group elementor-column elementor-field-group-telefon elementor-col-50 elementor-field-required elementor-mark-required\">\n\t\t\t\t\t\t\t\t\t\t\t\t<label for=\"form-field-telefon\" class=\"elementor-field-label\">\n\t\t\t\t\t\t\t\tTelefonska \u0161tevilka\t\t\t\t\t\t\t<\/label>\n\t\t\t\t\t\t\t\t\t\t\t\t\t\t<input size=\"1\" type=\"text\" name=\"form_fields[telefon]\" id=\"form-field-telefon\" class=\"elementor-field elementor-size-md  elementor-field-textual\" required=\"required\" aria-required=\"true\">\n\t\t\t\t\t\t\t\t\t\t\t<\/div>\n\t\t\t\t\t\t\t\t<div class=\"elementor-field-type-email elementor-field-group elementor-column elementor-field-group-e_mail elementor-col-50 elementor-field-required elementor-mark-required\">\n\t\t\t\t\t\t\t\t\t\t\t\t<label for=\"form-field-e_mail\" class=\"elementor-field-label\">\n\t\t\t\t\t\t\t\tVa\u0161 e-naslov\t\t\t\t\t\t\t<\/label>\n\t\t\t\t\t\t\t\t\t\t\t\t\t\t<input size=\"1\" type=\"email\" name=\"form_fields[e_mail]\" id=\"form-field-e_mail\" class=\"elementor-field elementor-size-md  elementor-field-textual\" required=\"required\" aria-required=\"true\">\n\t\t\t\t\t\t\t\t\t\t\t<\/div>\n\t\t\t\t\t\t\t\t<div class=\"elementor-field-type-textarea elementor-field-group elementor-column elementor-field-group-poznamka elementor-col-100\">\n\t\t\t\t\t\t\t\t\t\t\t\t<label for=\"form-field-poznamka\" class=\"elementor-field-label\">\n\t\t\t\t\t\t\t\tPripombe\t\t\t\t\t\t\t<\/label>\n\t\t\t\t\t\t<textarea class=\"elementor-field-textual elementor-field  elementor-size-md\" name=\"form_fields[poznamka]\" id=\"form-field-poznamka\" rows=\"4\"><\/textarea>\t\t\t\t<\/div>\n\t\t\t\t\t\t\t\t<div class=\"elementor-field-type-text\">\n\t\t\t\t\t<input size=\"1\" type=\"text\" name=\"form_fields[field_27ab9cb]\" id=\"form-field-field_27ab9cb\" class=\"elementor-field elementor-size-md \" style=\"display:none !important;\">\t\t\t\t<\/div>\n\t\t\t\t\t\t\t\t<div class=\"elementor-field-group elementor-column elementor-field-type-submit elementor-col-100 e-form__buttons\">\n\t\t\t\t\t<button type=\"submit\" class=\"elementor-button elementor-size-md\">\n\t\t\t\t\t\t<span >\n\t\t\t\t\t\t\t\t\t\t\t\t\t\t\t<span class=\" elementor-button-icon\">\n\t\t\t\t\t\t\t\t\t\t\t\t\t\t\t\t\t\t\t\t\t\t\t\t\t\t<\/span>\n\t\t\t\t\t\t\t\t\t\t\t\t\t\t\t\t\t\t\t\t\t\t<span class=\"elementor-button-text\">Poslati obrazec<\/span>\n\t\t\t\t\t\t\t\t\t\t\t\t\t<\/span>\n\t\t\t\t\t<\/button>\n\t\t\t\t<\/div>\n\t\t\t<\/div>\n\t\t<\/form>\n\t\t\t\t<\/div>\n\t\t\t\t<\/div>\n\t\t\t\t\t\t<\/div>\n\t\t\t\t\t<\/div>\n\t\t<\/div>\n\t\t\t\t\t\t\t\t<\/div>\n\t\t\t\t\t<\/div>\n\t\t<\/section>\n\t\t\t\t\t\t\t<\/div>\n\t\t\t\t<\/div>\n\t\t\n","protected":false},"excerpt":{"rendered":"<p>Vam ne ustreza velikost bo\u017ei\u010dnega drevesa ali pa ga \u017eelite zamenjati za drugo vrsto?&#13; Zamenjava poteka standardno po dolo\u010dbah \u010dlena 1829(1) civilnega zakonika. Zamenjava je torej mogo\u010da v 14 dneh od datuma prvega prevzema blaga.&#13; Navodila za zamenjavo Ustvarite novo naro\u010dilo z \u017eelenim drevesom, ki vam ga bomo takoj poslali.&#13; Izpolnite spodnji spletni obrazec. Po\u0161ljite [&hellip;]<\/p>\n","protected":false},"author":3,"featured_media":0,"parent":0,"menu_order":0,"comment_status":"closed","ping_status":"closed","template":"","meta":{"footnotes":""},"class_list":["post-9860","page","type-page","status-publish","hentry"],"featured_image_urls":{"full":"","thumbnail":"","medium":"","medium_large":"","large":"","1536x1536":"","2048x2048":"","woocommerce_thumbnail":"","woocommerce_single":"","woocommerce_gallery_thumbnail":""},"post_excerpt_stackable":"<p>Vam ne ustreza velikost bo\u017ei\u010dnega drevesa ali pa ga \u017eelite zamenjati za drugo vrsto?&#13; Zamenjava poteka standardno po dolo\u010dbah \u010dlena 1829(1) civilnega zakonika. Zamenjava je torej mogo\u010da v 14 dneh od datuma prvega prevzema blaga.&#13; Navodila za zamenjavo Ustvarite novo naro\u010dilo z \u017eelenim drevesom, ki vam ga bomo takoj poslali.&#13; Izpolnite spodnji spletni obrazec.Po\u0161ljite nam prvotno drevo v nepo\u0161kodovani embala\u017ei in mi vam bomo izdali dobropis.&#13; Naslov za po\u0161iljanje prvotnega drevesa: All4Customer, s.r.o.Pohrani\u010dn\u00ed 25, 703 00 Ostrava Blago, ki ga \u017eelite vrniti, mora biti funkcionalno in ne sme kazati znakov uporabe. Mora biti videti enako, kot ob prejemu, vklju\u010dno z&hellip;<\/p>\n","category_list":"","author_info":{"name":"Tomas Turon","url":"https:\/\/old2024.mujstromecek.cz\/sl\/author\/tomas\/"},"comments_num":"0 comments","featured_image_urls_v2":{"full":"","thumbnail":"","medium":"","medium_large":"","large":"","1536x1536":"","2048x2048":"","woocommerce_thumbnail":"","woocommerce_single":"","woocommerce_gallery_thumbnail":""},"post_excerpt_stackable_v2":"<p>Vam ne ustreza velikost bo\u017ei\u010dnega drevesa ali pa ga \u017eelite zamenjati za drugo vrsto?&#13; Zamenjava poteka standardno po dolo\u010dbah \u010dlena 1829(1) civilnega zakonika. Zamenjava je torej mogo\u010da v 14 dneh od datuma prvega prevzema blaga.&#13; Navodila za zamenjavo Ustvarite novo naro\u010dilo z \u017eelenim drevesom, ki vam ga bomo takoj poslali.&#13; Izpolnite spodnji spletni obrazec.Po\u0161ljite nam prvotno drevo v nepo\u0161kodovani embala\u017ei in mi vam bomo izdali dobropis.&#13; Naslov za po\u0161iljanje prvotnega drevesa: All4Customer, s.r.o.Pohrani\u010dn\u00ed 25, 703 00 Ostrava Blago, ki ga \u017eelite vrniti, mora biti funkcionalno in ne sme kazati znakov uporabe. Mora biti videti enako, kot ob prejemu, vklju\u010dno z&hellip;<\/p>\n","category_list_v2":"","author_info_v2":{"name":"Tomas Turon","url":"https:\/\/old2024.mujstromecek.cz\/sl\/author\/tomas\/"},"comments_num_v2":"0 comments","yoast_head":"<!-- This site is optimized with the Yoast SEO plugin v21.1 - https:\/\/yoast.com\/wordpress\/plugins\/seo\/ -->\n<title>Zamenjava blaga - Bo\u017ei\u010dnodrevo.si<\/title>\n<meta name=\"robots\" content=\"noindex, follow, max-snippet:-1, max-image-preview:large, max-video-preview:-1\" \/>\n<meta property=\"og:locale\" content=\"sl_SI\" \/>\n<meta property=\"og:type\" content=\"article\" \/>\n<meta property=\"og:title\" content=\"Zamenjava blaga - Bo\u017ei\u010dnodrevo.si\" \/>\n<meta property=\"og:description\" content=\"Vam ne ustreza velikost bo\u017ei\u010dnega drevesa ali pa ga \u017eelite zamenjati za drugo vrsto?&#013; Zamenjava poteka standardno po dolo\u010dbah \u010dlena 1829(1) civilnega zakonika. Zamenjava je torej mogo\u010da v 14 dneh od datuma prvega prevzema blaga.&#013; Navodila za zamenjavo Ustvarite novo naro\u010dilo z \u017eelenim drevesom, ki vam ga bomo takoj poslali.&#013; Izpolnite spodnji spletni obrazec. Po\u0161ljite [&hellip;]\" \/>\n<meta property=\"og:url\" content=\"https:\/\/old2024.mujstromecek.cz\/sl\/zamenjava-blaga\/\" \/>\n<meta property=\"og:site_name\" content=\"Bo\u017ei\u010dnodrevo.si\" \/>\n<meta property=\"article:modified_time\" content=\"2022-10-28T15:31:27+00:00\" \/>\n<meta name=\"twitter:card\" content=\"summary_large_image\" \/>\n<meta name=\"twitter:label1\" content=\"Est. reading time\" \/>\n\t<meta name=\"twitter:data1\" content=\"1 minuta\" \/>\n<script type=\"application\/ld+json\" class=\"yoast-schema-graph\">{\"@context\":\"https:\/\/schema.org\",\"@graph\":[{\"@type\":\"WebPage\",\"@id\":\"https:\/\/old2024.mujstromecek.cz\/sl\/zamenjava-blaga\/\",\"url\":\"https:\/\/old2024.mujstromecek.cz\/sl\/zamenjava-blaga\/\",\"name\":\"Zamenjava blaga - Bo\u017ei\u010dnodrevo.si\",\"isPartOf\":{\"@id\":\"https:\/\/mojstromcek.sk\/#website\"},\"datePublished\":\"2020-08-29T07:43:32+00:00\",\"dateModified\":\"2022-10-28T15:31:27+00:00\",\"breadcrumb\":{\"@id\":\"https:\/\/old2024.mujstromecek.cz\/sl\/zamenjava-blaga\/#breadcrumb\"},\"inLanguage\":\"sl-SI\",\"potentialAction\":[{\"@type\":\"ReadAction\",\"target\":[\"https:\/\/old2024.mujstromecek.cz\/sl\/zamenjava-blaga\/\"]}]},{\"@type\":\"BreadcrumbList\",\"@id\":\"https:\/\/old2024.mujstromecek.cz\/sl\/zamenjava-blaga\/#breadcrumb\",\"itemListElement\":[{\"@type\":\"ListItem\",\"position\":1,\"name\":\"Dom\u016f\",\"item\":\"https:\/\/old2024.mujstromecek.cz\/sl\/\"},{\"@type\":\"ListItem\",\"position\":2,\"name\":\"Zamenjava blaga\"}]},{\"@type\":\"WebSite\",\"@id\":\"https:\/\/mojstromcek.sk\/#website\",\"url\":\"https:\/\/mojstromcek.sk\/\",\"name\":\"Bo\u017ei\u010dnodrevo.si\",\"description\":\"Umetna Bo\u017ei\u010dna drevesa za edinstveno ceno!\",\"potentialAction\":[{\"@type\":\"SearchAction\",\"target\":{\"@type\":\"EntryPoint\",\"urlTemplate\":\"https:\/\/mojstromcek.sk\/?s={search_term_string}\"},\"query-input\":\"required name=search_term_string\"}],\"inLanguage\":\"sl-SI\"}]}<\/script>\n<!-- \/ Yoast SEO plugin. -->","yoast_head_json":{"title":"Zamenjava blaga - Bo\u017ei\u010dnodrevo.si","robots":{"index":"noindex","follow":"follow","max-snippet":"max-snippet:-1","max-image-preview":"max-image-preview:large","max-video-preview":"max-video-preview:-1"},"og_locale":"sl_SI","og_type":"article","og_title":"Zamenjava blaga - Bo\u017ei\u010dnodrevo.si","og_description":"Vam ne ustreza velikost bo\u017ei\u010dnega drevesa ali pa ga \u017eelite zamenjati za drugo vrsto?&#13; Zamenjava poteka standardno po dolo\u010dbah \u010dlena 1829(1) civilnega zakonika. Zamenjava je torej mogo\u010da v 14 dneh od datuma prvega prevzema blaga.&#13; Navodila za zamenjavo Ustvarite novo naro\u010dilo z \u017eelenim drevesom, ki vam ga bomo takoj poslali.&#13; Izpolnite spodnji spletni obrazec. Po\u0161ljite [&hellip;]","og_url":"https:\/\/old2024.mujstromecek.cz\/sl\/zamenjava-blaga\/","og_site_name":"Bo\u017ei\u010dnodrevo.si","article_modified_time":"2022-10-28T15:31:27+00:00","twitter_card":"summary_large_image","twitter_misc":{"Est. reading time":"1 minuta"},"schema":{"@context":"https:\/\/schema.org","@graph":[{"@type":"WebPage","@id":"https:\/\/old2024.mujstromecek.cz\/sl\/zamenjava-blaga\/","url":"https:\/\/old2024.mujstromecek.cz\/sl\/zamenjava-blaga\/","name":"Zamenjava blaga - Bo\u017ei\u010dnodrevo.si","isPartOf":{"@id":"https:\/\/mojstromcek.sk\/#website"},"datePublished":"2020-08-29T07:43:32+00:00","dateModified":"2022-10-28T15:31:27+00:00","breadcrumb":{"@id":"https:\/\/old2024.mujstromecek.cz\/sl\/zamenjava-blaga\/#breadcrumb"},"inLanguage":"sl-SI","potentialAction":[{"@type":"ReadAction","target":["https:\/\/old2024.mujstromecek.cz\/sl\/zamenjava-blaga\/"]}]},{"@type":"BreadcrumbList","@id":"https:\/\/old2024.mujstromecek.cz\/sl\/zamenjava-blaga\/#breadcrumb","itemListElement":[{"@type":"ListItem","position":1,"name":"Dom\u016f","item":"https:\/\/old2024.mujstromecek.cz\/sl\/"},{"@type":"ListItem","position":2,"name":"Zamenjava blaga"}]},{"@type":"WebSite","@id":"https:\/\/mojstromcek.sk\/#website","url":"https:\/\/mojstromcek.sk\/","name":"Bo\u017ei\u010dnodrevo.si","description":"Umetna Bo\u017ei\u010dna drevesa za edinstveno ceno!","potentialAction":[{"@type":"SearchAction","target":{"@type":"EntryPoint","urlTemplate":"https:\/\/mojstromcek.sk\/?s={search_term_string}"},"query-input":"required name=search_term_string"}],"inLanguage":"sl-SI"}]}},"_links":{"self":[{"href":"https:\/\/old2024.mujstromecek.cz\/sl\/wp-json\/wp\/v2\/pages\/9860","targetHints":{"allow":["GET"]}}],"collection":[{"href":"https:\/\/old2024.mujstromecek.cz\/sl\/wp-json\/wp\/v2\/pages"}],"about":[{"href":"https:\/\/old2024.mujstromecek.cz\/sl\/wp-json\/wp\/v2\/types\/page"}],"author":[{"embeddable":true,"href":"https:\/\/old2024.mujstromecek.cz\/sl\/wp-json\/wp\/v2\/users\/3"}],"replies":[{"embeddable":true,"href":"https:\/\/old2024.mujstromecek.cz\/sl\/wp-json\/wp\/v2\/comments?post=9860"}],"version-history":[{"count":1,"href":"https:\/\/old2024.mujstromecek.cz\/sl\/wp-json\/wp\/v2\/pages\/9860\/revisions"}],"predecessor-version":[{"id":206236,"href":"https:\/\/old2024.mujstromecek.cz\/sl\/wp-json\/wp\/v2\/pages\/9860\/revisions\/206236"}],"wp:attachment":[{"href":"https:\/\/old2024.mujstromecek.cz\/sl\/wp-json\/wp\/v2\/media?parent=9860"}],"curies":[{"name":"wp","href":"https:\/\/api.w.org\/{rel}","templated":true}]}}