{"id":8208,"date":"2020-07-16T17:31:02","date_gmt":"2020-07-16T17:31:02","guid":{"rendered":"https:\/\/mujstromecek.cz\/kontakt\/"},"modified":"2023-09-29T10:20:49","modified_gmt":"2023-09-29T10:20:49","slug":"kontakt","status":"publish","type":"page","link":"https:\/\/old2024.mujstromecek.cz\/sl\/kontakt\/","title":{"rendered":"Kontakt"},"content":{"rendered":"\n<p><\/p>\n\n\n\n<div class=\"wp-block-group\"><div class=\"wp-block-group__inner-container is-layout-flow wp-block-group-is-layout-flow\">\n<div class=\"wp-block-group\"><div class=\"wp-block-group__inner-container is-layout-flow wp-block-group-is-layout-flow\">\n<h2 class=\"p1\">PODPORA ZA STRANKE<\/h2>\n<p class=\"p1\">Na\u0161im strankam ponujamo\u00a0<b>\u0161iroko paleto spremljajo\u010dih storitev<\/b>, zaradi katerih je\u00a0<b>nakup zelo hiter\u00a0<\/b>in\u00a0<b>enostaven<\/b>.<\/p>\n<h3 class=\"p1\">Imate vpra\u0161anje?<br \/>Poi\u0161\u010dimo odgovor nanj<\/h3>\n<ul>\n<li class=\"li1\"><span class=\"s1\">PREBERITE\u00a0<\/span><b>POGOSTO ZASTAVLJENA VPRA\u0160ANJA<\/b><span class=\"s1\">\u00a0NA\u0160IH STRANK<\/span><\/li>\n<\/ul>\n<h3 class=\"p1\"><strong>Niste na\u0161li odgovora?<\/strong><\/h3>\n<p class=\"p1\">Z nami lahko neprestano komunicirate prek:<\/p>\n<ul>\n<li><span class=\"s1\">e-po\u0161te:\u00a0<\/span><a href=\"mailto:info@bozicnodrevo.si\"><b>info@bozicnodrevo.si<\/b><\/a><\/li>\n<li>spletnega klepeta: spodaj desno<\/li>\n<li>telefonske \u0161tevilke: <a href=\"tel:0038618285728\">+38618285728<\/a> (08:00 \u2013 16:00)<\/li>\n<li style=\"list-style-type: none;\">\u00a0<\/li>\n<\/ul>\n<\/div><\/div>\n\n\n\n<div class=\"wp-block-columns is-layout-flex wp-container-core-columns-is-layout-9d6595d7 wp-block-columns-is-layout-flex\">\n<div class=\"wp-block-column is-layout-flow wp-block-column-is-layout-flow\">\n<h2 class=\"wp-block-heading\">Podatki, potrebni za izvedbo pla\u010dila \u2028<\/h2>\n\n\n\n<p>All4Customer, s.r.o.<br \/>I\u010c: 01824651<br \/>DI\u010c: CZ01824651<br \/>Hladnovsk\u00e1 1255\/23<br \/>710 00, Ostrava<\/p>\n<\/div>\n\n\n\n<div class=\"wp-block-column is-layout-flow wp-block-column-is-layout-flow\">\n<h2 class=\"wp-block-heading\">Veleprodaja<\/h2>\n\n\n\n<p>Tomas Turon<br \/><a href=\"mailto:office@allforcustomer.com\"><b>office@allforcustomer.com<\/b><\/a><\/p>\n<\/div>\n\n\n\n<div class=\"wp-block-column is-layout-flow wp-block-column-is-layout-flow\">\n<h2 class=\"wp-block-heading\">Drugi stiki<\/h2>\n\n\n\n<p>Karel Vlcek (Marketing)<br \/><span class=\"s1\"><a href=\"mailto:info@bozicnodrevo.si\"><b>info@bozicnodrevo.si<\/b><\/a><\/span><\/p>\n\n\n\n<p>Pavel Onderka (Proizvodnja in Skladi\u0161\u010de)<br \/><span class=\"s1\"><a href=\"mailto:info@bozicnodrevo.si\"><b>info@bozicnodrevo.si<\/b><\/a><\/span><\/p>\n<\/div>\n<\/div>\n\n\n\n<div class=\"wp-block-ugb-columns ugb-columns ugb-9b406b3 ugb-columns--design-plain ugb-columns--columns-2 ugb-main-block\"><div class=\"ugb-inner-block\"><div class=\"ugb-block-content\"><div class=\"ugb-columns__item ugb-9b406b3-content-wrapper\">\n<div class=\"wp-block-ugb-column ugb-column ugb-4c17d18 ugb-column--design-plain ugb-main-block\"><div class=\"ugb-inner-block\"><div class=\"ugb-block-content\"><div class=\"ugb-column__item ugb-4c17d18-column-wrapper\"><div class=\"ugb-column__content-wrapper\"><div class=\"wp-block-image\">\n<figure class=\"alignleft size-large\"><img decoding=\"async\" width=\"1024\" height=\"768\" src=\"https:\/\/old2024.mujstromecek.cz\/wp-content\/uploads\/2020\/06\/showroom-1024x768.jpeg\" alt=\"\" class=\"wp-image-6256\" srcset=\"https:\/\/old2024.mujstromecek.cz\/wp-content\/uploads\/2020\/06\/showroom-1024x768.jpeg 1024w, https:\/\/old2024.mujstromecek.cz\/wp-content\/uploads\/2020\/06\/showroom-300x225.jpeg 300w, https:\/\/old2024.mujstromecek.cz\/wp-content\/uploads\/2020\/06\/showroom-768x576.jpeg 768w, https:\/\/old2024.mujstromecek.cz\/wp-content\/uploads\/2020\/06\/showroom-1536x1152.jpeg 1536w, https:\/\/old2024.mujstromecek.cz\/wp-content\/uploads\/2020\/06\/showroom-600x450.jpeg 600w, https:\/\/old2024.mujstromecek.cz\/wp-content\/uploads\/2020\/06\/showroom.jpeg 1600w\" sizes=\"(max-width: 1024px) 100vw, 1024px\" \/><\/figure>\n<\/div><\/div><\/div><\/div><\/div><\/div>\n\n\n\n<div class=\"wp-block-ugb-column ugb-column ugb-2467e76 ugb-column--design-plain ugb-main-block\"><div class=\"ugb-inner-block\"><div class=\"ugb-block-content\"><div class=\"ugb-column__item ugb-2467e76-column-wrapper\"><div class=\"ugb-column__content-wrapper\">\n<p><iframe style=\"border: 0;\" tabindex=\"0\" src=\"https:\/\/www.google.com\/maps\/embed?pb=!1m14!1m8!1m3!1d329326.0325305334!2d18.30526!3d49.845095!3m2!1i1024!2i768!4f13.1!3m3!1m2!1s0x4713e32a7ac60fa9%3A0xea9642a6fb882b28!2sHladnovsk%C3%A1%201255%2F23%2C%20710%2000%20Slezsk%C3%A1%20Ostrava%2C%20Czechia!5e0!3m2!1sen!2sus!4v1593526756270!5m2!1sen!2sus\" width=\"600\" height=\"450\" frameborder=\"0\" allowfullscreen=\"allowfullscreen\" aria-hidden=\"false\"><\/iframe><\/p>\n\n\n\n<p><\/p>\n<\/div><\/div><\/div><\/div><\/div>\n<\/div><\/div><\/div><\/div>\n\n\n\n<p><\/p>\n<\/div><\/div>\n\n\n","protected":false},"excerpt":{"rendered":"<p>PODPORA ZA STRANKE Na\u0161im strankam ponujamo\u00a0\u0161iroko paleto spremljajo\u010dih storitev, zaradi katerih je\u00a0nakup zelo hiter\u00a0in\u00a0enostaven. Imate vpra\u0161anje?Poi\u0161\u010dimo odgovor nanj PREBERITE\u00a0POGOSTO ZASTAVLJENA VPRA\u0160ANJA\u00a0NA\u0160IH STRANK Niste na\u0161li odgovora? Z nami lahko neprestano komunicirate prek: e-po\u0161te:\u00a0info@bozicnodrevo.si spletnega klepeta: spodaj desno telefonske \u0161tevilke: +38618285728 (08:00 \u2013 16:00) \u00a0 Podatki, potrebni za izvedbo pla\u010dila \u2028 All4Customer, s.r.o.I\u010c: 01824651DI\u010c: CZ01824651Hladnovsk\u00e1 1255\/23710 00, [&hellip;]<\/p>\n","protected":false},"author":2,"featured_media":0,"parent":0,"menu_order":0,"comment_status":"closed","ping_status":"closed","template":"","meta":{"footnotes":""},"class_list":["post-8208","page","type-page","status-publish","hentry"],"featured_image_urls":{"full":"","thumbnail":"","medium":"","medium_large":"","large":"","1536x1536":"","2048x2048":"","woocommerce_thumbnail":"","woocommerce_single":"","woocommerce_gallery_thumbnail":""},"post_excerpt_stackable":"<p>PODPORA ZA STRANKE Na\u0161im strankam ponujamo\u00a0\u0161iroko paleto spremljajo\u010dih storitev, zaradi katerih je\u00a0nakup zelo hiter\u00a0in\u00a0enostaven. Imate vpra\u0161anje?Poi\u0161\u010dimo odgovor nanj PREBERITE\u00a0POGOSTO ZASTAVLJENA VPRA\u0160ANJA\u00a0NA\u0160IH STRANK Niste na\u0161li odgovora? Z nami lahko neprestano komunicirate prek: e-po\u0161te:\u00a0info@bozicnodrevo.si spletnega klepeta: spodaj desno telefonske \u0161tevilke: +38618285728 (08:00 \u2013 16:00) \u00a0 Podatki, potrebni za izvedbo pla\u010dila \u2028 All4Customer, s.r.o.I\u010c: 01824651DI\u010c: CZ01824651Hladnovsk\u00e1 1255\/23710 00, Ostrava Veleprodaja Tomas Turonoffice@allforcustomer.com Drugi stiki Karel Vlcek (Marketing)info@bozicnodrevo.si Pavel Onderka (Proizvodnja in Skladi\u0161\u010de)info@bozicnodrevo.si<\/p>\n","category_list":"","author_info":{"name":"Jan Hanzl","url":"https:\/\/old2024.mujstromecek.cz\/sl\/author\/jan\/"},"comments_num":"0 comments","featured_image_urls_v2":{"full":"","thumbnail":"","medium":"","medium_large":"","large":"","1536x1536":"","2048x2048":"","woocommerce_thumbnail":"","woocommerce_single":"","woocommerce_gallery_thumbnail":""},"post_excerpt_stackable_v2":"<p>PODPORA ZA STRANKE Na\u0161im strankam ponujamo\u00a0\u0161iroko paleto spremljajo\u010dih storitev, zaradi katerih je\u00a0nakup zelo hiter\u00a0in\u00a0enostaven. Imate vpra\u0161anje?Poi\u0161\u010dimo odgovor nanj PREBERITE\u00a0POGOSTO ZASTAVLJENA VPRA\u0160ANJA\u00a0NA\u0160IH STRANK Niste na\u0161li odgovora? Z nami lahko neprestano komunicirate prek: e-po\u0161te:\u00a0info@bozicnodrevo.si spletnega klepeta: spodaj desno telefonske \u0161tevilke: +38618285728 (08:00 \u2013 16:00) \u00a0 Podatki, potrebni za izvedbo pla\u010dila \u2028 All4Customer, s.r.o.I\u010c: 01824651DI\u010c: CZ01824651Hladnovsk\u00e1 1255\/23710 00, Ostrava Veleprodaja Tomas Turonoffice@allforcustomer.com Drugi stiki Karel Vlcek (Marketing)info@bozicnodrevo.si Pavel Onderka (Proizvodnja in Skladi\u0161\u010de)info@bozicnodrevo.si<\/p>\n","category_list_v2":"","author_info_v2":{"name":"Jan Hanzl","url":"https:\/\/old2024.mujstromecek.cz\/sl\/author\/jan\/"},"comments_num_v2":"0 comments","yoast_head":"<!-- This site is optimized with the Yoast SEO plugin v21.1 - https:\/\/yoast.com\/wordpress\/plugins\/seo\/ -->\n<title>Kontakt - Bo\u017ei\u010dnodrevo.si<\/title>\n<meta name=\"robots\" content=\"noindex, follow, max-snippet:-1, max-image-preview:large, max-video-preview:-1\" \/>\n<meta property=\"og:locale\" content=\"sl_SI\" \/>\n<meta property=\"og:type\" content=\"article\" \/>\n<meta property=\"og:title\" content=\"Kontakt - Bo\u017ei\u010dnodrevo.si\" \/>\n<meta property=\"og:description\" content=\"PODPORA ZA STRANKE Na\u0161im strankam ponujamo\u00a0\u0161iroko paleto spremljajo\u010dih storitev, zaradi katerih je\u00a0nakup zelo hiter\u00a0in\u00a0enostaven. Imate vpra\u0161anje?Poi\u0161\u010dimo odgovor nanj PREBERITE\u00a0POGOSTO ZASTAVLJENA VPRA\u0160ANJA\u00a0NA\u0160IH STRANK Niste na\u0161li odgovora? Z nami lahko neprestano komunicirate prek: e-po\u0161te:\u00a0info@bozicnodrevo.si spletnega klepeta: spodaj desno telefonske \u0161tevilke: +38618285728 (08:00 \u2013 16:00) \u00a0 Podatki, potrebni za izvedbo pla\u010dila \u2028 All4Customer, s.r.o.I\u010c: 01824651DI\u010c: CZ01824651Hladnovsk\u00e1 1255\/23710 00, [&hellip;]\" \/>\n<meta property=\"og:url\" content=\"https:\/\/old2024.mujstromecek.cz\/sl\/kontakt\/\" \/>\n<meta property=\"og:site_name\" content=\"Bo\u017ei\u010dnodrevo.si\" \/>\n<meta property=\"article:modified_time\" content=\"2023-09-29T10:20:49+00:00\" \/>\n<meta property=\"og:image\" content=\"https:\/\/old2024.mujstromecek.cz\/wp-content\/uploads\/2020\/06\/showroom-1024x768.jpeg\" \/>\n<meta name=\"twitter:card\" content=\"summary_large_image\" \/>\n<meta name=\"twitter:label1\" content=\"Est. reading time\" \/>\n\t<meta name=\"twitter:data1\" content=\"1 minuta\" \/>\n<script type=\"application\/ld+json\" class=\"yoast-schema-graph\">{\"@context\":\"https:\/\/schema.org\",\"@graph\":[{\"@type\":\"WebPage\",\"@id\":\"https:\/\/old2024.mujstromecek.cz\/sl\/kontakt\/\",\"url\":\"https:\/\/old2024.mujstromecek.cz\/sl\/kontakt\/\",\"name\":\"Kontakt - Bo\u017ei\u010dnodrevo.si\",\"isPartOf\":{\"@id\":\"https:\/\/mojstromcek.sk\/#website\"},\"datePublished\":\"2020-07-16T17:31:02+00:00\",\"dateModified\":\"2023-09-29T10:20:49+00:00\",\"breadcrumb\":{\"@id\":\"https:\/\/old2024.mujstromecek.cz\/sl\/kontakt\/#breadcrumb\"},\"inLanguage\":\"sl-SI\",\"potentialAction\":[{\"@type\":\"ReadAction\",\"target\":[\"https:\/\/old2024.mujstromecek.cz\/sl\/kontakt\/\"]}]},{\"@type\":\"BreadcrumbList\",\"@id\":\"https:\/\/old2024.mujstromecek.cz\/sl\/kontakt\/#breadcrumb\",\"itemListElement\":[{\"@type\":\"ListItem\",\"position\":1,\"name\":\"Dom\u016f\",\"item\":\"https:\/\/old2024.mujstromecek.cz\/sl\/\"},{\"@type\":\"ListItem\",\"position\":2,\"name\":\"Kontakt\"}]},{\"@type\":\"WebSite\",\"@id\":\"https:\/\/mojstromcek.sk\/#website\",\"url\":\"https:\/\/mojstromcek.sk\/\",\"name\":\"Bo\u017ei\u010dnodrevo.si\",\"description\":\"Umetna Bo\u017ei\u010dna drevesa za edinstveno ceno!\",\"potentialAction\":[{\"@type\":\"SearchAction\",\"target\":{\"@type\":\"EntryPoint\",\"urlTemplate\":\"https:\/\/mojstromcek.sk\/?s={search_term_string}\"},\"query-input\":\"required name=search_term_string\"}],\"inLanguage\":\"sl-SI\"}]}<\/script>\n<!-- \/ Yoast SEO plugin. -->","yoast_head_json":{"title":"Kontakt - Bo\u017ei\u010dnodrevo.si","robots":{"index":"noindex","follow":"follow","max-snippet":"max-snippet:-1","max-image-preview":"max-image-preview:large","max-video-preview":"max-video-preview:-1"},"og_locale":"sl_SI","og_type":"article","og_title":"Kontakt - Bo\u017ei\u010dnodrevo.si","og_description":"PODPORA ZA STRANKE Na\u0161im strankam ponujamo\u00a0\u0161iroko paleto spremljajo\u010dih storitev, zaradi katerih je\u00a0nakup zelo hiter\u00a0in\u00a0enostaven. Imate vpra\u0161anje?Poi\u0161\u010dimo odgovor nanj PREBERITE\u00a0POGOSTO ZASTAVLJENA VPRA\u0160ANJA\u00a0NA\u0160IH STRANK Niste na\u0161li odgovora? Z nami lahko neprestano komunicirate prek: e-po\u0161te:\u00a0info@bozicnodrevo.si spletnega klepeta: spodaj desno telefonske \u0161tevilke: +38618285728 (08:00 \u2013 16:00) \u00a0 Podatki, potrebni za izvedbo pla\u010dila \u2028 All4Customer, s.r.o.I\u010c: 01824651DI\u010c: CZ01824651Hladnovsk\u00e1 1255\/23710 00, [&hellip;]","og_url":"https:\/\/old2024.mujstromecek.cz\/sl\/kontakt\/","og_site_name":"Bo\u017ei\u010dnodrevo.si","article_modified_time":"2023-09-29T10:20:49+00:00","og_image":[{"url":"https:\/\/old2024.mujstromecek.cz\/wp-content\/uploads\/2020\/06\/showroom-1024x768.jpeg"}],"twitter_card":"summary_large_image","twitter_misc":{"Est. reading time":"1 minuta"},"schema":{"@context":"https:\/\/schema.org","@graph":[{"@type":"WebPage","@id":"https:\/\/old2024.mujstromecek.cz\/sl\/kontakt\/","url":"https:\/\/old2024.mujstromecek.cz\/sl\/kontakt\/","name":"Kontakt - Bo\u017ei\u010dnodrevo.si","isPartOf":{"@id":"https:\/\/mojstromcek.sk\/#website"},"datePublished":"2020-07-16T17:31:02+00:00","dateModified":"2023-09-29T10:20:49+00:00","breadcrumb":{"@id":"https:\/\/old2024.mujstromecek.cz\/sl\/kontakt\/#breadcrumb"},"inLanguage":"sl-SI","potentialAction":[{"@type":"ReadAction","target":["https:\/\/old2024.mujstromecek.cz\/sl\/kontakt\/"]}]},{"@type":"BreadcrumbList","@id":"https:\/\/old2024.mujstromecek.cz\/sl\/kontakt\/#breadcrumb","itemListElement":[{"@type":"ListItem","position":1,"name":"Dom\u016f","item":"https:\/\/old2024.mujstromecek.cz\/sl\/"},{"@type":"ListItem","position":2,"name":"Kontakt"}]},{"@type":"WebSite","@id":"https:\/\/mojstromcek.sk\/#website","url":"https:\/\/mojstromcek.sk\/","name":"Bo\u017ei\u010dnodrevo.si","description":"Umetna Bo\u017ei\u010dna drevesa za edinstveno ceno!","potentialAction":[{"@type":"SearchAction","target":{"@type":"EntryPoint","urlTemplate":"https:\/\/mojstromcek.sk\/?s={search_term_string}"},"query-input":"required name=search_term_string"}],"inLanguage":"sl-SI"}]}},"_links":{"self":[{"href":"https:\/\/old2024.mujstromecek.cz\/sl\/wp-json\/wp\/v2\/pages\/8208","targetHints":{"allow":["GET"]}}],"collection":[{"href":"https:\/\/old2024.mujstromecek.cz\/sl\/wp-json\/wp\/v2\/pages"}],"about":[{"href":"https:\/\/old2024.mujstromecek.cz\/sl\/wp-json\/wp\/v2\/types\/page"}],"author":[{"embeddable":true,"href":"https:\/\/old2024.mujstromecek.cz\/sl\/wp-json\/wp\/v2\/users\/2"}],"replies":[{"embeddable":true,"href":"https:\/\/old2024.mujstromecek.cz\/sl\/wp-json\/wp\/v2\/comments?post=8208"}],"version-history":[{"count":3,"href":"https:\/\/old2024.mujstromecek.cz\/sl\/wp-json\/wp\/v2\/pages\/8208\/revisions"}],"predecessor-version":[{"id":595761,"href":"https:\/\/old2024.mujstromecek.cz\/sl\/wp-json\/wp\/v2\/pages\/8208\/revisions\/595761"}],"wp:attachment":[{"href":"https:\/\/old2024.mujstromecek.cz\/sl\/wp-json\/wp\/v2\/media?parent=8208"}],"curies":[{"name":"wp","href":"https:\/\/api.w.org\/{rel}","templated":true}]}}