{"id":8206,"date":"2020-07-16T17:29:58","date_gmt":"2020-07-16T17:29:58","guid":{"rendered":"https:\/\/mujstromecek.cz\/vse-o-nakupih\/"},"modified":"2021-08-10T13:09:31","modified_gmt":"2021-08-10T13:09:31","slug":"vse-o-nakupih","status":"publish","type":"page","link":"https:\/\/old2024.mujstromecek.cz\/sl\/vse-o-nakupih\/","title":{"rendered":"Vse o nakupih"},"content":{"rendered":"\t\t<div data-elementor-type=\"page\" data-elementor-id=\"92522\" class=\"elementor elementor-92522 elementor-17057\" data-elementor-post-type=\"elementor_library\">\n\t\t\t\t\t\t<div class=\"elementor-inner\">\n\t\t\t\t<div class=\"elementor-section-wrap\">\n\t\t\t\t\t\t\t\t\t<section class=\"elementor-section elementor-top-section elementor-element elementor-element-04db247 elementor-section-boxed elementor-section-height-default elementor-section-height-default\" data-id=\"04db247\" data-element_type=\"section\">\n\t\t\t\t\t\t<div class=\"elementor-container elementor-column-gap-default\">\n\t\t\t\t\t\t\t<div class=\"elementor-row\">\n\t\t\t\t\t<div class=\"elementor-column elementor-col-100 elementor-top-column elementor-element elementor-element-8d3c07e\" data-id=\"8d3c07e\" data-element_type=\"column\">\n\t\t\t<div class=\"elementor-column-wrap elementor-element-populated\">\n\t\t\t\t\t\t\t<div class=\"elementor-widget-wrap\">\n\t\t\t\t\t\t<div class=\"elementor-element elementor-element-854f821 elementor-icon-list--layout-traditional elementor-list-item-link-full_width elementor-widget elementor-widget-icon-list\" data-id=\"854f821\" data-element_type=\"widget\" data-widget_type=\"icon-list.default\">\n\t\t\t\t<div class=\"elementor-widget-container\">\n\t\t\t\t\t<ul class=\"elementor-icon-list-items\">\n\t\t\t\t\t\t\t<li class=\"elementor-icon-list-item\">\n\t\t\t\t\t\t\t\t\t\t\t<span class=\"elementor-icon-list-icon\">\n\t\t\t\t\t\t\t<svg xmlns=\"http:\/\/www.w3.org\/2000\/svg\" viewBox=\"0 0 23 22\"><defs><style>.a{fill:#d80001;}<\/style><\/defs><path class=\"a\" d=\"M12,23A11,11,0,0,1,12,1a10.7,10.7,0,0,1,4.52,1,1,1,0,1,1-.84,1.82A8.66,8.66,0,0,0,12,3a9,9,0,1,0,9,9v-.9a1,1,0,0,1,2,0V12A11,11,0,0,1,12,23Z\" transform=\"translate(-1 -1)\"><\/path><path class=\"a\" d=\"M12,15a1,1,0,0,1-.71-.29l-3-3a1,1,0,0,1,1.42-1.42L12,12.59,22.29,2.29a1,1,0,1,1,1.42,1.42l-11,11A1,1,0,0,1,12,15Z\" transform=\"translate(-1 -1)\"><\/path><\/svg>\t\t\t\t\t\t<\/span>\n\t\t\t\t\t\t\t\t\t\t<span class=\"elementor-icon-list-text\">Prednosti nakupa pri nas<\/span>\n\t\t\t\t\t\t\t\t\t<\/li>\n\t\t\t\t\t\t<\/ul>\n\t\t\t\t<\/div>\n\t\t\t\t<\/div>\n\t\t\t\t<div class=\"elementor-element elementor-element-de29c52 elementor-widget elementor-widget-image\" data-id=\"de29c52\" data-element_type=\"widget\" data-widget_type=\"image.default\">\n\t\t\t\t<div class=\"elementor-widget-container\">\n\t\t\t\t\t\t\t\t<div class=\"elementor-image\">\n\t\t\t\t\t\t\t\t\t\t\t\t<img decoding=\"async\" width=\"800\" height=\"220\" src=\"https:\/\/old2024.mujstromecek.cz\/wp-content\/uploads\/2021\/05\/vyhody-gb-croped-1024x281.jpg\" class=\"attachment-large size-large wp-image-17070\" alt=\"\" srcset=\"https:\/\/old2024.mujstromecek.cz\/wp-content\/uploads\/2021\/05\/vyhody-gb-croped-1024x281.jpg 1024w, https:\/\/old2024.mujstromecek.cz\/wp-content\/uploads\/2021\/05\/vyhody-gb-croped-300x82.jpg 300w, https:\/\/old2024.mujstromecek.cz\/wp-content\/uploads\/2021\/05\/vyhody-gb-croped-768x211.jpg 768w, https:\/\/old2024.mujstromecek.cz\/wp-content\/uploads\/2021\/05\/vyhody-gb-croped-600x165.jpg 600w, https:\/\/old2024.mujstromecek.cz\/wp-content\/uploads\/2021\/05\/vyhody-gb-croped.jpg 1049w\" sizes=\"(max-width: 800px) 100vw, 800px\" \/>\t\t\t\t\t\t\t\t\t\t\t\t\t\t<\/div>\n\t\t\t\t\t\t<\/div>\n\t\t\t\t<\/div>\n\t\t\t\t\t\t<\/div>\n\t\t\t\t\t<\/div>\n\t\t<\/div>\n\t\t\t\t\t\t\t\t<\/div>\n\t\t\t\t\t<\/div>\n\t\t<\/section>\n\t\t\t\t<section class=\"elementor-section elementor-top-section elementor-element elementor-element-28f26da elementor-section-boxed elementor-section-height-default elementor-section-height-default\" data-id=\"28f26da\" data-element_type=\"section\">\n\t\t\t\t\t\t<div class=\"elementor-container elementor-column-gap-default\">\n\t\t\t\t\t\t\t<div class=\"elementor-row\">\n\t\t\t\t\t<div class=\"elementor-column elementor-col-50 elementor-top-column elementor-element elementor-element-b1a9829\" data-id=\"b1a9829\" data-element_type=\"column\">\n\t\t\t<div class=\"elementor-column-wrap elementor-element-populated\">\n\t\t\t\t\t\t\t<div class=\"elementor-widget-wrap\">\n\t\t\t\t\t\t<div class=\"elementor-element elementor-element-9340861 elementor-icon-list--layout-traditional elementor-list-item-link-full_width elementor-widget elementor-widget-icon-list\" data-id=\"9340861\" data-element_type=\"widget\" data-widget_type=\"icon-list.default\">\n\t\t\t\t<div class=\"elementor-widget-container\">\n\t\t\t\t\t<ul class=\"elementor-icon-list-items\">\n\t\t\t\t\t\t\t<li class=\"elementor-icon-list-item\">\n\t\t\t\t\t\t\t\t\t\t\t<span class=\"elementor-icon-list-icon\">\n\t\t\t\t\t\t\t<svg xmlns=\"http:\/\/www.w3.org\/2000\/svg\" viewBox=\"0 0 22 22\"><defs><style>.a{fill:#d80001;}<\/style><\/defs><path class=\"a\" d=\"M12,23A11,11,0,1,1,23,12,11,11,0,0,1,12,23ZM12,3a9,9,0,1,0,9,9A9,9,0,0,0,12,3Z\" transform=\"translate(-1 -1)\"><\/path><path class=\"a\" d=\"M22,13H2a1,1,0,0,1,0-2H22a1,1,0,0,1,0,2Z\" transform=\"translate(-1 -1)\"><\/path><path class=\"a\" d=\"M12,23a1,1,0,0,1-.73-.32A16.26,16.26,0,0,1,7,12,16.29,16.29,0,0,1,11.27,1.32a1,1,0,0,1,1.46,0A16.26,16.26,0,0,1,17,12a16.29,16.29,0,0,1-4.27,10.71A1,1,0,0,1,12,23ZM12,3.54A14.35,14.35,0,0,0,9,12a14.29,14.29,0,0,0,3,8.43A14.35,14.35,0,0,0,15,12,14.29,14.29,0,0,0,12,3.54Z\" transform=\"translate(-1 -1)\"><\/path><\/svg>\t\t\t\t\t\t<\/span>\n\t\t\t\t\t\t\t\t\t\t<span class=\"elementor-icon-list-text\">Brezpla\u010dna dostava<\/span>\n\t\t\t\t\t\t\t\t\t<\/li>\n\t\t\t\t\t\t<\/ul>\n\t\t\t\t<\/div>\n\t\t\t\t<\/div>\n\t\t\t\t<div class=\"elementor-element elementor-element-e50b5a6 elementor-widget elementor-widget-text-editor\" data-id=\"e50b5a6\" data-element_type=\"widget\" data-widget_type=\"text-editor.default\">\n\t\t\t\t<div class=\"elementor-widget-container\">\n\t\t\t\t\t\t\t\t<div class=\"elementor-text-editor elementor-clearfix\">\n\t\t\t\t<p>Za vsa na\u0161a bo\u017ei\u010dna drevesa je dostava po vsej v Republiki Sloveniji do va\u0161ega doma brezpla\u010dna, tj. pla\u010date samo ceno drevesa, drugih pristojbin ne zara\u010dunamo. Drevo vam bo dostavljeno <strong>na enostaven na\u010din, udobno<\/strong> in <strong>brez napora na dom<\/strong>, in to <strong>vse<\/strong> <strong>popolnoma BREZPLA\u010cNO!<\/strong><\/p>\t\t\t\t\t<\/div>\n\t\t\t\t\t\t<\/div>\n\t\t\t\t<\/div>\n\t\t\t\t\t\t<\/div>\n\t\t\t\t\t<\/div>\n\t\t<\/div>\n\t\t\t\t<div class=\"elementor-column elementor-col-50 elementor-top-column elementor-element elementor-element-e7c2636\" data-id=\"e7c2636\" data-element_type=\"column\">\n\t\t\t<div class=\"elementor-column-wrap elementor-element-populated\">\n\t\t\t\t\t\t\t<div class=\"elementor-widget-wrap\">\n\t\t\t\t\t\t<div class=\"elementor-element elementor-element-7d635eb elementor-icon-list--layout-traditional elementor-list-item-link-full_width elementor-widget elementor-widget-icon-list\" data-id=\"7d635eb\" data-element_type=\"widget\" data-widget_type=\"icon-list.default\">\n\t\t\t\t<div class=\"elementor-widget-container\">\n\t\t\t\t\t<ul class=\"elementor-icon-list-items\">\n\t\t\t\t\t\t\t<li class=\"elementor-icon-list-item\">\n\t\t\t\t\t\t\t\t\t\t\t<span class=\"elementor-icon-list-icon\">\n\t\t\t\t\t\t\t<svg xmlns=\"http:\/\/www.w3.org\/2000\/svg\" viewBox=\"0 0 18 22\"><defs><style>.a{fill:#d80001;}<\/style><\/defs><path class=\"a\" d=\"M12,23a1,1,0,0,1-.45-.11C11.2,22.72,3,18.54,3,12V4a1,1,0,0,1,.76-1l8-2a1,1,0,0,1,.48,0l8,2A1,1,0,0,1,21,4v8c0,6.54-8.2,10.72-8.55,10.89A1,1,0,0,1,12,23ZM5,4.78V12c0,4.55,5.39,8,7,8.86,1.61-.91,7-4.32,7-8.86V4.78L12,3Z\" transform=\"translate(-3 -1)\"><\/path><\/svg>\t\t\t\t\t\t<\/span>\n\t\t\t\t\t\t\t\t\t\t<span class=\"elementor-icon-list-text\">ZAGOTOVLJENA DOSTAVA DO BO\u017dI\u010cA!<\/span>\n\t\t\t\t\t\t\t\t\t<\/li>\n\t\t\t\t\t\t<\/ul>\n\t\t\t\t<\/div>\n\t\t\t\t<\/div>\n\t\t\t\t<div class=\"elementor-element elementor-element-22cd101 elementor-widget elementor-widget-text-editor\" data-id=\"22cd101\" data-element_type=\"widget\" data-widget_type=\"text-editor.default\">\n\t\t\t\t<div class=\"elementor-widget-container\">\n\t\t\t\t\t\t\t\t<div class=\"elementor-text-editor elementor-clearfix\">\n\t\t\t\t<p><strong>\u010ce naro\u010dite do 17.12.2021, vam zagotavljamo, da bo drevo prispelo do bo\u017ei\u010da!<\/strong><\/p>\t\t\t\t\t<\/div>\n\t\t\t\t\t\t<\/div>\n\t\t\t\t<\/div>\n\t\t\t\t\t\t<\/div>\n\t\t\t\t\t<\/div>\n\t\t<\/div>\n\t\t\t\t\t\t\t\t<\/div>\n\t\t\t\t\t<\/div>\n\t\t<\/section>\n\t\t\t\t<section class=\"elementor-section elementor-top-section elementor-element elementor-element-c3835ef elementor-section-boxed elementor-section-height-default elementor-section-height-default\" data-id=\"c3835ef\" data-element_type=\"section\">\n\t\t\t\t\t\t<div class=\"elementor-container elementor-column-gap-default\">\n\t\t\t\t\t\t\t<div class=\"elementor-row\">\n\t\t\t\t\t<div class=\"elementor-column elementor-col-50 elementor-top-column elementor-element elementor-element-208f67d\" data-id=\"208f67d\" data-element_type=\"column\">\n\t\t\t<div class=\"elementor-column-wrap elementor-element-populated\">\n\t\t\t\t\t\t\t<div class=\"elementor-widget-wrap\">\n\t\t\t\t\t\t<div class=\"elementor-element elementor-element-8fe96cd elementor-icon-list--layout-traditional elementor-list-item-link-full_width elementor-widget elementor-widget-icon-list\" data-id=\"8fe96cd\" data-element_type=\"widget\" data-widget_type=\"icon-list.default\">\n\t\t\t\t<div class=\"elementor-widget-container\">\n\t\t\t\t\t<ul class=\"elementor-icon-list-items\">\n\t\t\t\t\t\t\t<li class=\"elementor-icon-list-item\">\n\t\t\t\t\t\t\t\t\t\t\t<span class=\"elementor-icon-list-icon\">\n\t\t\t\t\t\t\t<svg xmlns=\"http:\/\/www.w3.org\/2000\/svg\" viewBox=\"0 0 22 21\"><defs><style>.a{fill:#d80001;}<\/style><\/defs><path class=\"a\" d=\"M18.2,22a1.07,1.07,0,0,1-.46-.11l-5.74-3-5.74,3a1,1,0,0,1-1.45-1.06l1.11-6.38L1.31,10a1,1,0,0,1,.55-1.71l6.38-.92L11.1,1.56A1,1,0,0,1,12,1h0a1,1,0,0,1,.9.56l2.86,5.83,6.38.92A1,1,0,0,1,23,9a1,1,0,0,1-.26,1l-4.61,4.43,1.11,6.38a1,1,0,0,1-.4,1A1,1,0,0,1,18.2,22ZM12,16.8a1.07,1.07,0,0,1,.46.11l4.41,2.28L16,14.27a1,1,0,0,1,.3-.89L19.83,10,15,9.29a1,1,0,0,1-.76-.55L12,4.27,9.8,8.74A1,1,0,0,1,9,9.29L4.17,10l3.52,3.38a1,1,0,0,1,.3.89l-.86,4.92,4.41-2.28A1.07,1.07,0,0,1,12,16.8Z\" transform=\"translate(-1 -1)\"><\/path><\/svg>\t\t\t\t\t\t<\/span>\n\t\t\t\t\t\t\t\t\t\t<span class=\"elementor-icon-list-text\">GARANCIJA KAKOVOSTI<\/span>\n\t\t\t\t\t\t\t\t\t<\/li>\n\t\t\t\t\t\t<\/ul>\n\t\t\t\t<\/div>\n\t\t\t\t<\/div>\n\t\t\t\t<div class=\"elementor-element elementor-element-80daab6 elementor-widget elementor-widget-text-editor\" data-id=\"80daab6\" data-element_type=\"widget\" data-widget_type=\"text-editor.default\">\n\t\t\t\t<div class=\"elementor-widget-container\">\n\t\t\t\t\t\t\t\t<div class=\"elementor-text-editor elementor-clearfix\">\n\t\t\t\t<p>Pri izdelavi umetnih bo\u017ei\u010dnih dreves uporabljamo le <strong>najkakovostnej\u0161e materiale<\/strong>, ki zagotavljajo <strong>popoln videz<\/strong> vrsto let.<\/p><p>V primeru nepravilnosti, bomo manjkajo\u010de dele <strong>brezpla\u010dno dostavili<\/strong> ali <strong>poskrbeli za odvoz<\/strong> in zamenjavo po\u0161kodovanega drevesa. <strong>Brez skrbi \u2013 kakr\u0161nokoli te\u017eavo re\u0161imo hitro, brez nepotrebnih skrbi in dodatnih stro\u0161kov!<\/strong><\/p>\t\t\t\t\t<\/div>\n\t\t\t\t\t\t<\/div>\n\t\t\t\t<\/div>\n\t\t\t\t\t\t<\/div>\n\t\t\t\t\t<\/div>\n\t\t<\/div>\n\t\t\t\t<div class=\"elementor-column elementor-col-50 elementor-top-column elementor-element elementor-element-782ab84\" data-id=\"782ab84\" data-element_type=\"column\">\n\t\t\t<div class=\"elementor-column-wrap elementor-element-populated\">\n\t\t\t\t\t\t\t<div class=\"elementor-widget-wrap\">\n\t\t\t\t\t\t<div class=\"elementor-element elementor-element-a20cd01 elementor-icon-list--layout-traditional elementor-list-item-link-full_width elementor-widget elementor-widget-icon-list\" data-id=\"a20cd01\" data-element_type=\"widget\" data-widget_type=\"icon-list.default\">\n\t\t\t\t<div class=\"elementor-widget-container\">\n\t\t\t\t\t<ul class=\"elementor-icon-list-items\">\n\t\t\t\t\t\t\t<li class=\"elementor-icon-list-item\">\n\t\t\t\t\t\t\t\t\t\t\t<span class=\"elementor-icon-list-icon\">\n\t\t\t\t\t\t\t<svg xmlns=\"http:\/\/www.w3.org\/2000\/svg\" viewBox=\"0 0 24 20\"><defs><style>.a{fill:#d80001;}<\/style><\/defs><path class=\"a\" d=\"M17,22a1,1,0,0,1-1-1V19a3,3,0,0,0-3-3H5a3,3,0,0,0-3,3v2a1,1,0,0,1-2,0V19a5,5,0,0,1,5-5h8a5,5,0,0,1,5,5v2A1,1,0,0,1,17,22Z\" transform=\"translate(0 -2)\"><\/path><path class=\"a\" d=\"M9,12a5,5,0,1,1,5-5A5,5,0,0,1,9,12ZM9,4a3,3,0,1,0,3,3A3,3,0,0,0,9,4Z\" transform=\"translate(0 -2)\"><\/path><path class=\"a\" d=\"M23,22a1,1,0,0,1-1-1V19a3,3,0,0,0-2.27-2.94,1,1,0,0,1,.54-1.92A5.09,5.09,0,0,1,24,19v2A1,1,0,0,1,23,22Z\" transform=\"translate(0 -2)\"><\/path><path class=\"a\" d=\"M16,11.9a1,1,0,0,1-.27-2,3.25,3.25,0,0,0,2.21-2.21,3.06,3.06,0,0,0-2.17-3.66,1,1,0,0,1,.46-1.94,5.06,5.06,0,0,1,3.65,6.09,5.27,5.27,0,0,1-3.61,3.64A.84.84,0,0,1,16,11.9Z\" transform=\"translate(0 -2)\"><\/path><\/svg>\t\t\t\t\t\t<\/span>\n\t\t\t\t\t\t\t\t\t\t<span class=\"elementor-icon-list-text\">ZADOVOLJSTVO STRANK<\/span>\n\t\t\t\t\t\t\t\t\t<\/li>\n\t\t\t\t\t\t<\/ul>\n\t\t\t\t<\/div>\n\t\t\t\t<\/div>\n\t\t\t\t<div class=\"elementor-element elementor-element-3eff480 elementor-widget elementor-widget-text-editor\" data-id=\"3eff480\" data-element_type=\"widget\" data-widget_type=\"text-editor.default\">\n\t\t\t\t<div class=\"elementor-widget-container\">\n\t\t\t\t\t\t\t\t<div class=\"elementor-text-editor elementor-clearfix\">\n\t\t\t\t<p>Ve\u010d kot <strong>100 000+<\/strong> <strong>zadovoljnih strank<\/strong> je dokaz, da so na\u0161a bo\u017ei\u010dna drevesa kakovostna. Na na\u0161em <a href=\"https:\/\/www.facebook.com\/mujstromecek\/\" target=\"_blank\" rel=\"noopener\">Facebooku<\/a> ali <a href=\"https:\/\/obchody.heureka.cz\/mujstromecek-cz\/recenze\/\" target=\"_blank\" rel=\"noopener\">Heureki<\/a> si lahko ogledate, kako nas ocenjujejo na\u0161e stranke.<\/p>\t\t\t\t\t<\/div>\n\t\t\t\t\t\t<\/div>\n\t\t\t\t<\/div>\n\t\t\t\t\t\t<\/div>\n\t\t\t\t\t<\/div>\n\t\t<\/div>\n\t\t\t\t\t\t\t\t<\/div>\n\t\t\t\t\t<\/div>\n\t\t<\/section>\n\t\t\t\t<section class=\"elementor-section elementor-top-section elementor-element elementor-element-872a5c5 elementor-section-boxed elementor-section-height-default elementor-section-height-default\" data-id=\"872a5c5\" data-element_type=\"section\">\n\t\t\t\t\t\t<div class=\"elementor-container elementor-column-gap-default\">\n\t\t\t\t\t\t\t<div class=\"elementor-row\">\n\t\t\t\t\t<div class=\"elementor-column elementor-col-50 elementor-top-column elementor-element elementor-element-7155fd6\" data-id=\"7155fd6\" data-element_type=\"column\">\n\t\t\t<div class=\"elementor-column-wrap elementor-element-populated\">\n\t\t\t\t\t\t\t<div class=\"elementor-widget-wrap\">\n\t\t\t\t\t\t<div class=\"elementor-element elementor-element-a0f9e0a elementor-icon-list--layout-traditional elementor-list-item-link-full_width elementor-widget elementor-widget-icon-list\" data-id=\"a0f9e0a\" data-element_type=\"widget\" data-widget_type=\"icon-list.default\">\n\t\t\t\t<div class=\"elementor-widget-container\">\n\t\t\t\t\t<ul class=\"elementor-icon-list-items\">\n\t\t\t\t\t\t\t<li class=\"elementor-icon-list-item\">\n\t\t\t\t\t\t\t\t\t\t\t<span class=\"elementor-icon-list-icon\">\n\t\t\t\t\t\t\t<svg xmlns=\"http:\/\/www.w3.org\/2000\/svg\" viewBox=\"0 0 21.91 21.9\"><defs><style>.a{fill:#d80001;}<\/style><\/defs><path class=\"a\" d=\"M20,22.9h-.2a20,20,0,0,1-9.15-3.26,20.08,20.08,0,0,1-6.3-6.31,21.58,21.58,0,0,1-3.24-9.1,2.88,2.88,0,0,1,.66-2.14A3,3,0,0,1,3.81,1H7.1a3,3,0,0,1,3,2.6,11.35,11.35,0,0,0,.65,2.58,3,3,0,0,1-.64,3.13l-.75.75a14.51,14.51,0,0,0,4.58,4.58l.75-.75a3.08,3.08,0,0,1,3.2-.61,12,12,0,0,0,2.51.63,2.94,2.94,0,0,1,2.6,3v3A3,3,0,0,1,20,22.9ZM3.9,3a1,1,0,0,0-.59.36A.84.84,0,0,0,3.1,4,19.4,19.4,0,0,0,6,12.25,17.9,17.9,0,0,0,11.73,18a18,18,0,0,0,8.17,3H20a1,1,0,0,0,1-1v-3a1,1,0,0,0-.8-1,14.1,14.1,0,0,1-3-.75,1.1,1.1,0,0,0-1.15.22l-1.23,1.24a1,1,0,0,1-1.2.16,16.57,16.57,0,0,1-6.38-6.38,1,1,0,0,1,.16-1.2l1.3-1.3a1,1,0,0,0,.19-1A14.28,14.28,0,0,1,8.1,3.8a1,1,0,0,0-1-.8Z\" transform=\"translate(-1.09 -1)\"><\/path><\/svg>\t\t\t\t\t\t<\/span>\n\t\t\t\t\t\t\t\t\t\t<span class=\"elementor-icon-list-text\">PODPORA ZA STRANKE<\/span>\n\t\t\t\t\t\t\t\t\t<\/li>\n\t\t\t\t\t\t<\/ul>\n\t\t\t\t<\/div>\n\t\t\t\t<\/div>\n\t\t\t\t<div class=\"elementor-element elementor-element-b09b3d7 elementor-widget elementor-widget-text-editor\" data-id=\"b09b3d7\" data-element_type=\"widget\" data-widget_type=\"text-editor.default\">\n\t\t\t\t<div class=\"elementor-widget-container\">\n\t\t\t\t\t\t\t\t<div class=\"elementor-text-editor elementor-clearfix\">\n\t\t\t\t<p>Na\u0161im strankam nudimo \u0161iroko paleto drugih storitev, zaradi katerih je nakup zelo hiter in enostaven. Na\u0161e osebje bo z veseljem odgovorilo na vsa va\u0161a vpra\u0161anja in vam pomagalo pri izvedbi naro\u010dila. Vedno smo vam na voljo na spletnem <strong>klepetu<\/strong> (spodaj desno na tej strani), ali elektronski <strong>po\u0161ti<\/strong> (<a href=\"mailto:dotazy@mujstromecek.cz\">vprasanja@bozicnodrevo.si<\/a>), ali telefonu +420 777 470 538 (PON-PET 9-17).<\/p>\t\t\t\t\t<\/div>\n\t\t\t\t\t\t<\/div>\n\t\t\t\t<\/div>\n\t\t\t\t\t\t<\/div>\n\t\t\t\t\t<\/div>\n\t\t<\/div>\n\t\t\t\t<div class=\"elementor-column elementor-col-50 elementor-top-column elementor-element elementor-element-66678a4\" data-id=\"66678a4\" data-element_type=\"column\">\n\t\t\t<div class=\"elementor-column-wrap\">\n\t\t\t\t\t\t\t<div class=\"elementor-widget-wrap\">\n\t\t\t\t\t\t\t\t<\/div>\n\t\t\t\t\t<\/div>\n\t\t<\/div>\n\t\t\t\t\t\t\t\t<\/div>\n\t\t\t\t\t<\/div>\n\t\t<\/section>\n\t\t\t\t\t\t\t\t\t<\/div>\n\t\t\t<\/div>\n\t\t\t\t\t<\/div>\n\t\t\n","protected":false},"excerpt":{"rendered":"","protected":false},"author":2,"featured_media":0,"parent":0,"menu_order":0,"comment_status":"closed","ping_status":"closed","template":"","meta":{"footnotes":""},"class_list":["post-8206","page","type-page","status-publish","hentry"],"featured_image_urls":{"full":"","thumbnail":"","medium":"","medium_large":"","large":"","1536x1536":"","2048x2048":"","woocommerce_thumbnail":"","woocommerce_single":"","woocommerce_gallery_thumbnail":""},"post_excerpt_stackable":"<p>Prednosti nakupa pri nas Brezpla\u010dna dostava Za vsa na\u0161a bo\u017ei\u010dna drevesa je dostava po vsej v Republiki Sloveniji do va\u0161ega doma brezpla\u010dna, tj. pla\u010date samo ceno drevesa, drugih pristojbin ne zara\u010dunamo. Drevo vam bo dostavljeno na enostaven na\u010din, udobno in brez napora na dom, in to vse popolnoma BREZPLA\u010cNO! ZAGOTOVLJENA DOSTAVA DO BO\u017dI\u010cA! \u010ce naro\u010dite do 17.12.2021, vam zagotavljamo, da bo drevo prispelo do bo\u017ei\u010da! GARANCIJA KAKOVOSTI Pri izdelavi umetnih bo\u017ei\u010dnih dreves uporabljamo le najkakovostnej\u0161e materiale, ki zagotavljajo popoln videz vrsto let.V primeru nepravilnosti, bomo manjkajo\u010de dele brezpla\u010dno dostavili ali poskrbeli za odvoz in zamenjavo po\u0161kodovanega drevesa. Brez skrbi \u2013&hellip;<\/p>\n","category_list":"","author_info":{"name":"Jan Hanzl","url":"https:\/\/old2024.mujstromecek.cz\/sl\/author\/jan\/"},"comments_num":"0 comments","featured_image_urls_v2":{"full":"","thumbnail":"","medium":"","medium_large":"","large":"","1536x1536":"","2048x2048":"","woocommerce_thumbnail":"","woocommerce_single":"","woocommerce_gallery_thumbnail":""},"post_excerpt_stackable_v2":"<p>Prednosti nakupa pri nas Brezpla\u010dna dostava Za vsa na\u0161a bo\u017ei\u010dna drevesa je dostava po vsej v Republiki Sloveniji do va\u0161ega doma brezpla\u010dna, tj. pla\u010date samo ceno drevesa, drugih pristojbin ne zara\u010dunamo. Drevo vam bo dostavljeno na enostaven na\u010din, udobno in brez napora na dom, in to vse popolnoma BREZPLA\u010cNO! ZAGOTOVLJENA DOSTAVA DO BO\u017dI\u010cA! \u010ce naro\u010dite do 17.12.2021, vam zagotavljamo, da bo drevo prispelo do bo\u017ei\u010da! GARANCIJA KAKOVOSTI Pri izdelavi umetnih bo\u017ei\u010dnih dreves uporabljamo le najkakovostnej\u0161e materiale, ki zagotavljajo popoln videz vrsto let.V primeru nepravilnosti, bomo manjkajo\u010de dele brezpla\u010dno dostavili ali poskrbeli za odvoz in zamenjavo po\u0161kodovanega drevesa. Brez skrbi \u2013&hellip;<\/p>\n","category_list_v2":"","author_info_v2":{"name":"Jan Hanzl","url":"https:\/\/old2024.mujstromecek.cz\/sl\/author\/jan\/"},"comments_num_v2":"0 comments","yoast_head":"<!-- This site is optimized with the Yoast SEO plugin v21.1 - https:\/\/yoast.com\/wordpress\/plugins\/seo\/ -->\n<title>Vse o nakupih - Bo\u017ei\u010dnodrevo.si<\/title>\n<meta name=\"robots\" content=\"noindex, follow, max-snippet:-1, max-image-preview:large, max-video-preview:-1\" \/>\n<meta property=\"og:locale\" content=\"sl_SI\" \/>\n<meta property=\"og:type\" content=\"article\" \/>\n<meta property=\"og:title\" content=\"Vse o nakupih - Bo\u017ei\u010dnodrevo.si\" \/>\n<meta property=\"og:url\" content=\"https:\/\/old2024.mujstromecek.cz\/sl\/vse-o-nakupih\/\" \/>\n<meta property=\"og:site_name\" content=\"Bo\u017ei\u010dnodrevo.si\" \/>\n<meta property=\"article:modified_time\" content=\"2021-08-10T13:09:31+00:00\" \/>\n<meta name=\"twitter:card\" content=\"summary_large_image\" \/>\n<meta name=\"twitter:label1\" content=\"Est. reading time\" \/>\n\t<meta name=\"twitter:data1\" content=\"1 minuta\" \/>\n<script type=\"application\/ld+json\" class=\"yoast-schema-graph\">{\"@context\":\"https:\/\/schema.org\",\"@graph\":[{\"@type\":\"WebPage\",\"@id\":\"https:\/\/old2024.mujstromecek.cz\/sl\/vse-o-nakupih\/\",\"url\":\"https:\/\/old2024.mujstromecek.cz\/sl\/vse-o-nakupih\/\",\"name\":\"Vse o nakupih - Bo\u017ei\u010dnodrevo.si\",\"isPartOf\":{\"@id\":\"https:\/\/mojstromcek.sk\/#website\"},\"datePublished\":\"2020-07-16T17:29:58+00:00\",\"dateModified\":\"2021-08-10T13:09:31+00:00\",\"breadcrumb\":{\"@id\":\"https:\/\/old2024.mujstromecek.cz\/sl\/vse-o-nakupih\/#breadcrumb\"},\"inLanguage\":\"sl-SI\",\"potentialAction\":[{\"@type\":\"ReadAction\",\"target\":[\"https:\/\/old2024.mujstromecek.cz\/sl\/vse-o-nakupih\/\"]}]},{\"@type\":\"BreadcrumbList\",\"@id\":\"https:\/\/old2024.mujstromecek.cz\/sl\/vse-o-nakupih\/#breadcrumb\",\"itemListElement\":[{\"@type\":\"ListItem\",\"position\":1,\"name\":\"Dom\u016f\",\"item\":\"https:\/\/old2024.mujstromecek.cz\/sl\/\"},{\"@type\":\"ListItem\",\"position\":2,\"name\":\"Vse o nakupih\"}]},{\"@type\":\"WebSite\",\"@id\":\"https:\/\/mojstromcek.sk\/#website\",\"url\":\"https:\/\/mojstromcek.sk\/\",\"name\":\"Bo\u017ei\u010dnodrevo.si\",\"description\":\"Umetna Bo\u017ei\u010dna drevesa za edinstveno ceno!\",\"potentialAction\":[{\"@type\":\"SearchAction\",\"target\":{\"@type\":\"EntryPoint\",\"urlTemplate\":\"https:\/\/mojstromcek.sk\/?s={search_term_string}\"},\"query-input\":\"required name=search_term_string\"}],\"inLanguage\":\"sl-SI\"}]}<\/script>\n<!-- \/ Yoast SEO plugin. -->","yoast_head_json":{"title":"Vse o nakupih - Bo\u017ei\u010dnodrevo.si","robots":{"index":"noindex","follow":"follow","max-snippet":"max-snippet:-1","max-image-preview":"max-image-preview:large","max-video-preview":"max-video-preview:-1"},"og_locale":"sl_SI","og_type":"article","og_title":"Vse o nakupih - Bo\u017ei\u010dnodrevo.si","og_url":"https:\/\/old2024.mujstromecek.cz\/sl\/vse-o-nakupih\/","og_site_name":"Bo\u017ei\u010dnodrevo.si","article_modified_time":"2021-08-10T13:09:31+00:00","twitter_card":"summary_large_image","twitter_misc":{"Est. reading time":"1 minuta"},"schema":{"@context":"https:\/\/schema.org","@graph":[{"@type":"WebPage","@id":"https:\/\/old2024.mujstromecek.cz\/sl\/vse-o-nakupih\/","url":"https:\/\/old2024.mujstromecek.cz\/sl\/vse-o-nakupih\/","name":"Vse o nakupih - Bo\u017ei\u010dnodrevo.si","isPartOf":{"@id":"https:\/\/mojstromcek.sk\/#website"},"datePublished":"2020-07-16T17:29:58+00:00","dateModified":"2021-08-10T13:09:31+00:00","breadcrumb":{"@id":"https:\/\/old2024.mujstromecek.cz\/sl\/vse-o-nakupih\/#breadcrumb"},"inLanguage":"sl-SI","potentialAction":[{"@type":"ReadAction","target":["https:\/\/old2024.mujstromecek.cz\/sl\/vse-o-nakupih\/"]}]},{"@type":"BreadcrumbList","@id":"https:\/\/old2024.mujstromecek.cz\/sl\/vse-o-nakupih\/#breadcrumb","itemListElement":[{"@type":"ListItem","position":1,"name":"Dom\u016f","item":"https:\/\/old2024.mujstromecek.cz\/sl\/"},{"@type":"ListItem","position":2,"name":"Vse o nakupih"}]},{"@type":"WebSite","@id":"https:\/\/mojstromcek.sk\/#website","url":"https:\/\/mojstromcek.sk\/","name":"Bo\u017ei\u010dnodrevo.si","description":"Umetna Bo\u017ei\u010dna drevesa za edinstveno ceno!","potentialAction":[{"@type":"SearchAction","target":{"@type":"EntryPoint","urlTemplate":"https:\/\/mojstromcek.sk\/?s={search_term_string}"},"query-input":"required name=search_term_string"}],"inLanguage":"sl-SI"}]}},"_links":{"self":[{"href":"https:\/\/old2024.mujstromecek.cz\/sl\/wp-json\/wp\/v2\/pages\/8206","targetHints":{"allow":["GET"]}}],"collection":[{"href":"https:\/\/old2024.mujstromecek.cz\/sl\/wp-json\/wp\/v2\/pages"}],"about":[{"href":"https:\/\/old2024.mujstromecek.cz\/sl\/wp-json\/wp\/v2\/types\/page"}],"author":[{"embeddable":true,"href":"https:\/\/old2024.mujstromecek.cz\/sl\/wp-json\/wp\/v2\/users\/2"}],"replies":[{"embeddable":true,"href":"https:\/\/old2024.mujstromecek.cz\/sl\/wp-json\/wp\/v2\/comments?post=8206"}],"version-history":[{"count":4,"href":"https:\/\/old2024.mujstromecek.cz\/sl\/wp-json\/wp\/v2\/pages\/8206\/revisions"}],"predecessor-version":[{"id":94352,"href":"https:\/\/old2024.mujstromecek.cz\/sl\/wp-json\/wp\/v2\/pages\/8206\/revisions\/94352"}],"wp:attachment":[{"href":"https:\/\/old2024.mujstromecek.cz\/sl\/wp-json\/wp\/v2\/media?parent=8206"}],"curies":[{"name":"wp","href":"https:\/\/api.w.org\/{rel}","templated":true}]}}