{"id":366090,"date":"2023-08-30T18:02:12","date_gmt":"2023-09-28T12:21:02","guid":{"rendered":"https:\/\/mujstromecek.cz\/produkt\/smrek-zasnezeny-3d-220-cm\/"},"modified":"2023-12-23T08:52:51","modified_gmt":"2023-12-23T08:52:51","slug":"smrek-zasnezeny-3d-220-cm","status":"publish","type":"product","link":"https:\/\/old2024.mujstromecek.cz\/sk\/produkt\/smrek-zasnezeny-3d-220-cm\/","title":{"rendered":"Smrek Zasne\u017een\u00fd 3D 220 cm"},"content":{"rendered":"<p>N&aacute;dhern&yacute;, vysoko realistick&yacute; viano\u010dn&yacute; strom\u010dek <strong>v pr&eacute;miovej kvalite<\/strong>. Kvalitn&eacute; umel&eacute; ihli\u010die zaru\u010duje&nbsp;<strong>realistick&yacute;, pr&iacute;rodn&yacute; vzh\u013ead a dlh&uacute; \u017eivotnos\u0165<\/strong>. Unik&aacute;tny design a vysok&uacute; kvalitu tohoto viano\u010dn&eacute;ho strom\u010deka zais\u0165uje n&aacute;&scaron; sk&uacute;sen&yacute; t&iacute;m produktov&yacute;ch dizajn&eacute;rov a&nbsp;<strong>ru\u010dn&aacute; <\/strong><strong>v&yacute;roba v EU<\/strong>. Tento viano\u010dn&yacute; strom\u010dek&nbsp;<strong>vyk&uacute;zli vo va&scaron;om domove svoj&iacute;m pr&iacute;rodn&yacute;m a realistick&yacute;m vzh\u013eadom t&uacute; prav&uacute; viano\u010dn&uacute; atmosf&eacute;ru<\/strong>. M&ocirc;\u017eete si ho ozdobi\u0165 \u013eubovo\u013ene, pod\u013ea V&aacute;&scaron;ho vkusu.<\/p>\n","protected":false},"excerpt":{"rendered":"<p>N&aacute;dhern&yacute; umel&yacute; viano\u010dn&yacute; strom\u010dek vyroben&yacute; v&nbsp;EU. Pr&eacute;miov&aacute; kvalita. Vysoko kvalitn&eacute; spracovanie ihli\u010dia zaru\u010duje&nbsp;realistick&yacute; vzh\u013ead a dlh&uacute; \u017eivotnos\u0165.<\/p>\n","protected":false},"featured_media":493445,"template":"","meta":[],"product_cat":[3805,3817],"product_tag":[3893,378,4648,4651],"class_list":["post-366090","product","type-product","status-publish","has-post-thumbnail","hentry","product_cat-classic-sk","product_cat-premium-sk","product_tag-220-cm-sk","product_tag-3d-sk-2","product_tag-doprava-zdarma-sk","product_tag-economy-sk","pa_druh-smrk-sk","pa_jehlici-3d-economy-sk-2","pa_krabice-32-44-130-sk","pa_pocet-rad-16-sk-2","pa_sirka-138-sk","pa_stojan-kovovy-sk","pa_vaha-13-sk-2","pa_vetvicky-868-sk","pa_vetvicky-celkem-868-sk","pa_vetvicky-pe-pvc-78-790-sk","pa_vyska-220-sk","pa_vyska-od-zeme-22-sk"],"featured_image_urls":{"full":["https:\/\/old2024.mujstromecek.cz\/wp-content\/uploads\/2023\/08\/s1-2357.jpg",640,860,false],"thumbnail":["https:\/\/old2024.mujstromecek.cz\/wp-content\/uploads\/2023\/08\/s1-2357-150x150.jpg",150,150,true],"medium":["https:\/\/old2024.mujstromecek.cz\/wp-content\/uploads\/2023\/08\/s1-2357-223x300.jpg",223,300,true],"medium_large":["https:\/\/old2024.mujstromecek.cz\/wp-content\/uploads\/2023\/08\/s1-2357.jpg",640,860,false],"large":["https:\/\/old2024.mujstromecek.cz\/wp-content\/uploads\/2023\/08\/s1-2357.jpg",640,860,false],"1536x1536":["https:\/\/old2024.mujstromecek.cz\/wp-content\/uploads\/2023\/08\/s1-2357.jpg",640,860,false],"2048x2048":["https:\/\/old2024.mujstromecek.cz\/wp-content\/uploads\/2023\/08\/s1-2357.jpg",640,860,false],"woocommerce_thumbnail":["https:\/\/old2024.mujstromecek.cz\/wp-content\/uploads\/2023\/08\/s1-2357-300x403.jpg",300,403,true],"woocommerce_single":["https:\/\/old2024.mujstromecek.cz\/wp-content\/uploads\/2023\/08\/s1-2357-600x806.jpg",600,806,true],"woocommerce_gallery_thumbnail":["https:\/\/old2024.mujstromecek.cz\/wp-content\/uploads\/2023\/08\/s1-2357-100x100.jpg",100,100,true]},"post_excerpt_stackable":"<p>N&aacute;dhern&yacute; umel&yacute; viano\u010dn&yacute; strom\u010dek vyroben&yacute; v&nbsp;EU. Pr&eacute;miov&aacute; kvalita. Vysoko kvalitn&eacute; spracovanie ihli\u010dia zaru\u010duje&nbsp;realistick&yacute; vzh\u013ead a dlh&uacute; \u017eivotnos\u0165.<\/p>\n","category_list":"","author_info":{"name":"","url":""},"comments_num":"0 comments","featured_image_urls_v2":{"full":["https:\/\/old2024.mujstromecek.cz\/wp-content\/uploads\/2023\/08\/s1-2357.jpg",640,860,false],"thumbnail":["https:\/\/old2024.mujstromecek.cz\/wp-content\/uploads\/2023\/08\/s1-2357-150x150.jpg",150,150,true],"medium":["https:\/\/old2024.mujstromecek.cz\/wp-content\/uploads\/2023\/08\/s1-2357-223x300.jpg",223,300,true],"medium_large":["https:\/\/old2024.mujstromecek.cz\/wp-content\/uploads\/2023\/08\/s1-2357.jpg",640,860,false],"large":["https:\/\/old2024.mujstromecek.cz\/wp-content\/uploads\/2023\/08\/s1-2357.jpg",640,860,false],"1536x1536":["https:\/\/old2024.mujstromecek.cz\/wp-content\/uploads\/2023\/08\/s1-2357.jpg",640,860,false],"2048x2048":["https:\/\/old2024.mujstromecek.cz\/wp-content\/uploads\/2023\/08\/s1-2357.jpg",640,860,false],"woocommerce_thumbnail":["https:\/\/old2024.mujstromecek.cz\/wp-content\/uploads\/2023\/08\/s1-2357-300x403.jpg",300,403,true],"woocommerce_single":["https:\/\/old2024.mujstromecek.cz\/wp-content\/uploads\/2023\/08\/s1-2357-600x806.jpg",600,806,true],"woocommerce_gallery_thumbnail":["https:\/\/old2024.mujstromecek.cz\/wp-content\/uploads\/2023\/08\/s1-2357-100x100.jpg",100,100,true]},"post_excerpt_stackable_v2":"<p>N&aacute;dhern&yacute; umel&yacute; viano\u010dn&yacute; strom\u010dek vyroben&yacute; v&nbsp;EU. Pr&eacute;miov&aacute; kvalita. Vysoko kvalitn&eacute; spracovanie ihli\u010dia zaru\u010duje&nbsp;realistick&yacute; vzh\u013ead a dlh&uacute; \u017eivotnos\u0165.<\/p>\n","category_list_v2":"","author_info_v2":{"name":"","url":""},"comments_num_v2":"0 comments","yoast_head":"<!-- This site is optimized with the Yoast SEO plugin v21.1 - https:\/\/yoast.com\/wordpress\/plugins\/seo\/ -->\n<title>Smrek Zasne\u017een\u00fd 3D 220 cm - M\u00d4J STROM\u010cEK.sk<\/title>\n<meta name=\"robots\" content=\"noindex, follow, max-snippet:-1, max-image-preview:large, max-video-preview:-1\" \/>\n<meta property=\"og:locale\" content=\"sk_SK\" \/>\n<meta property=\"og:type\" content=\"article\" \/>\n<meta property=\"og:title\" content=\"Smrek Zasne\u017een\u00fd 3D 220 cm - M\u00d4J STROM\u010cEK.sk\" \/>\n<meta property=\"og:description\" content=\"N&aacute;dhern&yacute; umel&yacute; viano\u010dn&yacute; strom\u010dek vyroben&yacute; v&nbsp;EU. Pr&eacute;miov&aacute; kvalita. Vysoko kvalitn&eacute; spracovanie ihli\u010dia zaru\u010duje&nbsp;realistick&yacute; vzh\u013ead a dlh&uacute; \u017eivotnos\u0165.\" \/>\n<meta property=\"og:url\" content=\"https:\/\/old2024.mujstromecek.cz\/sk\/produkt\/smrek-zasnezeny-3d-220-cm\/\" \/>\n<meta property=\"og:site_name\" content=\"M\u00d4J STROM\u010cEK.sk\" \/>\n<meta property=\"article:modified_time\" content=\"2023-12-23T08:52:51+00:00\" \/>\n<meta property=\"og:image\" content=\"https:\/\/old2024.mujstromecek.cz\/wp-content\/uploads\/2023\/08\/s1-2357.jpg\" \/>\n\t<meta property=\"og:image:width\" content=\"640\" \/>\n\t<meta property=\"og:image:height\" content=\"860\" \/>\n\t<meta property=\"og:image:type\" content=\"image\/jpeg\" \/>\n<meta name=\"twitter:card\" content=\"summary_large_image\" \/>\n<meta name=\"twitter:label1\" content=\"Predpokladan\u00fd \u010das \u010d\u00edtania\" \/>\n\t<meta name=\"twitter:data1\" content=\"1 min\u00fata\" \/>\n<script type=\"application\/ld+json\" class=\"yoast-schema-graph\">{\"@context\":\"https:\/\/schema.org\",\"@graph\":[{\"@type\":\"WebPage\",\"@id\":\"https:\/\/old2024.mujstromecek.cz\/sk\/produkt\/smrek-zasnezeny-3d-220-cm\/\",\"url\":\"https:\/\/old2024.mujstromecek.cz\/sk\/produkt\/smrek-zasnezeny-3d-220-cm\/\",\"name\":\"Smrek Zasne\u017een\u00fd 3D 220 cm - M\u00d4J STROM\u010cEK.sk\",\"isPartOf\":{\"@id\":\"https:\/\/mojstromcek.sk\/#website\"},\"datePublished\":\"2023-09-28T12:21:02+00:00\",\"dateModified\":\"2023-12-23T08:52:51+00:00\",\"breadcrumb\":{\"@id\":\"https:\/\/old2024.mujstromecek.cz\/sk\/produkt\/smrek-zasnezeny-3d-220-cm\/#breadcrumb\"},\"inLanguage\":\"sk-SK\",\"potentialAction\":[{\"@type\":\"ReadAction\",\"target\":[\"https:\/\/old2024.mujstromecek.cz\/sk\/produkt\/smrek-zasnezeny-3d-220-cm\/\"]}]},{\"@type\":\"BreadcrumbList\",\"@id\":\"https:\/\/old2024.mujstromecek.cz\/sk\/produkt\/smrek-zasnezeny-3d-220-cm\/#breadcrumb\",\"itemListElement\":[{\"@type\":\"ListItem\",\"position\":1,\"name\":\"Dom\u016f\",\"item\":\"https:\/\/old2024.mujstromecek.cz\/sk\/\"},{\"@type\":\"ListItem\",\"position\":2,\"name\":\"Shop\",\"item\":\"https:\/\/mojstromcek.sk\/shop\/\"},{\"@type\":\"ListItem\",\"position\":3,\"name\":\"Smrek Zasne\u017een\u00fd 3D 220 cm\"}]},{\"@type\":\"WebSite\",\"@id\":\"https:\/\/mojstromcek.sk\/#website\",\"url\":\"https:\/\/mojstromcek.sk\/\",\"name\":\"M\u00d4J STROM\u010cEK.sk\",\"description\":\"Umel\u00e9 viano\u010dn\u00e9 strom\u010deky za skvel\u00e9 ceny!\",\"potentialAction\":[{\"@type\":\"SearchAction\",\"target\":{\"@type\":\"EntryPoint\",\"urlTemplate\":\"https:\/\/mojstromcek.sk\/?s={search_term_string}\"},\"query-input\":\"required name=search_term_string\"}],\"inLanguage\":\"sk-SK\"}]}<\/script>\n<!-- \/ Yoast SEO plugin. -->","yoast_head_json":{"title":"Smrek Zasne\u017een\u00fd 3D 220 cm - M\u00d4J STROM\u010cEK.sk","robots":{"index":"noindex","follow":"follow","max-snippet":"max-snippet:-1","max-image-preview":"max-image-preview:large","max-video-preview":"max-video-preview:-1"},"og_locale":"sk_SK","og_type":"article","og_title":"Smrek Zasne\u017een\u00fd 3D 220 cm - M\u00d4J STROM\u010cEK.sk","og_description":"N&aacute;dhern&yacute; umel&yacute; viano\u010dn&yacute; strom\u010dek vyroben&yacute; v&nbsp;EU. Pr&eacute;miov&aacute; kvalita. Vysoko kvalitn&eacute; spracovanie ihli\u010dia zaru\u010duje&nbsp;realistick&yacute; vzh\u013ead a dlh&uacute; \u017eivotnos\u0165.","og_url":"https:\/\/old2024.mujstromecek.cz\/sk\/produkt\/smrek-zasnezeny-3d-220-cm\/","og_site_name":"M\u00d4J STROM\u010cEK.sk","article_modified_time":"2023-12-23T08:52:51+00:00","og_image":[{"width":640,"height":860,"url":"https:\/\/old2024.mujstromecek.cz\/wp-content\/uploads\/2023\/08\/s1-2357.jpg","type":"image\/jpeg"}],"twitter_card":"summary_large_image","twitter_misc":{"Predpokladan\u00fd \u010das \u010d\u00edtania":"1 min\u00fata"},"schema":{"@context":"https:\/\/schema.org","@graph":[{"@type":"WebPage","@id":"https:\/\/old2024.mujstromecek.cz\/sk\/produkt\/smrek-zasnezeny-3d-220-cm\/","url":"https:\/\/old2024.mujstromecek.cz\/sk\/produkt\/smrek-zasnezeny-3d-220-cm\/","name":"Smrek Zasne\u017een\u00fd 3D 220 cm - M\u00d4J STROM\u010cEK.sk","isPartOf":{"@id":"https:\/\/mojstromcek.sk\/#website"},"datePublished":"2023-09-28T12:21:02+00:00","dateModified":"2023-12-23T08:52:51+00:00","breadcrumb":{"@id":"https:\/\/old2024.mujstromecek.cz\/sk\/produkt\/smrek-zasnezeny-3d-220-cm\/#breadcrumb"},"inLanguage":"sk-SK","potentialAction":[{"@type":"ReadAction","target":["https:\/\/old2024.mujstromecek.cz\/sk\/produkt\/smrek-zasnezeny-3d-220-cm\/"]}]},{"@type":"BreadcrumbList","@id":"https:\/\/old2024.mujstromecek.cz\/sk\/produkt\/smrek-zasnezeny-3d-220-cm\/#breadcrumb","itemListElement":[{"@type":"ListItem","position":1,"name":"Dom\u016f","item":"https:\/\/old2024.mujstromecek.cz\/sk\/"},{"@type":"ListItem","position":2,"name":"Shop","item":"https:\/\/mojstromcek.sk\/shop\/"},{"@type":"ListItem","position":3,"name":"Smrek Zasne\u017een\u00fd 3D 220 cm"}]},{"@type":"WebSite","@id":"https:\/\/mojstromcek.sk\/#website","url":"https:\/\/mojstromcek.sk\/","name":"M\u00d4J STROM\u010cEK.sk","description":"Umel\u00e9 viano\u010dn\u00e9 strom\u010deky za skvel\u00e9 ceny!","potentialAction":[{"@type":"SearchAction","target":{"@type":"EntryPoint","urlTemplate":"https:\/\/mojstromcek.sk\/?s={search_term_string}"},"query-input":"required name=search_term_string"}],"inLanguage":"sk-SK"}]}},"_links":{"self":[{"href":"https:\/\/old2024.mujstromecek.cz\/sk\/wp-json\/wp\/v2\/product\/366090","targetHints":{"allow":["GET"]}}],"collection":[{"href":"https:\/\/old2024.mujstromecek.cz\/sk\/wp-json\/wp\/v2\/product"}],"about":[{"href":"https:\/\/old2024.mujstromecek.cz\/sk\/wp-json\/wp\/v2\/types\/product"}],"wp:featuredmedia":[{"embeddable":true,"href":"https:\/\/old2024.mujstromecek.cz\/sk\/wp-json\/wp\/v2\/media\/493445"}],"wp:attachment":[{"href":"https:\/\/old2024.mujstromecek.cz\/sk\/wp-json\/wp\/v2\/media?parent=366090"}],"wp:term":[{"taxonomy":"product_cat","embeddable":true,"href":"https:\/\/old2024.mujstromecek.cz\/sk\/wp-json\/wp\/v2\/product_cat?post=366090"},{"taxonomy":"product_tag","embeddable":true,"href":"https:\/\/old2024.mujstromecek.cz\/sk\/wp-json\/wp\/v2\/product_tag?post=366090"}],"curies":[{"name":"wp","href":"https:\/\/api.w.org\/{rel}","templated":true}]}}