{"id":361543,"date":"2023-08-30T17:50:52","date_gmt":"2023-09-28T12:00:22","guid":{"rendered":"https:\/\/mujstromecek.cz\/produkt\/smrek-kanadsky-zasnezeny-220-cm\/"},"modified":"2023-11-10T13:35:21","modified_gmt":"2023-11-10T13:35:21","slug":"smrek-kanadsky-zasnezeny-220-cm","status":"publish","type":"product","link":"https:\/\/old2024.mujstromecek.cz\/sk\/produkt\/smrek-kanadsky-zasnezeny-220-cm\/","title":{"rendered":"Smrek Kanadsk\u00fd zasne\u017een\u00fd 220 cm"},"content":{"rendered":"<h3><strong>Popis strom\u010deka:<\/strong><\/h3>\n<p>Smrek Kanadsk&yacute; zasne\u017een&yacute; 220 cm <strong>so zabudovan&yacute;mi &scaron;i&scaron;kami.<\/strong> <strong>Kvalitn&yacute; 3D<\/strong> ihli\u010die zaru\u010duje realistick&yacute; vzh\u013ead strom\u010deka. Perfektne sa hod&iacute; sa do <strong>priestrannej&scaron;&iacute;ch<\/strong> interi&eacute;rov. Unik&aacute;tny vzh\u013ead strom\u010dekov z kolekcie&nbsp;<strong>PREMIUM<\/strong>&nbsp;zais\u0165uje n&aacute;&scaron; sk&uacute;sen&yacute; t&iacute;m produktov&yacute;ch dizajn&eacute;rov.<\/p>\n<p>Strom\u010dek vyk&uacute;zli vo Va&scaron;om domove <strong>svoj&iacute;m pr&iacute;rodn&yacute;m<\/strong> vzh\u013eadom t&uacute; prav&uacute; Viano\u010dn&uacute; atmosf&eacute;ru. M&ocirc;\u017eete si ho ozdobi\u0165 \u013eubovo\u013ene, <strong>pod\u013ea V&aacute;&scaron;ho vkusu.<\/strong><\/p>\n<p>Ku strom\u010deka od n&aacute;s <strong>ZADARMO<\/strong> dostanete <strong>pevn&yacute; kovov&yacute; stojan<\/strong> s gumov&yacute;mi no\u017ei\u010dkami a <strong>pevn&uacute; kart&oacute;nov&uacute; krabicu<\/strong> pre uchovanie strom\u010deka.<\/p>\n<h3><strong>Sp&ocirc;sob zostavenia<\/strong><\/h3>\n<p>Rovnako ako u v&scaron;etk&yacute;ch na&scaron;ich strom\u010dekov, je aj tento <strong>\u013eahk&eacute; zostavi\u0165<\/strong> a \u010falej s \u0148ou manipulova\u0165. Syst&eacute;m zostavenie <strong>Snap Tree&trade;<\/strong> je <strong>premiov&yacute;m<\/strong> <strong>rie&scaron;en&iacute;m<\/strong>, ktor&eacute; v&aacute;m <strong>u\u013eah\u010dia pr&aacute;cu<\/strong> so zostaven&iacute;m strom\u010deka. U kon&aacute;rov sa nach&aacute;dza k\u013ab, ktor&yacute; ke\u010f strom\u010dek postav&iacute;te do stojanu zaist&iacute;, aby sa hlavn&eacute; vetvy <strong>automaticky rozlo\u017eili<\/strong> v ur\u010ditom sklone a na V&aacute;s u\u017e potom len ost&aacute;va iba &uacute;prava men&scaron;&iacute;ch vetvi\u010diek <strong>pod\u013ea V&aacute;&scaron;ho vkusu.<\/strong><\/p>\n<p>Prajeme V&aacute;m pr&iacute;jemne str&aacute;ven&eacute; Viano\u010dn&eacute; sviatky!<\/p>\n","protected":false},"excerpt":{"rendered":"<p>Smrek Kanadsk&yacute; zasne\u017een&yacute; 220 cm so zabudovan&yacute;mi <strong>&scaron;i&scaron;kami a snehovo bielymi kon\u010deky vetvi\u010diek<\/strong>. <strong>Kvalitn&yacute; 3D ihli\u010die<\/strong> zaru\u010duje realistick&yacute; vzh\u013ead strom\u010deka. <strong>Unik&aacute;tny vzh\u013ead<\/strong> strom\u010dekov z kolekcie <strong>PREMIUM&nbsp;<\/strong>zais\u0165uje n&aacute;&scaron; <strong>sk&uacute;sen&yacute; t&iacute;m<\/strong> produktov&yacute;ch dizajn&eacute;rov.<\/p>\n","protected":false},"featured_media":368059,"template":"","meta":[],"product_cat":[3817],"product_tag":[3893,378,4648,4661],"class_list":["post-361543","product","type-product","status-publish","has-post-thumbnail","hentry","product_cat-premium-sk","product_tag-220-cm-sk","product_tag-3d-sk-2","product_tag-doprava-zdarma-sk","product_tag-premium-sk","pa_druh-smrk-sk","pa_jehlici-3d-premium-snow-sk","pa_krabice-35-35-120-sk","pa_pocet-rad-16-sk-2","pa_sirka-138-sk","pa_stojan-kovovy-sk","pa_vaha-1342-sk-2","pa_vetvicky-2827-sk","pa_vetvicky-celkem-2827-sk","pa_vetvicky-pe-pvc-1650-1144-sk","pa_vlastnosti-s-ozdobami-sk","pa_vyska-220-sk","pa_vyska-od-zeme-22-sk"],"featured_image_urls":{"full":["https:\/\/old2024.mujstromecek.cz\/wp-content\/uploads\/2023\/08\/s1-2130.jpg",640,860,false],"thumbnail":["https:\/\/old2024.mujstromecek.cz\/wp-content\/uploads\/2023\/08\/s1-2130-150x150.jpg",150,150,true],"medium":["https:\/\/old2024.mujstromecek.cz\/wp-content\/uploads\/2023\/08\/s1-2130-223x300.jpg",223,300,true],"medium_large":["https:\/\/old2024.mujstromecek.cz\/wp-content\/uploads\/2023\/08\/s1-2130.jpg",640,860,false],"large":["https:\/\/old2024.mujstromecek.cz\/wp-content\/uploads\/2023\/08\/s1-2130.jpg",640,860,false],"1536x1536":["https:\/\/old2024.mujstromecek.cz\/wp-content\/uploads\/2023\/08\/s1-2130.jpg",640,860,false],"2048x2048":["https:\/\/old2024.mujstromecek.cz\/wp-content\/uploads\/2023\/08\/s1-2130.jpg",640,860,false],"woocommerce_thumbnail":["https:\/\/old2024.mujstromecek.cz\/wp-content\/uploads\/2023\/08\/s1-2130-300x403.jpg",300,403,true],"woocommerce_single":["https:\/\/old2024.mujstromecek.cz\/wp-content\/uploads\/2023\/08\/s1-2130-600x806.jpg",600,806,true],"woocommerce_gallery_thumbnail":["https:\/\/old2024.mujstromecek.cz\/wp-content\/uploads\/2023\/08\/s1-2130-100x100.jpg",100,100,true]},"post_excerpt_stackable":"<p>Smrek Kanadsk&yacute; zasne\u017een&yacute; 220 cm so zabudovan&yacute;mi <strong>&scaron;i&scaron;kami a snehovo bielymi kon\u010deky vetvi\u010diek<\/strong>. <strong>Kvalitn&yacute; 3D ihli\u010die<\/strong> zaru\u010duje realistick&yacute; vzh\u013ead strom\u010deka. <strong>Unik&aacute;tny vzh\u013ead<\/strong> strom\u010dekov z kolekcie <strong>PREMIUM&nbsp;<\/strong>zais\u0165uje n&aacute;&scaron; <strong>sk&uacute;sen&yacute; t&iacute;m<\/strong> produktov&yacute;ch dizajn&eacute;rov.<\/p>\n","category_list":"","author_info":{"name":"","url":""},"comments_num":"0 comments","featured_image_urls_v2":{"full":["https:\/\/old2024.mujstromecek.cz\/wp-content\/uploads\/2023\/08\/s1-2130.jpg",640,860,false],"thumbnail":["https:\/\/old2024.mujstromecek.cz\/wp-content\/uploads\/2023\/08\/s1-2130-150x150.jpg",150,150,true],"medium":["https:\/\/old2024.mujstromecek.cz\/wp-content\/uploads\/2023\/08\/s1-2130-223x300.jpg",223,300,true],"medium_large":["https:\/\/old2024.mujstromecek.cz\/wp-content\/uploads\/2023\/08\/s1-2130.jpg",640,860,false],"large":["https:\/\/old2024.mujstromecek.cz\/wp-content\/uploads\/2023\/08\/s1-2130.jpg",640,860,false],"1536x1536":["https:\/\/old2024.mujstromecek.cz\/wp-content\/uploads\/2023\/08\/s1-2130.jpg",640,860,false],"2048x2048":["https:\/\/old2024.mujstromecek.cz\/wp-content\/uploads\/2023\/08\/s1-2130.jpg",640,860,false],"woocommerce_thumbnail":["https:\/\/old2024.mujstromecek.cz\/wp-content\/uploads\/2023\/08\/s1-2130-300x403.jpg",300,403,true],"woocommerce_single":["https:\/\/old2024.mujstromecek.cz\/wp-content\/uploads\/2023\/08\/s1-2130-600x806.jpg",600,806,true],"woocommerce_gallery_thumbnail":["https:\/\/old2024.mujstromecek.cz\/wp-content\/uploads\/2023\/08\/s1-2130-100x100.jpg",100,100,true]},"post_excerpt_stackable_v2":"<p>Smrek Kanadsk&yacute; zasne\u017een&yacute; 220 cm so zabudovan&yacute;mi <strong>&scaron;i&scaron;kami a snehovo bielymi kon\u010deky vetvi\u010diek<\/strong>. <strong>Kvalitn&yacute; 3D ihli\u010die<\/strong> zaru\u010duje realistick&yacute; vzh\u013ead strom\u010deka. <strong>Unik&aacute;tny vzh\u013ead<\/strong> strom\u010dekov z kolekcie <strong>PREMIUM&nbsp;<\/strong>zais\u0165uje n&aacute;&scaron; <strong>sk&uacute;sen&yacute; t&iacute;m<\/strong> produktov&yacute;ch dizajn&eacute;rov.<\/p>\n","category_list_v2":"","author_info_v2":{"name":"","url":""},"comments_num_v2":"0 comments","yoast_head":"<!-- This site is optimized with the Yoast SEO plugin v21.1 - https:\/\/yoast.com\/wordpress\/plugins\/seo\/ -->\n<title>Smrek Kanadsk\u00fd zasne\u017een\u00fd 220 cm - M\u00d4J STROM\u010cEK.sk<\/title>\n<meta name=\"robots\" content=\"noindex, follow, max-snippet:-1, max-image-preview:large, max-video-preview:-1\" \/>\n<meta property=\"og:locale\" content=\"sk_SK\" \/>\n<meta property=\"og:type\" content=\"article\" \/>\n<meta property=\"og:title\" content=\"Smrek Kanadsk\u00fd zasne\u017een\u00fd 220 cm - M\u00d4J STROM\u010cEK.sk\" \/>\n<meta property=\"og:description\" content=\"Smrek Kanadsk&yacute; zasne\u017een&yacute; 220 cm so zabudovan&yacute;mi &scaron;i&scaron;kami a snehovo bielymi kon\u010deky vetvi\u010diek. Kvalitn&yacute; 3D ihli\u010die zaru\u010duje realistick&yacute; vzh\u013ead strom\u010deka. Unik&aacute;tny vzh\u013ead strom\u010dekov z kolekcie PREMIUM&nbsp;zais\u0165uje n&aacute;&scaron; sk&uacute;sen&yacute; t&iacute;m produktov&yacute;ch dizajn&eacute;rov.\" \/>\n<meta property=\"og:url\" content=\"https:\/\/old2024.mujstromecek.cz\/sk\/produkt\/smrek-kanadsky-zasnezeny-220-cm\/\" \/>\n<meta property=\"og:site_name\" content=\"M\u00d4J STROM\u010cEK.sk\" \/>\n<meta property=\"article:modified_time\" content=\"2023-11-10T13:35:21+00:00\" \/>\n<meta property=\"og:image\" content=\"https:\/\/mojstromcek.sk\/wp-content\/uploads\/2023\/08\/s1-2130.jpg\" \/>\n\t<meta property=\"og:image:width\" content=\"640\" \/>\n\t<meta property=\"og:image:height\" content=\"860\" \/>\n\t<meta property=\"og:image:type\" content=\"image\/jpeg\" \/>\n<meta name=\"twitter:card\" content=\"summary_large_image\" \/>\n<meta name=\"twitter:label1\" content=\"Predpokladan\u00fd \u010das \u010d\u00edtania\" \/>\n\t<meta name=\"twitter:data1\" content=\"1 min\u00fata\" \/>\n<script type=\"application\/ld+json\" class=\"yoast-schema-graph\">{\"@context\":\"https:\/\/schema.org\",\"@graph\":[{\"@type\":\"WebPage\",\"@id\":\"https:\/\/old2024.mujstromecek.cz\/sk\/produkt\/smrek-kanadsky-zasnezeny-220-cm\/\",\"url\":\"https:\/\/old2024.mujstromecek.cz\/sk\/produkt\/smrek-kanadsky-zasnezeny-220-cm\/\",\"name\":\"Smrek Kanadsk\u00fd zasne\u017een\u00fd 220 cm - M\u00d4J STROM\u010cEK.sk\",\"isPartOf\":{\"@id\":\"https:\/\/mojstromcek.sk\/#website\"},\"datePublished\":\"2023-09-28T12:00:22+00:00\",\"dateModified\":\"2023-11-10T13:35:21+00:00\",\"breadcrumb\":{\"@id\":\"https:\/\/old2024.mujstromecek.cz\/sk\/produkt\/smrek-kanadsky-zasnezeny-220-cm\/#breadcrumb\"},\"inLanguage\":\"sk-SK\",\"potentialAction\":[{\"@type\":\"ReadAction\",\"target\":[\"https:\/\/old2024.mujstromecek.cz\/sk\/produkt\/smrek-kanadsky-zasnezeny-220-cm\/\"]}]},{\"@type\":\"BreadcrumbList\",\"@id\":\"https:\/\/old2024.mujstromecek.cz\/sk\/produkt\/smrek-kanadsky-zasnezeny-220-cm\/#breadcrumb\",\"itemListElement\":[{\"@type\":\"ListItem\",\"position\":1,\"name\":\"Dom\u016f\",\"item\":\"https:\/\/old2024.mujstromecek.cz\/sk\/\"},{\"@type\":\"ListItem\",\"position\":2,\"name\":\"Shop\",\"item\":\"https:\/\/mojstromcek.sk\/shop\/\"},{\"@type\":\"ListItem\",\"position\":3,\"name\":\"Smrek Kanadsk\u00fd zasne\u017een\u00fd 220 cm\"}]},{\"@type\":\"WebSite\",\"@id\":\"https:\/\/mojstromcek.sk\/#website\",\"url\":\"https:\/\/mojstromcek.sk\/\",\"name\":\"M\u00d4J STROM\u010cEK.sk\",\"description\":\"Umel\u00e9 viano\u010dn\u00e9 strom\u010deky za skvel\u00e9 ceny!\",\"potentialAction\":[{\"@type\":\"SearchAction\",\"target\":{\"@type\":\"EntryPoint\",\"urlTemplate\":\"https:\/\/mojstromcek.sk\/?s={search_term_string}\"},\"query-input\":\"required name=search_term_string\"}],\"inLanguage\":\"sk-SK\"}]}<\/script>\n<!-- \/ Yoast SEO plugin. -->","yoast_head_json":{"title":"Smrek Kanadsk\u00fd zasne\u017een\u00fd 220 cm - M\u00d4J STROM\u010cEK.sk","robots":{"index":"noindex","follow":"follow","max-snippet":"max-snippet:-1","max-image-preview":"max-image-preview:large","max-video-preview":"max-video-preview:-1"},"og_locale":"sk_SK","og_type":"article","og_title":"Smrek Kanadsk\u00fd zasne\u017een\u00fd 220 cm - M\u00d4J STROM\u010cEK.sk","og_description":"Smrek Kanadsk&yacute; zasne\u017een&yacute; 220 cm so zabudovan&yacute;mi &scaron;i&scaron;kami a snehovo bielymi kon\u010deky vetvi\u010diek. Kvalitn&yacute; 3D ihli\u010die zaru\u010duje realistick&yacute; vzh\u013ead strom\u010deka. Unik&aacute;tny vzh\u013ead strom\u010dekov z kolekcie PREMIUM&nbsp;zais\u0165uje n&aacute;&scaron; sk&uacute;sen&yacute; t&iacute;m produktov&yacute;ch dizajn&eacute;rov.","og_url":"https:\/\/old2024.mujstromecek.cz\/sk\/produkt\/smrek-kanadsky-zasnezeny-220-cm\/","og_site_name":"M\u00d4J STROM\u010cEK.sk","article_modified_time":"2023-11-10T13:35:21+00:00","og_image":[{"width":640,"height":860,"url":"https:\/\/mojstromcek.sk\/wp-content\/uploads\/2023\/08\/s1-2130.jpg","type":"image\/jpeg"}],"twitter_card":"summary_large_image","twitter_misc":{"Predpokladan\u00fd \u010das \u010d\u00edtania":"1 min\u00fata"},"schema":{"@context":"https:\/\/schema.org","@graph":[{"@type":"WebPage","@id":"https:\/\/old2024.mujstromecek.cz\/sk\/produkt\/smrek-kanadsky-zasnezeny-220-cm\/","url":"https:\/\/old2024.mujstromecek.cz\/sk\/produkt\/smrek-kanadsky-zasnezeny-220-cm\/","name":"Smrek Kanadsk\u00fd zasne\u017een\u00fd 220 cm - M\u00d4J STROM\u010cEK.sk","isPartOf":{"@id":"https:\/\/mojstromcek.sk\/#website"},"datePublished":"2023-09-28T12:00:22+00:00","dateModified":"2023-11-10T13:35:21+00:00","breadcrumb":{"@id":"https:\/\/old2024.mujstromecek.cz\/sk\/produkt\/smrek-kanadsky-zasnezeny-220-cm\/#breadcrumb"},"inLanguage":"sk-SK","potentialAction":[{"@type":"ReadAction","target":["https:\/\/old2024.mujstromecek.cz\/sk\/produkt\/smrek-kanadsky-zasnezeny-220-cm\/"]}]},{"@type":"BreadcrumbList","@id":"https:\/\/old2024.mujstromecek.cz\/sk\/produkt\/smrek-kanadsky-zasnezeny-220-cm\/#breadcrumb","itemListElement":[{"@type":"ListItem","position":1,"name":"Dom\u016f","item":"https:\/\/old2024.mujstromecek.cz\/sk\/"},{"@type":"ListItem","position":2,"name":"Shop","item":"https:\/\/mojstromcek.sk\/shop\/"},{"@type":"ListItem","position":3,"name":"Smrek Kanadsk\u00fd zasne\u017een\u00fd 220 cm"}]},{"@type":"WebSite","@id":"https:\/\/mojstromcek.sk\/#website","url":"https:\/\/mojstromcek.sk\/","name":"M\u00d4J STROM\u010cEK.sk","description":"Umel\u00e9 viano\u010dn\u00e9 strom\u010deky za skvel\u00e9 ceny!","potentialAction":[{"@type":"SearchAction","target":{"@type":"EntryPoint","urlTemplate":"https:\/\/mojstromcek.sk\/?s={search_term_string}"},"query-input":"required name=search_term_string"}],"inLanguage":"sk-SK"}]}},"_links":{"self":[{"href":"https:\/\/old2024.mujstromecek.cz\/sk\/wp-json\/wp\/v2\/product\/361543","targetHints":{"allow":["GET"]}}],"collection":[{"href":"https:\/\/old2024.mujstromecek.cz\/sk\/wp-json\/wp\/v2\/product"}],"about":[{"href":"https:\/\/old2024.mujstromecek.cz\/sk\/wp-json\/wp\/v2\/types\/product"}],"wp:featuredmedia":[{"embeddable":true,"href":"https:\/\/old2024.mujstromecek.cz\/sk\/wp-json\/wp\/v2\/media\/368059"}],"wp:attachment":[{"href":"https:\/\/old2024.mujstromecek.cz\/sk\/wp-json\/wp\/v2\/media?parent=361543"}],"wp:term":[{"taxonomy":"product_cat","embeddable":true,"href":"https:\/\/old2024.mujstromecek.cz\/sk\/wp-json\/wp\/v2\/product_cat?post=361543"},{"taxonomy":"product_tag","embeddable":true,"href":"https:\/\/old2024.mujstromecek.cz\/sk\/wp-json\/wp\/v2\/product_tag?post=361543"}],"curies":[{"name":"wp","href":"https:\/\/api.w.org\/{rel}","templated":true}]}}