{"id":8667,"date":"2020-07-23T13:50:02","date_gmt":"2020-07-23T13:50:02","guid":{"rendered":"https:\/\/mujstromecek.cz\/vymena-tovaru\/"},"modified":"2022-10-28T15:31:27","modified_gmt":"2022-10-28T15:31:27","slug":"vymena-tovaru","status":"publish","type":"page","link":"https:\/\/old2024.mujstromecek.cz\/sk\/vymena-tovaru\/","title":{"rendered":"V\u00fdmena tovaru"},"content":{"rendered":"\n<h3 class=\"wp-block-heading\">Nevyhovuje v\u00e1m ve\u013ekos\u0165 strom\u010deka, pr\u00edpadne chcete strom\u010dek vymeni\u0165 za in\u00fd typ?<\/h3>\n\n<p>V\u00fdmena prebieha \u0161tandardne pod\u013ea ustanoven\u00edm \u00a7 1829 ods. 1 Ob\u010dianskeho z\u00e1konn\u00edka. V\u00fdmenu mo\u017eno teda uskuto\u010dni\u0165 do 14 dn\u00ed odo d\u0148a prv\u00e9ho prevzatia tovaru.<\/p>\n\n<h3 class=\"wp-block-heading\">Pokyny k v\u00fdmene<\/h3>\n\n<ol class=\"wp-block-list\"><li>Vytvorte si nov\u00fa objedn\u00e1vku s po\u017eadovan\u00fdm strom\u010dekom, ktor\u00fd v\u00e1m okam\u017eite za\u0161leme.<\/li><li>Vypl\u0148te online formul\u00e1r ni\u017e\u0161ie.<\/li><li>P\u00f4vodn\u00fd strom\u010dek n\u00e1m za\u0161lite v nepo\u0161kodenom obale nasp\u00e4\u0165 a my v\u00e1m vystav\u00edme dobropis.<\/li><\/ol>\n<h3 class=\"wp-block-heading\">Adresa pre zaslanie p\u00f4vodn\u00e9ho strom\u010deka:<\/h3>\n\n<ul class=\"wp-block-list\"><li>All4Customer, s.r.o.<\/li><li>Pohrani\u010dn\u00ed 25, 703 00 Ostrava<\/li><\/ul>\n<div style=\"height:20px\" aria-hidden=\"true\" class=\"wp-block-spacer\"><\/div>\n\n<p>Tovar, ktor\u00fd chcete vr\u00e1ti\u0165, mus\u00ed by\u0165 funk\u010dn\u00fd a nesmie javi\u0165 zn\u00e1mky pou\u017e\u00edvania. Mus\u00ed teda vyzera\u0165 rovnako, ako ke\u010f ste ho preberali a to vr\u00e1tane obalov\u00e9ho materi\u00e1lu a pr\u00edslu\u0161enstva. Ak objedn\u00e1vka obsahovala dar\u010dek, mus\u00ed by\u0165 tie\u017e vracan\u00fd v neporu\u0161enom stave. V pr\u00edpade, \u017ee tovar ponesie zn\u00e1mky pou\u017e\u00edvania, bude nami, \u010di v\u00fdrobcom uveden\u00fd do p\u00f4vodn\u00e9ho stavu. Toto je platen\u00e1 slu\u017eba, ktor\u00e1 v\u00e1m bude odpo\u010d\u00edtan\u00e1 od k\u00fapnej ceny tovaru, pri n\u00e1slednom dobropisovania.<\/p>\n\n<div style=\"height:20px\" aria-hidden=\"true\" class=\"wp-block-spacer\"><\/div>\n\n\t\t<div data-elementor-type=\"section\" data-elementor-id=\"16623\" class=\"elementor elementor-16623 elementor-16614\" data-elementor-post-type=\"elementor_library\">\n\t\t\t\t\t<div class=\"elementor-section-wrap\">\n\t\t\t\t\t\t\t\t<section class=\"elementor-section elementor-top-section elementor-element elementor-element-4e1132b7 elementor-section-boxed elementor-section-height-default elementor-section-height-default\" data-id=\"4e1132b7\" data-element_type=\"section\">\n\t\t\t\t\t\t<div class=\"elementor-container elementor-column-gap-default\">\n\t\t\t\t\t\t\t<div class=\"elementor-row\">\n\t\t\t\t\t<div class=\"elementor-column elementor-col-100 elementor-top-column elementor-element elementor-element-5e6fd6d\" data-id=\"5e6fd6d\" data-element_type=\"column\">\n\t\t\t<div class=\"elementor-column-wrap elementor-element-populated\">\n\t\t\t\t\t\t\t<div class=\"elementor-widget-wrap\">\n\t\t\t\t\t\t<div class=\"elementor-element elementor-element-27237ffb elementor-button-align-stretch elementor-widget elementor-widget-form\" data-id=\"27237ffb\" data-element_type=\"widget\" data-settings=\"{&quot;step_next_label&quot;:&quot;Dal\\u0161\\u00ed&quot;,&quot;step_previous_label&quot;:&quot;Zp\\u011bt&quot;,&quot;step_type&quot;:&quot;text&quot;,&quot;button_width&quot;:&quot;100&quot;}\" data-widget_type=\"form.default\">\n\t\t\t\t<div class=\"elementor-widget-container\">\n\t\t\t\t\t<form class=\"elementor-form\" method=\"post\" name=\"v\u00fdmena tovaru sk\">\n\t\t\t<input type=\"hidden\" name=\"post_id\" value=\"16623\"\/>\n\t\t\t<input type=\"hidden\" name=\"form_id\" value=\"27237ffb\"\/>\n\t\t\t<input type=\"hidden\" name=\"referer_title\" value=\"M\u00d4J STROM\u010cEK.sk\" \/>\n\n\t\t\t\n\t\t\t<div class=\"elementor-form-fields-wrapper elementor-labels-above\">\n\t\t\t\t\t\t\t\t<div class=\"elementor-field-type-html elementor-field-group elementor-column elementor-field-group-field_12262f6 elementor-col-100\">\n\t\t\t\t\t<p><span style=\"font-size: 24px\"><strong>1. Inform\u00e1cie o tovare<\/strong><\/span><\/p>\n\t\t\t\t<\/div>\n\t\t\t\t\t\t\t\t<div class=\"elementor-field-type-text elementor-field-group elementor-column elementor-field-group-c_objednavky elementor-col-50 elementor-field-required elementor-mark-required\">\n\t\t\t\t\t\t\t\t\t\t\t\t<label for=\"form-field-c_objednavky\" class=\"elementor-field-label\">\n\t\t\t\t\t\t\t\t\u010c\u00edslo objedn\u00e1vky alebo fakt\u00fary\t\t\t\t\t\t\t<\/label>\n\t\t\t\t\t\t\t\t\t\t\t\t\t\t<input size=\"1\" type=\"text\" name=\"form_fields[c_objednavky]\" id=\"form-field-c_objednavky\" class=\"elementor-field elementor-size-md  elementor-field-textual\" required=\"required\" aria-required=\"true\">\n\t\t\t\t\t\t\t\t\t\t\t<\/div>\n\t\t\t\t\t\t\t\t<div class=\"elementor-field-type-text elementor-field-group elementor-column elementor-field-group-nazev_produktu elementor-col-50 elementor-field-required elementor-mark-required\">\n\t\t\t\t\t\t\t\t\t\t\t\t<label for=\"form-field-nazev_produktu\" class=\"elementor-field-label\">\n\t\t\t\t\t\t\t\tN\u00e1zov produktu\t\t\t\t\t\t\t<\/label>\n\t\t\t\t\t\t\t\t\t\t\t\t\t\t<input size=\"1\" type=\"text\" name=\"form_fields[nazev_produktu]\" id=\"form-field-nazev_produktu\" class=\"elementor-field elementor-size-md  elementor-field-textual\" required=\"required\" aria-required=\"true\">\n\t\t\t\t\t\t\t\t\t\t\t<\/div>\n\t\t\t\t\t\t\t\t<div class=\"elementor-field-type-text elementor-field-group elementor-column elementor-field-group-field_15782a9 elementor-col-100\">\n\t\t\t\t\t\t\t\t\t\t\t\t<label for=\"form-field-field_15782a9\" class=\"elementor-field-label\">\n\t\t\t\t\t\t\t\t\u010c\u00edslo bankov\u00e9ho \u00fa\u010dtu pre preplatenie dobropisu\t\t\t\t\t\t\t<\/label>\n\t\t\t\t\t\t\t\t\t\t\t\t\t\t<input size=\"1\" type=\"text\" name=\"form_fields[field_15782a9]\" id=\"form-field-field_15782a9\" class=\"elementor-field elementor-size-md  elementor-field-textual\">\n\t\t\t\t\t\t\t\t\t\t\t<\/div>\n\t\t\t\t\t\t\t\t<div class=\"elementor-field-type-upload elementor-field-group elementor-column elementor-field-group-field_8883b1e elementor-col-33\">\n\t\t\t\t\t\t\t\t\t\t\t\t<label for=\"form-field-field_8883b1e\" class=\"elementor-field-label\">\n\t\t\t\t\t\t\t\tFotografie 1\t\t\t\t\t\t\t<\/label>\n\t\t\t\t\t\t\t\t<input type=\"file\" name=\"form_fields[field_8883b1e]\" id=\"form-field-field_8883b1e\" class=\"elementor-field elementor-size-md  elementor-upload-field\" data-maxsize=\"2\" data-maxsize-message=\"This file exceeds the maximum allowed size.\">\n\n\t\t\t\t\t\t<\/div>\n\t\t\t\t\t\t\t\t<div class=\"elementor-field-type-upload elementor-field-group elementor-column elementor-field-group-field_f35fdc5 elementor-col-33\">\n\t\t\t\t\t\t\t\t\t\t\t\t<label for=\"form-field-field_f35fdc5\" class=\"elementor-field-label\">\n\t\t\t\t\t\t\t\tFotografie 2\t\t\t\t\t\t\t<\/label>\n\t\t\t\t\t\t\t\t<input type=\"file\" name=\"form_fields[field_f35fdc5]\" id=\"form-field-field_f35fdc5\" class=\"elementor-field elementor-size-md  elementor-upload-field\" data-maxsize=\"2\" data-maxsize-message=\"This file exceeds the maximum allowed size.\">\n\n\t\t\t\t\t\t<\/div>\n\t\t\t\t\t\t\t\t<div class=\"elementor-field-type-upload elementor-field-group elementor-column elementor-field-group-field_f1875f1 elementor-col-33\">\n\t\t\t\t\t\t\t\t\t\t\t\t<label for=\"form-field-field_f1875f1\" class=\"elementor-field-label\">\n\t\t\t\t\t\t\t\tFotografie 3\t\t\t\t\t\t\t<\/label>\n\t\t\t\t\t\t\t\t<input type=\"file\" name=\"form_fields[field_f1875f1]\" id=\"form-field-field_f1875f1\" class=\"elementor-field elementor-size-md  elementor-upload-field\" data-maxsize=\"2\" data-maxsize-message=\"This file exceeds the maximum allowed size.\">\n\n\t\t\t\t\t\t<\/div>\n\t\t\t\t\t\t\t\t<div class=\"elementor-field-type-html elementor-field-group elementor-column elementor-field-group-field_9166ca4 elementor-col-100\">\n\t\t\t\t\t<p><span style=\"font-size: 24px\"><strong>2. Inform\u00e1cie o z\u00e1kazn\u00edkovi<\/strong><\/span><\/p>\n\t\t\t\t<\/div>\n\t\t\t\t\t\t\t\t<div class=\"elementor-field-type-text elementor-field-group elementor-column elementor-field-group-jmeno elementor-col-50 elementor-field-required elementor-mark-required\">\n\t\t\t\t\t\t\t\t\t\t\t\t<label for=\"form-field-jmeno\" class=\"elementor-field-label\">\n\t\t\t\t\t\t\t\tVa\u0161e meno a priezvisko\t\t\t\t\t\t\t<\/label>\n\t\t\t\t\t\t\t\t\t\t\t\t\t\t<input size=\"1\" type=\"text\" name=\"form_fields[jmeno]\" id=\"form-field-jmeno\" class=\"elementor-field elementor-size-md  elementor-field-textual\" required=\"required\" aria-required=\"true\">\n\t\t\t\t\t\t\t\t\t\t\t<\/div>\n\t\t\t\t\t\t\t\t<div class=\"elementor-field-type-text elementor-field-group elementor-column elementor-field-group-spolecnost elementor-col-50\">\n\t\t\t\t\t\t\t\t\t\t\t\t<label for=\"form-field-spolecnost\" class=\"elementor-field-label\">\n\t\t\t\t\t\t\t\tSpolo\u010dnos\u0165\t\t\t\t\t\t\t<\/label>\n\t\t\t\t\t\t\t\t\t\t\t\t\t\t<input size=\"1\" type=\"text\" name=\"form_fields[spolecnost]\" id=\"form-field-spolecnost\" class=\"elementor-field elementor-size-md  elementor-field-textual\">\n\t\t\t\t\t\t\t\t\t\t\t<\/div>\n\t\t\t\t\t\t\t\t<div class=\"elementor-field-type-text elementor-field-group elementor-column elementor-field-group-adresa elementor-col-33 elementor-field-required elementor-mark-required\">\n\t\t\t\t\t\t\t\t\t\t\t\t<label for=\"form-field-adresa\" class=\"elementor-field-label\">\n\t\t\t\t\t\t\t\tUlica a \u010d\u00edslo popisn\u00e9\t\t\t\t\t\t\t<\/label>\n\t\t\t\t\t\t\t\t\t\t\t\t\t\t<input size=\"1\" type=\"text\" name=\"form_fields[adresa]\" id=\"form-field-adresa\" class=\"elementor-field elementor-size-md  elementor-field-textual\" required=\"required\" aria-required=\"true\">\n\t\t\t\t\t\t\t\t\t\t\t<\/div>\n\t\t\t\t\t\t\t\t<div class=\"elementor-field-type-text elementor-field-group elementor-column elementor-field-group-mesto elementor-col-33 elementor-field-required elementor-mark-required\">\n\t\t\t\t\t\t\t\t\t\t\t\t<label for=\"form-field-mesto\" class=\"elementor-field-label\">\n\t\t\t\t\t\t\t\tMesto\t\t\t\t\t\t\t<\/label>\n\t\t\t\t\t\t\t\t\t\t\t\t\t\t<input size=\"1\" type=\"text\" name=\"form_fields[mesto]\" id=\"form-field-mesto\" class=\"elementor-field elementor-size-md  elementor-field-textual\" required=\"required\" aria-required=\"true\">\n\t\t\t\t\t\t\t\t\t\t\t<\/div>\n\t\t\t\t\t\t\t\t<div class=\"elementor-field-type-text elementor-field-group elementor-column elementor-field-group-psc elementor-col-33 elementor-field-required elementor-mark-required\">\n\t\t\t\t\t\t\t\t\t\t\t\t<label for=\"form-field-psc\" class=\"elementor-field-label\">\n\t\t\t\t\t\t\t\tPS\u010c\t\t\t\t\t\t\t<\/label>\n\t\t\t\t\t\t\t\t\t\t\t\t\t\t<input size=\"1\" type=\"text\" name=\"form_fields[psc]\" id=\"form-field-psc\" class=\"elementor-field elementor-size-md  elementor-field-textual\" required=\"required\" aria-required=\"true\">\n\t\t\t\t\t\t\t\t\t\t\t<\/div>\n\t\t\t\t\t\t\t\t<div class=\"elementor-field-type-text elementor-field-group elementor-column elementor-field-group-telefon elementor-col-50 elementor-field-required elementor-mark-required\">\n\t\t\t\t\t\t\t\t\t\t\t\t<label for=\"form-field-telefon\" class=\"elementor-field-label\">\n\t\t\t\t\t\t\t\tTelef\u00f3n\t\t\t\t\t\t\t<\/label>\n\t\t\t\t\t\t\t\t\t\t\t\t\t\t<input size=\"1\" type=\"text\" name=\"form_fields[telefon]\" id=\"form-field-telefon\" class=\"elementor-field elementor-size-md  elementor-field-textual\" required=\"required\" aria-required=\"true\">\n\t\t\t\t\t\t\t\t\t\t\t<\/div>\n\t\t\t\t\t\t\t\t<div class=\"elementor-field-type-email elementor-field-group elementor-column elementor-field-group-e_mail elementor-col-50 elementor-field-required elementor-mark-required\">\n\t\t\t\t\t\t\t\t\t\t\t\t<label for=\"form-field-e_mail\" class=\"elementor-field-label\">\n\t\t\t\t\t\t\t\tV\u00e1\u0161 e-mail\t\t\t\t\t\t\t<\/label>\n\t\t\t\t\t\t\t\t\t\t\t\t\t\t<input size=\"1\" type=\"email\" name=\"form_fields[e_mail]\" id=\"form-field-e_mail\" class=\"elementor-field elementor-size-md  elementor-field-textual\" required=\"required\" aria-required=\"true\">\n\t\t\t\t\t\t\t\t\t\t\t<\/div>\n\t\t\t\t\t\t\t\t<div class=\"elementor-field-type-textarea elementor-field-group elementor-column elementor-field-group-poznamka elementor-col-100\">\n\t\t\t\t\t\t\t\t\t\t\t\t<label for=\"form-field-poznamka\" class=\"elementor-field-label\">\n\t\t\t\t\t\t\t\tPozn\u00e1mka\t\t\t\t\t\t\t<\/label>\n\t\t\t\t\t\t<textarea class=\"elementor-field-textual elementor-field  elementor-size-md\" name=\"form_fields[poznamka]\" id=\"form-field-poznamka\" rows=\"4\"><\/textarea>\t\t\t\t<\/div>\n\t\t\t\t\t\t\t\t<div class=\"elementor-field-type-text\">\n\t\t\t\t\t<input size=\"1\" type=\"text\" name=\"form_fields[field_27ab9cb]\" id=\"form-field-field_27ab9cb\" class=\"elementor-field elementor-size-md \" style=\"display:none !important;\">\t\t\t\t<\/div>\n\t\t\t\t\t\t\t\t<div class=\"elementor-field-group elementor-column elementor-field-type-submit elementor-col-100 e-form__buttons\">\n\t\t\t\t\t<button type=\"submit\" class=\"elementor-button elementor-size-md\">\n\t\t\t\t\t\t<span >\n\t\t\t\t\t\t\t\t\t\t\t\t\t\t\t<span class=\" elementor-button-icon\">\n\t\t\t\t\t\t\t\t\t\t\t\t\t\t\t\t\t\t\t\t\t\t\t\t\t\t<\/span>\n\t\t\t\t\t\t\t\t\t\t\t\t\t\t\t\t\t\t\t\t\t\t<span class=\"elementor-button-text\">Odosla\u0165 formul\u00e1r<\/span>\n\t\t\t\t\t\t\t\t\t\t\t\t\t<\/span>\n\t\t\t\t\t<\/button>\n\t\t\t\t<\/div>\n\t\t\t<\/div>\n\t\t<\/form>\n\t\t\t\t<\/div>\n\t\t\t\t<\/div>\n\t\t\t\t\t\t<\/div>\n\t\t\t\t\t<\/div>\n\t\t<\/div>\n\t\t\t\t\t\t\t\t<\/div>\n\t\t\t\t\t<\/div>\n\t\t<\/section>\n\t\t\t\t\t\t\t<\/div>\n\t\t\t\t<\/div>\n\t\t\n","protected":false},"excerpt":{"rendered":"<p>Nevyhovuje v\u00e1m ve\u013ekos\u0165 strom\u010deka, pr\u00edpadne chcete strom\u010dek vymeni\u0165 za in\u00fd typ? V\u00fdmena prebieha \u0161tandardne pod\u013ea ustanoven\u00edm \u00a7 1829 ods. 1 Ob\u010dianskeho z\u00e1konn\u00edka. V\u00fdmenu mo\u017eno teda uskuto\u010dni\u0165 do 14 dn\u00ed odo d\u0148a prv\u00e9ho prevzatia tovaru. Pokyny k v\u00fdmene Vytvorte si nov\u00fa objedn\u00e1vku s po\u017eadovan\u00fdm strom\u010dekom, ktor\u00fd v\u00e1m okam\u017eite za\u0161leme. Vypl\u0148te online formul\u00e1r ni\u017e\u0161ie. P\u00f4vodn\u00fd strom\u010dek n\u00e1m [&hellip;]<\/p>\n","protected":false},"author":3,"featured_media":0,"parent":0,"menu_order":0,"comment_status":"closed","ping_status":"closed","template":"","meta":{"footnotes":""},"class_list":["post-8667","page","type-page","status-publish","hentry"],"featured_image_urls":{"full":"","thumbnail":"","medium":"","medium_large":"","large":"","1536x1536":"","2048x2048":"","woocommerce_thumbnail":"","woocommerce_single":"","woocommerce_gallery_thumbnail":""},"post_excerpt_stackable":"<p>Nevyhovuje v\u00e1m ve\u013ekos\u0165 strom\u010deka, pr\u00edpadne chcete strom\u010dek vymeni\u0165 za in\u00fd typ? V\u00fdmena prebieha \u0161tandardne pod\u013ea ustanoven\u00edm \u00a7 1829 ods. 1 Ob\u010dianskeho z\u00e1konn\u00edka. V\u00fdmenu mo\u017eno teda uskuto\u010dni\u0165 do 14 dn\u00ed odo d\u0148a prv\u00e9ho prevzatia tovaru. Pokyny k v\u00fdmene Vytvorte si nov\u00fa objedn\u00e1vku s po\u017eadovan\u00fdm strom\u010dekom, ktor\u00fd v\u00e1m okam\u017eite za\u0161leme.Vypl\u0148te online formul\u00e1r ni\u017e\u0161ie.P\u00f4vodn\u00fd strom\u010dek n\u00e1m za\u0161lite v nepo\u0161kodenom obale nasp\u00e4\u0165 a my v\u00e1m vystav\u00edme dobropis. Adresa pre zaslanie p\u00f4vodn\u00e9ho strom\u010deka: All4Customer, s.r.o.Pohrani\u010dn\u00ed 25, 703 00 Ostrava Tovar, ktor\u00fd chcete vr\u00e1ti\u0165, mus\u00ed by\u0165 funk\u010dn\u00fd a nesmie javi\u0165 zn\u00e1mky pou\u017e\u00edvania. Mus\u00ed teda vyzera\u0165 rovnako, ako ke\u010f ste ho preberali a to vr\u00e1tane obalov\u00e9ho materi\u00e1lu&hellip;<\/p>\n","category_list":"","author_info":{"name":"Tomas Turon","url":"https:\/\/old2024.mujstromecek.cz\/sk\/author\/tomas\/"},"comments_num":"0 comments","featured_image_urls_v2":{"full":"","thumbnail":"","medium":"","medium_large":"","large":"","1536x1536":"","2048x2048":"","woocommerce_thumbnail":"","woocommerce_single":"","woocommerce_gallery_thumbnail":""},"post_excerpt_stackable_v2":"<p>Nevyhovuje v\u00e1m ve\u013ekos\u0165 strom\u010deka, pr\u00edpadne chcete strom\u010dek vymeni\u0165 za in\u00fd typ? V\u00fdmena prebieha \u0161tandardne pod\u013ea ustanoven\u00edm \u00a7 1829 ods. 1 Ob\u010dianskeho z\u00e1konn\u00edka. V\u00fdmenu mo\u017eno teda uskuto\u010dni\u0165 do 14 dn\u00ed odo d\u0148a prv\u00e9ho prevzatia tovaru. Pokyny k v\u00fdmene Vytvorte si nov\u00fa objedn\u00e1vku s po\u017eadovan\u00fdm strom\u010dekom, ktor\u00fd v\u00e1m okam\u017eite za\u0161leme.Vypl\u0148te online formul\u00e1r ni\u017e\u0161ie.P\u00f4vodn\u00fd strom\u010dek n\u00e1m za\u0161lite v nepo\u0161kodenom obale nasp\u00e4\u0165 a my v\u00e1m vystav\u00edme dobropis. Adresa pre zaslanie p\u00f4vodn\u00e9ho strom\u010deka: All4Customer, s.r.o.Pohrani\u010dn\u00ed 25, 703 00 Ostrava Tovar, ktor\u00fd chcete vr\u00e1ti\u0165, mus\u00ed by\u0165 funk\u010dn\u00fd a nesmie javi\u0165 zn\u00e1mky pou\u017e\u00edvania. Mus\u00ed teda vyzera\u0165 rovnako, ako ke\u010f ste ho preberali a to vr\u00e1tane obalov\u00e9ho materi\u00e1lu&hellip;<\/p>\n","category_list_v2":"","author_info_v2":{"name":"Tomas Turon","url":"https:\/\/old2024.mujstromecek.cz\/sk\/author\/tomas\/"},"comments_num_v2":"0 comments","yoast_head":"<!-- This site is optimized with the Yoast SEO plugin v21.1 - https:\/\/yoast.com\/wordpress\/plugins\/seo\/ -->\n<title>V\u00fdmena tovaru - M\u00d4J STROM\u010cEK.sk<\/title>\n<meta name=\"robots\" content=\"noindex, follow, max-snippet:-1, max-image-preview:large, max-video-preview:-1\" \/>\n<meta property=\"og:locale\" content=\"sk_SK\" \/>\n<meta property=\"og:type\" content=\"article\" \/>\n<meta property=\"og:title\" content=\"V\u00fdmena tovaru - M\u00d4J STROM\u010cEK.sk\" \/>\n<meta property=\"og:description\" content=\"Nevyhovuje v\u00e1m ve\u013ekos\u0165 strom\u010deka, pr\u00edpadne chcete strom\u010dek vymeni\u0165 za in\u00fd typ? V\u00fdmena prebieha \u0161tandardne pod\u013ea ustanoven\u00edm \u00a7 1829 ods. 1 Ob\u010dianskeho z\u00e1konn\u00edka. V\u00fdmenu mo\u017eno teda uskuto\u010dni\u0165 do 14 dn\u00ed odo d\u0148a prv\u00e9ho prevzatia tovaru. Pokyny k v\u00fdmene Vytvorte si nov\u00fa objedn\u00e1vku s po\u017eadovan\u00fdm strom\u010dekom, ktor\u00fd v\u00e1m okam\u017eite za\u0161leme. Vypl\u0148te online formul\u00e1r ni\u017e\u0161ie. P\u00f4vodn\u00fd strom\u010dek n\u00e1m [&hellip;]\" \/>\n<meta property=\"og:url\" content=\"https:\/\/old2024.mujstromecek.cz\/sk\/vymena-tovaru\/\" \/>\n<meta property=\"og:site_name\" content=\"M\u00d4J STROM\u010cEK.sk\" \/>\n<meta property=\"article:modified_time\" content=\"2022-10-28T15:31:27+00:00\" \/>\n<meta name=\"twitter:card\" content=\"summary_large_image\" \/>\n<meta name=\"twitter:label1\" content=\"Predpokladan\u00fd \u010das \u010d\u00edtania\" \/>\n\t<meta name=\"twitter:data1\" content=\"1 min\u00fata\" \/>\n<script type=\"application\/ld+json\" class=\"yoast-schema-graph\">{\"@context\":\"https:\/\/schema.org\",\"@graph\":[{\"@type\":\"WebPage\",\"@id\":\"https:\/\/old2024.mujstromecek.cz\/sk\/vymena-tovaru\/\",\"url\":\"https:\/\/old2024.mujstromecek.cz\/sk\/vymena-tovaru\/\",\"name\":\"V\u00fdmena tovaru - M\u00d4J STROM\u010cEK.sk\",\"isPartOf\":{\"@id\":\"https:\/\/mojstromcek.sk\/#website\"},\"datePublished\":\"2020-07-23T13:50:02+00:00\",\"dateModified\":\"2022-10-28T15:31:27+00:00\",\"breadcrumb\":{\"@id\":\"https:\/\/old2024.mujstromecek.cz\/sk\/vymena-tovaru\/#breadcrumb\"},\"inLanguage\":\"sk-SK\",\"potentialAction\":[{\"@type\":\"ReadAction\",\"target\":[\"https:\/\/old2024.mujstromecek.cz\/sk\/vymena-tovaru\/\"]}]},{\"@type\":\"BreadcrumbList\",\"@id\":\"https:\/\/old2024.mujstromecek.cz\/sk\/vymena-tovaru\/#breadcrumb\",\"itemListElement\":[{\"@type\":\"ListItem\",\"position\":1,\"name\":\"Dom\u016f\",\"item\":\"https:\/\/old2024.mujstromecek.cz\/sk\/\"},{\"@type\":\"ListItem\",\"position\":2,\"name\":\"V\u00fdmena tovaru\"}]},{\"@type\":\"WebSite\",\"@id\":\"https:\/\/mojstromcek.sk\/#website\",\"url\":\"https:\/\/mojstromcek.sk\/\",\"name\":\"M\u00d4J STROM\u010cEK.sk\",\"description\":\"Umel\u00e9 viano\u010dn\u00e9 strom\u010deky za skvel\u00e9 ceny!\",\"potentialAction\":[{\"@type\":\"SearchAction\",\"target\":{\"@type\":\"EntryPoint\",\"urlTemplate\":\"https:\/\/mojstromcek.sk\/?s={search_term_string}\"},\"query-input\":\"required name=search_term_string\"}],\"inLanguage\":\"sk-SK\"}]}<\/script>\n<!-- \/ Yoast SEO plugin. -->","yoast_head_json":{"title":"V\u00fdmena tovaru - M\u00d4J STROM\u010cEK.sk","robots":{"index":"noindex","follow":"follow","max-snippet":"max-snippet:-1","max-image-preview":"max-image-preview:large","max-video-preview":"max-video-preview:-1"},"og_locale":"sk_SK","og_type":"article","og_title":"V\u00fdmena tovaru - M\u00d4J STROM\u010cEK.sk","og_description":"Nevyhovuje v\u00e1m ve\u013ekos\u0165 strom\u010deka, pr\u00edpadne chcete strom\u010dek vymeni\u0165 za in\u00fd typ? V\u00fdmena prebieha \u0161tandardne pod\u013ea ustanoven\u00edm \u00a7 1829 ods. 1 Ob\u010dianskeho z\u00e1konn\u00edka. V\u00fdmenu mo\u017eno teda uskuto\u010dni\u0165 do 14 dn\u00ed odo d\u0148a prv\u00e9ho prevzatia tovaru. Pokyny k v\u00fdmene Vytvorte si nov\u00fa objedn\u00e1vku s po\u017eadovan\u00fdm strom\u010dekom, ktor\u00fd v\u00e1m okam\u017eite za\u0161leme. Vypl\u0148te online formul\u00e1r ni\u017e\u0161ie. P\u00f4vodn\u00fd strom\u010dek n\u00e1m [&hellip;]","og_url":"https:\/\/old2024.mujstromecek.cz\/sk\/vymena-tovaru\/","og_site_name":"M\u00d4J STROM\u010cEK.sk","article_modified_time":"2022-10-28T15:31:27+00:00","twitter_card":"summary_large_image","twitter_misc":{"Predpokladan\u00fd \u010das \u010d\u00edtania":"1 min\u00fata"},"schema":{"@context":"https:\/\/schema.org","@graph":[{"@type":"WebPage","@id":"https:\/\/old2024.mujstromecek.cz\/sk\/vymena-tovaru\/","url":"https:\/\/old2024.mujstromecek.cz\/sk\/vymena-tovaru\/","name":"V\u00fdmena tovaru - M\u00d4J STROM\u010cEK.sk","isPartOf":{"@id":"https:\/\/mojstromcek.sk\/#website"},"datePublished":"2020-07-23T13:50:02+00:00","dateModified":"2022-10-28T15:31:27+00:00","breadcrumb":{"@id":"https:\/\/old2024.mujstromecek.cz\/sk\/vymena-tovaru\/#breadcrumb"},"inLanguage":"sk-SK","potentialAction":[{"@type":"ReadAction","target":["https:\/\/old2024.mujstromecek.cz\/sk\/vymena-tovaru\/"]}]},{"@type":"BreadcrumbList","@id":"https:\/\/old2024.mujstromecek.cz\/sk\/vymena-tovaru\/#breadcrumb","itemListElement":[{"@type":"ListItem","position":1,"name":"Dom\u016f","item":"https:\/\/old2024.mujstromecek.cz\/sk\/"},{"@type":"ListItem","position":2,"name":"V\u00fdmena tovaru"}]},{"@type":"WebSite","@id":"https:\/\/mojstromcek.sk\/#website","url":"https:\/\/mojstromcek.sk\/","name":"M\u00d4J STROM\u010cEK.sk","description":"Umel\u00e9 viano\u010dn\u00e9 strom\u010deky za skvel\u00e9 ceny!","potentialAction":[{"@type":"SearchAction","target":{"@type":"EntryPoint","urlTemplate":"https:\/\/mojstromcek.sk\/?s={search_term_string}"},"query-input":"required name=search_term_string"}],"inLanguage":"sk-SK"}]}},"_links":{"self":[{"href":"https:\/\/old2024.mujstromecek.cz\/sk\/wp-json\/wp\/v2\/pages\/8667","targetHints":{"allow":["GET"]}}],"collection":[{"href":"https:\/\/old2024.mujstromecek.cz\/sk\/wp-json\/wp\/v2\/pages"}],"about":[{"href":"https:\/\/old2024.mujstromecek.cz\/sk\/wp-json\/wp\/v2\/types\/page"}],"author":[{"embeddable":true,"href":"https:\/\/old2024.mujstromecek.cz\/sk\/wp-json\/wp\/v2\/users\/3"}],"replies":[{"embeddable":true,"href":"https:\/\/old2024.mujstromecek.cz\/sk\/wp-json\/wp\/v2\/comments?post=8667"}],"version-history":[{"count":1,"href":"https:\/\/old2024.mujstromecek.cz\/sk\/wp-json\/wp\/v2\/pages\/8667\/revisions"}],"predecessor-version":[{"id":206235,"href":"https:\/\/old2024.mujstromecek.cz\/sk\/wp-json\/wp\/v2\/pages\/8667\/revisions\/206235"}],"wp:attachment":[{"href":"https:\/\/old2024.mujstromecek.cz\/sk\/wp-json\/wp\/v2\/media?parent=8667"}],"curies":[{"name":"wp","href":"https:\/\/api.w.org\/{rel}","templated":true}]}}