{"id":8665,"date":"2020-07-23T13:47:29","date_gmt":"2020-07-23T13:47:29","guid":{"rendered":"https:\/\/mujstromecek.cz\/vratenie-tovaru\/"},"modified":"2024-07-05T15:29:50","modified_gmt":"2024-07-05T15:29:50","slug":"vratenie-tovaru","status":"publish","type":"page","link":"https:\/\/old2024.mujstromecek.cz\/sk\/vratenie-tovaru\/","title":{"rendered":"Vr\u00e1tenie tovaru"},"content":{"rendered":"\n<h3 class=\"wp-block-heading\">Ve\u013emi n\u00e1s mrz\u00ed n\u00e1s, \u017ee nie ste s na\u0161im strom\u010dekom spokojn\u00ed a chcete ho vr\u00e1ti\u0165.<\/h3>\n\n<p class=\"has-medium-font-size\"><p><strong>Ak pre v\u00e1s m\u00f4\u017eeme \u010doko\u013evek urobi\u0165,\u00a0<a href=\"https:\/\/mojstromcek.sk\/kontakty\/\">kontaktujte n\u00e1s pros\u00edm<\/a>, pok\u00fasime sa zo v\u0161etk\u00fdch s\u00edl vyjs\u0165 v\u00e1m v \u00fastrety k va\u0161ej spokojnosti.<\/strong><\/p><\/p>\n\n<p><em>Ak je k\u00fapna zmluva uzatvoren\u00e1 pomocou prostriedkov komunik\u00e1cie na dia\u013eku, m\u00e1 kupuj\u00faci spotrebite\u013e v s\u00falade s ustanoven\u00edm \u00a7 1829 ods. 1 Ob\u010dianskeho z\u00e1konn\u00edka pr\u00e1vo odst\u00fapi\u0165 od zmluvy do 14 dn\u00ed od prevzatia tovaru. Odst\u00fapenie od zmluvy mus\u00ed by\u0165 doru\u010den\u00e9 najnesk\u00f4r posledn\u00fd de\u0148 14 d\u0148ovej lehoty.<\/em><\/p>\n\n<p>Tovar, ktor\u00fd chcete vr\u00e1ti\u0165, mus\u00ed by\u0165 funk\u010dn\u00fd a nesmie javi\u0165 zn\u00e1mky pou\u017e\u00edvania. Mus\u00ed teda vyzera\u0165 rovnako, ako ke\u010f ste ho preberali a to vr\u00e1tane obalov\u00e9ho materi\u00e1lu a pr\u00edslu\u0161enstva. Ak objedn\u00e1vka obsahovala dar\u010dek, mus\u00ed by\u0165 tie\u017e vracan\u00fd v neporu\u0161enom stave. V pr\u00edpade, \u017ee tovar ponesie zn\u00e1mky pou\u017e\u00edvania, bude nami, \u010di v\u00fdrobcom uveden\u00fd do p\u00f4vodn\u00e9ho stavu. Toto je platen\u00e1 slu\u017eba, ktor\u00e1 v\u00e1m bude odpo\u010d\u00edtan\u00e1 od k\u00fapnej ceny tovaru, pri n\u00e1slednom dobropisovania.<\/p>\n\n<h4 class=\"wp-block-heading\">Po vyplnen\u00ed formul\u00e1ra ni\u017e\u0161ie po\u0161lite tovar na t\u00fato adresu:<\/h4>\n\n<p><p>All4Customer, s.r.o.<br\/>Pohrani\u010dn\u00ed 25<br\/>703 00 Ostrava<\/p><\/p>\n\n<p>Tovar je nutn\u00e9 zasla\u0165 nepo\u0161koden\u00fd a v origin\u00e1lnom obale.<\/p>\n\n<p>Po kontrole tovaru v\u00e1m bude vr\u00e1ten\u00e1 cel\u00e1 \u010diastka vr\u00e1tane po\u0161tovn\u00e9ho (iba v pr\u00edpade, \u017ee s\u00fa vr\u00e1ten\u00e9 v\u0161etky polo\u017eky objedn\u00e1vky). Cenu po\u0161tovn\u00e9ho sp\u00e4\u0165 od v\u00e1s do n\u00e1\u0161ho skladu je vo va\u0161ej r\u00e9\u017eii (neprepl\u00e1ca sa). Taktie\u017e odpor\u00fa\u010dame z\u00e1sielku odosla\u0165 doporu\u010dene a poisti\u0165 na hodnotu tovaru. Po kontrole nepou\u017eit\u00e9ho tovaru prebehne platba prevodom na bankov\u00fd \u00fa\u010det, ktor\u00fd ste uviedli vo formul\u00e1ri.<\/p>\n\n<h4 class=\"wp-block-heading\">Kupuj\u00faci spotrebite\u013e:<\/h4>\n\n<p>Kupuj\u00faci spotrebite\u013e alebo len spotrebite\u013e je osoba, ktor\u00e1 pri uzatv\u00e1ran\u00ed a plnen\u00ed zmluvy nejedn\u00e1 v r\u00e1mci svojej obchodnej alebo inej podnikate\u013eskej \u010dinnosti.<\/p>\n\n\t\t<div data-elementor-type=\"section\" data-elementor-id=\"16590\" class=\"elementor elementor-16590 elementor-16581\" data-elementor-post-type=\"elementor_library\">\n\t\t\t\t\t<div class=\"elementor-section-wrap\">\n\t\t\t\t\t\t\t\t<section class=\"elementor-section elementor-top-section elementor-element elementor-element-111c831d elementor-section-boxed elementor-section-height-default elementor-section-height-default\" data-id=\"111c831d\" data-element_type=\"section\">\n\t\t\t\t\t\t<div class=\"elementor-container elementor-column-gap-default\">\n\t\t\t\t\t\t\t<div class=\"elementor-row\">\n\t\t\t\t\t<div class=\"elementor-column elementor-col-100 elementor-top-column elementor-element elementor-element-2694d2b\" data-id=\"2694d2b\" data-element_type=\"column\">\n\t\t\t<div class=\"elementor-column-wrap elementor-element-populated\">\n\t\t\t\t\t\t\t<div class=\"elementor-widget-wrap\">\n\t\t\t\t\t\t<div class=\"elementor-element elementor-element-1644dda elementor-button-align-stretch elementor-widget elementor-widget-form\" data-id=\"1644dda\" data-element_type=\"widget\" data-settings=\"{&quot;step_next_label&quot;:&quot;Dal\\u0161\\u00ed&quot;,&quot;step_previous_label&quot;:&quot;Zp\\u011bt&quot;,&quot;step_type&quot;:&quot;text&quot;,&quot;button_width&quot;:&quot;100&quot;}\" data-widget_type=\"form.default\">\n\t\t\t\t<div class=\"elementor-widget-container\">\n\t\t\t\t\t<form class=\"elementor-form\" method=\"post\" name=\"vr\u00e1cen\u00ed zbo\u017e\u00ed sk\">\n\t\t\t<input type=\"hidden\" name=\"post_id\" value=\"16590\"\/>\n\t\t\t<input type=\"hidden\" name=\"form_id\" value=\"1644dda\"\/>\n\t\t\t<input type=\"hidden\" name=\"referer_title\" value=\"M\u00d4J STROM\u010cEK.sk\" \/>\n\n\t\t\t\n\t\t\t<div class=\"elementor-form-fields-wrapper elementor-labels-above\">\n\t\t\t\t\t\t\t\t<div class=\"elementor-field-type-html elementor-field-group elementor-column elementor-field-group-field_12262f6 elementor-col-100\">\n\t\t\t\t\t<p><span style=\"font-size: 24px\"><strong>1. Inform\u00e1cie o tovare<\/strong><\/span><\/p>\n\t\t\t\t<\/div>\n\t\t\t\t\t\t\t\t<div class=\"elementor-field-type-text elementor-field-group elementor-column elementor-field-group-c_objednavky elementor-col-50 elementor-field-required elementor-mark-required\">\n\t\t\t\t\t\t\t\t\t\t\t\t<label for=\"form-field-c_objednavky\" class=\"elementor-field-label\">\n\t\t\t\t\t\t\t\t\u010c\u00edslo objedn\u00e1vky alebo fakt\u00fary\t\t\t\t\t\t\t<\/label>\n\t\t\t\t\t\t\t\t\t\t\t\t\t\t<input size=\"1\" type=\"text\" name=\"form_fields[c_objednavky]\" id=\"form-field-c_objednavky\" class=\"elementor-field elementor-size-md  elementor-field-textual\" required=\"required\" aria-required=\"true\">\n\t\t\t\t\t\t\t\t\t\t\t<\/div>\n\t\t\t\t\t\t\t\t<div class=\"elementor-field-type-text elementor-field-group elementor-column elementor-field-group-nazev_produktu elementor-col-50 elementor-field-required elementor-mark-required\">\n\t\t\t\t\t\t\t\t\t\t\t\t<label for=\"form-field-nazev_produktu\" class=\"elementor-field-label\">\n\t\t\t\t\t\t\t\tN\u00e1zov produktu\t\t\t\t\t\t\t<\/label>\n\t\t\t\t\t\t\t\t\t\t\t\t\t\t<input size=\"1\" type=\"text\" name=\"form_fields[nazev_produktu]\" id=\"form-field-nazev_produktu\" class=\"elementor-field elementor-size-md  elementor-field-textual\" required=\"required\" aria-required=\"true\">\n\t\t\t\t\t\t\t\t\t\t\t<\/div>\n\t\t\t\t\t\t\t\t<div class=\"elementor-field-type-text elementor-field-group elementor-column elementor-field-group-field_15782a9 elementor-col-100 elementor-field-required elementor-mark-required\">\n\t\t\t\t\t\t\t\t\t\t\t\t<label for=\"form-field-field_15782a9\" class=\"elementor-field-label\">\n\t\t\t\t\t\t\t\t\u010c\u00edslo bankovn\u00edho \u00fa\u010dtu v p\u0159\u00edpad\u011b dobropisu\t\t\t\t\t\t\t<\/label>\n\t\t\t\t\t\t\t\t\t\t\t\t\t\t<input size=\"1\" type=\"text\" name=\"form_fields[field_15782a9]\" id=\"form-field-field_15782a9\" class=\"elementor-field elementor-size-md  elementor-field-textual\" required=\"required\" aria-required=\"true\">\n\t\t\t\t\t\t\t\t\t\t\t<\/div>\n\t\t\t\t\t\t\t\t<div class=\"elementor-field-type-upload elementor-field-group elementor-column elementor-field-group-field_8883b1e elementor-col-33\">\n\t\t\t\t\t\t\t\t\t\t\t\t<label for=\"form-field-field_8883b1e\" class=\"elementor-field-label\">\n\t\t\t\t\t\t\t\tFotografie 1\t\t\t\t\t\t\t<\/label>\n\t\t\t\t\t\t\t\t<input type=\"file\" name=\"form_fields[field_8883b1e]\" id=\"form-field-field_8883b1e\" class=\"elementor-field elementor-size-md  elementor-upload-field\" data-maxsize=\"2\" data-maxsize-message=\"This file exceeds the maximum allowed size.\">\n\n\t\t\t\t\t\t<\/div>\n\t\t\t\t\t\t\t\t<div class=\"elementor-field-type-upload elementor-field-group elementor-column elementor-field-group-field_f35fdc5 elementor-col-33\">\n\t\t\t\t\t\t\t\t\t\t\t\t<label for=\"form-field-field_f35fdc5\" class=\"elementor-field-label\">\n\t\t\t\t\t\t\t\tFotografie 2\t\t\t\t\t\t\t<\/label>\n\t\t\t\t\t\t\t\t<input type=\"file\" name=\"form_fields[field_f35fdc5]\" id=\"form-field-field_f35fdc5\" class=\"elementor-field elementor-size-md  elementor-upload-field\" data-maxsize=\"2\" data-maxsize-message=\"This file exceeds the maximum allowed size.\">\n\n\t\t\t\t\t\t<\/div>\n\t\t\t\t\t\t\t\t<div class=\"elementor-field-type-upload elementor-field-group elementor-column elementor-field-group-field_f1875f1 elementor-col-33\">\n\t\t\t\t\t\t\t\t\t\t\t\t<label for=\"form-field-field_f1875f1\" class=\"elementor-field-label\">\n\t\t\t\t\t\t\t\tFotografie 3\t\t\t\t\t\t\t<\/label>\n\t\t\t\t\t\t\t\t<input type=\"file\" name=\"form_fields[field_f1875f1]\" id=\"form-field-field_f1875f1\" class=\"elementor-field elementor-size-md  elementor-upload-field\" data-maxsize=\"2\" data-maxsize-message=\"This file exceeds the maximum allowed size.\">\n\n\t\t\t\t\t\t<\/div>\n\t\t\t\t\t\t\t\t<div class=\"elementor-field-type-html elementor-field-group elementor-column elementor-field-group-field_9166ca4 elementor-col-100\">\n\t\t\t\t\t<p><span style=\"font-size: 24px\"><strong>2. Inform\u00e1cie o z\u00e1kazn\u00edkovi<\/strong><\/span><\/p>\n\t\t\t\t<\/div>\n\t\t\t\t\t\t\t\t<div class=\"elementor-field-type-text elementor-field-group elementor-column elementor-field-group-jmeno elementor-col-50 elementor-field-required elementor-mark-required\">\n\t\t\t\t\t\t\t\t\t\t\t\t<label for=\"form-field-jmeno\" class=\"elementor-field-label\">\n\t\t\t\t\t\t\t\tVa\u0161e meno a priezvisko\t\t\t\t\t\t\t<\/label>\n\t\t\t\t\t\t\t\t\t\t\t\t\t\t<input size=\"1\" type=\"text\" name=\"form_fields[jmeno]\" id=\"form-field-jmeno\" class=\"elementor-field elementor-size-md  elementor-field-textual\" required=\"required\" aria-required=\"true\">\n\t\t\t\t\t\t\t\t\t\t\t<\/div>\n\t\t\t\t\t\t\t\t<div class=\"elementor-field-type-text elementor-field-group elementor-column elementor-field-group-spolecnost elementor-col-50\">\n\t\t\t\t\t\t\t\t\t\t\t\t<label for=\"form-field-spolecnost\" class=\"elementor-field-label\">\n\t\t\t\t\t\t\t\tSpolo\u010dnos\u0165\t\t\t\t\t\t\t<\/label>\n\t\t\t\t\t\t\t\t\t\t\t\t\t\t<input size=\"1\" type=\"text\" name=\"form_fields[spolecnost]\" id=\"form-field-spolecnost\" class=\"elementor-field elementor-size-md  elementor-field-textual\">\n\t\t\t\t\t\t\t\t\t\t\t<\/div>\n\t\t\t\t\t\t\t\t<div class=\"elementor-field-type-text elementor-field-group elementor-column elementor-field-group-adresa elementor-col-33 elementor-field-required elementor-mark-required\">\n\t\t\t\t\t\t\t\t\t\t\t\t<label for=\"form-field-adresa\" class=\"elementor-field-label\">\n\t\t\t\t\t\t\t\tUlica a \u010d\u00edslo popisn\u00e9\t\t\t\t\t\t\t<\/label>\n\t\t\t\t\t\t\t\t\t\t\t\t\t\t<input size=\"1\" type=\"text\" name=\"form_fields[adresa]\" id=\"form-field-adresa\" class=\"elementor-field elementor-size-md  elementor-field-textual\" required=\"required\" aria-required=\"true\">\n\t\t\t\t\t\t\t\t\t\t\t<\/div>\n\t\t\t\t\t\t\t\t<div class=\"elementor-field-type-text elementor-field-group elementor-column elementor-field-group-mesto elementor-col-33 elementor-field-required elementor-mark-required\">\n\t\t\t\t\t\t\t\t\t\t\t\t<label for=\"form-field-mesto\" class=\"elementor-field-label\">\n\t\t\t\t\t\t\t\tMesto\t\t\t\t\t\t\t<\/label>\n\t\t\t\t\t\t\t\t\t\t\t\t\t\t<input size=\"1\" type=\"text\" name=\"form_fields[mesto]\" id=\"form-field-mesto\" class=\"elementor-field elementor-size-md  elementor-field-textual\" required=\"required\" aria-required=\"true\">\n\t\t\t\t\t\t\t\t\t\t\t<\/div>\n\t\t\t\t\t\t\t\t<div class=\"elementor-field-type-text elementor-field-group elementor-column elementor-field-group-psc elementor-col-33 elementor-field-required elementor-mark-required\">\n\t\t\t\t\t\t\t\t\t\t\t\t<label for=\"form-field-psc\" class=\"elementor-field-label\">\n\t\t\t\t\t\t\t\tPS\u010c\t\t\t\t\t\t\t<\/label>\n\t\t\t\t\t\t\t\t\t\t\t\t\t\t<input size=\"1\" type=\"text\" name=\"form_fields[psc]\" id=\"form-field-psc\" class=\"elementor-field elementor-size-md  elementor-field-textual\" required=\"required\" aria-required=\"true\">\n\t\t\t\t\t\t\t\t\t\t\t<\/div>\n\t\t\t\t\t\t\t\t<div class=\"elementor-field-type-text elementor-field-group elementor-column elementor-field-group-telefon elementor-col-50 elementor-field-required elementor-mark-required\">\n\t\t\t\t\t\t\t\t\t\t\t\t<label for=\"form-field-telefon\" class=\"elementor-field-label\">\n\t\t\t\t\t\t\t\tTelef\u00f3n\t\t\t\t\t\t\t<\/label>\n\t\t\t\t\t\t\t\t\t\t\t\t\t\t<input size=\"1\" type=\"text\" name=\"form_fields[telefon]\" id=\"form-field-telefon\" class=\"elementor-field elementor-size-md  elementor-field-textual\" required=\"required\" aria-required=\"true\">\n\t\t\t\t\t\t\t\t\t\t\t<\/div>\n\t\t\t\t\t\t\t\t<div class=\"elementor-field-type-email elementor-field-group elementor-column elementor-field-group-e_mail elementor-col-50 elementor-field-required elementor-mark-required\">\n\t\t\t\t\t\t\t\t\t\t\t\t<label for=\"form-field-e_mail\" class=\"elementor-field-label\">\n\t\t\t\t\t\t\t\tV\u00e1\u0161 e-mail\t\t\t\t\t\t\t<\/label>\n\t\t\t\t\t\t\t\t\t\t\t\t\t\t<input size=\"1\" type=\"email\" name=\"form_fields[e_mail]\" id=\"form-field-e_mail\" class=\"elementor-field elementor-size-md  elementor-field-textual\" required=\"required\" aria-required=\"true\">\n\t\t\t\t\t\t\t\t\t\t\t<\/div>\n\t\t\t\t\t\t\t\t<div class=\"elementor-field-type-textarea elementor-field-group elementor-column elementor-field-group-poznamka elementor-col-100\">\n\t\t\t\t\t\t\t\t\t\t\t\t<label for=\"form-field-poznamka\" class=\"elementor-field-label\">\n\t\t\t\t\t\t\t\tPozn\u00e1mka\t\t\t\t\t\t\t<\/label>\n\t\t\t\t\t\t<textarea class=\"elementor-field-textual elementor-field  elementor-size-md\" name=\"form_fields[poznamka]\" id=\"form-field-poznamka\" rows=\"4\"><\/textarea>\t\t\t\t<\/div>\n\t\t\t\t\t\t\t\t<div class=\"elementor-field-type-text\">\n\t\t\t\t\t<input size=\"1\" type=\"text\" name=\"form_fields[field_27ab9cb]\" id=\"form-field-field_27ab9cb\" class=\"elementor-field elementor-size-md \" style=\"display:none !important;\">\t\t\t\t<\/div>\n\t\t\t\t\t\t\t\t<div class=\"elementor-field-group elementor-column elementor-field-type-submit elementor-col-100 e-form__buttons\">\n\t\t\t\t\t<button type=\"submit\" class=\"elementor-button elementor-size-md\">\n\t\t\t\t\t\t<span >\n\t\t\t\t\t\t\t\t\t\t\t\t\t\t\t<span class=\" elementor-button-icon\">\n\t\t\t\t\t\t\t\t\t\t\t\t\t\t\t\t\t\t\t\t\t\t\t\t\t\t<\/span>\n\t\t\t\t\t\t\t\t\t\t\t\t\t\t\t\t\t\t\t\t\t\t<span class=\"elementor-button-text\">Odosla\u0165 formul\u00e1r<\/span>\n\t\t\t\t\t\t\t\t\t\t\t\t\t<\/span>\n\t\t\t\t\t<\/button>\n\t\t\t\t<\/div>\n\t\t\t<\/div>\n\t\t<\/form>\n\t\t\t\t<\/div>\n\t\t\t\t<\/div>\n\t\t\t\t\t\t<\/div>\n\t\t\t\t\t<\/div>\n\t\t<\/div>\n\t\t\t\t\t\t\t\t<\/div>\n\t\t\t\t\t<\/div>\n\t\t<\/section>\n\t\t\t\t\t\t\t<\/div>\n\t\t\t\t<\/div>\n\t\t\n","protected":false},"excerpt":{"rendered":"<p>Ve\u013emi n\u00e1s mrz\u00ed n\u00e1s, \u017ee nie ste s na\u0161im strom\u010dekom spokojn\u00ed a chcete ho vr\u00e1ti\u0165. Ak pre v\u00e1s m\u00f4\u017eeme \u010doko\u013evek urobi\u0165,\u00a0kontaktujte n\u00e1s pros\u00edm, pok\u00fasime sa zo v\u0161etk\u00fdch s\u00edl vyjs\u0165 v\u00e1m v \u00fastrety k va\u0161ej spokojnosti. Ak je k\u00fapna zmluva uzatvoren\u00e1 pomocou prostriedkov komunik\u00e1cie na dia\u013eku, m\u00e1 kupuj\u00faci spotrebite\u013e v s\u00falade s ustanoven\u00edm \u00a7 1829 ods. [&hellip;]<\/p>\n","protected":false},"author":3,"featured_media":0,"parent":0,"menu_order":0,"comment_status":"closed","ping_status":"closed","template":"","meta":{"footnotes":""},"class_list":["post-8665","page","type-page","status-publish","hentry"],"featured_image_urls":{"full":"","thumbnail":"","medium":"","medium_large":"","large":"","1536x1536":"","2048x2048":"","woocommerce_thumbnail":"","woocommerce_single":"","woocommerce_gallery_thumbnail":""},"post_excerpt_stackable":"<p>Ve\u013emi n\u00e1s mrz\u00ed n\u00e1s, \u017ee nie ste s na\u0161im strom\u010dekom spokojn\u00ed a chcete ho vr\u00e1ti\u0165. Ak pre v\u00e1s m\u00f4\u017eeme \u010doko\u013evek urobi\u0165,\u00a0kontaktujte n\u00e1s pros\u00edm, pok\u00fasime sa zo v\u0161etk\u00fdch s\u00edl vyjs\u0165 v\u00e1m v \u00fastrety k va\u0161ej spokojnosti. Ak je k\u00fapna zmluva uzatvoren\u00e1 pomocou prostriedkov komunik\u00e1cie na dia\u013eku, m\u00e1 kupuj\u00faci spotrebite\u013e v s\u00falade s ustanoven\u00edm \u00a7 1829 ods. 1 Ob\u010dianskeho z\u00e1konn\u00edka pr\u00e1vo odst\u00fapi\u0165 od zmluvy do 14 dn\u00ed od prevzatia tovaru. Odst\u00fapenie od zmluvy mus\u00ed by\u0165 doru\u010den\u00e9 najnesk\u00f4r posledn\u00fd de\u0148 14 d\u0148ovej lehoty. Tovar, ktor\u00fd chcete vr\u00e1ti\u0165, mus\u00ed by\u0165 funk\u010dn\u00fd a nesmie javi\u0165 zn\u00e1mky pou\u017e\u00edvania. Mus\u00ed teda vyzera\u0165 rovnako, ako ke\u010f ste ho&hellip;<\/p>\n","category_list":"","author_info":{"name":"Tomas Turon","url":"https:\/\/old2024.mujstromecek.cz\/sk\/author\/tomas\/"},"comments_num":"0 comments","featured_image_urls_v2":{"full":"","thumbnail":"","medium":"","medium_large":"","large":"","1536x1536":"","2048x2048":"","woocommerce_thumbnail":"","woocommerce_single":"","woocommerce_gallery_thumbnail":""},"post_excerpt_stackable_v2":"<p>Ve\u013emi n\u00e1s mrz\u00ed n\u00e1s, \u017ee nie ste s na\u0161im strom\u010dekom spokojn\u00ed a chcete ho vr\u00e1ti\u0165. Ak pre v\u00e1s m\u00f4\u017eeme \u010doko\u013evek urobi\u0165,\u00a0kontaktujte n\u00e1s pros\u00edm, pok\u00fasime sa zo v\u0161etk\u00fdch s\u00edl vyjs\u0165 v\u00e1m v \u00fastrety k va\u0161ej spokojnosti. Ak je k\u00fapna zmluva uzatvoren\u00e1 pomocou prostriedkov komunik\u00e1cie na dia\u013eku, m\u00e1 kupuj\u00faci spotrebite\u013e v s\u00falade s ustanoven\u00edm \u00a7 1829 ods. 1 Ob\u010dianskeho z\u00e1konn\u00edka pr\u00e1vo odst\u00fapi\u0165 od zmluvy do 14 dn\u00ed od prevzatia tovaru. Odst\u00fapenie od zmluvy mus\u00ed by\u0165 doru\u010den\u00e9 najnesk\u00f4r posledn\u00fd de\u0148 14 d\u0148ovej lehoty. Tovar, ktor\u00fd chcete vr\u00e1ti\u0165, mus\u00ed by\u0165 funk\u010dn\u00fd a nesmie javi\u0165 zn\u00e1mky pou\u017e\u00edvania. Mus\u00ed teda vyzera\u0165 rovnako, ako ke\u010f ste ho&hellip;<\/p>\n","category_list_v2":"","author_info_v2":{"name":"Tomas Turon","url":"https:\/\/old2024.mujstromecek.cz\/sk\/author\/tomas\/"},"comments_num_v2":"0 comments","yoast_head":"<!-- This site is optimized with the Yoast SEO plugin v21.1 - https:\/\/yoast.com\/wordpress\/plugins\/seo\/ -->\n<title>Vr\u00e1tenie tovaru - M\u00d4J STROM\u010cEK.sk<\/title>\n<meta name=\"robots\" content=\"noindex, follow, max-snippet:-1, max-image-preview:large, max-video-preview:-1\" \/>\n<meta property=\"og:locale\" content=\"sk_SK\" \/>\n<meta property=\"og:type\" content=\"article\" \/>\n<meta property=\"og:title\" content=\"Vr\u00e1tenie tovaru - M\u00d4J STROM\u010cEK.sk\" \/>\n<meta property=\"og:description\" content=\"Ve\u013emi n\u00e1s mrz\u00ed n\u00e1s, \u017ee nie ste s na\u0161im strom\u010dekom spokojn\u00ed a chcete ho vr\u00e1ti\u0165. Ak pre v\u00e1s m\u00f4\u017eeme \u010doko\u013evek urobi\u0165,\u00a0kontaktujte n\u00e1s pros\u00edm, pok\u00fasime sa zo v\u0161etk\u00fdch s\u00edl vyjs\u0165 v\u00e1m v \u00fastrety k va\u0161ej spokojnosti. Ak je k\u00fapna zmluva uzatvoren\u00e1 pomocou prostriedkov komunik\u00e1cie na dia\u013eku, m\u00e1 kupuj\u00faci spotrebite\u013e v s\u00falade s ustanoven\u00edm \u00a7 1829 ods. [&hellip;]\" \/>\n<meta property=\"og:url\" content=\"https:\/\/old2024.mujstromecek.cz\/sk\/vratenie-tovaru\/\" \/>\n<meta property=\"og:site_name\" content=\"M\u00d4J STROM\u010cEK.sk\" \/>\n<meta property=\"article:modified_time\" content=\"2024-07-05T15:29:50+00:00\" \/>\n<meta name=\"twitter:card\" content=\"summary_large_image\" \/>\n<meta name=\"twitter:label1\" content=\"Predpokladan\u00fd \u010das \u010d\u00edtania\" \/>\n\t<meta name=\"twitter:data1\" content=\"2 min\u00faty\" \/>\n<script type=\"application\/ld+json\" class=\"yoast-schema-graph\">{\"@context\":\"https:\/\/schema.org\",\"@graph\":[{\"@type\":\"WebPage\",\"@id\":\"https:\/\/old2024.mujstromecek.cz\/sk\/vratenie-tovaru\/\",\"url\":\"https:\/\/old2024.mujstromecek.cz\/sk\/vratenie-tovaru\/\",\"name\":\"Vr\u00e1tenie tovaru - M\u00d4J STROM\u010cEK.sk\",\"isPartOf\":{\"@id\":\"https:\/\/mojstromcek.sk\/#website\"},\"datePublished\":\"2020-07-23T13:47:29+00:00\",\"dateModified\":\"2024-07-05T15:29:50+00:00\",\"breadcrumb\":{\"@id\":\"https:\/\/old2024.mujstromecek.cz\/sk\/vratenie-tovaru\/#breadcrumb\"},\"inLanguage\":\"sk-SK\",\"potentialAction\":[{\"@type\":\"ReadAction\",\"target\":[\"https:\/\/old2024.mujstromecek.cz\/sk\/vratenie-tovaru\/\"]}]},{\"@type\":\"BreadcrumbList\",\"@id\":\"https:\/\/old2024.mujstromecek.cz\/sk\/vratenie-tovaru\/#breadcrumb\",\"itemListElement\":[{\"@type\":\"ListItem\",\"position\":1,\"name\":\"Dom\u016f\",\"item\":\"https:\/\/old2024.mujstromecek.cz\/sk\/\"},{\"@type\":\"ListItem\",\"position\":2,\"name\":\"Vr\u00e1tenie tovaru\"}]},{\"@type\":\"WebSite\",\"@id\":\"https:\/\/mojstromcek.sk\/#website\",\"url\":\"https:\/\/mojstromcek.sk\/\",\"name\":\"M\u00d4J STROM\u010cEK.sk\",\"description\":\"Umel\u00e9 viano\u010dn\u00e9 strom\u010deky za skvel\u00e9 ceny!\",\"potentialAction\":[{\"@type\":\"SearchAction\",\"target\":{\"@type\":\"EntryPoint\",\"urlTemplate\":\"https:\/\/mojstromcek.sk\/?s={search_term_string}\"},\"query-input\":\"required name=search_term_string\"}],\"inLanguage\":\"sk-SK\"}]}<\/script>\n<!-- \/ Yoast SEO plugin. -->","yoast_head_json":{"title":"Vr\u00e1tenie tovaru - M\u00d4J STROM\u010cEK.sk","robots":{"index":"noindex","follow":"follow","max-snippet":"max-snippet:-1","max-image-preview":"max-image-preview:large","max-video-preview":"max-video-preview:-1"},"og_locale":"sk_SK","og_type":"article","og_title":"Vr\u00e1tenie tovaru - M\u00d4J STROM\u010cEK.sk","og_description":"Ve\u013emi n\u00e1s mrz\u00ed n\u00e1s, \u017ee nie ste s na\u0161im strom\u010dekom spokojn\u00ed a chcete ho vr\u00e1ti\u0165. Ak pre v\u00e1s m\u00f4\u017eeme \u010doko\u013evek urobi\u0165,\u00a0kontaktujte n\u00e1s pros\u00edm, pok\u00fasime sa zo v\u0161etk\u00fdch s\u00edl vyjs\u0165 v\u00e1m v \u00fastrety k va\u0161ej spokojnosti. Ak je k\u00fapna zmluva uzatvoren\u00e1 pomocou prostriedkov komunik\u00e1cie na dia\u013eku, m\u00e1 kupuj\u00faci spotrebite\u013e v s\u00falade s ustanoven\u00edm \u00a7 1829 ods. [&hellip;]","og_url":"https:\/\/old2024.mujstromecek.cz\/sk\/vratenie-tovaru\/","og_site_name":"M\u00d4J STROM\u010cEK.sk","article_modified_time":"2024-07-05T15:29:50+00:00","twitter_card":"summary_large_image","twitter_misc":{"Predpokladan\u00fd \u010das \u010d\u00edtania":"2 min\u00faty"},"schema":{"@context":"https:\/\/schema.org","@graph":[{"@type":"WebPage","@id":"https:\/\/old2024.mujstromecek.cz\/sk\/vratenie-tovaru\/","url":"https:\/\/old2024.mujstromecek.cz\/sk\/vratenie-tovaru\/","name":"Vr\u00e1tenie tovaru - M\u00d4J STROM\u010cEK.sk","isPartOf":{"@id":"https:\/\/mojstromcek.sk\/#website"},"datePublished":"2020-07-23T13:47:29+00:00","dateModified":"2024-07-05T15:29:50+00:00","breadcrumb":{"@id":"https:\/\/old2024.mujstromecek.cz\/sk\/vratenie-tovaru\/#breadcrumb"},"inLanguage":"sk-SK","potentialAction":[{"@type":"ReadAction","target":["https:\/\/old2024.mujstromecek.cz\/sk\/vratenie-tovaru\/"]}]},{"@type":"BreadcrumbList","@id":"https:\/\/old2024.mujstromecek.cz\/sk\/vratenie-tovaru\/#breadcrumb","itemListElement":[{"@type":"ListItem","position":1,"name":"Dom\u016f","item":"https:\/\/old2024.mujstromecek.cz\/sk\/"},{"@type":"ListItem","position":2,"name":"Vr\u00e1tenie tovaru"}]},{"@type":"WebSite","@id":"https:\/\/mojstromcek.sk\/#website","url":"https:\/\/mojstromcek.sk\/","name":"M\u00d4J STROM\u010cEK.sk","description":"Umel\u00e9 viano\u010dn\u00e9 strom\u010deky za skvel\u00e9 ceny!","potentialAction":[{"@type":"SearchAction","target":{"@type":"EntryPoint","urlTemplate":"https:\/\/mojstromcek.sk\/?s={search_term_string}"},"query-input":"required name=search_term_string"}],"inLanguage":"sk-SK"}]}},"_links":{"self":[{"href":"https:\/\/old2024.mujstromecek.cz\/sk\/wp-json\/wp\/v2\/pages\/8665","targetHints":{"allow":["GET"]}}],"collection":[{"href":"https:\/\/old2024.mujstromecek.cz\/sk\/wp-json\/wp\/v2\/pages"}],"about":[{"href":"https:\/\/old2024.mujstromecek.cz\/sk\/wp-json\/wp\/v2\/types\/page"}],"author":[{"embeddable":true,"href":"https:\/\/old2024.mujstromecek.cz\/sk\/wp-json\/wp\/v2\/users\/3"}],"replies":[{"embeddable":true,"href":"https:\/\/old2024.mujstromecek.cz\/sk\/wp-json\/wp\/v2\/comments?post=8665"}],"version-history":[{"count":3,"href":"https:\/\/old2024.mujstromecek.cz\/sk\/wp-json\/wp\/v2\/pages\/8665\/revisions"}],"predecessor-version":[{"id":599216,"href":"https:\/\/old2024.mujstromecek.cz\/sk\/wp-json\/wp\/v2\/pages\/8665\/revisions\/599216"}],"wp:attachment":[{"href":"https:\/\/old2024.mujstromecek.cz\/sk\/wp-json\/wp\/v2\/media?parent=8665"}],"curies":[{"name":"wp","href":"https:\/\/api.w.org\/{rel}","templated":true}]}}