{"id":8365,"date":"2020-07-17T08:24:05","date_gmt":"2020-07-17T08:24:05","guid":{"rendered":"https:\/\/mujstromecek.cz\/sledovanie-zasielky\/"},"modified":"2020-12-05T22:46:41","modified_gmt":"2020-12-05T22:46:41","slug":"sledovanie-zasielky","status":"publish","type":"page","link":"https:\/\/old2024.mujstromecek.cz\/sk\/sledovanie-zasielky\/","title":{"rendered":"Sledovanie z\u00e1sielky"},"content":{"rendered":"\n\t\t<div data-elementor-type=\"section\" data-elementor-id=\"15592\" class=\"elementor elementor-15592 elementor-15583\" data-elementor-post-type=\"elementor_library\">\n\t\t\t\t\t<div class=\"elementor-section-wrap\">\n\t\t\t\t\t\t\t\t<section class=\"elementor-section elementor-top-section elementor-element elementor-element-f6b63da elementor-section-boxed elementor-section-height-default elementor-section-height-default\" data-id=\"f6b63da\" data-element_type=\"section\">\n\t\t\t\t\t\t<div class=\"elementor-container elementor-column-gap-default\">\n\t\t\t\t\t\t\t<div class=\"elementor-row\">\n\t\t\t\t\t<div class=\"elementor-column elementor-col-100 elementor-top-column elementor-element elementor-element-2cd8c22\" data-id=\"2cd8c22\" data-element_type=\"column\">\n\t\t\t<div class=\"elementor-column-wrap elementor-element-populated\">\n\t\t\t\t\t\t\t<div class=\"elementor-widget-wrap\">\n\t\t\t\t\t\t<div class=\"elementor-element elementor-element-e754087 elementor-widget elementor-widget-alert\" data-id=\"e754087\" data-element_type=\"widget\" data-widget_type=\"alert.default\">\n\t\t\t\t<div class=\"elementor-widget-container\">\n\t\t\t\t\t<div class=\"elementor-alert elementor-alert-warning\" role=\"alert\">\n\t\t\t<span class=\"elementor-alert-title\">V\u00e1\u017een\u00ed z\u00e1kazn\u00edci,<\/span>\n\t\t\t\t\t\t\t<span class=\"elementor-alert-description\"><p>dopravn\u00e1 spolo\u010dnos\u0165 DPD n\u00e1s informovala, \u017ee doru\u010denie objedn\u00e1vok m\u00f4\u017ee nabra\u0165 mierne oneskorenie. Doru\u010denie v\u00e1\u0161ho strom\u010deka sa tak m\u00f4\u017ee oneskori\u0165, ale nebojte sa, do Vianoc to stihneme!<\/p><\/span>\n\t\t\t\t\t\t\t\t\t\t<button type=\"button\" class=\"elementor-alert-dismiss\">\n\t\t\t\t\t\t\t\t\t\t\t<span aria-hidden=\"true\">&times;<\/span>\n\t\t\t\t\t\t\t\t\t\t<span class=\"elementor-screen-only\">Dismiss this alert.<\/span>\n\t\t\t\t<\/button>\n\t\t\t\t\t<\/div>\n\t\t\t\t<\/div>\n\t\t\t\t<\/div>\n\t\t\t\t\t\t<\/div>\n\t\t\t\t\t<\/div>\n\t\t<\/div>\n\t\t\t\t\t\t\t\t<\/div>\n\t\t\t\t\t<\/div>\n\t\t<\/section>\n\t\t\t\t\t\t\t<\/div>\n\t\t\t\t<\/div>\n\t\t\n\n\n\n<h2 class=\"wp-block-heading\"><p><strong>Svou z\u00e1silku m\u016f\u017eete sledovat zde: <\/strong><strong><a href=\"https:\/\/www.dpd.com\/sk\/sk\/cakam-balik\/sledovanie-balikov\/\">https:\/\/www.dpd.com\/sk\/sk\/cakam-balik\/sledovanie-balikov\/<\/a><\/strong><\/p>\r\n<p><strong>e-mail:&nbsp;<a id=\"mailto:dpd@dpd.sk\" href=\"mailto:dpd@dpd.sk\" target=\"_self\">dpd@dpd.sk&nbsp;<\/a>*<\/strong><\/p>\r\n<p>* v pracovn\u00e9 dni 8:00 &#8211; 17:00, na va\u0161u e-mailov\u00fa po\u017eiadavku odpovieme spravidla do 2 hod\u00edn.<\/p><\/h2>\n\n\n\n<p><p><b>DPD<\/b><\/p><\/p>\n","protected":false},"excerpt":{"rendered":"<p>Svou z\u00e1silku m\u016f\u017eete sledovat zde: https:\/\/www.dpd.com\/sk\/sk\/cakam-balik\/sledovanie-balikov\/ e-mail:&nbsp;dpd@dpd.sk&nbsp;* * v pracovn\u00e9 dni 8:00 &#8211; 17:00, na va\u0161u e-mailov\u00fa po\u017eiadavku odpovieme spravidla do 2 hod\u00edn. DPD<\/p>\n","protected":false},"author":1,"featured_media":0,"parent":0,"menu_order":0,"comment_status":"closed","ping_status":"closed","template":"","meta":{"footnotes":""},"class_list":["post-8365","page","type-page","status-publish","hentry"],"featured_image_urls":{"full":"","thumbnail":"","medium":"","medium_large":"","large":"","1536x1536":"","2048x2048":"","woocommerce_thumbnail":"","woocommerce_single":"","woocommerce_gallery_thumbnail":""},"post_excerpt_stackable":"<p>V\u00e1\u017een\u00ed z\u00e1kazn\u00edci, dopravn\u00e1 spolo\u010dnos\u0165 DPD n\u00e1s informovala, \u017ee doru\u010denie objedn\u00e1vok m\u00f4\u017ee nabra\u0165 mierne oneskorenie. Doru\u010denie v\u00e1\u0161ho strom\u010deka sa tak m\u00f4\u017ee oneskori\u0165, ale nebojte sa, do Vianoc to stihneme! &times; Dismiss this alert. Svou z\u00e1silku m\u016f\u017eete sledovat zde: https:\/\/www.dpd.com\/sk\/sk\/cakam-balik\/sledovanie-balikov\/ e-mail:&nbsp;dpd@dpd.sk&nbsp;* * v pracovn\u00e9 dni 8:00 &#8211; 17:00, na va\u0161u e-mailov\u00fa po\u017eiadavku odpovieme spravidla do 2 hod\u00edn. DPD<\/p>\n","category_list":"","author_info":{"name":"admin","url":"https:\/\/old2024.mujstromecek.cz\/sk\/author\/lukas\/"},"comments_num":"0 comments","featured_image_urls_v2":{"full":"","thumbnail":"","medium":"","medium_large":"","large":"","1536x1536":"","2048x2048":"","woocommerce_thumbnail":"","woocommerce_single":"","woocommerce_gallery_thumbnail":""},"post_excerpt_stackable_v2":"<p>V\u00e1\u017een\u00ed z\u00e1kazn\u00edci, dopravn\u00e1 spolo\u010dnos\u0165 DPD n\u00e1s informovala, \u017ee doru\u010denie objedn\u00e1vok m\u00f4\u017ee nabra\u0165 mierne oneskorenie. Doru\u010denie v\u00e1\u0161ho strom\u010deka sa tak m\u00f4\u017ee oneskori\u0165, ale nebojte sa, do Vianoc to stihneme! &times; Dismiss this alert. Svou z\u00e1silku m\u016f\u017eete sledovat zde: https:\/\/www.dpd.com\/sk\/sk\/cakam-balik\/sledovanie-balikov\/ e-mail:&nbsp;dpd@dpd.sk&nbsp;* * v pracovn\u00e9 dni 8:00 &#8211; 17:00, na va\u0161u e-mailov\u00fa po\u017eiadavku odpovieme spravidla do 2 hod\u00edn. DPD<\/p>\n","category_list_v2":"","author_info_v2":{"name":"admin","url":"https:\/\/old2024.mujstromecek.cz\/sk\/author\/lukas\/"},"comments_num_v2":"0 comments","yoast_head":"<!-- This site is optimized with the Yoast SEO plugin v21.1 - https:\/\/yoast.com\/wordpress\/plugins\/seo\/ -->\n<title>Sledovanie z\u00e1sielky - M\u00d4J STROM\u010cEK.sk<\/title>\n<meta name=\"robots\" content=\"noindex, follow, max-snippet:-1, max-image-preview:large, max-video-preview:-1\" \/>\n<meta property=\"og:locale\" content=\"sk_SK\" \/>\n<meta property=\"og:type\" content=\"article\" \/>\n<meta property=\"og:title\" content=\"Sledovanie z\u00e1sielky - M\u00d4J STROM\u010cEK.sk\" \/>\n<meta property=\"og:description\" content=\"Svou z\u00e1silku m\u016f\u017eete sledovat zde: https:\/\/www.dpd.com\/sk\/sk\/cakam-balik\/sledovanie-balikov\/ e-mail:&nbsp;dpd@dpd.sk&nbsp;* * v pracovn\u00e9 dni 8:00 &#8211; 17:00, na va\u0161u e-mailov\u00fa po\u017eiadavku odpovieme spravidla do 2 hod\u00edn. DPD\" \/>\n<meta property=\"og:url\" content=\"https:\/\/old2024.mujstromecek.cz\/sk\/sledovanie-zasielky\/\" \/>\n<meta property=\"og:site_name\" content=\"M\u00d4J STROM\u010cEK.sk\" \/>\n<meta property=\"article:modified_time\" content=\"2020-12-05T22:46:41+00:00\" \/>\n<meta name=\"twitter:card\" content=\"summary_large_image\" \/>\n<script type=\"application\/ld+json\" class=\"yoast-schema-graph\">{\"@context\":\"https:\/\/schema.org\",\"@graph\":[{\"@type\":\"WebPage\",\"@id\":\"https:\/\/old2024.mujstromecek.cz\/sk\/sledovanie-zasielky\/\",\"url\":\"https:\/\/old2024.mujstromecek.cz\/sk\/sledovanie-zasielky\/\",\"name\":\"Sledovanie z\u00e1sielky - M\u00d4J STROM\u010cEK.sk\",\"isPartOf\":{\"@id\":\"https:\/\/mojstromcek.sk\/#website\"},\"datePublished\":\"2020-07-17T08:24:05+00:00\",\"dateModified\":\"2020-12-05T22:46:41+00:00\",\"breadcrumb\":{\"@id\":\"https:\/\/old2024.mujstromecek.cz\/sk\/sledovanie-zasielky\/#breadcrumb\"},\"inLanguage\":\"sk-SK\",\"potentialAction\":[{\"@type\":\"ReadAction\",\"target\":[\"https:\/\/old2024.mujstromecek.cz\/sk\/sledovanie-zasielky\/\"]}]},{\"@type\":\"BreadcrumbList\",\"@id\":\"https:\/\/old2024.mujstromecek.cz\/sk\/sledovanie-zasielky\/#breadcrumb\",\"itemListElement\":[{\"@type\":\"ListItem\",\"position\":1,\"name\":\"Dom\u016f\",\"item\":\"https:\/\/old2024.mujstromecek.cz\/sk\/\"},{\"@type\":\"ListItem\",\"position\":2,\"name\":\"Sledovanie z\u00e1sielky\"}]},{\"@type\":\"WebSite\",\"@id\":\"https:\/\/mojstromcek.sk\/#website\",\"url\":\"https:\/\/mojstromcek.sk\/\",\"name\":\"M\u00d4J STROM\u010cEK.sk\",\"description\":\"Umel\u00e9 viano\u010dn\u00e9 strom\u010deky za skvel\u00e9 ceny!\",\"potentialAction\":[{\"@type\":\"SearchAction\",\"target\":{\"@type\":\"EntryPoint\",\"urlTemplate\":\"https:\/\/mojstromcek.sk\/?s={search_term_string}\"},\"query-input\":\"required name=search_term_string\"}],\"inLanguage\":\"sk-SK\"}]}<\/script>\n<!-- \/ Yoast SEO plugin. -->","yoast_head_json":{"title":"Sledovanie z\u00e1sielky - M\u00d4J STROM\u010cEK.sk","robots":{"index":"noindex","follow":"follow","max-snippet":"max-snippet:-1","max-image-preview":"max-image-preview:large","max-video-preview":"max-video-preview:-1"},"og_locale":"sk_SK","og_type":"article","og_title":"Sledovanie z\u00e1sielky - M\u00d4J STROM\u010cEK.sk","og_description":"Svou z\u00e1silku m\u016f\u017eete sledovat zde: https:\/\/www.dpd.com\/sk\/sk\/cakam-balik\/sledovanie-balikov\/ e-mail:&nbsp;dpd@dpd.sk&nbsp;* * v pracovn\u00e9 dni 8:00 &#8211; 17:00, na va\u0161u e-mailov\u00fa po\u017eiadavku odpovieme spravidla do 2 hod\u00edn. DPD","og_url":"https:\/\/old2024.mujstromecek.cz\/sk\/sledovanie-zasielky\/","og_site_name":"M\u00d4J STROM\u010cEK.sk","article_modified_time":"2020-12-05T22:46:41+00:00","twitter_card":"summary_large_image","schema":{"@context":"https:\/\/schema.org","@graph":[{"@type":"WebPage","@id":"https:\/\/old2024.mujstromecek.cz\/sk\/sledovanie-zasielky\/","url":"https:\/\/old2024.mujstromecek.cz\/sk\/sledovanie-zasielky\/","name":"Sledovanie z\u00e1sielky - M\u00d4J STROM\u010cEK.sk","isPartOf":{"@id":"https:\/\/mojstromcek.sk\/#website"},"datePublished":"2020-07-17T08:24:05+00:00","dateModified":"2020-12-05T22:46:41+00:00","breadcrumb":{"@id":"https:\/\/old2024.mujstromecek.cz\/sk\/sledovanie-zasielky\/#breadcrumb"},"inLanguage":"sk-SK","potentialAction":[{"@type":"ReadAction","target":["https:\/\/old2024.mujstromecek.cz\/sk\/sledovanie-zasielky\/"]}]},{"@type":"BreadcrumbList","@id":"https:\/\/old2024.mujstromecek.cz\/sk\/sledovanie-zasielky\/#breadcrumb","itemListElement":[{"@type":"ListItem","position":1,"name":"Dom\u016f","item":"https:\/\/old2024.mujstromecek.cz\/sk\/"},{"@type":"ListItem","position":2,"name":"Sledovanie z\u00e1sielky"}]},{"@type":"WebSite","@id":"https:\/\/mojstromcek.sk\/#website","url":"https:\/\/mojstromcek.sk\/","name":"M\u00d4J STROM\u010cEK.sk","description":"Umel\u00e9 viano\u010dn\u00e9 strom\u010deky za skvel\u00e9 ceny!","potentialAction":[{"@type":"SearchAction","target":{"@type":"EntryPoint","urlTemplate":"https:\/\/mojstromcek.sk\/?s={search_term_string}"},"query-input":"required name=search_term_string"}],"inLanguage":"sk-SK"}]}},"_links":{"self":[{"href":"https:\/\/old2024.mujstromecek.cz\/sk\/wp-json\/wp\/v2\/pages\/8365","targetHints":{"allow":["GET"]}}],"collection":[{"href":"https:\/\/old2024.mujstromecek.cz\/sk\/wp-json\/wp\/v2\/pages"}],"about":[{"href":"https:\/\/old2024.mujstromecek.cz\/sk\/wp-json\/wp\/v2\/types\/page"}],"author":[{"embeddable":true,"href":"https:\/\/old2024.mujstromecek.cz\/sk\/wp-json\/wp\/v2\/users\/1"}],"replies":[{"embeddable":true,"href":"https:\/\/old2024.mujstromecek.cz\/sk\/wp-json\/wp\/v2\/comments?post=8365"}],"version-history":[{"count":0,"href":"https:\/\/old2024.mujstromecek.cz\/sk\/wp-json\/wp\/v2\/pages\/8365\/revisions"}],"wp:attachment":[{"href":"https:\/\/old2024.mujstromecek.cz\/sk\/wp-json\/wp\/v2\/media?parent=8365"}],"curies":[{"name":"wp","href":"https:\/\/api.w.org\/{rel}","templated":true}]}}