{"id":7233,"date":"2020-06-23T13:44:51","date_gmt":"2020-06-23T13:44:51","guid":{"rendered":"https:\/\/mujstromecek.cz\/gdpr-suhlas-so-spracovanim-osobnych-udajov\/"},"modified":"2020-08-05T13:54:37","modified_gmt":"2020-08-05T13:54:37","slug":"zasady-ochrany-osobnych-udajov","status":"publish","type":"page","link":"https:\/\/old2024.mujstromecek.cz\/sk\/zasady-ochrany-osobnych-udajov\/","title":{"rendered":"Z\u00e1sady ochrany osobn\u00fdch \u00fadajov"},"content":{"rendered":"\n<h1 class=\"wp-block-heading\">INFORM\u00c1CIE PRE Z\u00c1KAZN\u00cdKOV O SPRACOVAN\u00cd OSOBN\u00ddCH \u00daDAJOV<\/h1>\n\n\n\n<p>Sme radi a v\u00e1\u017eime si to, \u017ee ste na\u0161imi z\u00e1kazn\u00edkmi. N\u00e1kup tovaru nie je \u017eia\u013e len o doru\u010den\u00ed Vami zvolen\u00e9ho tovaru, ale je s t\u00fdm spojen\u00e9 aj \u00faradovanie, ktor\u00e9 my:<\/p>\n\n\n\n<p><strong>All4Customer s.r.o.<\/strong>, so s\u00eddlom: Ostrava, Hladnovsk\u00e1 1255\/23, 71000, I\u010cO: 01824651, e-mail: dotazy@mojstromcek.sk, Tel: +420 777 470 538, (\u010falej len \u201espolo\u010dnos\u0165\u201c alebo \u201emy\u201c),<\/p>\n\n\n\n<p>ako pred\u00e1vaj\u00faci a spr\u00e1vci Va\u0161ich osobn\u00fdch \u00fadajov mus\u00edme robi\u0165, aby sme si riadne plnili svoje povinnosti nielen vo\u010di V\u00e1m, ale aj vo\u010di \u0161t\u00e1tu a jeho org\u00e1nom. K spracovaniu v\u0161etk\u00e9ho potrebujeme niektro\u00e9 Va\u0161e osobn\u00e9 \u00fadaje, ktor\u00e9 v r\u00e1mci plnenia svojich povinnost\u00ed spracov\u00e1vame.<\/p>\n\n\n\n<p>Ochrana d\u00e1t, a predov\u0161etk\u00fdm osobn\u00fdch \u00fadajov, V\u00e1s ako kupuj\u00facich, je pre n\u00e1s ve\u013emi d\u00f4le\u017eit\u00e1. Rob\u00edme v\u0161etko preto, aby Va\u0161e osobn\u00e9 \u00fadaje boli v bezpe\u010d\u00ed a boli v spracov\u00e1van\u00e9 v s\u00falade s pr\u00e1vnymi predpismi. Neoddelite\u013enou s\u00fa\u010das\u0165ou spr\u00e1vneho spracovania je vz\u00e1jomn\u00e1 spolupr\u00e1ca a transparentnos\u0165. Pr\u00e1ve v jej z\u00e1ujme by sme V\u00e1s radi informovali o spracovan\u00ed samotnom, a \u010falej o Va\u0161ich pr\u00e1vach.<\/p>\n\n\n\n<h2 class=\"wp-block-heading\">1. \u00da\u010cELY SPRACOVANIA A PR\u00c1VNY Z\u00c1KLAD SPRACOVANIA<\/h2>\n\n\n\n<p>Va\u0161e osobn\u00e9 \u00fadaje budeme spracov\u00e1va\u0165 len za t\u00fdmito \u00fa\u010delmi:<\/p>\n\n\n\n<ul class=\"wp-block-list\"><li>zaistenie vybavenia objedn\u00e1vky;<\/li><li>zaistenie doru\u010denia tovaru;<\/li><li>plnenie pr\u00e1v vypl\u00fdvaj\u00facich z vadn\u00e9ho plnenia, \u010di n\u00e1hrady \u0161kody;<\/li><\/ul>\n\n\n\n<p>Pr\u00e1vnym z\u00e1kladom spracovania je plnenie zmluvy medzi na\u0161ou spolo\u010dnos\u0165ou a Vami a \u010falej aj plnenie z\u00e1konn\u00fdch povinnost\u00ed vypl\u00fdvaj\u00facich najm\u00e4 zo z\u00e1kona o ochrane spotrebite\u013ea a ob\u010diansk\u00e9ho z\u00e1konn\u00edka.<\/p>\n\n\n\n<h2 class=\"wp-block-heading\">2. KATEG\u00d3RIA DOTKNUT\u00ddCH OSOBN\u00ddCH \u00daDAJOV<\/h2>\n\n\n\n<p>Za \u00fa\u010delom vybavenia Va\u0161ej objedn\u00e1vky, zaistenia doru\u010denia tovaru a plnenia \u010fal\u0161\u00edch pr\u00e1v s\u00favisl\u00fdch budeme spracov\u00e1va\u0165 Va\u0161e meno a priezvisko, popr\u00edpade n\u00e1zov, telef\u00f3nne \u010d\u00edslo a e-mail, vo vz\u0165ahu k Vami zvolenej dodacej adrese, n\u00e1zov ulice a \u010d\u00edslo popisn\u00e9, mesto a po\u0161tovn\u00e9 smerovacie \u010d\u00edslo a vo vz\u0165ahu k Vami zvolenej faktura\u010dnej adrese rovnako, ako V\u00e1\u0161 n\u00e1zov, n\u00e1zov ulice, \u010d\u00edslo popisn\u00e9, mesto a po\u0161tovn\u00e9 smerovacie \u010d\u00edslo, \u010falej I\u010cO a popr\u00edpade DI\u010c.<\/p>\n\n\n\n<h2 class=\"wp-block-heading\">3. PR\u00cdJEMCI OSOBN\u00ddCH \u00daDAJOV A PREDANIE DO TRET\u00cdCH \u0160T\u00c1TOV<\/h2>\n\n\n\n<p>Va\u0161e osobn\u00e9 \u00fadaje nepred\u00e1vame ani nespr\u00edstup\u0148ujeme trret\u00edm osob\u00e1m. V\u00fdnimkou z vy\u0161\u0161ie uveden\u00e9ho je iba pr\u00edpadn\u00e9 predanie \u0161t\u00e1tnemu org\u00e1nu, ktor\u00fd n\u00e1m ukl\u00e1da z\u00e1kon (napr. Pol\u00edcii SR) a \u010falej predanie osob\u00e1m, ktor\u00e9 pre n\u00e1s poskytuj\u00fa slu\u017eby s\u00favisej\u00face s naplnen\u00edm \u00fa\u010delu pod\u013ea bodu 1 tohto s\u00fahlasu.<\/p>\n\n\n\n<p>Konkr\u00e9tne bud\u00fa osobn\u00e9 \u00fadaje pre oblas\u0165 automatick\u00e9ho dopl\u0148ovania \u00fadajov pri Va\u0161ich objedn\u00e1vkach a pr\u00edpadn\u00e9ho zasielania informaci\u00ed o na\u0161ich produktoch a novink\u00e1ch o na\u0161ej spolo\u010dnosti pred\u00e1vane a spracov\u00e1van\u00e9 spolo\u010dnos\u0165ou next CRE s.r.o., so s\u00eddlom Po\u0161tovn\u00ed 244, Star\u00e9 M\u011bsto, 739 61 T\u0159inec, I\u010cO: 29396239, popr\u00edpade osobami spolupracuj\u00facimi s touto spolo\u010dnos\u0165ou.<\/p>\n\n\n\n<p>Pokia\u013e by sa v priebehu \u010dasu \u010doko\u013evek zmenilo, budeme V\u00e1s o ka\u017edej zmene informova\u0165 prostredn\u00edctvom Vami uveden\u00e9ho e-mailu.<\/p>\n\n\n\n<p>Osobn\u00e9 \u00fadaje nepred\u00e1me do \u017eiadnej tretej zeme alebo medzin\u00e1rodnej organiz\u00e1cii, ktor\u00e9 neposkytuj\u00fa odpovedaj\u00facu ochranu osobn\u00fdch \u00fadajov.<\/p>\n\n\n\n<h2 class=\"wp-block-heading\">4. INFORM\u00c1CIE O VA\u0160ICH PR\u00c1VACH VO VZ\u0164AHU K OSOBN\u00ddM \u00daDAJOM<\/h2>\n\n\n\n<p>V s\u00favislosti so spracovan\u00edm osobn\u00fdch \u00fadajov m\u00e1te radu pr\u00e1v. M\u00f4\u017eete n\u00e1s kedyko\u013evek po\u0161tou alebo e-mailom po\u017eiada\u0165 o potvrdenie, \u010di s\u00fa Va\u0161e osobn\u00e9 \u00fadaje spracov\u00e1van\u00e9 a pokia\u013e s\u00fa, m\u00e1te pr\u00e1vo na pr\u00edstup k t\u00fdmto osobn\u00fdm \u00fadajom a inform\u00e1ciam o nich. M\u00e1te pr\u00e1vo na opravu nepresn\u00fdch alebo na doplnenie ne\u00fapln\u00fdch osobn\u00fdch \u00fadajov.<\/p>\n\n\n\n<p>M\u00f4\u017eete n\u00e1s keddyko\u013evek po\u017eiada\u0165 o vymazanie t\u00fdchto osobn\u00fdch \u00fadajov, pokia\u013e je pre to dan\u00fd d\u00f4vod, alebo pokia\u013e je preto dan\u00fd d\u00f4vod o obmedzen\u00ed spracovania t\u00fdchto osobn\u00fdch \u00fadajov. M\u00e1te pr\u00e1vo na Va\u0161e osobn\u00e9 \u00fadaje a na ich prenos in\u00e9mu spr\u00e1vcovi.<\/p>\n\n\n\n<p>Osobn\u00e9 \u00fadaje spracov\u00e1van\u00e9 f\u00e9rovo a transparentne. Pokia\u013e by ste v\u0161ak mali za to, \u017ee tomu tak nie je, m\u00e1te v\u017edy pr\u00e1vo obr\u00e1ti\u0165 sa na \u00darad pre ochranu osobn\u00fdch \u00fadajov. V\u0161etky inform\u00e1cie, ako aj kontakt, n\u00e1jdete na internetov\u00fdch str\u00e1nkach:&nbsp;<a href=\"https:\/\/www.bfdi.bund.de\/DE\/Home\/home_node.html\" target=\"_blank\" rel=\"noreferrer noopener\">https:\/\/www.bfdi.bund.de\/DE\/Home\/home_node.html<\/a><\/p>\n\n\n\n<h2 class=\"wp-block-heading\">5. \u010eAL\u0160IE SPRACOVANIE<\/h2>\n\n\n\n<p>Va\u0161e osobn\u00e9 \u00fadaje sme obdr\u017eali iba od V\u00e1s.<\/p>\n\n\n\n<p>Osobn\u00e9 \u00fadaje, ktor\u00e9 potrebujeme pre spracovanie, ktor\u00e9 od n\u00e1s vy\u017eaduje z\u00e1kon, n\u00e1m poskytn\u00fa\u0165 mus\u00edte. Takisto n\u00e1m mus\u00edte poskytn\u00fa\u0165 osobn\u00e9 \u00fadaje nevyhnutn\u00e9 pre plnenie povinnosti plyn\u00facich z uzatvorenej zmluvy.<\/p>\n\n\n\n<p>Osobn\u00e9 \u00fadaje bud\u00fa spracov\u00e1van\u00e9 iba no dobu nevyhnutne nutn\u00fa. Osobn\u00e9 \u00fadaje, ktor\u00fdch spracovanie vy\u017eaduje z\u00e1kon spracov\u00e1vame na dobu, na ktor\u00fa to z\u00e1kon vy\u017eaduje. Osobn\u00e9 \u00fadaje t\u00fdkaj\u00face sa plnenia z uzavretej zmluvy a \u010fal\u0161\u00edch s\u00favsej\u00faich pr\u00e1v a povinnost\u00ed budeme uchov\u00e1va\u0165 len na dobu, na ktor\u00fa bud\u00fa moc\u0165 by\u0165 tieto s\u00favisej\u00face pr\u00e1va a povinnosti vymahate\u013en\u00e9 u s\u00fadu.<\/p>\n\n\n\n<p>Po skon\u010den\u00ed doby spracovania s\u00fa potom osobn\u00e9 \u00fadaje bez odkladu likvidovan\u00e9.<\/p>\n\n\n\n<h2 class=\"wp-block-heading\">6. Z\u00c1VER<\/h2>\n\n\n\n<p>Potvrden\u00edm vo forme za\u0161krtnut\u00edm pr\u00edslu\u0161n\u00e9ho po\u013ea o s\u00fahlase so spracovan\u00edm osobn\u00fdch \u00fadajov, potvrdzujete, \u017ee ste si t\u00fato inform\u00e1ciu pre\u010d\u00edtali, prevzali a je V\u00e1m zrozumite\u013en\u00e1. Pre podpisom (ale samozrejme aj kedyko\u013evek po \u0148om) sa nev\u00e1hajte na \u010doko\u013evek oh\u013eadom Va\u0161ich osobn\u00fdch \u00fadajov op\u00fdta\u0165.<\/p>\n","protected":false},"excerpt":{"rendered":"<p>INFORM\u00c1CIE PRE Z\u00c1KAZN\u00cdKOV O SPRACOVAN\u00cd OSOBN\u00ddCH \u00daDAJOV Sme radi a v\u00e1\u017eime si to, \u017ee ste na\u0161imi z\u00e1kazn\u00edkmi. N\u00e1kup tovaru nie je \u017eia\u013e len o doru\u010den\u00ed Vami zvolen\u00e9ho tovaru, ale je s t\u00fdm spojen\u00e9 aj \u00faradovanie, ktor\u00e9 my: All4Customer s.r.o., so s\u00eddlom: Ostrava, Hladnovsk\u00e1 1255\/23, 71000, I\u010cO: 01824651, e-mail: dotazy@mojstromcek.sk, Tel: +420 777 470 538, (\u010falej [&hellip;]<\/p>\n","protected":false},"author":2,"featured_media":0,"parent":0,"menu_order":0,"comment_status":"closed","ping_status":"closed","template":"","meta":{"footnotes":""},"class_list":["post-7233","page","type-page","status-publish","hentry"],"featured_image_urls":{"full":"","thumbnail":"","medium":"","medium_large":"","large":"","1536x1536":"","2048x2048":"","woocommerce_thumbnail":"","woocommerce_single":"","woocommerce_gallery_thumbnail":""},"post_excerpt_stackable":"<p>INFORM\u00c1CIE PRE Z\u00c1KAZN\u00cdKOV O SPRACOVAN\u00cd OSOBN\u00ddCH \u00daDAJOV Sme radi a v\u00e1\u017eime si to, \u017ee ste na\u0161imi z\u00e1kazn\u00edkmi. N\u00e1kup tovaru nie je \u017eia\u013e len o doru\u010den\u00ed Vami zvolen\u00e9ho tovaru, ale je s t\u00fdm spojen\u00e9 aj \u00faradovanie, ktor\u00e9 my: All4Customer s.r.o., so s\u00eddlom: Ostrava, Hladnovsk\u00e1 1255\/23, 71000, I\u010cO: 01824651, e-mail: dotazy@mojstromcek.sk, Tel: +420 777 470 538, (\u010falej len \u201espolo\u010dnos\u0165\u201c alebo \u201emy\u201c), ako pred\u00e1vaj\u00faci a spr\u00e1vci Va\u0161ich osobn\u00fdch \u00fadajov mus\u00edme robi\u0165, aby sme si riadne plnili svoje povinnosti nielen vo\u010di V\u00e1m, ale aj vo\u010di \u0161t\u00e1tu a jeho org\u00e1nom. K spracovaniu v\u0161etk\u00e9ho potrebujeme niektro\u00e9 Va\u0161e osobn\u00e9 \u00fadaje, ktor\u00e9 v r\u00e1mci plnenia svojich povinnost\u00ed spracov\u00e1vame.&hellip;<\/p>\n","category_list":"","author_info":{"name":"Jan Hanzl","url":"https:\/\/old2024.mujstromecek.cz\/sk\/author\/jan\/"},"comments_num":"0 comments","featured_image_urls_v2":{"full":"","thumbnail":"","medium":"","medium_large":"","large":"","1536x1536":"","2048x2048":"","woocommerce_thumbnail":"","woocommerce_single":"","woocommerce_gallery_thumbnail":""},"post_excerpt_stackable_v2":"<p>INFORM\u00c1CIE PRE Z\u00c1KAZN\u00cdKOV O SPRACOVAN\u00cd OSOBN\u00ddCH \u00daDAJOV Sme radi a v\u00e1\u017eime si to, \u017ee ste na\u0161imi z\u00e1kazn\u00edkmi. N\u00e1kup tovaru nie je \u017eia\u013e len o doru\u010den\u00ed Vami zvolen\u00e9ho tovaru, ale je s t\u00fdm spojen\u00e9 aj \u00faradovanie, ktor\u00e9 my: All4Customer s.r.o., so s\u00eddlom: Ostrava, Hladnovsk\u00e1 1255\/23, 71000, I\u010cO: 01824651, e-mail: dotazy@mojstromcek.sk, Tel: +420 777 470 538, (\u010falej len \u201espolo\u010dnos\u0165\u201c alebo \u201emy\u201c), ako pred\u00e1vaj\u00faci a spr\u00e1vci Va\u0161ich osobn\u00fdch \u00fadajov mus\u00edme robi\u0165, aby sme si riadne plnili svoje povinnosti nielen vo\u010di V\u00e1m, ale aj vo\u010di \u0161t\u00e1tu a jeho org\u00e1nom. K spracovaniu v\u0161etk\u00e9ho potrebujeme niektro\u00e9 Va\u0161e osobn\u00e9 \u00fadaje, ktor\u00e9 v r\u00e1mci plnenia svojich povinnost\u00ed spracov\u00e1vame.&hellip;<\/p>\n","category_list_v2":"","author_info_v2":{"name":"Jan Hanzl","url":"https:\/\/old2024.mujstromecek.cz\/sk\/author\/jan\/"},"comments_num_v2":"0 comments","yoast_head":"<!-- This site is optimized with the Yoast SEO plugin v21.1 - https:\/\/yoast.com\/wordpress\/plugins\/seo\/ -->\n<title>Z\u00e1sady ochrany osobn\u00fdch \u00fadajov - M\u00d4J STROM\u010cEK.sk<\/title>\n<meta name=\"robots\" content=\"noindex, follow, max-snippet:-1, max-image-preview:large, max-video-preview:-1\" \/>\n<meta property=\"og:locale\" content=\"sk_SK\" \/>\n<meta property=\"og:type\" content=\"article\" \/>\n<meta property=\"og:title\" content=\"Z\u00e1sady ochrany osobn\u00fdch \u00fadajov - M\u00d4J STROM\u010cEK.sk\" \/>\n<meta property=\"og:description\" content=\"INFORM\u00c1CIE PRE Z\u00c1KAZN\u00cdKOV O SPRACOVAN\u00cd OSOBN\u00ddCH \u00daDAJOV Sme radi a v\u00e1\u017eime si to, \u017ee ste na\u0161imi z\u00e1kazn\u00edkmi. N\u00e1kup tovaru nie je \u017eia\u013e len o doru\u010den\u00ed Vami zvolen\u00e9ho tovaru, ale je s t\u00fdm spojen\u00e9 aj \u00faradovanie, ktor\u00e9 my: All4Customer s.r.o., so s\u00eddlom: Ostrava, Hladnovsk\u00e1 1255\/23, 71000, I\u010cO: 01824651, e-mail: dotazy@mojstromcek.sk, Tel: +420 777 470 538, (\u010falej [&hellip;]\" \/>\n<meta property=\"og:url\" content=\"https:\/\/old2024.mujstromecek.cz\/sk\/zasady-ochrany-osobnych-udajov\/\" \/>\n<meta property=\"og:site_name\" content=\"M\u00d4J STROM\u010cEK.sk\" \/>\n<meta property=\"article:modified_time\" content=\"2020-08-05T13:54:37+00:00\" \/>\n<meta name=\"twitter:card\" content=\"summary_large_image\" \/>\n<meta name=\"twitter:label1\" content=\"Predpokladan\u00fd \u010das \u010d\u00edtania\" \/>\n\t<meta name=\"twitter:data1\" content=\"5 min\u00fat\" \/>\n<script type=\"application\/ld+json\" class=\"yoast-schema-graph\">{\"@context\":\"https:\/\/schema.org\",\"@graph\":[{\"@type\":\"WebPage\",\"@id\":\"https:\/\/old2024.mujstromecek.cz\/sk\/zasady-ochrany-osobnych-udajov\/\",\"url\":\"https:\/\/old2024.mujstromecek.cz\/sk\/zasady-ochrany-osobnych-udajov\/\",\"name\":\"Z\u00e1sady ochrany osobn\u00fdch \u00fadajov - M\u00d4J STROM\u010cEK.sk\",\"isPartOf\":{\"@id\":\"https:\/\/mojstromcek.sk\/#website\"},\"datePublished\":\"2020-06-23T13:44:51+00:00\",\"dateModified\":\"2020-08-05T13:54:37+00:00\",\"breadcrumb\":{\"@id\":\"https:\/\/old2024.mujstromecek.cz\/sk\/zasady-ochrany-osobnych-udajov\/#breadcrumb\"},\"inLanguage\":\"sk-SK\",\"potentialAction\":[{\"@type\":\"ReadAction\",\"target\":[\"https:\/\/old2024.mujstromecek.cz\/sk\/zasady-ochrany-osobnych-udajov\/\"]}]},{\"@type\":\"BreadcrumbList\",\"@id\":\"https:\/\/old2024.mujstromecek.cz\/sk\/zasady-ochrany-osobnych-udajov\/#breadcrumb\",\"itemListElement\":[{\"@type\":\"ListItem\",\"position\":1,\"name\":\"Dom\u016f\",\"item\":\"https:\/\/old2024.mujstromecek.cz\/sk\/\"},{\"@type\":\"ListItem\",\"position\":2,\"name\":\"Z\u00e1sady ochrany osobn\u00fdch \u00fadajov\"}]},{\"@type\":\"WebSite\",\"@id\":\"https:\/\/mojstromcek.sk\/#website\",\"url\":\"https:\/\/mojstromcek.sk\/\",\"name\":\"M\u00d4J STROM\u010cEK.sk\",\"description\":\"Umel\u00e9 viano\u010dn\u00e9 strom\u010deky za skvel\u00e9 ceny!\",\"potentialAction\":[{\"@type\":\"SearchAction\",\"target\":{\"@type\":\"EntryPoint\",\"urlTemplate\":\"https:\/\/mojstromcek.sk\/?s={search_term_string}\"},\"query-input\":\"required name=search_term_string\"}],\"inLanguage\":\"sk-SK\"}]}<\/script>\n<!-- \/ Yoast SEO plugin. -->","yoast_head_json":{"title":"Z\u00e1sady ochrany osobn\u00fdch \u00fadajov - M\u00d4J STROM\u010cEK.sk","robots":{"index":"noindex","follow":"follow","max-snippet":"max-snippet:-1","max-image-preview":"max-image-preview:large","max-video-preview":"max-video-preview:-1"},"og_locale":"sk_SK","og_type":"article","og_title":"Z\u00e1sady ochrany osobn\u00fdch \u00fadajov - M\u00d4J STROM\u010cEK.sk","og_description":"INFORM\u00c1CIE PRE Z\u00c1KAZN\u00cdKOV O SPRACOVAN\u00cd OSOBN\u00ddCH \u00daDAJOV Sme radi a v\u00e1\u017eime si to, \u017ee ste na\u0161imi z\u00e1kazn\u00edkmi. N\u00e1kup tovaru nie je \u017eia\u013e len o doru\u010den\u00ed Vami zvolen\u00e9ho tovaru, ale je s t\u00fdm spojen\u00e9 aj \u00faradovanie, ktor\u00e9 my: All4Customer s.r.o., so s\u00eddlom: Ostrava, Hladnovsk\u00e1 1255\/23, 71000, I\u010cO: 01824651, e-mail: dotazy@mojstromcek.sk, Tel: +420 777 470 538, (\u010falej [&hellip;]","og_url":"https:\/\/old2024.mujstromecek.cz\/sk\/zasady-ochrany-osobnych-udajov\/","og_site_name":"M\u00d4J STROM\u010cEK.sk","article_modified_time":"2020-08-05T13:54:37+00:00","twitter_card":"summary_large_image","twitter_misc":{"Predpokladan\u00fd \u010das \u010d\u00edtania":"5 min\u00fat"},"schema":{"@context":"https:\/\/schema.org","@graph":[{"@type":"WebPage","@id":"https:\/\/old2024.mujstromecek.cz\/sk\/zasady-ochrany-osobnych-udajov\/","url":"https:\/\/old2024.mujstromecek.cz\/sk\/zasady-ochrany-osobnych-udajov\/","name":"Z\u00e1sady ochrany osobn\u00fdch \u00fadajov - M\u00d4J STROM\u010cEK.sk","isPartOf":{"@id":"https:\/\/mojstromcek.sk\/#website"},"datePublished":"2020-06-23T13:44:51+00:00","dateModified":"2020-08-05T13:54:37+00:00","breadcrumb":{"@id":"https:\/\/old2024.mujstromecek.cz\/sk\/zasady-ochrany-osobnych-udajov\/#breadcrumb"},"inLanguage":"sk-SK","potentialAction":[{"@type":"ReadAction","target":["https:\/\/old2024.mujstromecek.cz\/sk\/zasady-ochrany-osobnych-udajov\/"]}]},{"@type":"BreadcrumbList","@id":"https:\/\/old2024.mujstromecek.cz\/sk\/zasady-ochrany-osobnych-udajov\/#breadcrumb","itemListElement":[{"@type":"ListItem","position":1,"name":"Dom\u016f","item":"https:\/\/old2024.mujstromecek.cz\/sk\/"},{"@type":"ListItem","position":2,"name":"Z\u00e1sady ochrany osobn\u00fdch \u00fadajov"}]},{"@type":"WebSite","@id":"https:\/\/mojstromcek.sk\/#website","url":"https:\/\/mojstromcek.sk\/","name":"M\u00d4J STROM\u010cEK.sk","description":"Umel\u00e9 viano\u010dn\u00e9 strom\u010deky za skvel\u00e9 ceny!","potentialAction":[{"@type":"SearchAction","target":{"@type":"EntryPoint","urlTemplate":"https:\/\/mojstromcek.sk\/?s={search_term_string}"},"query-input":"required name=search_term_string"}],"inLanguage":"sk-SK"}]}},"_links":{"self":[{"href":"https:\/\/old2024.mujstromecek.cz\/sk\/wp-json\/wp\/v2\/pages\/7233","targetHints":{"allow":["GET"]}}],"collection":[{"href":"https:\/\/old2024.mujstromecek.cz\/sk\/wp-json\/wp\/v2\/pages"}],"about":[{"href":"https:\/\/old2024.mujstromecek.cz\/sk\/wp-json\/wp\/v2\/types\/page"}],"author":[{"embeddable":true,"href":"https:\/\/old2024.mujstromecek.cz\/sk\/wp-json\/wp\/v2\/users\/2"}],"replies":[{"embeddable":true,"href":"https:\/\/old2024.mujstromecek.cz\/sk\/wp-json\/wp\/v2\/comments?post=7233"}],"version-history":[{"count":0,"href":"https:\/\/old2024.mujstromecek.cz\/sk\/wp-json\/wp\/v2\/pages\/7233\/revisions"}],"wp:attachment":[{"href":"https:\/\/old2024.mujstromecek.cz\/sk\/wp-json\/wp\/v2\/media?parent=7233"}],"curies":[{"name":"wp","href":"https:\/\/api.w.org\/{rel}","templated":true}]}}