{"id":7229,"date":"2020-06-23T13:38:32","date_gmt":"2020-06-23T13:38:32","guid":{"rendered":"https:\/\/mujstromecek.cz\/rozdiel-medzi-jednotlivymi-typmi-ihlicia\/"},"modified":"2022-09-16T12:44:06","modified_gmt":"2022-09-16T12:44:06","slug":"rozdiel-medzi-jednotlivymi-typmi-ihlicia","status":"publish","type":"page","link":"https:\/\/old2024.mujstromecek.cz\/sk\/rozdiel-medzi-jednotlivymi-typmi-ihlicia\/","title":{"rendered":"2D, 3D a 100% 3D ihli\u010die. Ak\u00fd je medzi nimi rozdiel?"},"content":{"rendered":"\n<p><strong>Rozdiel medzi jednotliv\u00fdmi typmi ihli\u010dia<\/strong><\/p>\n\n\n\n<p>Doby, kedy umel\u00fd viano\u010dn\u00fd strom\u010dek pripom\u00ednal len z\u010faleka ten re\u00e1lny, s\u00fa u\u017e d\u00e1vno pre\u010d! N\u00e1\u0161 internetov\u00fd obchod pon\u00faka viano\u010dn\u00e9 strom\u010deky, ktor\u00e9 s\u00fa takmer dokonalou k\u00f3piou strom\u010dekov \u017eiv\u00fdch, a to predov\u0161etk\u00fdm v\u010faka realistick\u00fdm, husto vrstven\u00fdm vetvi\u010dk\u00e1m z t\u00fdch najkvalitnej\u0161\u00edch PE (polyetyl\u00e9n) a PVC (polyvinylchlorid) materi\u00e1lov.<\/p>\n\n\n\n<p>Vybra\u0165 si m\u00f4\u017eete viano\u010dn\u00e9 strom\u010deky s 2D, 3D (kombin\u00e1cia 2D a 3D ihli\u010die alebo kombin\u00e1cia PVC a PE materi\u00e1lov), \u010di dokonca 100% 3D ihli\u010d\u00edm. Ni\u017e\u0161ie popis strom\u010dekov, pod\u013ea jednotliv\u00fdch produktov\u00fdch radov.<\/p>\n\n\n\n<p><strong>Pri 3D strom\u010dekoch je pomer 2D a 3D ihli\u010dia konkr\u00e9tneho strom\u010deka uveden\u00fd v tabu\u013eke v detaile produktu.<\/strong><\/p>\n\n\n\n<p><strong><a href=\"https:\/\/mojstromcek.sk\/kategoria-produktu\/economy-sk\/\">ECONOMY<\/a><\/strong><br>Cenovo dostupn\u00e9 2D (PVC f\u00f3lia) a 3D (kombin\u00e1cia 2D a 3D ihli\u010die) strom\u010deky. Vyroben\u00e9 \u0161tandardnou technol\u00f3giou. Maj\u00fa \u0161tandardn\u00fd typ rozlo\u017eenia (nemaj\u00fa SnapTree ani \u0161tvorcov\u00e9 spojky). 2D strom\u010deky s\u00fa opatren\u00e9 plastov\u00fdm stojanom, 3D strom\u010deky potom kovov\u00fdm.<\/p>\n\n\n\n<p><strong><a href=\"https:\/\/mojstromcek.sk\/kategoria-produktu\/premium-sk\/\">PREMIUM<\/a><\/strong><br>Pr\u00e9miov\u00e9 3D strom\u010deky (kombin\u00e1cia PE + PVC) z t\u00fdch najkvalitnej\u0161\u00edch materi\u00e1lov. N\u00e1jdete tu klasick\u00e9 smreky a jedle a taktie\u017e ich zasne\u017een\u00e9 varianty.<\/p>\n\n\n\n<p><strong><a href=\"https:\/\/mojstromcek.sk\/kategoria-produktu\/premium-plus-sk\/\">PREMIUM+<br><\/a><\/strong>\u0160peci\u00e1lne zahusten\u00e9 robustn\u00e9 3D strom\u010deky (kombin\u00e1cia PE + PVC), ako klasick\u00e9, tak s integrovan\u00fdm LED osvetlen\u00edm.<\/p>\n\n\n\n<p><a href=\"https:\/\/mojstromcek.sk\/kategoria-produktu\/diamond-sk\/\"><strong>DIAMOND<\/strong><br><\/a>100% 3D strom\u010deky pre najn\u00e1ro\u010dnej\u0161\u00edch klientov s\u00fa tvoren\u00e9 v\u00fdhradne z PE materi\u00e1lov, ktor\u00e9 im dod\u00e1vaj\u00fa ultra realistick\u00fd vzh\u013ead.<\/p>\n","protected":false},"excerpt":{"rendered":"<p>Rozdiel medzi jednotliv\u00fdmi typmi ihli\u010dia Doby, kedy umel\u00fd viano\u010dn\u00fd strom\u010dek pripom\u00ednal len z\u010faleka ten re\u00e1lny, s\u00fa u\u017e d\u00e1vno pre\u010d! N\u00e1\u0161 internetov\u00fd obchod pon\u00faka viano\u010dn\u00e9 strom\u010deky, ktor\u00e9 s\u00fa takmer dokonalou k\u00f3piou strom\u010dekov \u017eiv\u00fdch, a to predov\u0161etk\u00fdm v\u010faka realistick\u00fdm, husto vrstven\u00fdm vetvi\u010dk\u00e1m z t\u00fdch najkvalitnej\u0161\u00edch PE (polyetyl\u00e9n) a PVC (polyvinylchlorid) materi\u00e1lov. Vybra\u0165 si m\u00f4\u017eete viano\u010dn\u00e9 strom\u010deky s [&hellip;]<\/p>\n","protected":false},"author":2,"featured_media":0,"parent":0,"menu_order":0,"comment_status":"closed","ping_status":"closed","template":"","meta":{"footnotes":""},"class_list":["post-7229","page","type-page","status-publish","hentry"],"featured_image_urls":{"full":"","thumbnail":"","medium":"","medium_large":"","large":"","1536x1536":"","2048x2048":"","woocommerce_thumbnail":"","woocommerce_single":"","woocommerce_gallery_thumbnail":""},"post_excerpt_stackable":"<p>Rozdiel medzi jednotliv\u00fdmi typmi ihli\u010dia Doby, kedy umel\u00fd viano\u010dn\u00fd strom\u010dek pripom\u00ednal len z\u010faleka ten re\u00e1lny, s\u00fa u\u017e d\u00e1vno pre\u010d! N\u00e1\u0161 internetov\u00fd obchod pon\u00faka viano\u010dn\u00e9 strom\u010deky, ktor\u00e9 s\u00fa takmer dokonalou k\u00f3piou strom\u010dekov \u017eiv\u00fdch, a to predov\u0161etk\u00fdm v\u010faka realistick\u00fdm, husto vrstven\u00fdm vetvi\u010dk\u00e1m z t\u00fdch najkvalitnej\u0161\u00edch PE (polyetyl\u00e9n) a PVC (polyvinylchlorid) materi\u00e1lov. Vybra\u0165 si m\u00f4\u017eete viano\u010dn\u00e9 strom\u010deky s 2D, 3D (kombin\u00e1cia 2D a 3D ihli\u010die alebo kombin\u00e1cia PVC a PE materi\u00e1lov), \u010di dokonca 100% 3D ihli\u010d\u00edm. Ni\u017e\u0161ie popis strom\u010dekov, pod\u013ea jednotliv\u00fdch produktov\u00fdch radov. Pri 3D strom\u010dekoch je pomer 2D a 3D ihli\u010dia konkr\u00e9tneho strom\u010deka uveden\u00fd v tabu\u013eke v detaile produktu. ECONOMYCenovo dostupn\u00e9 2D&hellip;<\/p>\n","category_list":"","author_info":{"name":"Jan Hanzl","url":"https:\/\/old2024.mujstromecek.cz\/sk\/author\/jan\/"},"comments_num":"0 comments","featured_image_urls_v2":{"full":"","thumbnail":"","medium":"","medium_large":"","large":"","1536x1536":"","2048x2048":"","woocommerce_thumbnail":"","woocommerce_single":"","woocommerce_gallery_thumbnail":""},"post_excerpt_stackable_v2":"<p>Rozdiel medzi jednotliv\u00fdmi typmi ihli\u010dia Doby, kedy umel\u00fd viano\u010dn\u00fd strom\u010dek pripom\u00ednal len z\u010faleka ten re\u00e1lny, s\u00fa u\u017e d\u00e1vno pre\u010d! N\u00e1\u0161 internetov\u00fd obchod pon\u00faka viano\u010dn\u00e9 strom\u010deky, ktor\u00e9 s\u00fa takmer dokonalou k\u00f3piou strom\u010dekov \u017eiv\u00fdch, a to predov\u0161etk\u00fdm v\u010faka realistick\u00fdm, husto vrstven\u00fdm vetvi\u010dk\u00e1m z t\u00fdch najkvalitnej\u0161\u00edch PE (polyetyl\u00e9n) a PVC (polyvinylchlorid) materi\u00e1lov. Vybra\u0165 si m\u00f4\u017eete viano\u010dn\u00e9 strom\u010deky s 2D, 3D (kombin\u00e1cia 2D a 3D ihli\u010die alebo kombin\u00e1cia PVC a PE materi\u00e1lov), \u010di dokonca 100% 3D ihli\u010d\u00edm. Ni\u017e\u0161ie popis strom\u010dekov, pod\u013ea jednotliv\u00fdch produktov\u00fdch radov. Pri 3D strom\u010dekoch je pomer 2D a 3D ihli\u010dia konkr\u00e9tneho strom\u010deka uveden\u00fd v tabu\u013eke v detaile produktu. ECONOMYCenovo dostupn\u00e9 2D&hellip;<\/p>\n","category_list_v2":"","author_info_v2":{"name":"Jan Hanzl","url":"https:\/\/old2024.mujstromecek.cz\/sk\/author\/jan\/"},"comments_num_v2":"0 comments","yoast_head":"<!-- This site is optimized with the Yoast SEO plugin v21.1 - https:\/\/yoast.com\/wordpress\/plugins\/seo\/ -->\n<title>2D, 3D a 100% 3D ihli\u010die. Ak\u00fd je medzi nimi rozdiel? - M\u00d4J STROM\u010cEK.sk<\/title>\n<meta name=\"robots\" content=\"noindex, follow, max-snippet:-1, max-image-preview:large, max-video-preview:-1\" \/>\n<meta property=\"og:locale\" content=\"sk_SK\" \/>\n<meta property=\"og:type\" content=\"article\" \/>\n<meta property=\"og:title\" content=\"2D, 3D a 100% 3D ihli\u010die. Ak\u00fd je medzi nimi rozdiel? - M\u00d4J STROM\u010cEK.sk\" \/>\n<meta property=\"og:description\" content=\"Rozdiel medzi jednotliv\u00fdmi typmi ihli\u010dia Doby, kedy umel\u00fd viano\u010dn\u00fd strom\u010dek pripom\u00ednal len z\u010faleka ten re\u00e1lny, s\u00fa u\u017e d\u00e1vno pre\u010d! N\u00e1\u0161 internetov\u00fd obchod pon\u00faka viano\u010dn\u00e9 strom\u010deky, ktor\u00e9 s\u00fa takmer dokonalou k\u00f3piou strom\u010dekov \u017eiv\u00fdch, a to predov\u0161etk\u00fdm v\u010faka realistick\u00fdm, husto vrstven\u00fdm vetvi\u010dk\u00e1m z t\u00fdch najkvalitnej\u0161\u00edch PE (polyetyl\u00e9n) a PVC (polyvinylchlorid) materi\u00e1lov. Vybra\u0165 si m\u00f4\u017eete viano\u010dn\u00e9 strom\u010deky s [&hellip;]\" \/>\n<meta property=\"og:url\" content=\"https:\/\/old2024.mujstromecek.cz\/sk\/rozdiel-medzi-jednotlivymi-typmi-ihlicia\/\" \/>\n<meta property=\"og:site_name\" content=\"M\u00d4J STROM\u010cEK.sk\" \/>\n<meta property=\"article:modified_time\" content=\"2022-09-16T12:44:06+00:00\" \/>\n<meta name=\"twitter:card\" content=\"summary_large_image\" \/>\n<meta name=\"twitter:label1\" content=\"Predpokladan\u00fd \u010das \u010d\u00edtania\" \/>\n\t<meta name=\"twitter:data1\" content=\"2 min\u00faty\" \/>\n<script type=\"application\/ld+json\" class=\"yoast-schema-graph\">{\"@context\":\"https:\/\/schema.org\",\"@graph\":[{\"@type\":\"WebPage\",\"@id\":\"https:\/\/old2024.mujstromecek.cz\/sk\/rozdiel-medzi-jednotlivymi-typmi-ihlicia\/\",\"url\":\"https:\/\/old2024.mujstromecek.cz\/sk\/rozdiel-medzi-jednotlivymi-typmi-ihlicia\/\",\"name\":\"2D, 3D a 100% 3D ihli\u010die. Ak\u00fd je medzi nimi rozdiel? - M\u00d4J STROM\u010cEK.sk\",\"isPartOf\":{\"@id\":\"https:\/\/mojstromcek.sk\/#website\"},\"datePublished\":\"2020-06-23T13:38:32+00:00\",\"dateModified\":\"2022-09-16T12:44:06+00:00\",\"breadcrumb\":{\"@id\":\"https:\/\/old2024.mujstromecek.cz\/sk\/rozdiel-medzi-jednotlivymi-typmi-ihlicia\/#breadcrumb\"},\"inLanguage\":\"sk-SK\",\"potentialAction\":[{\"@type\":\"ReadAction\",\"target\":[\"https:\/\/old2024.mujstromecek.cz\/sk\/rozdiel-medzi-jednotlivymi-typmi-ihlicia\/\"]}]},{\"@type\":\"BreadcrumbList\",\"@id\":\"https:\/\/old2024.mujstromecek.cz\/sk\/rozdiel-medzi-jednotlivymi-typmi-ihlicia\/#breadcrumb\",\"itemListElement\":[{\"@type\":\"ListItem\",\"position\":1,\"name\":\"Dom\u016f\",\"item\":\"https:\/\/old2024.mujstromecek.cz\/sk\/\"},{\"@type\":\"ListItem\",\"position\":2,\"name\":\"2D, 3D a 100% 3D ihli\u010die. Ak\u00fd je medzi nimi rozdiel?\"}]},{\"@type\":\"WebSite\",\"@id\":\"https:\/\/mojstromcek.sk\/#website\",\"url\":\"https:\/\/mojstromcek.sk\/\",\"name\":\"M\u00d4J STROM\u010cEK.sk\",\"description\":\"Umel\u00e9 viano\u010dn\u00e9 strom\u010deky za skvel\u00e9 ceny!\",\"potentialAction\":[{\"@type\":\"SearchAction\",\"target\":{\"@type\":\"EntryPoint\",\"urlTemplate\":\"https:\/\/mojstromcek.sk\/?s={search_term_string}\"},\"query-input\":\"required name=search_term_string\"}],\"inLanguage\":\"sk-SK\"}]}<\/script>\n<!-- \/ Yoast SEO plugin. -->","yoast_head_json":{"title":"2D, 3D a 100% 3D ihli\u010die. Ak\u00fd je medzi nimi rozdiel? - M\u00d4J STROM\u010cEK.sk","robots":{"index":"noindex","follow":"follow","max-snippet":"max-snippet:-1","max-image-preview":"max-image-preview:large","max-video-preview":"max-video-preview:-1"},"og_locale":"sk_SK","og_type":"article","og_title":"2D, 3D a 100% 3D ihli\u010die. Ak\u00fd je medzi nimi rozdiel? - M\u00d4J STROM\u010cEK.sk","og_description":"Rozdiel medzi jednotliv\u00fdmi typmi ihli\u010dia Doby, kedy umel\u00fd viano\u010dn\u00fd strom\u010dek pripom\u00ednal len z\u010faleka ten re\u00e1lny, s\u00fa u\u017e d\u00e1vno pre\u010d! N\u00e1\u0161 internetov\u00fd obchod pon\u00faka viano\u010dn\u00e9 strom\u010deky, ktor\u00e9 s\u00fa takmer dokonalou k\u00f3piou strom\u010dekov \u017eiv\u00fdch, a to predov\u0161etk\u00fdm v\u010faka realistick\u00fdm, husto vrstven\u00fdm vetvi\u010dk\u00e1m z t\u00fdch najkvalitnej\u0161\u00edch PE (polyetyl\u00e9n) a PVC (polyvinylchlorid) materi\u00e1lov. Vybra\u0165 si m\u00f4\u017eete viano\u010dn\u00e9 strom\u010deky s [&hellip;]","og_url":"https:\/\/old2024.mujstromecek.cz\/sk\/rozdiel-medzi-jednotlivymi-typmi-ihlicia\/","og_site_name":"M\u00d4J STROM\u010cEK.sk","article_modified_time":"2022-09-16T12:44:06+00:00","twitter_card":"summary_large_image","twitter_misc":{"Predpokladan\u00fd \u010das \u010d\u00edtania":"2 min\u00faty"},"schema":{"@context":"https:\/\/schema.org","@graph":[{"@type":"WebPage","@id":"https:\/\/old2024.mujstromecek.cz\/sk\/rozdiel-medzi-jednotlivymi-typmi-ihlicia\/","url":"https:\/\/old2024.mujstromecek.cz\/sk\/rozdiel-medzi-jednotlivymi-typmi-ihlicia\/","name":"2D, 3D a 100% 3D ihli\u010die. Ak\u00fd je medzi nimi rozdiel? - M\u00d4J STROM\u010cEK.sk","isPartOf":{"@id":"https:\/\/mojstromcek.sk\/#website"},"datePublished":"2020-06-23T13:38:32+00:00","dateModified":"2022-09-16T12:44:06+00:00","breadcrumb":{"@id":"https:\/\/old2024.mujstromecek.cz\/sk\/rozdiel-medzi-jednotlivymi-typmi-ihlicia\/#breadcrumb"},"inLanguage":"sk-SK","potentialAction":[{"@type":"ReadAction","target":["https:\/\/old2024.mujstromecek.cz\/sk\/rozdiel-medzi-jednotlivymi-typmi-ihlicia\/"]}]},{"@type":"BreadcrumbList","@id":"https:\/\/old2024.mujstromecek.cz\/sk\/rozdiel-medzi-jednotlivymi-typmi-ihlicia\/#breadcrumb","itemListElement":[{"@type":"ListItem","position":1,"name":"Dom\u016f","item":"https:\/\/old2024.mujstromecek.cz\/sk\/"},{"@type":"ListItem","position":2,"name":"2D, 3D a 100% 3D ihli\u010die. Ak\u00fd je medzi nimi rozdiel?"}]},{"@type":"WebSite","@id":"https:\/\/mojstromcek.sk\/#website","url":"https:\/\/mojstromcek.sk\/","name":"M\u00d4J STROM\u010cEK.sk","description":"Umel\u00e9 viano\u010dn\u00e9 strom\u010deky za skvel\u00e9 ceny!","potentialAction":[{"@type":"SearchAction","target":{"@type":"EntryPoint","urlTemplate":"https:\/\/mojstromcek.sk\/?s={search_term_string}"},"query-input":"required name=search_term_string"}],"inLanguage":"sk-SK"}]}},"_links":{"self":[{"href":"https:\/\/old2024.mujstromecek.cz\/sk\/wp-json\/wp\/v2\/pages\/7229","targetHints":{"allow":["GET"]}}],"collection":[{"href":"https:\/\/old2024.mujstromecek.cz\/sk\/wp-json\/wp\/v2\/pages"}],"about":[{"href":"https:\/\/old2024.mujstromecek.cz\/sk\/wp-json\/wp\/v2\/types\/page"}],"author":[{"embeddable":true,"href":"https:\/\/old2024.mujstromecek.cz\/sk\/wp-json\/wp\/v2\/users\/2"}],"replies":[{"embeddable":true,"href":"https:\/\/old2024.mujstromecek.cz\/sk\/wp-json\/wp\/v2\/comments?post=7229"}],"version-history":[{"count":1,"href":"https:\/\/old2024.mujstromecek.cz\/sk\/wp-json\/wp\/v2\/pages\/7229\/revisions"}],"predecessor-version":[{"id":204544,"href":"https:\/\/old2024.mujstromecek.cz\/sk\/wp-json\/wp\/v2\/pages\/7229\/revisions\/204544"}],"wp:attachment":[{"href":"https:\/\/old2024.mujstromecek.cz\/sk\/wp-json\/wp\/v2\/media?parent=7229"}],"curies":[{"name":"wp","href":"https:\/\/api.w.org\/{rel}","templated":true}]}}