{"id":7226,"date":"2020-06-23T13:36:52","date_gmt":"2020-06-23T13:36:52","guid":{"rendered":"https:\/\/mujstromecek.cz\/doprava-a-platba\/"},"modified":"2022-10-28T15:30:52","modified_gmt":"2022-10-28T15:30:52","slug":"doprava-a-platba","status":"publish","type":"page","link":"https:\/\/old2024.mujstromecek.cz\/sk\/doprava-a-platba\/","title":{"rendered":"Doprava a platba"},"content":{"rendered":"\t\t<div data-elementor-type=\"section\" data-elementor-id=\"91949\" class=\"elementor elementor-91949 elementor-17111\" data-elementor-post-type=\"elementor_library\">\n\t\t\t\t\t<div class=\"elementor-section-wrap\">\n\t\t\t\t\t\t\t\t<section class=\"elementor-section elementor-top-section elementor-element elementor-element-48e198c elementor-section-boxed elementor-section-height-default elementor-section-height-default\" data-id=\"48e198c\" data-element_type=\"section\">\n\t\t\t\t\t\t<div class=\"elementor-container elementor-column-gap-default\">\n\t\t\t\t\t\t\t<div class=\"elementor-row\">\n\t\t\t\t\t<div class=\"elementor-column elementor-col-100 elementor-top-column elementor-element elementor-element-1cb8f78\" data-id=\"1cb8f78\" data-element_type=\"column\">\n\t\t\t<div class=\"elementor-column-wrap elementor-element-populated\">\n\t\t\t\t\t\t\t<div class=\"elementor-widget-wrap\">\n\t\t\t\t\t\t<div class=\"elementor-element elementor-element-0d0dc2b elementor-icon-list--layout-traditional elementor-list-item-link-full_width elementor-widget elementor-widget-icon-list\" data-id=\"0d0dc2b\" data-element_type=\"widget\" data-widget_type=\"icon-list.default\">\n\t\t\t\t<div class=\"elementor-widget-container\">\n\t\t\t\t\t<ul class=\"elementor-icon-list-items\">\n\t\t\t\t\t\t\t<li class=\"elementor-icon-list-item\">\n\t\t\t\t\t\t\t\t\t\t\t<span class=\"elementor-icon-list-icon\">\n\t\t\t\t\t\t\t<svg xmlns=\"http:\/\/www.w3.org\/2000\/svg\" viewBox=\"0 0 24 24\"><defs><style>.a{fill:#d80001;}<\/style><\/defs><path class=\"a\" d=\"M8,24a3,3,0,1,1,3-3A3,3,0,0,1,8,24Zm0-4a1,1,0,1,0,1,1A1,1,0,0,0,8,20Z\"><\/path><path class=\"a\" d=\"M20,24a3,3,0,1,1,3-3A3,3,0,0,1,20,24Zm0-4a1,1,0,1,0,1,1A1,1,0,0,0,20,20Z\"><\/path><path class=\"a\" d=\"M19.3,17H8.8a3,3,0,0,1-3-2.6L4.21,2.84A1,1,0,0,0,3.2,2H1A1,1,0,0,1,1,0H3.2a3,3,0,0,1,3,2.6L6.53,5H23a1,1,0,0,1,.77.37A1,1,0,0,1,24,6.2l-1.7,8.4A3,3,0,0,1,19.3,17ZM6.8,7l1,7.16a1,1,0,0,0,1,.84H19.3a1,1,0,0,0,1-.8L21.78,7Z\"><\/path><\/svg>\t\t\t\t\t\t<\/span>\n\t\t\t\t\t\t\t\t\t\t<span class=\"elementor-icon-list-text\">Doprava a platba<\/span>\n\t\t\t\t\t\t\t\t\t<\/li>\n\t\t\t\t\t\t<\/ul>\n\t\t\t\t<\/div>\n\t\t\t\t<\/div>\n\t\t\t\t<div class=\"elementor-element elementor-element-a581376 elementor-widget elementor-widget-image\" data-id=\"a581376\" data-element_type=\"widget\" data-widget_type=\"image.default\">\n\t\t\t\t<div class=\"elementor-widget-container\">\n\t\t\t\t\t\t\t\t<div class=\"elementor-image\">\n\t\t\t\t\t\t\t\t\t\t\t\t<img decoding=\"async\" width=\"800\" height=\"220\" src=\"https:\/\/old2024.mujstromecek.cz\/wp-content\/uploads\/2021\/05\/doprava-platba-img-1024x281.jpg\" class=\"attachment-large size-large wp-image-17148\" alt=\"\" srcset=\"https:\/\/old2024.mujstromecek.cz\/wp-content\/uploads\/2021\/05\/doprava-platba-img-1024x281.jpg 1024w, https:\/\/old2024.mujstromecek.cz\/wp-content\/uploads\/2021\/05\/doprava-platba-img-300x82.jpg 300w, https:\/\/old2024.mujstromecek.cz\/wp-content\/uploads\/2021\/05\/doprava-platba-img-768x211.jpg 768w, https:\/\/old2024.mujstromecek.cz\/wp-content\/uploads\/2021\/05\/doprava-platba-img-600x165.jpg 600w, https:\/\/old2024.mujstromecek.cz\/wp-content\/uploads\/2021\/05\/doprava-platba-img.jpg 1049w\" sizes=\"(max-width: 800px) 100vw, 800px\" \/>\t\t\t\t\t\t\t\t\t\t\t\t\t\t<\/div>\n\t\t\t\t\t\t<\/div>\n\t\t\t\t<\/div>\n\t\t\t\t\t\t<\/div>\n\t\t\t\t\t<\/div>\n\t\t<\/div>\n\t\t\t\t\t\t\t\t<\/div>\n\t\t\t\t\t<\/div>\n\t\t<\/section>\n\t\t\t\t<section class=\"elementor-section elementor-top-section elementor-element elementor-element-ec5e845 elementor-section-boxed elementor-section-height-default elementor-section-height-default\" data-id=\"ec5e845\" data-element_type=\"section\">\n\t\t\t\t\t\t<div class=\"elementor-container elementor-column-gap-default\">\n\t\t\t\t\t\t\t<div class=\"elementor-row\">\n\t\t\t\t\t<div class=\"elementor-column elementor-col-50 elementor-top-column elementor-element elementor-element-60179c7\" data-id=\"60179c7\" data-element_type=\"column\">\n\t\t\t<div class=\"elementor-column-wrap elementor-element-populated\">\n\t\t\t\t\t\t\t<div class=\"elementor-widget-wrap\">\n\t\t\t\t\t\t<div class=\"elementor-element elementor-element-41cfa79 elementor-icon-list--layout-traditional elementor-list-item-link-full_width elementor-widget elementor-widget-icon-list\" data-id=\"41cfa79\" data-element_type=\"widget\" data-widget_type=\"icon-list.default\">\n\t\t\t\t<div class=\"elementor-widget-container\">\n\t\t\t\t\t<ul class=\"elementor-icon-list-items\">\n\t\t\t\t\t\t\t<li class=\"elementor-icon-list-item\">\n\t\t\t\t\t\t\t\t\t\t\t<span class=\"elementor-icon-list-icon\">\n\t\t\t\t\t\t\t<svg xmlns=\"http:\/\/www.w3.org\/2000\/svg\" viewBox=\"0 0 22 22\"><defs><style>.a{fill:#d80001;}<\/style><\/defs><path class=\"a\" d=\"M12,23A11,11,0,1,1,23,12,11,11,0,0,1,12,23ZM12,3a9,9,0,1,0,9,9A9,9,0,0,0,12,3Z\" transform=\"translate(-1 -1)\"><\/path><path class=\"a\" d=\"M22,13H2a1,1,0,0,1,0-2H22a1,1,0,0,1,0,2Z\" transform=\"translate(-1 -1)\"><\/path><path class=\"a\" d=\"M12,23a1,1,0,0,1-.73-.32A16.26,16.26,0,0,1,7,12,16.29,16.29,0,0,1,11.27,1.32a1,1,0,0,1,1.46,0A16.26,16.26,0,0,1,17,12a16.29,16.29,0,0,1-4.27,10.71A1,1,0,0,1,12,23ZM12,3.54A14.35,14.35,0,0,0,9,12a14.29,14.29,0,0,0,3,8.43A14.35,14.35,0,0,0,15,12,14.29,14.29,0,0,0,12,3.54Z\" transform=\"translate(-1 -1)\"><\/path><\/svg>\t\t\t\t\t\t<\/span>\n\t\t\t\t\t\t\t\t\t\t<span class=\"elementor-icon-list-text\">SP\u00d4SOBY DOPRAVY<\/span>\n\t\t\t\t\t\t\t\t\t<\/li>\n\t\t\t\t\t\t<\/ul>\n\t\t\t\t<\/div>\n\t\t\t\t<\/div>\n\t\t\t\t<div class=\"elementor-element elementor-element-2216ea0 elementor-widget elementor-widget-text-editor\" data-id=\"2216ea0\" data-element_type=\"widget\" data-widget_type=\"text-editor.default\">\n\t\t\t\t<div class=\"elementor-widget-container\">\n\t\t\t\t\t\t\t\t<div class=\"elementor-text-editor elementor-clearfix\">\n\t\t\t\tK doru\u010denie tovaru k z\u00e1kazn\u00edkovi vyu\u017e\u00edvame prepravn\u00fa spolo\u010dnos\u0165\u00a0<strong>DPD<\/strong>.\t\t\t\t\t<\/div>\n\t\t\t\t\t\t<\/div>\n\t\t\t\t<\/div>\n\t\t\t\t<div class=\"elementor-element elementor-element-91d3618 elementor-icon-list--layout-traditional elementor-list-item-link-full_width elementor-widget elementor-widget-icon-list\" data-id=\"91d3618\" data-element_type=\"widget\" data-widget_type=\"icon-list.default\">\n\t\t\t\t<div class=\"elementor-widget-container\">\n\t\t\t\t\t<ul class=\"elementor-icon-list-items\">\n\t\t\t\t\t\t\t<li class=\"elementor-icon-list-item\">\n\t\t\t\t\t\t\t\t\t\t\t<span class=\"elementor-icon-list-icon\">\n\t\t\t\t\t\t\t<i aria-hidden=\"true\" class=\"fas fa-genderless\"><\/i>\t\t\t\t\t\t<\/span>\n\t\t\t\t\t\t\t\t\t\t<span class=\"elementor-icon-list-text\">V R\u00c1MCI <strong>SLOVENSKEJ REPUBLIKY JE DOPRAVA ZADARMO!<\/strong><\/span>\n\t\t\t\t\t\t\t\t\t<\/li>\n\t\t\t\t\t\t\t\t<li class=\"elementor-icon-list-item\">\n\t\t\t\t\t\t\t\t\t\t\t<span class=\"elementor-icon-list-icon\">\n\t\t\t\t\t\t\t<i aria-hidden=\"true\" class=\"fas fa-genderless\"><\/i>\t\t\t\t\t\t<\/span>\n\t\t\t\t\t\t\t\t\t\t<span class=\"elementor-icon-list-text\">Doba dodania: <strong>do 5 pracovn\u00fdch dn\u00ed<\/strong><\/span>\n\t\t\t\t\t\t\t\t\t<\/li>\n\t\t\t\t\t\t\t\t<li class=\"elementor-icon-list-item\">\n\t\t\t\t\t\t\t\t\t\t\t<span class=\"elementor-icon-list-icon\">\n\t\t\t\t\t\t\t<i aria-hidden=\"true\" class=\"fas fa-genderless\"><\/i>\t\t\t\t\t\t<\/span>\n\t\t\t\t\t\t\t\t\t\t<span class=\"elementor-icon-list-text\">O presnom d\u00e1tume dodania V\u00e1s budeme informova\u0165.<\/span>\n\t\t\t\t\t\t\t\t\t<\/li>\n\t\t\t\t\t\t\t\t<li class=\"elementor-icon-list-item\">\n\t\t\t\t\t\t\t\t\t\t\t<span class=\"elementor-icon-list-icon\">\n\t\t\t\t\t\t\t<i aria-hidden=\"true\" class=\"fas fa-genderless\"><\/i>\t\t\t\t\t\t<\/span>\n\t\t\t\t\t\t\t\t\t\t<span class=\"elementor-icon-list-text\">Pokia\u013e m\u00e1te z\u00e1ujem doru\u010denie strom\u010deka do in\u00e9ho \u0161t\u00e1tu E\u00da, tak n\u00e1s pros\u00edm kontaktujte na emailovej adrese dotazy@mojstromcek.sk<\/span>\n\t\t\t\t\t\t\t\t\t<\/li>\n\t\t\t\t\t\t<\/ul>\n\t\t\t\t<\/div>\n\t\t\t\t<\/div>\n\t\t\t\t\t\t<\/div>\n\t\t\t\t\t<\/div>\n\t\t<\/div>\n\t\t\t\t<div class=\"elementor-column elementor-col-50 elementor-top-column elementor-element elementor-element-a6bc478\" data-id=\"a6bc478\" data-element_type=\"column\">\n\t\t\t<div class=\"elementor-column-wrap elementor-element-populated\">\n\t\t\t\t\t\t\t<div class=\"elementor-widget-wrap\">\n\t\t\t\t\t\t<div class=\"elementor-element elementor-element-4708a18 elementor-icon-list--layout-traditional elementor-list-item-link-full_width elementor-widget elementor-widget-icon-list\" data-id=\"4708a18\" data-element_type=\"widget\" data-widget_type=\"icon-list.default\">\n\t\t\t\t<div class=\"elementor-widget-container\">\n\t\t\t\t\t<ul class=\"elementor-icon-list-items\">\n\t\t\t\t\t\t\t<li class=\"elementor-icon-list-item\">\n\t\t\t\t\t\t\t\t\t\t\t<span class=\"elementor-icon-list-icon\">\n\t\t\t\t\t\t\t<svg xmlns=\"http:\/\/www.w3.org\/2000\/svg\" viewBox=\"0 0 24 18\"><defs><style>.a{fill:#d80001;}<\/style><\/defs><path class=\"a\" d=\"M21,21H3a3,3,0,0,1-3-3V6A3,3,0,0,1,3,3H21a3,3,0,0,1,3,3V18A3,3,0,0,1,21,21ZM2,11v7a1,1,0,0,0,1,1H21a1,1,0,0,0,1-1V11ZM2,9H22V6a1,1,0,0,0-1-1H3A1,1,0,0,0,2,6Z\" transform=\"translate(0 -3)\"><\/path><\/svg>\t\t\t\t\t\t<\/span>\n\t\t\t\t\t\t\t\t\t\t<span class=\"elementor-icon-list-text\">SP\u00d4SOBY PLATBY<\/span>\n\t\t\t\t\t\t\t\t\t<\/li>\n\t\t\t\t\t\t<\/ul>\n\t\t\t\t<\/div>\n\t\t\t\t<\/div>\n\t\t\t\t<div class=\"elementor-element elementor-element-986206f elementor-widget elementor-widget-text-editor\" data-id=\"986206f\" data-element_type=\"widget\" data-widget_type=\"text-editor.default\">\n\t\t\t\t<div class=\"elementor-widget-container\">\n\t\t\t\t\t\t\t\t<div class=\"elementor-text-editor elementor-clearfix\">\n\t\t\t\tCenu tovaru a n\u00e1klady spojen\u00e9 s dodan\u00edm tovaru m\u00f4\u017ee kupuj\u00faci uhradi\u0165 nasledovn\u00fdmi sp\u00f4sobmi:\t\t\t\t\t<\/div>\n\t\t\t\t\t\t<\/div>\n\t\t\t\t<\/div>\n\t\t\t\t<div class=\"elementor-element elementor-element-78e654b elementor-icon-list--layout-traditional elementor-list-item-link-full_width elementor-widget elementor-widget-icon-list\" data-id=\"78e654b\" data-element_type=\"widget\" data-widget_type=\"icon-list.default\">\n\t\t\t\t<div class=\"elementor-widget-container\">\n\t\t\t\t\t<ul class=\"elementor-icon-list-items\">\n\t\t\t\t\t\t\t<li class=\"elementor-icon-list-item\">\n\t\t\t\t\t\t\t\t\t\t\t<span class=\"elementor-icon-list-icon\">\n\t\t\t\t\t\t\t<svg xmlns=\"http:\/\/www.w3.org\/2000\/svg\" viewBox=\"0 0 456 336\"><defs><style>.a{fill:#d80001;}<\/style><\/defs><path class=\"a\" d=\"M476,88H36a8,8,0,0,0-8,8h0V336a8,8,0,0,0,8,8H476a8,8,0,0,0,8-8h0V96a8,8,0,0,0-8-8Zm-8,240H44V104H468Z\" transform=\"translate(-28 -88)\"><\/path><path class=\"a\" d=\"M76,272a24.07,24.07,0,0,1,24,24,8,8,0,0,0,8,8h76a8,8,0,0,0,0-16H115.2A40,40,0,0,0,84,256.8V175.2A40,40,0,0,0,115.2,144H184a8,8,0,0,0,0-16H108a8,8,0,0,0-8,8h0a24.07,24.07,0,0,1-24,24,8,8,0,0,0-8,8h0v96a8,8,0,0,0,8,8Z\" transform=\"translate(-28 -88)\"><\/path><path class=\"a\" d=\"M328,144h68.8A40,40,0,0,0,428,175.2v81.6A40,40,0,0,0,396.8,288H328a8,8,0,0,0,0,16h76a8,8,0,0,0,8-8h0a24.07,24.07,0,0,1,24-24,8,8,0,0,0,8-8h0V168a8,8,0,0,0-8-8h0a24.07,24.07,0,0,1-24-24,8,8,0,0,0-8-8H328a8,8,0,0,0,0,16Z\" transform=\"translate(-28 -88)\"><\/path><path class=\"a\" d=\"M256,284a68,68,0,1,0-68-68A67.94,67.94,0,0,0,256,284Zm0-120a52,52,0,1,1-52,52A52,52,0,0,1,256,164Z\" transform=\"translate(-28 -88)\"><\/path><path class=\"a\" d=\"M476,368H36a8,8,0,0,0,0,16H476a8,8,0,0,0,0-16Z\" transform=\"translate(-28 -88)\"><\/path><path class=\"a\" d=\"M476,408H36a8,8,0,0,0,0,16H476a8,8,0,0,0,0-16Z\" transform=\"translate(-28 -88)\"><\/path><\/svg>\t\t\t\t\t\t<\/span>\n\t\t\t\t\t\t\t\t\t\t<span class=\"elementor-icon-list-text\"><strong>Na dobierku<\/strong> \u2013 platba v hotovosti vodi\u010dovi prepravnej spolo\u010dnosti v mieste ur\u010denom kupuj\u00facim v objedn\u00e1vke<\/span>\n\t\t\t\t\t\t\t\t\t<\/li>\n\t\t\t\t\t\t\t\t<li class=\"elementor-icon-list-item\">\n\t\t\t\t\t\t\t\t\t\t\t<span class=\"elementor-icon-list-icon\">\n\t\t\t\t\t\t\t<svg xmlns=\"http:\/\/www.w3.org\/2000\/svg\" viewBox=\"0 0 24 18\"><defs><style>.a{fill:#d80001;}<\/style><\/defs><path class=\"a\" d=\"M21,21H3a3,3,0,0,1-3-3V6A3,3,0,0,1,3,3H21a3,3,0,0,1,3,3V18A3,3,0,0,1,21,21ZM2,11v7a1,1,0,0,0,1,1H21a1,1,0,0,0,1-1V11ZM2,9H22V6a1,1,0,0,0-1-1H3A1,1,0,0,0,2,6Z\" transform=\"translate(0 -3)\"><\/path><\/svg>\t\t\t\t\t\t<\/span>\n\t\t\t\t\t\t\t\t\t\t<span class=\"elementor-icon-list-text\"><strong>Platobn\u00e1 karta<\/strong> \u2013 online prostredn\u00edctvom GoPay<\/span>\n\t\t\t\t\t\t\t\t\t<\/li>\n\t\t\t\t\t\t\t\t<li class=\"elementor-icon-list-item\">\n\t\t\t\t\t\t\t\t\t\t\t<span class=\"elementor-icon-list-icon\">\n\t\t\t\t\t\t\t<svg xmlns=\"http:\/\/www.w3.org\/2000\/svg\" viewBox=\"0 0 23.2 16.97\"><defs><style>.a{fill:#d80001;}<\/style><\/defs><path class=\"a\" d=\"M5,13.6a1,1,0,0,1-.77-.36,1,1,0,0,1,.13-1.41,12.07,12.07,0,0,1,15.38,0,1,1,0,1,1-1.28,1.54,10,10,0,0,0-12.82,0A1,1,0,0,1,5,13.6Z\" transform=\"translate(-0.4 -4.03)\"><\/path><path class=\"a\" d=\"M22.6,10a1,1,0,0,1-.66-.25,15.14,15.14,0,0,0-19.88,0A1,1,0,0,1,.74,8.25a17.14,17.14,0,0,1,22.52,0A1,1,0,0,1,22.6,10Z\" transform=\"translate(-0.4 -4.03)\"><\/path><path class=\"a\" d=\"M8.5,17.1a1,1,0,0,1-.58-1.81,6.81,6.81,0,0,1,8.08,0,1,1,0,1,1-1.2,1.6,4.83,4.83,0,0,0-5.72,0A1,1,0,0,1,8.5,17.1Z\" transform=\"translate(-0.4 -4.03)\"><\/path><path class=\"a\" d=\"M12,21a1,1,0,0,1-.71-.29,1.15,1.15,0,0,1-.21-.33A1,1,0,0,1,11,20a1.05,1.05,0,0,1,.29-.71A1,1,0,0,1,12.2,19l.18.06a.76.76,0,0,1,.18.09,1.58,1.58,0,0,1,.15.12A1.05,1.05,0,0,1,13,20a1,1,0,0,1-.08.38,1.15,1.15,0,0,1-.21.33A1,1,0,0,1,12,21Z\" transform=\"translate(-0.4 -4.03)\"><\/path><\/svg>\t\t\t\t\t\t<\/span>\n\t\t\t\t\t\t\t\t\t\t<span class=\"elementor-icon-list-text\"><strong>Paypal<\/strong> \u2013 platba platebn\u00ed kartou nebo PayPal \u00fa\u010dtem<\/span>\n\t\t\t\t\t\t\t\t\t<\/li>\n\t\t\t\t\t\t\t\t<li class=\"elementor-icon-list-item\">\n\t\t\t\t\t\t\t\t\t\t\t<span class=\"elementor-icon-list-icon\">\n\t\t\t\t\t\t\t<svg xmlns=\"http:\/\/www.w3.org\/2000\/svg\" viewBox=\"0 0 405.85 420\"><defs><style>.a{fill:#d80001;}<\/style><\/defs><path class=\"a\" d=\"M455.7,239.6c-15.6,71-74.1,112.7-144,112.7h-73L213.7,466H111.5l9.7-42.9h61.4l5.8-26.5,19.2-87.2h45.9c88.9,0,158.3-54.7,177-139.2a184.86,184.86,0,0,0,3.3-20.5C453.6,168.8,464.9,198.4,455.7,239.6Zm-327,149.6H53.1L130.3,46H304.5c32.3,0,67.8,14.6,85.2,45.5a85.8,85.8,0,0,1,10.6,37.9,121.58,121.58,0,0,1-3,33.5c-6.1,27.7-18.8,50.9-36.1,68.9-26.4,27.6-63.7,43-105.3,43.7-.9,0-1.7.1-2.6.1h-73l-25,113.7H128.7Zm66.2-179.4h48c10.6,0,21.2-3.5,30.6-9.4a58.39,58.39,0,0,0,10-7.8c8.6-8.1,15.1-18.5,17.8-29.8,4.8-17.1-.8-31.9-12.2-40.1a37.79,37.79,0,0,0-22.2-6.9H216.8l-1.6,6.9Z\" transform=\"translate(-53.1 -46)\"><\/path><\/svg>\t\t\t\t\t\t<\/span>\n\t\t\t\t\t\t\t\t\t\t<span class=\"elementor-icon-list-text\"><strong>Paypal<\/strong> \u2013 platba platebn\u00ed kartou nebo PayPal \u00fa\u010dtem.<\/span>\n\t\t\t\t\t\t\t\t\t<\/li>\n\t\t\t\t\t\t<\/ul>\n\t\t\t\t<\/div>\n\t\t\t\t<\/div>\n\t\t\t\t\t\t<\/div>\n\t\t\t\t\t<\/div>\n\t\t<\/div>\n\t\t\t\t\t\t\t\t<\/div>\n\t\t\t\t\t<\/div>\n\t\t<\/section>\n\t\t\t\t\t\t\t<\/div>\n\t\t\t\t<\/div>\n\t\t\n","protected":false},"excerpt":{"rendered":"","protected":false},"author":2,"featured_media":0,"parent":0,"menu_order":0,"comment_status":"closed","ping_status":"closed","template":"","meta":{"footnotes":""},"class_list":["post-7226","page","type-page","status-publish","hentry"],"featured_image_urls":{"full":"","thumbnail":"","medium":"","medium_large":"","large":"","1536x1536":"","2048x2048":"","woocommerce_thumbnail":"","woocommerce_single":"","woocommerce_gallery_thumbnail":""},"post_excerpt_stackable":"<p>Doprava a platba SP\u00d4SOBY DOPRAVY K doru\u010denie tovaru k z\u00e1kazn\u00edkovi vyu\u017e\u00edvame prepravn\u00fa spolo\u010dnos\u0165\u00a0DPD. V R\u00c1MCI SLOVENSKEJ REPUBLIKY JE DOPRAVA ZADARMO! Doba dodania: do 5 pracovn\u00fdch dn\u00ed O presnom d\u00e1tume dodania V\u00e1s budeme informova\u0165. Pokia\u013e m\u00e1te z\u00e1ujem doru\u010denie strom\u010deka do in\u00e9ho \u0161t\u00e1tu E\u00da, tak n\u00e1s pros\u00edm kontaktujte na emailovej adrese dotazy@mojstromcek.sk SP\u00d4SOBY PLATBY Cenu tovaru a n\u00e1klady spojen\u00e9 s dodan\u00edm tovaru m\u00f4\u017ee kupuj\u00faci uhradi\u0165 nasledovn\u00fdmi sp\u00f4sobmi: Na dobierku \u2013 platba v hotovosti vodi\u010dovi prepravnej spolo\u010dnosti v mieste ur\u010denom kupuj\u00facim v objedn\u00e1vke Platobn\u00e1 karta \u2013 online prostredn\u00edctvom GoPay Paypal \u2013 platba platebn\u00ed kartou nebo PayPal \u00fa\u010dtem Paypal \u2013 platba platebn\u00ed kartou nebo&hellip;<\/p>\n","category_list":"","author_info":{"name":"Jan Hanzl","url":"https:\/\/old2024.mujstromecek.cz\/sk\/author\/jan\/"},"comments_num":"0 comments","featured_image_urls_v2":{"full":"","thumbnail":"","medium":"","medium_large":"","large":"","1536x1536":"","2048x2048":"","woocommerce_thumbnail":"","woocommerce_single":"","woocommerce_gallery_thumbnail":""},"post_excerpt_stackable_v2":"<p>Doprava a platba SP\u00d4SOBY DOPRAVY K doru\u010denie tovaru k z\u00e1kazn\u00edkovi vyu\u017e\u00edvame prepravn\u00fa spolo\u010dnos\u0165\u00a0DPD. V R\u00c1MCI SLOVENSKEJ REPUBLIKY JE DOPRAVA ZADARMO! Doba dodania: do 5 pracovn\u00fdch dn\u00ed O presnom d\u00e1tume dodania V\u00e1s budeme informova\u0165. Pokia\u013e m\u00e1te z\u00e1ujem doru\u010denie strom\u010deka do in\u00e9ho \u0161t\u00e1tu E\u00da, tak n\u00e1s pros\u00edm kontaktujte na emailovej adrese dotazy@mojstromcek.sk SP\u00d4SOBY PLATBY Cenu tovaru a n\u00e1klady spojen\u00e9 s dodan\u00edm tovaru m\u00f4\u017ee kupuj\u00faci uhradi\u0165 nasledovn\u00fdmi sp\u00f4sobmi: Na dobierku \u2013 platba v hotovosti vodi\u010dovi prepravnej spolo\u010dnosti v mieste ur\u010denom kupuj\u00facim v objedn\u00e1vke Platobn\u00e1 karta \u2013 online prostredn\u00edctvom GoPay Paypal \u2013 platba platebn\u00ed kartou nebo PayPal \u00fa\u010dtem Paypal \u2013 platba platebn\u00ed kartou nebo&hellip;<\/p>\n","category_list_v2":"","author_info_v2":{"name":"Jan Hanzl","url":"https:\/\/old2024.mujstromecek.cz\/sk\/author\/jan\/"},"comments_num_v2":"0 comments","yoast_head":"<!-- This site is optimized with the Yoast SEO plugin v21.1 - https:\/\/yoast.com\/wordpress\/plugins\/seo\/ -->\n<title>Doprava a platba - M\u00d4J STROM\u010cEK.sk<\/title>\n<meta name=\"robots\" content=\"noindex, follow, max-snippet:-1, max-image-preview:large, max-video-preview:-1\" \/>\n<meta property=\"og:locale\" content=\"sk_SK\" \/>\n<meta property=\"og:type\" content=\"article\" \/>\n<meta property=\"og:title\" content=\"Doprava a platba - M\u00d4J STROM\u010cEK.sk\" \/>\n<meta property=\"og:url\" content=\"https:\/\/old2024.mujstromecek.cz\/sk\/doprava-a-platba\/\" \/>\n<meta property=\"og:site_name\" content=\"M\u00d4J STROM\u010cEK.sk\" \/>\n<meta property=\"article:modified_time\" content=\"2022-10-28T15:30:52+00:00\" \/>\n<meta name=\"twitter:card\" content=\"summary_large_image\" \/>\n<meta name=\"twitter:label1\" content=\"Predpokladan\u00fd \u010das \u010d\u00edtania\" \/>\n\t<meta name=\"twitter:data1\" content=\"1 min\u00fata\" \/>\n<script type=\"application\/ld+json\" class=\"yoast-schema-graph\">{\"@context\":\"https:\/\/schema.org\",\"@graph\":[{\"@type\":\"WebPage\",\"@id\":\"https:\/\/old2024.mujstromecek.cz\/sk\/doprava-a-platba\/\",\"url\":\"https:\/\/old2024.mujstromecek.cz\/sk\/doprava-a-platba\/\",\"name\":\"Doprava a platba - M\u00d4J STROM\u010cEK.sk\",\"isPartOf\":{\"@id\":\"https:\/\/mojstromcek.sk\/#website\"},\"datePublished\":\"2020-06-23T13:36:52+00:00\",\"dateModified\":\"2022-10-28T15:30:52+00:00\",\"breadcrumb\":{\"@id\":\"https:\/\/old2024.mujstromecek.cz\/sk\/doprava-a-platba\/#breadcrumb\"},\"inLanguage\":\"sk-SK\",\"potentialAction\":[{\"@type\":\"ReadAction\",\"target\":[\"https:\/\/old2024.mujstromecek.cz\/sk\/doprava-a-platba\/\"]}]},{\"@type\":\"BreadcrumbList\",\"@id\":\"https:\/\/old2024.mujstromecek.cz\/sk\/doprava-a-platba\/#breadcrumb\",\"itemListElement\":[{\"@type\":\"ListItem\",\"position\":1,\"name\":\"Dom\u016f\",\"item\":\"https:\/\/old2024.mujstromecek.cz\/sk\/\"},{\"@type\":\"ListItem\",\"position\":2,\"name\":\"Doprava a platba\"}]},{\"@type\":\"WebSite\",\"@id\":\"https:\/\/mojstromcek.sk\/#website\",\"url\":\"https:\/\/mojstromcek.sk\/\",\"name\":\"M\u00d4J STROM\u010cEK.sk\",\"description\":\"Umel\u00e9 viano\u010dn\u00e9 strom\u010deky za skvel\u00e9 ceny!\",\"potentialAction\":[{\"@type\":\"SearchAction\",\"target\":{\"@type\":\"EntryPoint\",\"urlTemplate\":\"https:\/\/mojstromcek.sk\/?s={search_term_string}\"},\"query-input\":\"required name=search_term_string\"}],\"inLanguage\":\"sk-SK\"}]}<\/script>\n<!-- \/ Yoast SEO plugin. -->","yoast_head_json":{"title":"Doprava a platba - M\u00d4J STROM\u010cEK.sk","robots":{"index":"noindex","follow":"follow","max-snippet":"max-snippet:-1","max-image-preview":"max-image-preview:large","max-video-preview":"max-video-preview:-1"},"og_locale":"sk_SK","og_type":"article","og_title":"Doprava a platba - M\u00d4J STROM\u010cEK.sk","og_url":"https:\/\/old2024.mujstromecek.cz\/sk\/doprava-a-platba\/","og_site_name":"M\u00d4J STROM\u010cEK.sk","article_modified_time":"2022-10-28T15:30:52+00:00","twitter_card":"summary_large_image","twitter_misc":{"Predpokladan\u00fd \u010das \u010d\u00edtania":"1 min\u00fata"},"schema":{"@context":"https:\/\/schema.org","@graph":[{"@type":"WebPage","@id":"https:\/\/old2024.mujstromecek.cz\/sk\/doprava-a-platba\/","url":"https:\/\/old2024.mujstromecek.cz\/sk\/doprava-a-platba\/","name":"Doprava a platba - M\u00d4J STROM\u010cEK.sk","isPartOf":{"@id":"https:\/\/mojstromcek.sk\/#website"},"datePublished":"2020-06-23T13:36:52+00:00","dateModified":"2022-10-28T15:30:52+00:00","breadcrumb":{"@id":"https:\/\/old2024.mujstromecek.cz\/sk\/doprava-a-platba\/#breadcrumb"},"inLanguage":"sk-SK","potentialAction":[{"@type":"ReadAction","target":["https:\/\/old2024.mujstromecek.cz\/sk\/doprava-a-platba\/"]}]},{"@type":"BreadcrumbList","@id":"https:\/\/old2024.mujstromecek.cz\/sk\/doprava-a-platba\/#breadcrumb","itemListElement":[{"@type":"ListItem","position":1,"name":"Dom\u016f","item":"https:\/\/old2024.mujstromecek.cz\/sk\/"},{"@type":"ListItem","position":2,"name":"Doprava a platba"}]},{"@type":"WebSite","@id":"https:\/\/mojstromcek.sk\/#website","url":"https:\/\/mojstromcek.sk\/","name":"M\u00d4J STROM\u010cEK.sk","description":"Umel\u00e9 viano\u010dn\u00e9 strom\u010deky za skvel\u00e9 ceny!","potentialAction":[{"@type":"SearchAction","target":{"@type":"EntryPoint","urlTemplate":"https:\/\/mojstromcek.sk\/?s={search_term_string}"},"query-input":"required name=search_term_string"}],"inLanguage":"sk-SK"}]}},"_links":{"self":[{"href":"https:\/\/old2024.mujstromecek.cz\/sk\/wp-json\/wp\/v2\/pages\/7226","targetHints":{"allow":["GET"]}}],"collection":[{"href":"https:\/\/old2024.mujstromecek.cz\/sk\/wp-json\/wp\/v2\/pages"}],"about":[{"href":"https:\/\/old2024.mujstromecek.cz\/sk\/wp-json\/wp\/v2\/types\/page"}],"author":[{"embeddable":true,"href":"https:\/\/old2024.mujstromecek.cz\/sk\/wp-json\/wp\/v2\/users\/2"}],"replies":[{"embeddable":true,"href":"https:\/\/old2024.mujstromecek.cz\/sk\/wp-json\/wp\/v2\/comments?post=7226"}],"version-history":[{"count":3,"href":"https:\/\/old2024.mujstromecek.cz\/sk\/wp-json\/wp\/v2\/pages\/7226\/revisions"}],"predecessor-version":[{"id":206225,"href":"https:\/\/old2024.mujstromecek.cz\/sk\/wp-json\/wp\/v2\/pages\/7226\/revisions\/206225"}],"wp:attachment":[{"href":"https:\/\/old2024.mujstromecek.cz\/sk\/wp-json\/wp\/v2\/media?parent=7226"}],"curies":[{"name":"wp","href":"https:\/\/api.w.org\/{rel}","templated":true}]}}