{"id":7215,"date":"2020-06-23T13:17:05","date_gmt":"2020-06-23T13:17:05","guid":{"rendered":"https:\/\/mujstromecek.cz\/kontakty\/"},"modified":"2020-12-17T21:05:00","modified_gmt":"2020-12-17T21:05:00","slug":"kontakty","status":"publish","type":"page","link":"https:\/\/old2024.mujstromecek.cz\/sk\/kontakty\/","title":{"rendered":"Kontakty"},"content":{"rendered":"\n<p><\/p>\n\n\n\n<div class=\"wp-block-group\"><div class=\"wp-block-group__inner-container is-layout-flow wp-block-group-is-layout-flow\">\n<div class=\"wp-block-group\"><div class=\"wp-block-group__inner-container is-layout-flow wp-block-group-is-layout-flow\">\n<h2>Z\u00c1KAZN\u00cdCKY SERVIS<\/h2>\n<p>Na\u0161\u00edm z\u00e1kazn\u00edkom pon\u00fakame <strong>\u0161irok\u00fa ponuku<\/strong> sprievodn\u00fdch slu\u017eieb, v\u010faka ktor\u00fdm je n\u00e1kup <strong>ve\u013emi r\u00fdchly a jednoduch\u00fd.<\/strong><\/p>\n<h3>M\u00e1te ot\u00e1zku?<br>Po\u010fme na \u0148u n\u00e1js\u0165 odpove\u010f<\/h3>\n<ul>\n<li>PRE\u010c\u00cdTAJTE SI <a href=\"https:\/\/mojstromcek.sk\/caste-otazky\/\">\u010cAST\u00c9 OT\u00c1ZKY<\/a> NA\u0160ICH Z\u00c1KAZN\u00cdKOV<\/li>\n<\/ul>\n<h3>Nena\u0161li ste odpove\u010f?<\/h3>\n<p>Komunikova\u0165 s nami m\u00f4\u017eete nepretr\u017eite prostredn\u00edctvom:<\/p>\n<ul>\n<li><strong>e-mailu:<\/strong> <a href=\"mailto:dotazy@mojstromcek.sk\" target=\"_blank\" rel=\"noreferrer noopener\">dotazy@mojstromcek.sk<\/a><\/li>\n<li><strong>chatu<\/strong>: vpravo dole<\/li>\n<li><strong>telef\u00f3nneho \u010d\u00edsla:<\/strong> +420 777 470 538 (PO-PIA 9-17)<\/li>\n<\/ul>\n<p>Na\u0161i pracovn\u00edci V\u00e1m radi zodpovedaj\u00fa v\u0161etky Va\u0161e ot\u00e1zky alebo pom\u00f4\u017eu vykona\u0165 objedn\u00e1vku.<\/p>\n<\/div><\/div>\n\n\n\n<div class=\"wp-block-columns is-layout-flex wp-container-core-columns-is-layout-9d6595d7 wp-block-columns-is-layout-flex\">\n<div class=\"wp-block-column is-layout-flow wp-block-column-is-layout-flow\">\n<h2 class=\"has-text-align-left wp-block-heading\">Faktura\u010dn\u00e9 \u00fadaje<\/h2>\n\n\n\n<p>All4Customer, s.r.o.\nI\u010c: 01824651\nDI\u010c: CZ01824651\nHladnovsk\u00e1 1255\/23\n710 00, Ostrava<\/p>\n<\/div>\n\n\n\n<div class=\"wp-block-column is-layout-flow wp-block-column-is-layout-flow\">\n<h2 class=\"wp-block-heading\">Ve\u013ekoobchod<\/h2>\n\n\n\n<p>Tom\u00e1\u0161 Turo\u0148 <a href=\"mailto:velkoobchod@mujstromecek.cz\">velkoobchod@mujstromecek.cz<\/a> <\/p>\n\n\n\n<p>+420 724 708 057 (pouze pro velkoobchod)<\/p>\n<\/div>\n\n\n\n<div class=\"wp-block-column is-layout-flow wp-block-column-is-layout-flow\">\n<h2 class=\"wp-block-heading\">\u010eal\u0161ie kontakty<\/h2>\n\n\n\n<p>Karel Vl\u010dek (Marketing)\n<a href=\"mailto:marketing@mujstromecek.cz\">marketing@mujstromecek.cz<\/a><\/p>\n\n\n\n<p>Pavel Onderka (V\u00fdroba a Sklad)\n<a href=\"mailto:vyroba@mujstromecek.cz\">vyroba@mujstromecek.cz<\/a><\/p>\n<\/div>\n<\/div>\n\n\n\n<div class=\"wp-block-ugb-columns ugb-columns ugb-1ca7788 ugb-columns--design-plain ugb-columns--columns-2 ugb-main-block\"><div class=\"ugb-inner-block\"><div class=\"ugb-block-content\"><div class=\"ugb-columns__item ugb-1ca7788-content-wrapper\">\n<div class=\"wp-block-ugb-column ugb-column ugb-3450c15 ugb-column--design-plain ugb-main-block\"><div class=\"ugb-inner-block\"><div class=\"ugb-block-content\"><div class=\"ugb-column__item ugb-3450c15-column-wrapper\"><div class=\"ugb-column__content-wrapper\">\n<div class=\"wp-block-image\"><figure class=\"alignleft size-large\"><img decoding=\"async\" width=\"1024\" height=\"768\" src=\"https:\/\/old2024.mujstromecek.cz\/wp-content\/uploads\/2020\/06\/showroom-1024x768.jpeg\" alt=\"\" class=\"wp-image-6256\" srcset=\"https:\/\/old2024.mujstromecek.cz\/wp-content\/uploads\/2020\/06\/showroom-1024x768.jpeg 1024w, https:\/\/old2024.mujstromecek.cz\/wp-content\/uploads\/2020\/06\/showroom-300x225.jpeg 300w, https:\/\/old2024.mujstromecek.cz\/wp-content\/uploads\/2020\/06\/showroom-768x576.jpeg 768w, https:\/\/old2024.mujstromecek.cz\/wp-content\/uploads\/2020\/06\/showroom-1536x1152.jpeg 1536w, https:\/\/old2024.mujstromecek.cz\/wp-content\/uploads\/2020\/06\/showroom-600x450.jpeg 600w, https:\/\/old2024.mujstromecek.cz\/wp-content\/uploads\/2020\/06\/showroom.jpeg 1600w\" sizes=\"(max-width: 1024px) 100vw, 1024px\" \/><\/figure><\/div>\n<\/div><\/div><\/div><\/div><\/div>\n\n\n\n<div class=\"wp-block-ugb-column ugb-column ugb-033bf97 ugb-column--design-plain ugb-main-block\"><div class=\"ugb-inner-block\"><div class=\"ugb-block-content\"><div class=\"ugb-column__item ugb-033bf97-column-wrapper\"><div class=\"ugb-column__content-wrapper\">\n<iframe style=\"border: 0;\" tabindex=\"0\" src=\"https:\/\/www.google.com\/maps\/embed?pb=!1m14!1m8!1m3!1d329326.0325305334!2d18.30526!3d49.845095!3m2!1i1024!2i768!4f13.1!3m3!1m2!1s0x4713e32a7ac60fa9%3A0xea9642a6fb882b28!2sHladnovsk%C3%A1%201255%2F23%2C%20710%2000%20Slezsk%C3%A1%20Ostrava%2C%20Czechia!5e0!3m2!1sen!2sus!4v1593526756270!5m2!1sen!2sus\" width=\"600\" height=\"450\" frameborder=\"0\" allowfullscreen=\"allowfullscreen\" aria-hidden=\"false\"><\/iframe>\n\n\n\n<p><\/p>\n<\/div><\/div><\/div><\/div><\/div>\n<\/div><\/div><\/div><\/div>\n\n\n\n<p><\/p>\n<\/div><\/div>\n\n\n","protected":false},"excerpt":{"rendered":"<p>Z\u00c1KAZN\u00cdCKY SERVIS Na\u0161\u00edm z\u00e1kazn\u00edkom pon\u00fakame \u0161irok\u00fa ponuku sprievodn\u00fdch slu\u017eieb, v\u010faka ktor\u00fdm je n\u00e1kup ve\u013emi r\u00fdchly a jednoduch\u00fd. M\u00e1te ot\u00e1zku?Po\u010fme na \u0148u n\u00e1js\u0165 odpove\u010f PRE\u010c\u00cdTAJTE SI \u010cAST\u00c9 OT\u00c1ZKY NA\u0160ICH Z\u00c1KAZN\u00cdKOV Nena\u0161li ste odpove\u010f? Komunikova\u0165 s nami m\u00f4\u017eete nepretr\u017eite prostredn\u00edctvom: e-mailu: dotazy@mojstromcek.sk chatu: vpravo dole telef\u00f3nneho \u010d\u00edsla: +420 777 470 538 (PO-PIA 9-17) Na\u0161i pracovn\u00edci V\u00e1m radi [&hellip;]<\/p>\n","protected":false},"author":2,"featured_media":0,"parent":0,"menu_order":0,"comment_status":"closed","ping_status":"closed","template":"","meta":{"footnotes":""},"class_list":["post-7215","page","type-page","status-publish","hentry"],"featured_image_urls":{"full":"","thumbnail":"","medium":"","medium_large":"","large":"","1536x1536":"","2048x2048":"","woocommerce_thumbnail":"","woocommerce_single":"","woocommerce_gallery_thumbnail":""},"post_excerpt_stackable":"<p>Z\u00c1KAZN\u00cdCKY SERVIS Na\u0161\u00edm z\u00e1kazn\u00edkom pon\u00fakame \u0161irok\u00fa ponuku sprievodn\u00fdch slu\u017eieb, v\u010faka ktor\u00fdm je n\u00e1kup ve\u013emi r\u00fdchly a jednoduch\u00fd. M\u00e1te ot\u00e1zku?Po\u010fme na \u0148u n\u00e1js\u0165 odpove\u010f PRE\u010c\u00cdTAJTE SI \u010cAST\u00c9 OT\u00c1ZKY NA\u0160ICH Z\u00c1KAZN\u00cdKOV Nena\u0161li ste odpove\u010f? Komunikova\u0165 s nami m\u00f4\u017eete nepretr\u017eite prostredn\u00edctvom: e-mailu: dotazy@mojstromcek.sk chatu: vpravo dole telef\u00f3nneho \u010d\u00edsla: +420 777 470 538 (PO-PIA 9-17) Na\u0161i pracovn\u00edci V\u00e1m radi zodpovedaj\u00fa v\u0161etky Va\u0161e ot\u00e1zky alebo pom\u00f4\u017eu vykona\u0165 objedn\u00e1vku. Faktura\u010dn\u00e9 \u00fadaje All4Customer, s.r.o. I\u010c: 01824651 DI\u010c: CZ01824651 Hladnovsk\u00e1 1255\/23 710 00, Ostrava Ve\u013ekoobchod Tom\u00e1\u0161 Turo\u0148 velkoobchod@mujstromecek.cz +420 724 708 057 (pouze pro velkoobchod) \u010eal\u0161ie kontakty Karel Vl\u010dek (Marketing) marketing@mujstromecek.cz Pavel Onderka (V\u00fdroba a Sklad) vyroba@mujstromecek.cz<\/p>\n","category_list":"","author_info":{"name":"Jan Hanzl","url":"https:\/\/old2024.mujstromecek.cz\/sk\/author\/jan\/"},"comments_num":"0 comments","featured_image_urls_v2":{"full":"","thumbnail":"","medium":"","medium_large":"","large":"","1536x1536":"","2048x2048":"","woocommerce_thumbnail":"","woocommerce_single":"","woocommerce_gallery_thumbnail":""},"post_excerpt_stackable_v2":"<p>Z\u00c1KAZN\u00cdCKY SERVIS Na\u0161\u00edm z\u00e1kazn\u00edkom pon\u00fakame \u0161irok\u00fa ponuku sprievodn\u00fdch slu\u017eieb, v\u010faka ktor\u00fdm je n\u00e1kup ve\u013emi r\u00fdchly a jednoduch\u00fd. M\u00e1te ot\u00e1zku?Po\u010fme na \u0148u n\u00e1js\u0165 odpove\u010f PRE\u010c\u00cdTAJTE SI \u010cAST\u00c9 OT\u00c1ZKY NA\u0160ICH Z\u00c1KAZN\u00cdKOV Nena\u0161li ste odpove\u010f? Komunikova\u0165 s nami m\u00f4\u017eete nepretr\u017eite prostredn\u00edctvom: e-mailu: dotazy@mojstromcek.sk chatu: vpravo dole telef\u00f3nneho \u010d\u00edsla: +420 777 470 538 (PO-PIA 9-17) Na\u0161i pracovn\u00edci V\u00e1m radi zodpovedaj\u00fa v\u0161etky Va\u0161e ot\u00e1zky alebo pom\u00f4\u017eu vykona\u0165 objedn\u00e1vku. Faktura\u010dn\u00e9 \u00fadaje All4Customer, s.r.o. I\u010c: 01824651 DI\u010c: CZ01824651 Hladnovsk\u00e1 1255\/23 710 00, Ostrava Ve\u013ekoobchod Tom\u00e1\u0161 Turo\u0148 velkoobchod@mujstromecek.cz +420 724 708 057 (pouze pro velkoobchod) \u010eal\u0161ie kontakty Karel Vl\u010dek (Marketing) marketing@mujstromecek.cz Pavel Onderka (V\u00fdroba a Sklad) vyroba@mujstromecek.cz<\/p>\n","category_list_v2":"","author_info_v2":{"name":"Jan Hanzl","url":"https:\/\/old2024.mujstromecek.cz\/sk\/author\/jan\/"},"comments_num_v2":"0 comments","yoast_head":"<!-- This site is optimized with the Yoast SEO plugin v21.1 - https:\/\/yoast.com\/wordpress\/plugins\/seo\/ -->\n<title>Kontakty - M\u00d4J STROM\u010cEK.sk<\/title>\n<meta name=\"robots\" content=\"noindex, follow, max-snippet:-1, max-image-preview:large, max-video-preview:-1\" \/>\n<meta property=\"og:locale\" content=\"sk_SK\" \/>\n<meta property=\"og:type\" content=\"article\" \/>\n<meta property=\"og:title\" content=\"Kontakty - M\u00d4J STROM\u010cEK.sk\" \/>\n<meta property=\"og:description\" content=\"Z\u00c1KAZN\u00cdCKY SERVIS Na\u0161\u00edm z\u00e1kazn\u00edkom pon\u00fakame \u0161irok\u00fa ponuku sprievodn\u00fdch slu\u017eieb, v\u010faka ktor\u00fdm je n\u00e1kup ve\u013emi r\u00fdchly a jednoduch\u00fd. M\u00e1te ot\u00e1zku?Po\u010fme na \u0148u n\u00e1js\u0165 odpove\u010f PRE\u010c\u00cdTAJTE SI \u010cAST\u00c9 OT\u00c1ZKY NA\u0160ICH Z\u00c1KAZN\u00cdKOV Nena\u0161li ste odpove\u010f? Komunikova\u0165 s nami m\u00f4\u017eete nepretr\u017eite prostredn\u00edctvom: e-mailu: dotazy@mojstromcek.sk chatu: vpravo dole telef\u00f3nneho \u010d\u00edsla: +420 777 470 538 (PO-PIA 9-17) Na\u0161i pracovn\u00edci V\u00e1m radi [&hellip;]\" \/>\n<meta property=\"og:url\" content=\"https:\/\/old2024.mujstromecek.cz\/sk\/kontakty\/\" \/>\n<meta property=\"og:site_name\" content=\"M\u00d4J STROM\u010cEK.sk\" \/>\n<meta property=\"article:modified_time\" content=\"2020-12-17T21:05:00+00:00\" \/>\n<meta property=\"og:image\" content=\"https:\/\/old2024.mujstromecek.cz\/wp-content\/uploads\/2020\/06\/showroom-1024x768.jpeg\" \/>\n<meta name=\"twitter:card\" content=\"summary_large_image\" \/>\n<meta name=\"twitter:label1\" content=\"Predpokladan\u00fd \u010das \u010d\u00edtania\" \/>\n\t<meta name=\"twitter:data1\" content=\"1 min\u00fata\" \/>\n<script type=\"application\/ld+json\" class=\"yoast-schema-graph\">{\"@context\":\"https:\/\/schema.org\",\"@graph\":[{\"@type\":\"WebPage\",\"@id\":\"https:\/\/old2024.mujstromecek.cz\/sk\/kontakty\/\",\"url\":\"https:\/\/old2024.mujstromecek.cz\/sk\/kontakty\/\",\"name\":\"Kontakty - M\u00d4J STROM\u010cEK.sk\",\"isPartOf\":{\"@id\":\"https:\/\/mojstromcek.sk\/#website\"},\"datePublished\":\"2020-06-23T13:17:05+00:00\",\"dateModified\":\"2020-12-17T21:05:00+00:00\",\"breadcrumb\":{\"@id\":\"https:\/\/old2024.mujstromecek.cz\/sk\/kontakty\/#breadcrumb\"},\"inLanguage\":\"sk-SK\",\"potentialAction\":[{\"@type\":\"ReadAction\",\"target\":[\"https:\/\/old2024.mujstromecek.cz\/sk\/kontakty\/\"]}]},{\"@type\":\"BreadcrumbList\",\"@id\":\"https:\/\/old2024.mujstromecek.cz\/sk\/kontakty\/#breadcrumb\",\"itemListElement\":[{\"@type\":\"ListItem\",\"position\":1,\"name\":\"Dom\u016f\",\"item\":\"https:\/\/old2024.mujstromecek.cz\/sk\/\"},{\"@type\":\"ListItem\",\"position\":2,\"name\":\"Kontakty\"}]},{\"@type\":\"WebSite\",\"@id\":\"https:\/\/mojstromcek.sk\/#website\",\"url\":\"https:\/\/mojstromcek.sk\/\",\"name\":\"M\u00d4J STROM\u010cEK.sk\",\"description\":\"Umel\u00e9 viano\u010dn\u00e9 strom\u010deky za skvel\u00e9 ceny!\",\"potentialAction\":[{\"@type\":\"SearchAction\",\"target\":{\"@type\":\"EntryPoint\",\"urlTemplate\":\"https:\/\/mojstromcek.sk\/?s={search_term_string}\"},\"query-input\":\"required name=search_term_string\"}],\"inLanguage\":\"sk-SK\"}]}<\/script>\n<!-- \/ Yoast SEO plugin. -->","yoast_head_json":{"title":"Kontakty - M\u00d4J STROM\u010cEK.sk","robots":{"index":"noindex","follow":"follow","max-snippet":"max-snippet:-1","max-image-preview":"max-image-preview:large","max-video-preview":"max-video-preview:-1"},"og_locale":"sk_SK","og_type":"article","og_title":"Kontakty - M\u00d4J STROM\u010cEK.sk","og_description":"Z\u00c1KAZN\u00cdCKY SERVIS Na\u0161\u00edm z\u00e1kazn\u00edkom pon\u00fakame \u0161irok\u00fa ponuku sprievodn\u00fdch slu\u017eieb, v\u010faka ktor\u00fdm je n\u00e1kup ve\u013emi r\u00fdchly a jednoduch\u00fd. M\u00e1te ot\u00e1zku?Po\u010fme na \u0148u n\u00e1js\u0165 odpove\u010f PRE\u010c\u00cdTAJTE SI \u010cAST\u00c9 OT\u00c1ZKY NA\u0160ICH Z\u00c1KAZN\u00cdKOV Nena\u0161li ste odpove\u010f? Komunikova\u0165 s nami m\u00f4\u017eete nepretr\u017eite prostredn\u00edctvom: e-mailu: dotazy@mojstromcek.sk chatu: vpravo dole telef\u00f3nneho \u010d\u00edsla: +420 777 470 538 (PO-PIA 9-17) Na\u0161i pracovn\u00edci V\u00e1m radi [&hellip;]","og_url":"https:\/\/old2024.mujstromecek.cz\/sk\/kontakty\/","og_site_name":"M\u00d4J STROM\u010cEK.sk","article_modified_time":"2020-12-17T21:05:00+00:00","og_image":[{"url":"https:\/\/old2024.mujstromecek.cz\/wp-content\/uploads\/2020\/06\/showroom-1024x768.jpeg"}],"twitter_card":"summary_large_image","twitter_misc":{"Predpokladan\u00fd \u010das \u010d\u00edtania":"1 min\u00fata"},"schema":{"@context":"https:\/\/schema.org","@graph":[{"@type":"WebPage","@id":"https:\/\/old2024.mujstromecek.cz\/sk\/kontakty\/","url":"https:\/\/old2024.mujstromecek.cz\/sk\/kontakty\/","name":"Kontakty - M\u00d4J STROM\u010cEK.sk","isPartOf":{"@id":"https:\/\/mojstromcek.sk\/#website"},"datePublished":"2020-06-23T13:17:05+00:00","dateModified":"2020-12-17T21:05:00+00:00","breadcrumb":{"@id":"https:\/\/old2024.mujstromecek.cz\/sk\/kontakty\/#breadcrumb"},"inLanguage":"sk-SK","potentialAction":[{"@type":"ReadAction","target":["https:\/\/old2024.mujstromecek.cz\/sk\/kontakty\/"]}]},{"@type":"BreadcrumbList","@id":"https:\/\/old2024.mujstromecek.cz\/sk\/kontakty\/#breadcrumb","itemListElement":[{"@type":"ListItem","position":1,"name":"Dom\u016f","item":"https:\/\/old2024.mujstromecek.cz\/sk\/"},{"@type":"ListItem","position":2,"name":"Kontakty"}]},{"@type":"WebSite","@id":"https:\/\/mojstromcek.sk\/#website","url":"https:\/\/mojstromcek.sk\/","name":"M\u00d4J STROM\u010cEK.sk","description":"Umel\u00e9 viano\u010dn\u00e9 strom\u010deky za skvel\u00e9 ceny!","potentialAction":[{"@type":"SearchAction","target":{"@type":"EntryPoint","urlTemplate":"https:\/\/mojstromcek.sk\/?s={search_term_string}"},"query-input":"required name=search_term_string"}],"inLanguage":"sk-SK"}]}},"_links":{"self":[{"href":"https:\/\/old2024.mujstromecek.cz\/sk\/wp-json\/wp\/v2\/pages\/7215","targetHints":{"allow":["GET"]}}],"collection":[{"href":"https:\/\/old2024.mujstromecek.cz\/sk\/wp-json\/wp\/v2\/pages"}],"about":[{"href":"https:\/\/old2024.mujstromecek.cz\/sk\/wp-json\/wp\/v2\/types\/page"}],"author":[{"embeddable":true,"href":"https:\/\/old2024.mujstromecek.cz\/sk\/wp-json\/wp\/v2\/users\/2"}],"replies":[{"embeddable":true,"href":"https:\/\/old2024.mujstromecek.cz\/sk\/wp-json\/wp\/v2\/comments?post=7215"}],"version-history":[{"count":0,"href":"https:\/\/old2024.mujstromecek.cz\/sk\/wp-json\/wp\/v2\/pages\/7215\/revisions"}],"wp:attachment":[{"href":"https:\/\/old2024.mujstromecek.cz\/sk\/wp-json\/wp\/v2\/media?parent=7215"}],"curies":[{"name":"wp","href":"https:\/\/api.w.org\/{rel}","templated":true}]}}