{"id":16751,"date":"2021-05-04T13:23:50","date_gmt":"2021-05-04T13:23:50","guid":{"rendered":"https:\/\/mujstromecek.cz\/velkoobchod\/"},"modified":"2023-02-10T06:53:05","modified_gmt":"2023-02-10T06:53:05","slug":"velkoobchod","status":"publish","type":"page","link":"https:\/\/old2024.mujstromecek.cz\/sk\/velkoobchod\/","title":{"rendered":"Velkoobchod"},"content":{"rendered":"\n<h2 class=\"wp-block-heading\">Hled\u00e1me prodejce pro um\u011bl\u00e9 v\u00e1no\u010dn\u00ed strome\u010dky<\/h2>\n\n<h3 class=\"wp-block-heading\">Nab\u00edz\u00edme zaj\u00edmav\u00e9 podm\u00ednky jak pro e-shopy, tak i kamenn\u00e9 kr\u00e1my.<\/h3>\n\n<h3 class=\"wp-block-heading\">Pokud n\u00e1s chcete oslovit ohledn\u011b spolupr\u00e1ce, kontaktujte n\u00e1s na emailu <a href=\"mailto:b2b@allforcustomer.com\"><strong>b2b@allforcustomer.com<\/strong><\/a> nebo na tel. \u010d\u00edsle 724 708 057.<\/h3>\n\n<p><strong>Pro\u010d spolupracovat s n\u00e1mi<\/strong>:<\/p>\n\n<ul class=\"wp-block-list\"><li><strong>velk\u00fd v\u00fdb\u011br<\/strong> zbo\u017e\u00ed a okam\u017eit\u00e9 skladov\u00e9 z\u00e1soby<\/li><li>dostupn\u00fd <strong>XML feed<\/strong><\/li><li><strong>B2B syst\u00e9m<\/strong> pro snadn\u00e9 objedn\u00e1v\u00e1n\u00ed<\/li><li><strong>v\u00fdhodn\u00e9 ceny<\/strong> pro partnery<\/li><li>mo\u017enost objednat <strong>i mal\u00e9 mno\u017estv\u00ed<\/strong> zbo\u017e\u00ed<\/li><li>pravideln\u00e9 <strong>roz\u0161i\u0159ov\u00e1n\u00ed sortimentu<\/strong> dle nejnov\u011bj\u0161\u00edch trend\u016f<\/li><\/ul>\n<h3 class=\"wp-block-heading\">Pokud n\u00e1s chcete oslovit ohledn\u011b spolupr\u00e1ce, kontaktujte n\u00e1s na emailu <a href=\"mailto:b2b@allforcustomer.com\"><strong>b2b@allforcustomer.com<\/strong><\/a> nebo na tel. \u010d\u00edsle 724 708 057.<\/h3>\n","protected":false},"excerpt":{"rendered":"<p>Hled\u00e1me prodejce pro um\u011bl\u00e9 v\u00e1no\u010dn\u00ed strome\u010dky Nab\u00edz\u00edme zaj\u00edmav\u00e9 podm\u00ednky jak pro e-shopy, tak i kamenn\u00e9 kr\u00e1my. Pokud n\u00e1s chcete oslovit ohledn\u011b spolupr\u00e1ce, kontaktujte n\u00e1s na emailu b2b@allforcustomer.com nebo na tel. \u010d\u00edsle 724 708 057. Pro\u010d spolupracovat s n\u00e1mi: velk\u00fd v\u00fdb\u011br zbo\u017e\u00ed a okam\u017eit\u00e9 skladov\u00e9 z\u00e1soby dostupn\u00fd XML feed B2B syst\u00e9m pro snadn\u00e9 objedn\u00e1v\u00e1n\u00ed v\u00fdhodn\u00e9 ceny [&hellip;]<\/p>\n","protected":false},"author":3,"featured_media":16743,"parent":0,"menu_order":0,"comment_status":"closed","ping_status":"closed","template":"","meta":{"footnotes":""},"class_list":["post-16751","page","type-page","status-publish","has-post-thumbnail","hentry"],"featured_image_urls":{"full":["https:\/\/old2024.mujstromecek.cz\/wp-content\/uploads\/2021\/05\/velkoobchod.jpg",2440,240,false],"thumbnail":["https:\/\/old2024.mujstromecek.cz\/wp-content\/uploads\/2021\/05\/velkoobchod-150x150.jpg",150,150,true],"medium":["https:\/\/old2024.mujstromecek.cz\/wp-content\/uploads\/2021\/05\/velkoobchod-300x30.jpg",300,30,true],"medium_large":["https:\/\/old2024.mujstromecek.cz\/wp-content\/uploads\/2021\/05\/velkoobchod-768x76.jpg",768,76,true],"large":["https:\/\/old2024.mujstromecek.cz\/wp-content\/uploads\/2021\/05\/velkoobchod-1024x101.jpg",800,79,true],"1536x1536":["https:\/\/old2024.mujstromecek.cz\/wp-content\/uploads\/2021\/05\/velkoobchod-1536x151.jpg",1536,151,true],"2048x2048":["https:\/\/old2024.mujstromecek.cz\/wp-content\/uploads\/2021\/05\/velkoobchod-2048x201.jpg",2048,201,true],"woocommerce_thumbnail":["https:\/\/old2024.mujstromecek.cz\/wp-content\/uploads\/2021\/05\/velkoobchod-300x30.jpg",300,30,true],"woocommerce_single":["https:\/\/old2024.mujstromecek.cz\/wp-content\/uploads\/2021\/05\/velkoobchod-600x59.jpg",600,59,true],"woocommerce_gallery_thumbnail":["https:\/\/old2024.mujstromecek.cz\/wp-content\/uploads\/2021\/05\/velkoobchod-100x100.jpg",100,100,true]},"post_excerpt_stackable":"<p>Hled\u00e1me prodejce pro um\u011bl\u00e9 v\u00e1no\u010dn\u00ed strome\u010dky Nab\u00edz\u00edme zaj\u00edmav\u00e9 podm\u00ednky jak pro e-shopy, tak i kamenn\u00e9 kr\u00e1my. Pokud n\u00e1s chcete oslovit ohledn\u011b spolupr\u00e1ce, kontaktujte n\u00e1s na emailu b2b@allforcustomer.com nebo na tel. \u010d\u00edsle 724 708 057. Pro\u010d spolupracovat s n\u00e1mi: velk\u00fd v\u00fdb\u011br zbo\u017e\u00ed a okam\u017eit\u00e9 skladov\u00e9 z\u00e1sobydostupn\u00fd XML feedB2B syst\u00e9m pro snadn\u00e9 objedn\u00e1v\u00e1n\u00edv\u00fdhodn\u00e9 ceny pro partnerymo\u017enost objednat i mal\u00e9 mno\u017estv\u00ed zbo\u017e\u00edpravideln\u00e9 roz\u0161i\u0159ov\u00e1n\u00ed sortimentu dle nejnov\u011bj\u0161\u00edch trend\u016f Pokud n\u00e1s chcete oslovit ohledn\u011b spolupr\u00e1ce, kontaktujte n\u00e1s na emailu b2b@allforcustomer.com nebo na tel. \u010d\u00edsle 724 708 057.<\/p>\n","category_list":"","author_info":{"name":"Tomas Turon","url":"https:\/\/old2024.mujstromecek.cz\/sk\/author\/tomas\/"},"comments_num":"0 comments","featured_image_urls_v2":{"full":["https:\/\/old2024.mujstromecek.cz\/wp-content\/uploads\/2021\/05\/velkoobchod.jpg",2440,240,false],"thumbnail":["https:\/\/old2024.mujstromecek.cz\/wp-content\/uploads\/2021\/05\/velkoobchod-150x150.jpg",150,150,true],"medium":["https:\/\/old2024.mujstromecek.cz\/wp-content\/uploads\/2021\/05\/velkoobchod-300x30.jpg",300,30,true],"medium_large":["https:\/\/old2024.mujstromecek.cz\/wp-content\/uploads\/2021\/05\/velkoobchod-768x76.jpg",768,76,true],"large":["https:\/\/old2024.mujstromecek.cz\/wp-content\/uploads\/2021\/05\/velkoobchod-1024x101.jpg",800,79,true],"1536x1536":["https:\/\/old2024.mujstromecek.cz\/wp-content\/uploads\/2021\/05\/velkoobchod-1536x151.jpg",1536,151,true],"2048x2048":["https:\/\/old2024.mujstromecek.cz\/wp-content\/uploads\/2021\/05\/velkoobchod-2048x201.jpg",2048,201,true],"woocommerce_thumbnail":["https:\/\/old2024.mujstromecek.cz\/wp-content\/uploads\/2021\/05\/velkoobchod-300x30.jpg",300,30,true],"woocommerce_single":["https:\/\/old2024.mujstromecek.cz\/wp-content\/uploads\/2021\/05\/velkoobchod-600x59.jpg",600,59,true],"woocommerce_gallery_thumbnail":["https:\/\/old2024.mujstromecek.cz\/wp-content\/uploads\/2021\/05\/velkoobchod-100x100.jpg",100,100,true]},"post_excerpt_stackable_v2":"<p>Hled\u00e1me prodejce pro um\u011bl\u00e9 v\u00e1no\u010dn\u00ed strome\u010dky Nab\u00edz\u00edme zaj\u00edmav\u00e9 podm\u00ednky jak pro e-shopy, tak i kamenn\u00e9 kr\u00e1my. Pokud n\u00e1s chcete oslovit ohledn\u011b spolupr\u00e1ce, kontaktujte n\u00e1s na emailu b2b@allforcustomer.com nebo na tel. \u010d\u00edsle 724 708 057. Pro\u010d spolupracovat s n\u00e1mi: velk\u00fd v\u00fdb\u011br zbo\u017e\u00ed a okam\u017eit\u00e9 skladov\u00e9 z\u00e1sobydostupn\u00fd XML feedB2B syst\u00e9m pro snadn\u00e9 objedn\u00e1v\u00e1n\u00edv\u00fdhodn\u00e9 ceny pro partnerymo\u017enost objednat i mal\u00e9 mno\u017estv\u00ed zbo\u017e\u00edpravideln\u00e9 roz\u0161i\u0159ov\u00e1n\u00ed sortimentu dle nejnov\u011bj\u0161\u00edch trend\u016f Pokud n\u00e1s chcete oslovit ohledn\u011b spolupr\u00e1ce, kontaktujte n\u00e1s na emailu b2b@allforcustomer.com nebo na tel. \u010d\u00edsle 724 708 057.<\/p>\n","category_list_v2":"","author_info_v2":{"name":"Tomas Turon","url":"https:\/\/old2024.mujstromecek.cz\/sk\/author\/tomas\/"},"comments_num_v2":"0 comments","yoast_head":"<!-- This site is optimized with the Yoast SEO plugin v21.1 - https:\/\/yoast.com\/wordpress\/plugins\/seo\/ -->\n<title>Velkoobchod - M\u00d4J STROM\u010cEK.sk<\/title>\n<meta name=\"robots\" content=\"noindex, follow, max-snippet:-1, max-image-preview:large, max-video-preview:-1\" \/>\n<meta property=\"og:locale\" content=\"sk_SK\" \/>\n<meta property=\"og:type\" content=\"article\" \/>\n<meta property=\"og:title\" content=\"Velkoobchod - M\u00d4J STROM\u010cEK.sk\" \/>\n<meta property=\"og:description\" content=\"Hled\u00e1me prodejce pro um\u011bl\u00e9 v\u00e1no\u010dn\u00ed strome\u010dky Nab\u00edz\u00edme zaj\u00edmav\u00e9 podm\u00ednky jak pro e-shopy, tak i kamenn\u00e9 kr\u00e1my. Pokud n\u00e1s chcete oslovit ohledn\u011b spolupr\u00e1ce, kontaktujte n\u00e1s na emailu b2b@allforcustomer.com nebo na tel. \u010d\u00edsle 724 708 057. Pro\u010d spolupracovat s n\u00e1mi: velk\u00fd v\u00fdb\u011br zbo\u017e\u00ed a okam\u017eit\u00e9 skladov\u00e9 z\u00e1soby dostupn\u00fd XML feed B2B syst\u00e9m pro snadn\u00e9 objedn\u00e1v\u00e1n\u00ed v\u00fdhodn\u00e9 ceny [&hellip;]\" \/>\n<meta property=\"og:url\" content=\"https:\/\/old2024.mujstromecek.cz\/sk\/velkoobchod\/\" \/>\n<meta property=\"og:site_name\" content=\"M\u00d4J STROM\u010cEK.sk\" \/>\n<meta property=\"article:modified_time\" content=\"2023-02-10T06:53:05+00:00\" \/>\n<meta property=\"og:image\" content=\"https:\/\/mojstromcek.sk\/wp-content\/uploads\/2021\/05\/velkoobchod.jpg\" \/>\n\t<meta property=\"og:image:width\" content=\"2440\" \/>\n\t<meta property=\"og:image:height\" content=\"240\" \/>\n\t<meta property=\"og:image:type\" content=\"image\/jpeg\" \/>\n<meta name=\"twitter:card\" content=\"summary_large_image\" \/>\n<meta name=\"twitter:label1\" content=\"Predpokladan\u00fd \u010das \u010d\u00edtania\" \/>\n\t<meta name=\"twitter:data1\" content=\"1 min\u00fata\" \/>\n<script type=\"application\/ld+json\" class=\"yoast-schema-graph\">{\"@context\":\"https:\/\/schema.org\",\"@graph\":[{\"@type\":\"WebPage\",\"@id\":\"https:\/\/old2024.mujstromecek.cz\/sk\/velkoobchod\/\",\"url\":\"https:\/\/old2024.mujstromecek.cz\/sk\/velkoobchod\/\",\"name\":\"Velkoobchod - M\u00d4J STROM\u010cEK.sk\",\"isPartOf\":{\"@id\":\"https:\/\/mojstromcek.sk\/#website\"},\"datePublished\":\"2021-05-04T13:23:50+00:00\",\"dateModified\":\"2023-02-10T06:53:05+00:00\",\"breadcrumb\":{\"@id\":\"https:\/\/old2024.mujstromecek.cz\/sk\/velkoobchod\/#breadcrumb\"},\"inLanguage\":\"sk-SK\",\"potentialAction\":[{\"@type\":\"ReadAction\",\"target\":[\"https:\/\/old2024.mujstromecek.cz\/sk\/velkoobchod\/\"]}]},{\"@type\":\"BreadcrumbList\",\"@id\":\"https:\/\/old2024.mujstromecek.cz\/sk\/velkoobchod\/#breadcrumb\",\"itemListElement\":[{\"@type\":\"ListItem\",\"position\":1,\"name\":\"Dom\u016f\",\"item\":\"https:\/\/old2024.mujstromecek.cz\/sk\/\"},{\"@type\":\"ListItem\",\"position\":2,\"name\":\"Velkoobchod\"}]},{\"@type\":\"WebSite\",\"@id\":\"https:\/\/mojstromcek.sk\/#website\",\"url\":\"https:\/\/mojstromcek.sk\/\",\"name\":\"M\u00d4J STROM\u010cEK.sk\",\"description\":\"Umel\u00e9 viano\u010dn\u00e9 strom\u010deky za skvel\u00e9 ceny!\",\"potentialAction\":[{\"@type\":\"SearchAction\",\"target\":{\"@type\":\"EntryPoint\",\"urlTemplate\":\"https:\/\/mojstromcek.sk\/?s={search_term_string}\"},\"query-input\":\"required name=search_term_string\"}],\"inLanguage\":\"sk-SK\"}]}<\/script>\n<!-- \/ Yoast SEO plugin. -->","yoast_head_json":{"title":"Velkoobchod - M\u00d4J STROM\u010cEK.sk","robots":{"index":"noindex","follow":"follow","max-snippet":"max-snippet:-1","max-image-preview":"max-image-preview:large","max-video-preview":"max-video-preview:-1"},"og_locale":"sk_SK","og_type":"article","og_title":"Velkoobchod - M\u00d4J STROM\u010cEK.sk","og_description":"Hled\u00e1me prodejce pro um\u011bl\u00e9 v\u00e1no\u010dn\u00ed strome\u010dky Nab\u00edz\u00edme zaj\u00edmav\u00e9 podm\u00ednky jak pro e-shopy, tak i kamenn\u00e9 kr\u00e1my. Pokud n\u00e1s chcete oslovit ohledn\u011b spolupr\u00e1ce, kontaktujte n\u00e1s na emailu b2b@allforcustomer.com nebo na tel. \u010d\u00edsle 724 708 057. Pro\u010d spolupracovat s n\u00e1mi: velk\u00fd v\u00fdb\u011br zbo\u017e\u00ed a okam\u017eit\u00e9 skladov\u00e9 z\u00e1soby dostupn\u00fd XML feed B2B syst\u00e9m pro snadn\u00e9 objedn\u00e1v\u00e1n\u00ed v\u00fdhodn\u00e9 ceny [&hellip;]","og_url":"https:\/\/old2024.mujstromecek.cz\/sk\/velkoobchod\/","og_site_name":"M\u00d4J STROM\u010cEK.sk","article_modified_time":"2023-02-10T06:53:05+00:00","og_image":[{"width":2440,"height":240,"url":"https:\/\/mojstromcek.sk\/wp-content\/uploads\/2021\/05\/velkoobchod.jpg","type":"image\/jpeg"}],"twitter_card":"summary_large_image","twitter_misc":{"Predpokladan\u00fd \u010das \u010d\u00edtania":"1 min\u00fata"},"schema":{"@context":"https:\/\/schema.org","@graph":[{"@type":"WebPage","@id":"https:\/\/old2024.mujstromecek.cz\/sk\/velkoobchod\/","url":"https:\/\/old2024.mujstromecek.cz\/sk\/velkoobchod\/","name":"Velkoobchod - M\u00d4J STROM\u010cEK.sk","isPartOf":{"@id":"https:\/\/mojstromcek.sk\/#website"},"datePublished":"2021-05-04T13:23:50+00:00","dateModified":"2023-02-10T06:53:05+00:00","breadcrumb":{"@id":"https:\/\/old2024.mujstromecek.cz\/sk\/velkoobchod\/#breadcrumb"},"inLanguage":"sk-SK","potentialAction":[{"@type":"ReadAction","target":["https:\/\/old2024.mujstromecek.cz\/sk\/velkoobchod\/"]}]},{"@type":"BreadcrumbList","@id":"https:\/\/old2024.mujstromecek.cz\/sk\/velkoobchod\/#breadcrumb","itemListElement":[{"@type":"ListItem","position":1,"name":"Dom\u016f","item":"https:\/\/old2024.mujstromecek.cz\/sk\/"},{"@type":"ListItem","position":2,"name":"Velkoobchod"}]},{"@type":"WebSite","@id":"https:\/\/mojstromcek.sk\/#website","url":"https:\/\/mojstromcek.sk\/","name":"M\u00d4J STROM\u010cEK.sk","description":"Umel\u00e9 viano\u010dn\u00e9 strom\u010deky za skvel\u00e9 ceny!","potentialAction":[{"@type":"SearchAction","target":{"@type":"EntryPoint","urlTemplate":"https:\/\/mojstromcek.sk\/?s={search_term_string}"},"query-input":"required name=search_term_string"}],"inLanguage":"sk-SK"}]}},"_links":{"self":[{"href":"https:\/\/old2024.mujstromecek.cz\/sk\/wp-json\/wp\/v2\/pages\/16751","targetHints":{"allow":["GET"]}}],"collection":[{"href":"https:\/\/old2024.mujstromecek.cz\/sk\/wp-json\/wp\/v2\/pages"}],"about":[{"href":"https:\/\/old2024.mujstromecek.cz\/sk\/wp-json\/wp\/v2\/types\/page"}],"author":[{"embeddable":true,"href":"https:\/\/old2024.mujstromecek.cz\/sk\/wp-json\/wp\/v2\/users\/3"}],"replies":[{"embeddable":true,"href":"https:\/\/old2024.mujstromecek.cz\/sk\/wp-json\/wp\/v2\/comments?post=16751"}],"version-history":[{"count":1,"href":"https:\/\/old2024.mujstromecek.cz\/sk\/wp-json\/wp\/v2\/pages\/16751\/revisions"}],"predecessor-version":[{"id":206201,"href":"https:\/\/old2024.mujstromecek.cz\/sk\/wp-json\/wp\/v2\/pages\/16751\/revisions\/206201"}],"wp:featuredmedia":[{"embeddable":true,"href":"https:\/\/old2024.mujstromecek.cz\/sk\/wp-json\/wp\/v2\/media\/16743"}],"wp:attachment":[{"href":"https:\/\/old2024.mujstromecek.cz\/sk\/wp-json\/wp\/v2\/media?parent=16751"}],"curies":[{"name":"wp","href":"https:\/\/api.w.org\/{rel}","templated":true}]}}