{"id":386212,"date":"2023-08-30T18:03:48","date_gmt":"2023-09-28T11:53:59","guid":{"rendered":"https:\/\/mujstromecek.cz\/produkt\/brad-natura-3d-150-cm\/"},"modified":"2023-09-28T11:54:27","modified_gmt":"2023-09-28T11:54:27","slug":"brad-natura-3d-150-cm","status":"publish","type":"product","link":"https:\/\/old2024.mujstromecek.cz\/ro\/produkt\/brad-natura-3d-150-cm\/","title":{"rendered":"Brad Natura 3D 150 cm"},"content":{"rendered":"<p><strong>Acele de conifere calitate superioar\u0103 garanteaz\u0103 un aspect foarte natural al pomului de iarn\u0103<\/strong>. Aspectul unic al pomilor no\u0219tri de Cr\u0103ciun este asigurat de echipa noastr\u0103 de designeri de produse cu experien\u021b\u0103. Pomul de iarn\u0103, prin aspectul s\u0103u natural, va crea ca prin minune &icirc;n c\u0103minul dumneavoastr\u0103 atmosfera de Cr\u0103ciun veritabil\u0103. Vi-l pute\u021bi decora cum ve\u021bi dori, dup\u0103 gustul dumneavoastr\u0103 propriu.<\/p>\n","protected":false},"excerpt":{"rendered":"<p><strong>Acele de conifere calitate superioar\u0103 garanteaz\u0103 un aspect foarte natural al pomului de iarn\u0103<\/strong>. Aspectul unic al pomilor no\u0219tri de Cr\u0103ciun este asigurat de echipa noastr\u0103 de designeri de produse cu experien\u021b\u0103. Pomul de iarn\u0103, prin aspectul s\u0103u natural, va crea ca prin minune &icirc;n c\u0103minul dumneavoastr\u0103 atmosfera de Cr\u0103ciun veritabil\u0103. Vi-l pute\u021bi decora cum ve\u021bi dori, dup\u0103 gustul dumneavoastr\u0103 propriu.<\/p>\n","protected":false},"featured_media":519099,"template":"","meta":[],"product_cat":[3804],"product_tag":[3882,396,4653,4646],"class_list":["post-386212","product","type-product","status-publish","has-post-thumbnail","hentry","product_cat-classic-ro","product_tag-150-cm-ro","product_tag-3d-ro-2","product_tag-economy-ro","product_tag-doprava-zdarma-ro","pa_druh-jedle-ro","pa_jehlici-3d-economy-ro-2","pa_krabice-27-33-125-ro-2","pa_pocet-rad-11-ro","pa_sirka-110-ro-2","pa_stojan-metalic-ro-2","pa_vaha-62-ro-2","pa_vetvicky-321-ro","pa_vetvicky-celkem-321-ro","pa_vetvicky-pe-pvc-191-130-ro","pa_vyska-150-ro","pa_vyska-od-zeme-20-ro"],"featured_image_urls":{"full":["https:\/\/old2024.mujstromecek.cz\/wp-content\/uploads\/2023\/08\/s1-2363.jpg",640,860,false],"thumbnail":["https:\/\/old2024.mujstromecek.cz\/wp-content\/uploads\/2023\/08\/s1-2363-150x150.jpg",150,150,true],"medium":["https:\/\/old2024.mujstromecek.cz\/wp-content\/uploads\/2023\/08\/s1-2363-223x300.jpg",223,300,true],"medium_large":["https:\/\/old2024.mujstromecek.cz\/wp-content\/uploads\/2023\/08\/s1-2363.jpg",640,860,false],"large":["https:\/\/old2024.mujstromecek.cz\/wp-content\/uploads\/2023\/08\/s1-2363.jpg",640,860,false],"1536x1536":["https:\/\/old2024.mujstromecek.cz\/wp-content\/uploads\/2023\/08\/s1-2363.jpg",640,860,false],"2048x2048":["https:\/\/old2024.mujstromecek.cz\/wp-content\/uploads\/2023\/08\/s1-2363.jpg",640,860,false],"woocommerce_thumbnail":["https:\/\/old2024.mujstromecek.cz\/wp-content\/uploads\/2023\/08\/s1-2363-300x403.jpg",300,403,true],"woocommerce_single":["https:\/\/old2024.mujstromecek.cz\/wp-content\/uploads\/2023\/08\/s1-2363-600x806.jpg",600,806,true],"woocommerce_gallery_thumbnail":["https:\/\/old2024.mujstromecek.cz\/wp-content\/uploads\/2023\/08\/s1-2363-100x100.jpg",100,100,true]},"post_excerpt_stackable":"<p><strong>Acele de conifere calitate superioar\u0103 garanteaz\u0103 un aspect foarte natural al pomului de iarn\u0103<\/strong>. Aspectul unic al pomilor no\u0219tri de Cr\u0103ciun este asigurat de echipa noastr\u0103 de designeri de produse cu experien\u021b\u0103. Pomul de iarn\u0103, prin aspectul s\u0103u natural, va crea ca prin minune &icirc;n c\u0103minul dumneavoastr\u0103 atmosfera de Cr\u0103ciun veritabil\u0103. Vi-l pute\u021bi decora cum ve\u021bi dori, dup\u0103 gustul dumneavoastr\u0103 propriu.<\/p>\n","category_list":"","author_info":{"name":"","url":""},"comments_num":"0 comments","featured_image_urls_v2":{"full":["https:\/\/old2024.mujstromecek.cz\/wp-content\/uploads\/2023\/08\/s1-2363.jpg",640,860,false],"thumbnail":["https:\/\/old2024.mujstromecek.cz\/wp-content\/uploads\/2023\/08\/s1-2363-150x150.jpg",150,150,true],"medium":["https:\/\/old2024.mujstromecek.cz\/wp-content\/uploads\/2023\/08\/s1-2363-223x300.jpg",223,300,true],"medium_large":["https:\/\/old2024.mujstromecek.cz\/wp-content\/uploads\/2023\/08\/s1-2363.jpg",640,860,false],"large":["https:\/\/old2024.mujstromecek.cz\/wp-content\/uploads\/2023\/08\/s1-2363.jpg",640,860,false],"1536x1536":["https:\/\/old2024.mujstromecek.cz\/wp-content\/uploads\/2023\/08\/s1-2363.jpg",640,860,false],"2048x2048":["https:\/\/old2024.mujstromecek.cz\/wp-content\/uploads\/2023\/08\/s1-2363.jpg",640,860,false],"woocommerce_thumbnail":["https:\/\/old2024.mujstromecek.cz\/wp-content\/uploads\/2023\/08\/s1-2363-300x403.jpg",300,403,true],"woocommerce_single":["https:\/\/old2024.mujstromecek.cz\/wp-content\/uploads\/2023\/08\/s1-2363-600x806.jpg",600,806,true],"woocommerce_gallery_thumbnail":["https:\/\/old2024.mujstromecek.cz\/wp-content\/uploads\/2023\/08\/s1-2363-100x100.jpg",100,100,true]},"post_excerpt_stackable_v2":"<p><strong>Acele de conifere calitate superioar\u0103 garanteaz\u0103 un aspect foarte natural al pomului de iarn\u0103<\/strong>. Aspectul unic al pomilor no\u0219tri de Cr\u0103ciun este asigurat de echipa noastr\u0103 de designeri de produse cu experien\u021b\u0103. Pomul de iarn\u0103, prin aspectul s\u0103u natural, va crea ca prin minune &icirc;n c\u0103minul dumneavoastr\u0103 atmosfera de Cr\u0103ciun veritabil\u0103. Vi-l pute\u021bi decora cum ve\u021bi dori, dup\u0103 gustul dumneavoastr\u0103 propriu.<\/p>\n","category_list_v2":"","author_info_v2":{"name":"","url":""},"comments_num_v2":"0 comments","yoast_head":"<!-- This site is optimized with the Yoast SEO plugin v21.1 - https:\/\/yoast.com\/wordpress\/plugins\/seo\/ -->\n<title>Brad Natura 3D 150 cm - BRADULMOSULUI.RO<\/title>\n<meta name=\"robots\" content=\"noindex, follow, max-snippet:-1, max-image-preview:large, max-video-preview:-1\" \/>\n<meta property=\"og:locale\" content=\"ro_RO\" \/>\n<meta property=\"og:type\" content=\"article\" \/>\n<meta property=\"og:title\" content=\"Brad Natura 3D 150 cm - BRADULMOSULUI.RO\" \/>\n<meta property=\"og:description\" content=\"Acele de conifere calitate superioar\u0103 garanteaz\u0103 un aspect foarte natural al pomului de iarn\u0103. Aspectul unic al pomilor no\u0219tri de Cr\u0103ciun este asigurat de echipa noastr\u0103 de designeri de produse cu experien\u021b\u0103. Pomul de iarn\u0103, prin aspectul s\u0103u natural, va crea ca prin minune &icirc;n c\u0103minul dumneavoastr\u0103 atmosfera de Cr\u0103ciun veritabil\u0103. Vi-l pute\u021bi decora cum ve\u021bi dori, dup\u0103 gustul dumneavoastr\u0103 propriu.\" \/>\n<meta property=\"og:url\" content=\"https:\/\/old2024.mujstromecek.cz\/ro\/produkt\/brad-natura-3d-150-cm\/\" \/>\n<meta property=\"og:site_name\" content=\"BRADULMOSULUI.RO\" \/>\n<meta property=\"article:modified_time\" content=\"2023-09-28T11:54:27+00:00\" \/>\n<meta property=\"og:image\" content=\"https:\/\/bradulmosului.ro\/wp-content\/uploads\/2023\/08\/s1-2363.jpg\" \/>\n\t<meta property=\"og:image:width\" content=\"640\" \/>\n\t<meta property=\"og:image:height\" content=\"860\" \/>\n\t<meta property=\"og:image:type\" content=\"image\/jpeg\" \/>\n<meta name=\"twitter:card\" content=\"summary_large_image\" \/>\n<script type=\"application\/ld+json\" class=\"yoast-schema-graph\">{\"@context\":\"https:\/\/schema.org\",\"@graph\":[{\"@type\":\"WebPage\",\"@id\":\"https:\/\/old2024.mujstromecek.cz\/ro\/produkt\/brad-natura-3d-150-cm\/\",\"url\":\"https:\/\/old2024.mujstromecek.cz\/ro\/produkt\/brad-natura-3d-150-cm\/\",\"name\":\"Brad Natura 3D 150 cm - BRADULMOSULUI.RO\",\"isPartOf\":{\"@id\":\"https:\/\/mojstromcek.sk\/#website\"},\"datePublished\":\"2023-09-28T11:53:59+00:00\",\"dateModified\":\"2023-09-28T11:54:27+00:00\",\"breadcrumb\":{\"@id\":\"https:\/\/old2024.mujstromecek.cz\/ro\/produkt\/brad-natura-3d-150-cm\/#breadcrumb\"},\"inLanguage\":\"ro-RO\",\"potentialAction\":[{\"@type\":\"ReadAction\",\"target\":[\"https:\/\/old2024.mujstromecek.cz\/ro\/produkt\/brad-natura-3d-150-cm\/\"]}]},{\"@type\":\"BreadcrumbList\",\"@id\":\"https:\/\/old2024.mujstromecek.cz\/ro\/produkt\/brad-natura-3d-150-cm\/#breadcrumb\",\"itemListElement\":[{\"@type\":\"ListItem\",\"position\":1,\"name\":\"Dom\u016f\",\"item\":\"https:\/\/old2024.mujstromecek.cz\/ro\/\"},{\"@type\":\"ListItem\",\"position\":2,\"name\":\"Shop\",\"item\":\"https:\/\/bradulmosului.ro\/shop\/\"},{\"@type\":\"ListItem\",\"position\":3,\"name\":\"Brad Natura 3D 150 cm\"}]},{\"@type\":\"WebSite\",\"@id\":\"https:\/\/mojstromcek.sk\/#website\",\"url\":\"https:\/\/mojstromcek.sk\/\",\"name\":\"BRADULMOSULUI.RO\",\"description\":\"Pomi artificiali de Cr\u0103ciun\",\"potentialAction\":[{\"@type\":\"SearchAction\",\"target\":{\"@type\":\"EntryPoint\",\"urlTemplate\":\"https:\/\/mojstromcek.sk\/?s={search_term_string}\"},\"query-input\":\"required name=search_term_string\"}],\"inLanguage\":\"ro-RO\"}]}<\/script>\n<!-- \/ Yoast SEO plugin. -->","yoast_head_json":{"title":"Brad Natura 3D 150 cm - BRADULMOSULUI.RO","robots":{"index":"noindex","follow":"follow","max-snippet":"max-snippet:-1","max-image-preview":"max-image-preview:large","max-video-preview":"max-video-preview:-1"},"og_locale":"ro_RO","og_type":"article","og_title":"Brad Natura 3D 150 cm - BRADULMOSULUI.RO","og_description":"Acele de conifere calitate superioar\u0103 garanteaz\u0103 un aspect foarte natural al pomului de iarn\u0103. Aspectul unic al pomilor no\u0219tri de Cr\u0103ciun este asigurat de echipa noastr\u0103 de designeri de produse cu experien\u021b\u0103. Pomul de iarn\u0103, prin aspectul s\u0103u natural, va crea ca prin minune &icirc;n c\u0103minul dumneavoastr\u0103 atmosfera de Cr\u0103ciun veritabil\u0103. Vi-l pute\u021bi decora cum ve\u021bi dori, dup\u0103 gustul dumneavoastr\u0103 propriu.","og_url":"https:\/\/old2024.mujstromecek.cz\/ro\/produkt\/brad-natura-3d-150-cm\/","og_site_name":"BRADULMOSULUI.RO","article_modified_time":"2023-09-28T11:54:27+00:00","og_image":[{"width":640,"height":860,"url":"https:\/\/bradulmosului.ro\/wp-content\/uploads\/2023\/08\/s1-2363.jpg","type":"image\/jpeg"}],"twitter_card":"summary_large_image","schema":{"@context":"https:\/\/schema.org","@graph":[{"@type":"WebPage","@id":"https:\/\/old2024.mujstromecek.cz\/ro\/produkt\/brad-natura-3d-150-cm\/","url":"https:\/\/old2024.mujstromecek.cz\/ro\/produkt\/brad-natura-3d-150-cm\/","name":"Brad Natura 3D 150 cm - BRADULMOSULUI.RO","isPartOf":{"@id":"https:\/\/mojstromcek.sk\/#website"},"datePublished":"2023-09-28T11:53:59+00:00","dateModified":"2023-09-28T11:54:27+00:00","breadcrumb":{"@id":"https:\/\/old2024.mujstromecek.cz\/ro\/produkt\/brad-natura-3d-150-cm\/#breadcrumb"},"inLanguage":"ro-RO","potentialAction":[{"@type":"ReadAction","target":["https:\/\/old2024.mujstromecek.cz\/ro\/produkt\/brad-natura-3d-150-cm\/"]}]},{"@type":"BreadcrumbList","@id":"https:\/\/old2024.mujstromecek.cz\/ro\/produkt\/brad-natura-3d-150-cm\/#breadcrumb","itemListElement":[{"@type":"ListItem","position":1,"name":"Dom\u016f","item":"https:\/\/old2024.mujstromecek.cz\/ro\/"},{"@type":"ListItem","position":2,"name":"Shop","item":"https:\/\/bradulmosului.ro\/shop\/"},{"@type":"ListItem","position":3,"name":"Brad Natura 3D 150 cm"}]},{"@type":"WebSite","@id":"https:\/\/mojstromcek.sk\/#website","url":"https:\/\/mojstromcek.sk\/","name":"BRADULMOSULUI.RO","description":"Pomi artificiali de Cr\u0103ciun","potentialAction":[{"@type":"SearchAction","target":{"@type":"EntryPoint","urlTemplate":"https:\/\/mojstromcek.sk\/?s={search_term_string}"},"query-input":"required name=search_term_string"}],"inLanguage":"ro-RO"}]}},"_links":{"self":[{"href":"https:\/\/old2024.mujstromecek.cz\/ro\/wp-json\/wp\/v2\/product\/386212","targetHints":{"allow":["GET"]}}],"collection":[{"href":"https:\/\/old2024.mujstromecek.cz\/ro\/wp-json\/wp\/v2\/product"}],"about":[{"href":"https:\/\/old2024.mujstromecek.cz\/ro\/wp-json\/wp\/v2\/types\/product"}],"wp:featuredmedia":[{"embeddable":true,"href":"https:\/\/old2024.mujstromecek.cz\/ro\/wp-json\/wp\/v2\/media\/519099"}],"wp:attachment":[{"href":"https:\/\/old2024.mujstromecek.cz\/ro\/wp-json\/wp\/v2\/media?parent=386212"}],"wp:term":[{"taxonomy":"product_cat","embeddable":true,"href":"https:\/\/old2024.mujstromecek.cz\/ro\/wp-json\/wp\/v2\/product_cat?post=386212"},{"taxonomy":"product_tag","embeddable":true,"href":"https:\/\/old2024.mujstromecek.cz\/ro\/wp-json\/wp\/v2\/product_tag?post=386212"}],"curies":[{"name":"wp","href":"https:\/\/api.w.org\/{rel}","templated":true}]}}