{"id":382516,"date":"2023-08-30T17:54:28","date_gmt":"2023-09-28T11:43:21","guid":{"rendered":"https:\/\/mujstromecek.cz\/produkt\/brad-nordmann-220-cm\/"},"modified":"2023-09-28T11:43:35","modified_gmt":"2023-09-28T11:43:35","slug":"brad-nordmann-220-cm","status":"publish","type":"product","link":"https:\/\/old2024.mujstromecek.cz\/ro\/produkt\/brad-nordmann-220-cm\/","title":{"rendered":"Brad Nordmann 220 cm"},"content":{"rendered":"<h3><strong>Descrierea arborelui:<\/strong><\/h3>\n<p>Brad Nordmann 220 cm&nbsp;<strong>cu crengu\u021be naturale \u0219i perfect<\/strong>&nbsp;de dese este o&nbsp;<strong>NOUTATE absolut\u0103<\/strong>.&nbsp;Gra\u021bie acelor de conifere 3D&nbsp;<strong>de cea mai &icirc;nalt\u0103 calitate,<\/strong>&nbsp;este&nbsp;<strong>cu totul imposibil de recunoscut de un pom viu. Se potrivesc perfect &icirc;n interioare de lux \u0219i tradi\u021bionale.&nbsp;<\/strong><strong>Aspectul unic al&nbsp;<\/strong>pomilor no\u0219tri de Cr\u0103ciun din&nbsp;<strong>cea mai &icirc;nalt\u0103 colec\u021bie PREMIUM+&nbsp;<\/strong>este asigurat de&nbsp;<strong>echipa noastr\u0103 de designeri de produse cu experien\u021b\u0103<\/strong>.<\/p>\n<p>Pomul de Cr\u0103ciun cu&nbsp;<strong>ASPECT DE LUX<\/strong>&nbsp;&icirc;n c\u0103minul dumneavoastr\u0103&nbsp;<strong>va<\/strong>&nbsp;<strong>crea ca prin minune atmosfera de Cr\u0103ciun veritabil\u0103<\/strong>. Vi-l pute\u021bi&nbsp;<strong>decora cum ve\u021bi dori<\/strong>, dup\u0103 gustul dumneavoastr\u0103 propriu.<\/p>\n<p>Uz bo\u017ei\u0107no drvo&nbsp;<strong>dobivate<\/strong>&nbsp;od nas&nbsp;<strong>BESPLATNO<\/strong>&nbsp;<strong>\u010dvrst METALNI STALAK<\/strong>&nbsp;s&nbsp;gumenim nogama i&nbsp;<strong>\u010dvrsta kartonska kutija&nbsp;<\/strong>za pohranjivanje bo\u017ei\u0107nog drveta.<\/p>\n<h3><strong>Modalitatea de asamblare&nbsp;Brad Nordmann<\/strong><\/h3>\n<p>La fel ca la to\u021bi pomii no\u0219tri de iarn\u0103, \u0219i acesta se poate&nbsp;<strong>asambla u\u0219or<\/strong>&nbsp;\u0219i apoi \u0219i manipula u\u0219or. Sistemul&nbsp;<strong>de asamblare&nbsp;<\/strong><strong>Snap Tree&trade;<\/strong>&nbsp;este&nbsp;<strong>O SOLU\u021aIE DE PRIM\u0102 CALITATE<\/strong>&nbsp;care v\u0103&nbsp;<strong>faciliteaz\u0103 munca<\/strong>&nbsp;cu asamblarea pomului de iarn\u0103. Fiecare creang\u0103 este prev\u0103zut\u0103 cu o articula\u021bie care, dup\u0103 ce a\u0219eza\u021bi pomul de iarn\u0103 pe soclu, asigur\u0103 faptul ca crengile principale s\u0103 se &icirc;ntind\u0103 la o anumit\u0103 &icirc;nclina\u021bie \u0219i sarcina dumneavoastr\u0103 este&nbsp;<strong>doar aranjarea crengu\u021belor mai mici&nbsp;<\/strong><strong>dup\u0103 gustul dumneavoastr\u0103 propriu.<\/strong><\/p>\n<p>V\u0103 dorim s\u0103 v\u0103 petrece\u021bi c&acirc;t mai pl\u0103cut S\u0103rb\u0103torile de Cr\u0103ciun!<\/p>\n","protected":false},"excerpt":{"rendered":"<p>Brad Nordmann 220 cm&nbsp;<strong>cu crengu\u021be naturale \u0219i perfect<\/strong>&nbsp;de dese este o&nbsp;<strong>NOUTATE absolut\u0103<\/strong>.&nbsp;Gra\u021bie acelor de conifere 3D&nbsp;<strong>de cea mai &icirc;nalt\u0103 calitate,<\/strong>&nbsp;este&nbsp;<strong>cu totul imposibil de recunoscut de un pom viu. Se potrivesc perfect &icirc;n interioare de lux \u0219i tradi\u021bionale.&nbsp;<\/strong><strong>Aspectul unic al&nbsp;<\/strong>pomilor no\u0219tri de Cr\u0103ciun din&nbsp;<strong>cea mai &icirc;nalt\u0103 colec\u021bie PREMIUM+&nbsp;<\/strong>este asigurat de&nbsp;<strong>echipa noastr\u0103 de designeri de produse cu experien\u021b\u0103<\/strong>.<\/p>\n","protected":false},"featured_media":512338,"template":"","meta":[],"product_cat":[2684],"product_tag":[3889,396,4658,4646],"class_list":["post-382516","product","type-product","status-publish","has-post-thumbnail","hentry","product_cat-premium-plus-ro","product_tag-220-cm-ro","product_tag-3d-ro-2","product_tag-premium-ro","product_tag-doprava-zdarma-ro","pa_druh-jedle-ro","pa_jehlici-3d-premium-ro","pa_krabice-35-35-120-ro","pa_pocet-rad-16-ro-2","pa_sirka-142-ro","pa_stojan-metalic-ro-2","pa_vaha-20-ro","pa_vetvicky-4087-ro","pa_vetvicky-celkem-4087-ro-2","pa_vetvicky-pe-pvc-2560-1527-ro","pa_vyska-220-ro","pa_vyska-od-zeme-22-ro"],"featured_image_urls":{"full":["https:\/\/old2024.mujstromecek.cz\/wp-content\/uploads\/2023\/08\/s1-2246.jpg",640,860,false],"thumbnail":["https:\/\/old2024.mujstromecek.cz\/wp-content\/uploads\/2023\/08\/s1-2246-150x150.jpg",150,150,true],"medium":["https:\/\/old2024.mujstromecek.cz\/wp-content\/uploads\/2023\/08\/s1-2246-223x300.jpg",223,300,true],"medium_large":["https:\/\/old2024.mujstromecek.cz\/wp-content\/uploads\/2023\/08\/s1-2246.jpg",640,860,false],"large":["https:\/\/old2024.mujstromecek.cz\/wp-content\/uploads\/2023\/08\/s1-2246.jpg",640,860,false],"1536x1536":["https:\/\/old2024.mujstromecek.cz\/wp-content\/uploads\/2023\/08\/s1-2246.jpg",640,860,false],"2048x2048":["https:\/\/old2024.mujstromecek.cz\/wp-content\/uploads\/2023\/08\/s1-2246.jpg",640,860,false],"woocommerce_thumbnail":["https:\/\/old2024.mujstromecek.cz\/wp-content\/uploads\/2023\/08\/s1-2246-300x403.jpg",300,403,true],"woocommerce_single":["https:\/\/old2024.mujstromecek.cz\/wp-content\/uploads\/2023\/08\/s1-2246-600x806.jpg",600,806,true],"woocommerce_gallery_thumbnail":["https:\/\/old2024.mujstromecek.cz\/wp-content\/uploads\/2023\/08\/s1-2246-100x100.jpg",100,100,true]},"post_excerpt_stackable":"<p>Brad Nordmann 220 cm&nbsp;<strong>cu crengu\u021be naturale \u0219i perfect<\/strong>&nbsp;de dese este o&nbsp;<strong>NOUTATE absolut\u0103<\/strong>.&nbsp;Gra\u021bie acelor de conifere 3D&nbsp;<strong>de cea mai &icirc;nalt\u0103 calitate,<\/strong>&nbsp;este&nbsp;<strong>cu totul imposibil de recunoscut de un pom viu. Se potrivesc perfect &icirc;n interioare de lux \u0219i tradi\u021bionale.&nbsp;<\/strong><strong>Aspectul unic al&nbsp;<\/strong>pomilor no\u0219tri de Cr\u0103ciun din&nbsp;<strong>cea mai &icirc;nalt\u0103 colec\u021bie PREMIUM+&nbsp;<\/strong>este asigurat de&nbsp;<strong>echipa noastr\u0103 de designeri de produse cu experien\u021b\u0103<\/strong>.<\/p>\n","category_list":"","author_info":{"name":"","url":""},"comments_num":"0 comments","featured_image_urls_v2":{"full":["https:\/\/old2024.mujstromecek.cz\/wp-content\/uploads\/2023\/08\/s1-2246.jpg",640,860,false],"thumbnail":["https:\/\/old2024.mujstromecek.cz\/wp-content\/uploads\/2023\/08\/s1-2246-150x150.jpg",150,150,true],"medium":["https:\/\/old2024.mujstromecek.cz\/wp-content\/uploads\/2023\/08\/s1-2246-223x300.jpg",223,300,true],"medium_large":["https:\/\/old2024.mujstromecek.cz\/wp-content\/uploads\/2023\/08\/s1-2246.jpg",640,860,false],"large":["https:\/\/old2024.mujstromecek.cz\/wp-content\/uploads\/2023\/08\/s1-2246.jpg",640,860,false],"1536x1536":["https:\/\/old2024.mujstromecek.cz\/wp-content\/uploads\/2023\/08\/s1-2246.jpg",640,860,false],"2048x2048":["https:\/\/old2024.mujstromecek.cz\/wp-content\/uploads\/2023\/08\/s1-2246.jpg",640,860,false],"woocommerce_thumbnail":["https:\/\/old2024.mujstromecek.cz\/wp-content\/uploads\/2023\/08\/s1-2246-300x403.jpg",300,403,true],"woocommerce_single":["https:\/\/old2024.mujstromecek.cz\/wp-content\/uploads\/2023\/08\/s1-2246-600x806.jpg",600,806,true],"woocommerce_gallery_thumbnail":["https:\/\/old2024.mujstromecek.cz\/wp-content\/uploads\/2023\/08\/s1-2246-100x100.jpg",100,100,true]},"post_excerpt_stackable_v2":"<p>Brad Nordmann 220 cm&nbsp;<strong>cu crengu\u021be naturale \u0219i perfect<\/strong>&nbsp;de dese este o&nbsp;<strong>NOUTATE absolut\u0103<\/strong>.&nbsp;Gra\u021bie acelor de conifere 3D&nbsp;<strong>de cea mai &icirc;nalt\u0103 calitate,<\/strong>&nbsp;este&nbsp;<strong>cu totul imposibil de recunoscut de un pom viu. Se potrivesc perfect &icirc;n interioare de lux \u0219i tradi\u021bionale.&nbsp;<\/strong><strong>Aspectul unic al&nbsp;<\/strong>pomilor no\u0219tri de Cr\u0103ciun din&nbsp;<strong>cea mai &icirc;nalt\u0103 colec\u021bie PREMIUM+&nbsp;<\/strong>este asigurat de&nbsp;<strong>echipa noastr\u0103 de designeri de produse cu experien\u021b\u0103<\/strong>.<\/p>\n","category_list_v2":"","author_info_v2":{"name":"","url":""},"comments_num_v2":"0 comments","yoast_head":"<!-- This site is optimized with the Yoast SEO plugin v21.1 - https:\/\/yoast.com\/wordpress\/plugins\/seo\/ -->\n<title>Brad Nordmann 220 cm - BRADULMOSULUI.RO<\/title>\n<meta name=\"robots\" content=\"noindex, follow, max-snippet:-1, max-image-preview:large, max-video-preview:-1\" \/>\n<meta property=\"og:locale\" content=\"ro_RO\" \/>\n<meta property=\"og:type\" content=\"article\" \/>\n<meta property=\"og:title\" content=\"Brad Nordmann 220 cm - BRADULMOSULUI.RO\" \/>\n<meta property=\"og:description\" content=\"Brad Nordmann 220 cm&nbsp;cu crengu\u021be naturale \u0219i perfect&nbsp;de dese este o&nbsp;NOUTATE absolut\u0103.&nbsp;Gra\u021bie acelor de conifere 3D&nbsp;de cea mai &icirc;nalt\u0103 calitate,&nbsp;este&nbsp;cu totul imposibil de recunoscut de un pom viu. Se potrivesc perfect &icirc;n interioare de lux \u0219i tradi\u021bionale.&nbsp;Aspectul unic al&nbsp;pomilor no\u0219tri de Cr\u0103ciun din&nbsp;cea mai &icirc;nalt\u0103 colec\u021bie PREMIUM+&nbsp;este asigurat de&nbsp;echipa noastr\u0103 de designeri de produse cu experien\u021b\u0103.\" \/>\n<meta property=\"og:url\" content=\"https:\/\/old2024.mujstromecek.cz\/ro\/produkt\/brad-nordmann-220-cm\/\" \/>\n<meta property=\"og:site_name\" content=\"BRADULMOSULUI.RO\" \/>\n<meta property=\"article:modified_time\" content=\"2023-09-28T11:43:35+00:00\" \/>\n<meta property=\"og:image\" content=\"https:\/\/bradulmosului.ro\/wp-content\/uploads\/2023\/08\/s1-2246.jpg\" \/>\n\t<meta property=\"og:image:width\" content=\"640\" \/>\n\t<meta property=\"og:image:height\" content=\"860\" \/>\n\t<meta property=\"og:image:type\" content=\"image\/jpeg\" \/>\n<meta name=\"twitter:card\" content=\"summary_large_image\" \/>\n<meta name=\"twitter:label1\" content=\"Timp estimat pentru citire\" \/>\n\t<meta name=\"twitter:data1\" content=\"1 minut\" \/>\n<script type=\"application\/ld+json\" class=\"yoast-schema-graph\">{\"@context\":\"https:\/\/schema.org\",\"@graph\":[{\"@type\":\"WebPage\",\"@id\":\"https:\/\/old2024.mujstromecek.cz\/ro\/produkt\/brad-nordmann-220-cm\/\",\"url\":\"https:\/\/old2024.mujstromecek.cz\/ro\/produkt\/brad-nordmann-220-cm\/\",\"name\":\"Brad Nordmann 220 cm - BRADULMOSULUI.RO\",\"isPartOf\":{\"@id\":\"https:\/\/mojstromcek.sk\/#website\"},\"datePublished\":\"2023-09-28T11:43:21+00:00\",\"dateModified\":\"2023-09-28T11:43:35+00:00\",\"breadcrumb\":{\"@id\":\"https:\/\/old2024.mujstromecek.cz\/ro\/produkt\/brad-nordmann-220-cm\/#breadcrumb\"},\"inLanguage\":\"ro-RO\",\"potentialAction\":[{\"@type\":\"ReadAction\",\"target\":[\"https:\/\/old2024.mujstromecek.cz\/ro\/produkt\/brad-nordmann-220-cm\/\"]}]},{\"@type\":\"BreadcrumbList\",\"@id\":\"https:\/\/old2024.mujstromecek.cz\/ro\/produkt\/brad-nordmann-220-cm\/#breadcrumb\",\"itemListElement\":[{\"@type\":\"ListItem\",\"position\":1,\"name\":\"Dom\u016f\",\"item\":\"https:\/\/old2024.mujstromecek.cz\/ro\/\"},{\"@type\":\"ListItem\",\"position\":2,\"name\":\"Shop\",\"item\":\"https:\/\/bradulmosului.ro\/shop\/\"},{\"@type\":\"ListItem\",\"position\":3,\"name\":\"Brad Nordmann 220 cm\"}]},{\"@type\":\"WebSite\",\"@id\":\"https:\/\/mojstromcek.sk\/#website\",\"url\":\"https:\/\/mojstromcek.sk\/\",\"name\":\"BRADULMOSULUI.RO\",\"description\":\"Pomi artificiali de Cr\u0103ciun\",\"potentialAction\":[{\"@type\":\"SearchAction\",\"target\":{\"@type\":\"EntryPoint\",\"urlTemplate\":\"https:\/\/mojstromcek.sk\/?s={search_term_string}\"},\"query-input\":\"required name=search_term_string\"}],\"inLanguage\":\"ro-RO\"}]}<\/script>\n<!-- \/ Yoast SEO plugin. -->","yoast_head_json":{"title":"Brad Nordmann 220 cm - BRADULMOSULUI.RO","robots":{"index":"noindex","follow":"follow","max-snippet":"max-snippet:-1","max-image-preview":"max-image-preview:large","max-video-preview":"max-video-preview:-1"},"og_locale":"ro_RO","og_type":"article","og_title":"Brad Nordmann 220 cm - BRADULMOSULUI.RO","og_description":"Brad Nordmann 220 cm&nbsp;cu crengu\u021be naturale \u0219i perfect&nbsp;de dese este o&nbsp;NOUTATE absolut\u0103.&nbsp;Gra\u021bie acelor de conifere 3D&nbsp;de cea mai &icirc;nalt\u0103 calitate,&nbsp;este&nbsp;cu totul imposibil de recunoscut de un pom viu. Se potrivesc perfect &icirc;n interioare de lux \u0219i tradi\u021bionale.&nbsp;Aspectul unic al&nbsp;pomilor no\u0219tri de Cr\u0103ciun din&nbsp;cea mai &icirc;nalt\u0103 colec\u021bie PREMIUM+&nbsp;este asigurat de&nbsp;echipa noastr\u0103 de designeri de produse cu experien\u021b\u0103.","og_url":"https:\/\/old2024.mujstromecek.cz\/ro\/produkt\/brad-nordmann-220-cm\/","og_site_name":"BRADULMOSULUI.RO","article_modified_time":"2023-09-28T11:43:35+00:00","og_image":[{"width":640,"height":860,"url":"https:\/\/bradulmosului.ro\/wp-content\/uploads\/2023\/08\/s1-2246.jpg","type":"image\/jpeg"}],"twitter_card":"summary_large_image","twitter_misc":{"Timp estimat pentru citire":"1 minut"},"schema":{"@context":"https:\/\/schema.org","@graph":[{"@type":"WebPage","@id":"https:\/\/old2024.mujstromecek.cz\/ro\/produkt\/brad-nordmann-220-cm\/","url":"https:\/\/old2024.mujstromecek.cz\/ro\/produkt\/brad-nordmann-220-cm\/","name":"Brad Nordmann 220 cm - BRADULMOSULUI.RO","isPartOf":{"@id":"https:\/\/mojstromcek.sk\/#website"},"datePublished":"2023-09-28T11:43:21+00:00","dateModified":"2023-09-28T11:43:35+00:00","breadcrumb":{"@id":"https:\/\/old2024.mujstromecek.cz\/ro\/produkt\/brad-nordmann-220-cm\/#breadcrumb"},"inLanguage":"ro-RO","potentialAction":[{"@type":"ReadAction","target":["https:\/\/old2024.mujstromecek.cz\/ro\/produkt\/brad-nordmann-220-cm\/"]}]},{"@type":"BreadcrumbList","@id":"https:\/\/old2024.mujstromecek.cz\/ro\/produkt\/brad-nordmann-220-cm\/#breadcrumb","itemListElement":[{"@type":"ListItem","position":1,"name":"Dom\u016f","item":"https:\/\/old2024.mujstromecek.cz\/ro\/"},{"@type":"ListItem","position":2,"name":"Shop","item":"https:\/\/bradulmosului.ro\/shop\/"},{"@type":"ListItem","position":3,"name":"Brad Nordmann 220 cm"}]},{"@type":"WebSite","@id":"https:\/\/mojstromcek.sk\/#website","url":"https:\/\/mojstromcek.sk\/","name":"BRADULMOSULUI.RO","description":"Pomi artificiali de Cr\u0103ciun","potentialAction":[{"@type":"SearchAction","target":{"@type":"EntryPoint","urlTemplate":"https:\/\/mojstromcek.sk\/?s={search_term_string}"},"query-input":"required name=search_term_string"}],"inLanguage":"ro-RO"}]}},"_links":{"self":[{"href":"https:\/\/old2024.mujstromecek.cz\/ro\/wp-json\/wp\/v2\/product\/382516","targetHints":{"allow":["GET"]}}],"collection":[{"href":"https:\/\/old2024.mujstromecek.cz\/ro\/wp-json\/wp\/v2\/product"}],"about":[{"href":"https:\/\/old2024.mujstromecek.cz\/ro\/wp-json\/wp\/v2\/types\/product"}],"wp:featuredmedia":[{"embeddable":true,"href":"https:\/\/old2024.mujstromecek.cz\/ro\/wp-json\/wp\/v2\/media\/512338"}],"wp:attachment":[{"href":"https:\/\/old2024.mujstromecek.cz\/ro\/wp-json\/wp\/v2\/media?parent=382516"}],"wp:term":[{"taxonomy":"product_cat","embeddable":true,"href":"https:\/\/old2024.mujstromecek.cz\/ro\/wp-json\/wp\/v2\/product_cat?post=382516"},{"taxonomy":"product_tag","embeddable":true,"href":"https:\/\/old2024.mujstromecek.cz\/ro\/wp-json\/wp\/v2\/product_tag?post=382516"}],"curies":[{"name":"wp","href":"https:\/\/api.w.org\/{rel}","templated":true}]}}