{"id":380302,"date":"2023-08-30T17:49:00","date_gmt":"2023-09-28T11:36:11","guid":{"rendered":"https:\/\/mujstromecek.cz\/produkt\/molid-pyrenees-180-cm\/"},"modified":"2023-10-18T18:45:43","modified_gmt":"2023-10-18T18:45:43","slug":"molid-pyrenees-180-cm","status":"publish","type":"product","link":"https:\/\/old2024.mujstromecek.cz\/ro\/produkt\/molid-pyrenees-180-cm\/","title":{"rendered":"Molid Pyrenees 180 cm"},"content":{"rendered":"<h3><strong>Descrierea arborelui<\/strong><\/h3>\n<p>Molid Pyrenees 180 cm <strong>cu conuri &icirc;ncorporate<\/strong><strong>. <\/strong>Acele de conifere 3D de calitate superioar\u0103 garanteaz\u0103 <strong>un aspect realist al pomului de Cr\u0103ciun. <\/strong><strong>Aspectul unic al <\/strong>pomilor no\u0219tri de Cr\u0103ciun<strong> din colec\u021bia PREMIUM&nbsp;<\/strong>este asigurat de <strong>echipa noastr\u0103 de designeri de produse cu experien\u021b\u0103<\/strong>.<\/p>\n<p>Pomul de Cr\u0103ciun <strong>cu aspectul s\u0103u natural &icirc;n c\u0103minul dumneavoastr\u0103 <\/strong><strong>va<\/strong> <strong>crea ca prin minune atmosfera de Cr\u0103ciun veritabil\u0103<\/strong>. Vi-l pute\u021bi <strong>decora cum ve\u021bi dori<\/strong>, dup\u0103 gustul dumneavoastr\u0103 propriu.<\/p>\n<p>La pomul de iarn\u0103 de la noi <strong>primi\u021bi GRATIS un SOCLU METALIC REZISTENT <\/strong>cu picioare de gum\u0103 \u0219i o cutie rezistent\u0103 pentru depozitarea pomului de iarn\u0103.<\/p>\n<h3><strong>Modalitatea de asamblare Molid Pyrenees&nbsp;<\/strong><\/h3>\n<p>La fel ca la to\u021bi pomii no\u0219tri de iarn\u0103, \u0219i acesta se poate <strong>asambla u\u0219or<\/strong> \u0219i apoi \u0219i manipula u\u0219or. Sistemul <strong>de asamblare <\/strong><strong>Snap Tree&trade;<\/strong> este <strong>O SOLU\u021aIE DE PRIM\u0102 CALITATE<\/strong> care v\u0103 <strong>faciliteaz\u0103 munca<\/strong> cu asamblarea pomului de iarn\u0103. Fiecare creang\u0103 este prev\u0103zut\u0103 cu o articula\u021bie care, dup\u0103 ce a\u0219eza\u021bi pomul de iarn\u0103 pe soclu, asigur\u0103 faptul ca crengile principale s\u0103 se &icirc;ntind\u0103 la o anumit\u0103 &icirc;nclina\u021bie \u0219i sarcina dumneavoastr\u0103 este <strong>doar aranjarea crengu\u021belor mai mici <\/strong><strong>dup\u0103 gustul dumneavoastr\u0103 propriu.<\/strong><\/p>\n<p>V\u0103 dorim s\u0103 v\u0103 petrece\u021bi c&acirc;t mai pl\u0103cut S\u0103rb\u0103torile de Cr\u0103ciun!<\/p>\n","protected":false},"excerpt":{"rendered":"<p>Molid Pyrenees 180 cm <strong>cu conuri &icirc;ncorporate<\/strong><strong>. <\/strong>Acele de conifere 3D de calitate superioar\u0103 garanteaz\u0103 <strong>un aspect realist al pomului de Cr\u0103ciun. <\/strong><strong>Aspectul unic al <\/strong>pomilor no\u0219tri de Cr\u0103ciun<strong> din colec\u021bia PREMIUM&nbsp;<\/strong>este asigurat de <strong>echipa noastr\u0103 de designeri de produse cu experien\u021b\u0103<\/strong>.<\/p>\n","protected":false},"featured_media":508230,"template":"","meta":[],"product_cat":[3816],"product_tag":[3901,396,4658,4646],"class_list":["post-380302","product","type-product","status-publish","has-post-thumbnail","hentry","product_cat-premium-ro","product_tag-180-cm-ro","product_tag-3d-ro-2","product_tag-premium-ro","product_tag-doprava-zdarma-ro","pa_druh-smrk-ro","pa_jehlici-3d-premium-snow-ro","pa_krabice-30-30-110-ro-2","pa_pocet-rad-14-ro","pa_sirka-120-ro-2","pa_stojan-metalic-ro-2","pa_vaha-112-ro","pa_vetvicky-1165-ro","pa_vetvicky-celkem-1165-ro","pa_vetvicky-pe-pvc-228-937-ro","pa_vlastnosti-s-ozdobami-ro","pa_vyska-180-ro","pa_vyska-od-zeme-22-ro"],"featured_image_urls":{"full":["https:\/\/old2024.mujstromecek.cz\/wp-content\/uploads\/2023\/08\/s1-2216.jpg",640,860,false],"thumbnail":["https:\/\/old2024.mujstromecek.cz\/wp-content\/uploads\/2023\/08\/s1-2216-150x150.jpg",150,150,true],"medium":["https:\/\/old2024.mujstromecek.cz\/wp-content\/uploads\/2023\/08\/s1-2216-223x300.jpg",223,300,true],"medium_large":["https:\/\/old2024.mujstromecek.cz\/wp-content\/uploads\/2023\/08\/s1-2216.jpg",640,860,false],"large":["https:\/\/old2024.mujstromecek.cz\/wp-content\/uploads\/2023\/08\/s1-2216.jpg",640,860,false],"1536x1536":["https:\/\/old2024.mujstromecek.cz\/wp-content\/uploads\/2023\/08\/s1-2216.jpg",640,860,false],"2048x2048":["https:\/\/old2024.mujstromecek.cz\/wp-content\/uploads\/2023\/08\/s1-2216.jpg",640,860,false],"woocommerce_thumbnail":["https:\/\/old2024.mujstromecek.cz\/wp-content\/uploads\/2023\/08\/s1-2216-300x403.jpg",300,403,true],"woocommerce_single":["https:\/\/old2024.mujstromecek.cz\/wp-content\/uploads\/2023\/08\/s1-2216-600x806.jpg",600,806,true],"woocommerce_gallery_thumbnail":["https:\/\/old2024.mujstromecek.cz\/wp-content\/uploads\/2023\/08\/s1-2216-100x100.jpg",100,100,true]},"post_excerpt_stackable":"<p>Molid Pyrenees 180 cm <strong>cu conuri &icirc;ncorporate<\/strong><strong>. <\/strong>Acele de conifere 3D de calitate superioar\u0103 garanteaz\u0103 <strong>un aspect realist al pomului de Cr\u0103ciun. <\/strong><strong>Aspectul unic al <\/strong>pomilor no\u0219tri de Cr\u0103ciun<strong> din colec\u021bia PREMIUM&nbsp;<\/strong>este asigurat de <strong>echipa noastr\u0103 de designeri de produse cu experien\u021b\u0103<\/strong>.<\/p>\n","category_list":"","author_info":{"name":"","url":""},"comments_num":"0 comments","featured_image_urls_v2":{"full":["https:\/\/old2024.mujstromecek.cz\/wp-content\/uploads\/2023\/08\/s1-2216.jpg",640,860,false],"thumbnail":["https:\/\/old2024.mujstromecek.cz\/wp-content\/uploads\/2023\/08\/s1-2216-150x150.jpg",150,150,true],"medium":["https:\/\/old2024.mujstromecek.cz\/wp-content\/uploads\/2023\/08\/s1-2216-223x300.jpg",223,300,true],"medium_large":["https:\/\/old2024.mujstromecek.cz\/wp-content\/uploads\/2023\/08\/s1-2216.jpg",640,860,false],"large":["https:\/\/old2024.mujstromecek.cz\/wp-content\/uploads\/2023\/08\/s1-2216.jpg",640,860,false],"1536x1536":["https:\/\/old2024.mujstromecek.cz\/wp-content\/uploads\/2023\/08\/s1-2216.jpg",640,860,false],"2048x2048":["https:\/\/old2024.mujstromecek.cz\/wp-content\/uploads\/2023\/08\/s1-2216.jpg",640,860,false],"woocommerce_thumbnail":["https:\/\/old2024.mujstromecek.cz\/wp-content\/uploads\/2023\/08\/s1-2216-300x403.jpg",300,403,true],"woocommerce_single":["https:\/\/old2024.mujstromecek.cz\/wp-content\/uploads\/2023\/08\/s1-2216-600x806.jpg",600,806,true],"woocommerce_gallery_thumbnail":["https:\/\/old2024.mujstromecek.cz\/wp-content\/uploads\/2023\/08\/s1-2216-100x100.jpg",100,100,true]},"post_excerpt_stackable_v2":"<p>Molid Pyrenees 180 cm <strong>cu conuri &icirc;ncorporate<\/strong><strong>. <\/strong>Acele de conifere 3D de calitate superioar\u0103 garanteaz\u0103 <strong>un aspect realist al pomului de Cr\u0103ciun. <\/strong><strong>Aspectul unic al <\/strong>pomilor no\u0219tri de Cr\u0103ciun<strong> din colec\u021bia PREMIUM&nbsp;<\/strong>este asigurat de <strong>echipa noastr\u0103 de designeri de produse cu experien\u021b\u0103<\/strong>.<\/p>\n","category_list_v2":"","author_info_v2":{"name":"","url":""},"comments_num_v2":"0 comments","yoast_head":"<!-- This site is optimized with the Yoast SEO plugin v21.1 - https:\/\/yoast.com\/wordpress\/plugins\/seo\/ -->\n<title>Molid Pyrenees 180 cm - BRADULMOSULUI.RO<\/title>\n<meta name=\"robots\" content=\"noindex, follow, max-snippet:-1, max-image-preview:large, max-video-preview:-1\" \/>\n<meta property=\"og:locale\" content=\"ro_RO\" \/>\n<meta property=\"og:type\" content=\"article\" \/>\n<meta property=\"og:title\" content=\"Molid Pyrenees 180 cm - BRADULMOSULUI.RO\" \/>\n<meta property=\"og:description\" content=\"Molid Pyrenees 180 cm cu conuri &icirc;ncorporate. Acele de conifere 3D de calitate superioar\u0103 garanteaz\u0103 un aspect realist al pomului de Cr\u0103ciun. Aspectul unic al pomilor no\u0219tri de Cr\u0103ciun din colec\u021bia PREMIUM&nbsp;este asigurat de echipa noastr\u0103 de designeri de produse cu experien\u021b\u0103.\" \/>\n<meta property=\"og:url\" content=\"https:\/\/old2024.mujstromecek.cz\/ro\/produkt\/molid-pyrenees-180-cm\/\" \/>\n<meta property=\"og:site_name\" content=\"BRADULMOSULUI.RO\" \/>\n<meta property=\"article:modified_time\" content=\"2023-10-18T18:45:43+00:00\" \/>\n<meta property=\"og:image\" content=\"https:\/\/bradulmosului.ro\/wp-content\/uploads\/2023\/08\/s1-2216.jpg\" \/>\n\t<meta property=\"og:image:width\" content=\"640\" \/>\n\t<meta property=\"og:image:height\" content=\"860\" \/>\n\t<meta property=\"og:image:type\" content=\"image\/jpeg\" \/>\n<meta name=\"twitter:card\" content=\"summary_large_image\" \/>\n<meta name=\"twitter:label1\" content=\"Timp estimat pentru citire\" \/>\n\t<meta name=\"twitter:data1\" content=\"1 minut\" \/>\n<script type=\"application\/ld+json\" class=\"yoast-schema-graph\">{\"@context\":\"https:\/\/schema.org\",\"@graph\":[{\"@type\":\"WebPage\",\"@id\":\"https:\/\/old2024.mujstromecek.cz\/ro\/produkt\/molid-pyrenees-180-cm\/\",\"url\":\"https:\/\/old2024.mujstromecek.cz\/ro\/produkt\/molid-pyrenees-180-cm\/\",\"name\":\"Molid Pyrenees 180 cm - BRADULMOSULUI.RO\",\"isPartOf\":{\"@id\":\"https:\/\/mojstromcek.sk\/#website\"},\"datePublished\":\"2023-09-28T11:36:11+00:00\",\"dateModified\":\"2023-10-18T18:45:43+00:00\",\"breadcrumb\":{\"@id\":\"https:\/\/old2024.mujstromecek.cz\/ro\/produkt\/molid-pyrenees-180-cm\/#breadcrumb\"},\"inLanguage\":\"ro-RO\",\"potentialAction\":[{\"@type\":\"ReadAction\",\"target\":[\"https:\/\/old2024.mujstromecek.cz\/ro\/produkt\/molid-pyrenees-180-cm\/\"]}]},{\"@type\":\"BreadcrumbList\",\"@id\":\"https:\/\/old2024.mujstromecek.cz\/ro\/produkt\/molid-pyrenees-180-cm\/#breadcrumb\",\"itemListElement\":[{\"@type\":\"ListItem\",\"position\":1,\"name\":\"Dom\u016f\",\"item\":\"https:\/\/old2024.mujstromecek.cz\/ro\/\"},{\"@type\":\"ListItem\",\"position\":2,\"name\":\"Shop\",\"item\":\"https:\/\/bradulmosului.ro\/shop\/\"},{\"@type\":\"ListItem\",\"position\":3,\"name\":\"Molid Pyrenees 180 cm\"}]},{\"@type\":\"WebSite\",\"@id\":\"https:\/\/mojstromcek.sk\/#website\",\"url\":\"https:\/\/mojstromcek.sk\/\",\"name\":\"BRADULMOSULUI.RO\",\"description\":\"Pomi artificiali de Cr\u0103ciun\",\"potentialAction\":[{\"@type\":\"SearchAction\",\"target\":{\"@type\":\"EntryPoint\",\"urlTemplate\":\"https:\/\/mojstromcek.sk\/?s={search_term_string}\"},\"query-input\":\"required name=search_term_string\"}],\"inLanguage\":\"ro-RO\"}]}<\/script>\n<!-- \/ Yoast SEO plugin. -->","yoast_head_json":{"title":"Molid Pyrenees 180 cm - BRADULMOSULUI.RO","robots":{"index":"noindex","follow":"follow","max-snippet":"max-snippet:-1","max-image-preview":"max-image-preview:large","max-video-preview":"max-video-preview:-1"},"og_locale":"ro_RO","og_type":"article","og_title":"Molid Pyrenees 180 cm - BRADULMOSULUI.RO","og_description":"Molid Pyrenees 180 cm cu conuri &icirc;ncorporate. Acele de conifere 3D de calitate superioar\u0103 garanteaz\u0103 un aspect realist al pomului de Cr\u0103ciun. Aspectul unic al pomilor no\u0219tri de Cr\u0103ciun din colec\u021bia PREMIUM&nbsp;este asigurat de echipa noastr\u0103 de designeri de produse cu experien\u021b\u0103.","og_url":"https:\/\/old2024.mujstromecek.cz\/ro\/produkt\/molid-pyrenees-180-cm\/","og_site_name":"BRADULMOSULUI.RO","article_modified_time":"2023-10-18T18:45:43+00:00","og_image":[{"width":640,"height":860,"url":"https:\/\/bradulmosului.ro\/wp-content\/uploads\/2023\/08\/s1-2216.jpg","type":"image\/jpeg"}],"twitter_card":"summary_large_image","twitter_misc":{"Timp estimat pentru citire":"1 minut"},"schema":{"@context":"https:\/\/schema.org","@graph":[{"@type":"WebPage","@id":"https:\/\/old2024.mujstromecek.cz\/ro\/produkt\/molid-pyrenees-180-cm\/","url":"https:\/\/old2024.mujstromecek.cz\/ro\/produkt\/molid-pyrenees-180-cm\/","name":"Molid Pyrenees 180 cm - BRADULMOSULUI.RO","isPartOf":{"@id":"https:\/\/mojstromcek.sk\/#website"},"datePublished":"2023-09-28T11:36:11+00:00","dateModified":"2023-10-18T18:45:43+00:00","breadcrumb":{"@id":"https:\/\/old2024.mujstromecek.cz\/ro\/produkt\/molid-pyrenees-180-cm\/#breadcrumb"},"inLanguage":"ro-RO","potentialAction":[{"@type":"ReadAction","target":["https:\/\/old2024.mujstromecek.cz\/ro\/produkt\/molid-pyrenees-180-cm\/"]}]},{"@type":"BreadcrumbList","@id":"https:\/\/old2024.mujstromecek.cz\/ro\/produkt\/molid-pyrenees-180-cm\/#breadcrumb","itemListElement":[{"@type":"ListItem","position":1,"name":"Dom\u016f","item":"https:\/\/old2024.mujstromecek.cz\/ro\/"},{"@type":"ListItem","position":2,"name":"Shop","item":"https:\/\/bradulmosului.ro\/shop\/"},{"@type":"ListItem","position":3,"name":"Molid Pyrenees 180 cm"}]},{"@type":"WebSite","@id":"https:\/\/mojstromcek.sk\/#website","url":"https:\/\/mojstromcek.sk\/","name":"BRADULMOSULUI.RO","description":"Pomi artificiali de Cr\u0103ciun","potentialAction":[{"@type":"SearchAction","target":{"@type":"EntryPoint","urlTemplate":"https:\/\/mojstromcek.sk\/?s={search_term_string}"},"query-input":"required name=search_term_string"}],"inLanguage":"ro-RO"}]}},"_links":{"self":[{"href":"https:\/\/old2024.mujstromecek.cz\/ro\/wp-json\/wp\/v2\/product\/380302","targetHints":{"allow":["GET"]}}],"collection":[{"href":"https:\/\/old2024.mujstromecek.cz\/ro\/wp-json\/wp\/v2\/product"}],"about":[{"href":"https:\/\/old2024.mujstromecek.cz\/ro\/wp-json\/wp\/v2\/types\/product"}],"wp:featuredmedia":[{"embeddable":true,"href":"https:\/\/old2024.mujstromecek.cz\/ro\/wp-json\/wp\/v2\/media\/508230"}],"wp:attachment":[{"href":"https:\/\/old2024.mujstromecek.cz\/ro\/wp-json\/wp\/v2\/media?parent=380302"}],"wp:term":[{"taxonomy":"product_cat","embeddable":true,"href":"https:\/\/old2024.mujstromecek.cz\/ro\/wp-json\/wp\/v2\/product_cat?post=380302"},{"taxonomy":"product_tag","embeddable":true,"href":"https:\/\/old2024.mujstromecek.cz\/ro\/wp-json\/wp\/v2\/product_tag?post=380302"}],"curies":[{"name":"wp","href":"https:\/\/api.w.org\/{rel}","templated":true}]}}