{"id":9982,"date":"2020-08-30T17:56:22","date_gmt":"2020-08-30T17:56:22","guid":{"rendered":"https:\/\/mujstromecek.cz\/returnare-produse\/"},"modified":"2022-10-28T15:30:09","modified_gmt":"2022-10-28T15:30:09","slug":"returnare-produse","status":"publish","type":"page","link":"https:\/\/old2024.mujstromecek.cz\/ro\/returnare-produse\/","title":{"rendered":"Returnare produse"},"content":{"rendered":"\n<h3 class=\"wp-block-heading\">Ne pare foarte r\u0103u c\u0103 pomul nostru de iarn\u0103  nu v-a adus satisfac\u021bie \u0219i dori\u021bi s\u0103-l returna\u021bi.<\/h3>\n\n<p class=\"has-medium-font-size\"><p><strong>Dac\u0103 putem face orice pentru dumneavoastr\u0103,\u00a0v\u0103 rug\u0103m s\u0103 ne contacta\u021bi, vom \u00eencerca din toate puterile s\u0103 asigur\u0103m satisfac\u021bia dumneavoastr\u0103.<\/strong><\/p><\/p>\n\n<p><p class=\"p1\"><em>Ne pare foarte r\u0103u c\u0103 pomul nostru de iarn\u0103 \u00a0nu v-a adus satisfac\u021bie \u0219i dori\u021bi s\u0103-l returna\u021bi. Dac\u0103 putem face orice pentru dumneavoastr\u0103,\u00a0<span class=\"s1\">v\u0103 rug\u0103m s\u0103 ne contacta\u021bi<\/span>, vom \u00eencerca din toate puterile s\u0103 asigur\u0103m satisfac\u021bia dumneavoastr\u0103.<\/em><\/p><\/p>\n\n<p>\u00cen cazul \u00een care contractul de v\u00e2nzare-cump\u0103rare a fost \u00eencheiat cu ajutorul dispozitivelor la distan\u021b\u0103, \u00een calitate de consumator cump\u0103r\u0103tor, conform prevederilor art. 1829 alin. 1 Cod civil, ave\u021bi dreptul s\u0103 denun\u021ba\u021bi contractul \u00een termen de 14 zile de la preluarea produsului. Denun\u021barea contractului trebuie s\u0103 fie remis\u0103 cel t\u00e2rziu \u00een ultima zi a termenului de 14 zile.&#13;\n<\/p>\n\n<h4 class=\"wp-block-heading\">Dup\u0103 completarea formularului de mai jos, trimite\u021bi produsul pe adresa:<\/h4>\n\n<p>All4Customer, s.r.o.<br\/>Pohrani\u010dn\u00ed 25<br\/>703 00 Ostrava<\/p>\n\n<p>Produsul trebuie trimis nedeteriorat \u00een ambalaj original.<\/p>\n\n<p>Dup\u0103 verificarea produsului vi se va restitui \u00eentreaga sum\u0103 inclusiv taxa po\u0219tal\u0103 (doar \u00een cazul \u00een care se returneaz\u0103 toate articolele). Pre\u021bul taxelor po\u0219tale pentru trimiterea \u00eenapoi de la dumneavoastr\u0103 la depozitul nostru este \u00een regia dumneavoastr\u0103 (nu se pl\u0103te\u0219te). De asemenea, recomand\u0103m s\u0103 trimite\u021bi produsul recomandat \u0219i s\u0103-l asigura\u021bi la valoarea produsului.\u00a0\u00cen urma verific\u0103rii produsului neutilizat se va efectua plata prin transfer \u00een contul bancar pe care l-a\u021bi specificat \u00een formular.&#13;\n<\/p>\n\n<h4 class=\"wp-block-heading\">Consumatorul cump\u0103r\u0103tor:<\/h4>\n\n<p>Consumatorul cump\u0103r\u0103tor denumit \u0219i consumator este persoana care, \u00een momentul \u00eencheierii contractului \u0219i derul\u0103rii contractului, nu negociaz\u0103 \u00een cadrul activit\u0103\u021bii sale comerciale sau de afaceri alt\u0103 natur\u0103.&#13;\n<\/p>\n\n\t\t<div data-elementor-type=\"section\" data-elementor-id=\"16588\" class=\"elementor elementor-16588 elementor-16581\" data-elementor-post-type=\"elementor_library\">\n\t\t\t\t\t<div class=\"elementor-section-wrap\">\n\t\t\t\t\t\t\t\t<section class=\"elementor-section elementor-top-section elementor-element elementor-element-111c831d elementor-section-boxed elementor-section-height-default elementor-section-height-default\" data-id=\"111c831d\" data-element_type=\"section\">\n\t\t\t\t\t\t<div class=\"elementor-container elementor-column-gap-default\">\n\t\t\t\t\t\t\t<div class=\"elementor-row\">\n\t\t\t\t\t<div class=\"elementor-column elementor-col-100 elementor-top-column elementor-element elementor-element-2694d2b\" data-id=\"2694d2b\" data-element_type=\"column\">\n\t\t\t<div class=\"elementor-column-wrap elementor-element-populated\">\n\t\t\t\t\t\t\t<div class=\"elementor-widget-wrap\">\n\t\t\t\t\t\t<div class=\"elementor-element elementor-element-1644dda elementor-button-align-stretch elementor-widget elementor-widget-form\" data-id=\"1644dda\" data-element_type=\"widget\" data-settings=\"{&quot;step_next_label&quot;:&quot;Dal\\u0161\\u00ed&quot;,&quot;step_previous_label&quot;:&quot;Zp\\u011bt&quot;,&quot;step_type&quot;:&quot;text&quot;,&quot;button_width&quot;:&quot;100&quot;}\" data-widget_type=\"form.default\">\n\t\t\t\t<div class=\"elementor-widget-container\">\n\t\t\t\t\t<form class=\"elementor-form\" method=\"post\" name=\"Returnare produse ro\">\n\t\t\t<input type=\"hidden\" name=\"post_id\" value=\"16588\"\/>\n\t\t\t<input type=\"hidden\" name=\"form_id\" value=\"1644dda\"\/>\n\t\t\t<input type=\"hidden\" name=\"referer_title\" value=\"BRADULMOSULUI.RO\" \/>\n\n\t\t\t\n\t\t\t<div class=\"elementor-form-fields-wrapper elementor-labels-above\">\n\t\t\t\t\t\t\t\t<div class=\"elementor-field-type-html elementor-field-group elementor-column elementor-field-group-field_12262f6 elementor-col-100\">\n\t\t\t\t\t<p><span style=\"font-size: 24px\"><strong>1. Informa\u021bii despre produs<\/strong><\/span><\/p>\n\t\t\t\t<\/div>\n\t\t\t\t\t\t\t\t<div class=\"elementor-field-type-text elementor-field-group elementor-column elementor-field-group-c_objednavky elementor-col-50 elementor-field-required elementor-mark-required\">\n\t\t\t\t\t\t\t\t\t\t\t\t<label for=\"form-field-c_objednavky\" class=\"elementor-field-label\">\n\t\t\t\t\t\t\t\tNum\u0103r comand\u0103 sau factur\u0103\t\t\t\t\t\t\t<\/label>\n\t\t\t\t\t\t\t\t\t\t\t\t\t\t<input size=\"1\" type=\"text\" name=\"form_fields[c_objednavky]\" id=\"form-field-c_objednavky\" class=\"elementor-field elementor-size-md  elementor-field-textual\" required=\"required\" aria-required=\"true\">\n\t\t\t\t\t\t\t\t\t\t\t<\/div>\n\t\t\t\t\t\t\t\t<div class=\"elementor-field-type-text elementor-field-group elementor-column elementor-field-group-nazev_produktu elementor-col-50 elementor-field-required elementor-mark-required\">\n\t\t\t\t\t\t\t\t\t\t\t\t<label for=\"form-field-nazev_produktu\" class=\"elementor-field-label\">\n\t\t\t\t\t\t\t\tDenumire produs\t\t\t\t\t\t\t<\/label>\n\t\t\t\t\t\t\t\t\t\t\t\t\t\t<input size=\"1\" type=\"text\" name=\"form_fields[nazev_produktu]\" id=\"form-field-nazev_produktu\" class=\"elementor-field elementor-size-md  elementor-field-textual\" required=\"required\" aria-required=\"true\">\n\t\t\t\t\t\t\t\t\t\t\t<\/div>\n\t\t\t\t\t\t\t\t<div class=\"elementor-field-type-text elementor-field-group elementor-column elementor-field-group-field_15782a9 elementor-col-100 elementor-field-required elementor-mark-required\">\n\t\t\t\t\t\t\t\t\t\t\t\t<label for=\"form-field-field_15782a9\" class=\"elementor-field-label\">\n\t\t\t\t\t\t\t\tNum\u0103r cont bancar \u00een cazul notei de credit (format IBAN)\t\t\t\t\t\t\t<\/label>\n\t\t\t\t\t\t\t\t\t\t\t\t\t\t<input size=\"1\" type=\"text\" name=\"form_fields[field_15782a9]\" id=\"form-field-field_15782a9\" class=\"elementor-field elementor-size-md  elementor-field-textual\" required=\"required\" aria-required=\"true\">\n\t\t\t\t\t\t\t\t\t\t\t<\/div>\n\t\t\t\t\t\t\t\t<div class=\"elementor-field-type-upload elementor-field-group elementor-column elementor-field-group-field_8883b1e elementor-col-33\">\n\t\t\t\t\t\t\t\t\t\t\t\t<label for=\"form-field-field_8883b1e\" class=\"elementor-field-label\">\n\t\t\t\t\t\t\t\tImage 1\t\t\t\t\t\t\t<\/label>\n\t\t\t\t\t\t\t\t<input type=\"file\" name=\"form_fields[field_8883b1e]\" id=\"form-field-field_8883b1e\" class=\"elementor-field elementor-size-md  elementor-upload-field\" data-maxsize=\"2\" data-maxsize-message=\"Fi\u0219ierul dep\u0103\u0219e\u0219te dimensiunea maxim\u0103 permis\u0103.\">\n\n\t\t\t\t\t\t<\/div>\n\t\t\t\t\t\t\t\t<div class=\"elementor-field-type-upload elementor-field-group elementor-column elementor-field-group-field_f35fdc5 elementor-col-33\">\n\t\t\t\t\t\t\t\t\t\t\t\t<label for=\"form-field-field_f35fdc5\" class=\"elementor-field-label\">\n\t\t\t\t\t\t\t\tImage 2\t\t\t\t\t\t\t<\/label>\n\t\t\t\t\t\t\t\t<input type=\"file\" name=\"form_fields[field_f35fdc5]\" id=\"form-field-field_f35fdc5\" class=\"elementor-field elementor-size-md  elementor-upload-field\" data-maxsize=\"2\" data-maxsize-message=\"Fi\u0219ierul dep\u0103\u0219e\u0219te dimensiunea maxim\u0103 permis\u0103.\">\n\n\t\t\t\t\t\t<\/div>\n\t\t\t\t\t\t\t\t<div class=\"elementor-field-type-upload elementor-field-group elementor-column elementor-field-group-field_f1875f1 elementor-col-33\">\n\t\t\t\t\t\t\t\t\t\t\t\t<label for=\"form-field-field_f1875f1\" class=\"elementor-field-label\">\n\t\t\t\t\t\t\t\tImage 3\t\t\t\t\t\t\t<\/label>\n\t\t\t\t\t\t\t\t<input type=\"file\" name=\"form_fields[field_f1875f1]\" id=\"form-field-field_f1875f1\" class=\"elementor-field elementor-size-md  elementor-upload-field\" data-maxsize=\"2\" data-maxsize-message=\"Fi\u0219ierul dep\u0103\u0219e\u0219te dimensiunea maxim\u0103 permis\u0103.\">\n\n\t\t\t\t\t\t<\/div>\n\t\t\t\t\t\t\t\t<div class=\"elementor-field-type-html elementor-field-group elementor-column elementor-field-group-field_9166ca4 elementor-col-100\">\n\t\t\t\t\t<p><span style=\"font-size: 24px\"><strong>2. Informa\u021bii despre client<\/strong><\/span><\/p>\n\t\t\t\t<\/div>\n\t\t\t\t\t\t\t\t<div class=\"elementor-field-type-text elementor-field-group elementor-column elementor-field-group-jmeno elementor-col-50 elementor-field-required elementor-mark-required\">\n\t\t\t\t\t\t\t\t\t\t\t\t<label for=\"form-field-jmeno\" class=\"elementor-field-label\">\n\t\t\t\t\t\t\t\tPrenumele \u0219i numele dumneavoastr\u0103\t\t\t\t\t\t\t<\/label>\n\t\t\t\t\t\t\t\t\t\t\t\t\t\t<input size=\"1\" type=\"text\" name=\"form_fields[jmeno]\" id=\"form-field-jmeno\" class=\"elementor-field elementor-size-md  elementor-field-textual\" required=\"required\" aria-required=\"true\">\n\t\t\t\t\t\t\t\t\t\t\t<\/div>\n\t\t\t\t\t\t\t\t<div class=\"elementor-field-type-text elementor-field-group elementor-column elementor-field-group-spolecnost elementor-col-50\">\n\t\t\t\t\t\t\t\t\t\t\t\t<label for=\"form-field-spolecnost\" class=\"elementor-field-label\">\n\t\t\t\t\t\t\t\tCompania\t\t\t\t\t\t\t<\/label>\n\t\t\t\t\t\t\t\t\t\t\t\t\t\t<input size=\"1\" type=\"text\" name=\"form_fields[spolecnost]\" id=\"form-field-spolecnost\" class=\"elementor-field elementor-size-md  elementor-field-textual\">\n\t\t\t\t\t\t\t\t\t\t\t<\/div>\n\t\t\t\t\t\t\t\t<div class=\"elementor-field-type-text elementor-field-group elementor-column elementor-field-group-adresa elementor-col-33 elementor-field-required elementor-mark-required\">\n\t\t\t\t\t\t\t\t\t\t\t\t<label for=\"form-field-adresa\" class=\"elementor-field-label\">\n\t\t\t\t\t\t\t\tStrada \u0219i num\u0103r de cas\u0103\t\t\t\t\t\t\t<\/label>\n\t\t\t\t\t\t\t\t\t\t\t\t\t\t<input size=\"1\" type=\"text\" name=\"form_fields[adresa]\" id=\"form-field-adresa\" class=\"elementor-field elementor-size-md  elementor-field-textual\" required=\"required\" aria-required=\"true\">\n\t\t\t\t\t\t\t\t\t\t\t<\/div>\n\t\t\t\t\t\t\t\t<div class=\"elementor-field-type-text elementor-field-group elementor-column elementor-field-group-mesto elementor-col-33 elementor-field-required elementor-mark-required\">\n\t\t\t\t\t\t\t\t\t\t\t\t<label for=\"form-field-mesto\" class=\"elementor-field-label\">\n\t\t\t\t\t\t\t\tOra\u0219ul\t\t\t\t\t\t\t<\/label>\n\t\t\t\t\t\t\t\t\t\t\t\t\t\t<input size=\"1\" type=\"text\" name=\"form_fields[mesto]\" id=\"form-field-mesto\" class=\"elementor-field elementor-size-md  elementor-field-textual\" required=\"required\" aria-required=\"true\">\n\t\t\t\t\t\t\t\t\t\t\t<\/div>\n\t\t\t\t\t\t\t\t<div class=\"elementor-field-type-text elementor-field-group elementor-column elementor-field-group-psc elementor-col-33 elementor-field-required elementor-mark-required\">\n\t\t\t\t\t\t\t\t\t\t\t\t<label for=\"form-field-psc\" class=\"elementor-field-label\">\n\t\t\t\t\t\t\t\tCP\t\t\t\t\t\t\t<\/label>\n\t\t\t\t\t\t\t\t\t\t\t\t\t\t<input size=\"1\" type=\"text\" name=\"form_fields[psc]\" id=\"form-field-psc\" class=\"elementor-field elementor-size-md  elementor-field-textual\" required=\"required\" aria-required=\"true\">\n\t\t\t\t\t\t\t\t\t\t\t<\/div>\n\t\t\t\t\t\t\t\t<div class=\"elementor-field-type-text elementor-field-group elementor-column elementor-field-group-telefon elementor-col-50 elementor-field-required elementor-mark-required\">\n\t\t\t\t\t\t\t\t\t\t\t\t<label for=\"form-field-telefon\" class=\"elementor-field-label\">\n\t\t\t\t\t\t\t\tTelefon\t\t\t\t\t\t\t<\/label>\n\t\t\t\t\t\t\t\t\t\t\t\t\t\t<input size=\"1\" type=\"text\" name=\"form_fields[telefon]\" id=\"form-field-telefon\" class=\"elementor-field elementor-size-md  elementor-field-textual\" required=\"required\" aria-required=\"true\">\n\t\t\t\t\t\t\t\t\t\t\t<\/div>\n\t\t\t\t\t\t\t\t<div class=\"elementor-field-type-email elementor-field-group elementor-column elementor-field-group-e_mail elementor-col-50 elementor-field-required elementor-mark-required\">\n\t\t\t\t\t\t\t\t\t\t\t\t<label for=\"form-field-e_mail\" class=\"elementor-field-label\">\n\t\t\t\t\t\t\t\tE-mailul dumneavoastr\u0103\t\t\t\t\t\t\t<\/label>\n\t\t\t\t\t\t\t\t\t\t\t\t\t\t<input size=\"1\" type=\"email\" name=\"form_fields[e_mail]\" id=\"form-field-e_mail\" class=\"elementor-field elementor-size-md  elementor-field-textual\" required=\"required\" aria-required=\"true\">\n\t\t\t\t\t\t\t\t\t\t\t<\/div>\n\t\t\t\t\t\t\t\t<div class=\"elementor-field-type-textarea elementor-field-group elementor-column elementor-field-group-poznamka elementor-col-100\">\n\t\t\t\t\t\t\t\t\t\t\t\t<label for=\"form-field-poznamka\" class=\"elementor-field-label\">\n\t\t\t\t\t\t\t\tObserva\u021bie\t\t\t\t\t\t\t<\/label>\n\t\t\t\t\t\t<textarea class=\"elementor-field-textual elementor-field  elementor-size-md\" name=\"form_fields[poznamka]\" id=\"form-field-poznamka\" rows=\"4\"><\/textarea>\t\t\t\t<\/div>\n\t\t\t\t\t\t\t\t<div class=\"elementor-field-type-text\">\n\t\t\t\t\t<input size=\"1\" type=\"text\" name=\"form_fields[field_27ab9cb]\" id=\"form-field-field_27ab9cb\" class=\"elementor-field elementor-size-md \" style=\"display:none !important;\">\t\t\t\t<\/div>\n\t\t\t\t\t\t\t\t<div class=\"elementor-field-group elementor-column elementor-field-type-submit elementor-col-100 e-form__buttons\">\n\t\t\t\t\t<button type=\"submit\" class=\"elementor-button elementor-size-md\">\n\t\t\t\t\t\t<span >\n\t\t\t\t\t\t\t\t\t\t\t\t\t\t\t<span class=\" elementor-button-icon\">\n\t\t\t\t\t\t\t\t\t\t\t\t\t\t\t\t\t\t\t\t\t\t\t\t\t\t<\/span>\n\t\t\t\t\t\t\t\t\t\t\t\t\t\t\t\t\t\t\t\t\t\t<span class=\"elementor-button-text\">Trimite\u021bi formularul<\/span>\n\t\t\t\t\t\t\t\t\t\t\t\t\t<\/span>\n\t\t\t\t\t<\/button>\n\t\t\t\t<\/div>\n\t\t\t<\/div>\n\t\t<\/form>\n\t\t\t\t<\/div>\n\t\t\t\t<\/div>\n\t\t\t\t\t\t<\/div>\n\t\t\t\t\t<\/div>\n\t\t<\/div>\n\t\t\t\t\t\t\t\t<\/div>\n\t\t\t\t\t<\/div>\n\t\t<\/section>\n\t\t\t\t\t\t\t<\/div>\n\t\t\t\t<\/div>\n\t\t\n","protected":false},"excerpt":{"rendered":"<p>Ne pare foarte r\u0103u c\u0103 pomul nostru de iarn\u0103 nu v-a adus satisfac\u021bie \u0219i dori\u021bi s\u0103-l returna\u021bi. Dac\u0103 putem face orice pentru dumneavoastr\u0103,\u00a0v\u0103 rug\u0103m s\u0103 ne contacta\u021bi, vom \u00eencerca din toate puterile s\u0103 asigur\u0103m satisfac\u021bia dumneavoastr\u0103. Ne pare foarte r\u0103u c\u0103 pomul nostru de iarn\u0103 \u00a0nu v-a adus satisfac\u021bie \u0219i dori\u021bi s\u0103-l returna\u021bi. Dac\u0103 putem [&hellip;]<\/p>\n","protected":false},"author":3,"featured_media":0,"parent":0,"menu_order":0,"comment_status":"closed","ping_status":"closed","template":"","meta":{"footnotes":""},"class_list":["post-9982","page","type-page","status-publish","hentry"],"featured_image_urls":{"full":"","thumbnail":"","medium":"","medium_large":"","large":"","1536x1536":"","2048x2048":"","woocommerce_thumbnail":"","woocommerce_single":"","woocommerce_gallery_thumbnail":""},"post_excerpt_stackable":"<p>Ne pare foarte r\u0103u c\u0103 pomul nostru de iarn\u0103 nu v-a adus satisfac\u021bie \u0219i dori\u021bi s\u0103-l returna\u021bi. Dac\u0103 putem face orice pentru dumneavoastr\u0103,\u00a0v\u0103 rug\u0103m s\u0103 ne contacta\u021bi, vom \u00eencerca din toate puterile s\u0103 asigur\u0103m satisfac\u021bia dumneavoastr\u0103. Ne pare foarte r\u0103u c\u0103 pomul nostru de iarn\u0103 \u00a0nu v-a adus satisfac\u021bie \u0219i dori\u021bi s\u0103-l returna\u021bi. Dac\u0103 putem face orice pentru dumneavoastr\u0103,\u00a0v\u0103 rug\u0103m s\u0103 ne contacta\u021bi, vom \u00eencerca din toate puterile s\u0103 asigur\u0103m satisfac\u021bia dumneavoastr\u0103. \u00cen cazul \u00een care contractul de v\u00e2nzare-cump\u0103rare a fost \u00eencheiat cu ajutorul dispozitivelor la distan\u021b\u0103, \u00een calitate de consumator cump\u0103r\u0103tor, conform prevederilor art. 1829 alin. 1 Cod civil,&hellip;<\/p>\n","category_list":"","author_info":{"name":"Tomas Turon","url":"https:\/\/old2024.mujstromecek.cz\/ro\/author\/tomas\/"},"comments_num":"0 comments","featured_image_urls_v2":{"full":"","thumbnail":"","medium":"","medium_large":"","large":"","1536x1536":"","2048x2048":"","woocommerce_thumbnail":"","woocommerce_single":"","woocommerce_gallery_thumbnail":""},"post_excerpt_stackable_v2":"<p>Ne pare foarte r\u0103u c\u0103 pomul nostru de iarn\u0103 nu v-a adus satisfac\u021bie \u0219i dori\u021bi s\u0103-l returna\u021bi. Dac\u0103 putem face orice pentru dumneavoastr\u0103,\u00a0v\u0103 rug\u0103m s\u0103 ne contacta\u021bi, vom \u00eencerca din toate puterile s\u0103 asigur\u0103m satisfac\u021bia dumneavoastr\u0103. Ne pare foarte r\u0103u c\u0103 pomul nostru de iarn\u0103 \u00a0nu v-a adus satisfac\u021bie \u0219i dori\u021bi s\u0103-l returna\u021bi. Dac\u0103 putem face orice pentru dumneavoastr\u0103,\u00a0v\u0103 rug\u0103m s\u0103 ne contacta\u021bi, vom \u00eencerca din toate puterile s\u0103 asigur\u0103m satisfac\u021bia dumneavoastr\u0103. \u00cen cazul \u00een care contractul de v\u00e2nzare-cump\u0103rare a fost \u00eencheiat cu ajutorul dispozitivelor la distan\u021b\u0103, \u00een calitate de consumator cump\u0103r\u0103tor, conform prevederilor art. 1829 alin. 1 Cod civil,&hellip;<\/p>\n","category_list_v2":"","author_info_v2":{"name":"Tomas Turon","url":"https:\/\/old2024.mujstromecek.cz\/ro\/author\/tomas\/"},"comments_num_v2":"0 comments","yoast_head":"<!-- This site is optimized with the Yoast SEO plugin v21.1 - https:\/\/yoast.com\/wordpress\/plugins\/seo\/ -->\n<title>Returnare produse - BRADULMOSULUI.RO<\/title>\n<meta name=\"robots\" content=\"noindex, follow, max-snippet:-1, max-image-preview:large, max-video-preview:-1\" \/>\n<meta property=\"og:locale\" content=\"ro_RO\" \/>\n<meta property=\"og:type\" content=\"article\" \/>\n<meta property=\"og:title\" content=\"Returnare produse - BRADULMOSULUI.RO\" \/>\n<meta property=\"og:description\" content=\"Ne pare foarte r\u0103u c\u0103 pomul nostru de iarn\u0103 nu v-a adus satisfac\u021bie \u0219i dori\u021bi s\u0103-l returna\u021bi. Dac\u0103 putem face orice pentru dumneavoastr\u0103,\u00a0v\u0103 rug\u0103m s\u0103 ne contacta\u021bi, vom \u00eencerca din toate puterile s\u0103 asigur\u0103m satisfac\u021bia dumneavoastr\u0103. Ne pare foarte r\u0103u c\u0103 pomul nostru de iarn\u0103 \u00a0nu v-a adus satisfac\u021bie \u0219i dori\u021bi s\u0103-l returna\u021bi. Dac\u0103 putem [&hellip;]\" \/>\n<meta property=\"og:url\" content=\"https:\/\/old2024.mujstromecek.cz\/ro\/returnare-produse\/\" \/>\n<meta property=\"og:site_name\" content=\"BRADULMOSULUI.RO\" \/>\n<meta property=\"article:modified_time\" content=\"2022-10-28T15:30:09+00:00\" \/>\n<meta name=\"twitter:card\" content=\"summary_large_image\" \/>\n<meta name=\"twitter:label1\" content=\"Timp estimat pentru citire\" \/>\n\t<meta name=\"twitter:data1\" content=\"2 minute\" \/>\n<script type=\"application\/ld+json\" class=\"yoast-schema-graph\">{\"@context\":\"https:\/\/schema.org\",\"@graph\":[{\"@type\":\"WebPage\",\"@id\":\"https:\/\/old2024.mujstromecek.cz\/ro\/returnare-produse\/\",\"url\":\"https:\/\/old2024.mujstromecek.cz\/ro\/returnare-produse\/\",\"name\":\"Returnare produse - BRADULMOSULUI.RO\",\"isPartOf\":{\"@id\":\"https:\/\/mojstromcek.sk\/#website\"},\"datePublished\":\"2020-08-30T17:56:22+00:00\",\"dateModified\":\"2022-10-28T15:30:09+00:00\",\"breadcrumb\":{\"@id\":\"https:\/\/old2024.mujstromecek.cz\/ro\/returnare-produse\/#breadcrumb\"},\"inLanguage\":\"ro-RO\",\"potentialAction\":[{\"@type\":\"ReadAction\",\"target\":[\"https:\/\/old2024.mujstromecek.cz\/ro\/returnare-produse\/\"]}]},{\"@type\":\"BreadcrumbList\",\"@id\":\"https:\/\/old2024.mujstromecek.cz\/ro\/returnare-produse\/#breadcrumb\",\"itemListElement\":[{\"@type\":\"ListItem\",\"position\":1,\"name\":\"Dom\u016f\",\"item\":\"https:\/\/old2024.mujstromecek.cz\/ro\/\"},{\"@type\":\"ListItem\",\"position\":2,\"name\":\"Returnare produse\"}]},{\"@type\":\"WebSite\",\"@id\":\"https:\/\/mojstromcek.sk\/#website\",\"url\":\"https:\/\/mojstromcek.sk\/\",\"name\":\"BRADULMOSULUI.RO\",\"description\":\"Pomi artificiali de Cr\u0103ciun\",\"potentialAction\":[{\"@type\":\"SearchAction\",\"target\":{\"@type\":\"EntryPoint\",\"urlTemplate\":\"https:\/\/mojstromcek.sk\/?s={search_term_string}\"},\"query-input\":\"required name=search_term_string\"}],\"inLanguage\":\"ro-RO\"}]}<\/script>\n<!-- \/ Yoast SEO plugin. -->","yoast_head_json":{"title":"Returnare produse - BRADULMOSULUI.RO","robots":{"index":"noindex","follow":"follow","max-snippet":"max-snippet:-1","max-image-preview":"max-image-preview:large","max-video-preview":"max-video-preview:-1"},"og_locale":"ro_RO","og_type":"article","og_title":"Returnare produse - BRADULMOSULUI.RO","og_description":"Ne pare foarte r\u0103u c\u0103 pomul nostru de iarn\u0103 nu v-a adus satisfac\u021bie \u0219i dori\u021bi s\u0103-l returna\u021bi. Dac\u0103 putem face orice pentru dumneavoastr\u0103,\u00a0v\u0103 rug\u0103m s\u0103 ne contacta\u021bi, vom \u00eencerca din toate puterile s\u0103 asigur\u0103m satisfac\u021bia dumneavoastr\u0103. Ne pare foarte r\u0103u c\u0103 pomul nostru de iarn\u0103 \u00a0nu v-a adus satisfac\u021bie \u0219i dori\u021bi s\u0103-l returna\u021bi. Dac\u0103 putem [&hellip;]","og_url":"https:\/\/old2024.mujstromecek.cz\/ro\/returnare-produse\/","og_site_name":"BRADULMOSULUI.RO","article_modified_time":"2022-10-28T15:30:09+00:00","twitter_card":"summary_large_image","twitter_misc":{"Timp estimat pentru citire":"2 minute"},"schema":{"@context":"https:\/\/schema.org","@graph":[{"@type":"WebPage","@id":"https:\/\/old2024.mujstromecek.cz\/ro\/returnare-produse\/","url":"https:\/\/old2024.mujstromecek.cz\/ro\/returnare-produse\/","name":"Returnare produse - BRADULMOSULUI.RO","isPartOf":{"@id":"https:\/\/mojstromcek.sk\/#website"},"datePublished":"2020-08-30T17:56:22+00:00","dateModified":"2022-10-28T15:30:09+00:00","breadcrumb":{"@id":"https:\/\/old2024.mujstromecek.cz\/ro\/returnare-produse\/#breadcrumb"},"inLanguage":"ro-RO","potentialAction":[{"@type":"ReadAction","target":["https:\/\/old2024.mujstromecek.cz\/ro\/returnare-produse\/"]}]},{"@type":"BreadcrumbList","@id":"https:\/\/old2024.mujstromecek.cz\/ro\/returnare-produse\/#breadcrumb","itemListElement":[{"@type":"ListItem","position":1,"name":"Dom\u016f","item":"https:\/\/old2024.mujstromecek.cz\/ro\/"},{"@type":"ListItem","position":2,"name":"Returnare produse"}]},{"@type":"WebSite","@id":"https:\/\/mojstromcek.sk\/#website","url":"https:\/\/mojstromcek.sk\/","name":"BRADULMOSULUI.RO","description":"Pomi artificiali de Cr\u0103ciun","potentialAction":[{"@type":"SearchAction","target":{"@type":"EntryPoint","urlTemplate":"https:\/\/mojstromcek.sk\/?s={search_term_string}"},"query-input":"required name=search_term_string"}],"inLanguage":"ro-RO"}]}},"_links":{"self":[{"href":"https:\/\/old2024.mujstromecek.cz\/ro\/wp-json\/wp\/v2\/pages\/9982","targetHints":{"allow":["GET"]}}],"collection":[{"href":"https:\/\/old2024.mujstromecek.cz\/ro\/wp-json\/wp\/v2\/pages"}],"about":[{"href":"https:\/\/old2024.mujstromecek.cz\/ro\/wp-json\/wp\/v2\/types\/page"}],"author":[{"embeddable":true,"href":"https:\/\/old2024.mujstromecek.cz\/ro\/wp-json\/wp\/v2\/users\/3"}],"replies":[{"embeddable":true,"href":"https:\/\/old2024.mujstromecek.cz\/ro\/wp-json\/wp\/v2\/comments?post=9982"}],"version-history":[{"count":1,"href":"https:\/\/old2024.mujstromecek.cz\/ro\/wp-json\/wp\/v2\/pages\/9982\/revisions"}],"predecessor-version":[{"id":206214,"href":"https:\/\/old2024.mujstromecek.cz\/ro\/wp-json\/wp\/v2\/pages\/9982\/revisions\/206214"}],"wp:attachment":[{"href":"https:\/\/old2024.mujstromecek.cz\/ro\/wp-json\/wp\/v2\/media?parent=9982"}],"curies":[{"name":"wp","href":"https:\/\/api.w.org\/{rel}","templated":true}]}}