{"id":9979,"date":"2020-08-30T16:57:01","date_gmt":"2020-08-30T16:57:01","guid":{"rendered":"https:\/\/mujstromecek.cz\/reclamatii\/"},"modified":"2022-10-28T15:29:46","modified_gmt":"2022-10-28T15:29:46","slug":"reclamatii","status":"publish","type":"page","link":"https:\/\/old2024.mujstromecek.cz\/ro\/reclamatii\/","title":{"rendered":"Reclama\u021bii"},"content":{"rendered":"\n<h2 class=\"wp-block-heading\">Procedura pentru reclama\u021bia produsului<\/h2>\n\n<p>\u00cen cazul \u00een care produsul nu este conform cu specifica\u021bia, eventual a ap\u0103rut un defect de fabrica\u021bie la produs \u00een termenul legal, v\u0103 rug\u0103m s\u0103 proceda\u021bi potrivit instruc\u021biunilor de mai jos:<\/p>\n\n<ol class=\"wp-block-list\" type=\"1\"><li>Completa\u021bi online procesul-verbal de reclama\u021bie pe care \u00eel g\u0103si\u021bi mai jos. \u00cen formular trebuie s\u0103 fie completate toate pozi\u021biile marcate cu asterisc. Mai ales trebuie s\u0103 descrie\u021bi clar defectul.<\/li><li><p>\u00cempacheta\u021bi produsul cu aten\u021bie \u00een ambalajul de transport \u0219i expedia\u021bi-l recomandat pe adresa:<br\/>All4Customer, s.r.o.<br\/>Pohrani\u010dn\u00ed 25, 703 00 Ostrava<\/p><\/li><li>\u00cendat\u0103 ce prelu\u0103m produsul \u00een depozit, vom efectua verificarea justific\u0103rii reclama\u021biei dumneavoastr\u0103.<\/li><li>Dumneavoastr\u0103 ve\u021bi fi informa\u021bi prin e-mail despre solu\u021bionarea reclama\u021biei. Produsul reparat sau \u00eenlocuit va fi expediat pe adresa dumneavoastr\u0103. \u00cen cazul \u00een care produsul nu poate fi reparat \u0219i nu se mai vinde, banii vor fi restitui\u021bi \u00een cuantumul integral al produsului reclamat. \u00cen cazul \u00een care a\u021bi cump\u0103rat doar acest produs (pe factur\u0103 nu se afl\u0103 alte articole), vi se vor restitui \u0219i cheltuielile dumneavoastr\u0103 cu prima trimitere a produsului.<\/li><li>\u00cen cazul \u00een care vi se vor restitui mijloacele financiare \u0219i sunte\u021bi pl\u0103titor de TVA, este necesar ca nota de credit semnat\u0103 \u2013 actul fiscal rectificat s\u0103 ne fie trimis \u00eenapoi. \u00cel pute\u021bi trimite scanat prin e-mail sau clasic prin po\u0219t\u0103. Dup\u0103 ce primim \u00eenapoi nota de credit semnat\u0103, se va efectua plata prin transfer bancar \u00een contul men\u021bionat \u00een formular.<\/li><\/ol>\n<p>V\u0103 mul\u021bumim pentru cooperare \u0219i respectarea prezentelor instruc\u021biuni. Doar a\u0219a putem restitui mijloacele financiare sau putem finaliza reclama\u021bia spre satisfac\u021bia dumneavoastr\u0103 \u0219i \u00eentr-un timp c\u00e2t mai scurt.<\/p>\n\n\t\t<div data-elementor-type=\"section\" data-elementor-id=\"16476\" class=\"elementor elementor-16476 elementor-16465\" data-elementor-post-type=\"elementor_library\">\n\t\t\t\t\t<div class=\"elementor-section-wrap\">\n\t\t\t\t\t\t\t\t<section class=\"elementor-section elementor-top-section elementor-element elementor-element-98ee861 elementor-section-boxed elementor-section-height-default elementor-section-height-default\" data-id=\"98ee861\" data-element_type=\"section\">\n\t\t\t\t\t\t<div class=\"elementor-container elementor-column-gap-default\">\n\t\t\t\t\t\t\t<div class=\"elementor-row\">\n\t\t\t\t\t<div class=\"elementor-column elementor-col-100 elementor-top-column elementor-element elementor-element-1b2afaa0\" data-id=\"1b2afaa0\" data-element_type=\"column\">\n\t\t\t<div class=\"elementor-column-wrap elementor-element-populated\">\n\t\t\t\t\t\t\t<div class=\"elementor-widget-wrap\">\n\t\t\t\t\t\t<div class=\"elementor-element elementor-element-d870a8b elementor-button-align-stretch elementor-widget elementor-widget-form\" data-id=\"d870a8b\" data-element_type=\"widget\" data-settings=\"{&quot;step_next_label&quot;:&quot;Dal\\u0161\\u00ed&quot;,&quot;step_previous_label&quot;:&quot;Zp\\u011bt&quot;,&quot;step_type&quot;:&quot;text&quot;,&quot;button_width&quot;:&quot;100&quot;}\" data-widget_type=\"form.default\">\n\t\t\t\t<div class=\"elementor-widget-container\">\n\t\t\t\t\t<form class=\"elementor-form\" method=\"post\" name=\"reklamace ro\">\n\t\t\t<input type=\"hidden\" name=\"post_id\" value=\"16476\"\/>\n\t\t\t<input type=\"hidden\" name=\"form_id\" value=\"d870a8b\"\/>\n\t\t\t<input type=\"hidden\" name=\"referer_title\" value=\"BRADULMOSULUI.RO\" \/>\n\n\t\t\t\n\t\t\t<div class=\"elementor-form-fields-wrapper elementor-labels-above\">\n\t\t\t\t\t\t\t\t<div class=\"elementor-field-type-html elementor-field-group elementor-column elementor-field-group-field_12262f6 elementor-col-100\">\n\t\t\t\t\t<p><span style=\"font-size: 24px\"><strong>1. Informa\u021bii despre produs<\/strong><\/span><\/p>\n\t\t\t\t<\/div>\n\t\t\t\t\t\t\t\t<div class=\"elementor-field-type-text elementor-field-group elementor-column elementor-field-group-c_objednavky elementor-col-50 elementor-field-required elementor-mark-required\">\n\t\t\t\t\t\t\t\t\t\t\t\t<label for=\"form-field-c_objednavky\" class=\"elementor-field-label\">\n\t\t\t\t\t\t\t\tNum\u0103r comand\u0103 sau factur\u0103\t\t\t\t\t\t\t<\/label>\n\t\t\t\t\t\t\t\t\t\t\t\t\t\t<input size=\"1\" type=\"text\" name=\"form_fields[c_objednavky]\" id=\"form-field-c_objednavky\" class=\"elementor-field elementor-size-md  elementor-field-textual\" required=\"required\" aria-required=\"true\">\n\t\t\t\t\t\t\t\t\t\t\t<\/div>\n\t\t\t\t\t\t\t\t<div class=\"elementor-field-type-text elementor-field-group elementor-column elementor-field-group-nazev_produktu elementor-col-50 elementor-field-required elementor-mark-required\">\n\t\t\t\t\t\t\t\t\t\t\t\t<label for=\"form-field-nazev_produktu\" class=\"elementor-field-label\">\n\t\t\t\t\t\t\t\tDenumire produs\t\t\t\t\t\t\t<\/label>\n\t\t\t\t\t\t\t\t\t\t\t\t\t\t<input size=\"1\" type=\"text\" name=\"form_fields[nazev_produktu]\" id=\"form-field-nazev_produktu\" class=\"elementor-field elementor-size-md  elementor-field-textual\" required=\"required\" aria-required=\"true\">\n\t\t\t\t\t\t\t\t\t\t\t<\/div>\n\t\t\t\t\t\t\t\t<div class=\"elementor-field-type-textarea elementor-field-group elementor-column elementor-field-group-popis_zavady elementor-col-100 elementor-field-required elementor-mark-required\">\n\t\t\t\t\t\t\t\t\t\t\t\t<label for=\"form-field-popis_zavady\" class=\"elementor-field-label\">\n\t\t\t\t\t\t\t\tDescriere defect\t\t\t\t\t\t\t<\/label>\n\t\t\t\t\t\t<textarea class=\"elementor-field-textual elementor-field  elementor-size-md\" name=\"form_fields[popis_zavady]\" id=\"form-field-popis_zavady\" rows=\"4\" required=\"required\" aria-required=\"true\"><\/textarea>\t\t\t\t<\/div>\n\t\t\t\t\t\t\t\t<div class=\"elementor-field-type-select elementor-field-group elementor-column elementor-field-group-field_ca04555 elementor-col-50 elementor-field-required elementor-mark-required\">\n\t\t\t\t\t\t\t\t\t\t\t\t<label for=\"form-field-field_ca04555\" class=\"elementor-field-label\">\n\t\t\t\t\t\t\t\tModalitate de solu\u021bionare preferat\u0103\t\t\t\t\t\t\t<\/label>\n\t\t\t\t\t\t\t\t<div class=\"elementor-field elementor-select-wrapper remove-before \">\n\t\t\t<div class=\"select-caret-down-wrapper\">\n\t\t\t\t<i aria-hidden=\"true\" class=\"eicon-caret-down\"><\/i>\t\t\t<\/div>\n\t\t\t<select name=\"form_fields[field_ca04555]\" id=\"form-field-field_ca04555\" class=\"elementor-field-textual elementor-size-md\" required=\"required\" aria-required=\"true\">\n\t\t\t\t\t\t\t\t\t<option value=\"Schimb\">Schimb<\/option>\n\t\t\t\t\t\t\t\t\t<option value=\"Repara\u021bie\">Repara\u021bie<\/option>\n\t\t\t\t\t\t\t\t\t<option value=\"Not\u0103 de credit\">Not\u0103 de credit<\/option>\n\t\t\t\t\t\t\t<\/select>\n\t\t<\/div>\n\t\t\t\t\t\t<\/div>\n\t\t\t\t\t\t\t\t<div class=\"elementor-field-type-text elementor-field-group elementor-column elementor-field-group-field_15782a9 elementor-col-50\">\n\t\t\t\t\t\t\t\t\t\t\t\t<label for=\"form-field-field_15782a9\" class=\"elementor-field-label\">\n\t\t\t\t\t\t\t\tNum\u0103r cont bancar \u00een cazul notei de credit (format IBAN)\t\t\t\t\t\t\t<\/label>\n\t\t\t\t\t\t\t\t\t\t\t\t\t\t<input size=\"1\" type=\"text\" name=\"form_fields[field_15782a9]\" id=\"form-field-field_15782a9\" class=\"elementor-field elementor-size-md  elementor-field-textual\">\n\t\t\t\t\t\t\t\t\t\t\t<\/div>\n\t\t\t\t\t\t\t\t<div class=\"elementor-field-type-upload elementor-field-group elementor-column elementor-field-group-field_8883b1e elementor-col-33\">\n\t\t\t\t\t\t\t\t\t\t\t\t<label for=\"form-field-field_8883b1e\" class=\"elementor-field-label\">\n\t\t\t\t\t\t\t\tImage 1\t\t\t\t\t\t\t<\/label>\n\t\t\t\t\t\t\t\t<input type=\"file\" name=\"form_fields[field_8883b1e]\" id=\"form-field-field_8883b1e\" class=\"elementor-field elementor-size-md  elementor-upload-field\" data-maxsize=\"2\" data-maxsize-message=\"Fi\u0219ierul dep\u0103\u0219e\u0219te dimensiunea maxim\u0103 permis\u0103.\">\n\n\t\t\t\t\t\t<\/div>\n\t\t\t\t\t\t\t\t<div class=\"elementor-field-type-upload elementor-field-group elementor-column elementor-field-group-field_f35fdc5 elementor-col-33\">\n\t\t\t\t\t\t\t\t\t\t\t\t<label for=\"form-field-field_f35fdc5\" class=\"elementor-field-label\">\n\t\t\t\t\t\t\t\tImage 2\t\t\t\t\t\t\t<\/label>\n\t\t\t\t\t\t\t\t<input type=\"file\" name=\"form_fields[field_f35fdc5]\" id=\"form-field-field_f35fdc5\" class=\"elementor-field elementor-size-md  elementor-upload-field\" data-maxsize=\"2\" data-maxsize-message=\"Fi\u0219ierul dep\u0103\u0219e\u0219te dimensiunea maxim\u0103 permis\u0103.\">\n\n\t\t\t\t\t\t<\/div>\n\t\t\t\t\t\t\t\t<div class=\"elementor-field-type-upload elementor-field-group elementor-column elementor-field-group-field_f1875f1 elementor-col-33\">\n\t\t\t\t\t\t\t\t\t\t\t\t<label for=\"form-field-field_f1875f1\" class=\"elementor-field-label\">\n\t\t\t\t\t\t\t\tImage 3\t\t\t\t\t\t\t<\/label>\n\t\t\t\t\t\t\t\t<input type=\"file\" name=\"form_fields[field_f1875f1]\" id=\"form-field-field_f1875f1\" class=\"elementor-field elementor-size-md  elementor-upload-field\" data-maxsize=\"2\" data-maxsize-message=\"Fi\u0219ierul dep\u0103\u0219e\u0219te dimensiunea maxim\u0103 permis\u0103.\">\n\n\t\t\t\t\t\t<\/div>\n\t\t\t\t\t\t\t\t<div class=\"elementor-field-type-html elementor-field-group elementor-column elementor-field-group-field_9166ca4 elementor-col-100\">\n\t\t\t\t\t<p><span style=\"font-size: 24px\"><strong>2. Informa\u021bii despre client<\/strong><\/span><\/p>\n\t\t\t\t<\/div>\n\t\t\t\t\t\t\t\t<div class=\"elementor-field-type-text elementor-field-group elementor-column elementor-field-group-jmeno elementor-col-50 elementor-field-required elementor-mark-required\">\n\t\t\t\t\t\t\t\t\t\t\t\t<label for=\"form-field-jmeno\" class=\"elementor-field-label\">\n\t\t\t\t\t\t\t\tPrenumele \u0219i numele dumneavoastr\u0103\t\t\t\t\t\t\t<\/label>\n\t\t\t\t\t\t\t\t\t\t\t\t\t\t<input size=\"1\" type=\"text\" name=\"form_fields[jmeno]\" id=\"form-field-jmeno\" class=\"elementor-field elementor-size-md  elementor-field-textual\" required=\"required\" aria-required=\"true\">\n\t\t\t\t\t\t\t\t\t\t\t<\/div>\n\t\t\t\t\t\t\t\t<div class=\"elementor-field-type-text elementor-field-group elementor-column elementor-field-group-spolecnost elementor-col-50\">\n\t\t\t\t\t\t\t\t\t\t\t\t<label for=\"form-field-spolecnost\" class=\"elementor-field-label\">\n\t\t\t\t\t\t\t\tCompania\t\t\t\t\t\t\t<\/label>\n\t\t\t\t\t\t\t\t\t\t\t\t\t\t<input size=\"1\" type=\"text\" name=\"form_fields[spolecnost]\" id=\"form-field-spolecnost\" class=\"elementor-field elementor-size-md  elementor-field-textual\">\n\t\t\t\t\t\t\t\t\t\t\t<\/div>\n\t\t\t\t\t\t\t\t<div class=\"elementor-field-type-text elementor-field-group elementor-column elementor-field-group-adresa elementor-col-33 elementor-field-required elementor-mark-required\">\n\t\t\t\t\t\t\t\t\t\t\t\t<label for=\"form-field-adresa\" class=\"elementor-field-label\">\n\t\t\t\t\t\t\t\tStrada \u0219i num\u0103r de cas\u0103\t\t\t\t\t\t\t<\/label>\n\t\t\t\t\t\t\t\t\t\t\t\t\t\t<input size=\"1\" type=\"text\" name=\"form_fields[adresa]\" id=\"form-field-adresa\" class=\"elementor-field elementor-size-md  elementor-field-textual\" required=\"required\" aria-required=\"true\">\n\t\t\t\t\t\t\t\t\t\t\t<\/div>\n\t\t\t\t\t\t\t\t<div class=\"elementor-field-type-text elementor-field-group elementor-column elementor-field-group-mesto elementor-col-33 elementor-field-required elementor-mark-required\">\n\t\t\t\t\t\t\t\t\t\t\t\t<label for=\"form-field-mesto\" class=\"elementor-field-label\">\n\t\t\t\t\t\t\t\tOra\u0219ul\t\t\t\t\t\t\t<\/label>\n\t\t\t\t\t\t\t\t\t\t\t\t\t\t<input size=\"1\" type=\"text\" name=\"form_fields[mesto]\" id=\"form-field-mesto\" class=\"elementor-field elementor-size-md  elementor-field-textual\" required=\"required\" aria-required=\"true\">\n\t\t\t\t\t\t\t\t\t\t\t<\/div>\n\t\t\t\t\t\t\t\t<div class=\"elementor-field-type-text elementor-field-group elementor-column elementor-field-group-psc elementor-col-33 elementor-field-required elementor-mark-required\">\n\t\t\t\t\t\t\t\t\t\t\t\t<label for=\"form-field-psc\" class=\"elementor-field-label\">\n\t\t\t\t\t\t\t\tCP\t\t\t\t\t\t\t<\/label>\n\t\t\t\t\t\t\t\t\t\t\t\t\t\t<input size=\"1\" type=\"text\" name=\"form_fields[psc]\" id=\"form-field-psc\" class=\"elementor-field elementor-size-md  elementor-field-textual\" required=\"required\" aria-required=\"true\">\n\t\t\t\t\t\t\t\t\t\t\t<\/div>\n\t\t\t\t\t\t\t\t<div class=\"elementor-field-type-text elementor-field-group elementor-column elementor-field-group-telefon elementor-col-50 elementor-field-required elementor-mark-required\">\n\t\t\t\t\t\t\t\t\t\t\t\t<label for=\"form-field-telefon\" class=\"elementor-field-label\">\n\t\t\t\t\t\t\t\tTelefon\t\t\t\t\t\t\t<\/label>\n\t\t\t\t\t\t\t\t\t\t\t\t\t\t<input size=\"1\" type=\"text\" name=\"form_fields[telefon]\" id=\"form-field-telefon\" class=\"elementor-field elementor-size-md  elementor-field-textual\" required=\"required\" aria-required=\"true\">\n\t\t\t\t\t\t\t\t\t\t\t<\/div>\n\t\t\t\t\t\t\t\t<div class=\"elementor-field-type-email elementor-field-group elementor-column elementor-field-group-e_mail elementor-col-50 elementor-field-required elementor-mark-required\">\n\t\t\t\t\t\t\t\t\t\t\t\t<label for=\"form-field-e_mail\" class=\"elementor-field-label\">\n\t\t\t\t\t\t\t\tE-mailul dumneavoastr\u0103\t\t\t\t\t\t\t<\/label>\n\t\t\t\t\t\t\t\t\t\t\t\t\t\t<input size=\"1\" type=\"email\" name=\"form_fields[e_mail]\" id=\"form-field-e_mail\" class=\"elementor-field elementor-size-md  elementor-field-textual\" required=\"required\" aria-required=\"true\">\n\t\t\t\t\t\t\t\t\t\t\t<\/div>\n\t\t\t\t\t\t\t\t<div class=\"elementor-field-type-textarea elementor-field-group elementor-column elementor-field-group-poznamka elementor-col-100\">\n\t\t\t\t\t\t\t\t\t\t\t\t<label for=\"form-field-poznamka\" class=\"elementor-field-label\">\n\t\t\t\t\t\t\t\tObserva\u021bie\t\t\t\t\t\t\t<\/label>\n\t\t\t\t\t\t<textarea class=\"elementor-field-textual elementor-field  elementor-size-md\" name=\"form_fields[poznamka]\" id=\"form-field-poznamka\" rows=\"4\"><\/textarea>\t\t\t\t<\/div>\n\t\t\t\t\t\t\t\t<div class=\"elementor-field-type-text\">\n\t\t\t\t\t<input size=\"1\" type=\"text\" name=\"form_fields[field_27ab9cb]\" id=\"form-field-field_27ab9cb\" class=\"elementor-field elementor-size-md \" style=\"display:none !important;\">\t\t\t\t<\/div>\n\t\t\t\t\t\t\t\t<div class=\"elementor-field-group elementor-column elementor-field-type-submit elementor-col-100 e-form__buttons\">\n\t\t\t\t\t<button type=\"submit\" class=\"elementor-button elementor-size-md\">\n\t\t\t\t\t\t<span >\n\t\t\t\t\t\t\t\t\t\t\t\t\t\t\t<span class=\" elementor-button-icon\">\n\t\t\t\t\t\t\t\t\t\t\t\t\t\t\t\t\t\t\t\t\t\t\t\t\t\t<\/span>\n\t\t\t\t\t\t\t\t\t\t\t\t\t\t\t\t\t\t\t\t\t\t<span class=\"elementor-button-text\">Trimite\u021bi formularul<\/span>\n\t\t\t\t\t\t\t\t\t\t\t\t\t<\/span>\n\t\t\t\t\t<\/button>\n\t\t\t\t<\/div>\n\t\t\t<\/div>\n\t\t<\/form>\n\t\t\t\t<\/div>\n\t\t\t\t<\/div>\n\t\t\t\t\t\t<\/div>\n\t\t\t\t\t<\/div>\n\t\t<\/div>\n\t\t\t\t\t\t\t\t<\/div>\n\t\t\t\t\t<\/div>\n\t\t<\/section>\n\t\t\t\t\t\t\t<\/div>\n\t\t\t\t<\/div>\n\t\t\n","protected":false},"excerpt":{"rendered":"<p>Procedura pentru reclama\u021bia produsului \u00cen cazul \u00een care produsul nu este conform cu specifica\u021bia, eventual a ap\u0103rut un defect de fabrica\u021bie la produs \u00een termenul legal, v\u0103 rug\u0103m s\u0103 proceda\u021bi potrivit instruc\u021biunilor de mai jos: Completa\u021bi online procesul-verbal de reclama\u021bie pe care \u00eel g\u0103si\u021bi mai jos. \u00cen formular trebuie s\u0103 fie completate toate pozi\u021biile marcate [&hellip;]<\/p>\n","protected":false},"author":3,"featured_media":0,"parent":0,"menu_order":0,"comment_status":"closed","ping_status":"closed","template":"","meta":{"footnotes":""},"class_list":["post-9979","page","type-page","status-publish","hentry"],"featured_image_urls":{"full":"","thumbnail":"","medium":"","medium_large":"","large":"","1536x1536":"","2048x2048":"","woocommerce_thumbnail":"","woocommerce_single":"","woocommerce_gallery_thumbnail":""},"post_excerpt_stackable":"<p>Procedura pentru reclama\u021bia produsului \u00cen cazul \u00een care produsul nu este conform cu specifica\u021bia, eventual a ap\u0103rut un defect de fabrica\u021bie la produs \u00een termenul legal, v\u0103 rug\u0103m s\u0103 proceda\u021bi potrivit instruc\u021biunilor de mai jos: Completa\u021bi online procesul-verbal de reclama\u021bie pe care \u00eel g\u0103si\u021bi mai jos. \u00cen formular trebuie s\u0103 fie completate toate pozi\u021biile marcate cu asterisc. Mai ales trebuie s\u0103 descrie\u021bi clar defectul.\u00cempacheta\u021bi produsul cu aten\u021bie \u00een ambalajul de transport \u0219i expedia\u021bi-l recomandat pe adresa:All4Customer, s.r.o.Pohrani\u010dn\u00ed 25, 703 00 Ostrava\u00cendat\u0103 ce prelu\u0103m produsul \u00een depozit, vom efectua verificarea justific\u0103rii reclama\u021biei dumneavoastr\u0103.Dumneavoastr\u0103 ve\u021bi fi informa\u021bi prin e-mail despre solu\u021bionarea reclama\u021biei.&hellip;<\/p>\n","category_list":"","author_info":{"name":"Tomas Turon","url":"https:\/\/old2024.mujstromecek.cz\/ro\/author\/tomas\/"},"comments_num":"0 comments","featured_image_urls_v2":{"full":"","thumbnail":"","medium":"","medium_large":"","large":"","1536x1536":"","2048x2048":"","woocommerce_thumbnail":"","woocommerce_single":"","woocommerce_gallery_thumbnail":""},"post_excerpt_stackable_v2":"<p>Procedura pentru reclama\u021bia produsului \u00cen cazul \u00een care produsul nu este conform cu specifica\u021bia, eventual a ap\u0103rut un defect de fabrica\u021bie la produs \u00een termenul legal, v\u0103 rug\u0103m s\u0103 proceda\u021bi potrivit instruc\u021biunilor de mai jos: Completa\u021bi online procesul-verbal de reclama\u021bie pe care \u00eel g\u0103si\u021bi mai jos. \u00cen formular trebuie s\u0103 fie completate toate pozi\u021biile marcate cu asterisc. Mai ales trebuie s\u0103 descrie\u021bi clar defectul.\u00cempacheta\u021bi produsul cu aten\u021bie \u00een ambalajul de transport \u0219i expedia\u021bi-l recomandat pe adresa:All4Customer, s.r.o.Pohrani\u010dn\u00ed 25, 703 00 Ostrava\u00cendat\u0103 ce prelu\u0103m produsul \u00een depozit, vom efectua verificarea justific\u0103rii reclama\u021biei dumneavoastr\u0103.Dumneavoastr\u0103 ve\u021bi fi informa\u021bi prin e-mail despre solu\u021bionarea reclama\u021biei.&hellip;<\/p>\n","category_list_v2":"","author_info_v2":{"name":"Tomas Turon","url":"https:\/\/old2024.mujstromecek.cz\/ro\/author\/tomas\/"},"comments_num_v2":"0 comments","yoast_head":"<!-- This site is optimized with the Yoast SEO plugin v21.1 - https:\/\/yoast.com\/wordpress\/plugins\/seo\/ -->\n<title>Reclama\u021bii - BRADULMOSULUI.RO<\/title>\n<meta name=\"robots\" content=\"noindex, follow, max-snippet:-1, max-image-preview:large, max-video-preview:-1\" \/>\n<meta property=\"og:locale\" content=\"ro_RO\" \/>\n<meta property=\"og:type\" content=\"article\" \/>\n<meta property=\"og:title\" content=\"Reclama\u021bii - BRADULMOSULUI.RO\" \/>\n<meta property=\"og:description\" content=\"Procedura pentru reclama\u021bia produsului \u00cen cazul \u00een care produsul nu este conform cu specifica\u021bia, eventual a ap\u0103rut un defect de fabrica\u021bie la produs \u00een termenul legal, v\u0103 rug\u0103m s\u0103 proceda\u021bi potrivit instruc\u021biunilor de mai jos: Completa\u021bi online procesul-verbal de reclama\u021bie pe care \u00eel g\u0103si\u021bi mai jos. \u00cen formular trebuie s\u0103 fie completate toate pozi\u021biile marcate [&hellip;]\" \/>\n<meta property=\"og:url\" content=\"https:\/\/old2024.mujstromecek.cz\/ro\/reclamatii\/\" \/>\n<meta property=\"og:site_name\" content=\"BRADULMOSULUI.RO\" \/>\n<meta property=\"article:modified_time\" content=\"2022-10-28T15:29:46+00:00\" \/>\n<meta name=\"twitter:card\" content=\"summary_large_image\" \/>\n<meta name=\"twitter:label1\" content=\"Timp estimat pentru citire\" \/>\n\t<meta name=\"twitter:data1\" content=\"1 minut\" \/>\n<script type=\"application\/ld+json\" class=\"yoast-schema-graph\">{\"@context\":\"https:\/\/schema.org\",\"@graph\":[{\"@type\":\"WebPage\",\"@id\":\"https:\/\/old2024.mujstromecek.cz\/ro\/reclamatii\/\",\"url\":\"https:\/\/old2024.mujstromecek.cz\/ro\/reclamatii\/\",\"name\":\"Reclama\u021bii - BRADULMOSULUI.RO\",\"isPartOf\":{\"@id\":\"https:\/\/mojstromcek.sk\/#website\"},\"datePublished\":\"2020-08-30T16:57:01+00:00\",\"dateModified\":\"2022-10-28T15:29:46+00:00\",\"breadcrumb\":{\"@id\":\"https:\/\/old2024.mujstromecek.cz\/ro\/reclamatii\/#breadcrumb\"},\"inLanguage\":\"ro-RO\",\"potentialAction\":[{\"@type\":\"ReadAction\",\"target\":[\"https:\/\/old2024.mujstromecek.cz\/ro\/reclamatii\/\"]}]},{\"@type\":\"BreadcrumbList\",\"@id\":\"https:\/\/old2024.mujstromecek.cz\/ro\/reclamatii\/#breadcrumb\",\"itemListElement\":[{\"@type\":\"ListItem\",\"position\":1,\"name\":\"Dom\u016f\",\"item\":\"https:\/\/old2024.mujstromecek.cz\/ro\/\"},{\"@type\":\"ListItem\",\"position\":2,\"name\":\"Reclama\u021bii\"}]},{\"@type\":\"WebSite\",\"@id\":\"https:\/\/mojstromcek.sk\/#website\",\"url\":\"https:\/\/mojstromcek.sk\/\",\"name\":\"BRADULMOSULUI.RO\",\"description\":\"Pomi artificiali de Cr\u0103ciun\",\"potentialAction\":[{\"@type\":\"SearchAction\",\"target\":{\"@type\":\"EntryPoint\",\"urlTemplate\":\"https:\/\/mojstromcek.sk\/?s={search_term_string}\"},\"query-input\":\"required name=search_term_string\"}],\"inLanguage\":\"ro-RO\"}]}<\/script>\n<!-- \/ Yoast SEO plugin. -->","yoast_head_json":{"title":"Reclama\u021bii - BRADULMOSULUI.RO","robots":{"index":"noindex","follow":"follow","max-snippet":"max-snippet:-1","max-image-preview":"max-image-preview:large","max-video-preview":"max-video-preview:-1"},"og_locale":"ro_RO","og_type":"article","og_title":"Reclama\u021bii - BRADULMOSULUI.RO","og_description":"Procedura pentru reclama\u021bia produsului \u00cen cazul \u00een care produsul nu este conform cu specifica\u021bia, eventual a ap\u0103rut un defect de fabrica\u021bie la produs \u00een termenul legal, v\u0103 rug\u0103m s\u0103 proceda\u021bi potrivit instruc\u021biunilor de mai jos: Completa\u021bi online procesul-verbal de reclama\u021bie pe care \u00eel g\u0103si\u021bi mai jos. \u00cen formular trebuie s\u0103 fie completate toate pozi\u021biile marcate [&hellip;]","og_url":"https:\/\/old2024.mujstromecek.cz\/ro\/reclamatii\/","og_site_name":"BRADULMOSULUI.RO","article_modified_time":"2022-10-28T15:29:46+00:00","twitter_card":"summary_large_image","twitter_misc":{"Timp estimat pentru citire":"1 minut"},"schema":{"@context":"https:\/\/schema.org","@graph":[{"@type":"WebPage","@id":"https:\/\/old2024.mujstromecek.cz\/ro\/reclamatii\/","url":"https:\/\/old2024.mujstromecek.cz\/ro\/reclamatii\/","name":"Reclama\u021bii - BRADULMOSULUI.RO","isPartOf":{"@id":"https:\/\/mojstromcek.sk\/#website"},"datePublished":"2020-08-30T16:57:01+00:00","dateModified":"2022-10-28T15:29:46+00:00","breadcrumb":{"@id":"https:\/\/old2024.mujstromecek.cz\/ro\/reclamatii\/#breadcrumb"},"inLanguage":"ro-RO","potentialAction":[{"@type":"ReadAction","target":["https:\/\/old2024.mujstromecek.cz\/ro\/reclamatii\/"]}]},{"@type":"BreadcrumbList","@id":"https:\/\/old2024.mujstromecek.cz\/ro\/reclamatii\/#breadcrumb","itemListElement":[{"@type":"ListItem","position":1,"name":"Dom\u016f","item":"https:\/\/old2024.mujstromecek.cz\/ro\/"},{"@type":"ListItem","position":2,"name":"Reclama\u021bii"}]},{"@type":"WebSite","@id":"https:\/\/mojstromcek.sk\/#website","url":"https:\/\/mojstromcek.sk\/","name":"BRADULMOSULUI.RO","description":"Pomi artificiali de Cr\u0103ciun","potentialAction":[{"@type":"SearchAction","target":{"@type":"EntryPoint","urlTemplate":"https:\/\/mojstromcek.sk\/?s={search_term_string}"},"query-input":"required name=search_term_string"}],"inLanguage":"ro-RO"}]}},"_links":{"self":[{"href":"https:\/\/old2024.mujstromecek.cz\/ro\/wp-json\/wp\/v2\/pages\/9979","targetHints":{"allow":["GET"]}}],"collection":[{"href":"https:\/\/old2024.mujstromecek.cz\/ro\/wp-json\/wp\/v2\/pages"}],"about":[{"href":"https:\/\/old2024.mujstromecek.cz\/ro\/wp-json\/wp\/v2\/types\/page"}],"author":[{"embeddable":true,"href":"https:\/\/old2024.mujstromecek.cz\/ro\/wp-json\/wp\/v2\/users\/3"}],"replies":[{"embeddable":true,"href":"https:\/\/old2024.mujstromecek.cz\/ro\/wp-json\/wp\/v2\/comments?post=9979"}],"version-history":[{"count":1,"href":"https:\/\/old2024.mujstromecek.cz\/ro\/wp-json\/wp\/v2\/pages\/9979\/revisions"}],"predecessor-version":[{"id":206207,"href":"https:\/\/old2024.mujstromecek.cz\/ro\/wp-json\/wp\/v2\/pages\/9979\/revisions\/206207"}],"wp:attachment":[{"href":"https:\/\/old2024.mujstromecek.cz\/ro\/wp-json\/wp\/v2\/media?parent=9979"}],"curies":[{"name":"wp","href":"https:\/\/api.w.org\/{rel}","templated":true}]}}