{"id":8372,"date":"2020-07-17T08:33:04","date_gmt":"2020-07-17T08:33:04","guid":{"rendered":"https:\/\/mujstromecek.cz\/de-ce-sa-cumperi-de-la-noi\/"},"modified":"2021-08-10T13:00:53","modified_gmt":"2021-08-10T13:00:53","slug":"de-ce-sa-cumperi-de-la-noi","status":"publish","type":"page","link":"https:\/\/old2024.mujstromecek.cz\/ro\/de-ce-sa-cumperi-de-la-noi\/","title":{"rendered":"De ce s\u0103 cumperi de la noi"},"content":{"rendered":"\t\t<div data-elementor-type=\"page\" data-elementor-id=\"92392\" class=\"elementor elementor-92392 elementor-17057\" data-elementor-post-type=\"elementor_library\">\n\t\t\t\t\t\t<div class=\"elementor-inner\">\n\t\t\t\t<div class=\"elementor-section-wrap\">\n\t\t\t\t\t\t\t\t\t<section class=\"elementor-section elementor-top-section elementor-element elementor-element-04db247 elementor-section-boxed elementor-section-height-default elementor-section-height-default\" data-id=\"04db247\" data-element_type=\"section\">\n\t\t\t\t\t\t<div class=\"elementor-container elementor-column-gap-default\">\n\t\t\t\t\t\t\t<div class=\"elementor-row\">\n\t\t\t\t\t<div class=\"elementor-column elementor-col-100 elementor-top-column elementor-element elementor-element-8d3c07e\" data-id=\"8d3c07e\" data-element_type=\"column\">\n\t\t\t<div class=\"elementor-column-wrap elementor-element-populated\">\n\t\t\t\t\t\t\t<div class=\"elementor-widget-wrap\">\n\t\t\t\t\t\t<div class=\"elementor-element elementor-element-854f821 elementor-icon-list--layout-traditional elementor-list-item-link-full_width elementor-widget elementor-widget-icon-list\" data-id=\"854f821\" data-element_type=\"widget\" data-widget_type=\"icon-list.default\">\n\t\t\t\t<div class=\"elementor-widget-container\">\n\t\t\t\t\t<ul class=\"elementor-icon-list-items\">\n\t\t\t\t\t\t\t<li class=\"elementor-icon-list-item\">\n\t\t\t\t\t\t\t\t\t\t\t<span class=\"elementor-icon-list-icon\">\n\t\t\t\t\t\t\t<svg xmlns=\"http:\/\/www.w3.org\/2000\/svg\" viewBox=\"0 0 23 22\"><defs><style>.a{fill:#d80001;}<\/style><\/defs><path class=\"a\" d=\"M12,23A11,11,0,0,1,12,1a10.7,10.7,0,0,1,4.52,1,1,1,0,1,1-.84,1.82A8.66,8.66,0,0,0,12,3a9,9,0,1,0,9,9v-.9a1,1,0,0,1,2,0V12A11,11,0,0,1,12,23Z\" transform=\"translate(-1 -1)\"><\/path><path class=\"a\" d=\"M12,15a1,1,0,0,1-.71-.29l-3-3a1,1,0,0,1,1.42-1.42L12,12.59,22.29,2.29a1,1,0,1,1,1.42,1.42l-11,11A1,1,0,0,1,12,15Z\" transform=\"translate(-1 -1)\"><\/path><\/svg>\t\t\t\t\t\t<\/span>\n\t\t\t\t\t\t\t\t\t\t<span class=\"elementor-icon-list-text\">De ce s\u0103 cumperi de la noi<\/span>\n\t\t\t\t\t\t\t\t\t<\/li>\n\t\t\t\t\t\t<\/ul>\n\t\t\t\t<\/div>\n\t\t\t\t<\/div>\n\t\t\t\t<div class=\"elementor-element elementor-element-de29c52 elementor-widget elementor-widget-image\" data-id=\"de29c52\" data-element_type=\"widget\" data-widget_type=\"image.default\">\n\t\t\t\t<div class=\"elementor-widget-container\">\n\t\t\t\t\t\t\t\t<div class=\"elementor-image\">\n\t\t\t\t\t\t\t\t\t\t\t\t<img decoding=\"async\" width=\"800\" height=\"220\" src=\"https:\/\/old2024.mujstromecek.cz\/wp-content\/uploads\/2021\/05\/vyhody-gb-croped-1024x281.jpg\" class=\"attachment-large size-large wp-image-17070\" alt=\"\" srcset=\"https:\/\/old2024.mujstromecek.cz\/wp-content\/uploads\/2021\/05\/vyhody-gb-croped-1024x281.jpg 1024w, https:\/\/old2024.mujstromecek.cz\/wp-content\/uploads\/2021\/05\/vyhody-gb-croped-300x82.jpg 300w, https:\/\/old2024.mujstromecek.cz\/wp-content\/uploads\/2021\/05\/vyhody-gb-croped-768x211.jpg 768w, https:\/\/old2024.mujstromecek.cz\/wp-content\/uploads\/2021\/05\/vyhody-gb-croped-600x165.jpg 600w, https:\/\/old2024.mujstromecek.cz\/wp-content\/uploads\/2021\/05\/vyhody-gb-croped.jpg 1049w\" sizes=\"(max-width: 800px) 100vw, 800px\" \/>\t\t\t\t\t\t\t\t\t\t\t\t\t\t<\/div>\n\t\t\t\t\t\t<\/div>\n\t\t\t\t<\/div>\n\t\t\t\t\t\t<\/div>\n\t\t\t\t\t<\/div>\n\t\t<\/div>\n\t\t\t\t\t\t\t\t<\/div>\n\t\t\t\t\t<\/div>\n\t\t<\/section>\n\t\t\t\t<section class=\"elementor-section elementor-top-section elementor-element elementor-element-28f26da elementor-section-boxed elementor-section-height-default elementor-section-height-default\" data-id=\"28f26da\" data-element_type=\"section\">\n\t\t\t\t\t\t<div class=\"elementor-container elementor-column-gap-default\">\n\t\t\t\t\t\t\t<div class=\"elementor-row\">\n\t\t\t\t\t<div class=\"elementor-column elementor-col-50 elementor-top-column elementor-element elementor-element-b1a9829\" data-id=\"b1a9829\" data-element_type=\"column\">\n\t\t\t<div class=\"elementor-column-wrap elementor-element-populated\">\n\t\t\t\t\t\t\t<div class=\"elementor-widget-wrap\">\n\t\t\t\t\t\t<div class=\"elementor-element elementor-element-9340861 elementor-icon-list--layout-traditional elementor-list-item-link-full_width elementor-widget elementor-widget-icon-list\" data-id=\"9340861\" data-element_type=\"widget\" data-widget_type=\"icon-list.default\">\n\t\t\t\t<div class=\"elementor-widget-container\">\n\t\t\t\t\t<ul class=\"elementor-icon-list-items\">\n\t\t\t\t\t\t\t<li class=\"elementor-icon-list-item\">\n\t\t\t\t\t\t\t\t\t\t\t<span class=\"elementor-icon-list-icon\">\n\t\t\t\t\t\t\t<svg xmlns=\"http:\/\/www.w3.org\/2000\/svg\" viewBox=\"0 0 22 22\"><defs><style>.a{fill:#d80001;}<\/style><\/defs><path class=\"a\" d=\"M12,23A11,11,0,1,1,23,12,11,11,0,0,1,12,23ZM12,3a9,9,0,1,0,9,9A9,9,0,0,0,12,3Z\" transform=\"translate(-1 -1)\"><\/path><path class=\"a\" d=\"M22,13H2a1,1,0,0,1,0-2H22a1,1,0,0,1,0,2Z\" transform=\"translate(-1 -1)\"><\/path><path class=\"a\" d=\"M12,23a1,1,0,0,1-.73-.32A16.26,16.26,0,0,1,7,12,16.29,16.29,0,0,1,11.27,1.32a1,1,0,0,1,1.46,0A16.26,16.26,0,0,1,17,12a16.29,16.29,0,0,1-4.27,10.71A1,1,0,0,1,12,23ZM12,3.54A14.35,14.35,0,0,0,9,12a14.29,14.29,0,0,0,3,8.43A14.35,14.35,0,0,0,15,12,14.29,14.29,0,0,0,12,3.54Z\" transform=\"translate(-1 -1)\"><\/path><\/svg>\t\t\t\t\t\t<\/span>\n\t\t\t\t\t\t\t\t\t\t<span class=\"elementor-icon-list-text\">Transport gratuit<\/span>\n\t\t\t\t\t\t\t\t\t<\/li>\n\t\t\t\t\t\t<\/ul>\n\t\t\t\t<\/div>\n\t\t\t\t<\/div>\n\t\t\t\t<div class=\"elementor-element elementor-element-e50b5a6 elementor-widget elementor-widget-text-editor\" data-id=\"e50b5a6\" data-element_type=\"widget\" data-widget_type=\"text-editor.default\">\n\t\t\t\t<div class=\"elementor-widget-container\">\n\t\t\t\t\t\t\t\t<div class=\"elementor-text-editor elementor-clearfix\">\n\t\t\t\t<p>La to\u021bi pomii de iarn\u0103, transportul \u00een \u00eentreaga Republica Ceh\u0103 p\u00e2n\u0103 la dumneavoastr\u0103 acas\u0103 este gratuit, adic\u0103 pl\u0103ti\u021bi doar pre\u021bul pomului de iarn\u0103 \u0219i nu vor fi percepute niciun fel de alte taxe . Gra\u021bie acestui lucru, ve\u021bi beneficia de <strong>o modalitate simpl\u0103<\/strong> \u00een care pomul de iarn\u0103 vi se va livra <strong>comod<\/strong> \u0219i <strong>f\u0103r\u0103 efort p\u00e2n\u0103 la dumneavoastr\u0103 acas\u0103<\/strong>, \u0219i anume totul <strong>absolut GRATIS!<\/strong><\/p>\t\t\t\t\t<\/div>\n\t\t\t\t\t\t<\/div>\n\t\t\t\t<\/div>\n\t\t\t\t\t\t<\/div>\n\t\t\t\t\t<\/div>\n\t\t<\/div>\n\t\t\t\t<div class=\"elementor-column elementor-col-50 elementor-top-column elementor-element elementor-element-e7c2636\" data-id=\"e7c2636\" data-element_type=\"column\">\n\t\t\t<div class=\"elementor-column-wrap elementor-element-populated\">\n\t\t\t\t\t\t\t<div class=\"elementor-widget-wrap\">\n\t\t\t\t\t\t<div class=\"elementor-element elementor-element-7d635eb elementor-icon-list--layout-traditional elementor-list-item-link-full_width elementor-widget elementor-widget-icon-list\" data-id=\"7d635eb\" data-element_type=\"widget\" data-widget_type=\"icon-list.default\">\n\t\t\t\t<div class=\"elementor-widget-container\">\n\t\t\t\t\t<ul class=\"elementor-icon-list-items\">\n\t\t\t\t\t\t\t<li class=\"elementor-icon-list-item\">\n\t\t\t\t\t\t\t\t\t\t\t<span class=\"elementor-icon-list-icon\">\n\t\t\t\t\t\t\t<svg xmlns=\"http:\/\/www.w3.org\/2000\/svg\" viewBox=\"0 0 18 22\"><defs><style>.a{fill:#d80001;}<\/style><\/defs><path class=\"a\" d=\"M12,23a1,1,0,0,1-.45-.11C11.2,22.72,3,18.54,3,12V4a1,1,0,0,1,.76-1l8-2a1,1,0,0,1,.48,0l8,2A1,1,0,0,1,21,4v8c0,6.54-8.2,10.72-8.55,10.89A1,1,0,0,1,12,23ZM5,4.78V12c0,4.55,5.39,8,7,8.86,1.61-.91,7-4.32,7-8.86V4.78L12,3Z\" transform=\"translate(-3 -1)\"><\/path><\/svg>\t\t\t\t\t\t<\/span>\n\t\t\t\t\t\t\t\t\t\t<span class=\"elementor-icon-list-text\">GARAN\u021aIA LIVR\u0102RII \u00ceNAINTE DE CR\u0102CIUN!<\/span>\n\t\t\t\t\t\t\t\t\t<\/li>\n\t\t\t\t\t\t<\/ul>\n\t\t\t\t<\/div>\n\t\t\t\t<\/div>\n\t\t\t\t<div class=\"elementor-element elementor-element-22cd101 elementor-widget elementor-widget-text-editor\" data-id=\"22cd101\" data-element_type=\"widget\" data-widget_type=\"text-editor.default\">\n\t\t\t\t<div class=\"elementor-widget-container\">\n\t\t\t\t\t\t\t\t<div class=\"elementor-text-editor elementor-clearfix\">\n\t\t\t\t<p><strong>Dac\u0103 plasa\u021bi comanda p\u00e2n\u0103 la data de 17.12.2020, atunci v\u0103 garant\u0103m c\u0103 pomul dumneavoastr\u0103 de iarn\u0103 va ajunge \u00eenainte de Cr\u0103ciun!<\/strong><\/p>\t\t\t\t\t<\/div>\n\t\t\t\t\t\t<\/div>\n\t\t\t\t<\/div>\n\t\t\t\t\t\t<\/div>\n\t\t\t\t\t<\/div>\n\t\t<\/div>\n\t\t\t\t\t\t\t\t<\/div>\n\t\t\t\t\t<\/div>\n\t\t<\/section>\n\t\t\t\t<section class=\"elementor-section elementor-top-section elementor-element elementor-element-c3835ef elementor-section-boxed elementor-section-height-default elementor-section-height-default\" data-id=\"c3835ef\" data-element_type=\"section\">\n\t\t\t\t\t\t<div class=\"elementor-container elementor-column-gap-default\">\n\t\t\t\t\t\t\t<div class=\"elementor-row\">\n\t\t\t\t\t<div class=\"elementor-column elementor-col-50 elementor-top-column elementor-element elementor-element-208f67d\" data-id=\"208f67d\" data-element_type=\"column\">\n\t\t\t<div class=\"elementor-column-wrap elementor-element-populated\">\n\t\t\t\t\t\t\t<div class=\"elementor-widget-wrap\">\n\t\t\t\t\t\t<div class=\"elementor-element elementor-element-8fe96cd elementor-icon-list--layout-traditional elementor-list-item-link-full_width elementor-widget elementor-widget-icon-list\" data-id=\"8fe96cd\" data-element_type=\"widget\" data-widget_type=\"icon-list.default\">\n\t\t\t\t<div class=\"elementor-widget-container\">\n\t\t\t\t\t<ul class=\"elementor-icon-list-items\">\n\t\t\t\t\t\t\t<li class=\"elementor-icon-list-item\">\n\t\t\t\t\t\t\t\t\t\t\t<span class=\"elementor-icon-list-icon\">\n\t\t\t\t\t\t\t<svg xmlns=\"http:\/\/www.w3.org\/2000\/svg\" viewBox=\"0 0 22 21\"><defs><style>.a{fill:#d80001;}<\/style><\/defs><path class=\"a\" d=\"M18.2,22a1.07,1.07,0,0,1-.46-.11l-5.74-3-5.74,3a1,1,0,0,1-1.45-1.06l1.11-6.38L1.31,10a1,1,0,0,1,.55-1.71l6.38-.92L11.1,1.56A1,1,0,0,1,12,1h0a1,1,0,0,1,.9.56l2.86,5.83,6.38.92A1,1,0,0,1,23,9a1,1,0,0,1-.26,1l-4.61,4.43,1.11,6.38a1,1,0,0,1-.4,1A1,1,0,0,1,18.2,22ZM12,16.8a1.07,1.07,0,0,1,.46.11l4.41,2.28L16,14.27a1,1,0,0,1,.3-.89L19.83,10,15,9.29a1,1,0,0,1-.76-.55L12,4.27,9.8,8.74A1,1,0,0,1,9,9.29L4.17,10l3.52,3.38a1,1,0,0,1,.3.89l-.86,4.92,4.41-2.28A1.07,1.07,0,0,1,12,16.8Z\" transform=\"translate(-1 -1)\"><\/path><\/svg>\t\t\t\t\t\t<\/span>\n\t\t\t\t\t\t\t\t\t\t<span class=\"elementor-icon-list-text\">GARAN\u021aIA CALIT\u0102\u021aII<\/span>\n\t\t\t\t\t\t\t\t\t<\/li>\n\t\t\t\t\t\t<\/ul>\n\t\t\t\t<\/div>\n\t\t\t\t<\/div>\n\t\t\t\t<div class=\"elementor-element elementor-element-80daab6 elementor-widget elementor-widget-text-editor\" data-id=\"80daab6\" data-element_type=\"widget\" data-widget_type=\"text-editor.default\">\n\t\t\t\t<div class=\"elementor-widget-container\">\n\t\t\t\t\t\t\t\t<div class=\"elementor-text-editor elementor-clearfix\">\n\t\t\t\t<p>\u00cen cursul fabric\u0103rii pomilor de Cr\u0103ciun artificiali folosim doar materiale de <strong>calitate superioar\u0103<\/strong>, care garanteaz\u0103 un <strong>aspect perfect<\/strong> ani \u00een \u0219ir.<\/p><p>\u00cen cazul \u00een care ceva nu ar fi \u00een regul\u0103, atunci vom <strong>livra gratis<\/strong> p\u0103r\u021bile lips\u0103 sau <strong>asigur\u0103m ridicarea \u0219i \u00eenlocuirea pomului<\/strong> de iarn\u0103 deteriorat. <strong>Nu trebuie s\u0103 v\u0103 teme\u021bi \u2013 vom rezolva orice problem\u0103 rapid, f\u0103r\u0103 griji inutile \u0219i costuri suplimentare!<\/strong><\/p>\t\t\t\t\t<\/div>\n\t\t\t\t\t\t<\/div>\n\t\t\t\t<\/div>\n\t\t\t\t\t\t<\/div>\n\t\t\t\t\t<\/div>\n\t\t<\/div>\n\t\t\t\t<div class=\"elementor-column elementor-col-50 elementor-top-column elementor-element elementor-element-782ab84\" data-id=\"782ab84\" data-element_type=\"column\">\n\t\t\t<div class=\"elementor-column-wrap elementor-element-populated\">\n\t\t\t\t\t\t\t<div class=\"elementor-widget-wrap\">\n\t\t\t\t\t\t<div class=\"elementor-element elementor-element-a20cd01 elementor-icon-list--layout-traditional elementor-list-item-link-full_width elementor-widget elementor-widget-icon-list\" data-id=\"a20cd01\" data-element_type=\"widget\" data-widget_type=\"icon-list.default\">\n\t\t\t\t<div class=\"elementor-widget-container\">\n\t\t\t\t\t<ul class=\"elementor-icon-list-items\">\n\t\t\t\t\t\t\t<li class=\"elementor-icon-list-item\">\n\t\t\t\t\t\t\t\t\t\t\t<span class=\"elementor-icon-list-icon\">\n\t\t\t\t\t\t\t<svg xmlns=\"http:\/\/www.w3.org\/2000\/svg\" viewBox=\"0 0 24 20\"><defs><style>.a{fill:#d80001;}<\/style><\/defs><path class=\"a\" d=\"M17,22a1,1,0,0,1-1-1V19a3,3,0,0,0-3-3H5a3,3,0,0,0-3,3v2a1,1,0,0,1-2,0V19a5,5,0,0,1,5-5h8a5,5,0,0,1,5,5v2A1,1,0,0,1,17,22Z\" transform=\"translate(0 -2)\"><\/path><path class=\"a\" d=\"M9,12a5,5,0,1,1,5-5A5,5,0,0,1,9,12ZM9,4a3,3,0,1,0,3,3A3,3,0,0,0,9,4Z\" transform=\"translate(0 -2)\"><\/path><path class=\"a\" d=\"M23,22a1,1,0,0,1-1-1V19a3,3,0,0,0-2.27-2.94,1,1,0,0,1,.54-1.92A5.09,5.09,0,0,1,24,19v2A1,1,0,0,1,23,22Z\" transform=\"translate(0 -2)\"><\/path><path class=\"a\" d=\"M16,11.9a1,1,0,0,1-.27-2,3.25,3.25,0,0,0,2.21-2.21,3.06,3.06,0,0,0-2.17-3.66,1,1,0,0,1,.46-1.94,5.06,5.06,0,0,1,3.65,6.09,5.27,5.27,0,0,1-3.61,3.64A.84.84,0,0,1,16,11.9Z\" transform=\"translate(0 -2)\"><\/path><\/svg>\t\t\t\t\t\t<\/span>\n\t\t\t\t\t\t\t\t\t\t<span class=\"elementor-icon-list-text\">\u00ceNCERCAT DE C\u0102TRE CLIEN\u021aI<\/span>\n\t\t\t\t\t\t\t\t\t<\/li>\n\t\t\t\t\t\t<\/ul>\n\t\t\t\t<\/div>\n\t\t\t\t<\/div>\n\t\t\t\t<div class=\"elementor-element elementor-element-3eff480 elementor-widget elementor-widget-text-editor\" data-id=\"3eff480\" data-element_type=\"widget\" data-widget_type=\"text-editor.default\">\n\t\t\t\t<div class=\"elementor-widget-container\">\n\t\t\t\t\t\t\t\t<div class=\"elementor-text-editor elementor-clearfix\">\n\t\t\t\t<p><strong>100 000+<\/strong> de <strong>clien\u021bi satisf\u0103cu\u021bi<\/strong> reprezint\u0103 dovada faptului c\u0103 pomii no\u0219tri de iarn\u0103 sunt de calitate superioar\u0103. Modul \u00een care ne evalueaz\u0103 clien\u021bii no\u0219tri \u00eel pute\u021bi vedea pe <a href=\"https:\/\/www.facebook.com\/mujstromecek\/\" target=\"_blank\" rel=\"noopener\">Facebook<\/a> sau <a href=\"https:\/\/obchody.heureka.cz\/mujstromecek-cz\/recenze\/\" target=\"_blank\" rel=\"noopener\">Heur\u00e9ce.<\/a><\/p>\t\t\t\t\t<\/div>\n\t\t\t\t\t\t<\/div>\n\t\t\t\t<\/div>\n\t\t\t\t\t\t<\/div>\n\t\t\t\t\t<\/div>\n\t\t<\/div>\n\t\t\t\t\t\t\t\t<\/div>\n\t\t\t\t\t<\/div>\n\t\t<\/section>\n\t\t\t\t<section class=\"elementor-section elementor-top-section elementor-element elementor-element-872a5c5 elementor-section-boxed elementor-section-height-default elementor-section-height-default\" data-id=\"872a5c5\" data-element_type=\"section\">\n\t\t\t\t\t\t<div class=\"elementor-container elementor-column-gap-default\">\n\t\t\t\t\t\t\t<div class=\"elementor-row\">\n\t\t\t\t\t<div class=\"elementor-column elementor-col-50 elementor-top-column elementor-element elementor-element-7155fd6\" data-id=\"7155fd6\" data-element_type=\"column\">\n\t\t\t<div class=\"elementor-column-wrap elementor-element-populated\">\n\t\t\t\t\t\t\t<div class=\"elementor-widget-wrap\">\n\t\t\t\t\t\t<div class=\"elementor-element elementor-element-a0f9e0a elementor-icon-list--layout-traditional elementor-list-item-link-full_width elementor-widget elementor-widget-icon-list\" data-id=\"a0f9e0a\" data-element_type=\"widget\" data-widget_type=\"icon-list.default\">\n\t\t\t\t<div class=\"elementor-widget-container\">\n\t\t\t\t\t<ul class=\"elementor-icon-list-items\">\n\t\t\t\t\t\t\t<li class=\"elementor-icon-list-item\">\n\t\t\t\t\t\t\t\t\t\t\t<span class=\"elementor-icon-list-icon\">\n\t\t\t\t\t\t\t<svg xmlns=\"http:\/\/www.w3.org\/2000\/svg\" viewBox=\"0 0 21.91 21.9\"><defs><style>.a{fill:#d80001;}<\/style><\/defs><path class=\"a\" d=\"M20,22.9h-.2a20,20,0,0,1-9.15-3.26,20.08,20.08,0,0,1-6.3-6.31,21.58,21.58,0,0,1-3.24-9.1,2.88,2.88,0,0,1,.66-2.14A3,3,0,0,1,3.81,1H7.1a3,3,0,0,1,3,2.6,11.35,11.35,0,0,0,.65,2.58,3,3,0,0,1-.64,3.13l-.75.75a14.51,14.51,0,0,0,4.58,4.58l.75-.75a3.08,3.08,0,0,1,3.2-.61,12,12,0,0,0,2.51.63,2.94,2.94,0,0,1,2.6,3v3A3,3,0,0,1,20,22.9ZM3.9,3a1,1,0,0,0-.59.36A.84.84,0,0,0,3.1,4,19.4,19.4,0,0,0,6,12.25,17.9,17.9,0,0,0,11.73,18a18,18,0,0,0,8.17,3H20a1,1,0,0,0,1-1v-3a1,1,0,0,0-.8-1,14.1,14.1,0,0,1-3-.75,1.1,1.1,0,0,0-1.15.22l-1.23,1.24a1,1,0,0,1-1.2.16,16.57,16.57,0,0,1-6.38-6.38,1,1,0,0,1,.16-1.2l1.3-1.3a1,1,0,0,0,.19-1A14.28,14.28,0,0,1,8.1,3.8a1,1,0,0,0-1-.8Z\" transform=\"translate(-1.09 -1)\"><\/path><\/svg>\t\t\t\t\t\t<\/span>\n\t\t\t\t\t\t\t\t\t\t<span class=\"elementor-icon-list-text\">SERVICE PENTRU CLIEN\u021aI<\/span>\n\t\t\t\t\t\t\t\t\t<\/li>\n\t\t\t\t\t\t<\/ul>\n\t\t\t\t<\/div>\n\t\t\t\t<\/div>\n\t\t\t\t<div class=\"elementor-element elementor-element-b09b3d7 elementor-widget elementor-widget-text-editor\" data-id=\"b09b3d7\" data-element_type=\"widget\" data-widget_type=\"text-editor.default\">\n\t\t\t\t<div class=\"elementor-widget-container\">\n\t\t\t\t\t\t\t\t<div class=\"elementor-text-editor elementor-clearfix\">\n\t\t\t\t<p>Clien\u021bilor no\u0219tri le oferim un sortiment larg de servicii adi\u021bionale gra\u021bie c\u0103rora cump\u0103r\u0103turile sunt foarte rapide \u0219i simple. Angaja\u021bii no\u0219tri vor r\u0103spunde cu pl\u0103cere la toate \u00eentreb\u0103rile dumneavoastr\u0103 sau vor ajuta cu plasarea comenzii. V\u0103 st\u0103m tot timpul la dispozi\u021bie pe <strong>chat<\/strong> (jos \u00een partea dreapt\u0103 pe aceast\u0103 pagin\u0103) sau <strong>e-mail<\/strong> (<a href=\"mailto:dotazy@mujstromecek.cz\">info@bradulmosului.ro<\/a>), eventual la num\u0103rul de telefon +420 777 470 538 (L-V 9-17).<\/p>\t\t\t\t\t<\/div>\n\t\t\t\t\t\t<\/div>\n\t\t\t\t<\/div>\n\t\t\t\t\t\t<\/div>\n\t\t\t\t\t<\/div>\n\t\t<\/div>\n\t\t\t\t<div class=\"elementor-column elementor-col-50 elementor-top-column elementor-element elementor-element-66678a4\" data-id=\"66678a4\" data-element_type=\"column\">\n\t\t\t<div class=\"elementor-column-wrap\">\n\t\t\t\t\t\t\t<div class=\"elementor-widget-wrap\">\n\t\t\t\t\t\t\t\t<\/div>\n\t\t\t\t\t<\/div>\n\t\t<\/div>\n\t\t\t\t\t\t\t\t<\/div>\n\t\t\t\t\t<\/div>\n\t\t<\/section>\n\t\t\t\t\t\t\t\t\t<\/div>\n\t\t\t<\/div>\n\t\t\t\t\t<\/div>\n\t\t\n","protected":false},"excerpt":{"rendered":"","protected":false},"author":2,"featured_media":0,"parent":0,"menu_order":0,"comment_status":"closed","ping_status":"closed","template":"","meta":{"footnotes":""},"class_list":["post-8372","page","type-page","status-publish","hentry"],"featured_image_urls":{"full":"","thumbnail":"","medium":"","medium_large":"","large":"","1536x1536":"","2048x2048":"","woocommerce_thumbnail":"","woocommerce_single":"","woocommerce_gallery_thumbnail":""},"post_excerpt_stackable":"<p>De ce s\u0103 cumperi de la noi Transport gratuit La to\u021bi pomii de iarn\u0103, transportul \u00een \u00eentreaga Republica Ceh\u0103 p\u00e2n\u0103 la dumneavoastr\u0103 acas\u0103 este gratuit, adic\u0103 pl\u0103ti\u021bi doar pre\u021bul pomului de iarn\u0103 \u0219i nu vor fi percepute niciun fel de alte taxe . Gra\u021bie acestui lucru, ve\u021bi beneficia de o modalitate simpl\u0103 \u00een care pomul de iarn\u0103 vi se va livra comod \u0219i f\u0103r\u0103 efort p\u00e2n\u0103 la dumneavoastr\u0103 acas\u0103, \u0219i anume totul absolut GRATIS! GARAN\u021aIA LIVR\u0102RII \u00ceNAINTE DE CR\u0102CIUN! Dac\u0103 plasa\u021bi comanda p\u00e2n\u0103 la data de 17.12.2020, atunci v\u0103 garant\u0103m c\u0103 pomul dumneavoastr\u0103 de iarn\u0103 va ajunge \u00eenainte de Cr\u0103ciun!&hellip;<\/p>\n","category_list":"","author_info":{"name":"Jan Hanzl","url":"https:\/\/old2024.mujstromecek.cz\/ro\/author\/jan\/"},"comments_num":"0 comments","featured_image_urls_v2":{"full":"","thumbnail":"","medium":"","medium_large":"","large":"","1536x1536":"","2048x2048":"","woocommerce_thumbnail":"","woocommerce_single":"","woocommerce_gallery_thumbnail":""},"post_excerpt_stackable_v2":"<p>De ce s\u0103 cumperi de la noi Transport gratuit La to\u021bi pomii de iarn\u0103, transportul \u00een \u00eentreaga Republica Ceh\u0103 p\u00e2n\u0103 la dumneavoastr\u0103 acas\u0103 este gratuit, adic\u0103 pl\u0103ti\u021bi doar pre\u021bul pomului de iarn\u0103 \u0219i nu vor fi percepute niciun fel de alte taxe . Gra\u021bie acestui lucru, ve\u021bi beneficia de o modalitate simpl\u0103 \u00een care pomul de iarn\u0103 vi se va livra comod \u0219i f\u0103r\u0103 efort p\u00e2n\u0103 la dumneavoastr\u0103 acas\u0103, \u0219i anume totul absolut GRATIS! GARAN\u021aIA LIVR\u0102RII \u00ceNAINTE DE CR\u0102CIUN! Dac\u0103 plasa\u021bi comanda p\u00e2n\u0103 la data de 17.12.2020, atunci v\u0103 garant\u0103m c\u0103 pomul dumneavoastr\u0103 de iarn\u0103 va ajunge \u00eenainte de Cr\u0103ciun!&hellip;<\/p>\n","category_list_v2":"","author_info_v2":{"name":"Jan Hanzl","url":"https:\/\/old2024.mujstromecek.cz\/ro\/author\/jan\/"},"comments_num_v2":"0 comments","yoast_head":"<!-- This site is optimized with the Yoast SEO plugin v21.1 - https:\/\/yoast.com\/wordpress\/plugins\/seo\/ -->\n<title>De ce s\u0103 cumperi de la noi - BRADULMOSULUI.RO<\/title>\n<meta name=\"robots\" content=\"noindex, follow, max-snippet:-1, max-image-preview:large, max-video-preview:-1\" \/>\n<meta property=\"og:locale\" content=\"ro_RO\" \/>\n<meta property=\"og:type\" content=\"article\" \/>\n<meta property=\"og:title\" content=\"De ce s\u0103 cumperi de la noi - BRADULMOSULUI.RO\" \/>\n<meta property=\"og:url\" content=\"https:\/\/old2024.mujstromecek.cz\/ro\/de-ce-sa-cumperi-de-la-noi\/\" \/>\n<meta property=\"og:site_name\" content=\"BRADULMOSULUI.RO\" \/>\n<meta property=\"article:modified_time\" content=\"2021-08-10T13:00:53+00:00\" \/>\n<meta name=\"twitter:card\" content=\"summary_large_image\" \/>\n<meta name=\"twitter:label1\" content=\"Timp estimat pentru citire\" \/>\n\t<meta name=\"twitter:data1\" content=\"1 minut\" \/>\n<script type=\"application\/ld+json\" class=\"yoast-schema-graph\">{\"@context\":\"https:\/\/schema.org\",\"@graph\":[{\"@type\":\"WebPage\",\"@id\":\"https:\/\/old2024.mujstromecek.cz\/ro\/de-ce-sa-cumperi-de-la-noi\/\",\"url\":\"https:\/\/old2024.mujstromecek.cz\/ro\/de-ce-sa-cumperi-de-la-noi\/\",\"name\":\"De ce s\u0103 cumperi de la noi - BRADULMOSULUI.RO\",\"isPartOf\":{\"@id\":\"https:\/\/mojstromcek.sk\/#website\"},\"datePublished\":\"2020-07-17T08:33:04+00:00\",\"dateModified\":\"2021-08-10T13:00:53+00:00\",\"breadcrumb\":{\"@id\":\"https:\/\/old2024.mujstromecek.cz\/ro\/de-ce-sa-cumperi-de-la-noi\/#breadcrumb\"},\"inLanguage\":\"ro-RO\",\"potentialAction\":[{\"@type\":\"ReadAction\",\"target\":[\"https:\/\/old2024.mujstromecek.cz\/ro\/de-ce-sa-cumperi-de-la-noi\/\"]}]},{\"@type\":\"BreadcrumbList\",\"@id\":\"https:\/\/old2024.mujstromecek.cz\/ro\/de-ce-sa-cumperi-de-la-noi\/#breadcrumb\",\"itemListElement\":[{\"@type\":\"ListItem\",\"position\":1,\"name\":\"Dom\u016f\",\"item\":\"https:\/\/old2024.mujstromecek.cz\/ro\/\"},{\"@type\":\"ListItem\",\"position\":2,\"name\":\"De ce s\u0103 cumperi de la noi\"}]},{\"@type\":\"WebSite\",\"@id\":\"https:\/\/mojstromcek.sk\/#website\",\"url\":\"https:\/\/mojstromcek.sk\/\",\"name\":\"BRADULMOSULUI.RO\",\"description\":\"Pomi artificiali de Cr\u0103ciun\",\"potentialAction\":[{\"@type\":\"SearchAction\",\"target\":{\"@type\":\"EntryPoint\",\"urlTemplate\":\"https:\/\/mojstromcek.sk\/?s={search_term_string}\"},\"query-input\":\"required name=search_term_string\"}],\"inLanguage\":\"ro-RO\"}]}<\/script>\n<!-- \/ Yoast SEO plugin. -->","yoast_head_json":{"title":"De ce s\u0103 cumperi de la noi - BRADULMOSULUI.RO","robots":{"index":"noindex","follow":"follow","max-snippet":"max-snippet:-1","max-image-preview":"max-image-preview:large","max-video-preview":"max-video-preview:-1"},"og_locale":"ro_RO","og_type":"article","og_title":"De ce s\u0103 cumperi de la noi - BRADULMOSULUI.RO","og_url":"https:\/\/old2024.mujstromecek.cz\/ro\/de-ce-sa-cumperi-de-la-noi\/","og_site_name":"BRADULMOSULUI.RO","article_modified_time":"2021-08-10T13:00:53+00:00","twitter_card":"summary_large_image","twitter_misc":{"Timp estimat pentru citire":"1 minut"},"schema":{"@context":"https:\/\/schema.org","@graph":[{"@type":"WebPage","@id":"https:\/\/old2024.mujstromecek.cz\/ro\/de-ce-sa-cumperi-de-la-noi\/","url":"https:\/\/old2024.mujstromecek.cz\/ro\/de-ce-sa-cumperi-de-la-noi\/","name":"De ce s\u0103 cumperi de la noi - BRADULMOSULUI.RO","isPartOf":{"@id":"https:\/\/mojstromcek.sk\/#website"},"datePublished":"2020-07-17T08:33:04+00:00","dateModified":"2021-08-10T13:00:53+00:00","breadcrumb":{"@id":"https:\/\/old2024.mujstromecek.cz\/ro\/de-ce-sa-cumperi-de-la-noi\/#breadcrumb"},"inLanguage":"ro-RO","potentialAction":[{"@type":"ReadAction","target":["https:\/\/old2024.mujstromecek.cz\/ro\/de-ce-sa-cumperi-de-la-noi\/"]}]},{"@type":"BreadcrumbList","@id":"https:\/\/old2024.mujstromecek.cz\/ro\/de-ce-sa-cumperi-de-la-noi\/#breadcrumb","itemListElement":[{"@type":"ListItem","position":1,"name":"Dom\u016f","item":"https:\/\/old2024.mujstromecek.cz\/ro\/"},{"@type":"ListItem","position":2,"name":"De ce s\u0103 cumperi de la noi"}]},{"@type":"WebSite","@id":"https:\/\/mojstromcek.sk\/#website","url":"https:\/\/mojstromcek.sk\/","name":"BRADULMOSULUI.RO","description":"Pomi artificiali de Cr\u0103ciun","potentialAction":[{"@type":"SearchAction","target":{"@type":"EntryPoint","urlTemplate":"https:\/\/mojstromcek.sk\/?s={search_term_string}"},"query-input":"required name=search_term_string"}],"inLanguage":"ro-RO"}]}},"_links":{"self":[{"href":"https:\/\/old2024.mujstromecek.cz\/ro\/wp-json\/wp\/v2\/pages\/8372","targetHints":{"allow":["GET"]}}],"collection":[{"href":"https:\/\/old2024.mujstromecek.cz\/ro\/wp-json\/wp\/v2\/pages"}],"about":[{"href":"https:\/\/old2024.mujstromecek.cz\/ro\/wp-json\/wp\/v2\/types\/page"}],"author":[{"embeddable":true,"href":"https:\/\/old2024.mujstromecek.cz\/ro\/wp-json\/wp\/v2\/users\/2"}],"replies":[{"embeddable":true,"href":"https:\/\/old2024.mujstromecek.cz\/ro\/wp-json\/wp\/v2\/comments?post=8372"}],"version-history":[{"count":1,"href":"https:\/\/old2024.mujstromecek.cz\/ro\/wp-json\/wp\/v2\/pages\/8372\/revisions"}],"predecessor-version":[{"id":94334,"href":"https:\/\/old2024.mujstromecek.cz\/ro\/wp-json\/wp\/v2\/pages\/8372\/revisions\/94334"}],"wp:attachment":[{"href":"https:\/\/old2024.mujstromecek.cz\/ro\/wp-json\/wp\/v2\/media?parent=8372"}],"curies":[{"name":"wp","href":"https:\/\/api.w.org\/{rel}","templated":true}]}}