{"id":8360,"date":"2020-07-17T08:22:16","date_gmt":"2020-07-17T08:22:16","guid":{"rendered":"https:\/\/mujstromecek.cz\/urmarirea-expedierii\/"},"modified":"2020-12-10T11:25:28","modified_gmt":"2020-12-10T11:25:28","slug":"urmarirea-expedierii","status":"publish","type":"page","link":"https:\/\/old2024.mujstromecek.cz\/ro\/urmarirea-expedierii\/","title":{"rendered":"Urm\u0103rirea expedierii"},"content":{"rendered":"\n\t\t<div data-elementor-type=\"section\" data-elementor-id=\"15694\" class=\"elementor elementor-15694 elementor-15583\" data-elementor-post-type=\"elementor_library\">\n\t\t\t\t\t<div class=\"elementor-section-wrap\">\n\t\t\t\t\t\t\t\t<section class=\"elementor-section elementor-top-section elementor-element elementor-element-f6b63da elementor-section-boxed elementor-section-height-default elementor-section-height-default\" data-id=\"f6b63da\" data-element_type=\"section\">\n\t\t\t\t\t\t<div class=\"elementor-container elementor-column-gap-default\">\n\t\t\t\t\t\t\t<div class=\"elementor-row\">\n\t\t\t\t\t<div class=\"elementor-column elementor-col-100 elementor-top-column elementor-element elementor-element-2cd8c22\" data-id=\"2cd8c22\" data-element_type=\"column\">\n\t\t\t<div class=\"elementor-column-wrap elementor-element-populated\">\n\t\t\t\t\t\t\t<div class=\"elementor-widget-wrap\">\n\t\t\t\t\t\t<div class=\"elementor-element elementor-element-e754087 elementor-widget elementor-widget-alert\" data-id=\"e754087\" data-element_type=\"widget\" data-widget_type=\"alert.default\">\n\t\t\t\t<div class=\"elementor-widget-container\">\n\t\t\t\t\t<div class=\"elementor-alert elementor-alert-warning\" role=\"alert\">\n\t\t\t<span class=\"elementor-alert-title\">Stima\u021bi clien\u021bi,<\/span>\n\t\t\t\t\t\t\t<span class=\"elementor-alert-description\"><p>compania de transport GLS ne-a informat c\u0103 livrarea comenzilor poate fi u\u0219or \u00eent\u00e2rziat\u0103. Livrarea arborelui dvs. poate fi u\u0219or \u00eent\u00e2rziat\u0103, dar nu v\u0103 face\u021bi griji, o vom face p\u00e2n\u0103 la Cr\u0103ciun!\u00a0<\/p><\/span>\n\t\t\t\t\t\t\t\t\t\t<button type=\"button\" class=\"elementor-alert-dismiss\">\n\t\t\t\t\t\t\t\t\t\t\t<span aria-hidden=\"true\">&times;<\/span>\n\t\t\t\t\t\t\t\t\t\t<span class=\"elementor-screen-only\">Dismiss this alert.<\/span>\n\t\t\t\t<\/button>\n\t\t\t\t\t<\/div>\n\t\t\t\t<\/div>\n\t\t\t\t<\/div>\n\t\t\t\t\t\t<\/div>\n\t\t\t\t\t<\/div>\n\t\t<\/div>\n\t\t\t\t\t\t\t\t<\/div>\n\t\t\t\t\t<\/div>\n\t\t<\/section>\n\t\t\t\t\t\t\t<\/div>\n\t\t\t\t<\/div>\n\t\t\n\n\n\n<h2 class=\"wp-block-heading\"><p><strong>GLS<\/strong><\/p>\r\n<p><strong>Tracking URL<\/strong>: <strong><a href=\"https:\/\/gls-group.eu\/RO\/ro\/urmarire-colet.html?match=\">https:\/\/gls-group.eu\/RO\/ro\/urmarire-colet.html?match=<\/a><\/strong><\/p>\r\n<p><strong>Departamentul Rela\u0163ii Clien\u0163i v\u0103 st\u0103 la dispozi\u0163ie de luni p\u00e2n\u0103 vineri, \u00een intervalul 08.00 \u2013 18.00. Ne pute\u021bi contacta complet\u00e2nd formularul de mai jos sau la num\u0103rul de telefon: 0269 501 900. A\u015ftept\u0103m cu ner\u0103bdare s\u0103 ne contacta\u0163i!<\/strong><\/p>\r\n<p><strong>Contact<\/strong>: <a href=\"https:\/\/gls-group.eu\/RO\/ro\/contact-gls\">https:\/\/gls-group.eu\/RO\/ro\/contact-gls<\/a><\/p><\/h2>\n\n\n\n<p><p><b>GLS<\/b><\/p><\/p>\n","protected":false},"excerpt":{"rendered":"<p>GLS Tracking URL: https:\/\/gls-group.eu\/RO\/ro\/urmarire-colet.html?match= Departamentul Rela\u0163ii Clien\u0163i v\u0103 st\u0103 la dispozi\u0163ie de luni p\u00e2n\u0103 vineri, \u00een intervalul 08.00 \u2013 18.00. Ne pute\u021bi contacta complet\u00e2nd formularul de mai jos sau la num\u0103rul de telefon: 0269 501 900. A\u015ftept\u0103m cu ner\u0103bdare s\u0103 ne contacta\u0163i! Contact: https:\/\/gls-group.eu\/RO\/ro\/contact-gls GLS<\/p>\n","protected":false},"author":1,"featured_media":0,"parent":0,"menu_order":0,"comment_status":"closed","ping_status":"closed","template":"","meta":{"footnotes":""},"class_list":["post-8360","page","type-page","status-publish","hentry"],"featured_image_urls":{"full":"","thumbnail":"","medium":"","medium_large":"","large":"","1536x1536":"","2048x2048":"","woocommerce_thumbnail":"","woocommerce_single":"","woocommerce_gallery_thumbnail":""},"post_excerpt_stackable":"<p>Stima\u021bi clien\u021bi, compania de transport GLS ne-a informat c\u0103 livrarea comenzilor poate fi u\u0219or \u00eent\u00e2rziat\u0103. Livrarea arborelui dvs. poate fi u\u0219or \u00eent\u00e2rziat\u0103, dar nu v\u0103 face\u021bi griji, o vom face p\u00e2n\u0103 la Cr\u0103ciun!\u00a0 &times; Dismiss this alert. GLS Tracking URL: https:\/\/gls-group.eu\/RO\/ro\/urmarire-colet.html?match= Departamentul Rela\u0163ii Clien\u0163i v\u0103 st\u0103 la dispozi\u0163ie de luni p\u00e2n\u0103 vineri, \u00een intervalul 08.00 \u2013 18.00. Ne pute\u021bi contacta complet\u00e2nd formularul de mai jos sau la num\u0103rul de telefon: 0269 501 900. A\u015ftept\u0103m cu ner\u0103bdare s\u0103 ne contacta\u0163i! Contact: https:\/\/gls-group.eu\/RO\/ro\/contact-gls GLS<\/p>\n","category_list":"","author_info":{"name":"admin","url":"https:\/\/old2024.mujstromecek.cz\/ro\/author\/lukas\/"},"comments_num":"0 comments","featured_image_urls_v2":{"full":"","thumbnail":"","medium":"","medium_large":"","large":"","1536x1536":"","2048x2048":"","woocommerce_thumbnail":"","woocommerce_single":"","woocommerce_gallery_thumbnail":""},"post_excerpt_stackable_v2":"<p>Stima\u021bi clien\u021bi, compania de transport GLS ne-a informat c\u0103 livrarea comenzilor poate fi u\u0219or \u00eent\u00e2rziat\u0103. Livrarea arborelui dvs. poate fi u\u0219or \u00eent\u00e2rziat\u0103, dar nu v\u0103 face\u021bi griji, o vom face p\u00e2n\u0103 la Cr\u0103ciun!\u00a0 &times; Dismiss this alert. GLS Tracking URL: https:\/\/gls-group.eu\/RO\/ro\/urmarire-colet.html?match= Departamentul Rela\u0163ii Clien\u0163i v\u0103 st\u0103 la dispozi\u0163ie de luni p\u00e2n\u0103 vineri, \u00een intervalul 08.00 \u2013 18.00. Ne pute\u021bi contacta complet\u00e2nd formularul de mai jos sau la num\u0103rul de telefon: 0269 501 900. A\u015ftept\u0103m cu ner\u0103bdare s\u0103 ne contacta\u0163i! Contact: https:\/\/gls-group.eu\/RO\/ro\/contact-gls GLS<\/p>\n","category_list_v2":"","author_info_v2":{"name":"admin","url":"https:\/\/old2024.mujstromecek.cz\/ro\/author\/lukas\/"},"comments_num_v2":"0 comments","yoast_head":"<!-- This site is optimized with the Yoast SEO plugin v21.1 - https:\/\/yoast.com\/wordpress\/plugins\/seo\/ -->\n<title>Urm\u0103rirea expedierii - BRADULMOSULUI.RO<\/title>\n<meta name=\"robots\" content=\"noindex, follow, max-snippet:-1, max-image-preview:large, max-video-preview:-1\" \/>\n<meta property=\"og:locale\" content=\"ro_RO\" \/>\n<meta property=\"og:type\" content=\"article\" \/>\n<meta property=\"og:title\" content=\"Urm\u0103rirea expedierii - BRADULMOSULUI.RO\" \/>\n<meta property=\"og:description\" content=\"GLS Tracking URL: https:\/\/gls-group.eu\/RO\/ro\/urmarire-colet.html?match= Departamentul Rela\u0163ii Clien\u0163i v\u0103 st\u0103 la dispozi\u0163ie de luni p\u00e2n\u0103 vineri, \u00een intervalul 08.00 \u2013 18.00. Ne pute\u021bi contacta complet\u00e2nd formularul de mai jos sau la num\u0103rul de telefon: 0269 501 900. A\u015ftept\u0103m cu ner\u0103bdare s\u0103 ne contacta\u0163i! Contact: https:\/\/gls-group.eu\/RO\/ro\/contact-gls GLS\" \/>\n<meta property=\"og:url\" content=\"https:\/\/old2024.mujstromecek.cz\/ro\/urmarirea-expedierii\/\" \/>\n<meta property=\"og:site_name\" content=\"BRADULMOSULUI.RO\" \/>\n<meta property=\"article:modified_time\" content=\"2020-12-10T11:25:28+00:00\" \/>\n<meta name=\"twitter:card\" content=\"summary_large_image\" \/>\n<script type=\"application\/ld+json\" class=\"yoast-schema-graph\">{\"@context\":\"https:\/\/schema.org\",\"@graph\":[{\"@type\":\"WebPage\",\"@id\":\"https:\/\/old2024.mujstromecek.cz\/ro\/urmarirea-expedierii\/\",\"url\":\"https:\/\/old2024.mujstromecek.cz\/ro\/urmarirea-expedierii\/\",\"name\":\"Urm\u0103rirea expedierii - BRADULMOSULUI.RO\",\"isPartOf\":{\"@id\":\"https:\/\/mojstromcek.sk\/#website\"},\"datePublished\":\"2020-07-17T08:22:16+00:00\",\"dateModified\":\"2020-12-10T11:25:28+00:00\",\"breadcrumb\":{\"@id\":\"https:\/\/old2024.mujstromecek.cz\/ro\/urmarirea-expedierii\/#breadcrumb\"},\"inLanguage\":\"ro-RO\",\"potentialAction\":[{\"@type\":\"ReadAction\",\"target\":[\"https:\/\/old2024.mujstromecek.cz\/ro\/urmarirea-expedierii\/\"]}]},{\"@type\":\"BreadcrumbList\",\"@id\":\"https:\/\/old2024.mujstromecek.cz\/ro\/urmarirea-expedierii\/#breadcrumb\",\"itemListElement\":[{\"@type\":\"ListItem\",\"position\":1,\"name\":\"Dom\u016f\",\"item\":\"https:\/\/old2024.mujstromecek.cz\/ro\/\"},{\"@type\":\"ListItem\",\"position\":2,\"name\":\"Urm\u0103rirea expedierii\"}]},{\"@type\":\"WebSite\",\"@id\":\"https:\/\/mojstromcek.sk\/#website\",\"url\":\"https:\/\/mojstromcek.sk\/\",\"name\":\"BRADULMOSULUI.RO\",\"description\":\"Pomi artificiali de Cr\u0103ciun\",\"potentialAction\":[{\"@type\":\"SearchAction\",\"target\":{\"@type\":\"EntryPoint\",\"urlTemplate\":\"https:\/\/mojstromcek.sk\/?s={search_term_string}\"},\"query-input\":\"required name=search_term_string\"}],\"inLanguage\":\"ro-RO\"}]}<\/script>\n<!-- \/ Yoast SEO plugin. -->","yoast_head_json":{"title":"Urm\u0103rirea expedierii - BRADULMOSULUI.RO","robots":{"index":"noindex","follow":"follow","max-snippet":"max-snippet:-1","max-image-preview":"max-image-preview:large","max-video-preview":"max-video-preview:-1"},"og_locale":"ro_RO","og_type":"article","og_title":"Urm\u0103rirea expedierii - BRADULMOSULUI.RO","og_description":"GLS Tracking URL: https:\/\/gls-group.eu\/RO\/ro\/urmarire-colet.html?match= Departamentul Rela\u0163ii Clien\u0163i v\u0103 st\u0103 la dispozi\u0163ie de luni p\u00e2n\u0103 vineri, \u00een intervalul 08.00 \u2013 18.00. Ne pute\u021bi contacta complet\u00e2nd formularul de mai jos sau la num\u0103rul de telefon: 0269 501 900. A\u015ftept\u0103m cu ner\u0103bdare s\u0103 ne contacta\u0163i! Contact: https:\/\/gls-group.eu\/RO\/ro\/contact-gls GLS","og_url":"https:\/\/old2024.mujstromecek.cz\/ro\/urmarirea-expedierii\/","og_site_name":"BRADULMOSULUI.RO","article_modified_time":"2020-12-10T11:25:28+00:00","twitter_card":"summary_large_image","schema":{"@context":"https:\/\/schema.org","@graph":[{"@type":"WebPage","@id":"https:\/\/old2024.mujstromecek.cz\/ro\/urmarirea-expedierii\/","url":"https:\/\/old2024.mujstromecek.cz\/ro\/urmarirea-expedierii\/","name":"Urm\u0103rirea expedierii - BRADULMOSULUI.RO","isPartOf":{"@id":"https:\/\/mojstromcek.sk\/#website"},"datePublished":"2020-07-17T08:22:16+00:00","dateModified":"2020-12-10T11:25:28+00:00","breadcrumb":{"@id":"https:\/\/old2024.mujstromecek.cz\/ro\/urmarirea-expedierii\/#breadcrumb"},"inLanguage":"ro-RO","potentialAction":[{"@type":"ReadAction","target":["https:\/\/old2024.mujstromecek.cz\/ro\/urmarirea-expedierii\/"]}]},{"@type":"BreadcrumbList","@id":"https:\/\/old2024.mujstromecek.cz\/ro\/urmarirea-expedierii\/#breadcrumb","itemListElement":[{"@type":"ListItem","position":1,"name":"Dom\u016f","item":"https:\/\/old2024.mujstromecek.cz\/ro\/"},{"@type":"ListItem","position":2,"name":"Urm\u0103rirea expedierii"}]},{"@type":"WebSite","@id":"https:\/\/mojstromcek.sk\/#website","url":"https:\/\/mojstromcek.sk\/","name":"BRADULMOSULUI.RO","description":"Pomi artificiali de Cr\u0103ciun","potentialAction":[{"@type":"SearchAction","target":{"@type":"EntryPoint","urlTemplate":"https:\/\/mojstromcek.sk\/?s={search_term_string}"},"query-input":"required name=search_term_string"}],"inLanguage":"ro-RO"}]}},"_links":{"self":[{"href":"https:\/\/old2024.mujstromecek.cz\/ro\/wp-json\/wp\/v2\/pages\/8360","targetHints":{"allow":["GET"]}}],"collection":[{"href":"https:\/\/old2024.mujstromecek.cz\/ro\/wp-json\/wp\/v2\/pages"}],"about":[{"href":"https:\/\/old2024.mujstromecek.cz\/ro\/wp-json\/wp\/v2\/types\/page"}],"author":[{"embeddable":true,"href":"https:\/\/old2024.mujstromecek.cz\/ro\/wp-json\/wp\/v2\/users\/1"}],"replies":[{"embeddable":true,"href":"https:\/\/old2024.mujstromecek.cz\/ro\/wp-json\/wp\/v2\/comments?post=8360"}],"version-history":[{"count":0,"href":"https:\/\/old2024.mujstromecek.cz\/ro\/wp-json\/wp\/v2\/pages\/8360\/revisions"}],"wp:attachment":[{"href":"https:\/\/old2024.mujstromecek.cz\/ro\/wp-json\/wp\/v2\/media?parent=8360"}],"curies":[{"name":"wp","href":"https:\/\/api.w.org\/{rel}","templated":true}]}}