{"id":8352,"date":"2020-07-17T08:14:32","date_gmt":"2020-07-17T08:14:32","guid":{"rendered":"https:\/\/mujstromecek.cz\/contacte\/"},"modified":"2023-09-29T10:21:05","modified_gmt":"2023-09-29T10:21:05","slug":"contacte","status":"publish","type":"page","link":"https:\/\/old2024.mujstromecek.cz\/ro\/contacte\/","title":{"rendered":"Contacte"},"content":{"rendered":"\n<p><\/p>\n\n\n\n<div class=\"wp-block-group\"><div class=\"wp-block-group__inner-container is-layout-flow wp-block-group-is-layout-flow\">\n<div class=\"wp-block-group\"><div class=\"wp-block-group__inner-container is-layout-flow wp-block-group-is-layout-flow\">\n<h2 class=\"p1\">SERVICE PENTRU CLIEN\u021aI<\/h2>\n<p class=\"p1\">Clien\u021bilor no\u0219tri le oferim un <b>sortiment larg de servicii adi\u021bionale<\/b> gra\u021bie c\u0103rora <b>cump\u0103r\u0103turile sunt foarte rapide \u0219i simple<\/b>.<\/p>\n<h3 class=\"p1\">Ave\u021bi o \u00eentrebare? Hai s\u0103 d\u0103m r\u0103spunsul<\/h3>\n<ul>\n<li>\n<p class=\"p1\">CITI\u021aI\u00a0<span class=\"s1\"><b>\u00ceNTREB\u0102RILE FRECVENTE<\/b><\/span>\u00a0ALE CLIEN\u021aILOR NO\u0218TRI<\/p>\n<\/li>\n<\/ul>\n<h3 class=\"p1\">Nu a\u021bi g\u0103sit r\u0103spunsul?<\/h3>\n<p class=\"p1\">Cu noi pute\u021bi comunica continuu prin intermediul:<\/p>\n<ul>\n<li class=\"li1\"><span class=\"s1\"><span class=\"s1\">e-mailului: <\/span><\/span><a href=\"mailto:info@bradulmosului.ro\"><b>info@bradulmosului.ro<\/b><\/a><\/li>\n<li class=\"li2\">chatului: jos \u00een dreapta<\/li>\n<li class=\"li2\">num\u0103rului de telefon: <a href=\"tel:0040373805296\">+40373805296<\/a> (08:00 \u2013 16:00)<\/li>\n<\/ul>\n<ul>\n<li class=\"p1\">Angaja\u021bii no\u0219tri vor r\u0103spunde cu pl\u0103cere la toate \u00eentreb\u0103rile dumneavoastr\u0103 sau vor ajuta cu plasarea comenzii.<\/li>\n<\/ul>\n<\/div><\/div>\n\n\n\n<div class=\"wp-block-columns is-layout-flex wp-container-core-columns-is-layout-9d6595d7 wp-block-columns-is-layout-flex\">\n<div class=\"wp-block-column is-layout-flow wp-block-column-is-layout-flow\">\n<h2 class=\"wp-block-heading\">Datele de facturare<\/h2>\n\n\n\n<p>All4Customer, s.r.o. I\u010c: 01824651 DI\u010c: CZ01824651 Hladnovsk\u00e1 1255\/23 710 00, Ostrava<\/p>\n<\/div>\n\n\n\n<div class=\"wp-block-column is-layout-flow wp-block-column-is-layout-flow\">\n<h2 class=\"wp-block-heading\">Angro<\/h2>\n\n\n\n<p>Tomas Turon<span class=\"s1\"><br \/><a href=\"mailto:office@allforcustomer.com\"><b>office@allforcustomer.com<\/b><\/a><br \/><\/span><\/p>\n<\/div>\n\n\n\n<div class=\"wp-block-column is-layout-flow wp-block-column-is-layout-flow\">\n<h2 class=\"wp-block-heading\">Alte contacte<\/h2>\n\n\n\n<p>Karel Vlcek (Marketing)<br \/><span class=\"s1\"><a href=\"mailto:info@bradulmosului.ro\"><b>info@bradulmosului.ro<\/b><\/a><\/span><\/p>\n\n\n\n<p>Pavel Onderka (Datele de facturare)<br \/><span class=\"s1\"><a href=\"mailto:info@bradulmosului.ro\"><b>info@bradulmosului.ro<\/b><\/a><\/span><\/p>\n<\/div>\n<\/div>\n\n\n\n<div class=\"wp-block-ugb-columns ugb-columns ugb-61a280c ugb-columns--design-plain ugb-columns--columns-2 ugb-main-block\"><div class=\"ugb-inner-block\"><div class=\"ugb-block-content\"><div class=\"ugb-columns__item ugb-61a280c-content-wrapper\">\n<div class=\"wp-block-ugb-column ugb-column ugb-3d50a0b ugb-column--design-plain ugb-main-block\"><div class=\"ugb-inner-block\"><div class=\"ugb-block-content\"><div class=\"ugb-column__item ugb-3d50a0b-column-wrapper\"><div class=\"ugb-column__content-wrapper\"><div class=\"wp-block-image\">\n<figure class=\"alignleft size-large\"><img decoding=\"async\" width=\"1024\" height=\"768\" src=\"https:\/\/old2024.mujstromecek.cz\/wp-content\/uploads\/2020\/06\/showroom-1024x768.jpeg\" alt=\"\" class=\"wp-image-6256\" srcset=\"https:\/\/old2024.mujstromecek.cz\/wp-content\/uploads\/2020\/06\/showroom-1024x768.jpeg 1024w, https:\/\/old2024.mujstromecek.cz\/wp-content\/uploads\/2020\/06\/showroom-300x225.jpeg 300w, https:\/\/old2024.mujstromecek.cz\/wp-content\/uploads\/2020\/06\/showroom-768x576.jpeg 768w, https:\/\/old2024.mujstromecek.cz\/wp-content\/uploads\/2020\/06\/showroom-1536x1152.jpeg 1536w, https:\/\/old2024.mujstromecek.cz\/wp-content\/uploads\/2020\/06\/showroom-600x450.jpeg 600w, https:\/\/old2024.mujstromecek.cz\/wp-content\/uploads\/2020\/06\/showroom.jpeg 1600w\" sizes=\"(max-width: 1024px) 100vw, 1024px\" \/><\/figure>\n<\/div><\/div><\/div><\/div><\/div><\/div>\n\n\n\n<div class=\"wp-block-ugb-column ugb-column ugb-1d91f4b ugb-column--design-plain ugb-main-block\"><div class=\"ugb-inner-block\"><div class=\"ugb-block-content\"><div class=\"ugb-column__item ugb-1d91f4b-column-wrapper\"><div class=\"ugb-column__content-wrapper\">\n<p><iframe style=\"border: 0;\" tabindex=\"0\" src=\"https:\/\/www.google.com\/maps\/embed?pb=!1m14!1m8!1m3!1d329326.0325305334!2d18.30526!3d49.845095!3m2!1i1024!2i768!4f13.1!3m3!1m2!1s0x4713e32a7ac60fa9%3A0xea9642a6fb882b28!2sHladnovsk%C3%A1%201255%2F23%2C%20710%2000%20Slezsk%C3%A1%20Ostrava%2C%20Czechia!5e0!3m2!1sen!2sus!4v1593526756270!5m2!1sen!2sus\" width=\"600\" height=\"450\" frameborder=\"0\" allowfullscreen=\"allowfullscreen\" aria-hidden=\"false\"><\/iframe><\/p>\n\n\n\n<p><\/p>\n<\/div><\/div><\/div><\/div><\/div>\n<\/div><\/div><\/div><\/div>\n\n\n\n<p><\/p>\n<\/div><\/div>\n\n\n","protected":false},"excerpt":{"rendered":"<p>SERVICE PENTRU CLIEN\u021aI Clien\u021bilor no\u0219tri le oferim un sortiment larg de servicii adi\u021bionale gra\u021bie c\u0103rora cump\u0103r\u0103turile sunt foarte rapide \u0219i simple. Ave\u021bi o \u00eentrebare? Hai s\u0103 d\u0103m r\u0103spunsul CITI\u021aI\u00a0\u00ceNTREB\u0102RILE FRECVENTE\u00a0ALE CLIEN\u021aILOR NO\u0218TRI Nu a\u021bi g\u0103sit r\u0103spunsul? Cu noi pute\u021bi comunica continuu prin intermediul: e-mailului: info@bradulmosului.ro chatului: jos \u00een dreapta num\u0103rului de telefon: +40373805296 (08:00 \u2013 [&hellip;]<\/p>\n","protected":false},"author":2,"featured_media":0,"parent":0,"menu_order":0,"comment_status":"closed","ping_status":"closed","template":"","meta":{"footnotes":""},"class_list":["post-8352","page","type-page","status-publish","hentry"],"featured_image_urls":{"full":"","thumbnail":"","medium":"","medium_large":"","large":"","1536x1536":"","2048x2048":"","woocommerce_thumbnail":"","woocommerce_single":"","woocommerce_gallery_thumbnail":""},"post_excerpt_stackable":"<p>SERVICE PENTRU CLIEN\u021aI Clien\u021bilor no\u0219tri le oferim un sortiment larg de servicii adi\u021bionale gra\u021bie c\u0103rora cump\u0103r\u0103turile sunt foarte rapide \u0219i simple. Ave\u021bi o \u00eentrebare? Hai s\u0103 d\u0103m r\u0103spunsul CITI\u021aI\u00a0\u00ceNTREB\u0102RILE FRECVENTE\u00a0ALE CLIEN\u021aILOR NO\u0218TRI Nu a\u021bi g\u0103sit r\u0103spunsul? Cu noi pute\u021bi comunica continuu prin intermediul: e-mailului: info@bradulmosului.ro chatului: jos \u00een dreapta num\u0103rului de telefon: +40373805296 (08:00 \u2013 16:00) Angaja\u021bii no\u0219tri vor r\u0103spunde cu pl\u0103cere la toate \u00eentreb\u0103rile dumneavoastr\u0103 sau vor ajuta cu plasarea comenzii. Datele de facturare All4Customer, s.r.o. I\u010c: 01824651 DI\u010c: CZ01824651 Hladnovsk\u00e1 1255\/23 710 00, Ostrava Angro Tomas Turonoffice@allforcustomer.com Alte contacte Karel Vlcek (Marketing)info@bradulmosului.ro Pavel Onderka (Datele de facturare)info@bradulmosului.ro<\/p>\n","category_list":"","author_info":{"name":"Jan Hanzl","url":"https:\/\/old2024.mujstromecek.cz\/ro\/author\/jan\/"},"comments_num":"0 comments","featured_image_urls_v2":{"full":"","thumbnail":"","medium":"","medium_large":"","large":"","1536x1536":"","2048x2048":"","woocommerce_thumbnail":"","woocommerce_single":"","woocommerce_gallery_thumbnail":""},"post_excerpt_stackable_v2":"<p>SERVICE PENTRU CLIEN\u021aI Clien\u021bilor no\u0219tri le oferim un sortiment larg de servicii adi\u021bionale gra\u021bie c\u0103rora cump\u0103r\u0103turile sunt foarte rapide \u0219i simple. Ave\u021bi o \u00eentrebare? Hai s\u0103 d\u0103m r\u0103spunsul CITI\u021aI\u00a0\u00ceNTREB\u0102RILE FRECVENTE\u00a0ALE CLIEN\u021aILOR NO\u0218TRI Nu a\u021bi g\u0103sit r\u0103spunsul? Cu noi pute\u021bi comunica continuu prin intermediul: e-mailului: info@bradulmosului.ro chatului: jos \u00een dreapta num\u0103rului de telefon: +40373805296 (08:00 \u2013 16:00) Angaja\u021bii no\u0219tri vor r\u0103spunde cu pl\u0103cere la toate \u00eentreb\u0103rile dumneavoastr\u0103 sau vor ajuta cu plasarea comenzii. Datele de facturare All4Customer, s.r.o. I\u010c: 01824651 DI\u010c: CZ01824651 Hladnovsk\u00e1 1255\/23 710 00, Ostrava Angro Tomas Turonoffice@allforcustomer.com Alte contacte Karel Vlcek (Marketing)info@bradulmosului.ro Pavel Onderka (Datele de facturare)info@bradulmosului.ro<\/p>\n","category_list_v2":"","author_info_v2":{"name":"Jan Hanzl","url":"https:\/\/old2024.mujstromecek.cz\/ro\/author\/jan\/"},"comments_num_v2":"0 comments","yoast_head":"<!-- This site is optimized with the Yoast SEO plugin v21.1 - https:\/\/yoast.com\/wordpress\/plugins\/seo\/ -->\n<title>Contacte - BRADULMOSULUI.RO<\/title>\n<meta name=\"robots\" content=\"noindex, follow, max-snippet:-1, max-image-preview:large, max-video-preview:-1\" \/>\n<meta property=\"og:locale\" content=\"ro_RO\" \/>\n<meta property=\"og:type\" content=\"article\" \/>\n<meta property=\"og:title\" content=\"Contacte - BRADULMOSULUI.RO\" \/>\n<meta property=\"og:description\" content=\"SERVICE PENTRU CLIEN\u021aI Clien\u021bilor no\u0219tri le oferim un sortiment larg de servicii adi\u021bionale gra\u021bie c\u0103rora cump\u0103r\u0103turile sunt foarte rapide \u0219i simple. Ave\u021bi o \u00eentrebare? Hai s\u0103 d\u0103m r\u0103spunsul CITI\u021aI\u00a0\u00ceNTREB\u0102RILE FRECVENTE\u00a0ALE CLIEN\u021aILOR NO\u0218TRI Nu a\u021bi g\u0103sit r\u0103spunsul? Cu noi pute\u021bi comunica continuu prin intermediul: e-mailului: info@bradulmosului.ro chatului: jos \u00een dreapta num\u0103rului de telefon: +40373805296 (08:00 \u2013 [&hellip;]\" \/>\n<meta property=\"og:url\" content=\"https:\/\/old2024.mujstromecek.cz\/ro\/contacte\/\" \/>\n<meta property=\"og:site_name\" content=\"BRADULMOSULUI.RO\" \/>\n<meta property=\"article:modified_time\" content=\"2023-09-29T10:21:05+00:00\" \/>\n<meta property=\"og:image\" content=\"https:\/\/old2024.mujstromecek.cz\/wp-content\/uploads\/2020\/06\/showroom-1024x768.jpeg\" \/>\n<meta name=\"twitter:card\" content=\"summary_large_image\" \/>\n<meta name=\"twitter:label1\" content=\"Timp estimat pentru citire\" \/>\n\t<meta name=\"twitter:data1\" content=\"1 minut\" \/>\n<script type=\"application\/ld+json\" class=\"yoast-schema-graph\">{\"@context\":\"https:\/\/schema.org\",\"@graph\":[{\"@type\":\"WebPage\",\"@id\":\"https:\/\/old2024.mujstromecek.cz\/ro\/contacte\/\",\"url\":\"https:\/\/old2024.mujstromecek.cz\/ro\/contacte\/\",\"name\":\"Contacte - BRADULMOSULUI.RO\",\"isPartOf\":{\"@id\":\"https:\/\/mojstromcek.sk\/#website\"},\"datePublished\":\"2020-07-17T08:14:32+00:00\",\"dateModified\":\"2023-09-29T10:21:05+00:00\",\"breadcrumb\":{\"@id\":\"https:\/\/old2024.mujstromecek.cz\/ro\/contacte\/#breadcrumb\"},\"inLanguage\":\"ro-RO\",\"potentialAction\":[{\"@type\":\"ReadAction\",\"target\":[\"https:\/\/old2024.mujstromecek.cz\/ro\/contacte\/\"]}]},{\"@type\":\"BreadcrumbList\",\"@id\":\"https:\/\/old2024.mujstromecek.cz\/ro\/contacte\/#breadcrumb\",\"itemListElement\":[{\"@type\":\"ListItem\",\"position\":1,\"name\":\"Dom\u016f\",\"item\":\"https:\/\/old2024.mujstromecek.cz\/ro\/\"},{\"@type\":\"ListItem\",\"position\":2,\"name\":\"Contacte\"}]},{\"@type\":\"WebSite\",\"@id\":\"https:\/\/mojstromcek.sk\/#website\",\"url\":\"https:\/\/mojstromcek.sk\/\",\"name\":\"BRADULMOSULUI.RO\",\"description\":\"Pomi artificiali de Cr\u0103ciun\",\"potentialAction\":[{\"@type\":\"SearchAction\",\"target\":{\"@type\":\"EntryPoint\",\"urlTemplate\":\"https:\/\/mojstromcek.sk\/?s={search_term_string}\"},\"query-input\":\"required name=search_term_string\"}],\"inLanguage\":\"ro-RO\"}]}<\/script>\n<!-- \/ Yoast SEO plugin. -->","yoast_head_json":{"title":"Contacte - BRADULMOSULUI.RO","robots":{"index":"noindex","follow":"follow","max-snippet":"max-snippet:-1","max-image-preview":"max-image-preview:large","max-video-preview":"max-video-preview:-1"},"og_locale":"ro_RO","og_type":"article","og_title":"Contacte - BRADULMOSULUI.RO","og_description":"SERVICE PENTRU CLIEN\u021aI Clien\u021bilor no\u0219tri le oferim un sortiment larg de servicii adi\u021bionale gra\u021bie c\u0103rora cump\u0103r\u0103turile sunt foarte rapide \u0219i simple. Ave\u021bi o \u00eentrebare? Hai s\u0103 d\u0103m r\u0103spunsul CITI\u021aI\u00a0\u00ceNTREB\u0102RILE FRECVENTE\u00a0ALE CLIEN\u021aILOR NO\u0218TRI Nu a\u021bi g\u0103sit r\u0103spunsul? Cu noi pute\u021bi comunica continuu prin intermediul: e-mailului: info@bradulmosului.ro chatului: jos \u00een dreapta num\u0103rului de telefon: +40373805296 (08:00 \u2013 [&hellip;]","og_url":"https:\/\/old2024.mujstromecek.cz\/ro\/contacte\/","og_site_name":"BRADULMOSULUI.RO","article_modified_time":"2023-09-29T10:21:05+00:00","og_image":[{"url":"https:\/\/old2024.mujstromecek.cz\/wp-content\/uploads\/2020\/06\/showroom-1024x768.jpeg"}],"twitter_card":"summary_large_image","twitter_misc":{"Timp estimat pentru citire":"1 minut"},"schema":{"@context":"https:\/\/schema.org","@graph":[{"@type":"WebPage","@id":"https:\/\/old2024.mujstromecek.cz\/ro\/contacte\/","url":"https:\/\/old2024.mujstromecek.cz\/ro\/contacte\/","name":"Contacte - BRADULMOSULUI.RO","isPartOf":{"@id":"https:\/\/mojstromcek.sk\/#website"},"datePublished":"2020-07-17T08:14:32+00:00","dateModified":"2023-09-29T10:21:05+00:00","breadcrumb":{"@id":"https:\/\/old2024.mujstromecek.cz\/ro\/contacte\/#breadcrumb"},"inLanguage":"ro-RO","potentialAction":[{"@type":"ReadAction","target":["https:\/\/old2024.mujstromecek.cz\/ro\/contacte\/"]}]},{"@type":"BreadcrumbList","@id":"https:\/\/old2024.mujstromecek.cz\/ro\/contacte\/#breadcrumb","itemListElement":[{"@type":"ListItem","position":1,"name":"Dom\u016f","item":"https:\/\/old2024.mujstromecek.cz\/ro\/"},{"@type":"ListItem","position":2,"name":"Contacte"}]},{"@type":"WebSite","@id":"https:\/\/mojstromcek.sk\/#website","url":"https:\/\/mojstromcek.sk\/","name":"BRADULMOSULUI.RO","description":"Pomi artificiali de Cr\u0103ciun","potentialAction":[{"@type":"SearchAction","target":{"@type":"EntryPoint","urlTemplate":"https:\/\/mojstromcek.sk\/?s={search_term_string}"},"query-input":"required name=search_term_string"}],"inLanguage":"ro-RO"}]}},"_links":{"self":[{"href":"https:\/\/old2024.mujstromecek.cz\/ro\/wp-json\/wp\/v2\/pages\/8352","targetHints":{"allow":["GET"]}}],"collection":[{"href":"https:\/\/old2024.mujstromecek.cz\/ro\/wp-json\/wp\/v2\/pages"}],"about":[{"href":"https:\/\/old2024.mujstromecek.cz\/ro\/wp-json\/wp\/v2\/types\/page"}],"author":[{"embeddable":true,"href":"https:\/\/old2024.mujstromecek.cz\/ro\/wp-json\/wp\/v2\/users\/2"}],"replies":[{"embeddable":true,"href":"https:\/\/old2024.mujstromecek.cz\/ro\/wp-json\/wp\/v2\/comments?post=8352"}],"version-history":[{"count":3,"href":"https:\/\/old2024.mujstromecek.cz\/ro\/wp-json\/wp\/v2\/pages\/8352\/revisions"}],"predecessor-version":[{"id":595762,"href":"https:\/\/old2024.mujstromecek.cz\/ro\/wp-json\/wp\/v2\/pages\/8352\/revisions\/595762"}],"wp:attachment":[{"href":"https:\/\/old2024.mujstromecek.cz\/ro\/wp-json\/wp\/v2\/media?parent=8352"}],"curies":[{"name":"wp","href":"https:\/\/api.w.org\/{rel}","templated":true}]}}