{"id":6191,"date":"2020-06-02T12:08:00","date_gmt":"2020-06-02T12:08:00","guid":{"rendered":"https:\/\/mujstromecek.cz\/2d-a-3d-jehlici-jaky-je-mezi-nimi-rozdil\/"},"modified":"2021-04-30T12:51:03","modified_gmt":"2021-04-30T12:51:03","slug":"dinferentele-dintre-pomii-cu-ace-2d-si-3d","status":"publish","type":"page","link":"https:\/\/old2024.mujstromecek.cz\/ro\/dinferentele-dintre-pomii-cu-ace-2d-si-3d\/","title":{"rendered":"Ace de conifere 2D, 3D \u0219i 100 % 3D.  Care este diferen\u021ba dintre acestea?"},"content":{"rendered":"\n<p>Perioada c\u00e2nd pomul de Cr\u0103ciun artificial era foarte pu\u021bin asem\u0103n\u0103tor cu cel real nu a trecut demult! Magazinul nostru pe internet ofer\u0103 pomi de Cr\u0103ciun care reprezint\u0103 o copie aproape perfect\u0103 a pomilor vii, \u0219i anume, \u00een primul r\u00e2nd, gra\u021bie crengu\u021belor realiste \u00een straturi dese fabricate din materiale PE (polietilen\u0103) \u0219i PVC (policlorur\u0103 de vinil) de calitate superioar\u0103. V\u0103 pute\u021bi alege pomi de Cr\u0103ciun cu ace de conifere 2D, 3D sau chiar 100 % 3D, care pot sus\u021bine multe dintre decora\u021biunile dumneavoastr\u0103. Nu a\u021bi auzit niciodat\u0103 despre o astfel de denumire? Citi\u021bi \u00eentregul nostru articol \u0219i afla\u021bi prin ce se deosebesc aceste modele de execu\u021bie.<\/p>\n\n\n\n<h3 class=\"wp-block-heading\"><p>POMI DE CR\u0102CIUN ARTIFICIALI CU<span class=\"ugb-highlight\" style=\"color: #d90000;\"> ACE DE CONIFERE 2D<\/span><\/p><\/h3>\n\n\n\n<p>Chiar dac\u0103 \u00een ultimii ani au ap\u0103rut pe pia\u021b\u0103&nbsp;pomi de Cr\u0103ciun artificiali&nbsp;cu ace de conifere 3 D, predecesorii acestora tot mai sunt foarte \u00eendr\u0103gi\u021bi de c\u0103tre clien\u021bii no\u0219tri. \u0218i nu e de mirare, este vorba de un model de o calitate foarte bun\u0103. Pomii de iarn\u0103 artificiali din ace de conifere clasice 2D sunt fabrica\u021bi din&nbsp;folii PVC&nbsp;t\u0103iate la lungimile, formele \u0219i densit\u0103\u021bile care se prelucreaz\u0103 ulterior \u00een mod exact. \u00cen cazul \u00een care c\u0103uta\u021bi o variant\u0103 mai ieftin\u0103, dar frumoas\u0103 de pom de Cr\u0103ciun, pomii de iarn\u0103 cu acele 2D sunt cea mai bun\u0103 op\u021biune pentru dumneavoastr\u0103!<\/p>\n\n\n\n<div style=\"height:20px\" aria-hidden=\"true\" class=\"wp-block-spacer\"><\/div>\n\n\n\n<figure class=\"wp-block-gallery columns-3 is-cropped wp-block-gallery-1 is-layout-flex wp-block-gallery-is-layout-flex\"><ul class=\"blocks-gallery-grid\"><li class=\"blocks-gallery-item\"><figure><img decoding=\"async\" width=\"600\" height=\"400\" src=\"https:\/\/mojstromcek.sk\/wp-content\/uploads\/2021\/04\/201_borovice_s_bilymi_konecky_9-600x400-1.jpeg\" alt=\"\" data-id=\"16504\" data-full-url=\"https:\/\/mojstromcek.sk\/wp-content\/uploads\/2021\/04\/201_borovice_s_bilymi_konecky_9-600x400-1.jpeg\" data-link=\"https:\/\/old2024.mujstromecek.cz\/2d-3d-a-100-3d-jehlici-jaky-je-mezi-nimi-rozdil\/201_borovice_s_bilymi_konecky_9-600x400-1\/\" class=\"wp-image-16504\" srcset=\"https:\/\/old2024.mujstromecek.cz\/wp-content\/uploads\/2021\/04\/201_borovice_s_bilymi_konecky_9-600x400-1.jpeg 600w, https:\/\/old2024.mujstromecek.cz\/wp-content\/uploads\/2021\/04\/201_borovice_s_bilymi_konecky_9-600x400-1-300x200.jpeg 300w\" sizes=\"(max-width: 600px) 100vw, 600px\" \/><\/figure><\/li><li class=\"blocks-gallery-item\"><figure><img decoding=\"async\" width=\"600\" height=\"400\" src=\"https:\/\/mojstromcek.sk\/wp-content\/uploads\/2021\/04\/202_borovice_se_zelenymi_konecky_8-600x400-1.jpeg\" alt=\"\" data-id=\"16510\" data-full-url=\"https:\/\/mojstromcek.sk\/wp-content\/uploads\/2021\/04\/202_borovice_se_zelenymi_konecky_8-600x400-1.jpeg\" data-link=\"https:\/\/old2024.mujstromecek.cz\/2d-3d-a-100-3d-jehlici-jaky-je-mezi-nimi-rozdil\/202_borovice_se_zelenymi_konecky_8-600x400-1\/\" class=\"wp-image-16510\" srcset=\"https:\/\/old2024.mujstromecek.cz\/wp-content\/uploads\/2021\/04\/202_borovice_se_zelenymi_konecky_8-600x400-1.jpeg 600w, https:\/\/old2024.mujstromecek.cz\/wp-content\/uploads\/2021\/04\/202_borovice_se_zelenymi_konecky_8-600x400-1-300x200.jpeg 300w\" sizes=\"(max-width: 600px) 100vw, 600px\" \/><\/figure><\/li><li class=\"blocks-gallery-item\"><figure><img decoding=\"async\" width=\"600\" height=\"400\" src=\"https:\/\/mojstromcek.sk\/wp-content\/uploads\/2021\/04\/203_smrk_norsky_4-600x400-1.jpeg\" alt=\"\" data-id=\"16516\" data-full-url=\"https:\/\/mojstromcek.sk\/wp-content\/uploads\/2021\/04\/203_smrk_norsky_4-600x400-1.jpeg\" data-link=\"https:\/\/old2024.mujstromecek.cz\/2d-3d-a-100-3d-jehlici-jaky-je-mezi-nimi-rozdil\/203_smrk_norsky_4-600x400-1\/\" class=\"wp-image-16516\" srcset=\"https:\/\/old2024.mujstromecek.cz\/wp-content\/uploads\/2021\/04\/203_smrk_norsky_4-600x400-1.jpeg 600w, https:\/\/old2024.mujstromecek.cz\/wp-content\/uploads\/2021\/04\/203_smrk_norsky_4-600x400-1-300x200.jpeg 300w\" sizes=\"(max-width: 600px) 100vw, 600px\" \/><\/figure><\/li><\/ul><\/figure>\n\n\n\n<h3 class=\"wp-block-heading\"><p>POMI DE CR\u0102CIUN ARTIFICIALI CU<span class=\"ugb-highlight\" style=\"color: #d90000;\"> ACE DE CONIFERE 3D<\/span><\/p><\/h3>\n\n\n\n<p>Fabricarea pomilor de Cr\u0103ciun artificiali din acele de conifere 3D moi este pu\u021bin mai dificil\u0103 \u0219i sunt necesare cele mai noi tehnologii \u0219i procedee de fabrica\u021bie.&nbsp;Pomii de Cr\u0103ciun&nbsp;marca\u021bi \u201cace de conifere 3D\u201c au capetele acelor de conifere vizibile fabricate din materiale PE de calitate care se fabric\u0103 prin turnare \u00een matri\u021be \u0219i astfel iau na\u0219tere p\u0103r\u021bi \u00eentregi de crengu\u021be. \u00cen partea central\u0103 a pomului de iarn\u0103 se afl\u0103 acele de conifere din&nbsp;PVC. Aceast\u0103&nbsp;combina\u021bie de materiale&nbsp;asigur\u0103 o abunden\u021b\u0103 mai mare de crengu\u021be \u0219i pre\u021b accesibil. Pomul de iarn\u0103 artificial cu ace de conifere 3D va ar\u0103ta foarte real \u0219i, prin aspectul s\u0103u, \u00eei va uimi pe prieteni \u0219i cei apropia\u021bi care nu-\u0219i vor putea lua ochii de la pomul dumneavoastr\u0103 de iarn\u0103!<\/p>\n\n\n\n<h3 class=\"wp-block-heading\"><p>Diferen\u021ba <span class=\"ugb-highlight\" style=\"color: #d90000;\">3D PREMIUM<\/span> vs <span class=\"ugb-highlight\" style=\"color: #d90000;\">3D EXCLUSIVE<\/span><\/p><\/h3>\n\n\n\n<p>Ambele colec\u021bii con\u021bin combina\u021bia de materiale PE \u0219i PVC, colec\u021bia 3D premium con\u021bine o propor\u021bie mai mare de crengu\u021be PE dec\u00e2t colec\u021bia 3D Exclusive.<\/p>\n\n\n\n<div style=\"height:20px\" aria-hidden=\"true\" class=\"wp-block-spacer\"><\/div>\n\n\n\n<figure class=\"wp-block-gallery columns-3 is-cropped wp-block-gallery-2 is-layout-flex wp-block-gallery-is-layout-flex\"><ul class=\"blocks-gallery-grid\"><li class=\"blocks-gallery-item\"><figure><img decoding=\"async\" width=\"600\" height=\"400\" src=\"https:\/\/mojstromcek.sk\/wp-content\/uploads\/2021\/04\/206_borovice_himalajska_5-600x400-1.jpeg\" alt=\"\" data-id=\"16522\" data-full-url=\"https:\/\/mojstromcek.sk\/wp-content\/uploads\/2021\/04\/206_borovice_himalajska_5-600x400-1.jpeg\" data-link=\"https:\/\/old2024.mujstromecek.cz\/2d-3d-a-100-3d-jehlici-jaky-je-mezi-nimi-rozdil\/206_borovice_himalajska_5-600x400-1\/\" class=\"wp-image-16522\" srcset=\"https:\/\/old2024.mujstromecek.cz\/wp-content\/uploads\/2021\/04\/206_borovice_himalajska_5-600x400-1.jpeg 600w, https:\/\/old2024.mujstromecek.cz\/wp-content\/uploads\/2021\/04\/206_borovice_himalajska_5-600x400-1-300x200.jpeg 300w\" sizes=\"(max-width: 600px) 100vw, 600px\" \/><\/figure><\/li><li class=\"blocks-gallery-item\"><figure><img decoding=\"async\" width=\"600\" height=\"400\" src=\"https:\/\/mojstromcek.sk\/wp-content\/uploads\/2021\/04\/208_jedle_kavkazska_5-600x400-1.jpeg\" alt=\"\" data-id=\"16528\" data-full-url=\"https:\/\/mojstromcek.sk\/wp-content\/uploads\/2021\/04\/208_jedle_kavkazska_5-600x400-1.jpeg\" data-link=\"https:\/\/old2024.mujstromecek.cz\/2d-3d-a-100-3d-jehlici-jaky-je-mezi-nimi-rozdil\/208_jedle_kavkazska_5-600x400-1\/\" class=\"wp-image-16528\" srcset=\"https:\/\/old2024.mujstromecek.cz\/wp-content\/uploads\/2021\/04\/208_jedle_kavkazska_5-600x400-1.jpeg 600w, https:\/\/old2024.mujstromecek.cz\/wp-content\/uploads\/2021\/04\/208_jedle_kavkazska_5-600x400-1-300x200.jpeg 300w\" sizes=\"(max-width: 600px) 100vw, 600px\" \/><\/figure><\/li><li class=\"blocks-gallery-item\"><figure><img decoding=\"async\" width=\"600\" height=\"400\" src=\"https:\/\/mojstromcek.sk\/wp-content\/uploads\/2021\/04\/211_smrk_himalajsky_4-600x400-1.jpeg\" alt=\"\" data-id=\"16534\" data-full-url=\"https:\/\/mojstromcek.sk\/wp-content\/uploads\/2021\/04\/211_smrk_himalajsky_4-600x400-1.jpeg\" data-link=\"https:\/\/old2024.mujstromecek.cz\/2d-3d-a-100-3d-jehlici-jaky-je-mezi-nimi-rozdil\/211_smrk_himalajsky_4-600x400-1\/\" class=\"wp-image-16534\" srcset=\"https:\/\/old2024.mujstromecek.cz\/wp-content\/uploads\/2021\/04\/211_smrk_himalajsky_4-600x400-1.jpeg 600w, https:\/\/old2024.mujstromecek.cz\/wp-content\/uploads\/2021\/04\/211_smrk_himalajsky_4-600x400-1-300x200.jpeg 300w\" sizes=\"(max-width: 600px) 100vw, 600px\" \/><\/figure><\/li><\/ul><\/figure>\n\n\n\n<h3 class=\"wp-block-heading\"><p>POMI DE CR\u0102CIUN ARTIFICIALI CU<span class=\"ugb-highlight\" style=\"color: #d90000;\"> 100% ACE DE CONIFERE 3D<\/span><\/p><\/h3>\n\n\n\n<p>Pomii de Cr\u0103ciun marca\u021bi \u201c100 % ace de conifere 3D\u201c sunt completa\u021bi integral din piese turnate 3D (materiale PE de calitate). Pomul nostru de iarn\u0103 CEL MAI EXCLUSIV este format 100% din ace de conifere 3D. Gra\u021bie acelor de conifere 3D de cea mai \u00eenalt\u0103 calitate, este cu totul imposibil de recunoscut de un pom viu. Se potrivesc perfect \u00een interioare de lux \u0219i tradi\u021bionale. Aspectul unic al pomilor no\u0219tri de iarn\u0103 din cea mai avansat\u0103 colec\u021bie, DIAMOND, este asigurat de echipa noastr\u0103 de designeri de produse cu experien\u021b\u0103. Prin ASPECTUL s\u0103u DE LUX, pomul de iarn\u0103 va crea, ca prin minune, o atmosfer\u0103 de Cr\u0103ciun veritabil\u0103. Vi-l pute\u021bi decora cum ve\u021bi dori, dup\u0103 gustul dumneavoastr\u0103 propriu.<\/p>\n\n\n\n<div style=\"height:40px\" aria-hidden=\"true\" class=\"wp-block-spacer\"><\/div>\n\n\n\n<figure class=\"wp-block-gallery columns-3 is-cropped wp-block-gallery-3 is-layout-flex wp-block-gallery-is-layout-flex\"><ul class=\"blocks-gallery-grid\"><li class=\"blocks-gallery-item\"><figure><img decoding=\"async\" width=\"600\" height=\"400\" src=\"https:\/\/mojstromcek.sk\/wp-content\/uploads\/2021\/04\/212_smrk_skandinavsky_3-600x400-1.jpeg\" alt=\"\" data-id=\"16541\" data-full-url=\"https:\/\/mojstromcek.sk\/wp-content\/uploads\/2021\/04\/212_smrk_skandinavsky_3-600x400-1.jpeg\" data-link=\"https:\/\/old2024.mujstromecek.cz\/2d-3d-a-100-3d-jehlici-jaky-je-mezi-nimi-rozdil\/212_smrk_skandinavsky_3-600x400-1\/\" class=\"wp-image-16541\" srcset=\"https:\/\/old2024.mujstromecek.cz\/wp-content\/uploads\/2021\/04\/212_smrk_skandinavsky_3-600x400-1.jpeg 600w, https:\/\/old2024.mujstromecek.cz\/wp-content\/uploads\/2021\/04\/212_smrk_skandinavsky_3-600x400-1-300x200.jpeg 300w\" sizes=\"(max-width: 600px) 100vw, 600px\" \/><\/figure><\/li><li class=\"blocks-gallery-item\"><figure><img decoding=\"async\" width=\"600\" height=\"400\" src=\"https:\/\/mojstromcek.sk\/wp-content\/uploads\/2021\/04\/212_smrk_skandinavsky_5-600x400-1.jpeg\" alt=\"\" data-id=\"16547\" data-full-url=\"https:\/\/mojstromcek.sk\/wp-content\/uploads\/2021\/04\/212_smrk_skandinavsky_5-600x400-1.jpeg\" data-link=\"https:\/\/old2024.mujstromecek.cz\/2d-3d-a-100-3d-jehlici-jaky-je-mezi-nimi-rozdil\/212_smrk_skandinavsky_5-600x400-1\/\" class=\"wp-image-16547\" srcset=\"https:\/\/old2024.mujstromecek.cz\/wp-content\/uploads\/2021\/04\/212_smrk_skandinavsky_5-600x400-1.jpeg 600w, https:\/\/old2024.mujstromecek.cz\/wp-content\/uploads\/2021\/04\/212_smrk_skandinavsky_5-600x400-1-300x200.jpeg 300w\" sizes=\"(max-width: 600px) 100vw, 600px\" \/><\/figure><\/li><li class=\"blocks-gallery-item\"><figure><img decoding=\"async\" width=\"600\" height=\"400\" src=\"https:\/\/mojstromcek.sk\/wp-content\/uploads\/2021\/04\/212_smrk_skandinavsky_6-600x400-1.jpeg\" alt=\"\" data-id=\"16553\" data-full-url=\"https:\/\/mojstromcek.sk\/wp-content\/uploads\/2021\/04\/212_smrk_skandinavsky_6-600x400-1.jpeg\" data-link=\"https:\/\/old2024.mujstromecek.cz\/2d-3d-a-100-3d-jehlici-jaky-je-mezi-nimi-rozdil\/212_smrk_skandinavsky_6-600x400-1\/\" class=\"wp-image-16553\" srcset=\"https:\/\/old2024.mujstromecek.cz\/wp-content\/uploads\/2021\/04\/212_smrk_skandinavsky_6-600x400-1.jpeg 600w, https:\/\/old2024.mujstromecek.cz\/wp-content\/uploads\/2021\/04\/212_smrk_skandinavsky_6-600x400-1-300x200.jpeg 300w\" sizes=\"(max-width: 600px) 100vw, 600px\" \/><\/figure><\/li><\/ul><\/figure>\n","protected":false},"excerpt":{"rendered":"<p>Perioada c\u00e2nd pomul de Cr\u0103ciun artificial era foarte pu\u021bin asem\u0103n\u0103tor cu cel real nu a trecut demult! Magazinul nostru pe internet ofer\u0103 pomi de Cr\u0103ciun care reprezint\u0103 o copie aproape perfect\u0103 a pomilor vii, \u0219i anume, \u00een primul r\u00e2nd, gra\u021bie crengu\u021belor realiste \u00een straturi dese fabricate din materiale PE (polietilen\u0103) \u0219i PVC (policlorur\u0103 de vinil) [&hellip;]<\/p>\n","protected":false},"author":2,"featured_media":0,"parent":0,"menu_order":0,"comment_status":"closed","ping_status":"closed","template":"","meta":{"footnotes":""},"class_list":["post-6191","page","type-page","status-publish","hentry"],"featured_image_urls":{"full":"","thumbnail":"","medium":"","medium_large":"","large":"","1536x1536":"","2048x2048":"","woocommerce_thumbnail":"","woocommerce_single":"","woocommerce_gallery_thumbnail":""},"post_excerpt_stackable":"<p>Perioada c\u00e2nd pomul de Cr\u0103ciun artificial era foarte pu\u021bin asem\u0103n\u0103tor cu cel real nu a trecut demult! Magazinul nostru pe internet ofer\u0103 pomi de Cr\u0103ciun care reprezint\u0103 o copie aproape perfect\u0103 a pomilor vii, \u0219i anume, \u00een primul r\u00e2nd, gra\u021bie crengu\u021belor realiste \u00een straturi dese fabricate din materiale PE (polietilen\u0103) \u0219i PVC (policlorur\u0103 de vinil) de calitate superioar\u0103. V\u0103 pute\u021bi alege pomi de Cr\u0103ciun cu ace de conifere 2D, 3D sau chiar 100 % 3D, care pot sus\u021bine multe dintre decora\u021biunile dumneavoastr\u0103. Nu a\u021bi auzit niciodat\u0103 despre o astfel de denumire? Citi\u021bi \u00eentregul nostru articol \u0219i afla\u021bi prin ce se&hellip;<\/p>\n","category_list":"","author_info":{"name":"Jan Hanzl","url":"https:\/\/old2024.mujstromecek.cz\/ro\/author\/jan\/"},"comments_num":"0 comments","featured_image_urls_v2":{"full":"","thumbnail":"","medium":"","medium_large":"","large":"","1536x1536":"","2048x2048":"","woocommerce_thumbnail":"","woocommerce_single":"","woocommerce_gallery_thumbnail":""},"post_excerpt_stackable_v2":"<p>Perioada c\u00e2nd pomul de Cr\u0103ciun artificial era foarte pu\u021bin asem\u0103n\u0103tor cu cel real nu a trecut demult! Magazinul nostru pe internet ofer\u0103 pomi de Cr\u0103ciun care reprezint\u0103 o copie aproape perfect\u0103 a pomilor vii, \u0219i anume, \u00een primul r\u00e2nd, gra\u021bie crengu\u021belor realiste \u00een straturi dese fabricate din materiale PE (polietilen\u0103) \u0219i PVC (policlorur\u0103 de vinil) de calitate superioar\u0103. V\u0103 pute\u021bi alege pomi de Cr\u0103ciun cu ace de conifere 2D, 3D sau chiar 100 % 3D, care pot sus\u021bine multe dintre decora\u021biunile dumneavoastr\u0103. Nu a\u021bi auzit niciodat\u0103 despre o astfel de denumire? Citi\u021bi \u00eentregul nostru articol \u0219i afla\u021bi prin ce se&hellip;<\/p>\n","category_list_v2":"","author_info_v2":{"name":"Jan Hanzl","url":"https:\/\/old2024.mujstromecek.cz\/ro\/author\/jan\/"},"comments_num_v2":"0 comments","yoast_head":"<!-- This site is optimized with the Yoast SEO plugin v21.1 - https:\/\/yoast.com\/wordpress\/plugins\/seo\/ -->\n<title>Ace de conifere 2D, 3D \u0219i 100 % 3D. Care este diferen\u021ba dintre acestea? - BRADULMOSULUI.RO<\/title>\n<meta name=\"robots\" content=\"noindex, follow, max-snippet:-1, max-image-preview:large, max-video-preview:-1\" \/>\n<meta property=\"og:locale\" content=\"ro_RO\" \/>\n<meta property=\"og:type\" content=\"article\" \/>\n<meta property=\"og:title\" content=\"Ace de conifere 2D, 3D \u0219i 100 % 3D. Care este diferen\u021ba dintre acestea? - BRADULMOSULUI.RO\" \/>\n<meta property=\"og:description\" content=\"Perioada c\u00e2nd pomul de Cr\u0103ciun artificial era foarte pu\u021bin asem\u0103n\u0103tor cu cel real nu a trecut demult! Magazinul nostru pe internet ofer\u0103 pomi de Cr\u0103ciun care reprezint\u0103 o copie aproape perfect\u0103 a pomilor vii, \u0219i anume, \u00een primul r\u00e2nd, gra\u021bie crengu\u021belor realiste \u00een straturi dese fabricate din materiale PE (polietilen\u0103) \u0219i PVC (policlorur\u0103 de vinil) [&hellip;]\" \/>\n<meta property=\"og:url\" content=\"https:\/\/old2024.mujstromecek.cz\/ro\/dinferentele-dintre-pomii-cu-ace-2d-si-3d\/\" \/>\n<meta property=\"og:site_name\" content=\"BRADULMOSULUI.RO\" \/>\n<meta property=\"article:modified_time\" content=\"2021-04-30T12:51:03+00:00\" \/>\n<meta property=\"og:image\" content=\"https:\/\/mojstromcek.sk\/wp-content\/uploads\/2021\/04\/201_borovice_s_bilymi_konecky_9-600x400-1.jpeg\" \/>\n<meta name=\"twitter:card\" content=\"summary_large_image\" \/>\n<meta name=\"twitter:label1\" content=\"Timp estimat pentru citire\" \/>\n\t<meta name=\"twitter:data1\" content=\"3 minute\" \/>\n<script type=\"application\/ld+json\" class=\"yoast-schema-graph\">{\"@context\":\"https:\/\/schema.org\",\"@graph\":[{\"@type\":\"WebPage\",\"@id\":\"https:\/\/old2024.mujstromecek.cz\/ro\/dinferentele-dintre-pomii-cu-ace-2d-si-3d\/\",\"url\":\"https:\/\/old2024.mujstromecek.cz\/ro\/dinferentele-dintre-pomii-cu-ace-2d-si-3d\/\",\"name\":\"Ace de conifere 2D, 3D \u0219i 100 % 3D. Care este diferen\u021ba dintre acestea? - BRADULMOSULUI.RO\",\"isPartOf\":{\"@id\":\"https:\/\/mojstromcek.sk\/#website\"},\"datePublished\":\"2020-06-02T12:08:00+00:00\",\"dateModified\":\"2021-04-30T12:51:03+00:00\",\"breadcrumb\":{\"@id\":\"https:\/\/old2024.mujstromecek.cz\/ro\/dinferentele-dintre-pomii-cu-ace-2d-si-3d\/#breadcrumb\"},\"inLanguage\":\"ro-RO\",\"potentialAction\":[{\"@type\":\"ReadAction\",\"target\":[\"https:\/\/old2024.mujstromecek.cz\/ro\/dinferentele-dintre-pomii-cu-ace-2d-si-3d\/\"]}]},{\"@type\":\"BreadcrumbList\",\"@id\":\"https:\/\/old2024.mujstromecek.cz\/ro\/dinferentele-dintre-pomii-cu-ace-2d-si-3d\/#breadcrumb\",\"itemListElement\":[{\"@type\":\"ListItem\",\"position\":1,\"name\":\"Dom\u016f\",\"item\":\"https:\/\/old2024.mujstromecek.cz\/ro\/\"},{\"@type\":\"ListItem\",\"position\":2,\"name\":\"Ace de conifere 2D, 3D \u0219i 100 % 3D. Care este diferen\u021ba dintre acestea?\"}]},{\"@type\":\"WebSite\",\"@id\":\"https:\/\/mojstromcek.sk\/#website\",\"url\":\"https:\/\/mojstromcek.sk\/\",\"name\":\"BRADULMOSULUI.RO\",\"description\":\"Pomi artificiali de Cr\u0103ciun\",\"potentialAction\":[{\"@type\":\"SearchAction\",\"target\":{\"@type\":\"EntryPoint\",\"urlTemplate\":\"https:\/\/mojstromcek.sk\/?s={search_term_string}\"},\"query-input\":\"required name=search_term_string\"}],\"inLanguage\":\"ro-RO\"}]}<\/script>\n<!-- \/ Yoast SEO plugin. -->","yoast_head_json":{"title":"Ace de conifere 2D, 3D \u0219i 100 % 3D. Care este diferen\u021ba dintre acestea? - BRADULMOSULUI.RO","robots":{"index":"noindex","follow":"follow","max-snippet":"max-snippet:-1","max-image-preview":"max-image-preview:large","max-video-preview":"max-video-preview:-1"},"og_locale":"ro_RO","og_type":"article","og_title":"Ace de conifere 2D, 3D \u0219i 100 % 3D. Care este diferen\u021ba dintre acestea? - BRADULMOSULUI.RO","og_description":"Perioada c\u00e2nd pomul de Cr\u0103ciun artificial era foarte pu\u021bin asem\u0103n\u0103tor cu cel real nu a trecut demult! Magazinul nostru pe internet ofer\u0103 pomi de Cr\u0103ciun care reprezint\u0103 o copie aproape perfect\u0103 a pomilor vii, \u0219i anume, \u00een primul r\u00e2nd, gra\u021bie crengu\u021belor realiste \u00een straturi dese fabricate din materiale PE (polietilen\u0103) \u0219i PVC (policlorur\u0103 de vinil) [&hellip;]","og_url":"https:\/\/old2024.mujstromecek.cz\/ro\/dinferentele-dintre-pomii-cu-ace-2d-si-3d\/","og_site_name":"BRADULMOSULUI.RO","article_modified_time":"2021-04-30T12:51:03+00:00","og_image":[{"url":"https:\/\/mojstromcek.sk\/wp-content\/uploads\/2021\/04\/201_borovice_s_bilymi_konecky_9-600x400-1.jpeg"}],"twitter_card":"summary_large_image","twitter_misc":{"Timp estimat pentru citire":"3 minute"},"schema":{"@context":"https:\/\/schema.org","@graph":[{"@type":"WebPage","@id":"https:\/\/old2024.mujstromecek.cz\/ro\/dinferentele-dintre-pomii-cu-ace-2d-si-3d\/","url":"https:\/\/old2024.mujstromecek.cz\/ro\/dinferentele-dintre-pomii-cu-ace-2d-si-3d\/","name":"Ace de conifere 2D, 3D \u0219i 100 % 3D. Care este diferen\u021ba dintre acestea? - BRADULMOSULUI.RO","isPartOf":{"@id":"https:\/\/mojstromcek.sk\/#website"},"datePublished":"2020-06-02T12:08:00+00:00","dateModified":"2021-04-30T12:51:03+00:00","breadcrumb":{"@id":"https:\/\/old2024.mujstromecek.cz\/ro\/dinferentele-dintre-pomii-cu-ace-2d-si-3d\/#breadcrumb"},"inLanguage":"ro-RO","potentialAction":[{"@type":"ReadAction","target":["https:\/\/old2024.mujstromecek.cz\/ro\/dinferentele-dintre-pomii-cu-ace-2d-si-3d\/"]}]},{"@type":"BreadcrumbList","@id":"https:\/\/old2024.mujstromecek.cz\/ro\/dinferentele-dintre-pomii-cu-ace-2d-si-3d\/#breadcrumb","itemListElement":[{"@type":"ListItem","position":1,"name":"Dom\u016f","item":"https:\/\/old2024.mujstromecek.cz\/ro\/"},{"@type":"ListItem","position":2,"name":"Ace de conifere 2D, 3D \u0219i 100 % 3D. Care este diferen\u021ba dintre acestea?"}]},{"@type":"WebSite","@id":"https:\/\/mojstromcek.sk\/#website","url":"https:\/\/mojstromcek.sk\/","name":"BRADULMOSULUI.RO","description":"Pomi artificiali de Cr\u0103ciun","potentialAction":[{"@type":"SearchAction","target":{"@type":"EntryPoint","urlTemplate":"https:\/\/mojstromcek.sk\/?s={search_term_string}"},"query-input":"required name=search_term_string"}],"inLanguage":"ro-RO"}]}},"_links":{"self":[{"href":"https:\/\/old2024.mujstromecek.cz\/ro\/wp-json\/wp\/v2\/pages\/6191","targetHints":{"allow":["GET"]}}],"collection":[{"href":"https:\/\/old2024.mujstromecek.cz\/ro\/wp-json\/wp\/v2\/pages"}],"about":[{"href":"https:\/\/old2024.mujstromecek.cz\/ro\/wp-json\/wp\/v2\/types\/page"}],"author":[{"embeddable":true,"href":"https:\/\/old2024.mujstromecek.cz\/ro\/wp-json\/wp\/v2\/users\/2"}],"replies":[{"embeddable":true,"href":"https:\/\/old2024.mujstromecek.cz\/ro\/wp-json\/wp\/v2\/comments?post=6191"}],"version-history":[{"count":0,"href":"https:\/\/old2024.mujstromecek.cz\/ro\/wp-json\/wp\/v2\/pages\/6191\/revisions"}],"wp:attachment":[{"href":"https:\/\/old2024.mujstromecek.cz\/ro\/wp-json\/wp\/v2\/media?parent=6191"}],"curies":[{"name":"wp","href":"https:\/\/api.w.org\/{rel}","templated":true}]}}