{"id":6109,"date":"2020-05-29T09:56:13","date_gmt":"2020-05-29T09:56:13","guid":{"rendered":"https:\/\/mujstromecek.cz\/doprava-a-platba-ro\/"},"modified":"2022-10-28T15:30:52","modified_gmt":"2022-10-28T15:30:52","slug":"transport-si-plata","status":"publish","type":"page","link":"https:\/\/old2024.mujstromecek.cz\/ro\/transport-si-plata\/","title":{"rendered":"Transport \u0219i plat\u0103"},"content":{"rendered":"\t\t<div data-elementor-type=\"section\" data-elementor-id=\"92397\" class=\"elementor elementor-92397 elementor-17111\" data-elementor-post-type=\"elementor_library\">\n\t\t\t\t\t<div class=\"elementor-section-wrap\">\n\t\t\t\t\t\t\t\t<section class=\"elementor-section elementor-top-section elementor-element elementor-element-48e198c elementor-section-boxed elementor-section-height-default elementor-section-height-default\" data-id=\"48e198c\" data-element_type=\"section\">\n\t\t\t\t\t\t<div class=\"elementor-container elementor-column-gap-default\">\n\t\t\t\t\t\t\t<div class=\"elementor-row\">\n\t\t\t\t\t<div class=\"elementor-column elementor-col-100 elementor-top-column elementor-element elementor-element-1cb8f78\" data-id=\"1cb8f78\" data-element_type=\"column\">\n\t\t\t<div class=\"elementor-column-wrap elementor-element-populated\">\n\t\t\t\t\t\t\t<div class=\"elementor-widget-wrap\">\n\t\t\t\t\t\t<div class=\"elementor-element elementor-element-0d0dc2b elementor-icon-list--layout-traditional elementor-list-item-link-full_width elementor-widget elementor-widget-icon-list\" data-id=\"0d0dc2b\" data-element_type=\"widget\" data-widget_type=\"icon-list.default\">\n\t\t\t\t<div class=\"elementor-widget-container\">\n\t\t\t\t\t<ul class=\"elementor-icon-list-items\">\n\t\t\t\t\t\t\t<li class=\"elementor-icon-list-item\">\n\t\t\t\t\t\t\t\t\t\t\t<span class=\"elementor-icon-list-icon\">\n\t\t\t\t\t\t\t<svg xmlns=\"http:\/\/www.w3.org\/2000\/svg\" viewBox=\"0 0 24 24\"><defs><style>.a{fill:#d80001;}<\/style><\/defs><path class=\"a\" d=\"M8,24a3,3,0,1,1,3-3A3,3,0,0,1,8,24Zm0-4a1,1,0,1,0,1,1A1,1,0,0,0,8,20Z\"><\/path><path class=\"a\" d=\"M20,24a3,3,0,1,1,3-3A3,3,0,0,1,20,24Zm0-4a1,1,0,1,0,1,1A1,1,0,0,0,20,20Z\"><\/path><path class=\"a\" d=\"M19.3,17H8.8a3,3,0,0,1-3-2.6L4.21,2.84A1,1,0,0,0,3.2,2H1A1,1,0,0,1,1,0H3.2a3,3,0,0,1,3,2.6L6.53,5H23a1,1,0,0,1,.77.37A1,1,0,0,1,24,6.2l-1.7,8.4A3,3,0,0,1,19.3,17ZM6.8,7l1,7.16a1,1,0,0,0,1,.84H19.3a1,1,0,0,0,1-.8L21.78,7Z\"><\/path><\/svg>\t\t\t\t\t\t<\/span>\n\t\t\t\t\t\t\t\t\t\t<span class=\"elementor-icon-list-text\">Transport \u0219i plat\u0103<\/span>\n\t\t\t\t\t\t\t\t\t<\/li>\n\t\t\t\t\t\t<\/ul>\n\t\t\t\t<\/div>\n\t\t\t\t<\/div>\n\t\t\t\t<div class=\"elementor-element elementor-element-a581376 elementor-widget elementor-widget-image\" data-id=\"a581376\" data-element_type=\"widget\" data-widget_type=\"image.default\">\n\t\t\t\t<div class=\"elementor-widget-container\">\n\t\t\t\t\t\t\t\t<div class=\"elementor-image\">\n\t\t\t\t\t\t\t\t\t\t\t\t<img decoding=\"async\" width=\"800\" height=\"220\" src=\"https:\/\/old2024.mujstromecek.cz\/wp-content\/uploads\/2021\/05\/doprava-platba-img-1024x281.jpg\" class=\"attachment-large size-large wp-image-17148\" alt=\"\" srcset=\"https:\/\/old2024.mujstromecek.cz\/wp-content\/uploads\/2021\/05\/doprava-platba-img-1024x281.jpg 1024w, https:\/\/old2024.mujstromecek.cz\/wp-content\/uploads\/2021\/05\/doprava-platba-img-300x82.jpg 300w, https:\/\/old2024.mujstromecek.cz\/wp-content\/uploads\/2021\/05\/doprava-platba-img-768x211.jpg 768w, https:\/\/old2024.mujstromecek.cz\/wp-content\/uploads\/2021\/05\/doprava-platba-img-600x165.jpg 600w, https:\/\/old2024.mujstromecek.cz\/wp-content\/uploads\/2021\/05\/doprava-platba-img.jpg 1049w\" sizes=\"(max-width: 800px) 100vw, 800px\" \/>\t\t\t\t\t\t\t\t\t\t\t\t\t\t<\/div>\n\t\t\t\t\t\t<\/div>\n\t\t\t\t<\/div>\n\t\t\t\t\t\t<\/div>\n\t\t\t\t\t<\/div>\n\t\t<\/div>\n\t\t\t\t\t\t\t\t<\/div>\n\t\t\t\t\t<\/div>\n\t\t<\/section>\n\t\t\t\t<section class=\"elementor-section elementor-top-section elementor-element elementor-element-ec5e845 elementor-section-boxed elementor-section-height-default elementor-section-height-default\" data-id=\"ec5e845\" data-element_type=\"section\">\n\t\t\t\t\t\t<div class=\"elementor-container elementor-column-gap-default\">\n\t\t\t\t\t\t\t<div class=\"elementor-row\">\n\t\t\t\t\t<div class=\"elementor-column elementor-col-50 elementor-top-column elementor-element elementor-element-60179c7\" data-id=\"60179c7\" data-element_type=\"column\">\n\t\t\t<div class=\"elementor-column-wrap elementor-element-populated\">\n\t\t\t\t\t\t\t<div class=\"elementor-widget-wrap\">\n\t\t\t\t\t\t<div class=\"elementor-element elementor-element-41cfa79 elementor-icon-list--layout-traditional elementor-list-item-link-full_width elementor-widget elementor-widget-icon-list\" data-id=\"41cfa79\" data-element_type=\"widget\" data-widget_type=\"icon-list.default\">\n\t\t\t\t<div class=\"elementor-widget-container\">\n\t\t\t\t\t<ul class=\"elementor-icon-list-items\">\n\t\t\t\t\t\t\t<li class=\"elementor-icon-list-item\">\n\t\t\t\t\t\t\t\t\t\t\t<span class=\"elementor-icon-list-icon\">\n\t\t\t\t\t\t\t<svg xmlns=\"http:\/\/www.w3.org\/2000\/svg\" viewBox=\"0 0 22 22\"><defs><style>.a{fill:#d80001;}<\/style><\/defs><path class=\"a\" d=\"M12,23A11,11,0,1,1,23,12,11,11,0,0,1,12,23ZM12,3a9,9,0,1,0,9,9A9,9,0,0,0,12,3Z\" transform=\"translate(-1 -1)\"><\/path><path class=\"a\" d=\"M22,13H2a1,1,0,0,1,0-2H22a1,1,0,0,1,0,2Z\" transform=\"translate(-1 -1)\"><\/path><path class=\"a\" d=\"M12,23a1,1,0,0,1-.73-.32A16.26,16.26,0,0,1,7,12,16.29,16.29,0,0,1,11.27,1.32a1,1,0,0,1,1.46,0A16.26,16.26,0,0,1,17,12a16.29,16.29,0,0,1-4.27,10.71A1,1,0,0,1,12,23ZM12,3.54A14.35,14.35,0,0,0,9,12a14.29,14.29,0,0,0,3,8.43A14.35,14.35,0,0,0,15,12,14.29,14.29,0,0,0,12,3.54Z\" transform=\"translate(-1 -1)\"><\/path><\/svg>\t\t\t\t\t\t<\/span>\n\t\t\t\t\t\t\t\t\t\t<span class=\"elementor-icon-list-text\">Modalitate de transport<\/span>\n\t\t\t\t\t\t\t\t\t<\/li>\n\t\t\t\t\t\t<\/ul>\n\t\t\t\t<\/div>\n\t\t\t\t<\/div>\n\t\t\t\t<div class=\"elementor-element elementor-element-2216ea0 elementor-widget elementor-widget-text-editor\" data-id=\"2216ea0\" data-element_type=\"widget\" data-widget_type=\"text-editor.default\">\n\t\t\t\t<div class=\"elementor-widget-container\">\n\t\t\t\t\t\t\t\t<div class=\"elementor-text-editor elementor-clearfix\">\n\t\t\t\t<p>Pentru livrarea produselor c\u0103tre client folosim serviciile societ\u0103\u021bii de transport GLS.<\/p>\t\t\t\t\t<\/div>\n\t\t\t\t\t\t<\/div>\n\t\t\t\t<\/div>\n\t\t\t\t<div class=\"elementor-element elementor-element-91d3618 elementor-icon-list--layout-traditional elementor-list-item-link-full_width elementor-widget elementor-widget-icon-list\" data-id=\"91d3618\" data-element_type=\"widget\" data-widget_type=\"icon-list.default\">\n\t\t\t\t<div class=\"elementor-widget-container\">\n\t\t\t\t\t<ul class=\"elementor-icon-list-items\">\n\t\t\t\t\t\t\t<li class=\"elementor-icon-list-item\">\n\t\t\t\t\t\t\t\t\t\t\t<span class=\"elementor-icon-list-icon\">\n\t\t\t\t\t\t\t<i aria-hidden=\"true\" class=\"fas fa-genderless\"><\/i>\t\t\t\t\t\t<\/span>\n\t\t\t\t\t\t\t\t\t\t<span class=\"elementor-icon-list-text\"><strong>\u00ceN CADRUL REPUBLICA ROMANIA TRANSPORTUL ESTE GRATUIT!<\/strong><\/span>\n\t\t\t\t\t\t\t\t\t<\/li>\n\t\t\t\t\t\t\t\t<li class=\"elementor-icon-list-item\">\n\t\t\t\t\t\t\t\t\t\t\t<span class=\"elementor-icon-list-icon\">\n\t\t\t\t\t\t\t<i aria-hidden=\"true\" class=\"fas fa-genderless\"><\/i>\t\t\t\t\t\t<\/span>\n\t\t\t\t\t\t\t\t\t\t<span class=\"elementor-icon-list-text\"><strong>Termen de livrare: \u00een 3-5 zile de la expediere!<\/strong><\/span>\n\t\t\t\t\t\t\t\t\t<\/li>\n\t\t\t\t\t\t\t\t<li class=\"elementor-icon-list-item\">\n\t\t\t\t\t\t\t\t\t\t\t<span class=\"elementor-icon-list-icon\">\n\t\t\t\t\t\t\t<i aria-hidden=\"true\" class=\"fas fa-genderless\"><\/i>\t\t\t\t\t\t<\/span>\n\t\t\t\t\t\t\t\t\t\t<span class=\"elementor-icon-list-text\"><strong>V\u0103 vom informa \u00een leg\u0103tur\u0103 cu data exact\u0103.<\/strong><\/span>\n\t\t\t\t\t\t\t\t\t<\/li>\n\t\t\t\t\t\t\t\t<li class=\"elementor-icon-list-item\">\n\t\t\t\t\t\t\t\t\t\t\t<span class=\"elementor-icon-list-icon\">\n\t\t\t\t\t\t\t<i aria-hidden=\"true\" class=\"fas fa-genderless\"><\/i>\t\t\t\t\t\t<\/span>\n\t\t\t\t\t\t\t\t\t\t<span class=\"elementor-icon-list-text\">\u00cen cazul \u00een care dori\u021bi s\u0103 v\u0103 livr\u0103m pomul de iarn\u0103 \u00eentr-un alt stat al UE, atunci v\u0103 rug\u0103m s\u0103 ne contacta\u021bi pe adresa de e-mail info@bradulmosului.ro<\/span>\n\t\t\t\t\t\t\t\t\t<\/li>\n\t\t\t\t\t\t<\/ul>\n\t\t\t\t<\/div>\n\t\t\t\t<\/div>\n\t\t\t\t\t\t<\/div>\n\t\t\t\t\t<\/div>\n\t\t<\/div>\n\t\t\t\t<div class=\"elementor-column elementor-col-50 elementor-top-column elementor-element elementor-element-a6bc478\" data-id=\"a6bc478\" data-element_type=\"column\">\n\t\t\t<div class=\"elementor-column-wrap elementor-element-populated\">\n\t\t\t\t\t\t\t<div class=\"elementor-widget-wrap\">\n\t\t\t\t\t\t<div class=\"elementor-element elementor-element-4708a18 elementor-icon-list--layout-traditional elementor-list-item-link-full_width elementor-widget elementor-widget-icon-list\" data-id=\"4708a18\" data-element_type=\"widget\" data-widget_type=\"icon-list.default\">\n\t\t\t\t<div class=\"elementor-widget-container\">\n\t\t\t\t\t<ul class=\"elementor-icon-list-items\">\n\t\t\t\t\t\t\t<li class=\"elementor-icon-list-item\">\n\t\t\t\t\t\t\t\t\t\t\t<span class=\"elementor-icon-list-icon\">\n\t\t\t\t\t\t\t<svg xmlns=\"http:\/\/www.w3.org\/2000\/svg\" viewBox=\"0 0 24 18\"><defs><style>.a{fill:#d80001;}<\/style><\/defs><path class=\"a\" d=\"M21,21H3a3,3,0,0,1-3-3V6A3,3,0,0,1,3,3H21a3,3,0,0,1,3,3V18A3,3,0,0,1,21,21ZM2,11v7a1,1,0,0,0,1,1H21a1,1,0,0,0,1-1V11ZM2,9H22V6a1,1,0,0,0-1-1H3A1,1,0,0,0,2,6Z\" transform=\"translate(0 -3)\"><\/path><\/svg>\t\t\t\t\t\t<\/span>\n\t\t\t\t\t\t\t\t\t\t<span class=\"elementor-icon-list-text\">Modalitate de plat\u0103<\/span>\n\t\t\t\t\t\t\t\t\t<\/li>\n\t\t\t\t\t\t<\/ul>\n\t\t\t\t<\/div>\n\t\t\t\t<\/div>\n\t\t\t\t<div class=\"elementor-element elementor-element-986206f elementor-widget elementor-widget-text-editor\" data-id=\"986206f\" data-element_type=\"widget\" data-widget_type=\"text-editor.default\">\n\t\t\t\t<div class=\"elementor-widget-container\">\n\t\t\t\t\t\t\t\t<div class=\"elementor-text-editor elementor-clearfix\">\n\t\t\t\t<p>Pre\u021bul produselor \u0219i cheltuielile legate de livrarea produselor pot fi achitate de c\u0103tre cump\u0103r\u0103tor prin modalit\u0103\u021bile de mai jos:<\/p>\t\t\t\t\t<\/div>\n\t\t\t\t\t\t<\/div>\n\t\t\t\t<\/div>\n\t\t\t\t<div class=\"elementor-element elementor-element-78e654b elementor-icon-list--layout-traditional elementor-list-item-link-full_width elementor-widget elementor-widget-icon-list\" data-id=\"78e654b\" data-element_type=\"widget\" data-widget_type=\"icon-list.default\">\n\t\t\t\t<div class=\"elementor-widget-container\">\n\t\t\t\t\t<ul class=\"elementor-icon-list-items\">\n\t\t\t\t\t\t\t<li class=\"elementor-icon-list-item\">\n\t\t\t\t\t\t\t\t\t\t\t<span class=\"elementor-icon-list-icon\">\n\t\t\t\t\t\t\t<svg xmlns=\"http:\/\/www.w3.org\/2000\/svg\" viewBox=\"0 0 456 336\"><defs><style>.a{fill:#d80001;}<\/style><\/defs><path class=\"a\" d=\"M476,88H36a8,8,0,0,0-8,8h0V336a8,8,0,0,0,8,8H476a8,8,0,0,0,8-8h0V96a8,8,0,0,0-8-8Zm-8,240H44V104H468Z\" transform=\"translate(-28 -88)\"><\/path><path class=\"a\" d=\"M76,272a24.07,24.07,0,0,1,24,24,8,8,0,0,0,8,8h76a8,8,0,0,0,0-16H115.2A40,40,0,0,0,84,256.8V175.2A40,40,0,0,0,115.2,144H184a8,8,0,0,0,0-16H108a8,8,0,0,0-8,8h0a24.07,24.07,0,0,1-24,24,8,8,0,0,0-8,8h0v96a8,8,0,0,0,8,8Z\" transform=\"translate(-28 -88)\"><\/path><path class=\"a\" d=\"M328,144h68.8A40,40,0,0,0,428,175.2v81.6A40,40,0,0,0,396.8,288H328a8,8,0,0,0,0,16h76a8,8,0,0,0,8-8h0a24.07,24.07,0,0,1,24-24,8,8,0,0,0,8-8h0V168a8,8,0,0,0-8-8h0a24.07,24.07,0,0,1-24-24,8,8,0,0,0-8-8H328a8,8,0,0,0,0,16Z\" transform=\"translate(-28 -88)\"><\/path><path class=\"a\" d=\"M256,284a68,68,0,1,0-68-68A67.94,67.94,0,0,0,256,284Zm0-120a52,52,0,1,1-52,52A52,52,0,0,1,256,164Z\" transform=\"translate(-28 -88)\"><\/path><path class=\"a\" d=\"M476,368H36a8,8,0,0,0,0,16H476a8,8,0,0,0,0-16Z\" transform=\"translate(-28 -88)\"><\/path><path class=\"a\" d=\"M476,408H36a8,8,0,0,0,0,16H476a8,8,0,0,0,0-16Z\" transform=\"translate(-28 -88)\"><\/path><\/svg>\t\t\t\t\t\t<\/span>\n\t\t\t\t\t\t\t\t\t\t<span class=\"elementor-icon-list-text\"><strong>Cardul bancar<\/strong> \u2013 online prin intermediul GoPay<\/span>\n\t\t\t\t\t\t\t\t\t<\/li>\n\t\t\t\t\t\t\t\t<li class=\"elementor-icon-list-item\">\n\t\t\t\t\t\t\t\t\t\t\t<span class=\"elementor-icon-list-icon\">\n\t\t\t\t\t\t\t<svg xmlns=\"http:\/\/www.w3.org\/2000\/svg\" viewBox=\"0 0 24 18\"><defs><style>.a{fill:#d80001;}<\/style><\/defs><path class=\"a\" d=\"M21,21H3a3,3,0,0,1-3-3V6A3,3,0,0,1,3,3H21a3,3,0,0,1,3,3V18A3,3,0,0,1,21,21ZM2,11v7a1,1,0,0,0,1,1H21a1,1,0,0,0,1-1V11ZM2,9H22V6a1,1,0,0,0-1-1H3A1,1,0,0,0,2,6Z\" transform=\"translate(0 -3)\"><\/path><\/svg>\t\t\t\t\t\t<\/span>\n\t\t\t\t\t\t\t\t\t\t<span class=\"elementor-icon-list-text\"><strong>Ramburs<\/strong> \u2013 plata \u00een numerar c\u0103tre conduc\u0103torul auto al companiei de transport la locul specificat de c\u0103tre cump\u0103r\u0103tor \u00een comand\u0103<\/span>\n\t\t\t\t\t\t\t\t\t<\/li>\n\t\t\t\t\t\t\t\t<li class=\"elementor-icon-list-item\">\n\t\t\t\t\t\t\t\t\t\t\t<span class=\"elementor-icon-list-icon\">\n\t\t\t\t\t\t\t<svg xmlns=\"http:\/\/www.w3.org\/2000\/svg\" viewBox=\"0 0 23.2 16.97\"><defs><style>.a{fill:#d80001;}<\/style><\/defs><path class=\"a\" d=\"M5,13.6a1,1,0,0,1-.77-.36,1,1,0,0,1,.13-1.41,12.07,12.07,0,0,1,15.38,0,1,1,0,1,1-1.28,1.54,10,10,0,0,0-12.82,0A1,1,0,0,1,5,13.6Z\" transform=\"translate(-0.4 -4.03)\"><\/path><path class=\"a\" d=\"M22.6,10a1,1,0,0,1-.66-.25,15.14,15.14,0,0,0-19.88,0A1,1,0,0,1,.74,8.25a17.14,17.14,0,0,1,22.52,0A1,1,0,0,1,22.6,10Z\" transform=\"translate(-0.4 -4.03)\"><\/path><path class=\"a\" d=\"M8.5,17.1a1,1,0,0,1-.58-1.81,6.81,6.81,0,0,1,8.08,0,1,1,0,1,1-1.2,1.6,4.83,4.83,0,0,0-5.72,0A1,1,0,0,1,8.5,17.1Z\" transform=\"translate(-0.4 -4.03)\"><\/path><path class=\"a\" d=\"M12,21a1,1,0,0,1-.71-.29,1.15,1.15,0,0,1-.21-.33A1,1,0,0,1,11,20a1.05,1.05,0,0,1,.29-.71A1,1,0,0,1,12.2,19l.18.06a.76.76,0,0,1,.18.09,1.58,1.58,0,0,1,.15.12A1.05,1.05,0,0,1,13,20a1,1,0,0,1-.08.38,1.15,1.15,0,0,1-.21.33A1,1,0,0,1,12,21Z\" transform=\"translate(-0.4 -4.03)\"><\/path><\/svg>\t\t\t\t\t\t<\/span>\n\t\t\t\t\t\t\t\t\t\t<span class=\"elementor-icon-list-text\"><strong>a<\/strong> <strong>d<\/strong> <strong>g<\/strong> <strong>g<\/strong> gf fd f dfh dfgsd <strong> <\/stong><\/span>\n\t\t\t\t\t\t\t\t\t<\/li>\n\t\t\t\t\t\t\t\t<li class=\"elementor-icon-list-item\">\n\t\t\t\t\t\t\t\t\t\t\t<span class=\"elementor-icon-list-icon\">\n\t\t\t\t\t\t\t<svg xmlns=\"http:\/\/www.w3.org\/2000\/svg\" viewBox=\"0 0 405.85 420\"><defs><style>.a{fill:#d80001;}<\/style><\/defs><path class=\"a\" d=\"M455.7,239.6c-15.6,71-74.1,112.7-144,112.7h-73L213.7,466H111.5l9.7-42.9h61.4l5.8-26.5,19.2-87.2h45.9c88.9,0,158.3-54.7,177-139.2a184.86,184.86,0,0,0,3.3-20.5C453.6,168.8,464.9,198.4,455.7,239.6Zm-327,149.6H53.1L130.3,46H304.5c32.3,0,67.8,14.6,85.2,45.5a85.8,85.8,0,0,1,10.6,37.9,121.58,121.58,0,0,1-3,33.5c-6.1,27.7-18.8,50.9-36.1,68.9-26.4,27.6-63.7,43-105.3,43.7-.9,0-1.7.1-2.6.1h-73l-25,113.7H128.7Zm66.2-179.4h48c10.6,0,21.2-3.5,30.6-9.4a58.39,58.39,0,0,0,10-7.8c8.6-8.1,15.1-18.5,17.8-29.8,4.8-17.1-.8-31.9-12.2-40.1a37.79,37.79,0,0,0-22.2-6.9H216.8l-1.6,6.9Z\" transform=\"translate(-53.1 -46)\"><\/path><\/svg>\t\t\t\t\t\t<\/span>\n\t\t\t\t\t\t\t\t\t\t<span class=\"elementor-icon-list-text\"><strong>PayPal<\/strong>\u2013 plata cu cardul bancar sau contul PayPal.<\/span>\n\t\t\t\t\t\t\t\t\t<\/li>\n\t\t\t\t\t\t<\/ul>\n\t\t\t\t<\/div>\n\t\t\t\t<\/div>\n\t\t\t\t\t\t<\/div>\n\t\t\t\t\t<\/div>\n\t\t<\/div>\n\t\t\t\t\t\t\t\t<\/div>\n\t\t\t\t\t<\/div>\n\t\t<\/section>\n\t\t\t\t\t\t\t<\/div>\n\t\t\t\t<\/div>\n\t\t\n","protected":false},"excerpt":{"rendered":"","protected":false},"author":2,"featured_media":0,"parent":0,"menu_order":0,"comment_status":"closed","ping_status":"closed","template":"","meta":{"footnotes":""},"class_list":["post-6109","page","type-page","status-publish","hentry"],"featured_image_urls":{"full":"","thumbnail":"","medium":"","medium_large":"","large":"","1536x1536":"","2048x2048":"","woocommerce_thumbnail":"","woocommerce_single":"","woocommerce_gallery_thumbnail":""},"post_excerpt_stackable":"<p>Transport \u0219i plat\u0103 Modalitate de transport Pentru livrarea produselor c\u0103tre client folosim serviciile societ\u0103\u021bii de transport GLS. \u00ceN CADRUL REPUBLICA ROMANIA TRANSPORTUL ESTE GRATUIT! Termen de livrare: \u00een 3-5 zile de la expediere! V\u0103 vom informa \u00een leg\u0103tur\u0103 cu data exact\u0103. \u00cen cazul \u00een care dori\u021bi s\u0103 v\u0103 livr\u0103m pomul de iarn\u0103 \u00eentr-un alt stat al UE, atunci v\u0103 rug\u0103m s\u0103 ne contacta\u021bi pe adresa de e-mail info@bradulmosului.ro Modalitate de plat\u0103 Pre\u021bul produselor \u0219i cheltuielile legate de livrarea produselor pot fi achitate de c\u0103tre cump\u0103r\u0103tor prin modalit\u0103\u021bile de mai jos: Cardul bancar \u2013 online prin intermediul GoPay Ramburs \u2013 plata&hellip;<\/p>\n","category_list":"","author_info":{"name":"Jan Hanzl","url":"https:\/\/old2024.mujstromecek.cz\/ro\/author\/jan\/"},"comments_num":"0 comments","featured_image_urls_v2":{"full":"","thumbnail":"","medium":"","medium_large":"","large":"","1536x1536":"","2048x2048":"","woocommerce_thumbnail":"","woocommerce_single":"","woocommerce_gallery_thumbnail":""},"post_excerpt_stackable_v2":"<p>Transport \u0219i plat\u0103 Modalitate de transport Pentru livrarea produselor c\u0103tre client folosim serviciile societ\u0103\u021bii de transport GLS. \u00ceN CADRUL REPUBLICA ROMANIA TRANSPORTUL ESTE GRATUIT! Termen de livrare: \u00een 3-5 zile de la expediere! V\u0103 vom informa \u00een leg\u0103tur\u0103 cu data exact\u0103. \u00cen cazul \u00een care dori\u021bi s\u0103 v\u0103 livr\u0103m pomul de iarn\u0103 \u00eentr-un alt stat al UE, atunci v\u0103 rug\u0103m s\u0103 ne contacta\u021bi pe adresa de e-mail info@bradulmosului.ro Modalitate de plat\u0103 Pre\u021bul produselor \u0219i cheltuielile legate de livrarea produselor pot fi achitate de c\u0103tre cump\u0103r\u0103tor prin modalit\u0103\u021bile de mai jos: Cardul bancar \u2013 online prin intermediul GoPay Ramburs \u2013 plata&hellip;<\/p>\n","category_list_v2":"","author_info_v2":{"name":"Jan Hanzl","url":"https:\/\/old2024.mujstromecek.cz\/ro\/author\/jan\/"},"comments_num_v2":"0 comments","yoast_head":"<!-- This site is optimized with the Yoast SEO plugin v21.1 - https:\/\/yoast.com\/wordpress\/plugins\/seo\/ -->\n<title>Transport \u0219i plat\u0103 - BRADULMOSULUI.RO<\/title>\n<meta name=\"robots\" content=\"noindex, follow, max-snippet:-1, max-image-preview:large, max-video-preview:-1\" \/>\n<meta property=\"og:locale\" content=\"ro_RO\" \/>\n<meta property=\"og:type\" content=\"article\" \/>\n<meta property=\"og:title\" content=\"Transport \u0219i plat\u0103 - BRADULMOSULUI.RO\" \/>\n<meta property=\"og:url\" content=\"https:\/\/old2024.mujstromecek.cz\/ro\/transport-si-plata\/\" \/>\n<meta property=\"og:site_name\" content=\"BRADULMOSULUI.RO\" \/>\n<meta property=\"article:modified_time\" content=\"2022-10-28T15:30:52+00:00\" \/>\n<meta name=\"twitter:card\" content=\"summary_large_image\" \/>\n<meta name=\"twitter:label1\" content=\"Timp estimat pentru citire\" \/>\n\t<meta name=\"twitter:data1\" content=\"1 minut\" \/>\n<script type=\"application\/ld+json\" class=\"yoast-schema-graph\">{\"@context\":\"https:\/\/schema.org\",\"@graph\":[{\"@type\":\"WebPage\",\"@id\":\"https:\/\/old2024.mujstromecek.cz\/ro\/transport-si-plata\/\",\"url\":\"https:\/\/old2024.mujstromecek.cz\/ro\/transport-si-plata\/\",\"name\":\"Transport \u0219i plat\u0103 - BRADULMOSULUI.RO\",\"isPartOf\":{\"@id\":\"https:\/\/mojstromcek.sk\/#website\"},\"datePublished\":\"2020-05-29T09:56:13+00:00\",\"dateModified\":\"2022-10-28T15:30:52+00:00\",\"breadcrumb\":{\"@id\":\"https:\/\/old2024.mujstromecek.cz\/ro\/transport-si-plata\/#breadcrumb\"},\"inLanguage\":\"ro-RO\",\"potentialAction\":[{\"@type\":\"ReadAction\",\"target\":[\"https:\/\/old2024.mujstromecek.cz\/ro\/transport-si-plata\/\"]}]},{\"@type\":\"BreadcrumbList\",\"@id\":\"https:\/\/old2024.mujstromecek.cz\/ro\/transport-si-plata\/#breadcrumb\",\"itemListElement\":[{\"@type\":\"ListItem\",\"position\":1,\"name\":\"Dom\u016f\",\"item\":\"https:\/\/old2024.mujstromecek.cz\/ro\/\"},{\"@type\":\"ListItem\",\"position\":2,\"name\":\"Transport \u0219i plat\u0103\"}]},{\"@type\":\"WebSite\",\"@id\":\"https:\/\/mojstromcek.sk\/#website\",\"url\":\"https:\/\/mojstromcek.sk\/\",\"name\":\"BRADULMOSULUI.RO\",\"description\":\"Pomi artificiali de Cr\u0103ciun\",\"potentialAction\":[{\"@type\":\"SearchAction\",\"target\":{\"@type\":\"EntryPoint\",\"urlTemplate\":\"https:\/\/mojstromcek.sk\/?s={search_term_string}\"},\"query-input\":\"required name=search_term_string\"}],\"inLanguage\":\"ro-RO\"}]}<\/script>\n<!-- \/ Yoast SEO plugin. -->","yoast_head_json":{"title":"Transport \u0219i plat\u0103 - BRADULMOSULUI.RO","robots":{"index":"noindex","follow":"follow","max-snippet":"max-snippet:-1","max-image-preview":"max-image-preview:large","max-video-preview":"max-video-preview:-1"},"og_locale":"ro_RO","og_type":"article","og_title":"Transport \u0219i plat\u0103 - BRADULMOSULUI.RO","og_url":"https:\/\/old2024.mujstromecek.cz\/ro\/transport-si-plata\/","og_site_name":"BRADULMOSULUI.RO","article_modified_time":"2022-10-28T15:30:52+00:00","twitter_card":"summary_large_image","twitter_misc":{"Timp estimat pentru citire":"1 minut"},"schema":{"@context":"https:\/\/schema.org","@graph":[{"@type":"WebPage","@id":"https:\/\/old2024.mujstromecek.cz\/ro\/transport-si-plata\/","url":"https:\/\/old2024.mujstromecek.cz\/ro\/transport-si-plata\/","name":"Transport \u0219i plat\u0103 - BRADULMOSULUI.RO","isPartOf":{"@id":"https:\/\/mojstromcek.sk\/#website"},"datePublished":"2020-05-29T09:56:13+00:00","dateModified":"2022-10-28T15:30:52+00:00","breadcrumb":{"@id":"https:\/\/old2024.mujstromecek.cz\/ro\/transport-si-plata\/#breadcrumb"},"inLanguage":"ro-RO","potentialAction":[{"@type":"ReadAction","target":["https:\/\/old2024.mujstromecek.cz\/ro\/transport-si-plata\/"]}]},{"@type":"BreadcrumbList","@id":"https:\/\/old2024.mujstromecek.cz\/ro\/transport-si-plata\/#breadcrumb","itemListElement":[{"@type":"ListItem","position":1,"name":"Dom\u016f","item":"https:\/\/old2024.mujstromecek.cz\/ro\/"},{"@type":"ListItem","position":2,"name":"Transport \u0219i plat\u0103"}]},{"@type":"WebSite","@id":"https:\/\/mojstromcek.sk\/#website","url":"https:\/\/mojstromcek.sk\/","name":"BRADULMOSULUI.RO","description":"Pomi artificiali de Cr\u0103ciun","potentialAction":[{"@type":"SearchAction","target":{"@type":"EntryPoint","urlTemplate":"https:\/\/mojstromcek.sk\/?s={search_term_string}"},"query-input":"required name=search_term_string"}],"inLanguage":"ro-RO"}]}},"_links":{"self":[{"href":"https:\/\/old2024.mujstromecek.cz\/ro\/wp-json\/wp\/v2\/pages\/6109","targetHints":{"allow":["GET"]}}],"collection":[{"href":"https:\/\/old2024.mujstromecek.cz\/ro\/wp-json\/wp\/v2\/pages"}],"about":[{"href":"https:\/\/old2024.mujstromecek.cz\/ro\/wp-json\/wp\/v2\/types\/page"}],"author":[{"embeddable":true,"href":"https:\/\/old2024.mujstromecek.cz\/ro\/wp-json\/wp\/v2\/users\/2"}],"replies":[{"embeddable":true,"href":"https:\/\/old2024.mujstromecek.cz\/ro\/wp-json\/wp\/v2\/comments?post=6109"}],"version-history":[{"count":3,"href":"https:\/\/old2024.mujstromecek.cz\/ro\/wp-json\/wp\/v2\/pages\/6109\/revisions"}],"predecessor-version":[{"id":206224,"href":"https:\/\/old2024.mujstromecek.cz\/ro\/wp-json\/wp\/v2\/pages\/6109\/revisions\/206224"}],"wp:attachment":[{"href":"https:\/\/old2024.mujstromecek.cz\/ro\/wp-json\/wp\/v2\/media?parent=6109"}],"curies":[{"name":"wp","href":"https:\/\/api.w.org\/{rel}","templated":true}]}}