{"id":379619,"date":"2023-08-30T18:03:48","date_gmt":"2023-09-28T11:27:43","guid":{"rendered":"https:\/\/mujstromecek.cz\/produkt\/alaska-lucfenyo-3d-220-cm\/"},"modified":"2023-09-28T11:27:58","modified_gmt":"2023-09-28T11:27:58","slug":"alaska-lucfenyo-3d-220-cm","status":"publish","type":"product","link":"https:\/\/old2024.mujstromecek.cz\/hu\/produkt\/alaska-lucfenyo-3d-220-cm\/","title":{"rendered":"Alaska lucfeny\u0151 3D 220 cm"},"content":{"rendered":"<p>Gy&ouml;ny&ouml;r\u0171, gondosan kidolgozott, val&oacute;s&aacute;gh\u0171 kar&aacute;csonyfa <strong>pr&eacute;mium min\u0151s&eacute;gben<\/strong>. A min\u0151s&eacute;gi kivitelez&eacute;s\u0171 m\u0171anyag t\u0171levelek garant&aacute;lj&aacute;k a kar&aacute;csonyfa <strong>&eacute;leth\u0171 term&eacute;szetes megjelen&eacute;s&eacute;t &eacute;s a hossz&uacute; &eacute;lettartam&aacute;t<\/strong>. A kar&aacute;csonyfa egyedi formatervez&eacute;s&eacute;t &eacute;s kiv&aacute;l&oacute; min\u0151s&eacute;g&eacute;t az <strong>EU keret&eacute;ben is elismert, <\/strong>tapasztalt tervez\u0151ink &eacute;s a feny\u0151 <strong>k&eacute;zi gy&aacute;rt&aacute;sa <\/strong>biztos&iacute;tja. Ez a m\u0171feny\u0151 a <strong>val&oacute;s&aacute;gh\u0171 megjelen&eacute;s&eacute;vel meghitt kar&aacute;csonyi hangulatot teremt otthon&aacute;ban<\/strong>. A kar&aacute;csonyf&aacute;t a saj&aacute;t tetsz&eacute;se szerint d&iacute;sz&iacute;theti.<\/p>\n<p>Mint minden kar&aacute;csonyf&aacute;nk eset&eacute;ben, &iacute;gy ezt is k&ouml;nny\u0171 fel&aacute;ll&iacute;tani &eacute;s kezelni. Klasszikus az elrendez&eacute;si m&oacute;dja is. Az egyes &aacute;gak hajl&aacute;ssz&ouml;ge csak az &Ouml;n be&aacute;ll&iacute;t&aacute;s&aacute;t&oacute;l f&uuml;gg.<\/p>\n<p>&Ouml;r&ouml;mteli Kar&aacute;csonyi &uuml;nnepeket k&iacute;v&aacute;nunk! \ud83d\ude42<\/p>\n","protected":false},"excerpt":{"rendered":"<p>EU-ban k&eacute;sz&uuml;lt gy&ouml;ny&ouml;r\u0171 kar&aacute;csonyi m\u0171feny\u0151. A cs&uacute;csmin\u0151s&eacute;g\u0171 gondos kidolgoz&aacute;s&uacute; t\u0171levelek &eacute;leth\u0171 megjelen&eacute;st &eacute;s hossz&uacute; &eacute;lettartamot garant&aacute;lnak.<\/p>\n","protected":false},"featured_media":435555,"template":"","meta":[],"product_cat":[3800],"product_tag":[3892,385,4657,4647],"class_list":["post-379619","product","type-product","status-publish","has-post-thumbnail","hentry","product_cat-classic-hu","product_tag-220-cm-hu","product_tag-3d-hu-2","product_tag-economy-hu","product_tag-doprava-zdarma-hu","pa_druh-smrk-hu","pa_jehlici-3d-economy-hu-2","pa_krabice-32-44-130-hu","pa_pocet-rad-15-hu","pa_sirka-138-hu","pa_stojan-fem-hu-2","pa_vaha-115-hu","pa_vetvicky-735-hu","pa_vetvicky-celkem-735-hu","pa_vetvicky-pe-pvc-310-425-hu","pa_vyska-220-hu","pa_vyska-od-zeme-22-hu"],"featured_image_urls":{"full":["https:\/\/old2024.mujstromecek.cz\/wp-content\/uploads\/2023\/08\/s1-2301.jpg",640,860,false],"thumbnail":["https:\/\/old2024.mujstromecek.cz\/wp-content\/uploads\/2023\/08\/s1-2301-150x150.jpg",150,150,true],"medium":["https:\/\/old2024.mujstromecek.cz\/wp-content\/uploads\/2023\/08\/s1-2301-223x300.jpg",223,300,true],"medium_large":["https:\/\/old2024.mujstromecek.cz\/wp-content\/uploads\/2023\/08\/s1-2301.jpg",640,860,false],"large":["https:\/\/old2024.mujstromecek.cz\/wp-content\/uploads\/2023\/08\/s1-2301.jpg",640,860,false],"1536x1536":["https:\/\/old2024.mujstromecek.cz\/wp-content\/uploads\/2023\/08\/s1-2301.jpg",640,860,false],"2048x2048":["https:\/\/old2024.mujstromecek.cz\/wp-content\/uploads\/2023\/08\/s1-2301.jpg",640,860,false],"woocommerce_thumbnail":["https:\/\/old2024.mujstromecek.cz\/wp-content\/uploads\/2023\/08\/s1-2301-300x403.jpg",300,403,true],"woocommerce_single":["https:\/\/old2024.mujstromecek.cz\/wp-content\/uploads\/2023\/08\/s1-2301-600x806.jpg",600,806,true],"woocommerce_gallery_thumbnail":["https:\/\/old2024.mujstromecek.cz\/wp-content\/uploads\/2023\/08\/s1-2301-100x100.jpg",100,100,true]},"post_excerpt_stackable":"<p>EU-ban k&eacute;sz&uuml;lt gy&ouml;ny&ouml;r\u0171 kar&aacute;csonyi m\u0171feny\u0151. A cs&uacute;csmin\u0151s&eacute;g\u0171 gondos kidolgoz&aacute;s&uacute; t\u0171levelek &eacute;leth\u0171 megjelen&eacute;st &eacute;s hossz&uacute; &eacute;lettartamot garant&aacute;lnak.<\/p>\n","category_list":"","author_info":{"name":"","url":""},"comments_num":"0 comments","featured_image_urls_v2":{"full":["https:\/\/old2024.mujstromecek.cz\/wp-content\/uploads\/2023\/08\/s1-2301.jpg",640,860,false],"thumbnail":["https:\/\/old2024.mujstromecek.cz\/wp-content\/uploads\/2023\/08\/s1-2301-150x150.jpg",150,150,true],"medium":["https:\/\/old2024.mujstromecek.cz\/wp-content\/uploads\/2023\/08\/s1-2301-223x300.jpg",223,300,true],"medium_large":["https:\/\/old2024.mujstromecek.cz\/wp-content\/uploads\/2023\/08\/s1-2301.jpg",640,860,false],"large":["https:\/\/old2024.mujstromecek.cz\/wp-content\/uploads\/2023\/08\/s1-2301.jpg",640,860,false],"1536x1536":["https:\/\/old2024.mujstromecek.cz\/wp-content\/uploads\/2023\/08\/s1-2301.jpg",640,860,false],"2048x2048":["https:\/\/old2024.mujstromecek.cz\/wp-content\/uploads\/2023\/08\/s1-2301.jpg",640,860,false],"woocommerce_thumbnail":["https:\/\/old2024.mujstromecek.cz\/wp-content\/uploads\/2023\/08\/s1-2301-300x403.jpg",300,403,true],"woocommerce_single":["https:\/\/old2024.mujstromecek.cz\/wp-content\/uploads\/2023\/08\/s1-2301-600x806.jpg",600,806,true],"woocommerce_gallery_thumbnail":["https:\/\/old2024.mujstromecek.cz\/wp-content\/uploads\/2023\/08\/s1-2301-100x100.jpg",100,100,true]},"post_excerpt_stackable_v2":"<p>EU-ban k&eacute;sz&uuml;lt gy&ouml;ny&ouml;r\u0171 kar&aacute;csonyi m\u0171feny\u0151. A cs&uacute;csmin\u0151s&eacute;g\u0171 gondos kidolgoz&aacute;s&uacute; t\u0171levelek &eacute;leth\u0171 megjelen&eacute;st &eacute;s hossz&uacute; &eacute;lettartamot garant&aacute;lnak.<\/p>\n","category_list_v2":"","author_info_v2":{"name":"","url":""},"comments_num_v2":"0 comments","yoast_head":"<!-- This site is optimized with the Yoast SEO plugin v21.1 - https:\/\/yoast.com\/wordpress\/plugins\/seo\/ -->\n<title>Alaska lucfeny\u0151 3D 220 cm - MUKARACSONYFA.HU<\/title>\n<meta name=\"robots\" content=\"noindex, follow, max-snippet:-1, max-image-preview:large, max-video-preview:-1\" \/>\n<meta property=\"og:locale\" content=\"hu_HU\" \/>\n<meta property=\"og:type\" content=\"article\" \/>\n<meta property=\"og:title\" content=\"Alaska lucfeny\u0151 3D 220 cm - MUKARACSONYFA.HU\" \/>\n<meta property=\"og:description\" content=\"EU-ban k&eacute;sz&uuml;lt gy&ouml;ny&ouml;r\u0171 kar&aacute;csonyi m\u0171feny\u0151. A cs&uacute;csmin\u0151s&eacute;g\u0171 gondos kidolgoz&aacute;s&uacute; t\u0171levelek &eacute;leth\u0171 megjelen&eacute;st &eacute;s hossz&uacute; &eacute;lettartamot garant&aacute;lnak.\" \/>\n<meta property=\"og:url\" content=\"https:\/\/old2024.mujstromecek.cz\/hu\/produkt\/alaska-lucfenyo-3d-220-cm\/\" \/>\n<meta property=\"og:site_name\" content=\"MUKARACSONYFA.HU\" \/>\n<meta property=\"article:modified_time\" content=\"2023-09-28T11:27:58+00:00\" \/>\n<meta property=\"og:image\" content=\"https:\/\/mukaracsonyfa.hu\/wp-content\/uploads\/2023\/08\/s1-2301.jpg\" \/>\n\t<meta property=\"og:image:width\" content=\"640\" \/>\n\t<meta property=\"og:image:height\" content=\"860\" \/>\n\t<meta property=\"og:image:type\" content=\"image\/jpeg\" \/>\n<meta name=\"twitter:card\" content=\"summary_large_image\" \/>\n<meta name=\"twitter:label1\" content=\"Becs\u00fclt olvas\u00e1si id\u0151\" \/>\n\t<meta name=\"twitter:data1\" content=\"1 perc\" \/>\n<script type=\"application\/ld+json\" class=\"yoast-schema-graph\">{\"@context\":\"https:\/\/schema.org\",\"@graph\":[{\"@type\":\"WebPage\",\"@id\":\"https:\/\/old2024.mujstromecek.cz\/hu\/produkt\/alaska-lucfenyo-3d-220-cm\/\",\"url\":\"https:\/\/old2024.mujstromecek.cz\/hu\/produkt\/alaska-lucfenyo-3d-220-cm\/\",\"name\":\"Alaska lucfeny\u0151 3D 220 cm - MUKARACSONYFA.HU\",\"isPartOf\":{\"@id\":\"https:\/\/mojstromcek.sk\/#website\"},\"datePublished\":\"2023-09-28T11:27:43+00:00\",\"dateModified\":\"2023-09-28T11:27:58+00:00\",\"breadcrumb\":{\"@id\":\"https:\/\/old2024.mujstromecek.cz\/hu\/produkt\/alaska-lucfenyo-3d-220-cm\/#breadcrumb\"},\"inLanguage\":\"hu\",\"potentialAction\":[{\"@type\":\"ReadAction\",\"target\":[\"https:\/\/old2024.mujstromecek.cz\/hu\/produkt\/alaska-lucfenyo-3d-220-cm\/\"]}]},{\"@type\":\"BreadcrumbList\",\"@id\":\"https:\/\/old2024.mujstromecek.cz\/hu\/produkt\/alaska-lucfenyo-3d-220-cm\/#breadcrumb\",\"itemListElement\":[{\"@type\":\"ListItem\",\"position\":1,\"name\":\"Dom\u016f\",\"item\":\"https:\/\/old2024.mujstromecek.cz\/hu\/\"},{\"@type\":\"ListItem\",\"position\":2,\"name\":\"Shop\",\"item\":\"https:\/\/mukaracsonyfa.hu\/shop\/\"},{\"@type\":\"ListItem\",\"position\":3,\"name\":\"Alaska lucfeny\u0151 3D 220 cm\"}]},{\"@type\":\"WebSite\",\"@id\":\"https:\/\/mojstromcek.sk\/#website\",\"url\":\"https:\/\/mojstromcek.sk\/\",\"name\":\"MUKARACSONYFA.HU\",\"description\":\"m\u0171kar\u00e1csonyf\u00e1k\",\"potentialAction\":[{\"@type\":\"SearchAction\",\"target\":{\"@type\":\"EntryPoint\",\"urlTemplate\":\"https:\/\/mojstromcek.sk\/?s={search_term_string}\"},\"query-input\":\"required name=search_term_string\"}],\"inLanguage\":\"hu\"}]}<\/script>\n<!-- \/ Yoast SEO plugin. -->","yoast_head_json":{"title":"Alaska lucfeny\u0151 3D 220 cm - MUKARACSONYFA.HU","robots":{"index":"noindex","follow":"follow","max-snippet":"max-snippet:-1","max-image-preview":"max-image-preview:large","max-video-preview":"max-video-preview:-1"},"og_locale":"hu_HU","og_type":"article","og_title":"Alaska lucfeny\u0151 3D 220 cm - MUKARACSONYFA.HU","og_description":"EU-ban k&eacute;sz&uuml;lt gy&ouml;ny&ouml;r\u0171 kar&aacute;csonyi m\u0171feny\u0151. A cs&uacute;csmin\u0151s&eacute;g\u0171 gondos kidolgoz&aacute;s&uacute; t\u0171levelek &eacute;leth\u0171 megjelen&eacute;st &eacute;s hossz&uacute; &eacute;lettartamot garant&aacute;lnak.","og_url":"https:\/\/old2024.mujstromecek.cz\/hu\/produkt\/alaska-lucfenyo-3d-220-cm\/","og_site_name":"MUKARACSONYFA.HU","article_modified_time":"2023-09-28T11:27:58+00:00","og_image":[{"width":640,"height":860,"url":"https:\/\/mukaracsonyfa.hu\/wp-content\/uploads\/2023\/08\/s1-2301.jpg","type":"image\/jpeg"}],"twitter_card":"summary_large_image","twitter_misc":{"Becs\u00fclt olvas\u00e1si id\u0151":"1 perc"},"schema":{"@context":"https:\/\/schema.org","@graph":[{"@type":"WebPage","@id":"https:\/\/old2024.mujstromecek.cz\/hu\/produkt\/alaska-lucfenyo-3d-220-cm\/","url":"https:\/\/old2024.mujstromecek.cz\/hu\/produkt\/alaska-lucfenyo-3d-220-cm\/","name":"Alaska lucfeny\u0151 3D 220 cm - MUKARACSONYFA.HU","isPartOf":{"@id":"https:\/\/mojstromcek.sk\/#website"},"datePublished":"2023-09-28T11:27:43+00:00","dateModified":"2023-09-28T11:27:58+00:00","breadcrumb":{"@id":"https:\/\/old2024.mujstromecek.cz\/hu\/produkt\/alaska-lucfenyo-3d-220-cm\/#breadcrumb"},"inLanguage":"hu","potentialAction":[{"@type":"ReadAction","target":["https:\/\/old2024.mujstromecek.cz\/hu\/produkt\/alaska-lucfenyo-3d-220-cm\/"]}]},{"@type":"BreadcrumbList","@id":"https:\/\/old2024.mujstromecek.cz\/hu\/produkt\/alaska-lucfenyo-3d-220-cm\/#breadcrumb","itemListElement":[{"@type":"ListItem","position":1,"name":"Dom\u016f","item":"https:\/\/old2024.mujstromecek.cz\/hu\/"},{"@type":"ListItem","position":2,"name":"Shop","item":"https:\/\/mukaracsonyfa.hu\/shop\/"},{"@type":"ListItem","position":3,"name":"Alaska lucfeny\u0151 3D 220 cm"}]},{"@type":"WebSite","@id":"https:\/\/mojstromcek.sk\/#website","url":"https:\/\/mojstromcek.sk\/","name":"MUKARACSONYFA.HU","description":"m\u0171kar\u00e1csonyf\u00e1k","potentialAction":[{"@type":"SearchAction","target":{"@type":"EntryPoint","urlTemplate":"https:\/\/mojstromcek.sk\/?s={search_term_string}"},"query-input":"required name=search_term_string"}],"inLanguage":"hu"}]}},"_links":{"self":[{"href":"https:\/\/old2024.mujstromecek.cz\/hu\/wp-json\/wp\/v2\/product\/379619","targetHints":{"allow":["GET"]}}],"collection":[{"href":"https:\/\/old2024.mujstromecek.cz\/hu\/wp-json\/wp\/v2\/product"}],"about":[{"href":"https:\/\/old2024.mujstromecek.cz\/hu\/wp-json\/wp\/v2\/types\/product"}],"wp:featuredmedia":[{"embeddable":true,"href":"https:\/\/old2024.mujstromecek.cz\/hu\/wp-json\/wp\/v2\/media\/435555"}],"wp:attachment":[{"href":"https:\/\/old2024.mujstromecek.cz\/hu\/wp-json\/wp\/v2\/media?parent=379619"}],"wp:term":[{"taxonomy":"product_cat","embeddable":true,"href":"https:\/\/old2024.mujstromecek.cz\/hu\/wp-json\/wp\/v2\/product_cat?post=379619"},{"taxonomy":"product_tag","embeddable":true,"href":"https:\/\/old2024.mujstromecek.cz\/hu\/wp-json\/wp\/v2\/product_tag?post=379619"}],"curies":[{"name":"wp","href":"https:\/\/api.w.org\/{rel}","templated":true}]}}