{"id":375614,"date":"2023-08-30T17:53:38","date_gmt":"2023-09-28T11:07:40","guid":{"rendered":"https:\/\/mujstromecek.cz\/produkt\/cashmere-lucfenyo-220-cm\/"},"modified":"2023-10-17T13:00:17","modified_gmt":"2023-10-17T13:00:17","slug":"cashmere-lucfenyo-220-cm","status":"publish","type":"product","link":"https:\/\/old2024.mujstromecek.cz\/hu\/produkt\/cashmere-lucfenyo-220-cm\/","title":{"rendered":"Cashmere lucfeny\u0151 220 cm"},"content":{"rendered":"<h3><strong>A fa le&iacute;r&aacute;sa:<\/strong><\/h3>\n<p>Cashmere lucfeny\u0151 220 cm term&eacute;szetes kialak&iacute;t&aacute;s&uacute;, &eacute;s <strong>t&ouml;k&eacute;letesen<\/strong> d&uacute;s &aacute;gaival abszol&uacute;t <strong>&Uacute;JDONS&Aacute;G.<\/strong> <strong>A legkiv&aacute;l&oacute;bb min\u0151s&eacute;g\u0171<\/strong> 3D-s t\u0171leveleknek <strong>k&ouml;sz&ouml;nhet\u0151en egyszer\u0171en megk&ouml;l&ouml;nb&ouml;zhetetlen az &eacute;l\u0151 f&aacute;t&oacute;l. Egyar&aacute;nt kiv&aacute;l&oacute;an alkalmas luxus- &eacute;s hagyom&aacute;nyos belterekhez. <\/strong><strong>A cs&uacute;csmin\u0151s&eacute;g\u0171 PLATINUM tartoz&oacute; f&aacute;ink egyed&uuml;l&aacute;ll&oacute; megjelen&eacute;s&eacute;t a tapasztalt term&eacute;k-diz&aacute;jner csoportunk biztos&iacute;tja.<\/strong><\/p>\n<p>A kar&aacute;csonyfa az otthon&aacute;ban, <strong>LUXUS KIVITELBEN <\/strong><strong>val&oacute;di kar&aacute;csonyi hangulatot var&aacute;zsol<\/strong> az otthon&aacute;ba. <strong>B&aacute;rmilyen m&oacute;don feld&iacute;sz&iacute;theti<\/strong>, a saj&aacute;t &iacute;zl&eacute;s&eacute;nek megfelel\u0151en.<\/p>\n<p>A f&aacute;hoz er\u0151s <strong>F&Eacute;M &Aacute;LLV&Aacute;NYT<\/strong> kap t\u0151l&uuml;nk <strong>INGYENESEN<\/strong>, gumizott l&aacute;bakkal &eacute;s egy <strong>er\u0151s kartondobozzal, <\/strong>a kar&aacute;csonyfa t&aacute;rol&aacute;s&aacute;hoz.<\/p>\n<h3><strong>Az &ouml;ssze&aacute;ll&iacute;t&aacute;s m&oacute;dja&nbsp;Cashmere lucfeny\u0151<\/strong><\/h3>\n<p>Ugyan&uacute;gy, mint a t&ouml;bbi kar&aacute;csonyf&aacute;nk eset&eacute;ben, ennek az <strong>&ouml;ssze&aacute;ll&iacute;t&aacute;sa<\/strong> &eacute;s tov&aacute;bbi kezel&eacute;se is <strong>rendk&iacute;v&uuml;l egyszer\u0171<\/strong>. <strong>Az <\/strong>Snap Tree&trade; t&iacute;pus&uacute; rendszer <strong>pr&eacute;mium oszt&aacute;ly&uacute;<\/strong> megold&aacute;s, amellyel <strong>sok munk&aacute;t megtakar&iacute;that<\/strong> az &ouml;ssze&aacute;ll&iacute;t&aacute;sn&aacute;l. Az &aacute;gakon egy csukl&oacute; van, amely, ha a kar&aacute;csonyf&aacute;t behelyezi az &aacute;llv&aacute;nyba, bebiztos&iacute;tja, hogy a f\u0151 &aacute;gak automatikusan sz&eacute;tny&iacute;ljanak egy adott sz&ouml;gben &eacute;s &Ouml;nre m&aacute;r <strong>csup&aacute;n a kisebb &aacute;gak be&aacute;ll&iacute;t&aacute;sa<\/strong> az &Ouml;n &iacute;zl&eacute;s&eacute;nek megfelel\u0151en.<\/p>\n<p>Kellemes Kar&aacute;csonyi &uuml;nnepeket k&iacute;v&aacute;nunk &Ouml;nnek!<\/p>\n","protected":false},"excerpt":{"rendered":"<p>Cashmere lucfeny\u0151 220 cm&nbsp;term&eacute;szetes kialak&iacute;t&aacute;s&uacute;, &eacute;s&nbsp;<strong>t&ouml;k&eacute;letesen<\/strong>&nbsp;d&uacute;s &aacute;gaival abszol&uacute;t&nbsp;<strong>&Uacute;JDONS&Aacute;G.<\/strong>&nbsp;<strong>A legkiv&aacute;l&oacute;bb min\u0151s&eacute;g\u0171<\/strong>&nbsp;3D-s t\u0171leveleknek&nbsp;<strong>k&ouml;sz&ouml;nhet\u0151en egyszer\u0171en megk&ouml;l&ouml;nb&ouml;zhetetlen az &eacute;l\u0151 f&aacute;t&oacute;l. Egyar&aacute;nt kiv&aacute;l&oacute;an alkalmas luxus- &eacute;s hagyom&aacute;nyos belterekhez.&nbsp;<\/strong><strong>A cs&uacute;csmin\u0151s&eacute;g\u0171 PLATINUM tartoz&oacute; f&aacute;ink egyed&uuml;l&aacute;ll&oacute; megjelen&eacute;s&eacute;t a tapasztalt term&eacute;k-diz&aacute;jner csoportunk biztos&iacute;tja.<\/strong><\/p>\n<p>t&aacute;rol&aacute;s&aacute;hoz.<\/p>\n","protected":false},"featured_media":416354,"template":"","meta":[],"product_cat":[2682],"product_tag":[3892,385,4647,4660],"class_list":["post-375614","product","type-product","status-publish","has-post-thumbnail","hentry","product_cat-premium-plus-hu","product_tag-220-cm-hu","product_tag-3d-hu-2","product_tag-doprava-zdarma-hu","product_tag-premium-hu","pa_druh-smrk-hu","pa_jehlici-3d-premium-hu","pa_krabice-35-35-120-hu","pa_pocet-rad-16-hu-2","pa_sirka-146-hu","pa_stojan-fem-hu-2","pa_vaha-20-hu","pa_vetvicky-4147-hu","pa_vetvicky-celkem-4147-hu","pa_vetvicky-pe-pvc-2610-1537-hu","pa_vyska-220-hu","pa_vyska-od-zeme-22-hu"],"featured_image_urls":{"full":["https:\/\/old2024.mujstromecek.cz\/wp-content\/uploads\/2023\/08\/s1-2145.jpg",640,860,false],"thumbnail":["https:\/\/old2024.mujstromecek.cz\/wp-content\/uploads\/2023\/08\/s1-2145-150x150.jpg",150,150,true],"medium":["https:\/\/old2024.mujstromecek.cz\/wp-content\/uploads\/2023\/08\/s1-2145-223x300.jpg",223,300,true],"medium_large":["https:\/\/old2024.mujstromecek.cz\/wp-content\/uploads\/2023\/08\/s1-2145.jpg",640,860,false],"large":["https:\/\/old2024.mujstromecek.cz\/wp-content\/uploads\/2023\/08\/s1-2145.jpg",640,860,false],"1536x1536":["https:\/\/old2024.mujstromecek.cz\/wp-content\/uploads\/2023\/08\/s1-2145.jpg",640,860,false],"2048x2048":["https:\/\/old2024.mujstromecek.cz\/wp-content\/uploads\/2023\/08\/s1-2145.jpg",640,860,false],"woocommerce_thumbnail":["https:\/\/old2024.mujstromecek.cz\/wp-content\/uploads\/2023\/08\/s1-2145-300x403.jpg",300,403,true],"woocommerce_single":["https:\/\/old2024.mujstromecek.cz\/wp-content\/uploads\/2023\/08\/s1-2145-600x806.jpg",600,806,true],"woocommerce_gallery_thumbnail":["https:\/\/old2024.mujstromecek.cz\/wp-content\/uploads\/2023\/08\/s1-2145-100x100.jpg",100,100,true]},"post_excerpt_stackable":"<p>Cashmere lucfeny\u0151 220 cm&nbsp;term&eacute;szetes kialak&iacute;t&aacute;s&uacute;, &eacute;s&nbsp;<strong>t&ouml;k&eacute;letesen<\/strong>&nbsp;d&uacute;s &aacute;gaival abszol&uacute;t&nbsp;<strong>&Uacute;JDONS&Aacute;G.<\/strong>&nbsp;<strong>A legkiv&aacute;l&oacute;bb min\u0151s&eacute;g\u0171<\/strong>&nbsp;3D-s t\u0171leveleknek&nbsp;<strong>k&ouml;sz&ouml;nhet\u0151en egyszer\u0171en megk&ouml;l&ouml;nb&ouml;zhetetlen az &eacute;l\u0151 f&aacute;t&oacute;l. Egyar&aacute;nt kiv&aacute;l&oacute;an alkalmas luxus- &eacute;s hagyom&aacute;nyos belterekhez.&nbsp;<\/strong><strong>A cs&uacute;csmin\u0151s&eacute;g\u0171 PLATINUM tartoz&oacute; f&aacute;ink egyed&uuml;l&aacute;ll&oacute; megjelen&eacute;s&eacute;t a tapasztalt term&eacute;k-diz&aacute;jner csoportunk biztos&iacute;tja.<\/strong><\/p>\n<p>t&aacute;rol&aacute;s&aacute;hoz.<\/p>\n","category_list":"","author_info":{"name":"","url":""},"comments_num":"0 comments","featured_image_urls_v2":{"full":["https:\/\/old2024.mujstromecek.cz\/wp-content\/uploads\/2023\/08\/s1-2145.jpg",640,860,false],"thumbnail":["https:\/\/old2024.mujstromecek.cz\/wp-content\/uploads\/2023\/08\/s1-2145-150x150.jpg",150,150,true],"medium":["https:\/\/old2024.mujstromecek.cz\/wp-content\/uploads\/2023\/08\/s1-2145-223x300.jpg",223,300,true],"medium_large":["https:\/\/old2024.mujstromecek.cz\/wp-content\/uploads\/2023\/08\/s1-2145.jpg",640,860,false],"large":["https:\/\/old2024.mujstromecek.cz\/wp-content\/uploads\/2023\/08\/s1-2145.jpg",640,860,false],"1536x1536":["https:\/\/old2024.mujstromecek.cz\/wp-content\/uploads\/2023\/08\/s1-2145.jpg",640,860,false],"2048x2048":["https:\/\/old2024.mujstromecek.cz\/wp-content\/uploads\/2023\/08\/s1-2145.jpg",640,860,false],"woocommerce_thumbnail":["https:\/\/old2024.mujstromecek.cz\/wp-content\/uploads\/2023\/08\/s1-2145-300x403.jpg",300,403,true],"woocommerce_single":["https:\/\/old2024.mujstromecek.cz\/wp-content\/uploads\/2023\/08\/s1-2145-600x806.jpg",600,806,true],"woocommerce_gallery_thumbnail":["https:\/\/old2024.mujstromecek.cz\/wp-content\/uploads\/2023\/08\/s1-2145-100x100.jpg",100,100,true]},"post_excerpt_stackable_v2":"<p>Cashmere lucfeny\u0151 220 cm&nbsp;term&eacute;szetes kialak&iacute;t&aacute;s&uacute;, &eacute;s&nbsp;<strong>t&ouml;k&eacute;letesen<\/strong>&nbsp;d&uacute;s &aacute;gaival abszol&uacute;t&nbsp;<strong>&Uacute;JDONS&Aacute;G.<\/strong>&nbsp;<strong>A legkiv&aacute;l&oacute;bb min\u0151s&eacute;g\u0171<\/strong>&nbsp;3D-s t\u0171leveleknek&nbsp;<strong>k&ouml;sz&ouml;nhet\u0151en egyszer\u0171en megk&ouml;l&ouml;nb&ouml;zhetetlen az &eacute;l\u0151 f&aacute;t&oacute;l. Egyar&aacute;nt kiv&aacute;l&oacute;an alkalmas luxus- &eacute;s hagyom&aacute;nyos belterekhez.&nbsp;<\/strong><strong>A cs&uacute;csmin\u0151s&eacute;g\u0171 PLATINUM tartoz&oacute; f&aacute;ink egyed&uuml;l&aacute;ll&oacute; megjelen&eacute;s&eacute;t a tapasztalt term&eacute;k-diz&aacute;jner csoportunk biztos&iacute;tja.<\/strong><\/p>\n<p>t&aacute;rol&aacute;s&aacute;hoz.<\/p>\n","category_list_v2":"","author_info_v2":{"name":"","url":""},"comments_num_v2":"0 comments","yoast_head":"<!-- This site is optimized with the Yoast SEO plugin v21.1 - https:\/\/yoast.com\/wordpress\/plugins\/seo\/ -->\n<title>Cashmere lucfeny\u0151 220 cm - MUKARACSONYFA.HU<\/title>\n<meta name=\"robots\" content=\"noindex, follow, max-snippet:-1, max-image-preview:large, max-video-preview:-1\" \/>\n<meta property=\"og:locale\" content=\"hu_HU\" \/>\n<meta property=\"og:type\" content=\"article\" \/>\n<meta property=\"og:title\" content=\"Cashmere lucfeny\u0151 220 cm - MUKARACSONYFA.HU\" \/>\n<meta property=\"og:description\" content=\"Cashmere lucfeny\u0151 220 cm&nbsp;term&eacute;szetes kialak&iacute;t&aacute;s&uacute;, &eacute;s&nbsp;t&ouml;k&eacute;letesen&nbsp;d&uacute;s &aacute;gaival abszol&uacute;t&nbsp;&Uacute;JDONS&Aacute;G.&nbsp;A legkiv&aacute;l&oacute;bb min\u0151s&eacute;g\u0171&nbsp;3D-s t\u0171leveleknek&nbsp;k&ouml;sz&ouml;nhet\u0151en egyszer\u0171en megk&ouml;l&ouml;nb&ouml;zhetetlen az &eacute;l\u0151 f&aacute;t&oacute;l. Egyar&aacute;nt kiv&aacute;l&oacute;an alkalmas luxus- &eacute;s hagyom&aacute;nyos belterekhez.&nbsp;A cs&uacute;csmin\u0151s&eacute;g\u0171 PLATINUM tartoz&oacute; f&aacute;ink egyed&uuml;l&aacute;ll&oacute; megjelen&eacute;s&eacute;t a tapasztalt term&eacute;k-diz&aacute;jner csoportunk biztos&iacute;tja.t&aacute;rol&aacute;s&aacute;hoz.\" \/>\n<meta property=\"og:url\" content=\"https:\/\/old2024.mujstromecek.cz\/hu\/produkt\/cashmere-lucfenyo-220-cm\/\" \/>\n<meta property=\"og:site_name\" content=\"MUKARACSONYFA.HU\" \/>\n<meta property=\"article:modified_time\" content=\"2023-10-17T13:00:17+00:00\" \/>\n<meta property=\"og:image\" content=\"https:\/\/mukaracsonyfa.hu\/wp-content\/uploads\/2023\/08\/s1-2145.jpg\" \/>\n\t<meta property=\"og:image:width\" content=\"640\" \/>\n\t<meta property=\"og:image:height\" content=\"860\" \/>\n\t<meta property=\"og:image:type\" content=\"image\/jpeg\" \/>\n<meta name=\"twitter:card\" content=\"summary_large_image\" \/>\n<meta name=\"twitter:label1\" content=\"Becs\u00fclt olvas\u00e1si id\u0151\" \/>\n\t<meta name=\"twitter:data1\" content=\"2 perc\" \/>\n<script type=\"application\/ld+json\" class=\"yoast-schema-graph\">{\"@context\":\"https:\/\/schema.org\",\"@graph\":[{\"@type\":\"WebPage\",\"@id\":\"https:\/\/old2024.mujstromecek.cz\/hu\/produkt\/cashmere-lucfenyo-220-cm\/\",\"url\":\"https:\/\/old2024.mujstromecek.cz\/hu\/produkt\/cashmere-lucfenyo-220-cm\/\",\"name\":\"Cashmere lucfeny\u0151 220 cm - MUKARACSONYFA.HU\",\"isPartOf\":{\"@id\":\"https:\/\/mojstromcek.sk\/#website\"},\"datePublished\":\"2023-09-28T11:07:40+00:00\",\"dateModified\":\"2023-10-17T13:00:17+00:00\",\"breadcrumb\":{\"@id\":\"https:\/\/old2024.mujstromecek.cz\/hu\/produkt\/cashmere-lucfenyo-220-cm\/#breadcrumb\"},\"inLanguage\":\"hu\",\"potentialAction\":[{\"@type\":\"ReadAction\",\"target\":[\"https:\/\/old2024.mujstromecek.cz\/hu\/produkt\/cashmere-lucfenyo-220-cm\/\"]}]},{\"@type\":\"BreadcrumbList\",\"@id\":\"https:\/\/old2024.mujstromecek.cz\/hu\/produkt\/cashmere-lucfenyo-220-cm\/#breadcrumb\",\"itemListElement\":[{\"@type\":\"ListItem\",\"position\":1,\"name\":\"Dom\u016f\",\"item\":\"https:\/\/old2024.mujstromecek.cz\/hu\/\"},{\"@type\":\"ListItem\",\"position\":2,\"name\":\"Shop\",\"item\":\"https:\/\/mukaracsonyfa.hu\/shop\/\"},{\"@type\":\"ListItem\",\"position\":3,\"name\":\"Cashmere lucfeny\u0151 220 cm\"}]},{\"@type\":\"WebSite\",\"@id\":\"https:\/\/mojstromcek.sk\/#website\",\"url\":\"https:\/\/mojstromcek.sk\/\",\"name\":\"MUKARACSONYFA.HU\",\"description\":\"m\u0171kar\u00e1csonyf\u00e1k\",\"potentialAction\":[{\"@type\":\"SearchAction\",\"target\":{\"@type\":\"EntryPoint\",\"urlTemplate\":\"https:\/\/mojstromcek.sk\/?s={search_term_string}\"},\"query-input\":\"required name=search_term_string\"}],\"inLanguage\":\"hu\"}]}<\/script>\n<!-- \/ Yoast SEO plugin. -->","yoast_head_json":{"title":"Cashmere lucfeny\u0151 220 cm - MUKARACSONYFA.HU","robots":{"index":"noindex","follow":"follow","max-snippet":"max-snippet:-1","max-image-preview":"max-image-preview:large","max-video-preview":"max-video-preview:-1"},"og_locale":"hu_HU","og_type":"article","og_title":"Cashmere lucfeny\u0151 220 cm - MUKARACSONYFA.HU","og_description":"Cashmere lucfeny\u0151 220 cm&nbsp;term&eacute;szetes kialak&iacute;t&aacute;s&uacute;, &eacute;s&nbsp;t&ouml;k&eacute;letesen&nbsp;d&uacute;s &aacute;gaival abszol&uacute;t&nbsp;&Uacute;JDONS&Aacute;G.&nbsp;A legkiv&aacute;l&oacute;bb min\u0151s&eacute;g\u0171&nbsp;3D-s t\u0171leveleknek&nbsp;k&ouml;sz&ouml;nhet\u0151en egyszer\u0171en megk&ouml;l&ouml;nb&ouml;zhetetlen az &eacute;l\u0151 f&aacute;t&oacute;l. Egyar&aacute;nt kiv&aacute;l&oacute;an alkalmas luxus- &eacute;s hagyom&aacute;nyos belterekhez.&nbsp;A cs&uacute;csmin\u0151s&eacute;g\u0171 PLATINUM tartoz&oacute; f&aacute;ink egyed&uuml;l&aacute;ll&oacute; megjelen&eacute;s&eacute;t a tapasztalt term&eacute;k-diz&aacute;jner csoportunk biztos&iacute;tja.t&aacute;rol&aacute;s&aacute;hoz.","og_url":"https:\/\/old2024.mujstromecek.cz\/hu\/produkt\/cashmere-lucfenyo-220-cm\/","og_site_name":"MUKARACSONYFA.HU","article_modified_time":"2023-10-17T13:00:17+00:00","og_image":[{"width":640,"height":860,"url":"https:\/\/mukaracsonyfa.hu\/wp-content\/uploads\/2023\/08\/s1-2145.jpg","type":"image\/jpeg"}],"twitter_card":"summary_large_image","twitter_misc":{"Becs\u00fclt olvas\u00e1si id\u0151":"2 perc"},"schema":{"@context":"https:\/\/schema.org","@graph":[{"@type":"WebPage","@id":"https:\/\/old2024.mujstromecek.cz\/hu\/produkt\/cashmere-lucfenyo-220-cm\/","url":"https:\/\/old2024.mujstromecek.cz\/hu\/produkt\/cashmere-lucfenyo-220-cm\/","name":"Cashmere lucfeny\u0151 220 cm - MUKARACSONYFA.HU","isPartOf":{"@id":"https:\/\/mojstromcek.sk\/#website"},"datePublished":"2023-09-28T11:07:40+00:00","dateModified":"2023-10-17T13:00:17+00:00","breadcrumb":{"@id":"https:\/\/old2024.mujstromecek.cz\/hu\/produkt\/cashmere-lucfenyo-220-cm\/#breadcrumb"},"inLanguage":"hu","potentialAction":[{"@type":"ReadAction","target":["https:\/\/old2024.mujstromecek.cz\/hu\/produkt\/cashmere-lucfenyo-220-cm\/"]}]},{"@type":"BreadcrumbList","@id":"https:\/\/old2024.mujstromecek.cz\/hu\/produkt\/cashmere-lucfenyo-220-cm\/#breadcrumb","itemListElement":[{"@type":"ListItem","position":1,"name":"Dom\u016f","item":"https:\/\/old2024.mujstromecek.cz\/hu\/"},{"@type":"ListItem","position":2,"name":"Shop","item":"https:\/\/mukaracsonyfa.hu\/shop\/"},{"@type":"ListItem","position":3,"name":"Cashmere lucfeny\u0151 220 cm"}]},{"@type":"WebSite","@id":"https:\/\/mojstromcek.sk\/#website","url":"https:\/\/mojstromcek.sk\/","name":"MUKARACSONYFA.HU","description":"m\u0171kar\u00e1csonyf\u00e1k","potentialAction":[{"@type":"SearchAction","target":{"@type":"EntryPoint","urlTemplate":"https:\/\/mojstromcek.sk\/?s={search_term_string}"},"query-input":"required name=search_term_string"}],"inLanguage":"hu"}]}},"_links":{"self":[{"href":"https:\/\/old2024.mujstromecek.cz\/hu\/wp-json\/wp\/v2\/product\/375614","targetHints":{"allow":["GET"]}}],"collection":[{"href":"https:\/\/old2024.mujstromecek.cz\/hu\/wp-json\/wp\/v2\/product"}],"about":[{"href":"https:\/\/old2024.mujstromecek.cz\/hu\/wp-json\/wp\/v2\/types\/product"}],"wp:featuredmedia":[{"embeddable":true,"href":"https:\/\/old2024.mujstromecek.cz\/hu\/wp-json\/wp\/v2\/media\/416354"}],"wp:attachment":[{"href":"https:\/\/old2024.mujstromecek.cz\/hu\/wp-json\/wp\/v2\/media?parent=375614"}],"wp:term":[{"taxonomy":"product_cat","embeddable":true,"href":"https:\/\/old2024.mujstromecek.cz\/hu\/wp-json\/wp\/v2\/product_cat?post=375614"},{"taxonomy":"product_tag","embeddable":true,"href":"https:\/\/old2024.mujstromecek.cz\/hu\/wp-json\/wp\/v2\/product_tag?post=375614"}],"curies":[{"name":"wp","href":"https:\/\/api.w.org\/{rel}","templated":true}]}}