{"id":9998,"date":"2020-08-30T19:04:01","date_gmt":"2020-08-30T19:04:01","guid":{"rendered":"https:\/\/mujstromecek.cz\/reklamacio\/"},"modified":"2022-10-28T15:29:46","modified_gmt":"2022-10-28T15:29:46","slug":"reklamacio","status":"publish","type":"page","link":"https:\/\/old2024.mujstromecek.cz\/hu\/reklamacio\/","title":{"rendered":"Reklam\u00e1ci\u00f3"},"content":{"rendered":"\n<h2 class=\"wp-block-heading\">Reklam\u00e1ci\u00f3s folyamat<\/h2>\n\n<p>Amennyiben a term\u00e9k nem felel meg a le\u00edrtaknak, vagy ha a t\u00f6rv\u00e9nyben el\u0151\u00edrt id\u0151szakon bel\u00fcl gy\u00e1rt\u00e1si hib\u00e1t \u00e9szlel, k\u00e9rj\u00fck, k\u00f6vesse az al\u00e1bbi utas\u00edt\u00e1sokat:<\/p>\n\n<ol class=\"wp-block-list\" type=\"1\"><li>T\u00f6ltse ki az al\u00e1bbi reklam\u00e1ci\u00f3s protokollt. Az \u00f6sszes csillaggal megjel\u00f6lt mez\u0151t az \u0171rlapon ki kell t\u00f6lteni. A term\u00e9k hib\u00e1j\u00e1t egy\u00e9rtelm\u0171en \u00edrja le.<\/li><li><p>K\u00f6r\u00fcltekint\u0151en csomagolja be a term\u00e9ket, \u00e9s k\u00fcldje el aj\u00e1nlott k\u00fcldem\u00e9nyben az al\u00e1bbi c\u00edmre:<br\/>All4Customer, s.r.o.<br\/>Pohrani\u010dn\u00ed 25, 703 00 Ostrava<\/p><\/li><li>A rakt\u00e1rban t\u00f6rt\u00e9n\u0151 \u00e1ru \u00e1tv\u00e9tel\u00e9t k\u00f6vet\u0151en, ellen\u0151rizz\u00fck a reklam\u00e1ci\u00f3 \u00e9rv\u00e9nyess\u00e9g\u00e9t.<\/li><li>E-mailben \u00e9rtes\u00edtj\u00fck a reklam\u00e1ci\u00f3 teljes\u00edt\u00e9s\u00e9r\u0151l. A jav\u00edtott vagy cser\u00e9lt term\u00e9ket az \u00d6n c\u00edm\u00e9re k\u00fcldj\u00fck el. Amennyiben a term\u00e9k nem jav\u00edthat\u00f3, \u00e9s m\u00e1r nem \u00e9rt\u00e9kes\u00edtj\u00fck, akkor a visszak\u00fcld\u00f6tt term\u00e9k teljes \u00f6sszege visszat\u00e9r\u00edt\u00e9sre ker\u00fcl. Amennyiben csak ezt a term\u00e9ket v\u00e1s\u00e1rolta (a sz\u00e1ml\u00e1n nincsenek m\u00e1s t\u00e9telek), akkor az \u00e1ru eredeti sz\u00e1ll\u00edt\u00e1s\u00e1nak k\u00f6lts\u00e9gei is visszat\u00e9r\u00edt\u00e9sre ker\u00fclnek.<\/li><li>Amennyiben a p\u00e9nzt visszat\u00e9rtj\u00fck, \u00e9s \u00d6n \u00c1FA-fizet\u0151, akkor k\u00fcldj\u00f6n nek\u00fcnk egy al\u00e1\u00edrt j\u00f3v\u00e1\u00edr\u00e1si nyilatkozatot &#8211; korrekci\u00f3s ad\u00f3dokumentumot. Elk\u00fcldheti bescannelt form\u00e1ban e-mailben vagy klasszikus lev\u00e9lben. Az al\u00e1\u00edrt j\u00f3v\u00e1\u00edr\u00e1s vissza\u00e9rkez\u00e9se ut\u00e1n a fizet\u00e9s banki \u00e1tutal\u00e1ssal t\u00f6rt\u00e9nik az \u0171rlapon megadott sz\u00e1mlasz\u00e1mra.<\/li><\/ol>\n<p>K\u00f6sz\u00f6nj\u00fck az egy\u00fcttm\u0171k\u00f6d\u00e9s\u00e9t \u00e9s ezen ir\u00e1nymutat\u00e1sok betart\u00e1s\u00e1t. Ez az egyetlen m\u00f3dja, hogy a p\u00e9nzt visszat\u00e9r\u00edts\u00fck vagy lez\u00e1rjuk a reklam\u00e1ci\u00f3t az \u00d6n el\u00e9gedetts\u00e9ge alapj\u00e1n \u00e9s a lehet\u0151 legr\u00f6videbb id\u0151n bel\u00fcl.<\/p>\n\n\t\t<div data-elementor-type=\"section\" data-elementor-id=\"16474\" class=\"elementor elementor-16474 elementor-16465\" data-elementor-post-type=\"elementor_library\">\n\t\t\t\t\t<div class=\"elementor-section-wrap\">\n\t\t\t\t\t\t\t\t<section class=\"elementor-section elementor-top-section elementor-element elementor-element-98ee861 elementor-section-boxed elementor-section-height-default elementor-section-height-default\" data-id=\"98ee861\" data-element_type=\"section\">\n\t\t\t\t\t\t<div class=\"elementor-container elementor-column-gap-default\">\n\t\t\t\t\t\t\t<div class=\"elementor-row\">\n\t\t\t\t\t<div class=\"elementor-column elementor-col-100 elementor-top-column elementor-element elementor-element-1b2afaa0\" data-id=\"1b2afaa0\" data-element_type=\"column\">\n\t\t\t<div class=\"elementor-column-wrap elementor-element-populated\">\n\t\t\t\t\t\t\t<div class=\"elementor-widget-wrap\">\n\t\t\t\t\t\t<div class=\"elementor-element elementor-element-d870a8b elementor-button-align-stretch elementor-widget elementor-widget-form\" data-id=\"d870a8b\" data-element_type=\"widget\" data-settings=\"{&quot;step_next_label&quot;:&quot;Dal\\u0161\\u00ed&quot;,&quot;step_previous_label&quot;:&quot;Zp\\u011bt&quot;,&quot;step_type&quot;:&quot;text&quot;,&quot;button_width&quot;:&quot;100&quot;}\" data-widget_type=\"form.default\">\n\t\t\t\t<div class=\"elementor-widget-container\">\n\t\t\t\t\t<form class=\"elementor-form\" method=\"post\" name=\"reklamace hu\">\n\t\t\t<input type=\"hidden\" name=\"post_id\" value=\"16474\"\/>\n\t\t\t<input type=\"hidden\" name=\"form_id\" value=\"d870a8b\"\/>\n\t\t\t<input type=\"hidden\" name=\"referer_title\" value=\"MUKARACSONYFA.HU\" \/>\n\n\t\t\t\n\t\t\t<div class=\"elementor-form-fields-wrapper elementor-labels-above\">\n\t\t\t\t\t\t\t\t<div class=\"elementor-field-type-html elementor-field-group elementor-column elementor-field-group-field_12262f6 elementor-col-100\">\n\t\t\t\t\t<p><span style=\"font-size: 24px\"><strong>1. Term\u00e9k inform\u00e1ci\u00f3<\/strong><\/span><\/p>\n\t\t\t\t<\/div>\n\t\t\t\t\t\t\t\t<div class=\"elementor-field-type-text elementor-field-group elementor-column elementor-field-group-c_objednavky elementor-col-50 elementor-field-required elementor-mark-required\">\n\t\t\t\t\t\t\t\t\t\t\t\t<label for=\"form-field-c_objednavky\" class=\"elementor-field-label\">\n\t\t\t\t\t\t\t\tMegrendel\u00e9s sz\u00e1ma vagy sz\u00e1mla sz\u00e1ma\t\t\t\t\t\t\t<\/label>\n\t\t\t\t\t\t\t\t\t\t\t\t\t\t<input size=\"1\" type=\"text\" name=\"form_fields[c_objednavky]\" id=\"form-field-c_objednavky\" class=\"elementor-field elementor-size-md  elementor-field-textual\" required=\"required\" aria-required=\"true\">\n\t\t\t\t\t\t\t\t\t\t\t<\/div>\n\t\t\t\t\t\t\t\t<div class=\"elementor-field-type-text elementor-field-group elementor-column elementor-field-group-nazev_produktu elementor-col-50 elementor-field-required elementor-mark-required\">\n\t\t\t\t\t\t\t\t\t\t\t\t<label for=\"form-field-nazev_produktu\" class=\"elementor-field-label\">\n\t\t\t\t\t\t\t\tTerm\u00e9k megnevez\u00e9s\t\t\t\t\t\t\t<\/label>\n\t\t\t\t\t\t\t\t\t\t\t\t\t\t<input size=\"1\" type=\"text\" name=\"form_fields[nazev_produktu]\" id=\"form-field-nazev_produktu\" class=\"elementor-field elementor-size-md  elementor-field-textual\" required=\"required\" aria-required=\"true\">\n\t\t\t\t\t\t\t\t\t\t\t<\/div>\n\t\t\t\t\t\t\t\t<div class=\"elementor-field-type-textarea elementor-field-group elementor-column elementor-field-group-popis_zavady elementor-col-100 elementor-field-required elementor-mark-required\">\n\t\t\t\t\t\t\t\t\t\t\t\t<label for=\"form-field-popis_zavady\" class=\"elementor-field-label\">\n\t\t\t\t\t\t\t\tHiba le\u00edr\u00e1sa\t\t\t\t\t\t\t<\/label>\n\t\t\t\t\t\t<textarea class=\"elementor-field-textual elementor-field  elementor-size-md\" name=\"form_fields[popis_zavady]\" id=\"form-field-popis_zavady\" rows=\"4\" required=\"required\" aria-required=\"true\"><\/textarea>\t\t\t\t<\/div>\n\t\t\t\t\t\t\t\t<div class=\"elementor-field-type-select elementor-field-group elementor-column elementor-field-group-field_ca04555 elementor-col-50 elementor-field-required elementor-mark-required\">\n\t\t\t\t\t\t\t\t\t\t\t\t<label for=\"form-field-field_ca04555\" class=\"elementor-field-label\">\n\t\t\t\t\t\t\t\tEl\u0151nyben r\u00e9szes\u00edtett elsz\u00e1mol\u00e1si m\u00f3dszer\t\t\t\t\t\t\t<\/label>\n\t\t\t\t\t\t\t\t<div class=\"elementor-field elementor-select-wrapper remove-before \">\n\t\t\t<div class=\"select-caret-down-wrapper\">\n\t\t\t\t<i aria-hidden=\"true\" class=\"eicon-caret-down\"><\/i>\t\t\t<\/div>\n\t\t\t<select name=\"form_fields[field_ca04555]\" id=\"form-field-field_ca04555\" class=\"elementor-field-textual elementor-size-md\" required=\"required\" aria-required=\"true\">\n\t\t\t\t\t\t\t\t\t<option value=\"Csere\">Csere<\/option>\n\t\t\t\t\t\t\t\t\t<option value=\"Jav\u00edt\u00e1s\">Jav\u00edt\u00e1s<\/option>\n\t\t\t\t\t\t\t\t\t<option value=\"J\u00f3v\u00e1\u00edr\u00e1s\">J\u00f3v\u00e1\u00edr\u00e1s<\/option>\n\t\t\t\t\t\t\t<\/select>\n\t\t<\/div>\n\t\t\t\t\t\t<\/div>\n\t\t\t\t\t\t\t\t<div class=\"elementor-field-type-text elementor-field-group elementor-column elementor-field-group-field_15782a9 elementor-col-50\">\n\t\t\t\t\t\t\t\t\t\t\t\t<label for=\"form-field-field_15782a9\" class=\"elementor-field-label\">\n\t\t\t\t\t\t\t\tBanksz\u00e1mlasz\u00e1m j\u00f3v\u00e1\u00edr\u00e1s eset\u00e9n (IBAN form\u00e1tum)\t\t\t\t\t\t\t<\/label>\n\t\t\t\t\t\t\t\t\t\t\t\t\t\t<input size=\"1\" type=\"text\" name=\"form_fields[field_15782a9]\" id=\"form-field-field_15782a9\" class=\"elementor-field elementor-size-md  elementor-field-textual\">\n\t\t\t\t\t\t\t\t\t\t\t<\/div>\n\t\t\t\t\t\t\t\t<div class=\"elementor-field-type-upload elementor-field-group elementor-column elementor-field-group-field_8883b1e elementor-col-33\">\n\t\t\t\t\t\t\t\t\t\t\t\t<label for=\"form-field-field_8883b1e\" class=\"elementor-field-label\">\n\t\t\t\t\t\t\t\tF\u00e9nyk\u00e9p 1\t\t\t\t\t\t\t<\/label>\n\t\t\t\t\t\t\t\t<input type=\"file\" name=\"form_fields[field_8883b1e]\" id=\"form-field-field_8883b1e\" class=\"elementor-field elementor-size-md  elementor-upload-field\" data-maxsize=\"2\" data-maxsize-message=\"This file exceeds the maximum allowed size.\">\n\n\t\t\t\t\t\t<\/div>\n\t\t\t\t\t\t\t\t<div class=\"elementor-field-type-upload elementor-field-group elementor-column elementor-field-group-field_f35fdc5 elementor-col-33\">\n\t\t\t\t\t\t\t\t\t\t\t\t<label for=\"form-field-field_f35fdc5\" class=\"elementor-field-label\">\n\t\t\t\t\t\t\t\tF\u00e9nyk\u00e9p 2\t\t\t\t\t\t\t<\/label>\n\t\t\t\t\t\t\t\t<input type=\"file\" name=\"form_fields[field_f35fdc5]\" id=\"form-field-field_f35fdc5\" class=\"elementor-field elementor-size-md  elementor-upload-field\" data-maxsize=\"2\" data-maxsize-message=\"This file exceeds the maximum allowed size.\">\n\n\t\t\t\t\t\t<\/div>\n\t\t\t\t\t\t\t\t<div class=\"elementor-field-type-upload elementor-field-group elementor-column elementor-field-group-field_f1875f1 elementor-col-33\">\n\t\t\t\t\t\t\t\t\t\t\t\t<label for=\"form-field-field_f1875f1\" class=\"elementor-field-label\">\n\t\t\t\t\t\t\t\tF\u00e9nyk\u00e9p 3\t\t\t\t\t\t\t<\/label>\n\t\t\t\t\t\t\t\t<input type=\"file\" name=\"form_fields[field_f1875f1]\" id=\"form-field-field_f1875f1\" class=\"elementor-field elementor-size-md  elementor-upload-field\" data-maxsize=\"2\" data-maxsize-message=\"This file exceeds the maximum allowed size.\">\n\n\t\t\t\t\t\t<\/div>\n\t\t\t\t\t\t\t\t<div class=\"elementor-field-type-html elementor-field-group elementor-column elementor-field-group-field_9166ca4 elementor-col-100\">\n\t\t\t\t\t<p><span style=\"font-size: 24px\"><strong>2. V\u00e1s\u00e1rl\u00f3 adatai<\/strong><\/span><\/p>\n\t\t\t\t<\/div>\n\t\t\t\t\t\t\t\t<div class=\"elementor-field-type-text elementor-field-group elementor-column elementor-field-group-jmeno elementor-col-50 elementor-field-required elementor-mark-required\">\n\t\t\t\t\t\t\t\t\t\t\t\t<label for=\"form-field-jmeno\" class=\"elementor-field-label\">\n\t\t\t\t\t\t\t\tKeresztn\u00e9v \u00e9s vezet\u00e9kn\u00e9v\t\t\t\t\t\t\t<\/label>\n\t\t\t\t\t\t\t\t\t\t\t\t\t\t<input size=\"1\" type=\"text\" name=\"form_fields[jmeno]\" id=\"form-field-jmeno\" class=\"elementor-field elementor-size-md  elementor-field-textual\" required=\"required\" aria-required=\"true\">\n\t\t\t\t\t\t\t\t\t\t\t<\/div>\n\t\t\t\t\t\t\t\t<div class=\"elementor-field-type-text elementor-field-group elementor-column elementor-field-group-spolecnost elementor-col-50\">\n\t\t\t\t\t\t\t\t\t\t\t\t<label for=\"form-field-spolecnost\" class=\"elementor-field-label\">\n\t\t\t\t\t\t\t\tC\u00e9g\t\t\t\t\t\t\t<\/label>\n\t\t\t\t\t\t\t\t\t\t\t\t\t\t<input size=\"1\" type=\"text\" name=\"form_fields[spolecnost]\" id=\"form-field-spolecnost\" class=\"elementor-field elementor-size-md  elementor-field-textual\">\n\t\t\t\t\t\t\t\t\t\t\t<\/div>\n\t\t\t\t\t\t\t\t<div class=\"elementor-field-type-text elementor-field-group elementor-column elementor-field-group-adresa elementor-col-33 elementor-field-required elementor-mark-required\">\n\t\t\t\t\t\t\t\t\t\t\t\t<label for=\"form-field-adresa\" class=\"elementor-field-label\">\n\t\t\t\t\t\t\t\tUtca \u00e9s h\u00e1zsz\u00e1m\t\t\t\t\t\t\t<\/label>\n\t\t\t\t\t\t\t\t\t\t\t\t\t\t<input size=\"1\" type=\"text\" name=\"form_fields[adresa]\" id=\"form-field-adresa\" class=\"elementor-field elementor-size-md  elementor-field-textual\" required=\"required\" aria-required=\"true\">\n\t\t\t\t\t\t\t\t\t\t\t<\/div>\n\t\t\t\t\t\t\t\t<div class=\"elementor-field-type-text elementor-field-group elementor-column elementor-field-group-mesto elementor-col-33 elementor-field-required elementor-mark-required\">\n\t\t\t\t\t\t\t\t\t\t\t\t<label for=\"form-field-mesto\" class=\"elementor-field-label\">\n\t\t\t\t\t\t\t\tV\u00e1ros\t\t\t\t\t\t\t<\/label>\n\t\t\t\t\t\t\t\t\t\t\t\t\t\t<input size=\"1\" type=\"text\" name=\"form_fields[mesto]\" id=\"form-field-mesto\" class=\"elementor-field elementor-size-md  elementor-field-textual\" required=\"required\" aria-required=\"true\">\n\t\t\t\t\t\t\t\t\t\t\t<\/div>\n\t\t\t\t\t\t\t\t<div class=\"elementor-field-type-text elementor-field-group elementor-column elementor-field-group-psc elementor-col-33 elementor-field-required elementor-mark-required\">\n\t\t\t\t\t\t\t\t\t\t\t\t<label for=\"form-field-psc\" class=\"elementor-field-label\">\n\t\t\t\t\t\t\t\tIr\u00e1ny\u00edt\u00f3sz\u00e1m\t\t\t\t\t\t\t<\/label>\n\t\t\t\t\t\t\t\t\t\t\t\t\t\t<input size=\"1\" type=\"text\" name=\"form_fields[psc]\" id=\"form-field-psc\" class=\"elementor-field elementor-size-md  elementor-field-textual\" required=\"required\" aria-required=\"true\">\n\t\t\t\t\t\t\t\t\t\t\t<\/div>\n\t\t\t\t\t\t\t\t<div class=\"elementor-field-type-text elementor-field-group elementor-column elementor-field-group-telefon elementor-col-50 elementor-field-required elementor-mark-required\">\n\t\t\t\t\t\t\t\t\t\t\t\t<label for=\"form-field-telefon\" class=\"elementor-field-label\">\n\t\t\t\t\t\t\t\tTelefonsz\u00e1m\t\t\t\t\t\t\t<\/label>\n\t\t\t\t\t\t\t\t\t\t\t\t\t\t<input size=\"1\" type=\"text\" name=\"form_fields[telefon]\" id=\"form-field-telefon\" class=\"elementor-field elementor-size-md  elementor-field-textual\" required=\"required\" aria-required=\"true\">\n\t\t\t\t\t\t\t\t\t\t\t<\/div>\n\t\t\t\t\t\t\t\t<div class=\"elementor-field-type-email elementor-field-group elementor-column elementor-field-group-e_mail elementor-col-50 elementor-field-required elementor-mark-required\">\n\t\t\t\t\t\t\t\t\t\t\t\t<label for=\"form-field-e_mail\" class=\"elementor-field-label\">\n\t\t\t\t\t\t\t\tE-mail c\u00edm\t\t\t\t\t\t\t<\/label>\n\t\t\t\t\t\t\t\t\t\t\t\t\t\t<input size=\"1\" type=\"email\" name=\"form_fields[e_mail]\" id=\"form-field-e_mail\" class=\"elementor-field elementor-size-md  elementor-field-textual\" required=\"required\" aria-required=\"true\">\n\t\t\t\t\t\t\t\t\t\t\t<\/div>\n\t\t\t\t\t\t\t\t<div class=\"elementor-field-type-textarea elementor-field-group elementor-column elementor-field-group-poznamka elementor-col-100\">\n\t\t\t\t\t\t\t\t\t\t\t\t<label for=\"form-field-poznamka\" class=\"elementor-field-label\">\n\t\t\t\t\t\t\t\tMegjegyz\u00e9s\t\t\t\t\t\t\t<\/label>\n\t\t\t\t\t\t<textarea class=\"elementor-field-textual elementor-field  elementor-size-md\" name=\"form_fields[poznamka]\" id=\"form-field-poznamka\" rows=\"4\"><\/textarea>\t\t\t\t<\/div>\n\t\t\t\t\t\t\t\t<div class=\"elementor-field-type-text\">\n\t\t\t\t\t<input size=\"1\" type=\"text\" name=\"form_fields[field_27ab9cb]\" id=\"form-field-field_27ab9cb\" class=\"elementor-field elementor-size-md \" style=\"display:none !important;\">\t\t\t\t<\/div>\n\t\t\t\t\t\t\t\t<div class=\"elementor-field-group elementor-column elementor-field-type-submit elementor-col-100 e-form__buttons\">\n\t\t\t\t\t<button type=\"submit\" class=\"elementor-button elementor-size-md\">\n\t\t\t\t\t\t<span >\n\t\t\t\t\t\t\t\t\t\t\t\t\t\t\t<span class=\" elementor-button-icon\">\n\t\t\t\t\t\t\t\t\t\t\t\t\t\t\t\t\t\t\t\t\t\t\t\t\t\t<\/span>\n\t\t\t\t\t\t\t\t\t\t\t\t\t\t\t\t\t\t\t\t\t\t<span class=\"elementor-button-text\">\u0170rlap bek\u00fcld\u00e9se<\/span>\n\t\t\t\t\t\t\t\t\t\t\t\t\t<\/span>\n\t\t\t\t\t<\/button>\n\t\t\t\t<\/div>\n\t\t\t<\/div>\n\t\t<\/form>\n\t\t\t\t<\/div>\n\t\t\t\t<\/div>\n\t\t\t\t\t\t<\/div>\n\t\t\t\t\t<\/div>\n\t\t<\/div>\n\t\t\t\t\t\t\t\t<\/div>\n\t\t\t\t\t<\/div>\n\t\t<\/section>\n\t\t\t\t\t\t\t<\/div>\n\t\t\t\t<\/div>\n\t\t\n","protected":false},"excerpt":{"rendered":"<p>Reklam\u00e1ci\u00f3s folyamat Amennyiben a term\u00e9k nem felel meg a le\u00edrtaknak, vagy ha a t\u00f6rv\u00e9nyben el\u0151\u00edrt id\u0151szakon bel\u00fcl gy\u00e1rt\u00e1si hib\u00e1t \u00e9szlel, k\u00e9rj\u00fck, k\u00f6vesse az al\u00e1bbi utas\u00edt\u00e1sokat: T\u00f6ltse ki az al\u00e1bbi reklam\u00e1ci\u00f3s protokollt. Az \u00f6sszes csillaggal megjel\u00f6lt mez\u0151t az \u0171rlapon ki kell t\u00f6lteni. A term\u00e9k hib\u00e1j\u00e1t egy\u00e9rtelm\u0171en \u00edrja le. K\u00f6r\u00fcltekint\u0151en csomagolja be a term\u00e9ket, \u00e9s k\u00fcldje el [&hellip;]<\/p>\n","protected":false},"author":3,"featured_media":0,"parent":0,"menu_order":0,"comment_status":"closed","ping_status":"closed","template":"","meta":{"footnotes":""},"class_list":["post-9998","page","type-page","status-publish","hentry"],"featured_image_urls":{"full":"","thumbnail":"","medium":"","medium_large":"","large":"","1536x1536":"","2048x2048":"","woocommerce_thumbnail":"","woocommerce_single":"","woocommerce_gallery_thumbnail":""},"post_excerpt_stackable":"<p>Reklam\u00e1ci\u00f3s folyamat Amennyiben a term\u00e9k nem felel meg a le\u00edrtaknak, vagy ha a t\u00f6rv\u00e9nyben el\u0151\u00edrt id\u0151szakon bel\u00fcl gy\u00e1rt\u00e1si hib\u00e1t \u00e9szlel, k\u00e9rj\u00fck, k\u00f6vesse az al\u00e1bbi utas\u00edt\u00e1sokat: T\u00f6ltse ki az al\u00e1bbi reklam\u00e1ci\u00f3s protokollt. Az \u00f6sszes csillaggal megjel\u00f6lt mez\u0151t az \u0171rlapon ki kell t\u00f6lteni. A term\u00e9k hib\u00e1j\u00e1t egy\u00e9rtelm\u0171en \u00edrja le.K\u00f6r\u00fcltekint\u0151en csomagolja be a term\u00e9ket, \u00e9s k\u00fcldje el aj\u00e1nlott k\u00fcldem\u00e9nyben az al\u00e1bbi c\u00edmre:All4Customer, s.r.o.Pohrani\u010dn\u00ed 25, 703 00 OstravaA rakt\u00e1rban t\u00f6rt\u00e9n\u0151 \u00e1ru \u00e1tv\u00e9tel\u00e9t k\u00f6vet\u0151en, ellen\u0151rizz\u00fck a reklam\u00e1ci\u00f3 \u00e9rv\u00e9nyess\u00e9g\u00e9t.E-mailben \u00e9rtes\u00edtj\u00fck a reklam\u00e1ci\u00f3 teljes\u00edt\u00e9s\u00e9r\u0151l. A jav\u00edtott vagy cser\u00e9lt term\u00e9ket az \u00d6n c\u00edm\u00e9re k\u00fcldj\u00fck el. Amennyiben a term\u00e9k nem jav\u00edthat\u00f3, \u00e9s m\u00e1r nem \u00e9rt\u00e9kes\u00edtj\u00fck, akkor a visszak\u00fcld\u00f6tt term\u00e9k&hellip;<\/p>\n","category_list":"","author_info":{"name":"Tomas Turon","url":"https:\/\/old2024.mujstromecek.cz\/hu\/author\/tomas\/"},"comments_num":"0 comments","featured_image_urls_v2":{"full":"","thumbnail":"","medium":"","medium_large":"","large":"","1536x1536":"","2048x2048":"","woocommerce_thumbnail":"","woocommerce_single":"","woocommerce_gallery_thumbnail":""},"post_excerpt_stackable_v2":"<p>Reklam\u00e1ci\u00f3s folyamat Amennyiben a term\u00e9k nem felel meg a le\u00edrtaknak, vagy ha a t\u00f6rv\u00e9nyben el\u0151\u00edrt id\u0151szakon bel\u00fcl gy\u00e1rt\u00e1si hib\u00e1t \u00e9szlel, k\u00e9rj\u00fck, k\u00f6vesse az al\u00e1bbi utas\u00edt\u00e1sokat: T\u00f6ltse ki az al\u00e1bbi reklam\u00e1ci\u00f3s protokollt. Az \u00f6sszes csillaggal megjel\u00f6lt mez\u0151t az \u0171rlapon ki kell t\u00f6lteni. A term\u00e9k hib\u00e1j\u00e1t egy\u00e9rtelm\u0171en \u00edrja le.K\u00f6r\u00fcltekint\u0151en csomagolja be a term\u00e9ket, \u00e9s k\u00fcldje el aj\u00e1nlott k\u00fcldem\u00e9nyben az al\u00e1bbi c\u00edmre:All4Customer, s.r.o.Pohrani\u010dn\u00ed 25, 703 00 OstravaA rakt\u00e1rban t\u00f6rt\u00e9n\u0151 \u00e1ru \u00e1tv\u00e9tel\u00e9t k\u00f6vet\u0151en, ellen\u0151rizz\u00fck a reklam\u00e1ci\u00f3 \u00e9rv\u00e9nyess\u00e9g\u00e9t.E-mailben \u00e9rtes\u00edtj\u00fck a reklam\u00e1ci\u00f3 teljes\u00edt\u00e9s\u00e9r\u0151l. A jav\u00edtott vagy cser\u00e9lt term\u00e9ket az \u00d6n c\u00edm\u00e9re k\u00fcldj\u00fck el. Amennyiben a term\u00e9k nem jav\u00edthat\u00f3, \u00e9s m\u00e1r nem \u00e9rt\u00e9kes\u00edtj\u00fck, akkor a visszak\u00fcld\u00f6tt term\u00e9k&hellip;<\/p>\n","category_list_v2":"","author_info_v2":{"name":"Tomas Turon","url":"https:\/\/old2024.mujstromecek.cz\/hu\/author\/tomas\/"},"comments_num_v2":"0 comments","yoast_head":"<!-- This site is optimized with the Yoast SEO plugin v21.1 - https:\/\/yoast.com\/wordpress\/plugins\/seo\/ -->\n<title>Reklam\u00e1ci\u00f3 - MUKARACSONYFA.HU<\/title>\n<meta name=\"robots\" content=\"noindex, follow, max-snippet:-1, max-image-preview:large, max-video-preview:-1\" \/>\n<meta property=\"og:locale\" content=\"hu_HU\" \/>\n<meta property=\"og:type\" content=\"article\" \/>\n<meta property=\"og:title\" content=\"Reklam\u00e1ci\u00f3 - MUKARACSONYFA.HU\" \/>\n<meta property=\"og:description\" content=\"Reklam\u00e1ci\u00f3s folyamat Amennyiben a term\u00e9k nem felel meg a le\u00edrtaknak, vagy ha a t\u00f6rv\u00e9nyben el\u0151\u00edrt id\u0151szakon bel\u00fcl gy\u00e1rt\u00e1si hib\u00e1t \u00e9szlel, k\u00e9rj\u00fck, k\u00f6vesse az al\u00e1bbi utas\u00edt\u00e1sokat: T\u00f6ltse ki az al\u00e1bbi reklam\u00e1ci\u00f3s protokollt. Az \u00f6sszes csillaggal megjel\u00f6lt mez\u0151t az \u0171rlapon ki kell t\u00f6lteni. A term\u00e9k hib\u00e1j\u00e1t egy\u00e9rtelm\u0171en \u00edrja le. K\u00f6r\u00fcltekint\u0151en csomagolja be a term\u00e9ket, \u00e9s k\u00fcldje el [&hellip;]\" \/>\n<meta property=\"og:url\" content=\"https:\/\/old2024.mujstromecek.cz\/hu\/reklamacio\/\" \/>\n<meta property=\"og:site_name\" content=\"MUKARACSONYFA.HU\" \/>\n<meta property=\"article:modified_time\" content=\"2022-10-28T15:29:46+00:00\" \/>\n<meta name=\"twitter:card\" content=\"summary_large_image\" \/>\n<meta name=\"twitter:label1\" content=\"Becs\u00fclt olvas\u00e1si id\u0151\" \/>\n\t<meta name=\"twitter:data1\" content=\"2 perc\" \/>\n<script type=\"application\/ld+json\" class=\"yoast-schema-graph\">{\"@context\":\"https:\/\/schema.org\",\"@graph\":[{\"@type\":\"WebPage\",\"@id\":\"https:\/\/old2024.mujstromecek.cz\/hu\/reklamacio\/\",\"url\":\"https:\/\/old2024.mujstromecek.cz\/hu\/reklamacio\/\",\"name\":\"Reklam\u00e1ci\u00f3 - MUKARACSONYFA.HU\",\"isPartOf\":{\"@id\":\"https:\/\/mojstromcek.sk\/#website\"},\"datePublished\":\"2020-08-30T19:04:01+00:00\",\"dateModified\":\"2022-10-28T15:29:46+00:00\",\"breadcrumb\":{\"@id\":\"https:\/\/old2024.mujstromecek.cz\/hu\/reklamacio\/#breadcrumb\"},\"inLanguage\":\"hu\",\"potentialAction\":[{\"@type\":\"ReadAction\",\"target\":[\"https:\/\/old2024.mujstromecek.cz\/hu\/reklamacio\/\"]}]},{\"@type\":\"BreadcrumbList\",\"@id\":\"https:\/\/old2024.mujstromecek.cz\/hu\/reklamacio\/#breadcrumb\",\"itemListElement\":[{\"@type\":\"ListItem\",\"position\":1,\"name\":\"Dom\u016f\",\"item\":\"https:\/\/old2024.mujstromecek.cz\/hu\/\"},{\"@type\":\"ListItem\",\"position\":2,\"name\":\"Reklam\u00e1ci\u00f3\"}]},{\"@type\":\"WebSite\",\"@id\":\"https:\/\/mojstromcek.sk\/#website\",\"url\":\"https:\/\/mojstromcek.sk\/\",\"name\":\"MUKARACSONYFA.HU\",\"description\":\"m\u0171kar\u00e1csonyf\u00e1k\",\"potentialAction\":[{\"@type\":\"SearchAction\",\"target\":{\"@type\":\"EntryPoint\",\"urlTemplate\":\"https:\/\/mojstromcek.sk\/?s={search_term_string}\"},\"query-input\":\"required name=search_term_string\"}],\"inLanguage\":\"hu\"}]}<\/script>\n<!-- \/ Yoast SEO plugin. -->","yoast_head_json":{"title":"Reklam\u00e1ci\u00f3 - MUKARACSONYFA.HU","robots":{"index":"noindex","follow":"follow","max-snippet":"max-snippet:-1","max-image-preview":"max-image-preview:large","max-video-preview":"max-video-preview:-1"},"og_locale":"hu_HU","og_type":"article","og_title":"Reklam\u00e1ci\u00f3 - MUKARACSONYFA.HU","og_description":"Reklam\u00e1ci\u00f3s folyamat Amennyiben a term\u00e9k nem felel meg a le\u00edrtaknak, vagy ha a t\u00f6rv\u00e9nyben el\u0151\u00edrt id\u0151szakon bel\u00fcl gy\u00e1rt\u00e1si hib\u00e1t \u00e9szlel, k\u00e9rj\u00fck, k\u00f6vesse az al\u00e1bbi utas\u00edt\u00e1sokat: T\u00f6ltse ki az al\u00e1bbi reklam\u00e1ci\u00f3s protokollt. Az \u00f6sszes csillaggal megjel\u00f6lt mez\u0151t az \u0171rlapon ki kell t\u00f6lteni. A term\u00e9k hib\u00e1j\u00e1t egy\u00e9rtelm\u0171en \u00edrja le. K\u00f6r\u00fcltekint\u0151en csomagolja be a term\u00e9ket, \u00e9s k\u00fcldje el [&hellip;]","og_url":"https:\/\/old2024.mujstromecek.cz\/hu\/reklamacio\/","og_site_name":"MUKARACSONYFA.HU","article_modified_time":"2022-10-28T15:29:46+00:00","twitter_card":"summary_large_image","twitter_misc":{"Becs\u00fclt olvas\u00e1si id\u0151":"2 perc"},"schema":{"@context":"https:\/\/schema.org","@graph":[{"@type":"WebPage","@id":"https:\/\/old2024.mujstromecek.cz\/hu\/reklamacio\/","url":"https:\/\/old2024.mujstromecek.cz\/hu\/reklamacio\/","name":"Reklam\u00e1ci\u00f3 - MUKARACSONYFA.HU","isPartOf":{"@id":"https:\/\/mojstromcek.sk\/#website"},"datePublished":"2020-08-30T19:04:01+00:00","dateModified":"2022-10-28T15:29:46+00:00","breadcrumb":{"@id":"https:\/\/old2024.mujstromecek.cz\/hu\/reklamacio\/#breadcrumb"},"inLanguage":"hu","potentialAction":[{"@type":"ReadAction","target":["https:\/\/old2024.mujstromecek.cz\/hu\/reklamacio\/"]}]},{"@type":"BreadcrumbList","@id":"https:\/\/old2024.mujstromecek.cz\/hu\/reklamacio\/#breadcrumb","itemListElement":[{"@type":"ListItem","position":1,"name":"Dom\u016f","item":"https:\/\/old2024.mujstromecek.cz\/hu\/"},{"@type":"ListItem","position":2,"name":"Reklam\u00e1ci\u00f3"}]},{"@type":"WebSite","@id":"https:\/\/mojstromcek.sk\/#website","url":"https:\/\/mojstromcek.sk\/","name":"MUKARACSONYFA.HU","description":"m\u0171kar\u00e1csonyf\u00e1k","potentialAction":[{"@type":"SearchAction","target":{"@type":"EntryPoint","urlTemplate":"https:\/\/mojstromcek.sk\/?s={search_term_string}"},"query-input":"required name=search_term_string"}],"inLanguage":"hu"}]}},"_links":{"self":[{"href":"https:\/\/old2024.mujstromecek.cz\/hu\/wp-json\/wp\/v2\/pages\/9998","targetHints":{"allow":["GET"]}}],"collection":[{"href":"https:\/\/old2024.mujstromecek.cz\/hu\/wp-json\/wp\/v2\/pages"}],"about":[{"href":"https:\/\/old2024.mujstromecek.cz\/hu\/wp-json\/wp\/v2\/types\/page"}],"author":[{"embeddable":true,"href":"https:\/\/old2024.mujstromecek.cz\/hu\/wp-json\/wp\/v2\/users\/3"}],"replies":[{"embeddable":true,"href":"https:\/\/old2024.mujstromecek.cz\/hu\/wp-json\/wp\/v2\/comments?post=9998"}],"version-history":[{"count":1,"href":"https:\/\/old2024.mujstromecek.cz\/hu\/wp-json\/wp\/v2\/pages\/9998\/revisions"}],"predecessor-version":[{"id":206206,"href":"https:\/\/old2024.mujstromecek.cz\/hu\/wp-json\/wp\/v2\/pages\/9998\/revisions\/206206"}],"wp:attachment":[{"href":"https:\/\/old2024.mujstromecek.cz\/hu\/wp-json\/wp\/v2\/media?parent=9998"}],"curies":[{"name":"wp","href":"https:\/\/api.w.org\/{rel}","templated":true}]}}