{"id":9992,"date":"2020-08-30T18:48:51","date_gmt":"2020-08-30T18:48:51","guid":{"rendered":"https:\/\/mujstromecek.cz\/termek-visszakuldese\/"},"modified":"2022-10-28T15:30:09","modified_gmt":"2022-10-28T15:30:09","slug":"termek-visszakuldese","status":"publish","type":"page","link":"https:\/\/old2024.mujstromecek.cz\/hu\/termek-visszakuldese\/","title":{"rendered":"Term\u00e9k visszak\u00fcld\u00e9se"},"content":{"rendered":"\n<h3 class=\"wp-block-heading\">Nagyon sajn\u00e1ljuk, hogy nem el\u00e9gedett a kar\u00e1csonyf\u00e1nkkal, \u00e9s vissza akarja azt k\u00fcldeni nek\u00fcnk.<\/h3>\n\n<p class=\"has-medium-font-size\"><p>Ha b\u00e1rmiben a seg\u00edts\u00e9g\u00e9re lehet\u00fcnk,\u00a0<strong>k\u00e9rj\u00fck, vegye fel vel\u00fcnk a kapcsolatot<\/strong>, mi mindent megtesz\u00fcnk az \u00d6n el\u00e9gedetts\u00e9ge \u00e9rdek\u00e9ben.<\/p><\/p>\n\n<p><p class=\"p1\"><i>Amennyiben az ad\u00e1sv\u00e9teli szerz\u0151d\u00e9st t\u00e1vkommunik\u00e1ci\u00f3 \u00fatj\u00e1n k\u00f6tik meg, akkor a fogyaszt\u00f3i v\u00e1s\u00e1rl\u00f3nak a polg\u00e1ri t\u00f6rv\u00e9nyk\u00f6nyv 1829. \u00a7 (1) bekezd\u00e9s\u00e9nek rendelkez\u00e9seivel \u00f6sszhangban a term\u00e9kek k\u00e9zhezv\u00e9tel\u00e9t\u0151l sz\u00e1m\u00edtott 14 napon bel\u00fcl joga van el\u00e1llni a szerz\u0151d\u00e9st\u0151l. A szerz\u0151d\u00e9st\u0151l val\u00f3 el\u00e1ll\u00e1st legk\u00e9s\u0151bb a 14 napos id\u0151szak utols\u00f3 napj\u00e1n kell teljes\u00edteni.<\/i><\/p><\/p>\n\n<p>A szerz\u0151d\u00e9st\u0151l val\u00f3 el\u00e1ll\u00e1st legk\u00e9s\u0151bb a 14 napos id\u0151szak utols\u00f3 napj\u00e1n kell teljes\u00edteni.<\/p>\n\n<h4 class=\"wp-block-heading\">Az al\u00e1bbi \u0171rlap kit\u00f6lt\u00e9se ut\u00e1n k\u00fcldje el a term\u00e9ket a k\u00f6vetkez\u0151 c\u00edmre:<\/h4>\n\n<p><p>All4Customer, s.r.o.<br\/>Pohrani\u010dn\u00ed 25<br\/>703 00 Ostrava<\/p><\/p>\n\n<p>Az \u00e1rut s\u00e9rtetlen\u00fcl \u00e9s eredeti csomagol\u00e1sban kell bek\u00fcldeni.<\/p>\n\n<p>Az \u00e1ruk ellen\u0151rz\u00e9se ut\u00e1n a teljes \u00f6sszeg visszat\u00e9r\u00edt\u00e9sre ker\u00fcl a postai k\u00f6lts\u00e9gekkel egy\u00fctt (csak abban az esetben, amennyiben a megrendel\u00e9s \u00f6sszes t\u00e9tele visszak\u00fcld\u00e9sre ker\u00fcl). A visszak\u00fcld\u00e9s\u00e9rt kifizetett postak\u00f6lts\u00e9g a v\u00e1s\u00e1rl\u00f3 saj\u00e1t k\u00f6lts\u00e9g\u00e9n t\u00f6rt\u00e9nik (nem t\u00e9r\u00edtj\u00fck meg). Tov\u00e1bb\u00e1 javasoljuk, hogy a k\u00fcldem\u00e9nyt aj\u00e1nlottan \u00e9s biztos\u00edtva k\u00fcldj\u00e9k meg a r\u00e9sz\u00fcnkre. A nem haszn\u00e1lt \u00e1ruk ellen\u0151rz\u00e9se ut\u00e1n a fizet\u00e9s az \u0171rlapon megadott banksz\u00e1ml\u00e1ra t\u00f6rt\u00e9n\u0151 \u00e1tutal\u00e1ssal t\u00f6rt\u00e9nik.&#13;\n<\/p>\n\n<h4 class=\"wp-block-heading\">Fogyaszt\u00f3i v\u00e1s\u00e1rl\u00f3:<\/h4>\n\n<p>Fogyaszt\u00f3i v\u00e1s\u00e1rl\u00f3, vagy csak a fogyaszt\u00f3 olyan szem\u00e9ly, aki a szerz\u0151d\u00e9s megk\u00f6t\u00e9sekor \u00e9s teljes\u00edt\u00e9sekor nem \u00fczleti vagy egy\u00e9b v\u00e1llalkoz\u00f3i tev\u00e9kenys\u00e9ge keret\u00e9ben j\u00e1r el.&#13;\n<\/p>\n\n\t\t<div data-elementor-type=\"section\" data-elementor-id=\"16586\" class=\"elementor elementor-16586 elementor-16581\" data-elementor-post-type=\"elementor_library\">\n\t\t\t\t\t<div class=\"elementor-section-wrap\">\n\t\t\t\t\t\t\t\t<section class=\"elementor-section elementor-top-section elementor-element elementor-element-111c831d elementor-section-boxed elementor-section-height-default elementor-section-height-default\" data-id=\"111c831d\" data-element_type=\"section\">\n\t\t\t\t\t\t<div class=\"elementor-container elementor-column-gap-default\">\n\t\t\t\t\t\t\t<div class=\"elementor-row\">\n\t\t\t\t\t<div class=\"elementor-column elementor-col-100 elementor-top-column elementor-element elementor-element-2694d2b\" data-id=\"2694d2b\" data-element_type=\"column\">\n\t\t\t<div class=\"elementor-column-wrap elementor-element-populated\">\n\t\t\t\t\t\t\t<div class=\"elementor-widget-wrap\">\n\t\t\t\t\t\t<div class=\"elementor-element elementor-element-1644dda elementor-button-align-stretch elementor-widget elementor-widget-form\" data-id=\"1644dda\" data-element_type=\"widget\" data-settings=\"{&quot;step_next_label&quot;:&quot;Dal\\u0161\\u00ed&quot;,&quot;step_previous_label&quot;:&quot;Zp\\u011bt&quot;,&quot;step_type&quot;:&quot;text&quot;,&quot;button_width&quot;:&quot;100&quot;}\" data-widget_type=\"form.default\">\n\t\t\t\t<div class=\"elementor-widget-container\">\n\t\t\t\t\t<form class=\"elementor-form\" method=\"post\" name=\"Term\u00e9k visszak\u00fcld\u00e9se\">\n\t\t\t<input type=\"hidden\" name=\"post_id\" value=\"16586\"\/>\n\t\t\t<input type=\"hidden\" name=\"form_id\" value=\"1644dda\"\/>\n\t\t\t<input type=\"hidden\" name=\"referer_title\" value=\"MUKARACSONYFA.HU\" \/>\n\n\t\t\t\n\t\t\t<div class=\"elementor-form-fields-wrapper elementor-labels-above\">\n\t\t\t\t\t\t\t\t<div class=\"elementor-field-type-html elementor-field-group elementor-column elementor-field-group-field_12262f6 elementor-col-100\">\n\t\t\t\t\t<p><span style=\"font-size: 24px\"><strong>1. Term\u00e9k inform\u00e1ci\u00f3<\/strong><\/span><\/p>\n\t\t\t\t<\/div>\n\t\t\t\t\t\t\t\t<div class=\"elementor-field-type-text elementor-field-group elementor-column elementor-field-group-c_objednavky elementor-col-50 elementor-field-required elementor-mark-required\">\n\t\t\t\t\t\t\t\t\t\t\t\t<label for=\"form-field-c_objednavky\" class=\"elementor-field-label\">\n\t\t\t\t\t\t\t\tMegrendel\u00e9s sz\u00e1ma vagy sz\u00e1mla sz\u00e1ma\t\t\t\t\t\t\t<\/label>\n\t\t\t\t\t\t\t\t\t\t\t\t\t\t<input size=\"1\" type=\"text\" name=\"form_fields[c_objednavky]\" id=\"form-field-c_objednavky\" class=\"elementor-field elementor-size-md  elementor-field-textual\" required=\"required\" aria-required=\"true\">\n\t\t\t\t\t\t\t\t\t\t\t<\/div>\n\t\t\t\t\t\t\t\t<div class=\"elementor-field-type-text elementor-field-group elementor-column elementor-field-group-nazev_produktu elementor-col-50 elementor-field-required elementor-mark-required\">\n\t\t\t\t\t\t\t\t\t\t\t\t<label for=\"form-field-nazev_produktu\" class=\"elementor-field-label\">\n\t\t\t\t\t\t\t\tTerm\u00e9k megnevez\u00e9s\t\t\t\t\t\t\t<\/label>\n\t\t\t\t\t\t\t\t\t\t\t\t\t\t<input size=\"1\" type=\"text\" name=\"form_fields[nazev_produktu]\" id=\"form-field-nazev_produktu\" class=\"elementor-field elementor-size-md  elementor-field-textual\" required=\"required\" aria-required=\"true\">\n\t\t\t\t\t\t\t\t\t\t\t<\/div>\n\t\t\t\t\t\t\t\t<div class=\"elementor-field-type-text elementor-field-group elementor-column elementor-field-group-field_15782a9 elementor-col-100 elementor-field-required elementor-mark-required\">\n\t\t\t\t\t\t\t\t\t\t\t\t<label for=\"form-field-field_15782a9\" class=\"elementor-field-label\">\n\t\t\t\t\t\t\t\tBanksz\u00e1mlasz\u00e1m j\u00f3v\u00e1\u00edr\u00e1s eset\u00e9n (IBAN form\u00e1tum)\t\t\t\t\t\t\t<\/label>\n\t\t\t\t\t\t\t\t\t\t\t\t\t\t<input size=\"1\" type=\"text\" name=\"form_fields[field_15782a9]\" id=\"form-field-field_15782a9\" class=\"elementor-field elementor-size-md  elementor-field-textual\" required=\"required\" aria-required=\"true\">\n\t\t\t\t\t\t\t\t\t\t\t<\/div>\n\t\t\t\t\t\t\t\t<div class=\"elementor-field-type-upload elementor-field-group elementor-column elementor-field-group-field_8883b1e elementor-col-33\">\n\t\t\t\t\t\t\t\t\t\t\t\t<label for=\"form-field-field_8883b1e\" class=\"elementor-field-label\">\n\t\t\t\t\t\t\t\tF\u00e9nyk\u00e9p 1\t\t\t\t\t\t\t<\/label>\n\t\t\t\t\t\t\t\t<input type=\"file\" name=\"form_fields[field_8883b1e]\" id=\"form-field-field_8883b1e\" class=\"elementor-field elementor-size-md  elementor-upload-field\" data-maxsize=\"2\" data-maxsize-message=\"This file exceeds the maximum allowed size.\">\n\n\t\t\t\t\t\t<\/div>\n\t\t\t\t\t\t\t\t<div class=\"elementor-field-type-upload elementor-field-group elementor-column elementor-field-group-field_f35fdc5 elementor-col-33\">\n\t\t\t\t\t\t\t\t\t\t\t\t<label for=\"form-field-field_f35fdc5\" class=\"elementor-field-label\">\n\t\t\t\t\t\t\t\tF\u00e9nyk\u00e9p 2\t\t\t\t\t\t\t<\/label>\n\t\t\t\t\t\t\t\t<input type=\"file\" name=\"form_fields[field_f35fdc5]\" id=\"form-field-field_f35fdc5\" class=\"elementor-field elementor-size-md  elementor-upload-field\" data-maxsize=\"2\" data-maxsize-message=\"This file exceeds the maximum allowed size.\">\n\n\t\t\t\t\t\t<\/div>\n\t\t\t\t\t\t\t\t<div class=\"elementor-field-type-upload elementor-field-group elementor-column elementor-field-group-field_f1875f1 elementor-col-33\">\n\t\t\t\t\t\t\t\t\t\t\t\t<label for=\"form-field-field_f1875f1\" class=\"elementor-field-label\">\n\t\t\t\t\t\t\t\tF\u00e9nyk\u00e9p 3\t\t\t\t\t\t\t<\/label>\n\t\t\t\t\t\t\t\t<input type=\"file\" name=\"form_fields[field_f1875f1]\" id=\"form-field-field_f1875f1\" class=\"elementor-field elementor-size-md  elementor-upload-field\" data-maxsize=\"2\" data-maxsize-message=\"This file exceeds the maximum allowed size.\">\n\n\t\t\t\t\t\t<\/div>\n\t\t\t\t\t\t\t\t<div class=\"elementor-field-type-html elementor-field-group elementor-column elementor-field-group-field_9166ca4 elementor-col-100\">\n\t\t\t\t\t<p><span style=\"font-size: 24px\"><strong>2. V\u00e1s\u00e1rl\u00f3 adatai<\/strong><\/span><\/p>\n\t\t\t\t<\/div>\n\t\t\t\t\t\t\t\t<div class=\"elementor-field-type-text elementor-field-group elementor-column elementor-field-group-jmeno elementor-col-50 elementor-field-required elementor-mark-required\">\n\t\t\t\t\t\t\t\t\t\t\t\t<label for=\"form-field-jmeno\" class=\"elementor-field-label\">\n\t\t\t\t\t\t\t\tKeresztn\u00e9v \u00e9s vezet\u00e9kn\u00e9v\t\t\t\t\t\t\t<\/label>\n\t\t\t\t\t\t\t\t\t\t\t\t\t\t<input size=\"1\" type=\"text\" name=\"form_fields[jmeno]\" id=\"form-field-jmeno\" class=\"elementor-field elementor-size-md  elementor-field-textual\" required=\"required\" aria-required=\"true\">\n\t\t\t\t\t\t\t\t\t\t\t<\/div>\n\t\t\t\t\t\t\t\t<div class=\"elementor-field-type-text elementor-field-group elementor-column elementor-field-group-spolecnost elementor-col-50\">\n\t\t\t\t\t\t\t\t\t\t\t\t<label for=\"form-field-spolecnost\" class=\"elementor-field-label\">\n\t\t\t\t\t\t\t\tC\u00e9g\t\t\t\t\t\t\t<\/label>\n\t\t\t\t\t\t\t\t\t\t\t\t\t\t<input size=\"1\" type=\"text\" name=\"form_fields[spolecnost]\" id=\"form-field-spolecnost\" class=\"elementor-field elementor-size-md  elementor-field-textual\">\n\t\t\t\t\t\t\t\t\t\t\t<\/div>\n\t\t\t\t\t\t\t\t<div class=\"elementor-field-type-text elementor-field-group elementor-column elementor-field-group-adresa elementor-col-33 elementor-field-required elementor-mark-required\">\n\t\t\t\t\t\t\t\t\t\t\t\t<label for=\"form-field-adresa\" class=\"elementor-field-label\">\n\t\t\t\t\t\t\t\tUtca \u00e9s h\u00e1zsz\u00e1m\t\t\t\t\t\t\t<\/label>\n\t\t\t\t\t\t\t\t\t\t\t\t\t\t<input size=\"1\" type=\"text\" name=\"form_fields[adresa]\" id=\"form-field-adresa\" class=\"elementor-field elementor-size-md  elementor-field-textual\" required=\"required\" aria-required=\"true\">\n\t\t\t\t\t\t\t\t\t\t\t<\/div>\n\t\t\t\t\t\t\t\t<div class=\"elementor-field-type-text elementor-field-group elementor-column elementor-field-group-mesto elementor-col-33 elementor-field-required elementor-mark-required\">\n\t\t\t\t\t\t\t\t\t\t\t\t<label for=\"form-field-mesto\" class=\"elementor-field-label\">\n\t\t\t\t\t\t\t\tV\u00e1ros\t\t\t\t\t\t\t<\/label>\n\t\t\t\t\t\t\t\t\t\t\t\t\t\t<input size=\"1\" type=\"text\" name=\"form_fields[mesto]\" id=\"form-field-mesto\" class=\"elementor-field elementor-size-md  elementor-field-textual\" required=\"required\" aria-required=\"true\">\n\t\t\t\t\t\t\t\t\t\t\t<\/div>\n\t\t\t\t\t\t\t\t<div class=\"elementor-field-type-text elementor-field-group elementor-column elementor-field-group-psc elementor-col-33 elementor-field-required elementor-mark-required\">\n\t\t\t\t\t\t\t\t\t\t\t\t<label for=\"form-field-psc\" class=\"elementor-field-label\">\n\t\t\t\t\t\t\t\tIr\u00e1ny\u00edt\u00f3sz\u00e1m\t\t\t\t\t\t\t<\/label>\n\t\t\t\t\t\t\t\t\t\t\t\t\t\t<input size=\"1\" type=\"text\" name=\"form_fields[psc]\" id=\"form-field-psc\" class=\"elementor-field elementor-size-md  elementor-field-textual\" required=\"required\" aria-required=\"true\">\n\t\t\t\t\t\t\t\t\t\t\t<\/div>\n\t\t\t\t\t\t\t\t<div class=\"elementor-field-type-text elementor-field-group elementor-column elementor-field-group-telefon elementor-col-50 elementor-field-required elementor-mark-required\">\n\t\t\t\t\t\t\t\t\t\t\t\t<label for=\"form-field-telefon\" class=\"elementor-field-label\">\n\t\t\t\t\t\t\t\tTelefonsz\u00e1m\t\t\t\t\t\t\t<\/label>\n\t\t\t\t\t\t\t\t\t\t\t\t\t\t<input size=\"1\" type=\"text\" name=\"form_fields[telefon]\" id=\"form-field-telefon\" class=\"elementor-field elementor-size-md  elementor-field-textual\" required=\"required\" aria-required=\"true\">\n\t\t\t\t\t\t\t\t\t\t\t<\/div>\n\t\t\t\t\t\t\t\t<div class=\"elementor-field-type-email elementor-field-group elementor-column elementor-field-group-e_mail elementor-col-50 elementor-field-required elementor-mark-required\">\n\t\t\t\t\t\t\t\t\t\t\t\t<label for=\"form-field-e_mail\" class=\"elementor-field-label\">\n\t\t\t\t\t\t\t\tE-mail c\u00edm\t\t\t\t\t\t\t<\/label>\n\t\t\t\t\t\t\t\t\t\t\t\t\t\t<input size=\"1\" type=\"email\" name=\"form_fields[e_mail]\" id=\"form-field-e_mail\" class=\"elementor-field elementor-size-md  elementor-field-textual\" required=\"required\" aria-required=\"true\">\n\t\t\t\t\t\t\t\t\t\t\t<\/div>\n\t\t\t\t\t\t\t\t<div class=\"elementor-field-type-textarea elementor-field-group elementor-column elementor-field-group-poznamka elementor-col-100\">\n\t\t\t\t\t\t\t\t\t\t\t\t<label for=\"form-field-poznamka\" class=\"elementor-field-label\">\n\t\t\t\t\t\t\t\tMegjegyz\u00e9s\t\t\t\t\t\t\t<\/label>\n\t\t\t\t\t\t<textarea class=\"elementor-field-textual elementor-field  elementor-size-md\" name=\"form_fields[poznamka]\" id=\"form-field-poznamka\" rows=\"4\"><\/textarea>\t\t\t\t<\/div>\n\t\t\t\t\t\t\t\t<div class=\"elementor-field-type-text\">\n\t\t\t\t\t<input size=\"1\" type=\"text\" name=\"form_fields[field_27ab9cb]\" id=\"form-field-field_27ab9cb\" class=\"elementor-field elementor-size-md \" style=\"display:none !important;\">\t\t\t\t<\/div>\n\t\t\t\t\t\t\t\t<div class=\"elementor-field-group elementor-column elementor-field-type-submit elementor-col-100 e-form__buttons\">\n\t\t\t\t\t<button type=\"submit\" class=\"elementor-button elementor-size-md\">\n\t\t\t\t\t\t<span >\n\t\t\t\t\t\t\t\t\t\t\t\t\t\t\t<span class=\" elementor-button-icon\">\n\t\t\t\t\t\t\t\t\t\t\t\t\t\t\t\t\t\t\t\t\t\t\t\t\t\t<\/span>\n\t\t\t\t\t\t\t\t\t\t\t\t\t\t\t\t\t\t\t\t\t\t<span class=\"elementor-button-text\">\u0170rlap bek\u00fcld\u00e9se<\/span>\n\t\t\t\t\t\t\t\t\t\t\t\t\t<\/span>\n\t\t\t\t\t<\/button>\n\t\t\t\t<\/div>\n\t\t\t<\/div>\n\t\t<\/form>\n\t\t\t\t<\/div>\n\t\t\t\t<\/div>\n\t\t\t\t\t\t<\/div>\n\t\t\t\t\t<\/div>\n\t\t<\/div>\n\t\t\t\t\t\t\t\t<\/div>\n\t\t\t\t\t<\/div>\n\t\t<\/section>\n\t\t\t\t\t\t\t<\/div>\n\t\t\t\t<\/div>\n\t\t\n","protected":false},"excerpt":{"rendered":"<p>Nagyon sajn\u00e1ljuk, hogy nem el\u00e9gedett a kar\u00e1csonyf\u00e1nkkal, \u00e9s vissza akarja azt k\u00fcldeni nek\u00fcnk. Ha b\u00e1rmiben a seg\u00edts\u00e9g\u00e9re lehet\u00fcnk,\u00a0k\u00e9rj\u00fck, vegye fel vel\u00fcnk a kapcsolatot, mi mindent megtesz\u00fcnk az \u00d6n el\u00e9gedetts\u00e9ge \u00e9rdek\u00e9ben. Amennyiben az ad\u00e1sv\u00e9teli szerz\u0151d\u00e9st t\u00e1vkommunik\u00e1ci\u00f3 \u00fatj\u00e1n k\u00f6tik meg, akkor a fogyaszt\u00f3i v\u00e1s\u00e1rl\u00f3nak a polg\u00e1ri t\u00f6rv\u00e9nyk\u00f6nyv 1829. \u00a7 (1) bekezd\u00e9s\u00e9nek rendelkez\u00e9seivel \u00f6sszhangban a term\u00e9kek k\u00e9zhezv\u00e9tel\u00e9t\u0151l sz\u00e1m\u00edtott [&hellip;]<\/p>\n","protected":false},"author":3,"featured_media":0,"parent":0,"menu_order":0,"comment_status":"closed","ping_status":"closed","template":"","meta":{"footnotes":""},"class_list":["post-9992","page","type-page","status-publish","hentry"],"featured_image_urls":{"full":"","thumbnail":"","medium":"","medium_large":"","large":"","1536x1536":"","2048x2048":"","woocommerce_thumbnail":"","woocommerce_single":"","woocommerce_gallery_thumbnail":""},"post_excerpt_stackable":"<p>Nagyon sajn\u00e1ljuk, hogy nem el\u00e9gedett a kar\u00e1csonyf\u00e1nkkal, \u00e9s vissza akarja azt k\u00fcldeni nek\u00fcnk. Ha b\u00e1rmiben a seg\u00edts\u00e9g\u00e9re lehet\u00fcnk,\u00a0k\u00e9rj\u00fck, vegye fel vel\u00fcnk a kapcsolatot, mi mindent megtesz\u00fcnk az \u00d6n el\u00e9gedetts\u00e9ge \u00e9rdek\u00e9ben. Amennyiben az ad\u00e1sv\u00e9teli szerz\u0151d\u00e9st t\u00e1vkommunik\u00e1ci\u00f3 \u00fatj\u00e1n k\u00f6tik meg, akkor a fogyaszt\u00f3i v\u00e1s\u00e1rl\u00f3nak a polg\u00e1ri t\u00f6rv\u00e9nyk\u00f6nyv 1829. \u00a7 (1) bekezd\u00e9s\u00e9nek rendelkez\u00e9seivel \u00f6sszhangban a term\u00e9kek k\u00e9zhezv\u00e9tel\u00e9t\u0151l sz\u00e1m\u00edtott 14 napon bel\u00fcl joga van el\u00e1llni a szerz\u0151d\u00e9st\u0151l. A szerz\u0151d\u00e9st\u0151l val\u00f3 el\u00e1ll\u00e1st legk\u00e9s\u0151bb a 14 napos id\u0151szak utols\u00f3 napj\u00e1n kell teljes\u00edteni. A szerz\u0151d\u00e9st\u0151l val\u00f3 el\u00e1ll\u00e1st legk\u00e9s\u0151bb a 14 napos id\u0151szak utols\u00f3 napj\u00e1n kell teljes\u00edteni. Az al\u00e1bbi \u0171rlap kit\u00f6lt\u00e9se ut\u00e1n k\u00fcldje el a term\u00e9ket a k\u00f6vetkez\u0151&hellip;<\/p>\n","category_list":"","author_info":{"name":"Tomas Turon","url":"https:\/\/old2024.mujstromecek.cz\/hu\/author\/tomas\/"},"comments_num":"0 comments","featured_image_urls_v2":{"full":"","thumbnail":"","medium":"","medium_large":"","large":"","1536x1536":"","2048x2048":"","woocommerce_thumbnail":"","woocommerce_single":"","woocommerce_gallery_thumbnail":""},"post_excerpt_stackable_v2":"<p>Nagyon sajn\u00e1ljuk, hogy nem el\u00e9gedett a kar\u00e1csonyf\u00e1nkkal, \u00e9s vissza akarja azt k\u00fcldeni nek\u00fcnk. Ha b\u00e1rmiben a seg\u00edts\u00e9g\u00e9re lehet\u00fcnk,\u00a0k\u00e9rj\u00fck, vegye fel vel\u00fcnk a kapcsolatot, mi mindent megtesz\u00fcnk az \u00d6n el\u00e9gedetts\u00e9ge \u00e9rdek\u00e9ben. Amennyiben az ad\u00e1sv\u00e9teli szerz\u0151d\u00e9st t\u00e1vkommunik\u00e1ci\u00f3 \u00fatj\u00e1n k\u00f6tik meg, akkor a fogyaszt\u00f3i v\u00e1s\u00e1rl\u00f3nak a polg\u00e1ri t\u00f6rv\u00e9nyk\u00f6nyv 1829. \u00a7 (1) bekezd\u00e9s\u00e9nek rendelkez\u00e9seivel \u00f6sszhangban a term\u00e9kek k\u00e9zhezv\u00e9tel\u00e9t\u0151l sz\u00e1m\u00edtott 14 napon bel\u00fcl joga van el\u00e1llni a szerz\u0151d\u00e9st\u0151l. A szerz\u0151d\u00e9st\u0151l val\u00f3 el\u00e1ll\u00e1st legk\u00e9s\u0151bb a 14 napos id\u0151szak utols\u00f3 napj\u00e1n kell teljes\u00edteni. A szerz\u0151d\u00e9st\u0151l val\u00f3 el\u00e1ll\u00e1st legk\u00e9s\u0151bb a 14 napos id\u0151szak utols\u00f3 napj\u00e1n kell teljes\u00edteni. Az al\u00e1bbi \u0171rlap kit\u00f6lt\u00e9se ut\u00e1n k\u00fcldje el a term\u00e9ket a k\u00f6vetkez\u0151&hellip;<\/p>\n","category_list_v2":"","author_info_v2":{"name":"Tomas Turon","url":"https:\/\/old2024.mujstromecek.cz\/hu\/author\/tomas\/"},"comments_num_v2":"0 comments","yoast_head":"<!-- This site is optimized with the Yoast SEO plugin v21.1 - https:\/\/yoast.com\/wordpress\/plugins\/seo\/ -->\n<title>Term\u00e9k visszak\u00fcld\u00e9se - MUKARACSONYFA.HU<\/title>\n<meta name=\"robots\" content=\"noindex, follow, max-snippet:-1, max-image-preview:large, max-video-preview:-1\" \/>\n<meta property=\"og:locale\" content=\"hu_HU\" \/>\n<meta property=\"og:type\" content=\"article\" \/>\n<meta property=\"og:title\" content=\"Term\u00e9k visszak\u00fcld\u00e9se - MUKARACSONYFA.HU\" \/>\n<meta property=\"og:description\" content=\"Nagyon sajn\u00e1ljuk, hogy nem el\u00e9gedett a kar\u00e1csonyf\u00e1nkkal, \u00e9s vissza akarja azt k\u00fcldeni nek\u00fcnk. Ha b\u00e1rmiben a seg\u00edts\u00e9g\u00e9re lehet\u00fcnk,\u00a0k\u00e9rj\u00fck, vegye fel vel\u00fcnk a kapcsolatot, mi mindent megtesz\u00fcnk az \u00d6n el\u00e9gedetts\u00e9ge \u00e9rdek\u00e9ben. Amennyiben az ad\u00e1sv\u00e9teli szerz\u0151d\u00e9st t\u00e1vkommunik\u00e1ci\u00f3 \u00fatj\u00e1n k\u00f6tik meg, akkor a fogyaszt\u00f3i v\u00e1s\u00e1rl\u00f3nak a polg\u00e1ri t\u00f6rv\u00e9nyk\u00f6nyv 1829. \u00a7 (1) bekezd\u00e9s\u00e9nek rendelkez\u00e9seivel \u00f6sszhangban a term\u00e9kek k\u00e9zhezv\u00e9tel\u00e9t\u0151l sz\u00e1m\u00edtott [&hellip;]\" \/>\n<meta property=\"og:url\" content=\"https:\/\/old2024.mujstromecek.cz\/hu\/termek-visszakuldese\/\" \/>\n<meta property=\"og:site_name\" content=\"MUKARACSONYFA.HU\" \/>\n<meta property=\"article:modified_time\" content=\"2022-10-28T15:30:09+00:00\" \/>\n<meta name=\"twitter:card\" content=\"summary_large_image\" \/>\n<meta name=\"twitter:label1\" content=\"Becs\u00fclt olvas\u00e1si id\u0151\" \/>\n\t<meta name=\"twitter:data1\" content=\"2 perc\" \/>\n<script type=\"application\/ld+json\" class=\"yoast-schema-graph\">{\"@context\":\"https:\/\/schema.org\",\"@graph\":[{\"@type\":\"WebPage\",\"@id\":\"https:\/\/old2024.mujstromecek.cz\/hu\/termek-visszakuldese\/\",\"url\":\"https:\/\/old2024.mujstromecek.cz\/hu\/termek-visszakuldese\/\",\"name\":\"Term\u00e9k visszak\u00fcld\u00e9se - MUKARACSONYFA.HU\",\"isPartOf\":{\"@id\":\"https:\/\/mojstromcek.sk\/#website\"},\"datePublished\":\"2020-08-30T18:48:51+00:00\",\"dateModified\":\"2022-10-28T15:30:09+00:00\",\"breadcrumb\":{\"@id\":\"https:\/\/old2024.mujstromecek.cz\/hu\/termek-visszakuldese\/#breadcrumb\"},\"inLanguage\":\"hu\",\"potentialAction\":[{\"@type\":\"ReadAction\",\"target\":[\"https:\/\/old2024.mujstromecek.cz\/hu\/termek-visszakuldese\/\"]}]},{\"@type\":\"BreadcrumbList\",\"@id\":\"https:\/\/old2024.mujstromecek.cz\/hu\/termek-visszakuldese\/#breadcrumb\",\"itemListElement\":[{\"@type\":\"ListItem\",\"position\":1,\"name\":\"Dom\u016f\",\"item\":\"https:\/\/old2024.mujstromecek.cz\/hu\/\"},{\"@type\":\"ListItem\",\"position\":2,\"name\":\"Term\u00e9k visszak\u00fcld\u00e9se\"}]},{\"@type\":\"WebSite\",\"@id\":\"https:\/\/mojstromcek.sk\/#website\",\"url\":\"https:\/\/mojstromcek.sk\/\",\"name\":\"MUKARACSONYFA.HU\",\"description\":\"m\u0171kar\u00e1csonyf\u00e1k\",\"potentialAction\":[{\"@type\":\"SearchAction\",\"target\":{\"@type\":\"EntryPoint\",\"urlTemplate\":\"https:\/\/mojstromcek.sk\/?s={search_term_string}\"},\"query-input\":\"required name=search_term_string\"}],\"inLanguage\":\"hu\"}]}<\/script>\n<!-- \/ Yoast SEO plugin. -->","yoast_head_json":{"title":"Term\u00e9k visszak\u00fcld\u00e9se - MUKARACSONYFA.HU","robots":{"index":"noindex","follow":"follow","max-snippet":"max-snippet:-1","max-image-preview":"max-image-preview:large","max-video-preview":"max-video-preview:-1"},"og_locale":"hu_HU","og_type":"article","og_title":"Term\u00e9k visszak\u00fcld\u00e9se - MUKARACSONYFA.HU","og_description":"Nagyon sajn\u00e1ljuk, hogy nem el\u00e9gedett a kar\u00e1csonyf\u00e1nkkal, \u00e9s vissza akarja azt k\u00fcldeni nek\u00fcnk. Ha b\u00e1rmiben a seg\u00edts\u00e9g\u00e9re lehet\u00fcnk,\u00a0k\u00e9rj\u00fck, vegye fel vel\u00fcnk a kapcsolatot, mi mindent megtesz\u00fcnk az \u00d6n el\u00e9gedetts\u00e9ge \u00e9rdek\u00e9ben. Amennyiben az ad\u00e1sv\u00e9teli szerz\u0151d\u00e9st t\u00e1vkommunik\u00e1ci\u00f3 \u00fatj\u00e1n k\u00f6tik meg, akkor a fogyaszt\u00f3i v\u00e1s\u00e1rl\u00f3nak a polg\u00e1ri t\u00f6rv\u00e9nyk\u00f6nyv 1829. \u00a7 (1) bekezd\u00e9s\u00e9nek rendelkez\u00e9seivel \u00f6sszhangban a term\u00e9kek k\u00e9zhezv\u00e9tel\u00e9t\u0151l sz\u00e1m\u00edtott [&hellip;]","og_url":"https:\/\/old2024.mujstromecek.cz\/hu\/termek-visszakuldese\/","og_site_name":"MUKARACSONYFA.HU","article_modified_time":"2022-10-28T15:30:09+00:00","twitter_card":"summary_large_image","twitter_misc":{"Becs\u00fclt olvas\u00e1si id\u0151":"2 perc"},"schema":{"@context":"https:\/\/schema.org","@graph":[{"@type":"WebPage","@id":"https:\/\/old2024.mujstromecek.cz\/hu\/termek-visszakuldese\/","url":"https:\/\/old2024.mujstromecek.cz\/hu\/termek-visszakuldese\/","name":"Term\u00e9k visszak\u00fcld\u00e9se - MUKARACSONYFA.HU","isPartOf":{"@id":"https:\/\/mojstromcek.sk\/#website"},"datePublished":"2020-08-30T18:48:51+00:00","dateModified":"2022-10-28T15:30:09+00:00","breadcrumb":{"@id":"https:\/\/old2024.mujstromecek.cz\/hu\/termek-visszakuldese\/#breadcrumb"},"inLanguage":"hu","potentialAction":[{"@type":"ReadAction","target":["https:\/\/old2024.mujstromecek.cz\/hu\/termek-visszakuldese\/"]}]},{"@type":"BreadcrumbList","@id":"https:\/\/old2024.mujstromecek.cz\/hu\/termek-visszakuldese\/#breadcrumb","itemListElement":[{"@type":"ListItem","position":1,"name":"Dom\u016f","item":"https:\/\/old2024.mujstromecek.cz\/hu\/"},{"@type":"ListItem","position":2,"name":"Term\u00e9k visszak\u00fcld\u00e9se"}]},{"@type":"WebSite","@id":"https:\/\/mojstromcek.sk\/#website","url":"https:\/\/mojstromcek.sk\/","name":"MUKARACSONYFA.HU","description":"m\u0171kar\u00e1csonyf\u00e1k","potentialAction":[{"@type":"SearchAction","target":{"@type":"EntryPoint","urlTemplate":"https:\/\/mojstromcek.sk\/?s={search_term_string}"},"query-input":"required name=search_term_string"}],"inLanguage":"hu"}]}},"_links":{"self":[{"href":"https:\/\/old2024.mujstromecek.cz\/hu\/wp-json\/wp\/v2\/pages\/9992","targetHints":{"allow":["GET"]}}],"collection":[{"href":"https:\/\/old2024.mujstromecek.cz\/hu\/wp-json\/wp\/v2\/pages"}],"about":[{"href":"https:\/\/old2024.mujstromecek.cz\/hu\/wp-json\/wp\/v2\/types\/page"}],"author":[{"embeddable":true,"href":"https:\/\/old2024.mujstromecek.cz\/hu\/wp-json\/wp\/v2\/users\/3"}],"replies":[{"embeddable":true,"href":"https:\/\/old2024.mujstromecek.cz\/hu\/wp-json\/wp\/v2\/comments?post=9992"}],"version-history":[{"count":1,"href":"https:\/\/old2024.mujstromecek.cz\/hu\/wp-json\/wp\/v2\/pages\/9992\/revisions"}],"predecessor-version":[{"id":206213,"href":"https:\/\/old2024.mujstromecek.cz\/hu\/wp-json\/wp\/v2\/pages\/9992\/revisions\/206213"}],"wp:attachment":[{"href":"https:\/\/old2024.mujstromecek.cz\/hu\/wp-json\/wp\/v2\/media?parent=9992"}],"curies":[{"name":"wp","href":"https:\/\/api.w.org\/{rel}","templated":true}]}}