{"id":8341,"date":"2020-07-17T08:09:27","date_gmt":"2020-07-17T08:09:27","guid":{"rendered":"https:\/\/mujstromecek.cz\/szallitas-nyomon-kovetese\/"},"modified":"2020-12-05T22:57:40","modified_gmt":"2020-12-05T22:57:40","slug":"szallitas-nyomon-kovetese","status":"publish","type":"page","link":"https:\/\/old2024.mujstromecek.cz\/hu\/szallitas-nyomon-kovetese\/","title":{"rendered":"Sz\u00e1ll\u00edtm\u00e1ny k\u00f6vet\u00e9s"},"content":{"rendered":"\n\t\t<div data-elementor-type=\"section\" data-elementor-id=\"15596\" class=\"elementor elementor-15596 elementor-15583\" data-elementor-post-type=\"elementor_library\">\n\t\t\t\t\t<div class=\"elementor-section-wrap\">\n\t\t\t\t\t\t\t\t<section class=\"elementor-section elementor-top-section elementor-element elementor-element-f6b63da elementor-section-boxed elementor-section-height-default elementor-section-height-default\" data-id=\"f6b63da\" data-element_type=\"section\">\n\t\t\t\t\t\t<div class=\"elementor-container elementor-column-gap-default\">\n\t\t\t\t\t\t\t<div class=\"elementor-row\">\n\t\t\t\t\t<div class=\"elementor-column elementor-col-100 elementor-top-column elementor-element elementor-element-2cd8c22\" data-id=\"2cd8c22\" data-element_type=\"column\">\n\t\t\t<div class=\"elementor-column-wrap elementor-element-populated\">\n\t\t\t\t\t\t\t<div class=\"elementor-widget-wrap\">\n\t\t\t\t\t\t<div class=\"elementor-element elementor-element-e754087 elementor-widget elementor-widget-alert\" data-id=\"e754087\" data-element_type=\"widget\" data-widget_type=\"alert.default\">\n\t\t\t\t<div class=\"elementor-widget-container\">\n\t\t\t\t\t<div class=\"elementor-alert elementor-alert-warning\" role=\"alert\">\n\t\t\t<span class=\"elementor-alert-title\">Kedves Vev\u0151,<\/span>\n\t\t\t\t\t\t\t<span class=\"elementor-alert-description\"><p>GLS sz\u00e1ll\u00edt\u00f3 c\u00e9g inform\u00e1t minket, hogy a megrendel\u00e9sek sz\u00e1ll\u00edt\u00e1s\u00e1n\u00e1l k\u00e9s\u00e9st lehet v\u00e1rni. Lehets\u00e9ges hogy az \u00f6n kar\u00e1csonyf\u00e1ja sz\u00e1ll\u00edt\u00e1sa szint\u00e9n k\u00e9sni fog. De nef\u00e9ljetek, Kar\u00e1csonyig biztos el\u00e9rj\u00fck.<\/p><\/span>\n\t\t\t\t\t\t\t\t\t\t<button type=\"button\" class=\"elementor-alert-dismiss\">\n\t\t\t\t\t\t\t\t\t\t\t<span aria-hidden=\"true\">&times;<\/span>\n\t\t\t\t\t\t\t\t\t\t<span class=\"elementor-screen-only\">Dismiss this alert.<\/span>\n\t\t\t\t<\/button>\n\t\t\t\t\t<\/div>\n\t\t\t\t<\/div>\n\t\t\t\t<\/div>\n\t\t\t\t\t\t<\/div>\n\t\t\t\t\t<\/div>\n\t\t<\/div>\n\t\t\t\t\t\t\t\t<\/div>\n\t\t\t\t\t<\/div>\n\t\t<\/section>\n\t\t\t\t\t\t\t<\/div>\n\t\t\t\t<\/div>\n\t\t\n\n\n\n<h2 class=\"wp-block-heading\"><p><strong>GLS<\/strong><\/p> <p><strong>Tracking URL<\/strong>: <strong><a href=\"https:\/\/gls-group.eu\/HU\/hu\/csomagkovetes.html?match=\">https:\/\/gls-group.eu\/HU\/hu\/csomagkovetes.html?match=<\/a><\/strong><\/p> <p><strong>e-mail<\/strong>: <b><a class=\"subline subline_small\" data-analytics=\"click\" data-analytics-action=\"Email\" data-analytics-category=\"Inline Link\" href=\"mailto:info@gls-hungary.com\">info@gls-hungary.com<\/a><\/b><\/p> <p><strong>Contact<\/strong>: <a href=\"https:\/\/gls-group.eu\/HU\/hu\/kapcsolat\">https:\/\/gls-group.eu\/HU\/hu\/kapcsolat<\/a><\/p><\/h2>\n\n\n\n<p><p><strong>GLS<\/strong><\/p><\/p>\n","protected":false},"excerpt":{"rendered":"<p>GLS Tracking URL: https:\/\/gls-group.eu\/HU\/hu\/csomagkovetes.html?match= e-mail: info@gls-hungary.com Contact: https:\/\/gls-group.eu\/HU\/hu\/kapcsolat GLS<\/p>\n","protected":false},"author":1,"featured_media":0,"parent":0,"menu_order":0,"comment_status":"closed","ping_status":"closed","template":"","meta":{"footnotes":""},"class_list":["post-8341","page","type-page","status-publish","hentry"],"featured_image_urls":{"full":"","thumbnail":"","medium":"","medium_large":"","large":"","1536x1536":"","2048x2048":"","woocommerce_thumbnail":"","woocommerce_single":"","woocommerce_gallery_thumbnail":""},"post_excerpt_stackable":"<p>Kedves Vev\u0151, GLS sz\u00e1ll\u00edt\u00f3 c\u00e9g inform\u00e1t minket, hogy a megrendel\u00e9sek sz\u00e1ll\u00edt\u00e1s\u00e1n\u00e1l k\u00e9s\u00e9st lehet v\u00e1rni. Lehets\u00e9ges hogy az \u00f6n kar\u00e1csonyf\u00e1ja sz\u00e1ll\u00edt\u00e1sa szint\u00e9n k\u00e9sni fog. De nef\u00e9ljetek, Kar\u00e1csonyig biztos el\u00e9rj\u00fck. &times; Dismiss this alert. GLS Tracking URL: https:\/\/gls-group.eu\/HU\/hu\/csomagkovetes.html?match= e-mail: info@gls-hungary.com Contact: https:\/\/gls-group.eu\/HU\/hu\/kapcsolat GLS<\/p>\n","category_list":"","author_info":{"name":"admin","url":"https:\/\/old2024.mujstromecek.cz\/hu\/author\/lukas\/"},"comments_num":"0 comments","featured_image_urls_v2":{"full":"","thumbnail":"","medium":"","medium_large":"","large":"","1536x1536":"","2048x2048":"","woocommerce_thumbnail":"","woocommerce_single":"","woocommerce_gallery_thumbnail":""},"post_excerpt_stackable_v2":"<p>Kedves Vev\u0151, GLS sz\u00e1ll\u00edt\u00f3 c\u00e9g inform\u00e1t minket, hogy a megrendel\u00e9sek sz\u00e1ll\u00edt\u00e1s\u00e1n\u00e1l k\u00e9s\u00e9st lehet v\u00e1rni. Lehets\u00e9ges hogy az \u00f6n kar\u00e1csonyf\u00e1ja sz\u00e1ll\u00edt\u00e1sa szint\u00e9n k\u00e9sni fog. De nef\u00e9ljetek, Kar\u00e1csonyig biztos el\u00e9rj\u00fck. &times; Dismiss this alert. GLS Tracking URL: https:\/\/gls-group.eu\/HU\/hu\/csomagkovetes.html?match= e-mail: info@gls-hungary.com Contact: https:\/\/gls-group.eu\/HU\/hu\/kapcsolat GLS<\/p>\n","category_list_v2":"","author_info_v2":{"name":"admin","url":"https:\/\/old2024.mujstromecek.cz\/hu\/author\/lukas\/"},"comments_num_v2":"0 comments","yoast_head":"<!-- This site is optimized with the Yoast SEO plugin v21.1 - https:\/\/yoast.com\/wordpress\/plugins\/seo\/ -->\n<title>Sz\u00e1ll\u00edtm\u00e1ny k\u00f6vet\u00e9s - MUKARACSONYFA.HU<\/title>\n<meta name=\"robots\" content=\"noindex, follow, max-snippet:-1, max-image-preview:large, max-video-preview:-1\" \/>\n<meta property=\"og:locale\" content=\"hu_HU\" \/>\n<meta property=\"og:type\" content=\"article\" \/>\n<meta property=\"og:title\" content=\"Sz\u00e1ll\u00edtm\u00e1ny k\u00f6vet\u00e9s - MUKARACSONYFA.HU\" \/>\n<meta property=\"og:description\" content=\"GLS Tracking URL: https:\/\/gls-group.eu\/HU\/hu\/csomagkovetes.html?match= e-mail: info@gls-hungary.com Contact: https:\/\/gls-group.eu\/HU\/hu\/kapcsolat GLS\" \/>\n<meta property=\"og:url\" content=\"https:\/\/old2024.mujstromecek.cz\/hu\/szallitas-nyomon-kovetese\/\" \/>\n<meta property=\"og:site_name\" content=\"MUKARACSONYFA.HU\" \/>\n<meta property=\"article:modified_time\" content=\"2020-12-05T22:57:40+00:00\" \/>\n<meta name=\"twitter:card\" content=\"summary_large_image\" \/>\n<script type=\"application\/ld+json\" class=\"yoast-schema-graph\">{\"@context\":\"https:\/\/schema.org\",\"@graph\":[{\"@type\":\"WebPage\",\"@id\":\"https:\/\/old2024.mujstromecek.cz\/hu\/szallitas-nyomon-kovetese\/\",\"url\":\"https:\/\/old2024.mujstromecek.cz\/hu\/szallitas-nyomon-kovetese\/\",\"name\":\"Sz\u00e1ll\u00edtm\u00e1ny k\u00f6vet\u00e9s - MUKARACSONYFA.HU\",\"isPartOf\":{\"@id\":\"https:\/\/mojstromcek.sk\/#website\"},\"datePublished\":\"2020-07-17T08:09:27+00:00\",\"dateModified\":\"2020-12-05T22:57:40+00:00\",\"breadcrumb\":{\"@id\":\"https:\/\/old2024.mujstromecek.cz\/hu\/szallitas-nyomon-kovetese\/#breadcrumb\"},\"inLanguage\":\"hu\",\"potentialAction\":[{\"@type\":\"ReadAction\",\"target\":[\"https:\/\/old2024.mujstromecek.cz\/hu\/szallitas-nyomon-kovetese\/\"]}]},{\"@type\":\"BreadcrumbList\",\"@id\":\"https:\/\/old2024.mujstromecek.cz\/hu\/szallitas-nyomon-kovetese\/#breadcrumb\",\"itemListElement\":[{\"@type\":\"ListItem\",\"position\":1,\"name\":\"Dom\u016f\",\"item\":\"https:\/\/old2024.mujstromecek.cz\/hu\/\"},{\"@type\":\"ListItem\",\"position\":2,\"name\":\"Sz\u00e1ll\u00edtm\u00e1ny k\u00f6vet\u00e9s\"}]},{\"@type\":\"WebSite\",\"@id\":\"https:\/\/mojstromcek.sk\/#website\",\"url\":\"https:\/\/mojstromcek.sk\/\",\"name\":\"MUKARACSONYFA.HU\",\"description\":\"m\u0171kar\u00e1csonyf\u00e1k\",\"potentialAction\":[{\"@type\":\"SearchAction\",\"target\":{\"@type\":\"EntryPoint\",\"urlTemplate\":\"https:\/\/mojstromcek.sk\/?s={search_term_string}\"},\"query-input\":\"required name=search_term_string\"}],\"inLanguage\":\"hu\"}]}<\/script>\n<!-- \/ Yoast SEO plugin. -->","yoast_head_json":{"title":"Sz\u00e1ll\u00edtm\u00e1ny k\u00f6vet\u00e9s - MUKARACSONYFA.HU","robots":{"index":"noindex","follow":"follow","max-snippet":"max-snippet:-1","max-image-preview":"max-image-preview:large","max-video-preview":"max-video-preview:-1"},"og_locale":"hu_HU","og_type":"article","og_title":"Sz\u00e1ll\u00edtm\u00e1ny k\u00f6vet\u00e9s - MUKARACSONYFA.HU","og_description":"GLS Tracking URL: https:\/\/gls-group.eu\/HU\/hu\/csomagkovetes.html?match= e-mail: info@gls-hungary.com Contact: https:\/\/gls-group.eu\/HU\/hu\/kapcsolat GLS","og_url":"https:\/\/old2024.mujstromecek.cz\/hu\/szallitas-nyomon-kovetese\/","og_site_name":"MUKARACSONYFA.HU","article_modified_time":"2020-12-05T22:57:40+00:00","twitter_card":"summary_large_image","schema":{"@context":"https:\/\/schema.org","@graph":[{"@type":"WebPage","@id":"https:\/\/old2024.mujstromecek.cz\/hu\/szallitas-nyomon-kovetese\/","url":"https:\/\/old2024.mujstromecek.cz\/hu\/szallitas-nyomon-kovetese\/","name":"Sz\u00e1ll\u00edtm\u00e1ny k\u00f6vet\u00e9s - MUKARACSONYFA.HU","isPartOf":{"@id":"https:\/\/mojstromcek.sk\/#website"},"datePublished":"2020-07-17T08:09:27+00:00","dateModified":"2020-12-05T22:57:40+00:00","breadcrumb":{"@id":"https:\/\/old2024.mujstromecek.cz\/hu\/szallitas-nyomon-kovetese\/#breadcrumb"},"inLanguage":"hu","potentialAction":[{"@type":"ReadAction","target":["https:\/\/old2024.mujstromecek.cz\/hu\/szallitas-nyomon-kovetese\/"]}]},{"@type":"BreadcrumbList","@id":"https:\/\/old2024.mujstromecek.cz\/hu\/szallitas-nyomon-kovetese\/#breadcrumb","itemListElement":[{"@type":"ListItem","position":1,"name":"Dom\u016f","item":"https:\/\/old2024.mujstromecek.cz\/hu\/"},{"@type":"ListItem","position":2,"name":"Sz\u00e1ll\u00edtm\u00e1ny k\u00f6vet\u00e9s"}]},{"@type":"WebSite","@id":"https:\/\/mojstromcek.sk\/#website","url":"https:\/\/mojstromcek.sk\/","name":"MUKARACSONYFA.HU","description":"m\u0171kar\u00e1csonyf\u00e1k","potentialAction":[{"@type":"SearchAction","target":{"@type":"EntryPoint","urlTemplate":"https:\/\/mojstromcek.sk\/?s={search_term_string}"},"query-input":"required name=search_term_string"}],"inLanguage":"hu"}]}},"_links":{"self":[{"href":"https:\/\/old2024.mujstromecek.cz\/hu\/wp-json\/wp\/v2\/pages\/8341","targetHints":{"allow":["GET"]}}],"collection":[{"href":"https:\/\/old2024.mujstromecek.cz\/hu\/wp-json\/wp\/v2\/pages"}],"about":[{"href":"https:\/\/old2024.mujstromecek.cz\/hu\/wp-json\/wp\/v2\/types\/page"}],"author":[{"embeddable":true,"href":"https:\/\/old2024.mujstromecek.cz\/hu\/wp-json\/wp\/v2\/users\/1"}],"replies":[{"embeddable":true,"href":"https:\/\/old2024.mujstromecek.cz\/hu\/wp-json\/wp\/v2\/comments?post=8341"}],"version-history":[{"count":0,"href":"https:\/\/old2024.mujstromecek.cz\/hu\/wp-json\/wp\/v2\/pages\/8341\/revisions"}],"wp:attachment":[{"href":"https:\/\/old2024.mujstromecek.cz\/hu\/wp-json\/wp\/v2\/media?parent=8341"}],"curies":[{"name":"wp","href":"https:\/\/api.w.org\/{rel}","templated":true}]}}