{"id":8333,"date":"2020-07-17T07:56:07","date_gmt":"2020-07-17T07:56:07","guid":{"rendered":"https:\/\/mujstromecek.cz\/gdpr\/"},"modified":"2020-08-05T13:48:40","modified_gmt":"2020-08-05T13:48:40","slug":"szemelyes-adatvedelem","status":"publish","type":"page","link":"https:\/\/old2024.mujstromecek.cz\/hu\/szemelyes-adatvedelem\/","title":{"rendered":"Szem\u00e9lyes adatv\u00e9delem"},"content":{"rendered":"\n<h1 class=\"wp-block-heading\">A SZEM\u00c9LYES ADATFELDOLGOZ\u00c1SSAL KAPCSOLATOS V\u00c1S\u00c1RL\u00d3I T\u00c1J\u00c9KOZTAT\u00d3<\/h1>\n\n\n\n<p>Nagy \u00f6r\u00f6m\u00fcnkre szolg\u00e1l, \u00e9s nagyra \u00e9rt\u00e9kelj\u00fck, hogy az \u00fcgyfel\u00fcnkk\u00e9 v\u00e1lt. \u00c1ltal\u00e1noss\u00e1gban besz\u00e9lve, a term\u00e9kek online v\u00e1s\u00e1rl\u00e1sa egy sokkal \u00f6sszetettebb m\u0171veletet foglal mag\u00e1ba, mint csup\u00e1n a v\u00e1s\u00e1rolt cikkek lehet\u0151 leggyorsabb \u00e9s legbiztons\u00e1gosabb h\u00e1zhozsz\u00e1ll\u00edt\u00e1sa. Pontosabban, minden olyan sz\u00fcks\u00e9ges pap\u00edrmunk\u00e1t \u00e9s adatfeldolgoz\u00e1st, melyet az \u00e1llami hat\u00f3s\u00e1gok megk\u00f6vetelnek, \u00e9s ezt mi a<\/p>\n\n\n\n<p><strong>All4Customer s.r.o.<\/strong>, -n\u00e1l\/-n\u00e9l &#8212; sz\u00e9khely: Ostrava, Hladnovsk\u00e1 1255\/23, 71000, CRN: 01824651, e-mail c\u00edm: info@mukaracsonyfa.hu, telefonsz\u00e1m: +420 731 855 677, (a tov\u00e1bbiakban: \u201eT\u00e1rsas\u00e1g\u201d\/\u201eC\u00e9g\u201d vagy \u201eMi\u201d), &#8212; kifejezetten komolyan vessz\u00fck.<\/p>\n\n\n\n<h2 class=\"wp-block-heading\">1. A FELDOLGOZ\u00c1S C\u00c9LJAI \u00c9S JOGALAPJA<\/h2>\n\n\n\n<p>A szem\u00e9lyes adatait szigor\u00faan a k\u00f6vetkez\u0151 c\u00e9lokra haszn\u00e1ljuk fel:<\/p>\n\n\n\n<ul class=\"wp-block-list\"><li>A rendel\u00e9s\u00e9nek v\u00e9ghezvitele;<\/li><li>A term\u00e9kek h\u00e1zhozsz\u00e1ll\u00edt\u00e1sa;<\/li><li>Hogy gondoskodjunk a hib\u00e1s teljes\u00edt\u00e9sb\u0151l vagy a k\u00e1r megt\u00e9r\u00edt\u00e9s\u00e9b\u0151l ered\u0151 minden k\u00f6vetkezm\u00e9nyes jog el\u00e9gt\u00e9tel\u00e9\u00e9rt.<\/li><\/ul>\n\n\n\n<p>A szem\u00e9lyes adatfeldolgoz\u00e1s jogalapja az \u00d6n \u00e9s a c\u00e9g\u00fcnk k\u00f6z\u00f6tt l\u00e9trej\u00f6tt szerz\u0151d\u00e9s, valamint a fogyaszt\u00f3v\u00e9delmi t\u00f6rv\u00e9nyb\u0151l \u00e9s a Cseh K\u00f6zt\u00e1rsas\u00e1g Polg\u00e1ri T\u00f6rv\u00e9nyk\u00f6nyveib\u0151l ered\u0151 minden sz\u00fcks\u00e9ges t\u00f6rv\u00e9nyi k\u00f6vetelm\u00e9ny, jog \u00e9s feladat.<\/p>\n\n\n\n<h2 class=\"wp-block-heading\">2. AZ ALKALMAZOTT SZEM\u00c9LYES ADATOK KATEG\u00d3RI\u00c1I<\/h2>\n\n\n\n<p>A megrendel\u00e9s sikeres teljes\u00edt\u00e9s\u00e9hez, valamint a szerz\u0151d\u00e9s felt\u00e9teleivel kapcsolatos \u00f6sszes kapcsol\u00f3d\u00f3 jog \u00e9s k\u00f6telezetts\u00e9g teljes\u00edt\u00e9s\u00e9hez a teljes nev\u00e9t \u00e9s\/vagy c\u00e9gnev\u00e9t, telefonsz\u00e1m\u00e1t, \u00e9s e-mail c\u00edm\u00e9t feldolgozzuk; az \u00d6n \u00e1ltal megadott k\u00e9zbes\u00edt\u00e9si c\u00edmmel kapcsolatban az utcanevet, h\u00e1zsz\u00e1mot, helyis\u00e9get \u00e9s postai ir\u00e1ny\u00edt\u00f3sz\u00e1mot dolgozzuk fel. A megadott sz\u00e1ml\u00e1z\u00e1si c\u00edmmel kapcsolatban a c\u00e9g nev\u00e9t, utca nev\u00e9t \u00e9s h\u00e1zsz\u00e1m\u00e1t, v\u00e1ros\u00e1t \u00e9s postai ir\u00e1ny\u00edt\u00f3sz\u00e1m\u00e1t dolgozzuk fel, a c\u00e9gjegyz\u00e9ksz\u00e1m \u00e9s\/vagy a hozz\u00e1adott\u00e9rt\u00e9k-ad\u00f3 regisztr\u00e1ci\u00f3s sz\u00e1ma mellett.<\/p>\n\n\n\n<h2 class=\"wp-block-heading\">3. EMPF\u00c4NGER VON PERSONENBEZOGENEN DATEN UND \u00dcBERMITTLUNG PERSONENBEZOGENER DATEN IN DRITTL\u00c4NDER \/ IN DRITTSTAATEN<\/h2>\n\n\n\n<p>A szem\u00e9lyes adatait nem osztjuk meg harmadik felekkel, vagy tessz\u00fck hozz\u00e1f\u00e9rhet\u0151v\u00e9 az \u00d6n el\u0151zetes beleegyez\u00e9se n\u00e9lk\u00fcl, ez al\u00f3l kiv\u00e9tel az \u00e1llami hat\u00f3s\u00e1goknak val\u00f3, az alkalmazand\u00f3 jognak megfelel\u0151, t\u00e1j\u00e9koztat\u00e1s ny\u00fajt\u00e1s (pl. a Cseh K\u00f6zt\u00e1rsas\u00e1g rend\u0151rs\u00e9ge), valamint az \u00e1ltalunk megb\u00edzott szolg\u00e1ltat\u00e1st ny\u00fajt\u00f3 szem\u00e9lyek sz\u00e1m\u00e1ra tov\u00e1bb\u00edtott sz\u00fcks\u00e9ges adatok, az ezen meg\u00e1llapod\u00e1s 1-es cikk\u00e9ben meghat\u00e1rozott c\u00e9lok v\u00e9ghezvitel\u00e9hez. Pontosabban, a szem\u00e9lyes adatai megoszt\u00e1sra \u00e9s feldolgoz\u00e1sra ker\u00fclnek automatikus kit\u00f6lt\u00e9ssel, a rendel\u00e9si folyamat v\u00e9ghezvitel\u00e9hez, ezen fel\u00fcl a tov\u00e1bbiakban esetleges t\u00e1j\u00e9koztat\u00f3 jelleg\u0171 h\u00edrekr\u0151l \u00e9s term\u00e9kekr\u0151l sz\u00f3l\u00f3 \u00fczenetek form\u00e1j\u00e1ban, a k\u00f6vetkez\u0151 c\u00e9gen kereszt\u00fcl: Next CRE s.r.o. (Kft.); sz\u00e9khelye: Po\u0161tovn\u00ed utca 244, Star\u00e9 M\u011bsto, postai ir\u00e1ny\u00edt\u00f3sz\u00e1m: 73961, T\u0159inec, Cseh K\u00f6zt\u00e1rsas\u00e1g; CRN: 29396239, \u00e9s v\u00e9g\u00fcl a c\u00e9ggel egy\u00fcttm\u0171k\u00f6d\u0151 szem\u00e9lyekkel. Az \u00d6n \u00e1ltal megadott e-mail c\u00edmen kereszt\u00fcl t\u00e1j\u00e9koztatjuk \u00d6nt az esetleges v\u00e1ltoztat\u00e1sokr\u00f3l. Mi semmilyen k\u00f6r\u00fclm\u00e9nyek k\u00f6z\u00f6tt nem osztjuk meg vagy tov\u00e1bb\u00edtjuk szem\u00e9lyes adatait olyan harmadik orsz\u00e1goknak vagy nemzetk\u00f6zi szervezeteknek, amelyek nem felelnek meg a szem\u00e9lyes adatok v\u00e9delm\u00e9re vonatkoz\u00f3 jogszab\u00e1lyoknak.<\/p>\n\n\n\n<h2 class=\"wp-block-heading\">4. INFORMATIONEN \u00dcBER IHRE RECHTE IN VERBINDUNG MIT PERSONENBEZOGENEN DATEN<\/h2>\n\n\n\n<p>Az adatfeldolgoz\u00e1ssal kapcsolatosan sz\u00e1mos joggal rendelkezik. B\u00e1rmikor felveheti vel\u00fcnk a kapcsolatot postai lev\u00e9l, vagy e-mail form\u00e1j\u00e1ban, amennyiben meger\u0151s\u00edt\u00e9sre van sz\u00fcks\u00e9ge szem\u00e9lyes adatai feldolgoz\u00e1s\u00e1r\u00f3l. Amennyiben adatai val\u00f3ban feldolgoz\u00e1sra ker\u00fcltek, hozz\u00e1f\u00e9r\u00e9st biztos\u00edtunk \u00d6nnek a szem\u00e9lyes adataihoz, valamint inform\u00e1ci\u00f3khoz az adatai feldolgoz\u00e1s\u00e1r\u00f3l. Ezen fel\u00fcl, jog\u00e1ban \u00e1ll k\u00e9rni a pontatlan inform\u00e1ci\u00f3k helyesb\u00edt\u00e9s\u00e9t vagy hi\u00e1nyos szem\u00e9lyes adatok p\u00f3tl\u00e1s\u00e1t.<\/p>\n\n\n\n<p>B\u00e1rmikor k\u00e9rv\u00e9nyezheti a szem\u00e9lyes adatai t\u00f6rl\u00e9s\u00e9t, vagy ak\u00e1r a szem\u00e9lyes adatfeldolgoz\u00e1s korl\u00e1toz\u00e1s\u00e1t is; amennyiben mindk\u00e9t esetben oka van a k\u00e9r\u00e9s\u00e9nek. Joga van a szem\u00e9lyes adataihoz, \u00e9s azok \u00e1tvitel\u00e9hez egy m\u00e1sik rendszergazd\u00e1hoz.<\/p>\n\n\n\n<p>Szem\u00e9lyes adatai tisztess\u00e9gesen \u00e9s \u00e1tl\u00e1that\u00f3 m\u00f3don ker\u00fclnek feldolgoz\u00e1sra, mindazon\u00e1ltal \u00d6nnek mindig joga van b\u00e1rmelyik EU-orsz\u00e1gban tal\u00e1lhat\u00f3 eur\u00f3pai szem\u00e9lyes adatv\u00e9delmi hivatalhoz fordulni. Az \u00f6sszes sz\u00fcks\u00e9ges inform\u00e1ci\u00f3 \u00e9s kapcsolat el\u00e9rhet\u0151 a k\u00f6vetkez\u0151 weboldalon:&nbsp;<a href=\"https:\/\/www.bfdi.bund.de\/DE\/Home\/home_node.html\" target=\"_blank\" rel=\"noreferrer noopener\">https:\/\/www.bfdi.bund.de\/DE\/Home\/home_node.html<\/a><\/p>\n\n\n\n<h2 class=\"wp-block-heading\">5. TOV\u00c1BBI FELDOLGOZ\u00c1S<\/h2>\n\n\n\n<p>A szem\u00e9lyes adatait kiz\u00e1r\u00f3lag \u00d6n adta \u00e1t nek\u00fcnk.<\/p>\n\n\n\n<p>\u00d6n k\u00f6teles megadni a feldolgoz\u00e1shoz sz\u00fcks\u00e9ges szem\u00e9lyes adatokat, valamint azokat, melyek feldolgoz\u00e1s\u00e1t a t\u00f6rv\u00e9ny \u00edrja el\u0151. K\u00f6teless\u00e9ge biztos\u00edtani sz\u00e1munkra a szem\u00e9lyes adatait, amelyek sz\u00fcks\u00e9gesek ahhoz, hogy a szerz\u0151d\u00e9ses felt\u00e9teleknek megfelel\u0151en teljes\u00edts\u00fck az \u00f6sszes jogot \u00e9s k\u00f6telezetts\u00e9get. A szem\u00e9lyes adatok csak a sz\u00fcks\u00e9ges id\u0151k\u00f6z\u00f6kben ker\u00fclnek feldolgoz\u00e1sra. Az olyan szem\u00e9lyes adatokat, amelyek feldolgoz\u00e1s\u00e1t a t\u00f6rv\u00e9ny \u00edrja el\u0151, kiz\u00e1r\u00f3lag a t\u00f6rv\u00e9ny \u00e1ltal el\u0151\u00edrt id\u0151tartamra ker\u00fclnek feldolgoz\u00e1sra. A szerz\u0151d\u00e9si felt\u00e9telekhez \u00e9s a kieg\u00e9sz\u00edt\u0151 jogokhoz \u00e9s k\u00f6telezetts\u00e9gekhez kapcsol\u00f3d\u00f3 szem\u00e9lyes adatok feldolgoz\u00e1sa csak a j\u00f6v\u0151beli esetleges b\u00edr\u00f3s\u00e1gi vit\u00e1khoz sz\u00fcks\u00e9ges id\u0151tartamra t\u00f6rt\u00e9nik.<\/p>\n\n\n\n<h2 class=\"wp-block-heading\">6. \u00d6SSZEFOGLAL\u00d3<\/h2>\n\n\n\n<p>A megfelel\u0151 n\u00e9gyzet bejel\u00f6l\u00e9s\u00e9vel hozz\u00e1j\u00e1rul a szem\u00e9lyes adatai kezel\u00e9s\u00e9hez \u00e9s feldolgoz\u00e1s\u00e1hoz, valamint meger\u0151s\u00edti, hogy elolvasta \u00e9s meg\u00e9rtette a szerz\u0151d\u00e9s felt\u00e9teleit. Ne habozzon kapcsolatba l\u00e9pni vel\u00fcnk, amennyiben tov\u00e1bbi inform\u00e1ci\u00f3ra van sz\u00fcks\u00e9ge szem\u00e9lyes adatai feldolgoz\u00e1s\u00e1val kapcsolatban.<\/p>\n","protected":false},"excerpt":{"rendered":"<p>A SZEM\u00c9LYES ADATFELDOLGOZ\u00c1SSAL KAPCSOLATOS V\u00c1S\u00c1RL\u00d3I T\u00c1J\u00c9KOZTAT\u00d3 Nagy \u00f6r\u00f6m\u00fcnkre szolg\u00e1l, \u00e9s nagyra \u00e9rt\u00e9kelj\u00fck, hogy az \u00fcgyfel\u00fcnkk\u00e9 v\u00e1lt. \u00c1ltal\u00e1noss\u00e1gban besz\u00e9lve, a term\u00e9kek online v\u00e1s\u00e1rl\u00e1sa egy sokkal \u00f6sszetettebb m\u0171veletet foglal mag\u00e1ba, mint csup\u00e1n a v\u00e1s\u00e1rolt cikkek lehet\u0151 leggyorsabb \u00e9s legbiztons\u00e1gosabb h\u00e1zhozsz\u00e1ll\u00edt\u00e1sa. Pontosabban, minden olyan sz\u00fcks\u00e9ges pap\u00edrmunk\u00e1t \u00e9s adatfeldolgoz\u00e1st, melyet az \u00e1llami hat\u00f3s\u00e1gok megk\u00f6vetelnek, \u00e9s ezt mi a All4Customer [&hellip;]<\/p>\n","protected":false},"author":2,"featured_media":0,"parent":0,"menu_order":0,"comment_status":"closed","ping_status":"closed","template":"","meta":{"footnotes":""},"class_list":["post-8333","page","type-page","status-publish","hentry"],"featured_image_urls":{"full":"","thumbnail":"","medium":"","medium_large":"","large":"","1536x1536":"","2048x2048":"","woocommerce_thumbnail":"","woocommerce_single":"","woocommerce_gallery_thumbnail":""},"post_excerpt_stackable":"<p>A SZEM\u00c9LYES ADATFELDOLGOZ\u00c1SSAL KAPCSOLATOS V\u00c1S\u00c1RL\u00d3I T\u00c1J\u00c9KOZTAT\u00d3 Nagy \u00f6r\u00f6m\u00fcnkre szolg\u00e1l, \u00e9s nagyra \u00e9rt\u00e9kelj\u00fck, hogy az \u00fcgyfel\u00fcnkk\u00e9 v\u00e1lt. \u00c1ltal\u00e1noss\u00e1gban besz\u00e9lve, a term\u00e9kek online v\u00e1s\u00e1rl\u00e1sa egy sokkal \u00f6sszetettebb m\u0171veletet foglal mag\u00e1ba, mint csup\u00e1n a v\u00e1s\u00e1rolt cikkek lehet\u0151 leggyorsabb \u00e9s legbiztons\u00e1gosabb h\u00e1zhozsz\u00e1ll\u00edt\u00e1sa. Pontosabban, minden olyan sz\u00fcks\u00e9ges pap\u00edrmunk\u00e1t \u00e9s adatfeldolgoz\u00e1st, melyet az \u00e1llami hat\u00f3s\u00e1gok megk\u00f6vetelnek, \u00e9s ezt mi a All4Customer s.r.o., -n\u00e1l\/-n\u00e9l &#8212; sz\u00e9khely: Ostrava, Hladnovsk\u00e1 1255\/23, 71000, CRN: 01824651, e-mail c\u00edm: info@mukaracsonyfa.hu, telefonsz\u00e1m: +420 731 855 677, (a tov\u00e1bbiakban: \u201eT\u00e1rsas\u00e1g\u201d\/\u201eC\u00e9g\u201d vagy \u201eMi\u201d), &#8212; kifejezetten komolyan vessz\u00fck. 1. A FELDOLGOZ\u00c1S C\u00c9LJAI \u00c9S JOGALAPJA A szem\u00e9lyes adatait szigor\u00faan a k\u00f6vetkez\u0151 c\u00e9lokra haszn\u00e1ljuk fel: A rendel\u00e9s\u00e9nek v\u00e9ghezvitele;A&hellip;<\/p>\n","category_list":"","author_info":{"name":"Jan Hanzl","url":"https:\/\/old2024.mujstromecek.cz\/hu\/author\/jan\/"},"comments_num":"0 comments","featured_image_urls_v2":{"full":"","thumbnail":"","medium":"","medium_large":"","large":"","1536x1536":"","2048x2048":"","woocommerce_thumbnail":"","woocommerce_single":"","woocommerce_gallery_thumbnail":""},"post_excerpt_stackable_v2":"<p>A SZEM\u00c9LYES ADATFELDOLGOZ\u00c1SSAL KAPCSOLATOS V\u00c1S\u00c1RL\u00d3I T\u00c1J\u00c9KOZTAT\u00d3 Nagy \u00f6r\u00f6m\u00fcnkre szolg\u00e1l, \u00e9s nagyra \u00e9rt\u00e9kelj\u00fck, hogy az \u00fcgyfel\u00fcnkk\u00e9 v\u00e1lt. \u00c1ltal\u00e1noss\u00e1gban besz\u00e9lve, a term\u00e9kek online v\u00e1s\u00e1rl\u00e1sa egy sokkal \u00f6sszetettebb m\u0171veletet foglal mag\u00e1ba, mint csup\u00e1n a v\u00e1s\u00e1rolt cikkek lehet\u0151 leggyorsabb \u00e9s legbiztons\u00e1gosabb h\u00e1zhozsz\u00e1ll\u00edt\u00e1sa. Pontosabban, minden olyan sz\u00fcks\u00e9ges pap\u00edrmunk\u00e1t \u00e9s adatfeldolgoz\u00e1st, melyet az \u00e1llami hat\u00f3s\u00e1gok megk\u00f6vetelnek, \u00e9s ezt mi a All4Customer s.r.o., -n\u00e1l\/-n\u00e9l &#8212; sz\u00e9khely: Ostrava, Hladnovsk\u00e1 1255\/23, 71000, CRN: 01824651, e-mail c\u00edm: info@mukaracsonyfa.hu, telefonsz\u00e1m: +420 731 855 677, (a tov\u00e1bbiakban: \u201eT\u00e1rsas\u00e1g\u201d\/\u201eC\u00e9g\u201d vagy \u201eMi\u201d), &#8212; kifejezetten komolyan vessz\u00fck. 1. A FELDOLGOZ\u00c1S C\u00c9LJAI \u00c9S JOGALAPJA A szem\u00e9lyes adatait szigor\u00faan a k\u00f6vetkez\u0151 c\u00e9lokra haszn\u00e1ljuk fel: A rendel\u00e9s\u00e9nek v\u00e9ghezvitele;A&hellip;<\/p>\n","category_list_v2":"","author_info_v2":{"name":"Jan Hanzl","url":"https:\/\/old2024.mujstromecek.cz\/hu\/author\/jan\/"},"comments_num_v2":"0 comments","yoast_head":"<!-- This site is optimized with the Yoast SEO plugin v21.1 - https:\/\/yoast.com\/wordpress\/plugins\/seo\/ -->\n<title>Szem\u00e9lyes adatv\u00e9delem - MUKARACSONYFA.HU<\/title>\n<meta name=\"robots\" content=\"noindex, follow, max-snippet:-1, max-image-preview:large, max-video-preview:-1\" \/>\n<meta property=\"og:locale\" content=\"hu_HU\" \/>\n<meta property=\"og:type\" content=\"article\" \/>\n<meta property=\"og:title\" content=\"Szem\u00e9lyes adatv\u00e9delem - MUKARACSONYFA.HU\" \/>\n<meta property=\"og:description\" content=\"A SZEM\u00c9LYES ADATFELDOLGOZ\u00c1SSAL KAPCSOLATOS V\u00c1S\u00c1RL\u00d3I T\u00c1J\u00c9KOZTAT\u00d3 Nagy \u00f6r\u00f6m\u00fcnkre szolg\u00e1l, \u00e9s nagyra \u00e9rt\u00e9kelj\u00fck, hogy az \u00fcgyfel\u00fcnkk\u00e9 v\u00e1lt. \u00c1ltal\u00e1noss\u00e1gban besz\u00e9lve, a term\u00e9kek online v\u00e1s\u00e1rl\u00e1sa egy sokkal \u00f6sszetettebb m\u0171veletet foglal mag\u00e1ba, mint csup\u00e1n a v\u00e1s\u00e1rolt cikkek lehet\u0151 leggyorsabb \u00e9s legbiztons\u00e1gosabb h\u00e1zhozsz\u00e1ll\u00edt\u00e1sa. Pontosabban, minden olyan sz\u00fcks\u00e9ges pap\u00edrmunk\u00e1t \u00e9s adatfeldolgoz\u00e1st, melyet az \u00e1llami hat\u00f3s\u00e1gok megk\u00f6vetelnek, \u00e9s ezt mi a All4Customer [&hellip;]\" \/>\n<meta property=\"og:url\" content=\"https:\/\/old2024.mujstromecek.cz\/hu\/szemelyes-adatvedelem\/\" \/>\n<meta property=\"og:site_name\" content=\"MUKARACSONYFA.HU\" \/>\n<meta property=\"article:modified_time\" content=\"2020-08-05T13:48:40+00:00\" \/>\n<meta name=\"twitter:card\" content=\"summary_large_image\" \/>\n<meta name=\"twitter:label1\" content=\"Becs\u00fclt olvas\u00e1si id\u0151\" \/>\n\t<meta name=\"twitter:data1\" content=\"5 perc\" \/>\n<script type=\"application\/ld+json\" class=\"yoast-schema-graph\">{\"@context\":\"https:\/\/schema.org\",\"@graph\":[{\"@type\":\"WebPage\",\"@id\":\"https:\/\/old2024.mujstromecek.cz\/hu\/szemelyes-adatvedelem\/\",\"url\":\"https:\/\/old2024.mujstromecek.cz\/hu\/szemelyes-adatvedelem\/\",\"name\":\"Szem\u00e9lyes adatv\u00e9delem - MUKARACSONYFA.HU\",\"isPartOf\":{\"@id\":\"https:\/\/mojstromcek.sk\/#website\"},\"datePublished\":\"2020-07-17T07:56:07+00:00\",\"dateModified\":\"2020-08-05T13:48:40+00:00\",\"breadcrumb\":{\"@id\":\"https:\/\/old2024.mujstromecek.cz\/hu\/szemelyes-adatvedelem\/#breadcrumb\"},\"inLanguage\":\"hu\",\"potentialAction\":[{\"@type\":\"ReadAction\",\"target\":[\"https:\/\/old2024.mujstromecek.cz\/hu\/szemelyes-adatvedelem\/\"]}]},{\"@type\":\"BreadcrumbList\",\"@id\":\"https:\/\/old2024.mujstromecek.cz\/hu\/szemelyes-adatvedelem\/#breadcrumb\",\"itemListElement\":[{\"@type\":\"ListItem\",\"position\":1,\"name\":\"Dom\u016f\",\"item\":\"https:\/\/old2024.mujstromecek.cz\/hu\/\"},{\"@type\":\"ListItem\",\"position\":2,\"name\":\"Szem\u00e9lyes adatv\u00e9delem\"}]},{\"@type\":\"WebSite\",\"@id\":\"https:\/\/mojstromcek.sk\/#website\",\"url\":\"https:\/\/mojstromcek.sk\/\",\"name\":\"MUKARACSONYFA.HU\",\"description\":\"m\u0171kar\u00e1csonyf\u00e1k\",\"potentialAction\":[{\"@type\":\"SearchAction\",\"target\":{\"@type\":\"EntryPoint\",\"urlTemplate\":\"https:\/\/mojstromcek.sk\/?s={search_term_string}\"},\"query-input\":\"required name=search_term_string\"}],\"inLanguage\":\"hu\"}]}<\/script>\n<!-- \/ Yoast SEO plugin. -->","yoast_head_json":{"title":"Szem\u00e9lyes adatv\u00e9delem - MUKARACSONYFA.HU","robots":{"index":"noindex","follow":"follow","max-snippet":"max-snippet:-1","max-image-preview":"max-image-preview:large","max-video-preview":"max-video-preview:-1"},"og_locale":"hu_HU","og_type":"article","og_title":"Szem\u00e9lyes adatv\u00e9delem - MUKARACSONYFA.HU","og_description":"A SZEM\u00c9LYES ADATFELDOLGOZ\u00c1SSAL KAPCSOLATOS V\u00c1S\u00c1RL\u00d3I T\u00c1J\u00c9KOZTAT\u00d3 Nagy \u00f6r\u00f6m\u00fcnkre szolg\u00e1l, \u00e9s nagyra \u00e9rt\u00e9kelj\u00fck, hogy az \u00fcgyfel\u00fcnkk\u00e9 v\u00e1lt. \u00c1ltal\u00e1noss\u00e1gban besz\u00e9lve, a term\u00e9kek online v\u00e1s\u00e1rl\u00e1sa egy sokkal \u00f6sszetettebb m\u0171veletet foglal mag\u00e1ba, mint csup\u00e1n a v\u00e1s\u00e1rolt cikkek lehet\u0151 leggyorsabb \u00e9s legbiztons\u00e1gosabb h\u00e1zhozsz\u00e1ll\u00edt\u00e1sa. Pontosabban, minden olyan sz\u00fcks\u00e9ges pap\u00edrmunk\u00e1t \u00e9s adatfeldolgoz\u00e1st, melyet az \u00e1llami hat\u00f3s\u00e1gok megk\u00f6vetelnek, \u00e9s ezt mi a All4Customer [&hellip;]","og_url":"https:\/\/old2024.mujstromecek.cz\/hu\/szemelyes-adatvedelem\/","og_site_name":"MUKARACSONYFA.HU","article_modified_time":"2020-08-05T13:48:40+00:00","twitter_card":"summary_large_image","twitter_misc":{"Becs\u00fclt olvas\u00e1si id\u0151":"5 perc"},"schema":{"@context":"https:\/\/schema.org","@graph":[{"@type":"WebPage","@id":"https:\/\/old2024.mujstromecek.cz\/hu\/szemelyes-adatvedelem\/","url":"https:\/\/old2024.mujstromecek.cz\/hu\/szemelyes-adatvedelem\/","name":"Szem\u00e9lyes adatv\u00e9delem - MUKARACSONYFA.HU","isPartOf":{"@id":"https:\/\/mojstromcek.sk\/#website"},"datePublished":"2020-07-17T07:56:07+00:00","dateModified":"2020-08-05T13:48:40+00:00","breadcrumb":{"@id":"https:\/\/old2024.mujstromecek.cz\/hu\/szemelyes-adatvedelem\/#breadcrumb"},"inLanguage":"hu","potentialAction":[{"@type":"ReadAction","target":["https:\/\/old2024.mujstromecek.cz\/hu\/szemelyes-adatvedelem\/"]}]},{"@type":"BreadcrumbList","@id":"https:\/\/old2024.mujstromecek.cz\/hu\/szemelyes-adatvedelem\/#breadcrumb","itemListElement":[{"@type":"ListItem","position":1,"name":"Dom\u016f","item":"https:\/\/old2024.mujstromecek.cz\/hu\/"},{"@type":"ListItem","position":2,"name":"Szem\u00e9lyes adatv\u00e9delem"}]},{"@type":"WebSite","@id":"https:\/\/mojstromcek.sk\/#website","url":"https:\/\/mojstromcek.sk\/","name":"MUKARACSONYFA.HU","description":"m\u0171kar\u00e1csonyf\u00e1k","potentialAction":[{"@type":"SearchAction","target":{"@type":"EntryPoint","urlTemplate":"https:\/\/mojstromcek.sk\/?s={search_term_string}"},"query-input":"required name=search_term_string"}],"inLanguage":"hu"}]}},"_links":{"self":[{"href":"https:\/\/old2024.mujstromecek.cz\/hu\/wp-json\/wp\/v2\/pages\/8333","targetHints":{"allow":["GET"]}}],"collection":[{"href":"https:\/\/old2024.mujstromecek.cz\/hu\/wp-json\/wp\/v2\/pages"}],"about":[{"href":"https:\/\/old2024.mujstromecek.cz\/hu\/wp-json\/wp\/v2\/types\/page"}],"author":[{"embeddable":true,"href":"https:\/\/old2024.mujstromecek.cz\/hu\/wp-json\/wp\/v2\/users\/2"}],"replies":[{"embeddable":true,"href":"https:\/\/old2024.mujstromecek.cz\/hu\/wp-json\/wp\/v2\/comments?post=8333"}],"version-history":[{"count":0,"href":"https:\/\/old2024.mujstromecek.cz\/hu\/wp-json\/wp\/v2\/pages\/8333\/revisions"}],"wp:attachment":[{"href":"https:\/\/old2024.mujstromecek.cz\/hu\/wp-json\/wp\/v2\/media?parent=8333"}],"curies":[{"name":"wp","href":"https:\/\/api.w.org\/{rel}","templated":true}]}}