{"id":8323,"date":"2020-07-17T07:50:38","date_gmt":"2020-07-17T07:50:38","guid":{"rendered":"https:\/\/mujstromecek.cz\/blog\/"},"modified":"2020-07-17T07:50:38","modified_gmt":"2020-07-17T07:50:38","slug":"blog","status":"publish","type":"page","link":"https:\/\/old2024.mujstromecek.cz\/hu\/blog\/","title":{"rendered":"Blog"},"content":{"rendered":"<div class=\"alignwide wp-block-ugb-blog-posts ugb-blog-posts ugb-3749777 ugb-blog-posts--v2 ugb-blog-posts--design-basic ugb-blog-posts--columns-3 ugb-main-block\" id=\"\"><style>.ugb-3749777 .ugb-blog-posts__featured-image{border-radius:0px !important;margin-bottom:20px !important}.ugb-3749777 .ugb-blog-posts__featured-image img{height:226px !important}.ugb-3749777 .ugb-blog-posts__title a{color:#313131 !important}.ugb-3749777 .ugb-blog-posts__title a:hover{opacity:0.8}.ugb-3749777 .ugb-blog-posts__title{font-size:20px !important}.ugb-3749777 .ugb-blog-posts__readmore a{color:#d90000 !important}.ugb-3749777 .ugb-blog-posts__readmore a:hover{color:#313131 !important}.ugb-3749777 .ugb-blog-posts__readmore{font-size:14px !important}@media screen and (max-width:1025px){.ugb-3749777.ugb-blog-posts > .ugb-inner-block{width:80% !important}}@media screen and (max-width:768px){.ugb-3749777.ugb-blog-posts > .ugb-inner-block{width:90% !important}}<\/style><div class=\"ugb-inner-block\"><div class=\"ugb-block-content\"><article class=\"ugb-blog-posts__item\"><div class=\"ugb-blog-posts__content\"><figure class=\"ugb-blog-posts__featured-image\"><a href=\"https:\/\/old2024.mujstromecek.cz\/hu\/faultetes\/\"><img decoding=\"async\" width=\"765\" height=\"1024\" src=\"https:\/\/old2024.mujstromecek.cz\/wp-content\/uploads\/2020\/04\/image2-765x1024.jpeg\" class=\"attachment-large size-large wp-post-image\" alt=\"\" srcset=\"https:\/\/old2024.mujstromecek.cz\/wp-content\/uploads\/2020\/04\/image2-765x1024.jpeg 765w, https:\/\/old2024.mujstromecek.cz\/wp-content\/uploads\/2020\/04\/image2-224x300.jpeg 224w, https:\/\/old2024.mujstromecek.cz\/wp-content\/uploads\/2020\/04\/image2-768x1028.jpeg 768w, https:\/\/old2024.mujstromecek.cz\/wp-content\/uploads\/2020\/04\/image2-1147x1536.jpeg 1147w, https:\/\/old2024.mujstromecek.cz\/wp-content\/uploads\/2020\/04\/image2-1530x2048.jpeg 1530w, https:\/\/old2024.mujstromecek.cz\/wp-content\/uploads\/2020\/04\/image2-300x402.jpeg 300w, https:\/\/old2024.mujstromecek.cz\/wp-content\/uploads\/2020\/04\/image2-600x803.jpeg 600w, https:\/\/old2024.mujstromecek.cz\/wp-content\/uploads\/2020\/04\/image2-scaled.jpeg 1912w\" sizes=\"(max-width: 765px) 100vw, 765px\" \/><\/a><\/figure><h3 class=\"ugb-blog-posts__title\"><a href=\"https:\/\/old2024.mujstromecek.cz\/hu\/faultetes\/\">Fa\u00fcltet\u00e9s<\/a><\/h3><p class=\"ugb-blog-posts__readmore\"><a href=\"https:\/\/old2024.mujstromecek.cz\/hu\/faultetes\/\">ZOBRAZIT V\u00cdCE<\/a><\/p><\/div><\/article><\/div><\/div><\/div>\r\n","protected":false},"excerpt":{"rendered":"<p>Fa\u00fcltet\u00e9s ZOBRAZIT V\u00cdCE<\/p>\n","protected":false},"author":2,"featured_media":0,"parent":0,"menu_order":0,"comment_status":"closed","ping_status":"closed","template":"","meta":{"footnotes":""},"class_list":["post-8323","page","type-page","status-publish","hentry"],"featured_image_urls":{"full":"","thumbnail":"","medium":"","medium_large":"","large":"","1536x1536":"","2048x2048":"","woocommerce_thumbnail":"","woocommerce_single":"","woocommerce_gallery_thumbnail":""},"post_excerpt_stackable":"<p>Fa\u00fcltet\u00e9sZOBRAZIT V\u00cdCE<\/p>\n","category_list":"","author_info":{"name":"Jan Hanzl","url":"https:\/\/old2024.mujstromecek.cz\/hu\/author\/jan\/"},"comments_num":"0 comments","featured_image_urls_v2":{"full":"","thumbnail":"","medium":"","medium_large":"","large":"","1536x1536":"","2048x2048":"","woocommerce_thumbnail":"","woocommerce_single":"","woocommerce_gallery_thumbnail":""},"post_excerpt_stackable_v2":"<p>Fa\u00fcltet\u00e9sZOBRAZIT V\u00cdCE<\/p>\n","category_list_v2":"","author_info_v2":{"name":"Jan Hanzl","url":"https:\/\/old2024.mujstromecek.cz\/hu\/author\/jan\/"},"comments_num_v2":"0 comments","yoast_head":"<!-- This site is optimized with the Yoast SEO plugin v21.1 - https:\/\/yoast.com\/wordpress\/plugins\/seo\/ -->\n<title>Blog - MUKARACSONYFA.HU<\/title>\n<meta name=\"robots\" content=\"noindex, follow, max-snippet:-1, max-image-preview:large, max-video-preview:-1\" \/>\n<meta property=\"og:locale\" content=\"hu_HU\" \/>\n<meta property=\"og:type\" content=\"article\" \/>\n<meta property=\"og:title\" content=\"Blog - MUKARACSONYFA.HU\" \/>\n<meta property=\"og:description\" content=\"Fa\u00fcltet\u00e9s ZOBRAZIT V\u00cdCE\" \/>\n<meta property=\"og:url\" content=\"https:\/\/old2024.mujstromecek.cz\/hu\/blog\/\" \/>\n<meta property=\"og:site_name\" content=\"MUKARACSONYFA.HU\" \/>\n<meta name=\"twitter:card\" content=\"summary_large_image\" \/>\n<script type=\"application\/ld+json\" class=\"yoast-schema-graph\">{\"@context\":\"https:\/\/schema.org\",\"@graph\":[{\"@type\":\"WebPage\",\"@id\":\"https:\/\/old2024.mujstromecek.cz\/hu\/blog\/\",\"url\":\"https:\/\/old2024.mujstromecek.cz\/hu\/blog\/\",\"name\":\"Blog - MUKARACSONYFA.HU\",\"isPartOf\":{\"@id\":\"https:\/\/mojstromcek.sk\/#website\"},\"datePublished\":\"2020-07-17T07:50:38+00:00\",\"dateModified\":\"2020-07-17T07:50:38+00:00\",\"breadcrumb\":{\"@id\":\"https:\/\/old2024.mujstromecek.cz\/hu\/blog\/#breadcrumb\"},\"inLanguage\":\"hu\",\"potentialAction\":[{\"@type\":\"ReadAction\",\"target\":[\"https:\/\/old2024.mujstromecek.cz\/hu\/blog\/\"]}]},{\"@type\":\"BreadcrumbList\",\"@id\":\"https:\/\/old2024.mujstromecek.cz\/hu\/blog\/#breadcrumb\",\"itemListElement\":[{\"@type\":\"ListItem\",\"position\":1,\"name\":\"Dom\u016f\",\"item\":\"https:\/\/old2024.mujstromecek.cz\/hu\/\"},{\"@type\":\"ListItem\",\"position\":2,\"name\":\"Blog\"}]},{\"@type\":\"WebSite\",\"@id\":\"https:\/\/mojstromcek.sk\/#website\",\"url\":\"https:\/\/mojstromcek.sk\/\",\"name\":\"MUKARACSONYFA.HU\",\"description\":\"m\u0171kar\u00e1csonyf\u00e1k\",\"potentialAction\":[{\"@type\":\"SearchAction\",\"target\":{\"@type\":\"EntryPoint\",\"urlTemplate\":\"https:\/\/mojstromcek.sk\/?s={search_term_string}\"},\"query-input\":\"required name=search_term_string\"}],\"inLanguage\":\"hu\"}]}<\/script>\n<!-- \/ Yoast SEO plugin. -->","yoast_head_json":{"title":"Blog - MUKARACSONYFA.HU","robots":{"index":"noindex","follow":"follow","max-snippet":"max-snippet:-1","max-image-preview":"max-image-preview:large","max-video-preview":"max-video-preview:-1"},"og_locale":"hu_HU","og_type":"article","og_title":"Blog - MUKARACSONYFA.HU","og_description":"Fa\u00fcltet\u00e9s ZOBRAZIT V\u00cdCE","og_url":"https:\/\/old2024.mujstromecek.cz\/hu\/blog\/","og_site_name":"MUKARACSONYFA.HU","twitter_card":"summary_large_image","schema":{"@context":"https:\/\/schema.org","@graph":[{"@type":"WebPage","@id":"https:\/\/old2024.mujstromecek.cz\/hu\/blog\/","url":"https:\/\/old2024.mujstromecek.cz\/hu\/blog\/","name":"Blog - MUKARACSONYFA.HU","isPartOf":{"@id":"https:\/\/mojstromcek.sk\/#website"},"datePublished":"2020-07-17T07:50:38+00:00","dateModified":"2020-07-17T07:50:38+00:00","breadcrumb":{"@id":"https:\/\/old2024.mujstromecek.cz\/hu\/blog\/#breadcrumb"},"inLanguage":"hu","potentialAction":[{"@type":"ReadAction","target":["https:\/\/old2024.mujstromecek.cz\/hu\/blog\/"]}]},{"@type":"BreadcrumbList","@id":"https:\/\/old2024.mujstromecek.cz\/hu\/blog\/#breadcrumb","itemListElement":[{"@type":"ListItem","position":1,"name":"Dom\u016f","item":"https:\/\/old2024.mujstromecek.cz\/hu\/"},{"@type":"ListItem","position":2,"name":"Blog"}]},{"@type":"WebSite","@id":"https:\/\/mojstromcek.sk\/#website","url":"https:\/\/mojstromcek.sk\/","name":"MUKARACSONYFA.HU","description":"m\u0171kar\u00e1csonyf\u00e1k","potentialAction":[{"@type":"SearchAction","target":{"@type":"EntryPoint","urlTemplate":"https:\/\/mojstromcek.sk\/?s={search_term_string}"},"query-input":"required name=search_term_string"}],"inLanguage":"hu"}]}},"_links":{"self":[{"href":"https:\/\/old2024.mujstromecek.cz\/hu\/wp-json\/wp\/v2\/pages\/8323","targetHints":{"allow":["GET"]}}],"collection":[{"href":"https:\/\/old2024.mujstromecek.cz\/hu\/wp-json\/wp\/v2\/pages"}],"about":[{"href":"https:\/\/old2024.mujstromecek.cz\/hu\/wp-json\/wp\/v2\/types\/page"}],"author":[{"embeddable":true,"href":"https:\/\/old2024.mujstromecek.cz\/hu\/wp-json\/wp\/v2\/users\/2"}],"replies":[{"embeddable":true,"href":"https:\/\/old2024.mujstromecek.cz\/hu\/wp-json\/wp\/v2\/comments?post=8323"}],"version-history":[{"count":0,"href":"https:\/\/old2024.mujstromecek.cz\/hu\/wp-json\/wp\/v2\/pages\/8323\/revisions"}],"wp:attachment":[{"href":"https:\/\/old2024.mujstromecek.cz\/hu\/wp-json\/wp\/v2\/media?parent=8323"}],"curies":[{"name":"wp","href":"https:\/\/api.w.org\/{rel}","templated":true}]}}