{"id":7942,"date":"2020-07-15T17:37:43","date_gmt":"2020-07-15T17:37:43","guid":{"rendered":"https:\/\/mujstromecek.cz\/kapcsolatba-lepni\/"},"modified":"2023-09-29T10:20:34","modified_gmt":"2023-09-29T10:20:34","slug":"kapcsolatba-lepni","status":"publish","type":"page","link":"https:\/\/old2024.mujstromecek.cz\/hu\/kapcsolatba-lepni\/","title":{"rendered":"Kapcsolatba l\u00e9pni"},"content":{"rendered":"\n<p><\/p>\n\n\n\n<div class=\"wp-block-group\"><div class=\"wp-block-group__inner-container is-layout-flow wp-block-group-is-layout-flow\">\n<div class=\"wp-block-group\"><div class=\"wp-block-group__inner-container is-layout-flow wp-block-group-is-layout-flow\">\n<h2 class=\"p1\">VEV\u0150SZOLG\u00c1LAT<\/h2>\n<p class=\"p1\">\u00dcgyfeleinknek <b>k\u00eds\u00e9r\u0151 szolg\u00e1ltat\u00e1sok sz\u00e9les sk\u00e1l\u00e1j\u00e1t k\u00edn\u00e1ljuk<\/b>, amelynek k\u00f6sz\u00f6nhet\u0151en <b>a v\u00e1s\u00e1rl\u00e1s nagyon gyors \u00e9s egyszer\u0171.<\/b><\/p>\n<h3 class=\"p1\">K\u00e9rd\u00e9se van?<\/h3>\n<ul>\n<li class=\"li1\">OLVASSA EL A V\u00c1S\u00c1RL\u00d3INK <span class=\"s1\"><b>GYAKRAN ISM\u00c9TELT K\u00c9RD\u00c9SEIT<\/b><\/span><\/li>\n<\/ul>\n<h3 class=\"p1\">Nem tal\u00e1lt v\u00e1laszt a k\u00e9rd\u00e9seire?<\/h3>\n<p class=\"p1\">Folyamatosan kommunik\u00e1lhat vel\u00fcnk:<\/p>\n<ul>\n<li><span class=\"s1\"><span class=\"s1\"><b>e-mail<\/b>: <\/span><\/span><a href=\"mailto:info@mukaracsonyfa.hu\"><b>info@mukaracsonyfa.hu<\/b><\/a><\/li>\n<li><span class=\"s1\"><b>chat<\/b>: <\/span>jobb als\u00f3 sarok<\/li>\n<li><b>telef<\/b><span class=\"s1\"><b>onsz\u00e1m<\/b><\/span>: <a href=\"tel:003619555792\">+3619555792<\/a> (08:00 \u2013 16:00)<\/li>\n<li style=\"list-style-type: none;\">\u00a0<\/li>\n<\/ul>\n<p class=\"p4\">Munkat\u00e1rsaink sz\u00edvesen v\u00e1laszolnak minden k\u00e9rd\u00e9s\u00e9re, vagy seg\u00edtenek a megrendel\u00e9s elk\u00e9sz\u00edt\u00e9s\u00e9ben.<\/p>\n<\/div><\/div>\n\n\n\n<div class=\"wp-block-columns is-layout-flex wp-container-core-columns-is-layout-9d6595d7 wp-block-columns-is-layout-flex\">\n<div class=\"wp-block-column is-layout-flow wp-block-column-is-layout-flow\">\n<h2 class=\"wp-block-heading\">Sz\u00e1ml\u00e1z\u00e1si adatok<\/h2>\n\n\n\n<p>All4Customer, s.r.o. I\u010c: 01824651 DI\u010c: CZ01824651 Hladnovsk\u00e1 1255\/23 710 00, Ostrava<\/p>\n<\/div>\n\n\n\n<div class=\"wp-block-column is-layout-flow wp-block-column-is-layout-flow\">\n<h2 class=\"wp-block-heading\">Nagykereskedelem<\/h2>\n\n\n\n<p>Tomas Turon<br \/><b><a href=\"mailto:office@allforcustomer.com\">office@allforcustomer.com<\/a><\/b><\/p>\n<\/div>\n\n\n\n<div class=\"wp-block-column is-layout-flow wp-block-column-is-layout-flow\">\n<h2 class=\"wp-block-heading\">Egy\u00e9b el\u00e9rhet\u0151s\u00e9gek<\/h2>\n\n\n\n<p>Karel Vlcek (Marketing)<br \/><span class=\"s1\"><a href=\"mailto:info@mukaracsonyfa.hu\"><b>info@mukaracsonyfa.hu<\/b><\/a><\/span><\/p>\n\n\n\n<p>Pavel Onderka (Gy\u00e1rt\u00e1s \u00e9s Rakt\u00e1r)<span class=\"s1\"><br \/><a href=\"mailto:info@mukaracsonyfa.hu\"><b>info@mukaracsonyfa.hu<\/b><\/a><\/span><\/p>\n<\/div>\n<\/div>\n\n\n\n<div class=\"wp-block-ugb-columns ugb-columns ugb-263e6ef ugb-columns--design-plain ugb-columns--columns-2 ugb-main-block\"><div class=\"ugb-inner-block\"><div class=\"ugb-block-content\"><div class=\"ugb-columns__item ugb-263e6ef-content-wrapper\">\n<div class=\"wp-block-ugb-column ugb-column ugb-9fa3455 ugb-column--design-plain ugb-main-block\"><div class=\"ugb-inner-block\"><div class=\"ugb-block-content\"><div class=\"ugb-column__item ugb-9fa3455-column-wrapper\"><div class=\"ugb-column__content-wrapper\"><div class=\"wp-block-image\">\n<figure class=\"alignleft size-large\"><img decoding=\"async\" width=\"1024\" height=\"768\" src=\"https:\/\/old2024.mujstromecek.cz\/wp-content\/uploads\/2020\/06\/showroom-1024x768.jpeg\" alt=\"\" class=\"wp-image-6256\" srcset=\"https:\/\/old2024.mujstromecek.cz\/wp-content\/uploads\/2020\/06\/showroom-1024x768.jpeg 1024w, https:\/\/old2024.mujstromecek.cz\/wp-content\/uploads\/2020\/06\/showroom-300x225.jpeg 300w, https:\/\/old2024.mujstromecek.cz\/wp-content\/uploads\/2020\/06\/showroom-768x576.jpeg 768w, https:\/\/old2024.mujstromecek.cz\/wp-content\/uploads\/2020\/06\/showroom-1536x1152.jpeg 1536w, https:\/\/old2024.mujstromecek.cz\/wp-content\/uploads\/2020\/06\/showroom-600x450.jpeg 600w, https:\/\/old2024.mujstromecek.cz\/wp-content\/uploads\/2020\/06\/showroom.jpeg 1600w\" sizes=\"(max-width: 1024px) 100vw, 1024px\" \/><\/figure>\n<\/div><\/div><\/div><\/div><\/div><\/div>\n\n\n\n<div class=\"wp-block-ugb-column ugb-column ugb-a50edcf ugb-column--design-plain ugb-main-block\"><div class=\"ugb-inner-block\"><div class=\"ugb-block-content\"><div class=\"ugb-column__item ugb-a50edcf-column-wrapper\"><div class=\"ugb-column__content-wrapper\">\n<p><iframe style=\"border: 0;\" tabindex=\"0\" src=\"https:\/\/www.google.com\/maps\/embed?pb=!1m14!1m8!1m3!1d329326.0325305334!2d18.30526!3d49.845095!3m2!1i1024!2i768!4f13.1!3m3!1m2!1s0x4713e32a7ac60fa9%3A0xea9642a6fb882b28!2sHladnovsk%C3%A1%201255%2F23%2C%20710%2000%20Slezsk%C3%A1%20Ostrava%2C%20Czechia!5e0!3m2!1sen!2sus!4v1593526756270!5m2!1sen!2sus\" width=\"600\" height=\"450\" frameborder=\"0\" allowfullscreen=\"allowfullscreen\" aria-hidden=\"false\"><\/iframe><\/p>\n\n\n\n<p><\/p>\n<\/div><\/div><\/div><\/div><\/div>\n<\/div><\/div><\/div><\/div>\n\n\n\n<p><\/p>\n<\/div><\/div>\n\n\n","protected":false},"excerpt":{"rendered":"<p>VEV\u0150SZOLG\u00c1LAT \u00dcgyfeleinknek k\u00eds\u00e9r\u0151 szolg\u00e1ltat\u00e1sok sz\u00e9les sk\u00e1l\u00e1j\u00e1t k\u00edn\u00e1ljuk, amelynek k\u00f6sz\u00f6nhet\u0151en a v\u00e1s\u00e1rl\u00e1s nagyon gyors \u00e9s egyszer\u0171. K\u00e9rd\u00e9se van? OLVASSA EL A V\u00c1S\u00c1RL\u00d3INK GYAKRAN ISM\u00c9TELT K\u00c9RD\u00c9SEIT Nem tal\u00e1lt v\u00e1laszt a k\u00e9rd\u00e9seire? Folyamatosan kommunik\u00e1lhat vel\u00fcnk: e-mail: info@mukaracsonyfa.hu chat: jobb als\u00f3 sarok telefonsz\u00e1m: +3619555792 (08:00 \u2013 16:00) \u00a0 Munkat\u00e1rsaink sz\u00edvesen v\u00e1laszolnak minden k\u00e9rd\u00e9s\u00e9re, vagy seg\u00edtenek a megrendel\u00e9s elk\u00e9sz\u00edt\u00e9s\u00e9ben. Sz\u00e1ml\u00e1z\u00e1si [&hellip;]<\/p>\n","protected":false},"author":2,"featured_media":0,"parent":0,"menu_order":0,"comment_status":"closed","ping_status":"closed","template":"","meta":{"footnotes":""},"class_list":["post-7942","page","type-page","status-publish","hentry"],"featured_image_urls":{"full":"","thumbnail":"","medium":"","medium_large":"","large":"","1536x1536":"","2048x2048":"","woocommerce_thumbnail":"","woocommerce_single":"","woocommerce_gallery_thumbnail":""},"post_excerpt_stackable":"<p>VEV\u0150SZOLG\u00c1LAT \u00dcgyfeleinknek k\u00eds\u00e9r\u0151 szolg\u00e1ltat\u00e1sok sz\u00e9les sk\u00e1l\u00e1j\u00e1t k\u00edn\u00e1ljuk, amelynek k\u00f6sz\u00f6nhet\u0151en a v\u00e1s\u00e1rl\u00e1s nagyon gyors \u00e9s egyszer\u0171. K\u00e9rd\u00e9se van? OLVASSA EL A V\u00c1S\u00c1RL\u00d3INK GYAKRAN ISM\u00c9TELT K\u00c9RD\u00c9SEIT Nem tal\u00e1lt v\u00e1laszt a k\u00e9rd\u00e9seire? Folyamatosan kommunik\u00e1lhat vel\u00fcnk: e-mail: info@mukaracsonyfa.hu chat: jobb als\u00f3 sarok telefonsz\u00e1m: +3619555792 (08:00 \u2013 16:00) \u00a0 Munkat\u00e1rsaink sz\u00edvesen v\u00e1laszolnak minden k\u00e9rd\u00e9s\u00e9re, vagy seg\u00edtenek a megrendel\u00e9s elk\u00e9sz\u00edt\u00e9s\u00e9ben. Sz\u00e1ml\u00e1z\u00e1si adatok All4Customer, s.r.o. I\u010c: 01824651 DI\u010c: CZ01824651 Hladnovsk\u00e1 1255\/23 710 00, Ostrava Nagykereskedelem Tomas Turonoffice@allforcustomer.com Egy\u00e9b el\u00e9rhet\u0151s\u00e9gek Karel Vlcek (Marketing)info@mukaracsonyfa.hu Pavel Onderka (Gy\u00e1rt\u00e1s \u00e9s Rakt\u00e1r)info@mukaracsonyfa.hu<\/p>\n","category_list":"","author_info":{"name":"Jan Hanzl","url":"https:\/\/old2024.mujstromecek.cz\/hu\/author\/jan\/"},"comments_num":"0 comments","featured_image_urls_v2":{"full":"","thumbnail":"","medium":"","medium_large":"","large":"","1536x1536":"","2048x2048":"","woocommerce_thumbnail":"","woocommerce_single":"","woocommerce_gallery_thumbnail":""},"post_excerpt_stackable_v2":"<p>VEV\u0150SZOLG\u00c1LAT \u00dcgyfeleinknek k\u00eds\u00e9r\u0151 szolg\u00e1ltat\u00e1sok sz\u00e9les sk\u00e1l\u00e1j\u00e1t k\u00edn\u00e1ljuk, amelynek k\u00f6sz\u00f6nhet\u0151en a v\u00e1s\u00e1rl\u00e1s nagyon gyors \u00e9s egyszer\u0171. K\u00e9rd\u00e9se van? OLVASSA EL A V\u00c1S\u00c1RL\u00d3INK GYAKRAN ISM\u00c9TELT K\u00c9RD\u00c9SEIT Nem tal\u00e1lt v\u00e1laszt a k\u00e9rd\u00e9seire? Folyamatosan kommunik\u00e1lhat vel\u00fcnk: e-mail: info@mukaracsonyfa.hu chat: jobb als\u00f3 sarok telefonsz\u00e1m: +3619555792 (08:00 \u2013 16:00) \u00a0 Munkat\u00e1rsaink sz\u00edvesen v\u00e1laszolnak minden k\u00e9rd\u00e9s\u00e9re, vagy seg\u00edtenek a megrendel\u00e9s elk\u00e9sz\u00edt\u00e9s\u00e9ben. Sz\u00e1ml\u00e1z\u00e1si adatok All4Customer, s.r.o. I\u010c: 01824651 DI\u010c: CZ01824651 Hladnovsk\u00e1 1255\/23 710 00, Ostrava Nagykereskedelem Tomas Turonoffice@allforcustomer.com Egy\u00e9b el\u00e9rhet\u0151s\u00e9gek Karel Vlcek (Marketing)info@mukaracsonyfa.hu Pavel Onderka (Gy\u00e1rt\u00e1s \u00e9s Rakt\u00e1r)info@mukaracsonyfa.hu<\/p>\n","category_list_v2":"","author_info_v2":{"name":"Jan Hanzl","url":"https:\/\/old2024.mujstromecek.cz\/hu\/author\/jan\/"},"comments_num_v2":"0 comments","yoast_head":"<!-- This site is optimized with the Yoast SEO plugin v21.1 - https:\/\/yoast.com\/wordpress\/plugins\/seo\/ -->\n<title>Kapcsolatba l\u00e9pni - MUKARACSONYFA.HU<\/title>\n<meta name=\"robots\" content=\"noindex, follow, max-snippet:-1, max-image-preview:large, max-video-preview:-1\" \/>\n<meta property=\"og:locale\" content=\"hu_HU\" \/>\n<meta property=\"og:type\" content=\"article\" \/>\n<meta property=\"og:title\" content=\"Kapcsolatba l\u00e9pni - MUKARACSONYFA.HU\" \/>\n<meta property=\"og:description\" content=\"VEV\u0150SZOLG\u00c1LAT \u00dcgyfeleinknek k\u00eds\u00e9r\u0151 szolg\u00e1ltat\u00e1sok sz\u00e9les sk\u00e1l\u00e1j\u00e1t k\u00edn\u00e1ljuk, amelynek k\u00f6sz\u00f6nhet\u0151en a v\u00e1s\u00e1rl\u00e1s nagyon gyors \u00e9s egyszer\u0171. K\u00e9rd\u00e9se van? OLVASSA EL A V\u00c1S\u00c1RL\u00d3INK GYAKRAN ISM\u00c9TELT K\u00c9RD\u00c9SEIT Nem tal\u00e1lt v\u00e1laszt a k\u00e9rd\u00e9seire? Folyamatosan kommunik\u00e1lhat vel\u00fcnk: e-mail: info@mukaracsonyfa.hu chat: jobb als\u00f3 sarok telefonsz\u00e1m: +3619555792 (08:00 \u2013 16:00) \u00a0 Munkat\u00e1rsaink sz\u00edvesen v\u00e1laszolnak minden k\u00e9rd\u00e9s\u00e9re, vagy seg\u00edtenek a megrendel\u00e9s elk\u00e9sz\u00edt\u00e9s\u00e9ben. Sz\u00e1ml\u00e1z\u00e1si [&hellip;]\" \/>\n<meta property=\"og:url\" content=\"https:\/\/old2024.mujstromecek.cz\/hu\/kapcsolatba-lepni\/\" \/>\n<meta property=\"og:site_name\" content=\"MUKARACSONYFA.HU\" \/>\n<meta property=\"article:modified_time\" content=\"2023-09-29T10:20:34+00:00\" \/>\n<meta property=\"og:image\" content=\"https:\/\/old2024.mujstromecek.cz\/wp-content\/uploads\/2020\/06\/showroom-1024x768.jpeg\" \/>\n<meta name=\"twitter:card\" content=\"summary_large_image\" \/>\n<meta name=\"twitter:label1\" content=\"Becs\u00fclt olvas\u00e1si id\u0151\" \/>\n\t<meta name=\"twitter:data1\" content=\"1 perc\" \/>\n<script type=\"application\/ld+json\" class=\"yoast-schema-graph\">{\"@context\":\"https:\/\/schema.org\",\"@graph\":[{\"@type\":\"WebPage\",\"@id\":\"https:\/\/old2024.mujstromecek.cz\/hu\/kapcsolatba-lepni\/\",\"url\":\"https:\/\/old2024.mujstromecek.cz\/hu\/kapcsolatba-lepni\/\",\"name\":\"Kapcsolatba l\u00e9pni - MUKARACSONYFA.HU\",\"isPartOf\":{\"@id\":\"https:\/\/mojstromcek.sk\/#website\"},\"datePublished\":\"2020-07-15T17:37:43+00:00\",\"dateModified\":\"2023-09-29T10:20:34+00:00\",\"breadcrumb\":{\"@id\":\"https:\/\/old2024.mujstromecek.cz\/hu\/kapcsolatba-lepni\/#breadcrumb\"},\"inLanguage\":\"hu\",\"potentialAction\":[{\"@type\":\"ReadAction\",\"target\":[\"https:\/\/old2024.mujstromecek.cz\/hu\/kapcsolatba-lepni\/\"]}]},{\"@type\":\"BreadcrumbList\",\"@id\":\"https:\/\/old2024.mujstromecek.cz\/hu\/kapcsolatba-lepni\/#breadcrumb\",\"itemListElement\":[{\"@type\":\"ListItem\",\"position\":1,\"name\":\"Dom\u016f\",\"item\":\"https:\/\/old2024.mujstromecek.cz\/hu\/\"},{\"@type\":\"ListItem\",\"position\":2,\"name\":\"Kapcsolatba l\u00e9pni\"}]},{\"@type\":\"WebSite\",\"@id\":\"https:\/\/mojstromcek.sk\/#website\",\"url\":\"https:\/\/mojstromcek.sk\/\",\"name\":\"MUKARACSONYFA.HU\",\"description\":\"m\u0171kar\u00e1csonyf\u00e1k\",\"potentialAction\":[{\"@type\":\"SearchAction\",\"target\":{\"@type\":\"EntryPoint\",\"urlTemplate\":\"https:\/\/mojstromcek.sk\/?s={search_term_string}\"},\"query-input\":\"required name=search_term_string\"}],\"inLanguage\":\"hu\"}]}<\/script>\n<!-- \/ Yoast SEO plugin. -->","yoast_head_json":{"title":"Kapcsolatba l\u00e9pni - MUKARACSONYFA.HU","robots":{"index":"noindex","follow":"follow","max-snippet":"max-snippet:-1","max-image-preview":"max-image-preview:large","max-video-preview":"max-video-preview:-1"},"og_locale":"hu_HU","og_type":"article","og_title":"Kapcsolatba l\u00e9pni - MUKARACSONYFA.HU","og_description":"VEV\u0150SZOLG\u00c1LAT \u00dcgyfeleinknek k\u00eds\u00e9r\u0151 szolg\u00e1ltat\u00e1sok sz\u00e9les sk\u00e1l\u00e1j\u00e1t k\u00edn\u00e1ljuk, amelynek k\u00f6sz\u00f6nhet\u0151en a v\u00e1s\u00e1rl\u00e1s nagyon gyors \u00e9s egyszer\u0171. K\u00e9rd\u00e9se van? OLVASSA EL A V\u00c1S\u00c1RL\u00d3INK GYAKRAN ISM\u00c9TELT K\u00c9RD\u00c9SEIT Nem tal\u00e1lt v\u00e1laszt a k\u00e9rd\u00e9seire? Folyamatosan kommunik\u00e1lhat vel\u00fcnk: e-mail: info@mukaracsonyfa.hu chat: jobb als\u00f3 sarok telefonsz\u00e1m: +3619555792 (08:00 \u2013 16:00) \u00a0 Munkat\u00e1rsaink sz\u00edvesen v\u00e1laszolnak minden k\u00e9rd\u00e9s\u00e9re, vagy seg\u00edtenek a megrendel\u00e9s elk\u00e9sz\u00edt\u00e9s\u00e9ben. Sz\u00e1ml\u00e1z\u00e1si [&hellip;]","og_url":"https:\/\/old2024.mujstromecek.cz\/hu\/kapcsolatba-lepni\/","og_site_name":"MUKARACSONYFA.HU","article_modified_time":"2023-09-29T10:20:34+00:00","og_image":[{"url":"https:\/\/old2024.mujstromecek.cz\/wp-content\/uploads\/2020\/06\/showroom-1024x768.jpeg"}],"twitter_card":"summary_large_image","twitter_misc":{"Becs\u00fclt olvas\u00e1si id\u0151":"1 perc"},"schema":{"@context":"https:\/\/schema.org","@graph":[{"@type":"WebPage","@id":"https:\/\/old2024.mujstromecek.cz\/hu\/kapcsolatba-lepni\/","url":"https:\/\/old2024.mujstromecek.cz\/hu\/kapcsolatba-lepni\/","name":"Kapcsolatba l\u00e9pni - MUKARACSONYFA.HU","isPartOf":{"@id":"https:\/\/mojstromcek.sk\/#website"},"datePublished":"2020-07-15T17:37:43+00:00","dateModified":"2023-09-29T10:20:34+00:00","breadcrumb":{"@id":"https:\/\/old2024.mujstromecek.cz\/hu\/kapcsolatba-lepni\/#breadcrumb"},"inLanguage":"hu","potentialAction":[{"@type":"ReadAction","target":["https:\/\/old2024.mujstromecek.cz\/hu\/kapcsolatba-lepni\/"]}]},{"@type":"BreadcrumbList","@id":"https:\/\/old2024.mujstromecek.cz\/hu\/kapcsolatba-lepni\/#breadcrumb","itemListElement":[{"@type":"ListItem","position":1,"name":"Dom\u016f","item":"https:\/\/old2024.mujstromecek.cz\/hu\/"},{"@type":"ListItem","position":2,"name":"Kapcsolatba l\u00e9pni"}]},{"@type":"WebSite","@id":"https:\/\/mojstromcek.sk\/#website","url":"https:\/\/mojstromcek.sk\/","name":"MUKARACSONYFA.HU","description":"m\u0171kar\u00e1csonyf\u00e1k","potentialAction":[{"@type":"SearchAction","target":{"@type":"EntryPoint","urlTemplate":"https:\/\/mojstromcek.sk\/?s={search_term_string}"},"query-input":"required name=search_term_string"}],"inLanguage":"hu"}]}},"_links":{"self":[{"href":"https:\/\/old2024.mujstromecek.cz\/hu\/wp-json\/wp\/v2\/pages\/7942","targetHints":{"allow":["GET"]}}],"collection":[{"href":"https:\/\/old2024.mujstromecek.cz\/hu\/wp-json\/wp\/v2\/pages"}],"about":[{"href":"https:\/\/old2024.mujstromecek.cz\/hu\/wp-json\/wp\/v2\/types\/page"}],"author":[{"embeddable":true,"href":"https:\/\/old2024.mujstromecek.cz\/hu\/wp-json\/wp\/v2\/users\/2"}],"replies":[{"embeddable":true,"href":"https:\/\/old2024.mujstromecek.cz\/hu\/wp-json\/wp\/v2\/comments?post=7942"}],"version-history":[{"count":4,"href":"https:\/\/old2024.mujstromecek.cz\/hu\/wp-json\/wp\/v2\/pages\/7942\/revisions"}],"predecessor-version":[{"id":595760,"href":"https:\/\/old2024.mujstromecek.cz\/hu\/wp-json\/wp\/v2\/pages\/7942\/revisions\/595760"}],"wp:attachment":[{"href":"https:\/\/old2024.mujstromecek.cz\/hu\/wp-json\/wp\/v2\/media?parent=7942"}],"curies":[{"name":"wp","href":"https:\/\/api.w.org\/{rel}","templated":true}]}}