{"id":16757,"date":"2021-05-04T13:33:56","date_gmt":"2021-05-04T13:33:56","guid":{"rendered":"https:\/\/mujstromecek.cz\/nagykereskedelem\/"},"modified":"2023-02-10T06:53:05","modified_gmt":"2023-02-10T06:53:05","slug":"nagykereskedelem","status":"publish","type":"page","link":"https:\/\/old2024.mujstromecek.cz\/hu\/nagykereskedelem\/","title":{"rendered":"Nagykereskedelem"},"content":{"rendered":"\n<h2 class=\"wp-block-heading\">We are looking for artificial Christmas trees sellers<\/h2>\n\n<h3 class=\"wp-block-heading\">We offer interesting conditions for both e-shops and stone shops.<\/h3>\n\n<h3 class=\"wp-block-heading\"><p>If you want to contact us about cooperation, contact us by email at b2b@allforcustomer.com or by phone at 724 708 057.<\/p><\/h3>\n\n<p><p>Why work with us:<\/p><\/p>\n\n<ul class=\"wp-block-list\"><li><p>large selection of goods and immediate stock<\/p><\/li><li><p>available XML feed<\/p><\/li><li><p>B2B system for easy ordering<\/p><\/li><li><p>great prices for partners<\/p><\/li><li><p>possibility to order a small amount of goods<\/p><\/li><li><p>regular expansion of the range according to the latest trends<\/p><\/li><\/ul>\n<h3 class=\"wp-block-heading\"><p>If you want to contact us about cooperation, contact us by email at b2b@allforcustomer.com or by phone at 724 708 057.<\/p><\/h3>\n","protected":false},"excerpt":{"rendered":"<p>We are looking for artificial Christmas trees sellers We offer interesting conditions for both e-shops and stone shops. If you want to contact us about cooperation, contact us by email at b2b@allforcustomer.com or by phone at 724 708 057. Why work with us: large selection of goods and immediate stock available XML feed B2B system [&hellip;]<\/p>\n","protected":false},"author":3,"featured_media":16741,"parent":0,"menu_order":0,"comment_status":"closed","ping_status":"closed","template":"","meta":{"footnotes":""},"class_list":["post-16757","page","type-page","status-publish","has-post-thumbnail","hentry"],"featured_image_urls":{"full":["https:\/\/old2024.mujstromecek.cz\/wp-content\/uploads\/2021\/05\/velkoobchod.jpg",2440,240,false],"thumbnail":["https:\/\/old2024.mujstromecek.cz\/wp-content\/uploads\/2021\/05\/velkoobchod-150x150.jpg",150,150,true],"medium":["https:\/\/old2024.mujstromecek.cz\/wp-content\/uploads\/2021\/05\/velkoobchod-300x30.jpg",300,30,true],"medium_large":["https:\/\/old2024.mujstromecek.cz\/wp-content\/uploads\/2021\/05\/velkoobchod-768x76.jpg",768,76,true],"large":["https:\/\/old2024.mujstromecek.cz\/wp-content\/uploads\/2021\/05\/velkoobchod-1024x101.jpg",800,79,true],"1536x1536":["https:\/\/old2024.mujstromecek.cz\/wp-content\/uploads\/2021\/05\/velkoobchod-1536x151.jpg",1536,151,true],"2048x2048":["https:\/\/old2024.mujstromecek.cz\/wp-content\/uploads\/2021\/05\/velkoobchod-2048x201.jpg",2048,201,true],"woocommerce_thumbnail":["https:\/\/old2024.mujstromecek.cz\/wp-content\/uploads\/2021\/05\/velkoobchod-300x30.jpg",300,30,true],"woocommerce_single":["https:\/\/old2024.mujstromecek.cz\/wp-content\/uploads\/2021\/05\/velkoobchod-600x59.jpg",600,59,true],"woocommerce_gallery_thumbnail":["https:\/\/old2024.mujstromecek.cz\/wp-content\/uploads\/2021\/05\/velkoobchod-100x100.jpg",100,100,true]},"post_excerpt_stackable":"<p>We are looking for artificial Christmas trees sellers We offer interesting conditions for both e-shops and stone shops. If you want to contact us about cooperation, contact us by email at b2b@allforcustomer.com or by phone at 724 708 057. Why work with us: large selection of goods and immediate stockavailable XML feedB2B system for easy orderinggreat prices for partnerspossibility to order a small amount of goodsregular expansion of the range according to the latest trends If you want to contact us about cooperation, contact us by email at b2b@allforcustomer.com or by phone at 724 708 057.<\/p>\n","category_list":"","author_info":{"name":"Tomas Turon","url":"https:\/\/old2024.mujstromecek.cz\/hu\/author\/tomas\/"},"comments_num":"0 comments","featured_image_urls_v2":{"full":["https:\/\/old2024.mujstromecek.cz\/wp-content\/uploads\/2021\/05\/velkoobchod.jpg",2440,240,false],"thumbnail":["https:\/\/old2024.mujstromecek.cz\/wp-content\/uploads\/2021\/05\/velkoobchod-150x150.jpg",150,150,true],"medium":["https:\/\/old2024.mujstromecek.cz\/wp-content\/uploads\/2021\/05\/velkoobchod-300x30.jpg",300,30,true],"medium_large":["https:\/\/old2024.mujstromecek.cz\/wp-content\/uploads\/2021\/05\/velkoobchod-768x76.jpg",768,76,true],"large":["https:\/\/old2024.mujstromecek.cz\/wp-content\/uploads\/2021\/05\/velkoobchod-1024x101.jpg",800,79,true],"1536x1536":["https:\/\/old2024.mujstromecek.cz\/wp-content\/uploads\/2021\/05\/velkoobchod-1536x151.jpg",1536,151,true],"2048x2048":["https:\/\/old2024.mujstromecek.cz\/wp-content\/uploads\/2021\/05\/velkoobchod-2048x201.jpg",2048,201,true],"woocommerce_thumbnail":["https:\/\/old2024.mujstromecek.cz\/wp-content\/uploads\/2021\/05\/velkoobchod-300x30.jpg",300,30,true],"woocommerce_single":["https:\/\/old2024.mujstromecek.cz\/wp-content\/uploads\/2021\/05\/velkoobchod-600x59.jpg",600,59,true],"woocommerce_gallery_thumbnail":["https:\/\/old2024.mujstromecek.cz\/wp-content\/uploads\/2021\/05\/velkoobchod-100x100.jpg",100,100,true]},"post_excerpt_stackable_v2":"<p>We are looking for artificial Christmas trees sellers We offer interesting conditions for both e-shops and stone shops. If you want to contact us about cooperation, contact us by email at b2b@allforcustomer.com or by phone at 724 708 057. Why work with us: large selection of goods and immediate stockavailable XML feedB2B system for easy orderinggreat prices for partnerspossibility to order a small amount of goodsregular expansion of the range according to the latest trends If you want to contact us about cooperation, contact us by email at b2b@allforcustomer.com or by phone at 724 708 057.<\/p>\n","category_list_v2":"","author_info_v2":{"name":"Tomas Turon","url":"https:\/\/old2024.mujstromecek.cz\/hu\/author\/tomas\/"},"comments_num_v2":"0 comments","yoast_head":"<!-- This site is optimized with the Yoast SEO plugin v21.1 - https:\/\/yoast.com\/wordpress\/plugins\/seo\/ -->\n<title>Nagykereskedelem - MUKARACSONYFA.HU<\/title>\n<meta name=\"robots\" content=\"noindex, follow, max-snippet:-1, max-image-preview:large, max-video-preview:-1\" \/>\n<meta property=\"og:locale\" content=\"hu_HU\" \/>\n<meta property=\"og:type\" content=\"article\" \/>\n<meta property=\"og:title\" content=\"Nagykereskedelem - MUKARACSONYFA.HU\" \/>\n<meta property=\"og:description\" content=\"We are looking for artificial Christmas trees sellers We offer interesting conditions for both e-shops and stone shops. If you want to contact us about cooperation, contact us by email at b2b@allforcustomer.com or by phone at 724 708 057. Why work with us: large selection of goods and immediate stock available XML feed B2B system [&hellip;]\" \/>\n<meta property=\"og:url\" content=\"https:\/\/old2024.mujstromecek.cz\/hu\/nagykereskedelem\/\" \/>\n<meta property=\"og:site_name\" content=\"MUKARACSONYFA.HU\" \/>\n<meta property=\"article:modified_time\" content=\"2023-02-10T06:53:05+00:00\" \/>\n<meta property=\"og:image\" content=\"https:\/\/mukaracsonyfa.hu\/wp-content\/uploads\/2021\/05\/velkoobchod.jpg\" \/>\n\t<meta property=\"og:image:width\" content=\"2440\" \/>\n\t<meta property=\"og:image:height\" content=\"240\" \/>\n\t<meta property=\"og:image:type\" content=\"image\/jpeg\" \/>\n<meta name=\"twitter:card\" content=\"summary_large_image\" \/>\n<script type=\"application\/ld+json\" class=\"yoast-schema-graph\">{\"@context\":\"https:\/\/schema.org\",\"@graph\":[{\"@type\":\"WebPage\",\"@id\":\"https:\/\/old2024.mujstromecek.cz\/hu\/nagykereskedelem\/\",\"url\":\"https:\/\/old2024.mujstromecek.cz\/hu\/nagykereskedelem\/\",\"name\":\"Nagykereskedelem - MUKARACSONYFA.HU\",\"isPartOf\":{\"@id\":\"https:\/\/mojstromcek.sk\/#website\"},\"datePublished\":\"2021-05-04T13:33:56+00:00\",\"dateModified\":\"2023-02-10T06:53:05+00:00\",\"breadcrumb\":{\"@id\":\"https:\/\/old2024.mujstromecek.cz\/hu\/nagykereskedelem\/#breadcrumb\"},\"inLanguage\":\"hu\",\"potentialAction\":[{\"@type\":\"ReadAction\",\"target\":[\"https:\/\/old2024.mujstromecek.cz\/hu\/nagykereskedelem\/\"]}]},{\"@type\":\"BreadcrumbList\",\"@id\":\"https:\/\/old2024.mujstromecek.cz\/hu\/nagykereskedelem\/#breadcrumb\",\"itemListElement\":[{\"@type\":\"ListItem\",\"position\":1,\"name\":\"Dom\u016f\",\"item\":\"https:\/\/old2024.mujstromecek.cz\/hu\/\"},{\"@type\":\"ListItem\",\"position\":2,\"name\":\"Nagykereskedelem\"}]},{\"@type\":\"WebSite\",\"@id\":\"https:\/\/mojstromcek.sk\/#website\",\"url\":\"https:\/\/mojstromcek.sk\/\",\"name\":\"MUKARACSONYFA.HU\",\"description\":\"m\u0171kar\u00e1csonyf\u00e1k\",\"potentialAction\":[{\"@type\":\"SearchAction\",\"target\":{\"@type\":\"EntryPoint\",\"urlTemplate\":\"https:\/\/mojstromcek.sk\/?s={search_term_string}\"},\"query-input\":\"required name=search_term_string\"}],\"inLanguage\":\"hu\"}]}<\/script>\n<!-- \/ Yoast SEO plugin. -->","yoast_head_json":{"title":"Nagykereskedelem - MUKARACSONYFA.HU","robots":{"index":"noindex","follow":"follow","max-snippet":"max-snippet:-1","max-image-preview":"max-image-preview:large","max-video-preview":"max-video-preview:-1"},"og_locale":"hu_HU","og_type":"article","og_title":"Nagykereskedelem - MUKARACSONYFA.HU","og_description":"We are looking for artificial Christmas trees sellers We offer interesting conditions for both e-shops and stone shops. If you want to contact us about cooperation, contact us by email at b2b@allforcustomer.com or by phone at 724 708 057. Why work with us: large selection of goods and immediate stock available XML feed B2B system [&hellip;]","og_url":"https:\/\/old2024.mujstromecek.cz\/hu\/nagykereskedelem\/","og_site_name":"MUKARACSONYFA.HU","article_modified_time":"2023-02-10T06:53:05+00:00","og_image":[{"width":2440,"height":240,"url":"https:\/\/mukaracsonyfa.hu\/wp-content\/uploads\/2021\/05\/velkoobchod.jpg","type":"image\/jpeg"}],"twitter_card":"summary_large_image","schema":{"@context":"https:\/\/schema.org","@graph":[{"@type":"WebPage","@id":"https:\/\/old2024.mujstromecek.cz\/hu\/nagykereskedelem\/","url":"https:\/\/old2024.mujstromecek.cz\/hu\/nagykereskedelem\/","name":"Nagykereskedelem - MUKARACSONYFA.HU","isPartOf":{"@id":"https:\/\/mojstromcek.sk\/#website"},"datePublished":"2021-05-04T13:33:56+00:00","dateModified":"2023-02-10T06:53:05+00:00","breadcrumb":{"@id":"https:\/\/old2024.mujstromecek.cz\/hu\/nagykereskedelem\/#breadcrumb"},"inLanguage":"hu","potentialAction":[{"@type":"ReadAction","target":["https:\/\/old2024.mujstromecek.cz\/hu\/nagykereskedelem\/"]}]},{"@type":"BreadcrumbList","@id":"https:\/\/old2024.mujstromecek.cz\/hu\/nagykereskedelem\/#breadcrumb","itemListElement":[{"@type":"ListItem","position":1,"name":"Dom\u016f","item":"https:\/\/old2024.mujstromecek.cz\/hu\/"},{"@type":"ListItem","position":2,"name":"Nagykereskedelem"}]},{"@type":"WebSite","@id":"https:\/\/mojstromcek.sk\/#website","url":"https:\/\/mojstromcek.sk\/","name":"MUKARACSONYFA.HU","description":"m\u0171kar\u00e1csonyf\u00e1k","potentialAction":[{"@type":"SearchAction","target":{"@type":"EntryPoint","urlTemplate":"https:\/\/mojstromcek.sk\/?s={search_term_string}"},"query-input":"required name=search_term_string"}],"inLanguage":"hu"}]}},"_links":{"self":[{"href":"https:\/\/old2024.mujstromecek.cz\/hu\/wp-json\/wp\/v2\/pages\/16757","targetHints":{"allow":["GET"]}}],"collection":[{"href":"https:\/\/old2024.mujstromecek.cz\/hu\/wp-json\/wp\/v2\/pages"}],"about":[{"href":"https:\/\/old2024.mujstromecek.cz\/hu\/wp-json\/wp\/v2\/types\/page"}],"author":[{"embeddable":true,"href":"https:\/\/old2024.mujstromecek.cz\/hu\/wp-json\/wp\/v2\/users\/3"}],"replies":[{"embeddable":true,"href":"https:\/\/old2024.mujstromecek.cz\/hu\/wp-json\/wp\/v2\/comments?post=16757"}],"version-history":[{"count":1,"href":"https:\/\/old2024.mujstromecek.cz\/hu\/wp-json\/wp\/v2\/pages\/16757\/revisions"}],"predecessor-version":[{"id":206199,"href":"https:\/\/old2024.mujstromecek.cz\/hu\/wp-json\/wp\/v2\/pages\/16757\/revisions\/206199"}],"wp:featuredmedia":[{"embeddable":true,"href":"https:\/\/old2024.mujstromecek.cz\/hu\/wp-json\/wp\/v2\/media\/16741"}],"wp:attachment":[{"href":"https:\/\/old2024.mujstromecek.cz\/hu\/wp-json\/wp\/v2\/media?parent=16757"}],"curies":[{"name":"wp","href":"https:\/\/api.w.org\/{rel}","templated":true}]}}