{"id":392984,"date":"2023-08-30T18:04:40","date_gmt":"2023-09-28T13:24:54","guid":{"rendered":"https:\/\/mujstromecek.cz\/produkt\/bor-natura-3d-180-cm\/"},"modified":"2023-12-11T14:55:22","modified_gmt":"2023-12-11T14:55:22","slug":"bor-natura-3d-180-cm","status":"publish","type":"product","link":"https:\/\/old2024.mujstromecek.cz\/hr\/produkt\/bor-natura-3d-180-cm\/","title":{"rendered":"Bor Natura 3D 180 cm"},"content":{"rendered":"<p><strong>Kvalitetne iglice<\/strong> stvaraju vrlo prirodan izgled bo\u017ei\u0107nog drveta. Unikatni izgled na&scaron;ih drvca djelo je na&scaron;eg iskusnog tima produkt dizajnera. Bo\u017ei\u0107no drvo \u0107e svojim prirodnim izgledom do\u010darati pravu bo\u017ei\u0107nu atmosferu va&scaron;eg doma.<strong> Mo\u017eete ga kititi prema svom ukusu<\/strong>.<\/p>\n<p>Kao sve na&scaron;e drve\u0107e i ovo se mo\u017ee jednostavno sastaviti te dalje njime rukovati. Radi se o <strong>standardnom tipu rastavljanja<\/strong>. Kod ove vrste rastavljanja ovisi samo o vama u kojem nagibu \u0107e biti grane. Morate sami rastaviti u zahtijevani nagib grane stabla kao i manje grane.<br \/>\u017delimo vam ugodne bo\u017ei\u0107ne blagdane!<\/p>\n","protected":false},"excerpt":{"rendered":"<p><strong>Kvalitetne iglice<\/strong> stvaraju vrlo prirodan izgled bo\u017ei\u0107nog drveta. Unikatni izgled na&scaron;ih drvca&nbsp; djelo je na&scaron;eg iskusnog tima produkt dizajnera. Bo\u017ei\u0107no drvo \u0107e svojim prirodnim izgledom do\u010darati pravu bo\u017ei\u0107nu atmosferu va&scaron;eg doma.<\/p>\n","protected":false},"featured_media":471534,"template":"","meta":[],"product_cat":[3801],"product_tag":[3902,391,4650,4656],"class_list":["post-392984","product","type-product","status-publish","has-post-thumbnail","hentry","product_cat-classic-hr","product_tag-180-cm-hr","product_tag-3d-hr-2","product_tag-doprava-zdarma-hr","product_tag-economy-hr","pa_druh-borovice-hr","pa_jehlici-3d-economy-hr-2","pa_krabice-31-36-125-hr-2","pa_pocet-rad-13-hr","pa_sirka-120-hr","pa_stojan-metalni-hr-2","pa_vaha-11-hr","pa_vetvicky-505-hr","pa_vetvicky-celkem-505-hr","pa_vetvicky-pe-pvc-200-305-hr","pa_vyska-180-hr","pa_vyska-od-zeme-22-hr"],"featured_image_urls":{"full":["https:\/\/old2024.mujstromecek.cz\/wp-content\/uploads\/2023\/08\/s1-2306.jpg",640,860,false],"thumbnail":["https:\/\/old2024.mujstromecek.cz\/wp-content\/uploads\/2023\/08\/s1-2306-150x150.jpg",150,150,true],"medium":["https:\/\/old2024.mujstromecek.cz\/wp-content\/uploads\/2023\/08\/s1-2306-223x300.jpg",223,300,true],"medium_large":["https:\/\/old2024.mujstromecek.cz\/wp-content\/uploads\/2023\/08\/s1-2306.jpg",640,860,false],"large":["https:\/\/old2024.mujstromecek.cz\/wp-content\/uploads\/2023\/08\/s1-2306.jpg",640,860,false],"1536x1536":["https:\/\/old2024.mujstromecek.cz\/wp-content\/uploads\/2023\/08\/s1-2306.jpg",640,860,false],"2048x2048":["https:\/\/old2024.mujstromecek.cz\/wp-content\/uploads\/2023\/08\/s1-2306.jpg",640,860,false],"woocommerce_thumbnail":["https:\/\/old2024.mujstromecek.cz\/wp-content\/uploads\/2023\/08\/s1-2306-300x403.jpg",300,403,true],"woocommerce_single":["https:\/\/old2024.mujstromecek.cz\/wp-content\/uploads\/2023\/08\/s1-2306-600x806.jpg",600,806,true],"woocommerce_gallery_thumbnail":["https:\/\/old2024.mujstromecek.cz\/wp-content\/uploads\/2023\/08\/s1-2306-100x100.jpg",100,100,true]},"post_excerpt_stackable":"<p><strong>Kvalitetne iglice<\/strong> stvaraju vrlo prirodan izgled bo\u017ei\u0107nog drveta. Unikatni izgled na&scaron;ih drvca&nbsp; djelo je na&scaron;eg iskusnog tima produkt dizajnera. Bo\u017ei\u0107no drvo \u0107e svojim prirodnim izgledom do\u010darati pravu bo\u017ei\u0107nu atmosferu va&scaron;eg doma.<\/p>\n","category_list":"","author_info":{"name":"","url":""},"comments_num":"0 comments","featured_image_urls_v2":{"full":["https:\/\/old2024.mujstromecek.cz\/wp-content\/uploads\/2023\/08\/s1-2306.jpg",640,860,false],"thumbnail":["https:\/\/old2024.mujstromecek.cz\/wp-content\/uploads\/2023\/08\/s1-2306-150x150.jpg",150,150,true],"medium":["https:\/\/old2024.mujstromecek.cz\/wp-content\/uploads\/2023\/08\/s1-2306-223x300.jpg",223,300,true],"medium_large":["https:\/\/old2024.mujstromecek.cz\/wp-content\/uploads\/2023\/08\/s1-2306.jpg",640,860,false],"large":["https:\/\/old2024.mujstromecek.cz\/wp-content\/uploads\/2023\/08\/s1-2306.jpg",640,860,false],"1536x1536":["https:\/\/old2024.mujstromecek.cz\/wp-content\/uploads\/2023\/08\/s1-2306.jpg",640,860,false],"2048x2048":["https:\/\/old2024.mujstromecek.cz\/wp-content\/uploads\/2023\/08\/s1-2306.jpg",640,860,false],"woocommerce_thumbnail":["https:\/\/old2024.mujstromecek.cz\/wp-content\/uploads\/2023\/08\/s1-2306-300x403.jpg",300,403,true],"woocommerce_single":["https:\/\/old2024.mujstromecek.cz\/wp-content\/uploads\/2023\/08\/s1-2306-600x806.jpg",600,806,true],"woocommerce_gallery_thumbnail":["https:\/\/old2024.mujstromecek.cz\/wp-content\/uploads\/2023\/08\/s1-2306-100x100.jpg",100,100,true]},"post_excerpt_stackable_v2":"<p><strong>Kvalitetne iglice<\/strong> stvaraju vrlo prirodan izgled bo\u017ei\u0107nog drveta. Unikatni izgled na&scaron;ih drvca&nbsp; djelo je na&scaron;eg iskusnog tima produkt dizajnera. Bo\u017ei\u0107no drvo \u0107e svojim prirodnim izgledom do\u010darati pravu bo\u017ei\u0107nu atmosferu va&scaron;eg doma.<\/p>\n","category_list_v2":"","author_info_v2":{"name":"","url":""},"comments_num_v2":"0 comments","yoast_head":"<!-- This site is optimized with the Yoast SEO plugin v21.1 - https:\/\/yoast.com\/wordpress\/plugins\/seo\/ -->\n<title>Bor Natura 3D 180 cm - bozicnadrvca.hr<\/title>\n<meta name=\"robots\" content=\"noindex, follow, max-snippet:-1, max-image-preview:large, max-video-preview:-1\" \/>\n<meta property=\"og:locale\" content=\"hr_HR\" \/>\n<meta property=\"og:type\" content=\"article\" \/>\n<meta property=\"og:title\" content=\"Bor Natura 3D 180 cm - bozicnadrvca.hr\" \/>\n<meta property=\"og:description\" content=\"Kvalitetne iglice stvaraju vrlo prirodan izgled bo\u017ei\u0107nog drveta. Unikatni izgled na&scaron;ih drvca&nbsp; djelo je na&scaron;eg iskusnog tima produkt dizajnera. Bo\u017ei\u0107no drvo \u0107e svojim prirodnim izgledom do\u010darati pravu bo\u017ei\u0107nu atmosferu va&scaron;eg doma.\" \/>\n<meta property=\"og:url\" content=\"https:\/\/old2024.mujstromecek.cz\/hr\/produkt\/bor-natura-3d-180-cm\/\" \/>\n<meta property=\"og:site_name\" content=\"bozicnadrvca.hr\" \/>\n<meta property=\"article:modified_time\" content=\"2023-12-11T14:55:22+00:00\" \/>\n<meta property=\"og:image\" content=\"https:\/\/bozicnadrvca.hr\/wp-content\/uploads\/2023\/08\/s1-2306.jpg\" \/>\n\t<meta property=\"og:image:width\" content=\"640\" \/>\n\t<meta property=\"og:image:height\" content=\"860\" \/>\n\t<meta property=\"og:image:type\" content=\"image\/jpeg\" \/>\n<meta name=\"twitter:card\" content=\"summary_large_image\" \/>\n<meta name=\"twitter:label1\" content=\"Procijenjeno vrijeme \u010ditanja\" \/>\n\t<meta name=\"twitter:data1\" content=\"1 minuta\" \/>\n<script type=\"application\/ld+json\" class=\"yoast-schema-graph\">{\"@context\":\"https:\/\/schema.org\",\"@graph\":[{\"@type\":\"WebPage\",\"@id\":\"https:\/\/old2024.mujstromecek.cz\/hr\/produkt\/bor-natura-3d-180-cm\/\",\"url\":\"https:\/\/old2024.mujstromecek.cz\/hr\/produkt\/bor-natura-3d-180-cm\/\",\"name\":\"Bor Natura 3D 180 cm - bozicnadrvca.hr\",\"isPartOf\":{\"@id\":\"https:\/\/mojstromcek.sk\/#website\"},\"datePublished\":\"2023-09-28T13:24:54+00:00\",\"dateModified\":\"2023-12-11T14:55:22+00:00\",\"breadcrumb\":{\"@id\":\"https:\/\/old2024.mujstromecek.cz\/hr\/produkt\/bor-natura-3d-180-cm\/#breadcrumb\"},\"inLanguage\":\"hr\",\"potentialAction\":[{\"@type\":\"ReadAction\",\"target\":[\"https:\/\/old2024.mujstromecek.cz\/hr\/produkt\/bor-natura-3d-180-cm\/\"]}]},{\"@type\":\"BreadcrumbList\",\"@id\":\"https:\/\/old2024.mujstromecek.cz\/hr\/produkt\/bor-natura-3d-180-cm\/#breadcrumb\",\"itemListElement\":[{\"@type\":\"ListItem\",\"position\":1,\"name\":\"Dom\u016f\",\"item\":\"https:\/\/old2024.mujstromecek.cz\/hr\/\"},{\"@type\":\"ListItem\",\"position\":2,\"name\":\"Shop\",\"item\":\"https:\/\/bozicnadrvca.hr\/shop\/\"},{\"@type\":\"ListItem\",\"position\":3,\"name\":\"Bor Natura 3D 180 cm\"}]},{\"@type\":\"WebSite\",\"@id\":\"https:\/\/mojstromcek.sk\/#website\",\"url\":\"https:\/\/mojstromcek.sk\/\",\"name\":\"bozicnadrvca.hr\",\"description\":\"Umjetna bo\u017ei\u0107na drvca\",\"potentialAction\":[{\"@type\":\"SearchAction\",\"target\":{\"@type\":\"EntryPoint\",\"urlTemplate\":\"https:\/\/mojstromcek.sk\/?s={search_term_string}\"},\"query-input\":\"required name=search_term_string\"}],\"inLanguage\":\"hr\"}]}<\/script>\n<!-- \/ Yoast SEO plugin. -->","yoast_head_json":{"title":"Bor Natura 3D 180 cm - bozicnadrvca.hr","robots":{"index":"noindex","follow":"follow","max-snippet":"max-snippet:-1","max-image-preview":"max-image-preview:large","max-video-preview":"max-video-preview:-1"},"og_locale":"hr_HR","og_type":"article","og_title":"Bor Natura 3D 180 cm - bozicnadrvca.hr","og_description":"Kvalitetne iglice stvaraju vrlo prirodan izgled bo\u017ei\u0107nog drveta. Unikatni izgled na&scaron;ih drvca&nbsp; djelo je na&scaron;eg iskusnog tima produkt dizajnera. Bo\u017ei\u0107no drvo \u0107e svojim prirodnim izgledom do\u010darati pravu bo\u017ei\u0107nu atmosferu va&scaron;eg doma.","og_url":"https:\/\/old2024.mujstromecek.cz\/hr\/produkt\/bor-natura-3d-180-cm\/","og_site_name":"bozicnadrvca.hr","article_modified_time":"2023-12-11T14:55:22+00:00","og_image":[{"width":640,"height":860,"url":"https:\/\/bozicnadrvca.hr\/wp-content\/uploads\/2023\/08\/s1-2306.jpg","type":"image\/jpeg"}],"twitter_card":"summary_large_image","twitter_misc":{"Procijenjeno vrijeme \u010ditanja":"1 minuta"},"schema":{"@context":"https:\/\/schema.org","@graph":[{"@type":"WebPage","@id":"https:\/\/old2024.mujstromecek.cz\/hr\/produkt\/bor-natura-3d-180-cm\/","url":"https:\/\/old2024.mujstromecek.cz\/hr\/produkt\/bor-natura-3d-180-cm\/","name":"Bor Natura 3D 180 cm - bozicnadrvca.hr","isPartOf":{"@id":"https:\/\/mojstromcek.sk\/#website"},"datePublished":"2023-09-28T13:24:54+00:00","dateModified":"2023-12-11T14:55:22+00:00","breadcrumb":{"@id":"https:\/\/old2024.mujstromecek.cz\/hr\/produkt\/bor-natura-3d-180-cm\/#breadcrumb"},"inLanguage":"hr","potentialAction":[{"@type":"ReadAction","target":["https:\/\/old2024.mujstromecek.cz\/hr\/produkt\/bor-natura-3d-180-cm\/"]}]},{"@type":"BreadcrumbList","@id":"https:\/\/old2024.mujstromecek.cz\/hr\/produkt\/bor-natura-3d-180-cm\/#breadcrumb","itemListElement":[{"@type":"ListItem","position":1,"name":"Dom\u016f","item":"https:\/\/old2024.mujstromecek.cz\/hr\/"},{"@type":"ListItem","position":2,"name":"Shop","item":"https:\/\/bozicnadrvca.hr\/shop\/"},{"@type":"ListItem","position":3,"name":"Bor Natura 3D 180 cm"}]},{"@type":"WebSite","@id":"https:\/\/mojstromcek.sk\/#website","url":"https:\/\/mojstromcek.sk\/","name":"bozicnadrvca.hr","description":"Umjetna bo\u017ei\u0107na drvca","potentialAction":[{"@type":"SearchAction","target":{"@type":"EntryPoint","urlTemplate":"https:\/\/mojstromcek.sk\/?s={search_term_string}"},"query-input":"required name=search_term_string"}],"inLanguage":"hr"}]}},"_links":{"self":[{"href":"https:\/\/old2024.mujstromecek.cz\/hr\/wp-json\/wp\/v2\/product\/392984","targetHints":{"allow":["GET"]}}],"collection":[{"href":"https:\/\/old2024.mujstromecek.cz\/hr\/wp-json\/wp\/v2\/product"}],"about":[{"href":"https:\/\/old2024.mujstromecek.cz\/hr\/wp-json\/wp\/v2\/types\/product"}],"wp:featuredmedia":[{"embeddable":true,"href":"https:\/\/old2024.mujstromecek.cz\/hr\/wp-json\/wp\/v2\/media\/471534"}],"wp:attachment":[{"href":"https:\/\/old2024.mujstromecek.cz\/hr\/wp-json\/wp\/v2\/media?parent=392984"}],"wp:term":[{"taxonomy":"product_cat","embeddable":true,"href":"https:\/\/old2024.mujstromecek.cz\/hr\/wp-json\/wp\/v2\/product_cat?post=392984"},{"taxonomy":"product_tag","embeddable":true,"href":"https:\/\/old2024.mujstromecek.cz\/hr\/wp-json\/wp\/v2\/product_tag?post=392984"}],"curies":[{"name":"wp","href":"https:\/\/api.w.org\/{rel}","templated":true}]}}