{"id":389418,"date":"2023-08-30T17:55:19","date_gmt":"2023-09-28T13:07:53","guid":{"rendered":"https:\/\/mujstromecek.cz\/produkt\/skandinavska-smreka-100-180-cm\/"},"modified":"2023-11-26T21:33:00","modified_gmt":"2023-11-26T21:33:00","slug":"skandinavska-smreka-100-180-cm","status":"publish","type":"product","link":"https:\/\/old2024.mujstromecek.cz\/hr\/produkt\/skandinavska-smreka-100-180-cm\/","title":{"rendered":"Skandinavska smreka 100 % 180 cm"},"content":{"rendered":"<h3><strong>Opis drveta:<\/strong><\/h3>\n<p>Skandinavska smreka 100 % 180 cm s prirodnim i savr&scaron;eno gustim granama apsolutna je <strong>NOVOST<\/strong>. Na&scaron;e <strong>NAJEKSKLUZIVNIJE<\/strong> bo\u017ei\u0107no drvce je <strong>100 % napravljeno od 3D iglica<\/strong>. Zahvaljuju\u0107i <strong>najkvalitetnijim<\/strong> 3D iglicama, <strong>uop\u0107e se ne razlikuje od pravog drvca. <\/strong>Savr&scaron;eno za <strong>luksuzne<\/strong> i <strong>tradicionalne<\/strong> interijere. <strong>Unikatni izgled <\/strong>na&scaron;ih drvca iz <strong>najvi&scaron;e kolekcije DIAMOND <\/strong>djelo je na&scaron;eg <strong>iskusnog tima produkt dizajnera<\/strong>.<\/p>\n<p>Bo\u017ei\u0107no drvce&nbsp;\u0107e sa svojim <strong>LUKSUZNIM IZGLEDOM <\/strong>u va&scaron;em domu <strong>do\u010darati<\/strong> <strong>pravu bo\u017ei\u0107nu atmosferu<\/strong>. Mo\u017eete ga <strong>kititi <\/strong>prema svom ukusu.<\/p>\n<p>Uz bo\u017ei\u0107no drvo <strong>dobivate<\/strong> od nas <strong>BESPLATNO<\/strong> <strong>\u010dvrst METALNI STALAK<\/strong> s&nbsp;gumenim nogama i <strong>\u010dvrstu kartonsku kutiju<\/strong> za pohranjivanje bo\u017ei\u0107nog drveta.<\/p>\n<h3><strong>Na\u010din sastavljanja Skandinavska smreka<\/strong><\/h3>\n<p>Kao sve na&scaron;e drve\u0107e i ovo drvo je <strong>jednostavno sastaviti<\/strong> te dalje njime rukovati. Sustav Snap Tree&trade; predstavlja <strong>PREMIJSKO RJE&Scaron;ENJE<\/strong>, koje vam najvi&scaron;e olak&scaron;ava sastavljanje drveta. Grane imaju zglob, koji nakon postavljanja drveta u stalak omogu\u0107uje automatsko rastavljanje grana u odre\u0111enom nagibu, preostaje <strong>samo rastavljanje manjih grana<\/strong> prema va&scaron;em ukusu.<\/p>\n<p>\u017delimo vam ugodne bo\u017ei\u0107ne blagdane!<\/p>\n","protected":false},"excerpt":{"rendered":"<p>Skandinavska smreka 100% 180 cm s prirodnim i savr&scaron;eno gustim granama apsolutna je <strong>NOVOST<\/strong>. Na&scaron;e <strong>NAJEKSKLUZIVNIJE<\/strong> bo\u017ei\u0107no drvce je <strong>100 % napravljeno od 3D iglica<\/strong>. Zahvaljuju\u0107i <strong>najkvalitetnijim<\/strong> 3D iglicama, <strong>uop\u0107e se ne razlikuje od pravog drvca. <\/strong>Savr&scaron;eno za <strong>luksuzne<\/strong> i <strong>tradicionalne<\/strong> interijere. <strong>Unikatni izgled <\/strong>na&scaron;ih drvca iz <strong>najvi&scaron;e kolekcije DIAMOND <\/strong>djelo je na&scaron;eg <strong>iskusnog tima produkt dizajnera<\/strong>.<\/p>\n","protected":false},"featured_media":465122,"template":"","meta":[],"product_cat":[3807],"product_tag":[3864,3902,4650,4219],"class_list":["post-389418","product","type-product","status-publish","has-post-thumbnail","hentry","product_cat-diamond-hr","product_tag-100-3d-pe-hr-2","product_tag-180-cm-hr","product_tag-doprava-zdarma-hr","product_tag-diamond-hr","pa_druh-smrk-hr","pa_jehlici-100-3d-diamond-hr","pa_krabice-30-30-110-hr-2","pa_pocet-rad-14-hr","pa_sirka-122-hr","pa_stojan-metalni-hr-2","pa_vaha-10-hr","pa_vetvicky-4680-hr","pa_vetvicky-celkem-4680-hr","pa_vetvicky-pe-pvc-4680-hr","pa_vlastnosti-nejoblibenejsi-hr","pa_vyska-180-hr","pa_vyska-od-zeme-22-hr"],"featured_image_urls":{"full":["https:\/\/old2024.mujstromecek.cz\/wp-content\/uploads\/2023\/08\/s1-2333.jpg",640,860,false],"thumbnail":["https:\/\/old2024.mujstromecek.cz\/wp-content\/uploads\/2023\/08\/s1-2333-150x150.jpg",150,150,true],"medium":["https:\/\/old2024.mujstromecek.cz\/wp-content\/uploads\/2023\/08\/s1-2333-223x300.jpg",223,300,true],"medium_large":["https:\/\/old2024.mujstromecek.cz\/wp-content\/uploads\/2023\/08\/s1-2333.jpg",640,860,false],"large":["https:\/\/old2024.mujstromecek.cz\/wp-content\/uploads\/2023\/08\/s1-2333.jpg",640,860,false],"1536x1536":["https:\/\/old2024.mujstromecek.cz\/wp-content\/uploads\/2023\/08\/s1-2333.jpg",640,860,false],"2048x2048":["https:\/\/old2024.mujstromecek.cz\/wp-content\/uploads\/2023\/08\/s1-2333.jpg",640,860,false],"woocommerce_thumbnail":["https:\/\/old2024.mujstromecek.cz\/wp-content\/uploads\/2023\/08\/s1-2333-300x403.jpg",300,403,true],"woocommerce_single":["https:\/\/old2024.mujstromecek.cz\/wp-content\/uploads\/2023\/08\/s1-2333-600x806.jpg",600,806,true],"woocommerce_gallery_thumbnail":["https:\/\/old2024.mujstromecek.cz\/wp-content\/uploads\/2023\/08\/s1-2333-100x100.jpg",100,100,true]},"post_excerpt_stackable":"<p>Skandinavska smreka 100% 180 cm s prirodnim i savr&scaron;eno gustim granama apsolutna je <strong>NOVOST<\/strong>. Na&scaron;e <strong>NAJEKSKLUZIVNIJE<\/strong> bo\u017ei\u0107no drvce je <strong>100 % napravljeno od 3D iglica<\/strong>. Zahvaljuju\u0107i <strong>najkvalitetnijim<\/strong> 3D iglicama, <strong>uop\u0107e se ne razlikuje od pravog drvca. <\/strong>Savr&scaron;eno za <strong>luksuzne<\/strong> i <strong>tradicionalne<\/strong> interijere. <strong>Unikatni izgled <\/strong>na&scaron;ih drvca iz <strong>najvi&scaron;e kolekcije DIAMOND <\/strong>djelo je na&scaron;eg <strong>iskusnog tima produkt dizajnera<\/strong>.<\/p>\n","category_list":"","author_info":{"name":"","url":""},"comments_num":"0 comments","featured_image_urls_v2":{"full":["https:\/\/old2024.mujstromecek.cz\/wp-content\/uploads\/2023\/08\/s1-2333.jpg",640,860,false],"thumbnail":["https:\/\/old2024.mujstromecek.cz\/wp-content\/uploads\/2023\/08\/s1-2333-150x150.jpg",150,150,true],"medium":["https:\/\/old2024.mujstromecek.cz\/wp-content\/uploads\/2023\/08\/s1-2333-223x300.jpg",223,300,true],"medium_large":["https:\/\/old2024.mujstromecek.cz\/wp-content\/uploads\/2023\/08\/s1-2333.jpg",640,860,false],"large":["https:\/\/old2024.mujstromecek.cz\/wp-content\/uploads\/2023\/08\/s1-2333.jpg",640,860,false],"1536x1536":["https:\/\/old2024.mujstromecek.cz\/wp-content\/uploads\/2023\/08\/s1-2333.jpg",640,860,false],"2048x2048":["https:\/\/old2024.mujstromecek.cz\/wp-content\/uploads\/2023\/08\/s1-2333.jpg",640,860,false],"woocommerce_thumbnail":["https:\/\/old2024.mujstromecek.cz\/wp-content\/uploads\/2023\/08\/s1-2333-300x403.jpg",300,403,true],"woocommerce_single":["https:\/\/old2024.mujstromecek.cz\/wp-content\/uploads\/2023\/08\/s1-2333-600x806.jpg",600,806,true],"woocommerce_gallery_thumbnail":["https:\/\/old2024.mujstromecek.cz\/wp-content\/uploads\/2023\/08\/s1-2333-100x100.jpg",100,100,true]},"post_excerpt_stackable_v2":"<p>Skandinavska smreka 100% 180 cm s prirodnim i savr&scaron;eno gustim granama apsolutna je <strong>NOVOST<\/strong>. Na&scaron;e <strong>NAJEKSKLUZIVNIJE<\/strong> bo\u017ei\u0107no drvce je <strong>100 % napravljeno od 3D iglica<\/strong>. Zahvaljuju\u0107i <strong>najkvalitetnijim<\/strong> 3D iglicama, <strong>uop\u0107e se ne razlikuje od pravog drvca. <\/strong>Savr&scaron;eno za <strong>luksuzne<\/strong> i <strong>tradicionalne<\/strong> interijere. <strong>Unikatni izgled <\/strong>na&scaron;ih drvca iz <strong>najvi&scaron;e kolekcije DIAMOND <\/strong>djelo je na&scaron;eg <strong>iskusnog tima produkt dizajnera<\/strong>.<\/p>\n","category_list_v2":"","author_info_v2":{"name":"","url":""},"comments_num_v2":"0 comments","yoast_head":"<!-- This site is optimized with the Yoast SEO plugin v21.1 - https:\/\/yoast.com\/wordpress\/plugins\/seo\/ -->\n<title>Skandinavska smreka 100 % 180 cm - bozicnadrvca.hr<\/title>\n<meta name=\"robots\" content=\"noindex, follow, max-snippet:-1, max-image-preview:large, max-video-preview:-1\" \/>\n<meta property=\"og:locale\" content=\"hr_HR\" \/>\n<meta property=\"og:type\" content=\"article\" \/>\n<meta property=\"og:title\" content=\"Skandinavska smreka 100 % 180 cm - bozicnadrvca.hr\" \/>\n<meta property=\"og:description\" content=\"Skandinavska smreka 100% 180 cm s prirodnim i savr&scaron;eno gustim granama apsolutna je NOVOST. Na&scaron;e NAJEKSKLUZIVNIJE bo\u017ei\u0107no drvce je 100 % napravljeno od 3D iglica. Zahvaljuju\u0107i najkvalitetnijim 3D iglicama, uop\u0107e se ne razlikuje od pravog drvca. Savr&scaron;eno za luksuzne i tradicionalne interijere. Unikatni izgled na&scaron;ih drvca iz najvi&scaron;e kolekcije DIAMOND djelo je na&scaron;eg iskusnog tima produkt dizajnera.\" \/>\n<meta property=\"og:url\" content=\"https:\/\/old2024.mujstromecek.cz\/hr\/produkt\/skandinavska-smreka-100-180-cm\/\" \/>\n<meta property=\"og:site_name\" content=\"bozicnadrvca.hr\" \/>\n<meta property=\"article:modified_time\" content=\"2023-11-26T21:33:00+00:00\" \/>\n<meta property=\"og:image\" content=\"https:\/\/old2024.mujstromecek.cz\/wp-content\/uploads\/2023\/08\/s1-2333.jpg\" \/>\n\t<meta property=\"og:image:width\" content=\"640\" \/>\n\t<meta property=\"og:image:height\" content=\"860\" \/>\n\t<meta property=\"og:image:type\" content=\"image\/jpeg\" \/>\n<meta name=\"twitter:card\" content=\"summary_large_image\" \/>\n<meta name=\"twitter:label1\" content=\"Procijenjeno vrijeme \u010ditanja\" \/>\n\t<meta name=\"twitter:data1\" content=\"1 minuta\" \/>\n<script type=\"application\/ld+json\" class=\"yoast-schema-graph\">{\"@context\":\"https:\/\/schema.org\",\"@graph\":[{\"@type\":\"WebPage\",\"@id\":\"https:\/\/old2024.mujstromecek.cz\/hr\/produkt\/skandinavska-smreka-100-180-cm\/\",\"url\":\"https:\/\/old2024.mujstromecek.cz\/hr\/produkt\/skandinavska-smreka-100-180-cm\/\",\"name\":\"Skandinavska smreka 100 % 180 cm - bozicnadrvca.hr\",\"isPartOf\":{\"@id\":\"https:\/\/mojstromcek.sk\/#website\"},\"datePublished\":\"2023-09-28T13:07:53+00:00\",\"dateModified\":\"2023-11-26T21:33:00+00:00\",\"breadcrumb\":{\"@id\":\"https:\/\/old2024.mujstromecek.cz\/hr\/produkt\/skandinavska-smreka-100-180-cm\/#breadcrumb\"},\"inLanguage\":\"hr\",\"potentialAction\":[{\"@type\":\"ReadAction\",\"target\":[\"https:\/\/old2024.mujstromecek.cz\/hr\/produkt\/skandinavska-smreka-100-180-cm\/\"]}]},{\"@type\":\"BreadcrumbList\",\"@id\":\"https:\/\/old2024.mujstromecek.cz\/hr\/produkt\/skandinavska-smreka-100-180-cm\/#breadcrumb\",\"itemListElement\":[{\"@type\":\"ListItem\",\"position\":1,\"name\":\"Dom\u016f\",\"item\":\"https:\/\/old2024.mujstromecek.cz\/hr\/\"},{\"@type\":\"ListItem\",\"position\":2,\"name\":\"Shop\",\"item\":\"https:\/\/bozicnadrvca.hr\/shop\/\"},{\"@type\":\"ListItem\",\"position\":3,\"name\":\"Skandinavska smreka 100 % 180 cm\"}]},{\"@type\":\"WebSite\",\"@id\":\"https:\/\/mojstromcek.sk\/#website\",\"url\":\"https:\/\/mojstromcek.sk\/\",\"name\":\"bozicnadrvca.hr\",\"description\":\"Umjetna bo\u017ei\u0107na drvca\",\"potentialAction\":[{\"@type\":\"SearchAction\",\"target\":{\"@type\":\"EntryPoint\",\"urlTemplate\":\"https:\/\/mojstromcek.sk\/?s={search_term_string}\"},\"query-input\":\"required name=search_term_string\"}],\"inLanguage\":\"hr\"}]}<\/script>\n<!-- \/ Yoast SEO plugin. -->","yoast_head_json":{"title":"Skandinavska smreka 100 % 180 cm - bozicnadrvca.hr","robots":{"index":"noindex","follow":"follow","max-snippet":"max-snippet:-1","max-image-preview":"max-image-preview:large","max-video-preview":"max-video-preview:-1"},"og_locale":"hr_HR","og_type":"article","og_title":"Skandinavska smreka 100 % 180 cm - bozicnadrvca.hr","og_description":"Skandinavska smreka 100% 180 cm s prirodnim i savr&scaron;eno gustim granama apsolutna je NOVOST. Na&scaron;e NAJEKSKLUZIVNIJE bo\u017ei\u0107no drvce je 100 % napravljeno od 3D iglica. Zahvaljuju\u0107i najkvalitetnijim 3D iglicama, uop\u0107e se ne razlikuje od pravog drvca. Savr&scaron;eno za luksuzne i tradicionalne interijere. Unikatni izgled na&scaron;ih drvca iz najvi&scaron;e kolekcije DIAMOND djelo je na&scaron;eg iskusnog tima produkt dizajnera.","og_url":"https:\/\/old2024.mujstromecek.cz\/hr\/produkt\/skandinavska-smreka-100-180-cm\/","og_site_name":"bozicnadrvca.hr","article_modified_time":"2023-11-26T21:33:00+00:00","og_image":[{"width":640,"height":860,"url":"https:\/\/old2024.mujstromecek.cz\/wp-content\/uploads\/2023\/08\/s1-2333.jpg","type":"image\/jpeg"}],"twitter_card":"summary_large_image","twitter_misc":{"Procijenjeno vrijeme \u010ditanja":"1 minuta"},"schema":{"@context":"https:\/\/schema.org","@graph":[{"@type":"WebPage","@id":"https:\/\/old2024.mujstromecek.cz\/hr\/produkt\/skandinavska-smreka-100-180-cm\/","url":"https:\/\/old2024.mujstromecek.cz\/hr\/produkt\/skandinavska-smreka-100-180-cm\/","name":"Skandinavska smreka 100 % 180 cm - bozicnadrvca.hr","isPartOf":{"@id":"https:\/\/mojstromcek.sk\/#website"},"datePublished":"2023-09-28T13:07:53+00:00","dateModified":"2023-11-26T21:33:00+00:00","breadcrumb":{"@id":"https:\/\/old2024.mujstromecek.cz\/hr\/produkt\/skandinavska-smreka-100-180-cm\/#breadcrumb"},"inLanguage":"hr","potentialAction":[{"@type":"ReadAction","target":["https:\/\/old2024.mujstromecek.cz\/hr\/produkt\/skandinavska-smreka-100-180-cm\/"]}]},{"@type":"BreadcrumbList","@id":"https:\/\/old2024.mujstromecek.cz\/hr\/produkt\/skandinavska-smreka-100-180-cm\/#breadcrumb","itemListElement":[{"@type":"ListItem","position":1,"name":"Dom\u016f","item":"https:\/\/old2024.mujstromecek.cz\/hr\/"},{"@type":"ListItem","position":2,"name":"Shop","item":"https:\/\/bozicnadrvca.hr\/shop\/"},{"@type":"ListItem","position":3,"name":"Skandinavska smreka 100 % 180 cm"}]},{"@type":"WebSite","@id":"https:\/\/mojstromcek.sk\/#website","url":"https:\/\/mojstromcek.sk\/","name":"bozicnadrvca.hr","description":"Umjetna bo\u017ei\u0107na drvca","potentialAction":[{"@type":"SearchAction","target":{"@type":"EntryPoint","urlTemplate":"https:\/\/mojstromcek.sk\/?s={search_term_string}"},"query-input":"required name=search_term_string"}],"inLanguage":"hr"}]}},"_links":{"self":[{"href":"https:\/\/old2024.mujstromecek.cz\/hr\/wp-json\/wp\/v2\/product\/389418","targetHints":{"allow":["GET"]}}],"collection":[{"href":"https:\/\/old2024.mujstromecek.cz\/hr\/wp-json\/wp\/v2\/product"}],"about":[{"href":"https:\/\/old2024.mujstromecek.cz\/hr\/wp-json\/wp\/v2\/types\/product"}],"wp:featuredmedia":[{"embeddable":true,"href":"https:\/\/old2024.mujstromecek.cz\/hr\/wp-json\/wp\/v2\/media\/465122"}],"wp:attachment":[{"href":"https:\/\/old2024.mujstromecek.cz\/hr\/wp-json\/wp\/v2\/media?parent=389418"}],"wp:term":[{"taxonomy":"product_cat","embeddable":true,"href":"https:\/\/old2024.mujstromecek.cz\/hr\/wp-json\/wp\/v2\/product_cat?post=389418"},{"taxonomy":"product_tag","embeddable":true,"href":"https:\/\/old2024.mujstromecek.cz\/hr\/wp-json\/wp\/v2\/product_tag?post=389418"}],"curies":[{"name":"wp","href":"https:\/\/api.w.org\/{rel}","templated":true}]}}