{"id":9889,"date":"2020-08-29T18:07:52","date_gmt":"2020-08-29T18:07:52","guid":{"rendered":"https:\/\/mujstromecek.cz\/zamjena-robe\/"},"modified":"2022-10-28T15:31:26","modified_gmt":"2022-10-28T15:31:26","slug":"zamjena-robe","status":"publish","type":"page","link":"https:\/\/old2024.mujstromecek.cz\/hr\/zamjena-robe\/","title":{"rendered":"Zamjena robe"},"content":{"rendered":"\n<h3 class=\"wp-block-heading\">Ne odgovara li Vam veli\u010dina drvca ili \u017eelite zamijeniti drvo za drugi tip?&#13;\n<\/h3>\n\n<p>Razmjena se odvija standardno prema odredbama stavka 1829. st. 1 gra\u0111anskog zakona. Razmjena se stoga mo\u017ee izvr\u0161iti u roku od 14 dana od dana prvog preuzimanja robe.&#13;\n<\/p>\n\n<h3 class=\"wp-block-heading\">Upute za zamjenu<\/h3>\n\n<ol class=\"wp-block-list\"><li>Otvorite novu narud\u017ebu s drvcem koje \u017eelite naru\u010diti i odmah \u0107emo Vam ga poslati.&#13;\n<\/li><li>Ispunite on-line obrazac u nastavku.<\/li><li>Vratite nam originalno drvce u neo\u0161te\u0107enom pakiranju i mi \u0107emo Vam izdati kreditni list.&#13;\n<\/li><\/ol>\n<h3 class=\"wp-block-heading\">Adresa za slanje Va\u0161eg drvca: <\/h3>\n\n<ul class=\"wp-block-list\"><li>All4Customer, s.r.o.<\/li><li>Pohrani\u010dn\u00ed 25, 703 00 Ostrava<\/li><\/ul>\n<div style=\"height:20px\" aria-hidden=\"true\" class=\"wp-block-spacer\"><\/div>\n\n<p>Roba koju \u017eelite vratiti mora biti funkcionalna i ne smije pokazati znakove o\u0161te\u0107enja. Stoga mora izgledati isto kao kad ste je primili, uklju\u010duju\u0107i i ambala\u017eni materijal i opremu. Ako je narud\u017eba sadr\u017eavala poklon, mora se i taj vratiti u neo\u0161te\u0107enom stanju. U slu\u010daju da roba ima znakove istro\u0161enosti, mi ili proizvo\u0111a\u010d \u0107e ih vratiti u prvobitno stanje. Ovo je pla\u0107ena usluga koja \u0107e se odbiti od nabavne cijene robe prilikom ispostavljanja kreditnog lista.<\/p>\n\n<div style=\"height:20px\" aria-hidden=\"true\" class=\"wp-block-spacer\"><\/div>\n\n\t\t<div data-elementor-type=\"section\" data-elementor-id=\"16617\" class=\"elementor elementor-16617 elementor-16614\" data-elementor-post-type=\"elementor_library\">\n\t\t\t\t\t<div class=\"elementor-section-wrap\">\n\t\t\t\t\t\t\t\t<section class=\"elementor-section elementor-top-section elementor-element elementor-element-4e1132b7 elementor-section-boxed elementor-section-height-default elementor-section-height-default\" data-id=\"4e1132b7\" data-element_type=\"section\">\n\t\t\t\t\t\t<div class=\"elementor-container elementor-column-gap-default\">\n\t\t\t\t\t\t\t<div class=\"elementor-row\">\n\t\t\t\t\t<div class=\"elementor-column elementor-col-100 elementor-top-column elementor-element elementor-element-5e6fd6d\" data-id=\"5e6fd6d\" data-element_type=\"column\">\n\t\t\t<div class=\"elementor-column-wrap elementor-element-populated\">\n\t\t\t\t\t\t\t<div class=\"elementor-widget-wrap\">\n\t\t\t\t\t\t<div class=\"elementor-element elementor-element-27237ffb elementor-button-align-stretch elementor-widget elementor-widget-form\" data-id=\"27237ffb\" data-element_type=\"widget\" data-settings=\"{&quot;step_next_label&quot;:&quot;Dal\\u0161\\u00ed&quot;,&quot;step_previous_label&quot;:&quot;Zp\\u011bt&quot;,&quot;step_type&quot;:&quot;text&quot;,&quot;button_width&quot;:&quot;100&quot;}\" data-widget_type=\"form.default\">\n\t\t\t\t<div class=\"elementor-widget-container\">\n\t\t\t\t\t<form class=\"elementor-form\" method=\"post\" name=\"zamjena robe\">\n\t\t\t<input type=\"hidden\" name=\"post_id\" value=\"16617\"\/>\n\t\t\t<input type=\"hidden\" name=\"form_id\" value=\"27237ffb\"\/>\n\t\t\t<input type=\"hidden\" name=\"referer_title\" value=\"bozicnadrvca.hr\" \/>\n\n\t\t\t\n\t\t\t<div class=\"elementor-form-fields-wrapper elementor-labels-above\">\n\t\t\t\t\t\t\t\t<div class=\"elementor-field-type-html elementor-field-group elementor-column elementor-field-group-field_12262f6 elementor-col-100\">\n\t\t\t\t\t<p><span style=\"font-size: 24px;\"><strong>1. Informacije o robi<\/strong><\/span><\/p>\n\t\t\t\t<\/div>\n\t\t\t\t\t\t\t\t<div class=\"elementor-field-type-text elementor-field-group elementor-column elementor-field-group-c_objednavky elementor-col-50 elementor-field-required elementor-mark-required\">\n\t\t\t\t\t\t\t\t\t\t\t\t<label for=\"form-field-c_objednavky\" class=\"elementor-field-label\">\n\t\t\t\t\t\t\t\tBroj narud\u017ebe ili fakture.\t\t\t\t\t\t\t<\/label>\n\t\t\t\t\t\t\t\t\t\t\t\t\t\t<input size=\"1\" type=\"text\" name=\"form_fields[c_objednavky]\" id=\"form-field-c_objednavky\" class=\"elementor-field elementor-size-md  elementor-field-textual\" required=\"required\" aria-required=\"true\">\n\t\t\t\t\t\t\t\t\t\t\t<\/div>\n\t\t\t\t\t\t\t\t<div class=\"elementor-field-type-text elementor-field-group elementor-column elementor-field-group-nazev_produktu elementor-col-50 elementor-field-required elementor-mark-required\">\n\t\t\t\t\t\t\t\t\t\t\t\t<label for=\"form-field-nazev_produktu\" class=\"elementor-field-label\">\n\t\t\t\t\t\t\t\tNaziv produkta\t\t\t\t\t\t\t<\/label>\n\t\t\t\t\t\t\t\t\t\t\t\t\t\t<input size=\"1\" type=\"text\" name=\"form_fields[nazev_produktu]\" id=\"form-field-nazev_produktu\" class=\"elementor-field elementor-size-md  elementor-field-textual\" required=\"required\" aria-required=\"true\">\n\t\t\t\t\t\t\t\t\t\t\t<\/div>\n\t\t\t\t\t\t\t\t<div class=\"elementor-field-type-text elementor-field-group elementor-column elementor-field-group-field_15782a9 elementor-col-100\">\n\t\t\t\t\t\t\t\t\t\t\t\t<label for=\"form-field-field_15782a9\" class=\"elementor-field-label\">\n\t\t\t\t\t\t\t\tBroj bankovnog ra\u010duna u slu\u010daju kreditne liste (u obliku IBAN).\t\t\t\t\t\t\t<\/label>\n\t\t\t\t\t\t\t\t\t\t\t\t\t\t<input size=\"1\" type=\"text\" name=\"form_fields[field_15782a9]\" id=\"form-field-field_15782a9\" class=\"elementor-field elementor-size-md  elementor-field-textual\">\n\t\t\t\t\t\t\t\t\t\t\t<\/div>\n\t\t\t\t\t\t\t\t<div class=\"elementor-field-type-upload elementor-field-group elementor-column elementor-field-group-field_8883b1e elementor-col-33\">\n\t\t\t\t\t\t\t\t\t\t\t\t<label for=\"form-field-field_8883b1e\" class=\"elementor-field-label\">\n\t\t\t\t\t\t\t\tFotografije 1\t\t\t\t\t\t\t<\/label>\n\t\t\t\t\t\t\t\t<input type=\"file\" name=\"form_fields[field_8883b1e]\" id=\"form-field-field_8883b1e\" class=\"elementor-field elementor-size-md  elementor-upload-field\" data-maxsize=\"2\" data-maxsize-message=\"This file exceeds the maximum allowed size.\">\n\n\t\t\t\t\t\t<\/div>\n\t\t\t\t\t\t\t\t<div class=\"elementor-field-type-upload elementor-field-group elementor-column elementor-field-group-field_f35fdc5 elementor-col-33\">\n\t\t\t\t\t\t\t\t\t\t\t\t<label for=\"form-field-field_f35fdc5\" class=\"elementor-field-label\">\n\t\t\t\t\t\t\t\tFotografije 2\t\t\t\t\t\t\t<\/label>\n\t\t\t\t\t\t\t\t<input type=\"file\" name=\"form_fields[field_f35fdc5]\" id=\"form-field-field_f35fdc5\" class=\"elementor-field elementor-size-md  elementor-upload-field\" data-maxsize=\"2\" data-maxsize-message=\"This file exceeds the maximum allowed size.\">\n\n\t\t\t\t\t\t<\/div>\n\t\t\t\t\t\t\t\t<div class=\"elementor-field-type-upload elementor-field-group elementor-column elementor-field-group-field_f1875f1 elementor-col-33\">\n\t\t\t\t\t\t\t\t\t\t\t\t<label for=\"form-field-field_f1875f1\" class=\"elementor-field-label\">\n\t\t\t\t\t\t\t\tFotografije 3\t\t\t\t\t\t\t<\/label>\n\t\t\t\t\t\t\t\t<input type=\"file\" name=\"form_fields[field_f1875f1]\" id=\"form-field-field_f1875f1\" class=\"elementor-field elementor-size-md  elementor-upload-field\" data-maxsize=\"2\" data-maxsize-message=\"This file exceeds the maximum allowed size.\">\n\n\t\t\t\t\t\t<\/div>\n\t\t\t\t\t\t\t\t<div class=\"elementor-field-type-html elementor-field-group elementor-column elementor-field-group-field_9166ca4 elementor-col-100\">\n\t\t\t\t\t<p><span style=\"font-size: 24px;\"><strong>2. Informacije o kupcu<\/strong><\/span><\/p>\n\t\t\t\t<\/div>\n\t\t\t\t\t\t\t\t<div class=\"elementor-field-type-text elementor-field-group elementor-column elementor-field-group-jmeno elementor-col-50 elementor-field-required elementor-mark-required\">\n\t\t\t\t\t\t\t\t\t\t\t\t<label for=\"form-field-jmeno\" class=\"elementor-field-label\">\n\t\t\t\t\t\t\t\tVa\u0161e ime i prezime\t\t\t\t\t\t\t<\/label>\n\t\t\t\t\t\t\t\t\t\t\t\t\t\t<input size=\"1\" type=\"text\" name=\"form_fields[jmeno]\" id=\"form-field-jmeno\" class=\"elementor-field elementor-size-md  elementor-field-textual\" required=\"required\" aria-required=\"true\">\n\t\t\t\t\t\t\t\t\t\t\t<\/div>\n\t\t\t\t\t\t\t\t<div class=\"elementor-field-type-text elementor-field-group elementor-column elementor-field-group-spolecnost elementor-col-50\">\n\t\t\t\t\t\t\t\t\t\t\t\t<label for=\"form-field-spolecnost\" class=\"elementor-field-label\">\n\t\t\t\t\t\t\t\tDru\u0161tvo\t\t\t\t\t\t\t<\/label>\n\t\t\t\t\t\t\t\t\t\t\t\t\t\t<input size=\"1\" type=\"text\" name=\"form_fields[spolecnost]\" id=\"form-field-spolecnost\" class=\"elementor-field elementor-size-md  elementor-field-textual\">\n\t\t\t\t\t\t\t\t\t\t\t<\/div>\n\t\t\t\t\t\t\t\t<div class=\"elementor-field-type-text elementor-field-group elementor-column elementor-field-group-adresa elementor-col-33 elementor-field-required elementor-mark-required\">\n\t\t\t\t\t\t\t\t\t\t\t\t<label for=\"form-field-adresa\" class=\"elementor-field-label\">\n\t\t\t\t\t\t\t\tUlica i ku\u0107ni broj\t\t\t\t\t\t\t<\/label>\n\t\t\t\t\t\t\t\t\t\t\t\t\t\t<input size=\"1\" type=\"text\" name=\"form_fields[adresa]\" id=\"form-field-adresa\" class=\"elementor-field elementor-size-md  elementor-field-textual\" required=\"required\" aria-required=\"true\">\n\t\t\t\t\t\t\t\t\t\t\t<\/div>\n\t\t\t\t\t\t\t\t<div class=\"elementor-field-type-text elementor-field-group elementor-column elementor-field-group-mesto elementor-col-33 elementor-field-required elementor-mark-required\">\n\t\t\t\t\t\t\t\t\t\t\t\t<label for=\"form-field-mesto\" class=\"elementor-field-label\">\n\t\t\t\t\t\t\t\tGrad\t\t\t\t\t\t\t<\/label>\n\t\t\t\t\t\t\t\t\t\t\t\t\t\t<input size=\"1\" type=\"text\" name=\"form_fields[mesto]\" id=\"form-field-mesto\" class=\"elementor-field elementor-size-md  elementor-field-textual\" required=\"required\" aria-required=\"true\">\n\t\t\t\t\t\t\t\t\t\t\t<\/div>\n\t\t\t\t\t\t\t\t<div class=\"elementor-field-type-text elementor-field-group elementor-column elementor-field-group-psc elementor-col-33 elementor-field-required elementor-mark-required\">\n\t\t\t\t\t\t\t\t\t\t\t\t<label for=\"form-field-psc\" class=\"elementor-field-label\">\n\t\t\t\t\t\t\t\tPO\u0160TANSKI BROJ\t\t\t\t\t\t\t<\/label>\n\t\t\t\t\t\t\t\t\t\t\t\t\t\t<input size=\"1\" type=\"text\" name=\"form_fields[psc]\" id=\"form-field-psc\" class=\"elementor-field elementor-size-md  elementor-field-textual\" required=\"required\" aria-required=\"true\">\n\t\t\t\t\t\t\t\t\t\t\t<\/div>\n\t\t\t\t\t\t\t\t<div class=\"elementor-field-type-text elementor-field-group elementor-column elementor-field-group-telefon elementor-col-50 elementor-field-required elementor-mark-required\">\n\t\t\t\t\t\t\t\t\t\t\t\t<label for=\"form-field-telefon\" class=\"elementor-field-label\">\n\t\t\t\t\t\t\t\tTelefon\t\t\t\t\t\t\t<\/label>\n\t\t\t\t\t\t\t\t\t\t\t\t\t\t<input size=\"1\" type=\"text\" name=\"form_fields[telefon]\" id=\"form-field-telefon\" class=\"elementor-field elementor-size-md  elementor-field-textual\" required=\"required\" aria-required=\"true\">\n\t\t\t\t\t\t\t\t\t\t\t<\/div>\n\t\t\t\t\t\t\t\t<div class=\"elementor-field-type-email elementor-field-group elementor-column elementor-field-group-e_mail elementor-col-50 elementor-field-required elementor-mark-required\">\n\t\t\t\t\t\t\t\t\t\t\t\t<label for=\"form-field-e_mail\" class=\"elementor-field-label\">\n\t\t\t\t\t\t\t\tVa\u0161 e-mail\t\t\t\t\t\t\t<\/label>\n\t\t\t\t\t\t\t\t\t\t\t\t\t\t<input size=\"1\" type=\"email\" name=\"form_fields[e_mail]\" id=\"form-field-e_mail\" class=\"elementor-field elementor-size-md  elementor-field-textual\" required=\"required\" aria-required=\"true\">\n\t\t\t\t\t\t\t\t\t\t\t<\/div>\n\t\t\t\t\t\t\t\t<div class=\"elementor-field-type-textarea elementor-field-group elementor-column elementor-field-group-poznamka elementor-col-100\">\n\t\t\t\t\t\t\t\t\t\t\t\t<label for=\"form-field-poznamka\" class=\"elementor-field-label\">\n\t\t\t\t\t\t\t\tNapomena\t\t\t\t\t\t\t<\/label>\n\t\t\t\t\t\t<textarea class=\"elementor-field-textual elementor-field  elementor-size-md\" name=\"form_fields[poznamka]\" id=\"form-field-poznamka\" rows=\"4\"><\/textarea>\t\t\t\t<\/div>\n\t\t\t\t\t\t\t\t<div class=\"elementor-field-type-text\">\n\t\t\t\t\t<input size=\"1\" type=\"text\" name=\"form_fields[field_27ab9cb]\" id=\"form-field-field_27ab9cb\" class=\"elementor-field elementor-size-md \" style=\"display:none !important;\">\t\t\t\t<\/div>\n\t\t\t\t\t\t\t\t<div class=\"elementor-field-group elementor-column elementor-field-type-submit elementor-col-100 e-form__buttons\">\n\t\t\t\t\t<button type=\"submit\" class=\"elementor-button elementor-size-md\">\n\t\t\t\t\t\t<span >\n\t\t\t\t\t\t\t\t\t\t\t\t\t\t\t<span class=\" elementor-button-icon\">\n\t\t\t\t\t\t\t\t\t\t\t\t\t\t\t\t\t\t\t\t\t\t\t\t\t\t<\/span>\n\t\t\t\t\t\t\t\t\t\t\t\t\t\t\t\t\t\t\t\t\t\t<span class=\"elementor-button-text\">Po\u0161alji obrazac<\/span>\n\t\t\t\t\t\t\t\t\t\t\t\t\t<\/span>\n\t\t\t\t\t<\/button>\n\t\t\t\t<\/div>\n\t\t\t<\/div>\n\t\t<\/form>\n\t\t\t\t<\/div>\n\t\t\t\t<\/div>\n\t\t\t\t\t\t<\/div>\n\t\t\t\t\t<\/div>\n\t\t<\/div>\n\t\t\t\t\t\t\t\t<\/div>\n\t\t\t\t\t<\/div>\n\t\t<\/section>\n\t\t\t\t\t\t\t<\/div>\n\t\t\t\t<\/div>\n\t\t\n","protected":false},"excerpt":{"rendered":"<p>Ne odgovara li Vam veli\u010dina drvca ili \u017eelite zamijeniti drvo za drugi tip?&#13; Razmjena se odvija standardno prema odredbama stavka 1829. st. 1 gra\u0111anskog zakona. Razmjena se stoga mo\u017ee izvr\u0161iti u roku od 14 dana od dana prvog preuzimanja robe.&#13; Upute za zamjenu Otvorite novu narud\u017ebu s drvcem koje \u017eelite naru\u010diti i odmah \u0107emo Vam [&hellip;]<\/p>\n","protected":false},"author":3,"featured_media":0,"parent":0,"menu_order":0,"comment_status":"closed","ping_status":"closed","template":"","meta":{"footnotes":""},"class_list":["post-9889","page","type-page","status-publish","hentry"],"featured_image_urls":{"full":"","thumbnail":"","medium":"","medium_large":"","large":"","1536x1536":"","2048x2048":"","woocommerce_thumbnail":"","woocommerce_single":"","woocommerce_gallery_thumbnail":""},"post_excerpt_stackable":"<p>Ne odgovara li Vam veli\u010dina drvca ili \u017eelite zamijeniti drvo za drugi tip?&#13; Razmjena se odvija standardno prema odredbama stavka 1829. st. 1 gra\u0111anskog zakona. Razmjena se stoga mo\u017ee izvr\u0161iti u roku od 14 dana od dana prvog preuzimanja robe.&#13; Upute za zamjenu Otvorite novu narud\u017ebu s drvcem koje \u017eelite naru\u010diti i odmah \u0107emo Vam ga poslati.&#13; Ispunite on-line obrazac u nastavku.Vratite nam originalno drvce u neo\u0161te\u0107enom pakiranju i mi \u0107emo Vam izdati kreditni list.&#13; Adresa za slanje Va\u0161eg drvca: All4Customer, s.r.o.Pohrani\u010dn\u00ed 25, 703 00 Ostrava Roba koju \u017eelite vratiti mora biti funkcionalna i ne smije pokazati znakove o\u0161te\u0107enja. Stoga&hellip;<\/p>\n","category_list":"","author_info":{"name":"Tomas Turon","url":"https:\/\/old2024.mujstromecek.cz\/hr\/author\/tomas\/"},"comments_num":"0 comments","featured_image_urls_v2":{"full":"","thumbnail":"","medium":"","medium_large":"","large":"","1536x1536":"","2048x2048":"","woocommerce_thumbnail":"","woocommerce_single":"","woocommerce_gallery_thumbnail":""},"post_excerpt_stackable_v2":"<p>Ne odgovara li Vam veli\u010dina drvca ili \u017eelite zamijeniti drvo za drugi tip?&#13; Razmjena se odvija standardno prema odredbama stavka 1829. st. 1 gra\u0111anskog zakona. Razmjena se stoga mo\u017ee izvr\u0161iti u roku od 14 dana od dana prvog preuzimanja robe.&#13; Upute za zamjenu Otvorite novu narud\u017ebu s drvcem koje \u017eelite naru\u010diti i odmah \u0107emo Vam ga poslati.&#13; Ispunite on-line obrazac u nastavku.Vratite nam originalno drvce u neo\u0161te\u0107enom pakiranju i mi \u0107emo Vam izdati kreditni list.&#13; Adresa za slanje Va\u0161eg drvca: All4Customer, s.r.o.Pohrani\u010dn\u00ed 25, 703 00 Ostrava Roba koju \u017eelite vratiti mora biti funkcionalna i ne smije pokazati znakove o\u0161te\u0107enja. Stoga&hellip;<\/p>\n","category_list_v2":"","author_info_v2":{"name":"Tomas Turon","url":"https:\/\/old2024.mujstromecek.cz\/hr\/author\/tomas\/"},"comments_num_v2":"0 comments","yoast_head":"<!-- This site is optimized with the Yoast SEO plugin v21.1 - https:\/\/yoast.com\/wordpress\/plugins\/seo\/ -->\n<title>Zamjena robe - bozicnadrvca.hr<\/title>\n<meta name=\"robots\" content=\"noindex, follow, max-snippet:-1, max-image-preview:large, max-video-preview:-1\" \/>\n<meta property=\"og:locale\" content=\"hr_HR\" \/>\n<meta property=\"og:type\" content=\"article\" \/>\n<meta property=\"og:title\" content=\"Zamjena robe - bozicnadrvca.hr\" \/>\n<meta property=\"og:description\" content=\"Ne odgovara li Vam veli\u010dina drvca ili \u017eelite zamijeniti drvo za drugi tip?&#013; Razmjena se odvija standardno prema odredbama stavka 1829. st. 1 gra\u0111anskog zakona. Razmjena se stoga mo\u017ee izvr\u0161iti u roku od 14 dana od dana prvog preuzimanja robe.&#013; Upute za zamjenu Otvorite novu narud\u017ebu s drvcem koje \u017eelite naru\u010diti i odmah \u0107emo Vam [&hellip;]\" \/>\n<meta property=\"og:url\" content=\"https:\/\/old2024.mujstromecek.cz\/hr\/zamjena-robe\/\" \/>\n<meta property=\"og:site_name\" content=\"bozicnadrvca.hr\" \/>\n<meta property=\"article:modified_time\" content=\"2022-10-28T15:31:26+00:00\" \/>\n<meta name=\"twitter:card\" content=\"summary_large_image\" \/>\n<meta name=\"twitter:label1\" content=\"Procijenjeno vrijeme \u010ditanja\" \/>\n\t<meta name=\"twitter:data1\" content=\"1 minuta\" \/>\n<script type=\"application\/ld+json\" class=\"yoast-schema-graph\">{\"@context\":\"https:\/\/schema.org\",\"@graph\":[{\"@type\":\"WebPage\",\"@id\":\"https:\/\/old2024.mujstromecek.cz\/hr\/zamjena-robe\/\",\"url\":\"https:\/\/old2024.mujstromecek.cz\/hr\/zamjena-robe\/\",\"name\":\"Zamjena robe - bozicnadrvca.hr\",\"isPartOf\":{\"@id\":\"https:\/\/mojstromcek.sk\/#website\"},\"datePublished\":\"2020-08-29T18:07:52+00:00\",\"dateModified\":\"2022-10-28T15:31:26+00:00\",\"breadcrumb\":{\"@id\":\"https:\/\/old2024.mujstromecek.cz\/hr\/zamjena-robe\/#breadcrumb\"},\"inLanguage\":\"hr\",\"potentialAction\":[{\"@type\":\"ReadAction\",\"target\":[\"https:\/\/old2024.mujstromecek.cz\/hr\/zamjena-robe\/\"]}]},{\"@type\":\"BreadcrumbList\",\"@id\":\"https:\/\/old2024.mujstromecek.cz\/hr\/zamjena-robe\/#breadcrumb\",\"itemListElement\":[{\"@type\":\"ListItem\",\"position\":1,\"name\":\"Dom\u016f\",\"item\":\"https:\/\/old2024.mujstromecek.cz\/hr\/\"},{\"@type\":\"ListItem\",\"position\":2,\"name\":\"Zamjena robe\"}]},{\"@type\":\"WebSite\",\"@id\":\"https:\/\/mojstromcek.sk\/#website\",\"url\":\"https:\/\/mojstromcek.sk\/\",\"name\":\"bozicnadrvca.hr\",\"description\":\"Umjetna bo\u017ei\u0107na drvca\",\"potentialAction\":[{\"@type\":\"SearchAction\",\"target\":{\"@type\":\"EntryPoint\",\"urlTemplate\":\"https:\/\/mojstromcek.sk\/?s={search_term_string}\"},\"query-input\":\"required name=search_term_string\"}],\"inLanguage\":\"hr\"}]}<\/script>\n<!-- \/ Yoast SEO plugin. -->","yoast_head_json":{"title":"Zamjena robe - bozicnadrvca.hr","robots":{"index":"noindex","follow":"follow","max-snippet":"max-snippet:-1","max-image-preview":"max-image-preview:large","max-video-preview":"max-video-preview:-1"},"og_locale":"hr_HR","og_type":"article","og_title":"Zamjena robe - bozicnadrvca.hr","og_description":"Ne odgovara li Vam veli\u010dina drvca ili \u017eelite zamijeniti drvo za drugi tip?&#13; Razmjena se odvija standardno prema odredbama stavka 1829. st. 1 gra\u0111anskog zakona. Razmjena se stoga mo\u017ee izvr\u0161iti u roku od 14 dana od dana prvog preuzimanja robe.&#13; Upute za zamjenu Otvorite novu narud\u017ebu s drvcem koje \u017eelite naru\u010diti i odmah \u0107emo Vam [&hellip;]","og_url":"https:\/\/old2024.mujstromecek.cz\/hr\/zamjena-robe\/","og_site_name":"bozicnadrvca.hr","article_modified_time":"2022-10-28T15:31:26+00:00","twitter_card":"summary_large_image","twitter_misc":{"Procijenjeno vrijeme \u010ditanja":"1 minuta"},"schema":{"@context":"https:\/\/schema.org","@graph":[{"@type":"WebPage","@id":"https:\/\/old2024.mujstromecek.cz\/hr\/zamjena-robe\/","url":"https:\/\/old2024.mujstromecek.cz\/hr\/zamjena-robe\/","name":"Zamjena robe - bozicnadrvca.hr","isPartOf":{"@id":"https:\/\/mojstromcek.sk\/#website"},"datePublished":"2020-08-29T18:07:52+00:00","dateModified":"2022-10-28T15:31:26+00:00","breadcrumb":{"@id":"https:\/\/old2024.mujstromecek.cz\/hr\/zamjena-robe\/#breadcrumb"},"inLanguage":"hr","potentialAction":[{"@type":"ReadAction","target":["https:\/\/old2024.mujstromecek.cz\/hr\/zamjena-robe\/"]}]},{"@type":"BreadcrumbList","@id":"https:\/\/old2024.mujstromecek.cz\/hr\/zamjena-robe\/#breadcrumb","itemListElement":[{"@type":"ListItem","position":1,"name":"Dom\u016f","item":"https:\/\/old2024.mujstromecek.cz\/hr\/"},{"@type":"ListItem","position":2,"name":"Zamjena robe"}]},{"@type":"WebSite","@id":"https:\/\/mojstromcek.sk\/#website","url":"https:\/\/mojstromcek.sk\/","name":"bozicnadrvca.hr","description":"Umjetna bo\u017ei\u0107na drvca","potentialAction":[{"@type":"SearchAction","target":{"@type":"EntryPoint","urlTemplate":"https:\/\/mojstromcek.sk\/?s={search_term_string}"},"query-input":"required name=search_term_string"}],"inLanguage":"hr"}]}},"_links":{"self":[{"href":"https:\/\/old2024.mujstromecek.cz\/hr\/wp-json\/wp\/v2\/pages\/9889","targetHints":{"allow":["GET"]}}],"collection":[{"href":"https:\/\/old2024.mujstromecek.cz\/hr\/wp-json\/wp\/v2\/pages"}],"about":[{"href":"https:\/\/old2024.mujstromecek.cz\/hr\/wp-json\/wp\/v2\/types\/page"}],"author":[{"embeddable":true,"href":"https:\/\/old2024.mujstromecek.cz\/hr\/wp-json\/wp\/v2\/users\/3"}],"replies":[{"embeddable":true,"href":"https:\/\/old2024.mujstromecek.cz\/hr\/wp-json\/wp\/v2\/comments?post=9889"}],"version-history":[{"count":1,"href":"https:\/\/old2024.mujstromecek.cz\/hr\/wp-json\/wp\/v2\/pages\/9889\/revisions"}],"predecessor-version":[{"id":206232,"href":"https:\/\/old2024.mujstromecek.cz\/hr\/wp-json\/wp\/v2\/pages\/9889\/revisions\/206232"}],"wp:attachment":[{"href":"https:\/\/old2024.mujstromecek.cz\/hr\/wp-json\/wp\/v2\/media?parent=9889"}],"curies":[{"name":"wp","href":"https:\/\/api.w.org\/{rel}","templated":true}]}}