{"id":8320,"date":"2020-07-17T07:45:54","date_gmt":"2020-07-17T07:45:54","guid":{"rendered":"https:\/\/mujstromecek.cz\/sledenje-posiljkam\/"},"modified":"2020-12-14T15:19:38","modified_gmt":"2020-12-14T15:19:38","slug":"sledenje-posiljkam","status":"publish","type":"page","link":"https:\/\/old2024.mujstromecek.cz\/hr\/sledenje-posiljkam\/","title":{"rendered":"Sledenje po\u0161iljkam"},"content":{"rendered":"\n\t\t<div data-elementor-type=\"section\" data-elementor-id=\"15696\" class=\"elementor elementor-15696 elementor-15583\" data-elementor-post-type=\"elementor_library\">\n\t\t\t\t\t<div class=\"elementor-section-wrap\">\n\t\t\t\t\t\t\t\t<section class=\"elementor-section elementor-top-section elementor-element elementor-element-f6b63da elementor-section-boxed elementor-section-height-default elementor-section-height-default\" data-id=\"f6b63da\" data-element_type=\"section\">\n\t\t\t\t\t\t<div class=\"elementor-container elementor-column-gap-default\">\n\t\t\t\t\t\t\t<div class=\"elementor-row\">\n\t\t\t\t\t<div class=\"elementor-column elementor-col-100 elementor-top-column elementor-element elementor-element-2cd8c22\" data-id=\"2cd8c22\" data-element_type=\"column\">\n\t\t\t<div class=\"elementor-column-wrap elementor-element-populated\">\n\t\t\t\t\t\t\t<div class=\"elementor-widget-wrap\">\n\t\t\t\t\t\t<div class=\"elementor-element elementor-element-e754087 elementor-widget elementor-widget-alert\" data-id=\"e754087\" data-element_type=\"widget\" data-widget_type=\"alert.default\">\n\t\t\t\t<div class=\"elementor-widget-container\">\n\t\t\t\t\t<div class=\"elementor-alert elementor-alert-warning\" role=\"alert\">\n\t\t\t<span class=\"elementor-alert-title\">Po\u0161tovani kupci,<\/span>\n\t\t\t\t\t\t\t<span class=\"elementor-alert-description\"><p>prijevozni\u010dka tvrtka GLS obavijestila nas je da se isporuka narud\u017ebi mo\u017ee malo odgoditi. Dostava va\u0161eg drvca mo\u017ee se malo odgoditi, ali ne brinite, sti\u0107i \u0107emo do Bo\u017ei\u0107a!<\/p><\/span>\n\t\t\t\t\t\t\t\t\t\t<button type=\"button\" class=\"elementor-alert-dismiss\">\n\t\t\t\t\t\t\t\t\t\t\t<span aria-hidden=\"true\">&times;<\/span>\n\t\t\t\t\t\t\t\t\t\t<span class=\"elementor-screen-only\">Dismiss this alert.<\/span>\n\t\t\t\t<\/button>\n\t\t\t\t\t<\/div>\n\t\t\t\t<\/div>\n\t\t\t\t<\/div>\n\t\t\t\t\t\t<\/div>\n\t\t\t\t\t<\/div>\n\t\t<\/div>\n\t\t\t\t\t\t\t\t<\/div>\n\t\t\t\t\t<\/div>\n\t\t<\/section>\n\t\t\t\t\t\t\t<\/div>\n\t\t\t\t<\/div>\n\t\t\n\n\n\n<h2 class=\"wp-block-heading\"><p><strong>GLS<\/strong><\/p>\r\n<p><strong>Tracking URL<\/strong>: <a href=\"https:\/\/gls-group.eu\/CZ\/en\/parcel-tracking\">https:\/\/gls-group.eu\/CZ\/en\/parcel-tracking <\/a><\/p>\r\n<p><strong>e-mail<\/strong>: <a href=\"mailto:info@gls-chorvatsko.com\">info@gls-chorvatsko.com<\/a><\/p>\r\n<p><strong>Contact<\/strong>: <a href=\"https:\/\/gls-group.eu\/HR\/hr\/kontakt\">https:\/\/gls-group.eu\/HR\/hr\/kontakt<\/a><\/p><\/h2>\n\n\n\n<p><p><strong>GLS<\/strong><\/p><\/p>\n","protected":false},"excerpt":{"rendered":"<p>GLS Tracking URL: https:\/\/gls-group.eu\/CZ\/en\/parcel-tracking e-mail: info@gls-chorvatsko.com Contact: https:\/\/gls-group.eu\/HR\/hr\/kontakt GLS<\/p>\n","protected":false},"author":1,"featured_media":0,"parent":0,"menu_order":0,"comment_status":"closed","ping_status":"closed","template":"","meta":{"footnotes":""},"class_list":["post-8320","page","type-page","status-publish","hentry"],"featured_image_urls":{"full":"","thumbnail":"","medium":"","medium_large":"","large":"","1536x1536":"","2048x2048":"","woocommerce_thumbnail":"","woocommerce_single":"","woocommerce_gallery_thumbnail":""},"post_excerpt_stackable":"<p>Po\u0161tovani kupci, prijevozni\u010dka tvrtka GLS obavijestila nas je da se isporuka narud\u017ebi mo\u017ee malo odgoditi. Dostava va\u0161eg drvca mo\u017ee se malo odgoditi, ali ne brinite, sti\u0107i \u0107emo do Bo\u017ei\u0107a! &times; Dismiss this alert. GLS Tracking URL: https:\/\/gls-group.eu\/CZ\/en\/parcel-tracking e-mail: info@gls-chorvatsko.com Contact: https:\/\/gls-group.eu\/HR\/hr\/kontakt GLS<\/p>\n","category_list":"","author_info":{"name":"admin","url":"https:\/\/old2024.mujstromecek.cz\/hr\/author\/lukas\/"},"comments_num":"0 comments","featured_image_urls_v2":{"full":"","thumbnail":"","medium":"","medium_large":"","large":"","1536x1536":"","2048x2048":"","woocommerce_thumbnail":"","woocommerce_single":"","woocommerce_gallery_thumbnail":""},"post_excerpt_stackable_v2":"<p>Po\u0161tovani kupci, prijevozni\u010dka tvrtka GLS obavijestila nas je da se isporuka narud\u017ebi mo\u017ee malo odgoditi. Dostava va\u0161eg drvca mo\u017ee se malo odgoditi, ali ne brinite, sti\u0107i \u0107emo do Bo\u017ei\u0107a! &times; Dismiss this alert. GLS Tracking URL: https:\/\/gls-group.eu\/CZ\/en\/parcel-tracking e-mail: info@gls-chorvatsko.com Contact: https:\/\/gls-group.eu\/HR\/hr\/kontakt GLS<\/p>\n","category_list_v2":"","author_info_v2":{"name":"admin","url":"https:\/\/old2024.mujstromecek.cz\/hr\/author\/lukas\/"},"comments_num_v2":"0 comments","yoast_head":"<!-- This site is optimized with the Yoast SEO plugin v21.1 - https:\/\/yoast.com\/wordpress\/plugins\/seo\/ -->\n<title>Sledenje po\u0161iljkam - bozicnadrvca.hr<\/title>\n<meta name=\"robots\" content=\"noindex, follow, max-snippet:-1, max-image-preview:large, max-video-preview:-1\" \/>\n<meta property=\"og:locale\" content=\"hr_HR\" \/>\n<meta property=\"og:type\" content=\"article\" \/>\n<meta property=\"og:title\" content=\"Sledenje po\u0161iljkam - bozicnadrvca.hr\" \/>\n<meta property=\"og:description\" content=\"GLS Tracking URL: https:\/\/gls-group.eu\/CZ\/en\/parcel-tracking e-mail: info@gls-chorvatsko.com Contact: https:\/\/gls-group.eu\/HR\/hr\/kontakt GLS\" \/>\n<meta property=\"og:url\" content=\"https:\/\/old2024.mujstromecek.cz\/hr\/sledenje-posiljkam\/\" \/>\n<meta property=\"og:site_name\" content=\"bozicnadrvca.hr\" \/>\n<meta property=\"article:modified_time\" content=\"2020-12-14T15:19:38+00:00\" \/>\n<meta name=\"twitter:card\" content=\"summary_large_image\" \/>\n<script type=\"application\/ld+json\" class=\"yoast-schema-graph\">{\"@context\":\"https:\/\/schema.org\",\"@graph\":[{\"@type\":\"WebPage\",\"@id\":\"https:\/\/old2024.mujstromecek.cz\/hr\/sledenje-posiljkam\/\",\"url\":\"https:\/\/old2024.mujstromecek.cz\/hr\/sledenje-posiljkam\/\",\"name\":\"Sledenje po\u0161iljkam - bozicnadrvca.hr\",\"isPartOf\":{\"@id\":\"https:\/\/mojstromcek.sk\/#website\"},\"datePublished\":\"2020-07-17T07:45:54+00:00\",\"dateModified\":\"2020-12-14T15:19:38+00:00\",\"breadcrumb\":{\"@id\":\"https:\/\/old2024.mujstromecek.cz\/hr\/sledenje-posiljkam\/#breadcrumb\"},\"inLanguage\":\"hr\",\"potentialAction\":[{\"@type\":\"ReadAction\",\"target\":[\"https:\/\/old2024.mujstromecek.cz\/hr\/sledenje-posiljkam\/\"]}]},{\"@type\":\"BreadcrumbList\",\"@id\":\"https:\/\/old2024.mujstromecek.cz\/hr\/sledenje-posiljkam\/#breadcrumb\",\"itemListElement\":[{\"@type\":\"ListItem\",\"position\":1,\"name\":\"Dom\u016f\",\"item\":\"https:\/\/old2024.mujstromecek.cz\/hr\/\"},{\"@type\":\"ListItem\",\"position\":2,\"name\":\"Sledenje po\u0161iljkam\"}]},{\"@type\":\"WebSite\",\"@id\":\"https:\/\/mojstromcek.sk\/#website\",\"url\":\"https:\/\/mojstromcek.sk\/\",\"name\":\"bozicnadrvca.hr\",\"description\":\"Umjetna bo\u017ei\u0107na drvca\",\"potentialAction\":[{\"@type\":\"SearchAction\",\"target\":{\"@type\":\"EntryPoint\",\"urlTemplate\":\"https:\/\/mojstromcek.sk\/?s={search_term_string}\"},\"query-input\":\"required name=search_term_string\"}],\"inLanguage\":\"hr\"}]}<\/script>\n<!-- \/ Yoast SEO plugin. -->","yoast_head_json":{"title":"Sledenje po\u0161iljkam - bozicnadrvca.hr","robots":{"index":"noindex","follow":"follow","max-snippet":"max-snippet:-1","max-image-preview":"max-image-preview:large","max-video-preview":"max-video-preview:-1"},"og_locale":"hr_HR","og_type":"article","og_title":"Sledenje po\u0161iljkam - bozicnadrvca.hr","og_description":"GLS Tracking URL: https:\/\/gls-group.eu\/CZ\/en\/parcel-tracking e-mail: info@gls-chorvatsko.com Contact: https:\/\/gls-group.eu\/HR\/hr\/kontakt GLS","og_url":"https:\/\/old2024.mujstromecek.cz\/hr\/sledenje-posiljkam\/","og_site_name":"bozicnadrvca.hr","article_modified_time":"2020-12-14T15:19:38+00:00","twitter_card":"summary_large_image","schema":{"@context":"https:\/\/schema.org","@graph":[{"@type":"WebPage","@id":"https:\/\/old2024.mujstromecek.cz\/hr\/sledenje-posiljkam\/","url":"https:\/\/old2024.mujstromecek.cz\/hr\/sledenje-posiljkam\/","name":"Sledenje po\u0161iljkam - bozicnadrvca.hr","isPartOf":{"@id":"https:\/\/mojstromcek.sk\/#website"},"datePublished":"2020-07-17T07:45:54+00:00","dateModified":"2020-12-14T15:19:38+00:00","breadcrumb":{"@id":"https:\/\/old2024.mujstromecek.cz\/hr\/sledenje-posiljkam\/#breadcrumb"},"inLanguage":"hr","potentialAction":[{"@type":"ReadAction","target":["https:\/\/old2024.mujstromecek.cz\/hr\/sledenje-posiljkam\/"]}]},{"@type":"BreadcrumbList","@id":"https:\/\/old2024.mujstromecek.cz\/hr\/sledenje-posiljkam\/#breadcrumb","itemListElement":[{"@type":"ListItem","position":1,"name":"Dom\u016f","item":"https:\/\/old2024.mujstromecek.cz\/hr\/"},{"@type":"ListItem","position":2,"name":"Sledenje po\u0161iljkam"}]},{"@type":"WebSite","@id":"https:\/\/mojstromcek.sk\/#website","url":"https:\/\/mojstromcek.sk\/","name":"bozicnadrvca.hr","description":"Umjetna bo\u017ei\u0107na drvca","potentialAction":[{"@type":"SearchAction","target":{"@type":"EntryPoint","urlTemplate":"https:\/\/mojstromcek.sk\/?s={search_term_string}"},"query-input":"required name=search_term_string"}],"inLanguage":"hr"}]}},"_links":{"self":[{"href":"https:\/\/old2024.mujstromecek.cz\/hr\/wp-json\/wp\/v2\/pages\/8320","targetHints":{"allow":["GET"]}}],"collection":[{"href":"https:\/\/old2024.mujstromecek.cz\/hr\/wp-json\/wp\/v2\/pages"}],"about":[{"href":"https:\/\/old2024.mujstromecek.cz\/hr\/wp-json\/wp\/v2\/types\/page"}],"author":[{"embeddable":true,"href":"https:\/\/old2024.mujstromecek.cz\/hr\/wp-json\/wp\/v2\/users\/1"}],"replies":[{"embeddable":true,"href":"https:\/\/old2024.mujstromecek.cz\/hr\/wp-json\/wp\/v2\/comments?post=8320"}],"version-history":[{"count":0,"href":"https:\/\/old2024.mujstromecek.cz\/hr\/wp-json\/wp\/v2\/pages\/8320\/revisions"}],"wp:attachment":[{"href":"https:\/\/old2024.mujstromecek.cz\/hr\/wp-json\/wp\/v2\/media?parent=8320"}],"curies":[{"name":"wp","href":"https:\/\/api.w.org\/{rel}","templated":true}]}}