{"id":8303,"date":"2020-07-17T07:36:31","date_gmt":"2020-07-17T07:36:31","guid":{"rendered":"https:\/\/mujstromecek.cz\/2d-in-3d-igle-kaksna-je-razlika-med-njimi\/"},"modified":"2021-04-30T12:26:34","modified_gmt":"2021-04-30T12:26:34","slug":"2d-in-3d-igle-kaksna-je-razlika-med-njimi","status":"publish","type":"page","link":"https:\/\/old2024.mujstromecek.cz\/hr\/2d-in-3d-igle-kaksna-je-razlika-med-njimi\/","title":{"rendered":"2D in 3D igle. Kak\u0161na je razlika med njimi?"},"content":{"rendered":"\n<p><p>Doby, kdy\u00a0<a href=\"https:\/\/old2024.mujstromecek.cz\/stromky\/\">um\u011bl\u00fd v\u00e1no\u010dn\u00ed strome\u010dek<\/a>\u00a0p\u0159ipom\u00ednal jen zdaleka ten re\u00e1ln\u00fd, jsou u\u017e d\u00e1vno pry\u010d! N\u00e1\u0161 internetov\u00fd obchod nab\u00edz\u00ed v\u00e1no\u010dn\u00ed stromky, kter\u00e9 jsou t\u00e9m\u011b\u0159 dokonalou kopi\u00ed stromk\u016f \u017eiv\u00fdch, a to p\u0159edev\u0161\u00edm d\u00edky realistick\u00fdm, hust\u011b vrstven\u00fdm v\u011btvi\u010dk\u00e1m z t\u011bch nejkvalitn\u011bj\u0161\u00edch PE (polyetylen) a PVC (polyvinylchlorid) materi\u00e1l\u016f. Vybrat si m\u016f\u017eete v\u00e1no\u010dn\u00ed stromky s 2D, 3D, \u010di dokonce 100 % 3D jehli\u010d\u00edm, je\u017e udr\u017e\u00ed mnoho Va\u0161ich obl\u00edben\u00fdch ozdob. Nikdy jste o takov\u00e9m ozna\u010den\u00ed nesly\u0161eli? P\u0159e\u010dt\u011bte si cel\u00fd n\u00e1\u0161 \u010dl\u00e1nek a zjist\u011bte, \u010d\u00edm se tyto proveden\u00ed od sebe li\u0161\u00ed.<\/p><\/p>\n\n<h3 class=\"wp-block-heading\"><p>UM\u011aL\u00c9 V\u00c1NO\u010cN\u00cd STROMKY S <span class=\"ugb-highlight\" style=\"color: #d90000;\">2D JEHLI\u010c\u00cdM<\/span><\/p><\/h3>\n\n<p><p>A\u010dkoli se v posledn\u00edch letech na trhu objevily\u00a0<strong>um\u011bl\u00e9 v\u00e1no\u010dn\u00ed stromky<\/strong>\u00a0s 3D jehli\u010d\u00edm, jejich p\u0159edch\u016fdci jsou u na\u0161ich z\u00e1kazn\u00edk\u016f st\u00e1le ve velk\u00e9 oblib\u011b. A nen\u00ed se \u010demu divit, jedn\u00e1 se o velmi kvalitn\u00ed proveden\u00ed. Um\u011bl\u00e9 strome\u010dky z\u00a0klasick\u00e9ho 2D jehli\u010d\u00ed\u00a0jsou vyr\u00e1b\u011bny z nast\u0159\u00edhan\u00fdch\u00a0<strong>PVC f\u00f3li\u00ed<\/strong>\u00a0po\u017eadovan\u00fdch d\u00e9lek, tvar\u016f a hustot, kter\u00e9 se d\u00e1le precizn\u011b zpracov\u00e1vaj\u00ed. Pokud hled\u00e1te levn\u011bj\u0161\u00ed, av\u0161ak hezkou variantu v\u00e1no\u010dn\u00edho strome\u010dku, jsou pro V\u00e1s stromky s 2D jehli\u010d\u00edm tou\u00a0<strong>nejlep\u0161\u00ed volbou<\/strong>!<\/p><\/p>\n\n<div style=\"height:20px\" aria-hidden=\"true\" class=\"wp-block-spacer\"><\/div>\n\n<figure class=\"wp-block-gallery columns-3 is-cropped wp-block-gallery-1 is-layout-flex wp-block-gallery-is-layout-flex\"><ul class=\"blocks-gallery-grid\"><li class=\"blocks-gallery-item\"><figure><img decoding=\"async\" width=\"600\" height=\"400\" src=\"https:\/\/mojstromcek.sk\/wp-content\/uploads\/2021\/04\/201_borovice_s_bilymi_konecky_9-600x400-1.jpeg\" alt=\"\" data-id=\"16504\" data-full-url=\"https:\/\/mojstromcek.sk\/wp-content\/uploads\/2021\/04\/201_borovice_s_bilymi_konecky_9-600x400-1.jpeg\" data-link=\"https:\/\/old2024.mujstromecek.cz\/2d-3d-a-100-3d-jehlici-jaky-je-mezi-nimi-rozdil\/201_borovice_s_bilymi_konecky_9-600x400-1\/\" class=\"wp-image-16504\" srcset=\"https:\/\/old2024.mujstromecek.cz\/wp-content\/uploads\/2021\/04\/201_borovice_s_bilymi_konecky_9-600x400-1.jpeg 600w, https:\/\/old2024.mujstromecek.cz\/wp-content\/uploads\/2021\/04\/201_borovice_s_bilymi_konecky_9-600x400-1-300x200.jpeg 300w\" sizes=\"(max-width: 600px) 100vw, 600px\" \/><\/figure><\/li><li class=\"blocks-gallery-item\"><figure><img decoding=\"async\" width=\"600\" height=\"400\" src=\"https:\/\/mojstromcek.sk\/wp-content\/uploads\/2021\/04\/202_borovice_se_zelenymi_konecky_8-600x400-1.jpeg\" alt=\"\" data-id=\"16510\" data-full-url=\"https:\/\/mojstromcek.sk\/wp-content\/uploads\/2021\/04\/202_borovice_se_zelenymi_konecky_8-600x400-1.jpeg\" data-link=\"https:\/\/old2024.mujstromecek.cz\/2d-3d-a-100-3d-jehlici-jaky-je-mezi-nimi-rozdil\/202_borovice_se_zelenymi_konecky_8-600x400-1\/\" class=\"wp-image-16510\" srcset=\"https:\/\/old2024.mujstromecek.cz\/wp-content\/uploads\/2021\/04\/202_borovice_se_zelenymi_konecky_8-600x400-1.jpeg 600w, https:\/\/old2024.mujstromecek.cz\/wp-content\/uploads\/2021\/04\/202_borovice_se_zelenymi_konecky_8-600x400-1-300x200.jpeg 300w\" sizes=\"(max-width: 600px) 100vw, 600px\" \/><\/figure><\/li><li class=\"blocks-gallery-item\"><figure><img decoding=\"async\" width=\"600\" height=\"400\" src=\"https:\/\/mojstromcek.sk\/wp-content\/uploads\/2021\/04\/203_smrk_norsky_4-600x400-1.jpeg\" alt=\"\" data-id=\"16516\" data-full-url=\"https:\/\/mojstromcek.sk\/wp-content\/uploads\/2021\/04\/203_smrk_norsky_4-600x400-1.jpeg\" data-link=\"https:\/\/old2024.mujstromecek.cz\/2d-3d-a-100-3d-jehlici-jaky-je-mezi-nimi-rozdil\/203_smrk_norsky_4-600x400-1\/\" class=\"wp-image-16516\" srcset=\"https:\/\/old2024.mujstromecek.cz\/wp-content\/uploads\/2021\/04\/203_smrk_norsky_4-600x400-1.jpeg 600w, https:\/\/old2024.mujstromecek.cz\/wp-content\/uploads\/2021\/04\/203_smrk_norsky_4-600x400-1-300x200.jpeg 300w\" sizes=\"(max-width: 600px) 100vw, 600px\" \/><\/figure><\/li><\/ul><\/figure>\n<h3 class=\"wp-block-heading\"><p>UM\u011aL\u00c9 V\u00c1NO\u010cN\u00cd STROMKY S <span class=\"ugb-highlight\" style=\"color: #d90000;\">3D JEHLI\u010c\u00cdM<\/span><\/p><\/h3>\n\n<p><p>V\u00fdroba um\u011bl\u00fdch v\u00e1no\u010dn\u00edch stromk\u016f\u00a0z m\u011bkk\u00e9ho 3D jehli\u010d\u00ed\u00a0je o n\u011bco slo\u017eit\u011bj\u0161\u00ed a je zapot\u0159eb\u00ed nejnov\u011bj\u0161\u00edch technologi\u00ed a v\u00fdrobn\u00edch postup\u016f.\u00a0<strong>V\u00e1no\u010dn\u00ed strome\u010dky<\/strong>\u00a0s ozna\u010den\u00edm \u201c3D jehli\u010d\u00ed\u201c maj\u00ed viditeln\u00e9 konce jehli\u010d\u00ed vyroben\u00e9 z kvalitn\u00edch\u00a0<strong>PE materi\u00e1l\u016f<\/strong>, je\u017e se odl\u00e9vaj\u00ed do forem a vznikaj\u00ed tak cel\u00e9 \u010d\u00e1sti v\u011btvi\u010dek. Ve st\u0159edov\u00e9 \u010d\u00e1sti strome\u010dk\u016f se nach\u00e1z\u00ed klasick\u00e9 jehli\u010d\u00ed z\u00a0<strong>PVC<\/strong>. Tato\u00a0<strong>kombinace materi\u00e1l\u016f<\/strong>\u00a0doc\u00edl\u00ed v\u011bt\u0161\u00ed bohatosti v\u011btvi\u010dek a cenov\u00e9 dostupnosti. Um\u011bl\u00fd strome\u010dek s 3D jehli\u010d\u00edm bude vypadat velmi re\u00e1ln\u011b a sv\u00fdm vzhledem ohrom\u00ed p\u0159\u00e1tele a bl\u00edzk\u00e9, kte\u0159\u00ed z Va\u0161eho strome\u010dku nespust\u00ed o\u010di!<\/p><\/p>\n\n<h3 class=\"wp-block-heading\"><p>Rozd\u00edl <span class=\"ugb-highlight\" style=\"color: #d90000;\">3D PREMIUM<\/span> vs <span class=\"ugb-highlight\" style=\"color: #d90000;\">3D EXCLUSIVE<\/span><\/p><\/h3>\n\n<p>Ob\u011b kolekce obsahuj\u00ed kombinaci PE a PVC materi\u00e1lu, kolekce 3D premium ma vy\u0161\u0161\u00ed pom\u011br zastoupen\u00ed PE v\u011btvi\u010dek ne\u017e kolekce 3D Exclusive.<\/p>\n\n<div style=\"height:20px\" aria-hidden=\"true\" class=\"wp-block-spacer\"><\/div>\n\n<figure class=\"wp-block-gallery columns-3 is-cropped wp-block-gallery-2 is-layout-flex wp-block-gallery-is-layout-flex\"><ul class=\"blocks-gallery-grid\"><li class=\"blocks-gallery-item\"><figure><img decoding=\"async\" width=\"600\" height=\"400\" src=\"https:\/\/mojstromcek.sk\/wp-content\/uploads\/2021\/04\/206_borovice_himalajska_5-600x400-1.jpeg\" alt=\"\" data-id=\"16522\" data-full-url=\"https:\/\/mojstromcek.sk\/wp-content\/uploads\/2021\/04\/206_borovice_himalajska_5-600x400-1.jpeg\" data-link=\"https:\/\/old2024.mujstromecek.cz\/2d-3d-a-100-3d-jehlici-jaky-je-mezi-nimi-rozdil\/206_borovice_himalajska_5-600x400-1\/\" class=\"wp-image-16522\" srcset=\"https:\/\/old2024.mujstromecek.cz\/wp-content\/uploads\/2021\/04\/206_borovice_himalajska_5-600x400-1.jpeg 600w, https:\/\/old2024.mujstromecek.cz\/wp-content\/uploads\/2021\/04\/206_borovice_himalajska_5-600x400-1-300x200.jpeg 300w\" sizes=\"(max-width: 600px) 100vw, 600px\" \/><\/figure><\/li><li class=\"blocks-gallery-item\"><figure><img decoding=\"async\" width=\"600\" height=\"400\" src=\"https:\/\/mojstromcek.sk\/wp-content\/uploads\/2021\/04\/208_jedle_kavkazska_5-600x400-1.jpeg\" alt=\"\" data-id=\"16528\" data-full-url=\"https:\/\/mojstromcek.sk\/wp-content\/uploads\/2021\/04\/208_jedle_kavkazska_5-600x400-1.jpeg\" data-link=\"https:\/\/old2024.mujstromecek.cz\/2d-3d-a-100-3d-jehlici-jaky-je-mezi-nimi-rozdil\/208_jedle_kavkazska_5-600x400-1\/\" class=\"wp-image-16528\" srcset=\"https:\/\/old2024.mujstromecek.cz\/wp-content\/uploads\/2021\/04\/208_jedle_kavkazska_5-600x400-1.jpeg 600w, https:\/\/old2024.mujstromecek.cz\/wp-content\/uploads\/2021\/04\/208_jedle_kavkazska_5-600x400-1-300x200.jpeg 300w\" sizes=\"(max-width: 600px) 100vw, 600px\" \/><\/figure><\/li><li class=\"blocks-gallery-item\"><figure><img decoding=\"async\" width=\"600\" height=\"400\" src=\"https:\/\/mojstromcek.sk\/wp-content\/uploads\/2021\/04\/211_smrk_himalajsky_4-600x400-1.jpeg\" alt=\"\" data-id=\"16534\" data-full-url=\"https:\/\/mojstromcek.sk\/wp-content\/uploads\/2021\/04\/211_smrk_himalajsky_4-600x400-1.jpeg\" data-link=\"https:\/\/old2024.mujstromecek.cz\/2d-3d-a-100-3d-jehlici-jaky-je-mezi-nimi-rozdil\/211_smrk_himalajsky_4-600x400-1\/\" class=\"wp-image-16534\" srcset=\"https:\/\/old2024.mujstromecek.cz\/wp-content\/uploads\/2021\/04\/211_smrk_himalajsky_4-600x400-1.jpeg 600w, https:\/\/old2024.mujstromecek.cz\/wp-content\/uploads\/2021\/04\/211_smrk_himalajsky_4-600x400-1-300x200.jpeg 300w\" sizes=\"(max-width: 600px) 100vw, 600px\" \/><\/figure><\/li><\/ul><\/figure>\n<h3 class=\"wp-block-heading\"><p>UM\u011aL\u00c9 V\u00c1NO\u010cN\u00cd STROMKY S <span class=\"ugb-highlight\" style=\"color: #d90000;\">100% 3D JEHLI\u010c\u00cdM<\/span><\/p><\/h3>\n\n<p>V\u00e1no\u010dn\u00ed strome\u010dky s ozna\u010den\u00edm \u201c100 % 3D jehli\u010d\u00ed\u201c jsou cel\u00e9 zkompletov\u00e1ny z 3D odlitk\u016f (kvalitn\u00edch PE materi\u00e1l\u016f). N\u00e1\u0161 NEJEXKLUZIVN\u011aJ\u0160\u00cd strome\u010dek je ze 100 % tvo\u0159en\u00fd 3D jehli\u010d\u00edm. D\u00edky 3D jehli\u010d\u00ed nejvy\u0161\u0161\u00ed kvality je naprosto k nerozeznateln\u00ed od \u017eiv\u00e9ho strome\u010dku. Perfektn\u011b se hod\u00ed se do luxusn\u00edch i tradi\u010dn\u00edch interi\u00e9r\u016f. Unik\u00e1tn\u00ed vzhled strome\u010dk\u016f z nejvy\u0161\u0161\u00ed kolekce DIAMOND zaji\u0161\u0165uje n\u00e1\u0161 zku\u0161en\u00fd t\u00fdm produktov\u00fdch design\u00e9r\u016f. Strome\u010dek vykouzl\u00ed ve va\u0161em domov\u011b sv\u00fdm LUXUSN\u00cdM VZHLEDEM tu pravou V\u00e1no\u010dn\u00ed atmosf\u00e9ru. M\u016f\u017eete si jej ozdobit libovoln\u011b, dle Va\u0161eho vkusu. Produkty z kolekce DIAMOND naleznete zde:<\/p>\n\n<ul class=\"wp-block-list\"><li><p><a href=\"https:\/\/old2024.mujstromecek.cz\/p\/smrk-skandinavsky-180-cm\">Smrk Skandin\u00e1vsk\u00fd 180 cm<\/a><\/p><\/li><li><p><a href=\"https:\/\/old2024.mujstromecek.cz\/p\/smrk-skandinavsky-220-cm\">Smrk Skandin\u00e1vsk\u00fd 220 cm<\/a><\/p><\/li><li><p><a href=\"https:\/\/old2024.mujstromecek.cz\/p\/smrk-skandinavsky-250-cm\">Smrk Skandin\u00e1vsk\u00fd 250 cm<\/a><\/p><\/li><\/ul>\n<div style=\"height:40px\" aria-hidden=\"true\" class=\"wp-block-spacer\"><\/div>\n\n<figure class=\"wp-block-gallery columns-3 is-cropped wp-block-gallery-3 is-layout-flex wp-block-gallery-is-layout-flex\"><ul class=\"blocks-gallery-grid\"><li class=\"blocks-gallery-item\"><figure><img decoding=\"async\" width=\"600\" height=\"400\" src=\"https:\/\/mojstromcek.sk\/wp-content\/uploads\/2021\/04\/212_smrk_skandinavsky_3-600x400-1.jpeg\" alt=\"\" data-id=\"16541\" data-full-url=\"https:\/\/mojstromcek.sk\/wp-content\/uploads\/2021\/04\/212_smrk_skandinavsky_3-600x400-1.jpeg\" data-link=\"https:\/\/old2024.mujstromecek.cz\/2d-3d-a-100-3d-jehlici-jaky-je-mezi-nimi-rozdil\/212_smrk_skandinavsky_3-600x400-1\/\" class=\"wp-image-16541\" srcset=\"https:\/\/old2024.mujstromecek.cz\/wp-content\/uploads\/2021\/04\/212_smrk_skandinavsky_3-600x400-1.jpeg 600w, https:\/\/old2024.mujstromecek.cz\/wp-content\/uploads\/2021\/04\/212_smrk_skandinavsky_3-600x400-1-300x200.jpeg 300w\" sizes=\"(max-width: 600px) 100vw, 600px\" \/><\/figure><\/li><li class=\"blocks-gallery-item\"><figure><img decoding=\"async\" width=\"600\" height=\"400\" src=\"https:\/\/mojstromcek.sk\/wp-content\/uploads\/2021\/04\/212_smrk_skandinavsky_5-600x400-1.jpeg\" alt=\"\" data-id=\"16547\" data-full-url=\"https:\/\/mojstromcek.sk\/wp-content\/uploads\/2021\/04\/212_smrk_skandinavsky_5-600x400-1.jpeg\" data-link=\"https:\/\/old2024.mujstromecek.cz\/2d-3d-a-100-3d-jehlici-jaky-je-mezi-nimi-rozdil\/212_smrk_skandinavsky_5-600x400-1\/\" class=\"wp-image-16547\" srcset=\"https:\/\/old2024.mujstromecek.cz\/wp-content\/uploads\/2021\/04\/212_smrk_skandinavsky_5-600x400-1.jpeg 600w, https:\/\/old2024.mujstromecek.cz\/wp-content\/uploads\/2021\/04\/212_smrk_skandinavsky_5-600x400-1-300x200.jpeg 300w\" sizes=\"(max-width: 600px) 100vw, 600px\" \/><\/figure><\/li><li class=\"blocks-gallery-item\"><figure><img decoding=\"async\" width=\"600\" height=\"400\" src=\"https:\/\/mojstromcek.sk\/wp-content\/uploads\/2021\/04\/212_smrk_skandinavsky_6-600x400-1.jpeg\" alt=\"\" data-id=\"16553\" data-full-url=\"https:\/\/mojstromcek.sk\/wp-content\/uploads\/2021\/04\/212_smrk_skandinavsky_6-600x400-1.jpeg\" data-link=\"https:\/\/old2024.mujstromecek.cz\/2d-3d-a-100-3d-jehlici-jaky-je-mezi-nimi-rozdil\/212_smrk_skandinavsky_6-600x400-1\/\" class=\"wp-image-16553\" srcset=\"https:\/\/old2024.mujstromecek.cz\/wp-content\/uploads\/2021\/04\/212_smrk_skandinavsky_6-600x400-1.jpeg 600w, https:\/\/old2024.mujstromecek.cz\/wp-content\/uploads\/2021\/04\/212_smrk_skandinavsky_6-600x400-1-300x200.jpeg 300w\" sizes=\"(max-width: 600px) 100vw, 600px\" \/><\/figure><\/li><\/ul><\/figure>","protected":false},"excerpt":{"rendered":"<p>Doby, kdy\u00a0um\u011bl\u00fd v\u00e1no\u010dn\u00ed strome\u010dek\u00a0p\u0159ipom\u00ednal jen zdaleka ten re\u00e1ln\u00fd, jsou u\u017e d\u00e1vno pry\u010d! N\u00e1\u0161 internetov\u00fd obchod nab\u00edz\u00ed v\u00e1no\u010dn\u00ed stromky, kter\u00e9 jsou t\u00e9m\u011b\u0159 dokonalou kopi\u00ed stromk\u016f \u017eiv\u00fdch, a to p\u0159edev\u0161\u00edm d\u00edky realistick\u00fdm, hust\u011b vrstven\u00fdm v\u011btvi\u010dk\u00e1m z t\u011bch nejkvalitn\u011bj\u0161\u00edch PE (polyetylen) a PVC (polyvinylchlorid) materi\u00e1l\u016f. Vybrat si m\u016f\u017eete v\u00e1no\u010dn\u00ed stromky s 2D, 3D, \u010di dokonce 100 % 3D [&hellip;]<\/p>\n","protected":false},"author":2,"featured_media":0,"parent":0,"menu_order":0,"comment_status":"closed","ping_status":"closed","template":"","meta":{"footnotes":""},"class_list":["post-8303","page","type-page","status-publish","hentry"],"featured_image_urls":{"full":"","thumbnail":"","medium":"","medium_large":"","large":"","1536x1536":"","2048x2048":"","woocommerce_thumbnail":"","woocommerce_single":"","woocommerce_gallery_thumbnail":""},"post_excerpt_stackable":"<p>Doby, kdy\u00a0um\u011bl\u00fd v\u00e1no\u010dn\u00ed strome\u010dek\u00a0p\u0159ipom\u00ednal jen zdaleka ten re\u00e1ln\u00fd, jsou u\u017e d\u00e1vno pry\u010d! N\u00e1\u0161 internetov\u00fd obchod nab\u00edz\u00ed v\u00e1no\u010dn\u00ed stromky, kter\u00e9 jsou t\u00e9m\u011b\u0159 dokonalou kopi\u00ed stromk\u016f \u017eiv\u00fdch, a to p\u0159edev\u0161\u00edm d\u00edky realistick\u00fdm, hust\u011b vrstven\u00fdm v\u011btvi\u010dk\u00e1m z t\u011bch nejkvalitn\u011bj\u0161\u00edch PE (polyetylen) a PVC (polyvinylchlorid) materi\u00e1l\u016f. Vybrat si m\u016f\u017eete v\u00e1no\u010dn\u00ed stromky s 2D, 3D, \u010di dokonce 100 % 3D jehli\u010d\u00edm, je\u017e udr\u017e\u00ed mnoho Va\u0161ich obl\u00edben\u00fdch ozdob. Nikdy jste o takov\u00e9m ozna\u010den\u00ed nesly\u0161eli? P\u0159e\u010dt\u011bte si cel\u00fd n\u00e1\u0161 \u010dl\u00e1nek a zjist\u011bte, \u010d\u00edm se tyto proveden\u00ed od sebe li\u0161\u00ed. UM\u011aL\u00c9 V\u00c1NO\u010cN\u00cd STROMKY S 2D JEHLI\u010c\u00cdM A\u010dkoli se v posledn\u00edch letech na trhu objevily\u00a0um\u011bl\u00e9 v\u00e1no\u010dn\u00ed stromky\u00a0s 3D jehli\u010d\u00edm,&hellip;<\/p>\n","category_list":"","author_info":{"name":"Jan Hanzl","url":"https:\/\/old2024.mujstromecek.cz\/hr\/author\/jan\/"},"comments_num":"0 comments","featured_image_urls_v2":{"full":"","thumbnail":"","medium":"","medium_large":"","large":"","1536x1536":"","2048x2048":"","woocommerce_thumbnail":"","woocommerce_single":"","woocommerce_gallery_thumbnail":""},"post_excerpt_stackable_v2":"<p>Doby, kdy\u00a0um\u011bl\u00fd v\u00e1no\u010dn\u00ed strome\u010dek\u00a0p\u0159ipom\u00ednal jen zdaleka ten re\u00e1ln\u00fd, jsou u\u017e d\u00e1vno pry\u010d! N\u00e1\u0161 internetov\u00fd obchod nab\u00edz\u00ed v\u00e1no\u010dn\u00ed stromky, kter\u00e9 jsou t\u00e9m\u011b\u0159 dokonalou kopi\u00ed stromk\u016f \u017eiv\u00fdch, a to p\u0159edev\u0161\u00edm d\u00edky realistick\u00fdm, hust\u011b vrstven\u00fdm v\u011btvi\u010dk\u00e1m z t\u011bch nejkvalitn\u011bj\u0161\u00edch PE (polyetylen) a PVC (polyvinylchlorid) materi\u00e1l\u016f. Vybrat si m\u016f\u017eete v\u00e1no\u010dn\u00ed stromky s 2D, 3D, \u010di dokonce 100 % 3D jehli\u010d\u00edm, je\u017e udr\u017e\u00ed mnoho Va\u0161ich obl\u00edben\u00fdch ozdob. Nikdy jste o takov\u00e9m ozna\u010den\u00ed nesly\u0161eli? P\u0159e\u010dt\u011bte si cel\u00fd n\u00e1\u0161 \u010dl\u00e1nek a zjist\u011bte, \u010d\u00edm se tyto proveden\u00ed od sebe li\u0161\u00ed. UM\u011aL\u00c9 V\u00c1NO\u010cN\u00cd STROMKY S 2D JEHLI\u010c\u00cdM A\u010dkoli se v posledn\u00edch letech na trhu objevily\u00a0um\u011bl\u00e9 v\u00e1no\u010dn\u00ed stromky\u00a0s 3D jehli\u010d\u00edm,&hellip;<\/p>\n","category_list_v2":"","author_info_v2":{"name":"Jan Hanzl","url":"https:\/\/old2024.mujstromecek.cz\/hr\/author\/jan\/"},"comments_num_v2":"0 comments","yoast_head":"<!-- This site is optimized with the Yoast SEO plugin v21.1 - https:\/\/yoast.com\/wordpress\/plugins\/seo\/ -->\n<title>2D in 3D igle. Kak\u0161na je razlika med njimi? - bozicnadrvca.hr<\/title>\n<meta name=\"robots\" content=\"noindex, follow, max-snippet:-1, max-image-preview:large, max-video-preview:-1\" \/>\n<meta property=\"og:locale\" content=\"hr_HR\" \/>\n<meta property=\"og:type\" content=\"article\" \/>\n<meta property=\"og:title\" content=\"2D in 3D igle. Kak\u0161na je razlika med njimi? - bozicnadrvca.hr\" \/>\n<meta property=\"og:description\" content=\"Doby, kdy\u00a0um\u011bl\u00fd v\u00e1no\u010dn\u00ed strome\u010dek\u00a0p\u0159ipom\u00ednal jen zdaleka ten re\u00e1ln\u00fd, jsou u\u017e d\u00e1vno pry\u010d! N\u00e1\u0161 internetov\u00fd obchod nab\u00edz\u00ed v\u00e1no\u010dn\u00ed stromky, kter\u00e9 jsou t\u00e9m\u011b\u0159 dokonalou kopi\u00ed stromk\u016f \u017eiv\u00fdch, a to p\u0159edev\u0161\u00edm d\u00edky realistick\u00fdm, hust\u011b vrstven\u00fdm v\u011btvi\u010dk\u00e1m z t\u011bch nejkvalitn\u011bj\u0161\u00edch PE (polyetylen) a PVC (polyvinylchlorid) materi\u00e1l\u016f. Vybrat si m\u016f\u017eete v\u00e1no\u010dn\u00ed stromky s 2D, 3D, \u010di dokonce 100 % 3D [&hellip;]\" \/>\n<meta property=\"og:url\" content=\"https:\/\/old2024.mujstromecek.cz\/hr\/2d-in-3d-igle-kaksna-je-razlika-med-njimi\/\" \/>\n<meta property=\"og:site_name\" content=\"bozicnadrvca.hr\" \/>\n<meta property=\"article:modified_time\" content=\"2021-04-30T12:26:34+00:00\" \/>\n<meta property=\"og:image\" content=\"https:\/\/mojstromcek.sk\/wp-content\/uploads\/2021\/04\/201_borovice_s_bilymi_konecky_9-600x400-1.jpeg\" \/>\n<meta name=\"twitter:card\" content=\"summary_large_image\" \/>\n<meta name=\"twitter:label1\" content=\"Procijenjeno vrijeme \u010ditanja\" \/>\n\t<meta name=\"twitter:data1\" content=\"3 minute\" \/>\n<script type=\"application\/ld+json\" class=\"yoast-schema-graph\">{\"@context\":\"https:\/\/schema.org\",\"@graph\":[{\"@type\":\"WebPage\",\"@id\":\"https:\/\/old2024.mujstromecek.cz\/hr\/2d-in-3d-igle-kaksna-je-razlika-med-njimi\/\",\"url\":\"https:\/\/old2024.mujstromecek.cz\/hr\/2d-in-3d-igle-kaksna-je-razlika-med-njimi\/\",\"name\":\"2D in 3D igle. Kak\u0161na je razlika med njimi? - bozicnadrvca.hr\",\"isPartOf\":{\"@id\":\"https:\/\/mojstromcek.sk\/#website\"},\"datePublished\":\"2020-07-17T07:36:31+00:00\",\"dateModified\":\"2021-04-30T12:26:34+00:00\",\"breadcrumb\":{\"@id\":\"https:\/\/old2024.mujstromecek.cz\/hr\/2d-in-3d-igle-kaksna-je-razlika-med-njimi\/#breadcrumb\"},\"inLanguage\":\"hr\",\"potentialAction\":[{\"@type\":\"ReadAction\",\"target\":[\"https:\/\/old2024.mujstromecek.cz\/hr\/2d-in-3d-igle-kaksna-je-razlika-med-njimi\/\"]}]},{\"@type\":\"BreadcrumbList\",\"@id\":\"https:\/\/old2024.mujstromecek.cz\/hr\/2d-in-3d-igle-kaksna-je-razlika-med-njimi\/#breadcrumb\",\"itemListElement\":[{\"@type\":\"ListItem\",\"position\":1,\"name\":\"Dom\u016f\",\"item\":\"https:\/\/old2024.mujstromecek.cz\/hr\/\"},{\"@type\":\"ListItem\",\"position\":2,\"name\":\"2D in 3D igle. Kak\u0161na je razlika med njimi?\"}]},{\"@type\":\"WebSite\",\"@id\":\"https:\/\/mojstromcek.sk\/#website\",\"url\":\"https:\/\/mojstromcek.sk\/\",\"name\":\"bozicnadrvca.hr\",\"description\":\"Umjetna bo\u017ei\u0107na drvca\",\"potentialAction\":[{\"@type\":\"SearchAction\",\"target\":{\"@type\":\"EntryPoint\",\"urlTemplate\":\"https:\/\/mojstromcek.sk\/?s={search_term_string}\"},\"query-input\":\"required name=search_term_string\"}],\"inLanguage\":\"hr\"}]}<\/script>\n<!-- \/ Yoast SEO plugin. -->","yoast_head_json":{"title":"2D in 3D igle. Kak\u0161na je razlika med njimi? - bozicnadrvca.hr","robots":{"index":"noindex","follow":"follow","max-snippet":"max-snippet:-1","max-image-preview":"max-image-preview:large","max-video-preview":"max-video-preview:-1"},"og_locale":"hr_HR","og_type":"article","og_title":"2D in 3D igle. Kak\u0161na je razlika med njimi? - bozicnadrvca.hr","og_description":"Doby, kdy\u00a0um\u011bl\u00fd v\u00e1no\u010dn\u00ed strome\u010dek\u00a0p\u0159ipom\u00ednal jen zdaleka ten re\u00e1ln\u00fd, jsou u\u017e d\u00e1vno pry\u010d! N\u00e1\u0161 internetov\u00fd obchod nab\u00edz\u00ed v\u00e1no\u010dn\u00ed stromky, kter\u00e9 jsou t\u00e9m\u011b\u0159 dokonalou kopi\u00ed stromk\u016f \u017eiv\u00fdch, a to p\u0159edev\u0161\u00edm d\u00edky realistick\u00fdm, hust\u011b vrstven\u00fdm v\u011btvi\u010dk\u00e1m z t\u011bch nejkvalitn\u011bj\u0161\u00edch PE (polyetylen) a PVC (polyvinylchlorid) materi\u00e1l\u016f. Vybrat si m\u016f\u017eete v\u00e1no\u010dn\u00ed stromky s 2D, 3D, \u010di dokonce 100 % 3D [&hellip;]","og_url":"https:\/\/old2024.mujstromecek.cz\/hr\/2d-in-3d-igle-kaksna-je-razlika-med-njimi\/","og_site_name":"bozicnadrvca.hr","article_modified_time":"2021-04-30T12:26:34+00:00","og_image":[{"url":"https:\/\/mojstromcek.sk\/wp-content\/uploads\/2021\/04\/201_borovice_s_bilymi_konecky_9-600x400-1.jpeg"}],"twitter_card":"summary_large_image","twitter_misc":{"Procijenjeno vrijeme \u010ditanja":"3 minute"},"schema":{"@context":"https:\/\/schema.org","@graph":[{"@type":"WebPage","@id":"https:\/\/old2024.mujstromecek.cz\/hr\/2d-in-3d-igle-kaksna-je-razlika-med-njimi\/","url":"https:\/\/old2024.mujstromecek.cz\/hr\/2d-in-3d-igle-kaksna-je-razlika-med-njimi\/","name":"2D in 3D igle. Kak\u0161na je razlika med njimi? - bozicnadrvca.hr","isPartOf":{"@id":"https:\/\/mojstromcek.sk\/#website"},"datePublished":"2020-07-17T07:36:31+00:00","dateModified":"2021-04-30T12:26:34+00:00","breadcrumb":{"@id":"https:\/\/old2024.mujstromecek.cz\/hr\/2d-in-3d-igle-kaksna-je-razlika-med-njimi\/#breadcrumb"},"inLanguage":"hr","potentialAction":[{"@type":"ReadAction","target":["https:\/\/old2024.mujstromecek.cz\/hr\/2d-in-3d-igle-kaksna-je-razlika-med-njimi\/"]}]},{"@type":"BreadcrumbList","@id":"https:\/\/old2024.mujstromecek.cz\/hr\/2d-in-3d-igle-kaksna-je-razlika-med-njimi\/#breadcrumb","itemListElement":[{"@type":"ListItem","position":1,"name":"Dom\u016f","item":"https:\/\/old2024.mujstromecek.cz\/hr\/"},{"@type":"ListItem","position":2,"name":"2D in 3D igle. Kak\u0161na je razlika med njimi?"}]},{"@type":"WebSite","@id":"https:\/\/mojstromcek.sk\/#website","url":"https:\/\/mojstromcek.sk\/","name":"bozicnadrvca.hr","description":"Umjetna bo\u017ei\u0107na drvca","potentialAction":[{"@type":"SearchAction","target":{"@type":"EntryPoint","urlTemplate":"https:\/\/mojstromcek.sk\/?s={search_term_string}"},"query-input":"required name=search_term_string"}],"inLanguage":"hr"}]}},"_links":{"self":[{"href":"https:\/\/old2024.mujstromecek.cz\/hr\/wp-json\/wp\/v2\/pages\/8303","targetHints":{"allow":["GET"]}}],"collection":[{"href":"https:\/\/old2024.mujstromecek.cz\/hr\/wp-json\/wp\/v2\/pages"}],"about":[{"href":"https:\/\/old2024.mujstromecek.cz\/hr\/wp-json\/wp\/v2\/types\/page"}],"author":[{"embeddable":true,"href":"https:\/\/old2024.mujstromecek.cz\/hr\/wp-json\/wp\/v2\/users\/2"}],"replies":[{"embeddable":true,"href":"https:\/\/old2024.mujstromecek.cz\/hr\/wp-json\/wp\/v2\/comments?post=8303"}],"version-history":[{"count":0,"href":"https:\/\/old2024.mujstromecek.cz\/hr\/wp-json\/wp\/v2\/pages\/8303\/revisions"}],"wp:attachment":[{"href":"https:\/\/old2024.mujstromecek.cz\/hr\/wp-json\/wp\/v2\/media?parent=8303"}],"curies":[{"name":"wp","href":"https:\/\/api.w.org\/{rel}","templated":true}]}}