{"id":7990,"date":"2020-07-15T21:06:28","date_gmt":"2020-07-15T21:06:28","guid":{"rendered":"https:\/\/mujstromecek.cz\/prednosti-kupnje\/"},"modified":"2021-08-10T13:46:28","modified_gmt":"2021-08-10T13:46:28","slug":"prednosti-kupnje","status":"publish","type":"page","link":"https:\/\/old2024.mujstromecek.cz\/hr\/prednosti-kupnje\/","title":{"rendered":"Prednosti kupnje"},"content":{"rendered":"\t\t<div data-elementor-type=\"page\" data-elementor-id=\"92633\" class=\"elementor elementor-92633 elementor-17057\" data-elementor-post-type=\"elementor_library\">\n\t\t\t\t\t\t<div class=\"elementor-inner\">\n\t\t\t\t<div class=\"elementor-section-wrap\">\n\t\t\t\t\t\t\t\t\t<section class=\"elementor-section elementor-top-section elementor-element elementor-element-04db247 elementor-section-boxed elementor-section-height-default elementor-section-height-default\" data-id=\"04db247\" data-element_type=\"section\">\n\t\t\t\t\t\t<div class=\"elementor-container elementor-column-gap-default\">\n\t\t\t\t\t\t\t<div class=\"elementor-row\">\n\t\t\t\t\t<div class=\"elementor-column elementor-col-100 elementor-top-column elementor-element elementor-element-8d3c07e\" data-id=\"8d3c07e\" data-element_type=\"column\">\n\t\t\t<div class=\"elementor-column-wrap elementor-element-populated\">\n\t\t\t\t\t\t\t<div class=\"elementor-widget-wrap\">\n\t\t\t\t\t\t<div class=\"elementor-element elementor-element-854f821 elementor-icon-list--layout-traditional elementor-list-item-link-full_width elementor-widget elementor-widget-icon-list\" data-id=\"854f821\" data-element_type=\"widget\" data-widget_type=\"icon-list.default\">\n\t\t\t\t<div class=\"elementor-widget-container\">\n\t\t\t\t\t<ul class=\"elementor-icon-list-items\">\n\t\t\t\t\t\t\t<li class=\"elementor-icon-list-item\">\n\t\t\t\t\t\t\t\t\t\t\t<span class=\"elementor-icon-list-icon\">\n\t\t\t\t\t\t\t<svg xmlns=\"http:\/\/www.w3.org\/2000\/svg\" viewBox=\"0 0 23 22\"><defs><style>.a{fill:#d80001;}<\/style><\/defs><path class=\"a\" d=\"M12,23A11,11,0,0,1,12,1a10.7,10.7,0,0,1,4.52,1,1,1,0,1,1-.84,1.82A8.66,8.66,0,0,0,12,3a9,9,0,1,0,9,9v-.9a1,1,0,0,1,2,0V12A11,11,0,0,1,12,23Z\" transform=\"translate(-1 -1)\"><\/path><path class=\"a\" d=\"M12,15a1,1,0,0,1-.71-.29l-3-3a1,1,0,0,1,1.42-1.42L12,12.59,22.29,2.29a1,1,0,1,1,1.42,1.42l-11,11A1,1,0,0,1,12,15Z\" transform=\"translate(-1 -1)\"><\/path><\/svg>\t\t\t\t\t\t<\/span>\n\t\t\t\t\t\t\t\t\t\t<span class=\"elementor-icon-list-text\">Prednosti kupnje kod nas<\/span>\n\t\t\t\t\t\t\t\t\t<\/li>\n\t\t\t\t\t\t<\/ul>\n\t\t\t\t<\/div>\n\t\t\t\t<\/div>\n\t\t\t\t<div class=\"elementor-element elementor-element-de29c52 elementor-widget elementor-widget-image\" data-id=\"de29c52\" data-element_type=\"widget\" data-widget_type=\"image.default\">\n\t\t\t\t<div class=\"elementor-widget-container\">\n\t\t\t\t\t\t\t\t<div class=\"elementor-image\">\n\t\t\t\t\t\t\t\t\t\t\t\t<img decoding=\"async\" width=\"800\" height=\"220\" src=\"https:\/\/old2024.mujstromecek.cz\/wp-content\/uploads\/2021\/05\/vyhody-gb-croped-1024x281.jpg\" class=\"attachment-large size-large wp-image-17070\" alt=\"\" srcset=\"https:\/\/old2024.mujstromecek.cz\/wp-content\/uploads\/2021\/05\/vyhody-gb-croped-1024x281.jpg 1024w, https:\/\/old2024.mujstromecek.cz\/wp-content\/uploads\/2021\/05\/vyhody-gb-croped-300x82.jpg 300w, https:\/\/old2024.mujstromecek.cz\/wp-content\/uploads\/2021\/05\/vyhody-gb-croped-768x211.jpg 768w, https:\/\/old2024.mujstromecek.cz\/wp-content\/uploads\/2021\/05\/vyhody-gb-croped-600x165.jpg 600w, https:\/\/old2024.mujstromecek.cz\/wp-content\/uploads\/2021\/05\/vyhody-gb-croped.jpg 1049w\" sizes=\"(max-width: 800px) 100vw, 800px\" \/>\t\t\t\t\t\t\t\t\t\t\t\t\t\t<\/div>\n\t\t\t\t\t\t<\/div>\n\t\t\t\t<\/div>\n\t\t\t\t\t\t<\/div>\n\t\t\t\t\t<\/div>\n\t\t<\/div>\n\t\t\t\t\t\t\t\t<\/div>\n\t\t\t\t\t<\/div>\n\t\t<\/section>\n\t\t\t\t<section class=\"elementor-section elementor-top-section elementor-element elementor-element-28f26da elementor-section-boxed elementor-section-height-default elementor-section-height-default\" data-id=\"28f26da\" data-element_type=\"section\">\n\t\t\t\t\t\t<div class=\"elementor-container elementor-column-gap-default\">\n\t\t\t\t\t\t\t<div class=\"elementor-row\">\n\t\t\t\t\t<div class=\"elementor-column elementor-col-50 elementor-top-column elementor-element elementor-element-b1a9829\" data-id=\"b1a9829\" data-element_type=\"column\">\n\t\t\t<div class=\"elementor-column-wrap elementor-element-populated\">\n\t\t\t\t\t\t\t<div class=\"elementor-widget-wrap\">\n\t\t\t\t\t\t<div class=\"elementor-element elementor-element-9340861 elementor-icon-list--layout-traditional elementor-list-item-link-full_width elementor-widget elementor-widget-icon-list\" data-id=\"9340861\" data-element_type=\"widget\" data-widget_type=\"icon-list.default\">\n\t\t\t\t<div class=\"elementor-widget-container\">\n\t\t\t\t\t<ul class=\"elementor-icon-list-items\">\n\t\t\t\t\t\t\t<li class=\"elementor-icon-list-item\">\n\t\t\t\t\t\t\t\t\t\t\t<span class=\"elementor-icon-list-icon\">\n\t\t\t\t\t\t\t<svg xmlns=\"http:\/\/www.w3.org\/2000\/svg\" viewBox=\"0 0 22 22\"><defs><style>.a{fill:#d80001;}<\/style><\/defs><path class=\"a\" d=\"M12,23A11,11,0,1,1,23,12,11,11,0,0,1,12,23ZM12,3a9,9,0,1,0,9,9A9,9,0,0,0,12,3Z\" transform=\"translate(-1 -1)\"><\/path><path class=\"a\" d=\"M22,13H2a1,1,0,0,1,0-2H22a1,1,0,0,1,0,2Z\" transform=\"translate(-1 -1)\"><\/path><path class=\"a\" d=\"M12,23a1,1,0,0,1-.73-.32A16.26,16.26,0,0,1,7,12,16.29,16.29,0,0,1,11.27,1.32a1,1,0,0,1,1.46,0A16.26,16.26,0,0,1,17,12a16.29,16.29,0,0,1-4.27,10.71A1,1,0,0,1,12,23ZM12,3.54A14.35,14.35,0,0,0,9,12a14.29,14.29,0,0,0,3,8.43A14.35,14.35,0,0,0,15,12,14.29,14.29,0,0,0,12,3.54Z\" transform=\"translate(-1 -1)\"><\/path><\/svg>\t\t\t\t\t\t<\/span>\n\t\t\t\t\t\t\t\t\t\t<span class=\"elementor-icon-list-text\">Besplatan prijevoz<\/span>\n\t\t\t\t\t\t\t\t\t<\/li>\n\t\t\t\t\t\t<\/ul>\n\t\t\t\t<\/div>\n\t\t\t\t<\/div>\n\t\t\t\t<div class=\"elementor-element elementor-element-e50b5a6 elementor-widget elementor-widget-text-editor\" data-id=\"e50b5a6\" data-element_type=\"widget\" data-widget_type=\"text-editor.default\">\n\t\t\t\t<div class=\"elementor-widget-container\">\n\t\t\t\t\t\t\t\t<div class=\"elementor-text-editor elementor-clearfix\">\n\t\t\t\t<p>Za sva na\u0161a drvca transport \u0161irom \u010ce\u0161ke\/Hrvatske do Va\u0161eg doma je besplatan, dakle, pla\u0107ate samo cijenu drvca i nikakve \u200b\u200bdodatne naknade ili tro\u0161kove . <strong>Zahvaljuju\u0107i<\/strong> <strong>tome<\/strong>, d<strong>obit<\/strong>\u0107ete k<strong>ako<\/strong> drvce udobno i to sve sasvim!<\/p>\t\t\t\t\t<\/div>\n\t\t\t\t\t\t<\/div>\n\t\t\t\t<\/div>\n\t\t\t\t\t\t<\/div>\n\t\t\t\t\t<\/div>\n\t\t<\/div>\n\t\t\t\t<div class=\"elementor-column elementor-col-50 elementor-top-column elementor-element elementor-element-e7c2636\" data-id=\"e7c2636\" data-element_type=\"column\">\n\t\t\t<div class=\"elementor-column-wrap elementor-element-populated\">\n\t\t\t\t\t\t\t<div class=\"elementor-widget-wrap\">\n\t\t\t\t\t\t<div class=\"elementor-element elementor-element-7d635eb elementor-icon-list--layout-traditional elementor-list-item-link-full_width elementor-widget elementor-widget-icon-list\" data-id=\"7d635eb\" data-element_type=\"widget\" data-widget_type=\"icon-list.default\">\n\t\t\t\t<div class=\"elementor-widget-container\">\n\t\t\t\t\t<ul class=\"elementor-icon-list-items\">\n\t\t\t\t\t\t\t<li class=\"elementor-icon-list-item\">\n\t\t\t\t\t\t\t\t\t\t\t<span class=\"elementor-icon-list-icon\">\n\t\t\t\t\t\t\t<svg xmlns=\"http:\/\/www.w3.org\/2000\/svg\" viewBox=\"0 0 18 22\"><defs><style>.a{fill:#d80001;}<\/style><\/defs><path class=\"a\" d=\"M12,23a1,1,0,0,1-.45-.11C11.2,22.72,3,18.54,3,12V4a1,1,0,0,1,.76-1l8-2a1,1,0,0,1,.48,0l8,2A1,1,0,0,1,21,4v8c0,6.54-8.2,10.72-8.55,10.89A1,1,0,0,1,12,23ZM5,4.78V12c0,4.55,5.39,8,7,8.86,1.61-.91,7-4.32,7-8.86V4.78L12,3Z\" transform=\"translate(-3 -1)\"><\/path><\/svg>\t\t\t\t\t\t<\/span>\n\t\t\t\t\t\t\t\t\t\t<span class=\"elementor-icon-list-text\">Zajam\u010dena dostava do Bo\u017ei\u0107a<\/span>\n\t\t\t\t\t\t\t\t\t<\/li>\n\t\t\t\t\t\t<\/ul>\n\t\t\t\t<\/div>\n\t\t\t\t<\/div>\n\t\t\t\t<div class=\"elementor-element elementor-element-22cd101 elementor-widget elementor-widget-text-editor\" data-id=\"22cd101\" data-element_type=\"widget\" data-widget_type=\"text-editor.default\">\n\t\t\t\t<div class=\"elementor-widget-container\">\n\t\t\t\t\t\t\t\t<div class=\"elementor-text-editor elementor-clearfix\">\n\t\t\t\t<p><strong>Ako naru\u010dite do 17.12.2021. godine, garantiramo da \u0107e drvce jo\u0161 uvijek sti\u0107i do Bo\u017ei\u0107a!<\/strong><\/p>\t\t\t\t\t<\/div>\n\t\t\t\t\t\t<\/div>\n\t\t\t\t<\/div>\n\t\t\t\t\t\t<\/div>\n\t\t\t\t\t<\/div>\n\t\t<\/div>\n\t\t\t\t\t\t\t\t<\/div>\n\t\t\t\t\t<\/div>\n\t\t<\/section>\n\t\t\t\t<section class=\"elementor-section elementor-top-section elementor-element elementor-element-c3835ef elementor-section-boxed elementor-section-height-default elementor-section-height-default\" data-id=\"c3835ef\" data-element_type=\"section\">\n\t\t\t\t\t\t<div class=\"elementor-container elementor-column-gap-default\">\n\t\t\t\t\t\t\t<div class=\"elementor-row\">\n\t\t\t\t\t<div class=\"elementor-column elementor-col-50 elementor-top-column elementor-element elementor-element-208f67d\" data-id=\"208f67d\" data-element_type=\"column\">\n\t\t\t<div class=\"elementor-column-wrap elementor-element-populated\">\n\t\t\t\t\t\t\t<div class=\"elementor-widget-wrap\">\n\t\t\t\t\t\t<div class=\"elementor-element elementor-element-8fe96cd elementor-icon-list--layout-traditional elementor-list-item-link-full_width elementor-widget elementor-widget-icon-list\" data-id=\"8fe96cd\" data-element_type=\"widget\" data-widget_type=\"icon-list.default\">\n\t\t\t\t<div class=\"elementor-widget-container\">\n\t\t\t\t\t<ul class=\"elementor-icon-list-items\">\n\t\t\t\t\t\t\t<li class=\"elementor-icon-list-item\">\n\t\t\t\t\t\t\t\t\t\t\t<span class=\"elementor-icon-list-icon\">\n\t\t\t\t\t\t\t<svg xmlns=\"http:\/\/www.w3.org\/2000\/svg\" viewBox=\"0 0 22 21\"><defs><style>.a{fill:#d80001;}<\/style><\/defs><path class=\"a\" d=\"M18.2,22a1.07,1.07,0,0,1-.46-.11l-5.74-3-5.74,3a1,1,0,0,1-1.45-1.06l1.11-6.38L1.31,10a1,1,0,0,1,.55-1.71l6.38-.92L11.1,1.56A1,1,0,0,1,12,1h0a1,1,0,0,1,.9.56l2.86,5.83,6.38.92A1,1,0,0,1,23,9a1,1,0,0,1-.26,1l-4.61,4.43,1.11,6.38a1,1,0,0,1-.4,1A1,1,0,0,1,18.2,22ZM12,16.8a1.07,1.07,0,0,1,.46.11l4.41,2.28L16,14.27a1,1,0,0,1,.3-.89L19.83,10,15,9.29a1,1,0,0,1-.76-.55L12,4.27,9.8,8.74A1,1,0,0,1,9,9.29L4.17,10l3.52,3.38a1,1,0,0,1,.3.89l-.86,4.92,4.41-2.28A1.07,1.07,0,0,1,12,16.8Z\" transform=\"translate(-1 -1)\"><\/path><\/svg>\t\t\t\t\t\t<\/span>\n\t\t\t\t\t\t\t\t\t\t<span class=\"elementor-icon-list-text\">Jamstvo kvalitete<\/span>\n\t\t\t\t\t\t\t\t\t<\/li>\n\t\t\t\t\t\t<\/ul>\n\t\t\t\t<\/div>\n\t\t\t\t<\/div>\n\t\t\t\t<div class=\"elementor-element elementor-element-80daab6 elementor-widget elementor-widget-text-editor\" data-id=\"80daab6\" data-element_type=\"widget\" data-widget_type=\"text-editor.default\">\n\t\t\t\t<div class=\"elementor-widget-container\">\n\t\t\t\t\t\t\t\t<div class=\"elementor-text-editor elementor-clearfix\">\n\t\t\t\t<p>Prilikom proizvodnje umjetnih bo\u017ei\u0107nih drvca, koristimo samo <strong>najkvalitetnije materijale<\/strong> koji jam\u010de <strong>savr\u0161en izgled<\/strong> ve\u0107 dugi niz godina.<\/p><p>Ako ne\u0161to nije u redu, dostavit \u0107emo Vam dijelove koji nedostaju <strong>besplatno<\/strong> ili dogovoriti <strong>prikupljanje i zamjenu o\u0161te\u0107enog drvca<\/strong>. <strong>Ne brinite &#8211; svaki problem mo\u017eemo rije\u0161iti brzo, bez nepotrebnih briga i dodatnih tro\u0161kova!<\/strong><\/p>\t\t\t\t\t<\/div>\n\t\t\t\t\t\t<\/div>\n\t\t\t\t<\/div>\n\t\t\t\t\t\t<\/div>\n\t\t\t\t\t<\/div>\n\t\t<\/div>\n\t\t\t\t<div class=\"elementor-column elementor-col-50 elementor-top-column elementor-element elementor-element-782ab84\" data-id=\"782ab84\" data-element_type=\"column\">\n\t\t\t<div class=\"elementor-column-wrap elementor-element-populated\">\n\t\t\t\t\t\t\t<div class=\"elementor-widget-wrap\">\n\t\t\t\t\t\t<div class=\"elementor-element elementor-element-a20cd01 elementor-icon-list--layout-traditional elementor-list-item-link-full_width elementor-widget elementor-widget-icon-list\" data-id=\"a20cd01\" data-element_type=\"widget\" data-widget_type=\"icon-list.default\">\n\t\t\t\t<div class=\"elementor-widget-container\">\n\t\t\t\t\t<ul class=\"elementor-icon-list-items\">\n\t\t\t\t\t\t\t<li class=\"elementor-icon-list-item\">\n\t\t\t\t\t\t\t\t\t\t\t<span class=\"elementor-icon-list-icon\">\n\t\t\t\t\t\t\t<svg xmlns=\"http:\/\/www.w3.org\/2000\/svg\" viewBox=\"0 0 24 20\"><defs><style>.a{fill:#d80001;}<\/style><\/defs><path class=\"a\" d=\"M17,22a1,1,0,0,1-1-1V19a3,3,0,0,0-3-3H5a3,3,0,0,0-3,3v2a1,1,0,0,1-2,0V19a5,5,0,0,1,5-5h8a5,5,0,0,1,5,5v2A1,1,0,0,1,17,22Z\" transform=\"translate(0 -2)\"><\/path><path class=\"a\" d=\"M9,12a5,5,0,1,1,5-5A5,5,0,0,1,9,12ZM9,4a3,3,0,1,0,3,3A3,3,0,0,0,9,4Z\" transform=\"translate(0 -2)\"><\/path><path class=\"a\" d=\"M23,22a1,1,0,0,1-1-1V19a3,3,0,0,0-2.27-2.94,1,1,0,0,1,.54-1.92A5.09,5.09,0,0,1,24,19v2A1,1,0,0,1,23,22Z\" transform=\"translate(0 -2)\"><\/path><path class=\"a\" d=\"M16,11.9a1,1,0,0,1-.27-2,3.25,3.25,0,0,0,2.21-2.21,3.06,3.06,0,0,0-2.17-3.66,1,1,0,0,1,.46-1.94,5.06,5.06,0,0,1,3.65,6.09,5.27,5.27,0,0,1-3.61,3.64A.84.84,0,0,1,16,11.9Z\" transform=\"translate(0 -2)\"><\/path><\/svg>\t\t\t\t\t\t<\/span>\n\t\t\t\t\t\t\t\t\t\t<span class=\"elementor-icon-list-text\">Zadovoljstvo zajam\u010deno<\/span>\n\t\t\t\t\t\t\t\t\t<\/li>\n\t\t\t\t\t\t<\/ul>\n\t\t\t\t<\/div>\n\t\t\t\t<\/div>\n\t\t\t\t<div class=\"elementor-element elementor-element-3eff480 elementor-widget elementor-widget-text-editor\" data-id=\"3eff480\" data-element_type=\"widget\" data-widget_type=\"text-editor.default\">\n\t\t\t\t<div class=\"elementor-widget-container\">\n\t\t\t\t\t\t\t\t<div class=\"elementor-text-editor elementor-clearfix\">\n\t\t\t\t<p><strong>100.000+<\/strong> na\u0161ih <strong>zadovoljnih kupaca<\/strong> dokaz su da su na\u0161a drvca visoke kvalitete. Na na\u0161oj <a href=\"https:\/\/www.facebook.com\/mujstromecek\/\" target=\"_blank\" rel=\"noopener\">Facebook<\/a> stranici ili na stranicama <a href=\"https:\/\/obchody.heureka.cz\/mujstromecek-cz\/recenze\/\" target=\"_blank\" rel=\"noopener\">Heureka<\/a> mo\u017eete vidjeti kako nas ocjenjuju kupci.<\/p>\t\t\t\t\t<\/div>\n\t\t\t\t\t\t<\/div>\n\t\t\t\t<\/div>\n\t\t\t\t\t\t<\/div>\n\t\t\t\t\t<\/div>\n\t\t<\/div>\n\t\t\t\t\t\t\t\t<\/div>\n\t\t\t\t\t<\/div>\n\t\t<\/section>\n\t\t\t\t<section class=\"elementor-section elementor-top-section elementor-element elementor-element-872a5c5 elementor-section-boxed elementor-section-height-default elementor-section-height-default\" data-id=\"872a5c5\" data-element_type=\"section\">\n\t\t\t\t\t\t<div class=\"elementor-container elementor-column-gap-default\">\n\t\t\t\t\t\t\t<div class=\"elementor-row\">\n\t\t\t\t\t<div class=\"elementor-column elementor-col-50 elementor-top-column elementor-element elementor-element-7155fd6\" data-id=\"7155fd6\" data-element_type=\"column\">\n\t\t\t<div class=\"elementor-column-wrap elementor-element-populated\">\n\t\t\t\t\t\t\t<div class=\"elementor-widget-wrap\">\n\t\t\t\t\t\t<div class=\"elementor-element elementor-element-a0f9e0a elementor-icon-list--layout-traditional elementor-list-item-link-full_width elementor-widget elementor-widget-icon-list\" data-id=\"a0f9e0a\" data-element_type=\"widget\" data-widget_type=\"icon-list.default\">\n\t\t\t\t<div class=\"elementor-widget-container\">\n\t\t\t\t\t<ul class=\"elementor-icon-list-items\">\n\t\t\t\t\t\t\t<li class=\"elementor-icon-list-item\">\n\t\t\t\t\t\t\t\t\t\t\t<span class=\"elementor-icon-list-icon\">\n\t\t\t\t\t\t\t<svg xmlns=\"http:\/\/www.w3.org\/2000\/svg\" viewBox=\"0 0 21.91 21.9\"><defs><style>.a{fill:#d80001;}<\/style><\/defs><path class=\"a\" d=\"M20,22.9h-.2a20,20,0,0,1-9.15-3.26,20.08,20.08,0,0,1-6.3-6.31,21.58,21.58,0,0,1-3.24-9.1,2.88,2.88,0,0,1,.66-2.14A3,3,0,0,1,3.81,1H7.1a3,3,0,0,1,3,2.6,11.35,11.35,0,0,0,.65,2.58,3,3,0,0,1-.64,3.13l-.75.75a14.51,14.51,0,0,0,4.58,4.58l.75-.75a3.08,3.08,0,0,1,3.2-.61,12,12,0,0,0,2.51.63,2.94,2.94,0,0,1,2.6,3v3A3,3,0,0,1,20,22.9ZM3.9,3a1,1,0,0,0-.59.36A.84.84,0,0,0,3.1,4,19.4,19.4,0,0,0,6,12.25,17.9,17.9,0,0,0,11.73,18a18,18,0,0,0,8.17,3H20a1,1,0,0,0,1-1v-3a1,1,0,0,0-.8-1,14.1,14.1,0,0,1-3-.75,1.1,1.1,0,0,0-1.15.22l-1.23,1.24a1,1,0,0,1-1.2.16,16.57,16.57,0,0,1-6.38-6.38,1,1,0,0,1,.16-1.2l1.3-1.3a1,1,0,0,0,.19-1A14.28,14.28,0,0,1,8.1,3.8a1,1,0,0,0-1-.8Z\" transform=\"translate(-1.09 -1)\"><\/path><\/svg>\t\t\t\t\t\t<\/span>\n\t\t\t\t\t\t\t\t\t\t<span class=\"elementor-icon-list-text\">Slu\u017eba za Korisnike<\/span>\n\t\t\t\t\t\t\t\t\t<\/li>\n\t\t\t\t\t\t<\/ul>\n\t\t\t\t<\/div>\n\t\t\t\t<\/div>\n\t\t\t\t<div class=\"elementor-element elementor-element-b09b3d7 elementor-widget elementor-widget-text-editor\" data-id=\"b09b3d7\" data-element_type=\"widget\" data-widget_type=\"text-editor.default\">\n\t\t\t\t<div class=\"elementor-widget-container\">\n\t\t\t\t\t\t\t\t<div class=\"elementor-text-editor elementor-clearfix\">\n\t\t\t\t<p>Svojim kupcima nudimo \u0161iroku paletu popratnih usluga zahvaljuju\u0107i kojima je kupnja vrlo brza i jednostavna. Na\u0161e osoblje rado \u0107e odgovoriti na sva Va\u0161a pitanja ili Vam pomo\u0107i da pravilno izvr\u0161ite svoju narud\u017ebu. Uvijek smo Vam dostupni preko opcije <strong>Chat<\/strong>(u donjem desnom kutu ove stranice) ili putem <strong>e-po\u0161te<\/strong> (<a href=\"mailto:dotazy@mujstromecek.cz\">dotazy@mujstromecek.cz<\/a>) ili na telefon br.: +420 777 470 538 (PON \u2013 PET, od 09:00 \u2013 17:00 sati)<\/p>\t\t\t\t\t<\/div>\n\t\t\t\t\t\t<\/div>\n\t\t\t\t<\/div>\n\t\t\t\t\t\t<\/div>\n\t\t\t\t\t<\/div>\n\t\t<\/div>\n\t\t\t\t<div class=\"elementor-column elementor-col-50 elementor-top-column elementor-element elementor-element-66678a4\" data-id=\"66678a4\" data-element_type=\"column\">\n\t\t\t<div class=\"elementor-column-wrap\">\n\t\t\t\t\t\t\t<div class=\"elementor-widget-wrap\">\n\t\t\t\t\t\t\t\t<\/div>\n\t\t\t\t\t<\/div>\n\t\t<\/div>\n\t\t\t\t\t\t\t\t<\/div>\n\t\t\t\t\t<\/div>\n\t\t<\/section>\n\t\t\t\t\t\t\t\t\t<\/div>\n\t\t\t<\/div>\n\t\t\t\t\t<\/div>\n\t\t\n","protected":false},"excerpt":{"rendered":"","protected":false},"author":2,"featured_media":0,"parent":0,"menu_order":0,"comment_status":"closed","ping_status":"closed","template":"","meta":{"footnotes":""},"class_list":["post-7990","page","type-page","status-publish","hentry"],"featured_image_urls":{"full":"","thumbnail":"","medium":"","medium_large":"","large":"","1536x1536":"","2048x2048":"","woocommerce_thumbnail":"","woocommerce_single":"","woocommerce_gallery_thumbnail":""},"post_excerpt_stackable":"<p>Prednosti kupnje kod nas Besplatan prijevoz Za sva na\u0161a drvca transport \u0161irom \u010ce\u0161ke\/Hrvatske do Va\u0161eg doma je besplatan, dakle, pla\u0107ate samo cijenu drvca i nikakve \u200b\u200bdodatne naknade ili tro\u0161kove . Zahvaljuju\u0107i tome, dobit\u0107ete kako drvce udobno i to sve sasvim! Zajam\u010dena dostava do Bo\u017ei\u0107a Ako naru\u010dite do 17.12.2021. godine, garantiramo da \u0107e drvce jo\u0161 uvijek sti\u0107i do Bo\u017ei\u0107a! Jamstvo kvalitete Prilikom proizvodnje umjetnih bo\u017ei\u0107nih drvca, koristimo samo najkvalitetnije materijale koji jam\u010de savr\u0161en izgled ve\u0107 dugi niz godina.Ako ne\u0161to nije u redu, dostavit \u0107emo Vam dijelove koji nedostaju besplatno ili dogovoriti prikupljanje i zamjenu o\u0161te\u0107enog drvca. Ne brinite &#8211; svaki problem&hellip;<\/p>\n","category_list":"","author_info":{"name":"Jan Hanzl","url":"https:\/\/old2024.mujstromecek.cz\/hr\/author\/jan\/"},"comments_num":"0 comments","featured_image_urls_v2":{"full":"","thumbnail":"","medium":"","medium_large":"","large":"","1536x1536":"","2048x2048":"","woocommerce_thumbnail":"","woocommerce_single":"","woocommerce_gallery_thumbnail":""},"post_excerpt_stackable_v2":"<p>Prednosti kupnje kod nas Besplatan prijevoz Za sva na\u0161a drvca transport \u0161irom \u010ce\u0161ke\/Hrvatske do Va\u0161eg doma je besplatan, dakle, pla\u0107ate samo cijenu drvca i nikakve \u200b\u200bdodatne naknade ili tro\u0161kove . Zahvaljuju\u0107i tome, dobit\u0107ete kako drvce udobno i to sve sasvim! Zajam\u010dena dostava do Bo\u017ei\u0107a Ako naru\u010dite do 17.12.2021. godine, garantiramo da \u0107e drvce jo\u0161 uvijek sti\u0107i do Bo\u017ei\u0107a! Jamstvo kvalitete Prilikom proizvodnje umjetnih bo\u017ei\u0107nih drvca, koristimo samo najkvalitetnije materijale koji jam\u010de savr\u0161en izgled ve\u0107 dugi niz godina.Ako ne\u0161to nije u redu, dostavit \u0107emo Vam dijelove koji nedostaju besplatno ili dogovoriti prikupljanje i zamjenu o\u0161te\u0107enog drvca. Ne brinite &#8211; svaki problem&hellip;<\/p>\n","category_list_v2":"","author_info_v2":{"name":"Jan Hanzl","url":"https:\/\/old2024.mujstromecek.cz\/hr\/author\/jan\/"},"comments_num_v2":"0 comments","yoast_head":"<!-- This site is optimized with the Yoast SEO plugin v21.1 - https:\/\/yoast.com\/wordpress\/plugins\/seo\/ -->\n<title>Prednosti kupnje - bozicnadrvca.hr<\/title>\n<meta name=\"robots\" content=\"noindex, follow, max-snippet:-1, max-image-preview:large, max-video-preview:-1\" \/>\n<meta property=\"og:locale\" content=\"hr_HR\" \/>\n<meta property=\"og:type\" content=\"article\" \/>\n<meta property=\"og:title\" content=\"Prednosti kupnje - bozicnadrvca.hr\" \/>\n<meta property=\"og:url\" content=\"https:\/\/old2024.mujstromecek.cz\/hr\/prednosti-kupnje\/\" \/>\n<meta property=\"og:site_name\" content=\"bozicnadrvca.hr\" \/>\n<meta property=\"article:modified_time\" content=\"2021-08-10T13:46:28+00:00\" \/>\n<meta name=\"twitter:card\" content=\"summary_large_image\" \/>\n<meta name=\"twitter:label1\" content=\"Procijenjeno vrijeme \u010ditanja\" \/>\n\t<meta name=\"twitter:data1\" content=\"1 minuta\" \/>\n<script type=\"application\/ld+json\" class=\"yoast-schema-graph\">{\"@context\":\"https:\/\/schema.org\",\"@graph\":[{\"@type\":\"WebPage\",\"@id\":\"https:\/\/old2024.mujstromecek.cz\/hr\/prednosti-kupnje\/\",\"url\":\"https:\/\/old2024.mujstromecek.cz\/hr\/prednosti-kupnje\/\",\"name\":\"Prednosti kupnje - bozicnadrvca.hr\",\"isPartOf\":{\"@id\":\"https:\/\/mojstromcek.sk\/#website\"},\"datePublished\":\"2020-07-15T21:06:28+00:00\",\"dateModified\":\"2021-08-10T13:46:28+00:00\",\"breadcrumb\":{\"@id\":\"https:\/\/old2024.mujstromecek.cz\/hr\/prednosti-kupnje\/#breadcrumb\"},\"inLanguage\":\"hr\",\"potentialAction\":[{\"@type\":\"ReadAction\",\"target\":[\"https:\/\/old2024.mujstromecek.cz\/hr\/prednosti-kupnje\/\"]}]},{\"@type\":\"BreadcrumbList\",\"@id\":\"https:\/\/old2024.mujstromecek.cz\/hr\/prednosti-kupnje\/#breadcrumb\",\"itemListElement\":[{\"@type\":\"ListItem\",\"position\":1,\"name\":\"Dom\u016f\",\"item\":\"https:\/\/old2024.mujstromecek.cz\/hr\/\"},{\"@type\":\"ListItem\",\"position\":2,\"name\":\"Prednosti kupnje\"}]},{\"@type\":\"WebSite\",\"@id\":\"https:\/\/mojstromcek.sk\/#website\",\"url\":\"https:\/\/mojstromcek.sk\/\",\"name\":\"bozicnadrvca.hr\",\"description\":\"Umjetna bo\u017ei\u0107na drvca\",\"potentialAction\":[{\"@type\":\"SearchAction\",\"target\":{\"@type\":\"EntryPoint\",\"urlTemplate\":\"https:\/\/mojstromcek.sk\/?s={search_term_string}\"},\"query-input\":\"required name=search_term_string\"}],\"inLanguage\":\"hr\"}]}<\/script>\n<!-- \/ Yoast SEO plugin. -->","yoast_head_json":{"title":"Prednosti kupnje - bozicnadrvca.hr","robots":{"index":"noindex","follow":"follow","max-snippet":"max-snippet:-1","max-image-preview":"max-image-preview:large","max-video-preview":"max-video-preview:-1"},"og_locale":"hr_HR","og_type":"article","og_title":"Prednosti kupnje - bozicnadrvca.hr","og_url":"https:\/\/old2024.mujstromecek.cz\/hr\/prednosti-kupnje\/","og_site_name":"bozicnadrvca.hr","article_modified_time":"2021-08-10T13:46:28+00:00","twitter_card":"summary_large_image","twitter_misc":{"Procijenjeno vrijeme \u010ditanja":"1 minuta"},"schema":{"@context":"https:\/\/schema.org","@graph":[{"@type":"WebPage","@id":"https:\/\/old2024.mujstromecek.cz\/hr\/prednosti-kupnje\/","url":"https:\/\/old2024.mujstromecek.cz\/hr\/prednosti-kupnje\/","name":"Prednosti kupnje - bozicnadrvca.hr","isPartOf":{"@id":"https:\/\/mojstromcek.sk\/#website"},"datePublished":"2020-07-15T21:06:28+00:00","dateModified":"2021-08-10T13:46:28+00:00","breadcrumb":{"@id":"https:\/\/old2024.mujstromecek.cz\/hr\/prednosti-kupnje\/#breadcrumb"},"inLanguage":"hr","potentialAction":[{"@type":"ReadAction","target":["https:\/\/old2024.mujstromecek.cz\/hr\/prednosti-kupnje\/"]}]},{"@type":"BreadcrumbList","@id":"https:\/\/old2024.mujstromecek.cz\/hr\/prednosti-kupnje\/#breadcrumb","itemListElement":[{"@type":"ListItem","position":1,"name":"Dom\u016f","item":"https:\/\/old2024.mujstromecek.cz\/hr\/"},{"@type":"ListItem","position":2,"name":"Prednosti kupnje"}]},{"@type":"WebSite","@id":"https:\/\/mojstromcek.sk\/#website","url":"https:\/\/mojstromcek.sk\/","name":"bozicnadrvca.hr","description":"Umjetna bo\u017ei\u0107na drvca","potentialAction":[{"@type":"SearchAction","target":{"@type":"EntryPoint","urlTemplate":"https:\/\/mojstromcek.sk\/?s={search_term_string}"},"query-input":"required name=search_term_string"}],"inLanguage":"hr"}]}},"_links":{"self":[{"href":"https:\/\/old2024.mujstromecek.cz\/hr\/wp-json\/wp\/v2\/pages\/7990","targetHints":{"allow":["GET"]}}],"collection":[{"href":"https:\/\/old2024.mujstromecek.cz\/hr\/wp-json\/wp\/v2\/pages"}],"about":[{"href":"https:\/\/old2024.mujstromecek.cz\/hr\/wp-json\/wp\/v2\/types\/page"}],"author":[{"embeddable":true,"href":"https:\/\/old2024.mujstromecek.cz\/hr\/wp-json\/wp\/v2\/users\/2"}],"replies":[{"embeddable":true,"href":"https:\/\/old2024.mujstromecek.cz\/hr\/wp-json\/wp\/v2\/comments?post=7990"}],"version-history":[{"count":2,"href":"https:\/\/old2024.mujstromecek.cz\/hr\/wp-json\/wp\/v2\/pages\/7990\/revisions"}],"predecessor-version":[{"id":94360,"href":"https:\/\/old2024.mujstromecek.cz\/hr\/wp-json\/wp\/v2\/pages\/7990\/revisions\/94360"}],"wp:attachment":[{"href":"https:\/\/old2024.mujstromecek.cz\/hr\/wp-json\/wp\/v2\/media?parent=7990"}],"curies":[{"name":"wp","href":"https:\/\/api.w.org\/{rel}","templated":true}]}}