{"id":7988,"date":"2020-07-15T21:04:53","date_gmt":"2020-07-15T21:04:53","guid":{"rendered":"https:\/\/mujstromecek.cz\/kontakt\/"},"modified":"2023-09-29T10:19:25","modified_gmt":"2023-09-29T10:19:25","slug":"kontakt","status":"publish","type":"page","link":"https:\/\/old2024.mujstromecek.cz\/hr\/kontakt\/","title":{"rendered":"Kontakt"},"content":{"rendered":"\n<p><\/p>\n\n\n\n<div class=\"wp-block-group\"><div class=\"wp-block-group__inner-container is-layout-flow wp-block-group-is-layout-flow\">\n<div class=\"wp-block-group\"><div class=\"wp-block-group__inner-container is-layout-flow wp-block-group-is-layout-flow\">\n<h2 class=\"p1\"><b>SERVIS ZA KUPCE<\/b><\/h2>\n<p class=\"p1\">Svojim kupcima nudimo \u0161iroku paletu popratnih usluga zahvaljuju\u0107i kojima je kupnja vrlo brza i jednostavna.<\/p>\n<h3 class=\"p1\">Imate li koja pitanja? Potra\u017eimo odgovor zajedno<\/h3>\n<ul>\n<li>\n<p class=\"p1\">PRO\u010cITAJTE <span class=\"s1\">\u010cESTO POSTAVLJANA<\/span> PITANJA NA\u0160IH KUPACA<\/p>\n<\/li>\n<\/ul>\n<h3 class=\"p1\">Da li niste prona\u0161li odgovor?<\/h3>\n<p class=\"p1\">Mo\u017eete kontinuirano komunicirati s nama preko:<\/p>\n<p class=\"p2\"><span class=\"s1\"><b>e-po\u0161te<\/b>: <\/span><a href=\"mailto:info@bozicnadrvca.hr\">info@bozicnadrvca.hr<\/a><\/p>\n<p class=\"p1\"><b>preko opcije Chat<\/b>: desno dolje<\/p>\n<p class=\"p1\"><b>telefonskog broja<\/b>: +385217840201 (08:00 &#8211; 16:00)<\/p>\n<p class=\"p1\">Na\u0161e osoblje rado \u0107e odgovoriti na sva Va\u0161a pitanja ili Vam pomo\u0107i da pravilno izvr\u0161ite svoju narud\u017ebu.<\/p>\n<\/div><\/div>\n\n\n\n<div class=\"wp-block-columns is-layout-flex wp-container-core-columns-is-layout-9d6595d7 wp-block-columns-is-layout-flex\">\n<div class=\"wp-block-column is-layout-flow wp-block-column-is-layout-flow\">\n<h2 class=\"wp-block-heading\">Podaci za fakturiranje<\/h2>\n\n\n\n<p>All4Customer, s.r.o. <br>ID: CZ01824651 Hladnovska 1255\/23 710 00, Ostrava, <br>Czech Republic<\/p>\n<\/div>\n\n\n\n<div class=\"wp-block-column is-layout-flow wp-block-column-is-layout-flow\">\n<h2 class=\"wp-block-heading\">Veleprodaja<\/h2>\n\n\n\n<div class=\"wp-block-group\"><div class=\"wp-block-group__inner-container is-layout-flow wp-block-group-is-layout-flow\">\n<p>Tomas Turon<br><a href=\"mailto:office@allforcustomer.com\">office@allforcustomer.com<\/a><\/p>\n<\/div><\/div>\n<\/div>\n\n\n\n<div class=\"wp-block-column is-layout-flow wp-block-column-is-layout-flow\">\n<h2 class=\"wp-block-heading\"><\/h2>\n\n\n\n<p><\/p>\n\n\n\n<p><\/p>\n<\/div>\n<\/div>\n\n\n\n<div class=\"wp-block-ugb-columns ugb-columns ugb-510fd60 ugb-columns--design-plain ugb-columns--columns-2 ugb-main-block\"><div class=\"ugb-inner-block\"><div class=\"ugb-block-content\"><div class=\"ugb-columns__item ugb-510fd60-content-wrapper\">\n<div class=\"wp-block-ugb-column ugb-column ugb-330ee07 ugb-column--design-plain ugb-main-block\"><div class=\"ugb-inner-block\"><div class=\"ugb-block-content\"><div class=\"ugb-column__item ugb-330ee07-column-wrapper\"><div class=\"ugb-column__content-wrapper\"><div class=\"wp-block-image\">\n<figure class=\"alignleft size-large\"><img decoding=\"async\" width=\"1024\" height=\"768\" src=\"https:\/\/old2024.mujstromecek.cz\/wp-content\/uploads\/2020\/06\/showroom-1024x768.jpeg\" alt=\"\" class=\"wp-image-6256\" srcset=\"https:\/\/old2024.mujstromecek.cz\/wp-content\/uploads\/2020\/06\/showroom-1024x768.jpeg 1024w, https:\/\/old2024.mujstromecek.cz\/wp-content\/uploads\/2020\/06\/showroom-300x225.jpeg 300w, https:\/\/old2024.mujstromecek.cz\/wp-content\/uploads\/2020\/06\/showroom-768x576.jpeg 768w, https:\/\/old2024.mujstromecek.cz\/wp-content\/uploads\/2020\/06\/showroom-1536x1152.jpeg 1536w, https:\/\/old2024.mujstromecek.cz\/wp-content\/uploads\/2020\/06\/showroom-600x450.jpeg 600w, https:\/\/old2024.mujstromecek.cz\/wp-content\/uploads\/2020\/06\/showroom.jpeg 1600w\" sizes=\"(max-width: 1024px) 100vw, 1024px\" \/><\/figure>\n<\/div><\/div><\/div><\/div><\/div><\/div>\n\n\n\n<div class=\"wp-block-ugb-column ugb-column ugb-64fbdd9 ugb-column--design-plain ugb-main-block\"><div class=\"ugb-inner-block\"><div class=\"ugb-block-content\"><div class=\"ugb-column__item ugb-64fbdd9-column-wrapper\"><div class=\"ugb-column__content-wrapper\">\n<p><iframe style=\"border: 0;\" tabindex=\"0\" src=\"https:\/\/www.google.com\/maps\/embed?pb=!1m14!1m8!1m3!1d329326.0325305334!2d18.30526!3d49.845095!3m2!1i1024!2i768!4f13.1!3m3!1m2!1s0x4713e32a7ac60fa9%3A0xea9642a6fb882b28!2sHladnovsk%C3%A1%201255%2F23%2C%20710%2000%20Slezsk%C3%A1%20Ostrava%2C%20Czechia!5e0!3m2!1sen!2sus!4v1593526756270!5m2!1sen!2sus\" width=\"600\" height=\"450\" frameborder=\"0\" allowfullscreen=\"allowfullscreen\" aria-hidden=\"false\"><\/iframe><\/p>\n\n\n\n<p><\/p>\n<\/div><\/div><\/div><\/div><\/div>\n<\/div><\/div><\/div><\/div>\n\n\n\n<p><\/p>\n<\/div><\/div>\n\n\n","protected":false},"excerpt":{"rendered":"<p>SERVIS ZA KUPCE Svojim kupcima nudimo \u0161iroku paletu popratnih usluga zahvaljuju\u0107i kojima je kupnja vrlo brza i jednostavna. Imate li koja pitanja? Potra\u017eimo odgovor zajedno PRO\u010cITAJTE \u010cESTO POSTAVLJANA PITANJA NA\u0160IH KUPACA Da li niste prona\u0161li odgovor? Mo\u017eete kontinuirano komunicirati s nama preko: e-po\u0161te: info@bozicnadrvca.hr preko opcije Chat: desno dolje telefonskog broja: +385217840201 (08:00 &#8211; 16:00) [&hellip;]<\/p>\n","protected":false},"author":2,"featured_media":0,"parent":0,"menu_order":0,"comment_status":"closed","ping_status":"closed","template":"","meta":{"footnotes":""},"class_list":["post-7988","page","type-page","status-publish","hentry"],"featured_image_urls":{"full":"","thumbnail":"","medium":"","medium_large":"","large":"","1536x1536":"","2048x2048":"","woocommerce_thumbnail":"","woocommerce_single":"","woocommerce_gallery_thumbnail":""},"post_excerpt_stackable":"<p>SERVIS ZA KUPCE Svojim kupcima nudimo \u0161iroku paletu popratnih usluga zahvaljuju\u0107i kojima je kupnja vrlo brza i jednostavna. Imate li koja pitanja? Potra\u017eimo odgovor zajedno PRO\u010cITAJTE \u010cESTO POSTAVLJANA PITANJA NA\u0160IH KUPACA Da li niste prona\u0161li odgovor? Mo\u017eete kontinuirano komunicirati s nama preko: e-po\u0161te: info@bozicnadrvca.hr preko opcije Chat: desno dolje telefonskog broja: +385217840201 (08:00 &#8211; 16:00) Na\u0161e osoblje rado \u0107e odgovoriti na sva Va\u0161a pitanja ili Vam pomo\u0107i da pravilno izvr\u0161ite svoju narud\u017ebu. Podaci za fakturiranje All4Customer, s.r.o. ID: CZ01824651 Hladnovska 1255\/23 710 00, Ostrava, Czech Republic Veleprodaja Tomas Turonoffice@allforcustomer.com<\/p>\n","category_list":"","author_info":{"name":"Jan Hanzl","url":"https:\/\/old2024.mujstromecek.cz\/hr\/author\/jan\/"},"comments_num":"0 comments","featured_image_urls_v2":{"full":"","thumbnail":"","medium":"","medium_large":"","large":"","1536x1536":"","2048x2048":"","woocommerce_thumbnail":"","woocommerce_single":"","woocommerce_gallery_thumbnail":""},"post_excerpt_stackable_v2":"<p>SERVIS ZA KUPCE Svojim kupcima nudimo \u0161iroku paletu popratnih usluga zahvaljuju\u0107i kojima je kupnja vrlo brza i jednostavna. Imate li koja pitanja? Potra\u017eimo odgovor zajedno PRO\u010cITAJTE \u010cESTO POSTAVLJANA PITANJA NA\u0160IH KUPACA Da li niste prona\u0161li odgovor? Mo\u017eete kontinuirano komunicirati s nama preko: e-po\u0161te: info@bozicnadrvca.hr preko opcije Chat: desno dolje telefonskog broja: +385217840201 (08:00 &#8211; 16:00) Na\u0161e osoblje rado \u0107e odgovoriti na sva Va\u0161a pitanja ili Vam pomo\u0107i da pravilno izvr\u0161ite svoju narud\u017ebu. Podaci za fakturiranje All4Customer, s.r.o. ID: CZ01824651 Hladnovska 1255\/23 710 00, Ostrava, Czech Republic Veleprodaja Tomas Turonoffice@allforcustomer.com<\/p>\n","category_list_v2":"","author_info_v2":{"name":"Jan Hanzl","url":"https:\/\/old2024.mujstromecek.cz\/hr\/author\/jan\/"},"comments_num_v2":"0 comments","yoast_head":"<!-- This site is optimized with the Yoast SEO plugin v21.1 - https:\/\/yoast.com\/wordpress\/plugins\/seo\/ -->\n<title>Kontakt - bozicnadrvca.hr<\/title>\n<meta name=\"robots\" content=\"noindex, follow, max-snippet:-1, max-image-preview:large, max-video-preview:-1\" \/>\n<meta property=\"og:locale\" content=\"hr_HR\" \/>\n<meta property=\"og:type\" content=\"article\" \/>\n<meta property=\"og:title\" content=\"Kontakt - bozicnadrvca.hr\" \/>\n<meta property=\"og:description\" content=\"SERVIS ZA KUPCE Svojim kupcima nudimo \u0161iroku paletu popratnih usluga zahvaljuju\u0107i kojima je kupnja vrlo brza i jednostavna. Imate li koja pitanja? Potra\u017eimo odgovor zajedno PRO\u010cITAJTE \u010cESTO POSTAVLJANA PITANJA NA\u0160IH KUPACA Da li niste prona\u0161li odgovor? Mo\u017eete kontinuirano komunicirati s nama preko: e-po\u0161te: info@bozicnadrvca.hr preko opcije Chat: desno dolje telefonskog broja: +385217840201 (08:00 &#8211; 16:00) [&hellip;]\" \/>\n<meta property=\"og:url\" content=\"https:\/\/old2024.mujstromecek.cz\/hr\/kontakt\/\" \/>\n<meta property=\"og:site_name\" content=\"bozicnadrvca.hr\" \/>\n<meta property=\"article:modified_time\" content=\"2023-09-29T10:19:25+00:00\" \/>\n<meta property=\"og:image\" content=\"https:\/\/old2024.mujstromecek.cz\/wp-content\/uploads\/2020\/06\/showroom-1024x768.jpeg\" \/>\n<meta name=\"twitter:card\" content=\"summary_large_image\" \/>\n<meta name=\"twitter:label1\" content=\"Procijenjeno vrijeme \u010ditanja\" \/>\n\t<meta name=\"twitter:data1\" content=\"1 minuta\" \/>\n<script type=\"application\/ld+json\" class=\"yoast-schema-graph\">{\"@context\":\"https:\/\/schema.org\",\"@graph\":[{\"@type\":\"WebPage\",\"@id\":\"https:\/\/old2024.mujstromecek.cz\/hr\/kontakt\/\",\"url\":\"https:\/\/old2024.mujstromecek.cz\/hr\/kontakt\/\",\"name\":\"Kontakt - bozicnadrvca.hr\",\"isPartOf\":{\"@id\":\"https:\/\/mojstromcek.sk\/#website\"},\"datePublished\":\"2020-07-15T21:04:53+00:00\",\"dateModified\":\"2023-09-29T10:19:25+00:00\",\"breadcrumb\":{\"@id\":\"https:\/\/old2024.mujstromecek.cz\/hr\/kontakt\/#breadcrumb\"},\"inLanguage\":\"hr\",\"potentialAction\":[{\"@type\":\"ReadAction\",\"target\":[\"https:\/\/old2024.mujstromecek.cz\/hr\/kontakt\/\"]}]},{\"@type\":\"BreadcrumbList\",\"@id\":\"https:\/\/old2024.mujstromecek.cz\/hr\/kontakt\/#breadcrumb\",\"itemListElement\":[{\"@type\":\"ListItem\",\"position\":1,\"name\":\"Dom\u016f\",\"item\":\"https:\/\/old2024.mujstromecek.cz\/hr\/\"},{\"@type\":\"ListItem\",\"position\":2,\"name\":\"Kontakt\"}]},{\"@type\":\"WebSite\",\"@id\":\"https:\/\/mojstromcek.sk\/#website\",\"url\":\"https:\/\/mojstromcek.sk\/\",\"name\":\"bozicnadrvca.hr\",\"description\":\"Umjetna bo\u017ei\u0107na drvca\",\"potentialAction\":[{\"@type\":\"SearchAction\",\"target\":{\"@type\":\"EntryPoint\",\"urlTemplate\":\"https:\/\/mojstromcek.sk\/?s={search_term_string}\"},\"query-input\":\"required name=search_term_string\"}],\"inLanguage\":\"hr\"}]}<\/script>\n<!-- \/ Yoast SEO plugin. -->","yoast_head_json":{"title":"Kontakt - bozicnadrvca.hr","robots":{"index":"noindex","follow":"follow","max-snippet":"max-snippet:-1","max-image-preview":"max-image-preview:large","max-video-preview":"max-video-preview:-1"},"og_locale":"hr_HR","og_type":"article","og_title":"Kontakt - bozicnadrvca.hr","og_description":"SERVIS ZA KUPCE Svojim kupcima nudimo \u0161iroku paletu popratnih usluga zahvaljuju\u0107i kojima je kupnja vrlo brza i jednostavna. Imate li koja pitanja? Potra\u017eimo odgovor zajedno PRO\u010cITAJTE \u010cESTO POSTAVLJANA PITANJA NA\u0160IH KUPACA Da li niste prona\u0161li odgovor? Mo\u017eete kontinuirano komunicirati s nama preko: e-po\u0161te: info@bozicnadrvca.hr preko opcije Chat: desno dolje telefonskog broja: +385217840201 (08:00 &#8211; 16:00) [&hellip;]","og_url":"https:\/\/old2024.mujstromecek.cz\/hr\/kontakt\/","og_site_name":"bozicnadrvca.hr","article_modified_time":"2023-09-29T10:19:25+00:00","og_image":[{"url":"https:\/\/old2024.mujstromecek.cz\/wp-content\/uploads\/2020\/06\/showroom-1024x768.jpeg"}],"twitter_card":"summary_large_image","twitter_misc":{"Procijenjeno vrijeme \u010ditanja":"1 minuta"},"schema":{"@context":"https:\/\/schema.org","@graph":[{"@type":"WebPage","@id":"https:\/\/old2024.mujstromecek.cz\/hr\/kontakt\/","url":"https:\/\/old2024.mujstromecek.cz\/hr\/kontakt\/","name":"Kontakt - bozicnadrvca.hr","isPartOf":{"@id":"https:\/\/mojstromcek.sk\/#website"},"datePublished":"2020-07-15T21:04:53+00:00","dateModified":"2023-09-29T10:19:25+00:00","breadcrumb":{"@id":"https:\/\/old2024.mujstromecek.cz\/hr\/kontakt\/#breadcrumb"},"inLanguage":"hr","potentialAction":[{"@type":"ReadAction","target":["https:\/\/old2024.mujstromecek.cz\/hr\/kontakt\/"]}]},{"@type":"BreadcrumbList","@id":"https:\/\/old2024.mujstromecek.cz\/hr\/kontakt\/#breadcrumb","itemListElement":[{"@type":"ListItem","position":1,"name":"Dom\u016f","item":"https:\/\/old2024.mujstromecek.cz\/hr\/"},{"@type":"ListItem","position":2,"name":"Kontakt"}]},{"@type":"WebSite","@id":"https:\/\/mojstromcek.sk\/#website","url":"https:\/\/mojstromcek.sk\/","name":"bozicnadrvca.hr","description":"Umjetna bo\u017ei\u0107na drvca","potentialAction":[{"@type":"SearchAction","target":{"@type":"EntryPoint","urlTemplate":"https:\/\/mojstromcek.sk\/?s={search_term_string}"},"query-input":"required name=search_term_string"}],"inLanguage":"hr"}]}},"_links":{"self":[{"href":"https:\/\/old2024.mujstromecek.cz\/hr\/wp-json\/wp\/v2\/pages\/7988","targetHints":{"allow":["GET"]}}],"collection":[{"href":"https:\/\/old2024.mujstromecek.cz\/hr\/wp-json\/wp\/v2\/pages"}],"about":[{"href":"https:\/\/old2024.mujstromecek.cz\/hr\/wp-json\/wp\/v2\/types\/page"}],"author":[{"embeddable":true,"href":"https:\/\/old2024.mujstromecek.cz\/hr\/wp-json\/wp\/v2\/users\/2"}],"replies":[{"embeddable":true,"href":"https:\/\/old2024.mujstromecek.cz\/hr\/wp-json\/wp\/v2\/comments?post=7988"}],"version-history":[{"count":2,"href":"https:\/\/old2024.mujstromecek.cz\/hr\/wp-json\/wp\/v2\/pages\/7988\/revisions"}],"predecessor-version":[{"id":595759,"href":"https:\/\/old2024.mujstromecek.cz\/hr\/wp-json\/wp\/v2\/pages\/7988\/revisions\/595759"}],"wp:attachment":[{"href":"https:\/\/old2024.mujstromecek.cz\/hr\/wp-json\/wp\/v2\/media?parent=7988"}],"curies":[{"name":"wp","href":"https:\/\/api.w.org\/{rel}","templated":true}]}}