{"id":408214,"date":"2023-08-30T17:53:38","date_gmt":"2023-09-28T13:38:20","guid":{"rendered":"https:\/\/mujstromecek.cz\/produkt\/kaschmir-fichte-220-cm\/"},"modified":"2023-09-28T13:38:45","modified_gmt":"2023-09-28T13:38:45","slug":"kaschmir-fichte-220-cm","status":"publish","type":"product","link":"https:\/\/old2024.mujstromecek.cz\/de\/produkt\/kaschmir-fichte-220-cm\/","title":{"rendered":"Kaschmir-Fichte 220 cm"},"content":{"rendered":"<h3>Beschreibung des Weihnachtsbaumes<\/h3>\n<p>Die Kaschmir-Fichte 220 cm mit nat&uuml;rlichen und perfekt dichten &Auml;sten ist eine absolute NEUHEIT. Dank der <strong>3D-Nadeln in h&ouml;chster Qualit&auml;t<\/strong> ist <strong>sie von einem lebenden Baum kaum zu unterscheiden<\/strong>. Sie passt perfekt in <strong>luxuri&ouml;se<\/strong> sowie <strong>traditionelle<\/strong> Interieurs. <strong>F&uuml;r das einzigartige Aussehen <\/strong>der B&auml;ume aus der <strong>Kollektion PREMIUM+<\/strong> sorgt unser <strong>erfahrenes Team von Produktdesignern<\/strong>.<\/p>\n<p>Der Weihnachtsbaum <strong>zaubert<\/strong> mit seinem <strong>LUXURI&Ouml;SEN AUSSEHEN<\/strong> die <strong>richtige weihnachtliche Atmosph&auml;re&nbsp;<\/strong>in Ihr Zuhause. Sie k&ouml;nnen ihn <strong>nach Belieben<\/strong> dekorieren.<\/p>\n<p>Zu dem Baum erhalten Sie <strong>GRATIS<\/strong> einen <strong>stabilen METALLST&Auml;NDER<\/strong> mit Gummif&uuml;&szlig;en und eine stabile Kartonbox zur Aufbewahrung des Baumes.<\/p>\n<h3>Zusammenbauen des Baumes<\/h3>\n<p>Wie alle unsere B&auml;ume ist auch dieser <strong>einfach zusammenzubauen<\/strong> und einfach zu handhaben. Das <strong>Bausystem<\/strong> Snap Tree&trade; ist eine <strong>PREMIUM-L&Ouml;SUNG<\/strong>, die Ihnen die <strong>Arbeit<\/strong> beim <strong>Zusammenbauen<\/strong> des Baumes vereinfacht. An den &Auml;sten befindet sich ein Gelenk, das beim Einsetzen des Baumes in den St&auml;nder daf&uuml;r sorgt, dass die Haupt&auml;ste automatisch in einem bestimmten Winkel ausgeklappt werden und Sie dann nur noch <strong>die kleineren &Auml;ste<\/strong> nach Belieben <strong>anpassen<\/strong>.<\/p>\n<p>Wir w&uuml;nschen Ihnen angenehme Weihnachtsfeiertage!<\/p>\n","protected":false},"excerpt":{"rendered":"<p>Die Kaschmir-Fichte 220 cm mit nat&uuml;rlichen und perfekt dichten &Auml;sten ist eine absolute NEUHEIT. Dank der <strong>3D-Nadeln in h&ouml;chster Qualit&auml;t<\/strong> ist <strong>sie von einem lebenden Baum kaum zu unterscheiden<\/strong>. Sie passt perfekt in <strong>luxuri&ouml;se<\/strong> sowie <strong>traditionelle<\/strong> Interieurs. <strong>F&uuml;r das einzigartige Aussehen <\/strong>der B&auml;ume aus der <strong>Kollektion PREMIUM+<\/strong> sorgt unser <strong>erfahrenes Team von Produktdesignern<\/strong>.<\/p>\n","protected":false},"featured_media":369168,"template":"","meta":[],"product_cat":[2680],"product_tag":[3891,3503,4645,4659],"class_list":["post-408214","product","type-product","status-publish","has-post-thumbnail","hentry","product_cat-premium-plus-de","product_tag-220-cm-de","product_tag-3d-de-2","product_tag-doprava-zdarma-de","product_tag-premium-de","pa_druh-smrk-de","pa_jehlici-3d-premium-de","pa_krabice-35-35-120-de","pa_pocet-rad-16-de-2","pa_sirka-146-de","pa_stojan-metall-de","pa_vaha-20-de","pa_vetvicky-4147-de","pa_vetvicky-celkem-4147-de","pa_vetvicky-pe-pvc-2610-1537-de","pa_vyska-220-de","pa_vyska-od-zeme-22-de"],"featured_image_urls":{"full":["https:\/\/old2024.mujstromecek.cz\/wp-content\/uploads\/2023\/08\/s1-2145.jpg",640,860,false],"thumbnail":["https:\/\/old2024.mujstromecek.cz\/wp-content\/uploads\/2023\/08\/s1-2145-150x150.jpg",150,150,true],"medium":["https:\/\/old2024.mujstromecek.cz\/wp-content\/uploads\/2023\/08\/s1-2145-223x300.jpg",223,300,true],"medium_large":["https:\/\/old2024.mujstromecek.cz\/wp-content\/uploads\/2023\/08\/s1-2145.jpg",640,860,false],"large":["https:\/\/old2024.mujstromecek.cz\/wp-content\/uploads\/2023\/08\/s1-2145.jpg",640,860,false],"1536x1536":["https:\/\/old2024.mujstromecek.cz\/wp-content\/uploads\/2023\/08\/s1-2145.jpg",640,860,false],"2048x2048":["https:\/\/old2024.mujstromecek.cz\/wp-content\/uploads\/2023\/08\/s1-2145.jpg",640,860,false],"woocommerce_thumbnail":["https:\/\/old2024.mujstromecek.cz\/wp-content\/uploads\/2023\/08\/s1-2145-300x403.jpg",300,403,true],"woocommerce_single":["https:\/\/old2024.mujstromecek.cz\/wp-content\/uploads\/2023\/08\/s1-2145-600x806.jpg",600,806,true],"woocommerce_gallery_thumbnail":["https:\/\/old2024.mujstromecek.cz\/wp-content\/uploads\/2023\/08\/s1-2145-100x100.jpg",100,100,true]},"post_excerpt_stackable":"<p>Die Kaschmir-Fichte 220 cm mit nat&uuml;rlichen und perfekt dichten &Auml;sten ist eine absolute NEUHEIT. Dank der <strong>3D-Nadeln in h&ouml;chster Qualit&auml;t<\/strong> ist <strong>sie von einem lebenden Baum kaum zu unterscheiden<\/strong>. Sie passt perfekt in <strong>luxuri&ouml;se<\/strong> sowie <strong>traditionelle<\/strong> Interieurs. <strong>F&uuml;r das einzigartige Aussehen <\/strong>der B&auml;ume aus der <strong>Kollektion PREMIUM+<\/strong> sorgt unser <strong>erfahrenes Team von Produktdesignern<\/strong>.<\/p>\n","category_list":"","author_info":{"name":"","url":""},"comments_num":"0 comments","featured_image_urls_v2":{"full":["https:\/\/old2024.mujstromecek.cz\/wp-content\/uploads\/2023\/08\/s1-2145.jpg",640,860,false],"thumbnail":["https:\/\/old2024.mujstromecek.cz\/wp-content\/uploads\/2023\/08\/s1-2145-150x150.jpg",150,150,true],"medium":["https:\/\/old2024.mujstromecek.cz\/wp-content\/uploads\/2023\/08\/s1-2145-223x300.jpg",223,300,true],"medium_large":["https:\/\/old2024.mujstromecek.cz\/wp-content\/uploads\/2023\/08\/s1-2145.jpg",640,860,false],"large":["https:\/\/old2024.mujstromecek.cz\/wp-content\/uploads\/2023\/08\/s1-2145.jpg",640,860,false],"1536x1536":["https:\/\/old2024.mujstromecek.cz\/wp-content\/uploads\/2023\/08\/s1-2145.jpg",640,860,false],"2048x2048":["https:\/\/old2024.mujstromecek.cz\/wp-content\/uploads\/2023\/08\/s1-2145.jpg",640,860,false],"woocommerce_thumbnail":["https:\/\/old2024.mujstromecek.cz\/wp-content\/uploads\/2023\/08\/s1-2145-300x403.jpg",300,403,true],"woocommerce_single":["https:\/\/old2024.mujstromecek.cz\/wp-content\/uploads\/2023\/08\/s1-2145-600x806.jpg",600,806,true],"woocommerce_gallery_thumbnail":["https:\/\/old2024.mujstromecek.cz\/wp-content\/uploads\/2023\/08\/s1-2145-100x100.jpg",100,100,true]},"post_excerpt_stackable_v2":"<p>Die Kaschmir-Fichte 220 cm mit nat&uuml;rlichen und perfekt dichten &Auml;sten ist eine absolute NEUHEIT. Dank der <strong>3D-Nadeln in h&ouml;chster Qualit&auml;t<\/strong> ist <strong>sie von einem lebenden Baum kaum zu unterscheiden<\/strong>. Sie passt perfekt in <strong>luxuri&ouml;se<\/strong> sowie <strong>traditionelle<\/strong> Interieurs. <strong>F&uuml;r das einzigartige Aussehen <\/strong>der B&auml;ume aus der <strong>Kollektion PREMIUM+<\/strong> sorgt unser <strong>erfahrenes Team von Produktdesignern<\/strong>.<\/p>\n","category_list_v2":"","author_info_v2":{"name":"","url":""},"comments_num_v2":"0 comments","yoast_head":"<!-- This site is optimized with the Yoast SEO plugin v21.1 - https:\/\/yoast.com\/wordpress\/plugins\/seo\/ -->\n<title>Kaschmir-Fichte 220 cm - kunstbaum24.de<\/title>\n<meta name=\"robots\" content=\"noindex, follow, max-snippet:-1, max-image-preview:large, max-video-preview:-1\" \/>\n<meta property=\"og:locale\" content=\"de_DE\" \/>\n<meta property=\"og:type\" content=\"article\" \/>\n<meta property=\"og:title\" content=\"Kaschmir-Fichte 220 cm - kunstbaum24.de\" \/>\n<meta property=\"og:description\" content=\"Die Kaschmir-Fichte 220 cm mit nat&uuml;rlichen und perfekt dichten &Auml;sten ist eine absolute NEUHEIT. Dank der 3D-Nadeln in h&ouml;chster Qualit&auml;t ist sie von einem lebenden Baum kaum zu unterscheiden. Sie passt perfekt in luxuri&ouml;se sowie traditionelle Interieurs. F&uuml;r das einzigartige Aussehen der B&auml;ume aus der Kollektion PREMIUM+ sorgt unser erfahrenes Team von Produktdesignern.\" \/>\n<meta property=\"og:url\" content=\"https:\/\/old2024.mujstromecek.cz\/de\/produkt\/kaschmir-fichte-220-cm\/\" \/>\n<meta property=\"og:site_name\" content=\"kunstbaum24.de\" \/>\n<meta property=\"article:modified_time\" content=\"2023-09-28T13:38:45+00:00\" \/>\n<meta property=\"og:image\" content=\"https:\/\/kunstbaum24.de\/wp-content\/uploads\/2023\/08\/s1-2145.jpg\" \/>\n\t<meta property=\"og:image:width\" content=\"640\" \/>\n\t<meta property=\"og:image:height\" content=\"860\" \/>\n\t<meta property=\"og:image:type\" content=\"image\/jpeg\" \/>\n<meta name=\"twitter:card\" content=\"summary_large_image\" \/>\n<meta name=\"twitter:label1\" content=\"Gesch\u00e4tzte Lesezeit\" \/>\n\t<meta name=\"twitter:data1\" content=\"1\u00a0Minute\" \/>\n<script type=\"application\/ld+json\" class=\"yoast-schema-graph\">{\"@context\":\"https:\/\/schema.org\",\"@graph\":[{\"@type\":\"WebPage\",\"@id\":\"https:\/\/old2024.mujstromecek.cz\/de\/produkt\/kaschmir-fichte-220-cm\/\",\"url\":\"https:\/\/old2024.mujstromecek.cz\/de\/produkt\/kaschmir-fichte-220-cm\/\",\"name\":\"Kaschmir-Fichte 220 cm - kunstbaum24.de\",\"isPartOf\":{\"@id\":\"https:\/\/mojstromcek.sk\/#website\"},\"datePublished\":\"2023-09-28T13:38:20+00:00\",\"dateModified\":\"2023-09-28T13:38:45+00:00\",\"breadcrumb\":{\"@id\":\"https:\/\/old2024.mujstromecek.cz\/de\/produkt\/kaschmir-fichte-220-cm\/#breadcrumb\"},\"inLanguage\":\"de\",\"potentialAction\":[{\"@type\":\"ReadAction\",\"target\":[\"https:\/\/old2024.mujstromecek.cz\/de\/produkt\/kaschmir-fichte-220-cm\/\"]}]},{\"@type\":\"BreadcrumbList\",\"@id\":\"https:\/\/old2024.mujstromecek.cz\/de\/produkt\/kaschmir-fichte-220-cm\/#breadcrumb\",\"itemListElement\":[{\"@type\":\"ListItem\",\"position\":1,\"name\":\"Dom\u016f\",\"item\":\"https:\/\/kunstbaum24.de\/\"},{\"@type\":\"ListItem\",\"position\":2,\"name\":\"Obchod\",\"item\":\"https:\/\/old2024.mujstromecek.cz\/obchod\/\"},{\"@type\":\"ListItem\",\"position\":3,\"name\":\"Kaschmir-Fichte 220 cm\"}]},{\"@type\":\"WebSite\",\"@id\":\"https:\/\/mojstromcek.sk\/#website\",\"url\":\"https:\/\/mojstromcek.sk\/\",\"name\":\"kunstbaum24.de\",\"description\":\"Online prodej ru\u010dn\u011b vyr\u00e1b\u011bn\u00fdch um\u011bl\u00fdch v\u00e1no\u010dn\u00edch stromk\u016f.\",\"potentialAction\":[{\"@type\":\"SearchAction\",\"target\":{\"@type\":\"EntryPoint\",\"urlTemplate\":\"https:\/\/mojstromcek.sk\/?s={search_term_string}\"},\"query-input\":\"required name=search_term_string\"}],\"inLanguage\":\"de\"}]}<\/script>\n<!-- \/ Yoast SEO plugin. -->","yoast_head_json":{"title":"Kaschmir-Fichte 220 cm - kunstbaum24.de","robots":{"index":"noindex","follow":"follow","max-snippet":"max-snippet:-1","max-image-preview":"max-image-preview:large","max-video-preview":"max-video-preview:-1"},"og_locale":"de_DE","og_type":"article","og_title":"Kaschmir-Fichte 220 cm - kunstbaum24.de","og_description":"Die Kaschmir-Fichte 220 cm mit nat&uuml;rlichen und perfekt dichten &Auml;sten ist eine absolute NEUHEIT. Dank der 3D-Nadeln in h&ouml;chster Qualit&auml;t ist sie von einem lebenden Baum kaum zu unterscheiden. Sie passt perfekt in luxuri&ouml;se sowie traditionelle Interieurs. F&uuml;r das einzigartige Aussehen der B&auml;ume aus der Kollektion PREMIUM+ sorgt unser erfahrenes Team von Produktdesignern.","og_url":"https:\/\/old2024.mujstromecek.cz\/de\/produkt\/kaschmir-fichte-220-cm\/","og_site_name":"kunstbaum24.de","article_modified_time":"2023-09-28T13:38:45+00:00","og_image":[{"width":640,"height":860,"url":"https:\/\/kunstbaum24.de\/wp-content\/uploads\/2023\/08\/s1-2145.jpg","type":"image\/jpeg"}],"twitter_card":"summary_large_image","twitter_misc":{"Gesch\u00e4tzte Lesezeit":"1\u00a0Minute"},"schema":{"@context":"https:\/\/schema.org","@graph":[{"@type":"WebPage","@id":"https:\/\/old2024.mujstromecek.cz\/de\/produkt\/kaschmir-fichte-220-cm\/","url":"https:\/\/old2024.mujstromecek.cz\/de\/produkt\/kaschmir-fichte-220-cm\/","name":"Kaschmir-Fichte 220 cm - kunstbaum24.de","isPartOf":{"@id":"https:\/\/mojstromcek.sk\/#website"},"datePublished":"2023-09-28T13:38:20+00:00","dateModified":"2023-09-28T13:38:45+00:00","breadcrumb":{"@id":"https:\/\/old2024.mujstromecek.cz\/de\/produkt\/kaschmir-fichte-220-cm\/#breadcrumb"},"inLanguage":"de","potentialAction":[{"@type":"ReadAction","target":["https:\/\/old2024.mujstromecek.cz\/de\/produkt\/kaschmir-fichte-220-cm\/"]}]},{"@type":"BreadcrumbList","@id":"https:\/\/old2024.mujstromecek.cz\/de\/produkt\/kaschmir-fichte-220-cm\/#breadcrumb","itemListElement":[{"@type":"ListItem","position":1,"name":"Dom\u016f","item":"https:\/\/kunstbaum24.de\/"},{"@type":"ListItem","position":2,"name":"Obchod","item":"https:\/\/old2024.mujstromecek.cz\/obchod\/"},{"@type":"ListItem","position":3,"name":"Kaschmir-Fichte 220 cm"}]},{"@type":"WebSite","@id":"https:\/\/mojstromcek.sk\/#website","url":"https:\/\/mojstromcek.sk\/","name":"kunstbaum24.de","description":"Online prodej ru\u010dn\u011b vyr\u00e1b\u011bn\u00fdch um\u011bl\u00fdch v\u00e1no\u010dn\u00edch stromk\u016f.","potentialAction":[{"@type":"SearchAction","target":{"@type":"EntryPoint","urlTemplate":"https:\/\/mojstromcek.sk\/?s={search_term_string}"},"query-input":"required name=search_term_string"}],"inLanguage":"de"}]}},"_links":{"self":[{"href":"https:\/\/old2024.mujstromecek.cz\/de\/wp-json\/wp\/v2\/product\/408214","targetHints":{"allow":["GET"]}}],"collection":[{"href":"https:\/\/old2024.mujstromecek.cz\/de\/wp-json\/wp\/v2\/product"}],"about":[{"href":"https:\/\/old2024.mujstromecek.cz\/de\/wp-json\/wp\/v2\/types\/product"}],"wp:featuredmedia":[{"embeddable":true,"href":"https:\/\/old2024.mujstromecek.cz\/de\/wp-json\/wp\/v2\/media\/369168"}],"wp:attachment":[{"href":"https:\/\/old2024.mujstromecek.cz\/de\/wp-json\/wp\/v2\/media?parent=408214"}],"wp:term":[{"taxonomy":"product_cat","embeddable":true,"href":"https:\/\/old2024.mujstromecek.cz\/de\/wp-json\/wp\/v2\/product_cat?post=408214"},{"taxonomy":"product_tag","embeddable":true,"href":"https:\/\/old2024.mujstromecek.cz\/de\/wp-json\/wp\/v2\/product_tag?post=408214"}],"curies":[{"name":"wp","href":"https:\/\/api.w.org\/{rel}","templated":true}]}}