{"id":204405,"date":"2022-09-09T13:20:24","date_gmt":"2022-09-09T13:20:24","guid":{"rendered":"https:\/\/mujstromecek.cz\/rueckgaberecht\/"},"modified":"2022-10-28T15:30:08","modified_gmt":"2022-10-28T15:30:08","slug":"rueckgaberecht","status":"publish","type":"page","link":"https:\/\/old2024.mujstromecek.cz\/de\/rueckgaberecht\/","title":{"rendered":"R\u00fcckgaberecht"},"content":{"rendered":"\n<h3 class=\"wp-block-heading\">Es tut uns sehr leid, dass Sie mit unserem Weihnachtsbaum nicht zufrieden sind und ihn zur\u00fccksenden m\u00f6chten.<\/h3>\n\n<p class=\"has-medium-font-size\"><strong>Wenn wir irgendetwas f\u00fcr Sie tun k\u00f6nnen, <a href=\"https:\/\/kunstbaum24.de\/kontakt\/\">kontaktieren Sie uns bitte<\/a>, wir versuchen, Ihnen zu Ihrer Zufriedenheit entgegenzugehen.<\/strong><\/p>\n\n<p><em>Wird der Kaufvertrag unter Verwendung von Fernkommunikationsmitteln geschlossen, so hat der kaufende Verbraucher im Einklang mit den Bestimmungen des \u00a7 1829 Abs. 1 des B\u00fcrgerlichen Gesetzbuches das Recht, innerhalb von 14 Tagen nach \u00dcbernahme der Ware vom Vertrag zur\u00fcckzutreten. Der R\u00fccktritt vom Vertrag muss sp\u00e4testens am letzten Tag der 14-t\u00e4gigen Frist zugestellt werden.<\/em><\/p>\n\n<p>Die Ware, die Sie zur\u00fccksenden m\u00f6chten, muss funktionsf\u00e4hig sein und darf keine Gebrauchsspuren aufweisen. Sie muss also so aussehen, wie Sie es erhalten haben, einschlie\u00dflich Verpackungsmaterial und Zubeh\u00f6r. Wenn die Bestellung ein Geschenk enthielt, muss dieses ebenfalls in unbesch\u00e4digtem Zustand zur\u00fcckgesendet werden. Weist die Ware Gebrauchsspuren auf, werden wir oder der Hersteller sie wieder in den Originalzustand versetzen. Hierbei handelt es sich um eine kostenpflichtige Leistung, die bei der nachtr\u00e4glichen Gutschrift vom Kaufpreis der Ware abgezogen wird.<\/p>\n\n<h4 class=\"wp-block-heading\">Nach dem Ausf\u00fcllen des Formulars unten senden Sie die Ware an diese Adresse:<\/h4>\n\n<p>All4Customer, s.r.o.<br\/>Pohrani\u010dn\u00ed 25<br\/>703 00 Ostrava<\/p>\n\n<p>Die Ware muss unbesch\u00e4digt und in der Originalverpackung gesendet werden.<\/p>\n\n<p>Nach der Kontrolle der Ware erhalten Sie den vollen Betrag zur\u00fcckerstattet, einschlie\u00dflich Porto (nur wenn alle Artikel der Bestellung zur\u00fcckgegeben werden). Die Kosten f\u00fcr den R\u00fcckversand von Ihnen zu unserem Lager gehen zu Ihren Lasten (sie werden nicht erstattet). Wir empfehlen au\u00dferdem, die Sendung per Einschreiben zu versenden und diese zum Warenwert zu versichern. Nach Pr\u00fcfung der unbenutzten Ware erfolgt die Zahlung per \u00dcberweisung auf das von Ihnen im Formular angegebene Bankkonto.<\/p>\n\n<h4 class=\"wp-block-heading\">Der kaufende Verbraucher:<\/h4>\n\n<p>Der kaufende Verbraucher oder nur Verbraucher ist eine Person, die beim Abschluss und bei der Erf\u00fcllung des Vertrags im Rahmen eigener Gesch\u00e4fts- oder anderer Unternehmenst\u00e4tigkeit nicht handelt.<\/p>\n\n\t\t<div data-elementor-type=\"section\" data-elementor-id=\"204407\" class=\"elementor elementor-204407 elementor-16581\" data-elementor-post-type=\"elementor_library\">\n\t\t\t\t\t<div class=\"elementor-section-wrap\">\n\t\t\t\t\t\t\t\t<section class=\"elementor-section elementor-top-section elementor-element elementor-element-111c831d elementor-section-boxed elementor-section-height-default elementor-section-height-default\" data-id=\"111c831d\" data-element_type=\"section\">\n\t\t\t\t\t\t<div class=\"elementor-container elementor-column-gap-default\">\n\t\t\t\t\t\t\t<div class=\"elementor-row\">\n\t\t\t\t\t<div class=\"elementor-column elementor-col-100 elementor-top-column elementor-element elementor-element-2694d2b\" data-id=\"2694d2b\" data-element_type=\"column\">\n\t\t\t<div class=\"elementor-column-wrap elementor-element-populated\">\n\t\t\t\t\t\t\t<div class=\"elementor-widget-wrap\">\n\t\t\t\t\t\t<div class=\"elementor-element elementor-element-1644dda elementor-button-align-stretch elementor-widget elementor-widget-form\" data-id=\"1644dda\" data-element_type=\"widget\" data-settings=\"{&quot;step_next_label&quot;:&quot;N\\u00e4chste&quot;,&quot;step_previous_label&quot;:&quot;Zur\\u00fcck&quot;,&quot;step_type&quot;:&quot;text&quot;,&quot;button_width&quot;:&quot;100&quot;}\" data-widget_type=\"form.default\">\n\t\t\t\t<div class=\"elementor-widget-container\">\n\t\t\t\t\t<form class=\"elementor-form\" method=\"post\" name=\"R\u00fcckgaberecht\">\n\t\t\t<input type=\"hidden\" name=\"post_id\" value=\"204407\"\/>\n\t\t\t<input type=\"hidden\" name=\"form_id\" value=\"1644dda\"\/>\n\t\t\t<input type=\"hidden\" name=\"referer_title\" value=\"kunstbaum24.de\" \/>\n\n\t\t\t\n\t\t\t<div class=\"elementor-form-fields-wrapper elementor-labels-above\">\n\t\t\t\t\t\t\t\t<div class=\"elementor-field-type-html elementor-field-group elementor-column elementor-field-group-field_12262f6 elementor-col-100\">\n\t\t\t\t\t<span style=\"font-size: 24px\"><strong>1. Produktinformation<\/strong><\/span>\t\t\t\t<\/div>\n\t\t\t\t\t\t\t\t<div class=\"elementor-field-type-text elementor-field-group elementor-column elementor-field-group-c_objednavky elementor-col-50 elementor-field-required elementor-mark-required\">\n\t\t\t\t\t\t\t\t\t\t\t\t<label for=\"form-field-c_objednavky\" class=\"elementor-field-label\">\n\t\t\t\t\t\t\t\tBestell- oder Rechnungsnummer\t\t\t\t\t\t\t<\/label>\n\t\t\t\t\t\t\t\t\t\t\t\t\t\t<input size=\"1\" type=\"text\" name=\"form_fields[c_objednavky]\" id=\"form-field-c_objednavky\" class=\"elementor-field elementor-size-md  elementor-field-textual\" required=\"required\" aria-required=\"true\">\n\t\t\t\t\t\t\t\t\t\t\t<\/div>\n\t\t\t\t\t\t\t\t<div class=\"elementor-field-type-text elementor-field-group elementor-column elementor-field-group-nazev_produktu elementor-col-50 elementor-field-required elementor-mark-required\">\n\t\t\t\t\t\t\t\t\t\t\t\t<label for=\"form-field-nazev_produktu\" class=\"elementor-field-label\">\n\t\t\t\t\t\t\t\tProduktname\t\t\t\t\t\t\t<\/label>\n\t\t\t\t\t\t\t\t\t\t\t\t\t\t<input size=\"1\" type=\"text\" name=\"form_fields[nazev_produktu]\" id=\"form-field-nazev_produktu\" class=\"elementor-field elementor-size-md  elementor-field-textual\" required=\"required\" aria-required=\"true\">\n\t\t\t\t\t\t\t\t\t\t\t<\/div>\n\t\t\t\t\t\t\t\t<div class=\"elementor-field-type-text elementor-field-group elementor-column elementor-field-group-field_15782a9 elementor-col-100 elementor-field-required elementor-mark-required\">\n\t\t\t\t\t\t\t\t\t\t\t\t<label for=\"form-field-field_15782a9\" class=\"elementor-field-label\">\n\t\t\t\t\t\t\t\tBankkontonummer im Falle eines korrigierten Steuerbelegs\t\t\t\t\t\t\t<\/label>\n\t\t\t\t\t\t\t\t\t\t\t\t\t\t<input size=\"1\" type=\"text\" name=\"form_fields[field_15782a9]\" id=\"form-field-field_15782a9\" class=\"elementor-field elementor-size-md  elementor-field-textual\" required=\"required\" aria-required=\"true\">\n\t\t\t\t\t\t\t\t\t\t\t<\/div>\n\t\t\t\t\t\t\t\t<div class=\"elementor-field-type-upload elementor-field-group elementor-column elementor-field-group-field_8883b1e elementor-col-33\">\n\t\t\t\t\t\t\t\t\t\t\t\t<label for=\"form-field-field_8883b1e\" class=\"elementor-field-label\">\n\t\t\t\t\t\t\t\tFoto 1\t\t\t\t\t\t\t<\/label>\n\t\t\t\t\t\t\t\t<input type=\"file\" name=\"form_fields[field_8883b1e]\" id=\"form-field-field_8883b1e\" class=\"elementor-field elementor-size-md  elementor-upload-field\" data-maxsize=\"2\" data-maxsize-message=\"Diese Datei \u00fcbersteigt die maximale Dateigr\u00f6\u00dfe\">\n\n\t\t\t\t\t\t<\/div>\n\t\t\t\t\t\t\t\t<div class=\"elementor-field-type-upload elementor-field-group elementor-column elementor-field-group-field_f35fdc5 elementor-col-33\">\n\t\t\t\t\t\t\t\t\t\t\t\t<label for=\"form-field-field_f35fdc5\" class=\"elementor-field-label\">\n\t\t\t\t\t\t\t\tFoto 2\t\t\t\t\t\t\t<\/label>\n\t\t\t\t\t\t\t\t<input type=\"file\" name=\"form_fields[field_f35fdc5]\" id=\"form-field-field_f35fdc5\" class=\"elementor-field elementor-size-md  elementor-upload-field\" data-maxsize=\"2\" data-maxsize-message=\"Diese Datei \u00fcbersteigt die maximale Dateigr\u00f6\u00dfe\">\n\n\t\t\t\t\t\t<\/div>\n\t\t\t\t\t\t\t\t<div class=\"elementor-field-type-upload elementor-field-group elementor-column elementor-field-group-field_f1875f1 elementor-col-33\">\n\t\t\t\t\t\t\t\t\t\t\t\t<label for=\"form-field-field_f1875f1\" class=\"elementor-field-label\">\n\t\t\t\t\t\t\t\tFoto 3\t\t\t\t\t\t\t<\/label>\n\t\t\t\t\t\t\t\t<input type=\"file\" name=\"form_fields[field_f1875f1]\" id=\"form-field-field_f1875f1\" class=\"elementor-field elementor-size-md  elementor-upload-field\" data-maxsize=\"2\" data-maxsize-message=\"Diese Datei \u00fcbersteigt die maximale Dateigr\u00f6\u00dfe\">\n\n\t\t\t\t\t\t<\/div>\n\t\t\t\t\t\t\t\t<div class=\"elementor-field-type-html elementor-field-group elementor-column elementor-field-group-field_9166ca4 elementor-col-100\">\n\t\t\t\t\t<span style=\"font-size: 24px\"><strong>2. \n Kundeninformation<\/strong><\/span>\t\t\t\t<\/div>\n\t\t\t\t\t\t\t\t<div class=\"elementor-field-type-text elementor-field-group elementor-column elementor-field-group-jmeno elementor-col-50 elementor-field-required elementor-mark-required\">\n\t\t\t\t\t\t\t\t\t\t\t\t<label for=\"form-field-jmeno\" class=\"elementor-field-label\">\n\t\t\t\t\t\t\t\tIhr Vor- und Nachname\t\t\t\t\t\t\t<\/label>\n\t\t\t\t\t\t\t\t\t\t\t\t\t\t<input size=\"1\" type=\"text\" name=\"form_fields[jmeno]\" id=\"form-field-jmeno\" class=\"elementor-field elementor-size-md  elementor-field-textual\" required=\"required\" aria-required=\"true\">\n\t\t\t\t\t\t\t\t\t\t\t<\/div>\n\t\t\t\t\t\t\t\t<div class=\"elementor-field-type-text elementor-field-group elementor-column elementor-field-group-spolecnost elementor-col-50\">\n\t\t\t\t\t\t\t\t\t\t\t\t<label for=\"form-field-spolecnost\" class=\"elementor-field-label\">\n\t\t\t\t\t\t\t\tUnternehmen\t\t\t\t\t\t\t<\/label>\n\t\t\t\t\t\t\t\t\t\t\t\t\t\t<input size=\"1\" type=\"text\" name=\"form_fields[spolecnost]\" id=\"form-field-spolecnost\" class=\"elementor-field elementor-size-md  elementor-field-textual\">\n\t\t\t\t\t\t\t\t\t\t\t<\/div>\n\t\t\t\t\t\t\t\t<div class=\"elementor-field-type-text elementor-field-group elementor-column elementor-field-group-adresa elementor-col-33 elementor-field-required elementor-mark-required\">\n\t\t\t\t\t\t\t\t\t\t\t\t<label for=\"form-field-adresa\" class=\"elementor-field-label\">\n\t\t\t\t\t\t\t\tStra\u00dfe und Hausnummer\t\t\t\t\t\t\t<\/label>\n\t\t\t\t\t\t\t\t\t\t\t\t\t\t<input size=\"1\" type=\"text\" name=\"form_fields[adresa]\" id=\"form-field-adresa\" class=\"elementor-field elementor-size-md  elementor-field-textual\" required=\"required\" aria-required=\"true\">\n\t\t\t\t\t\t\t\t\t\t\t<\/div>\n\t\t\t\t\t\t\t\t<div class=\"elementor-field-type-text elementor-field-group elementor-column elementor-field-group-mesto elementor-col-33 elementor-field-required elementor-mark-required\">\n\t\t\t\t\t\t\t\t\t\t\t\t<label for=\"form-field-mesto\" class=\"elementor-field-label\">\n\t\t\t\t\t\t\t\tStadt\t\t\t\t\t\t\t<\/label>\n\t\t\t\t\t\t\t\t\t\t\t\t\t\t<input size=\"1\" type=\"text\" name=\"form_fields[mesto]\" id=\"form-field-mesto\" class=\"elementor-field elementor-size-md  elementor-field-textual\" required=\"required\" aria-required=\"true\">\n\t\t\t\t\t\t\t\t\t\t\t<\/div>\n\t\t\t\t\t\t\t\t<div class=\"elementor-field-type-text elementor-field-group elementor-column elementor-field-group-psc elementor-col-33 elementor-field-required elementor-mark-required\">\n\t\t\t\t\t\t\t\t\t\t\t\t<label for=\"form-field-psc\" class=\"elementor-field-label\">\n\t\t\t\t\t\t\t\tPostleitzahl\t\t\t\t\t\t\t<\/label>\n\t\t\t\t\t\t\t\t\t\t\t\t\t\t<input size=\"1\" type=\"text\" name=\"form_fields[psc]\" id=\"form-field-psc\" class=\"elementor-field elementor-size-md  elementor-field-textual\" required=\"required\" aria-required=\"true\">\n\t\t\t\t\t\t\t\t\t\t\t<\/div>\n\t\t\t\t\t\t\t\t<div class=\"elementor-field-type-text elementor-field-group elementor-column elementor-field-group-telefon elementor-col-50 elementor-field-required elementor-mark-required\">\n\t\t\t\t\t\t\t\t\t\t\t\t<label for=\"form-field-telefon\" class=\"elementor-field-label\">\n\t\t\t\t\t\t\t\tTelefon\t\t\t\t\t\t\t<\/label>\n\t\t\t\t\t\t\t\t\t\t\t\t\t\t<input size=\"1\" type=\"text\" name=\"form_fields[telefon]\" id=\"form-field-telefon\" class=\"elementor-field elementor-size-md  elementor-field-textual\" required=\"required\" aria-required=\"true\">\n\t\t\t\t\t\t\t\t\t\t\t<\/div>\n\t\t\t\t\t\t\t\t<div class=\"elementor-field-type-email elementor-field-group elementor-column elementor-field-group-e_mail elementor-col-50 elementor-field-required elementor-mark-required\">\n\t\t\t\t\t\t\t\t\t\t\t\t<label for=\"form-field-e_mail\" class=\"elementor-field-label\">\n\t\t\t\t\t\t\t\tE-mail\t\t\t\t\t\t\t<\/label>\n\t\t\t\t\t\t\t\t\t\t\t\t\t\t<input size=\"1\" type=\"email\" name=\"form_fields[e_mail]\" id=\"form-field-e_mail\" class=\"elementor-field elementor-size-md  elementor-field-textual\" required=\"required\" aria-required=\"true\">\n\t\t\t\t\t\t\t\t\t\t\t<\/div>\n\t\t\t\t\t\t\t\t<div class=\"elementor-field-type-textarea elementor-field-group elementor-column elementor-field-group-poznamka elementor-col-100\">\n\t\t\t\t\t\t\t\t\t\t\t\t<label for=\"form-field-poznamka\" class=\"elementor-field-label\">\n\t\t\t\t\t\t\t\tNotiz\t\t\t\t\t\t\t<\/label>\n\t\t\t\t\t\t<textarea class=\"elementor-field-textual elementor-field  elementor-size-md\" name=\"form_fields[poznamka]\" id=\"form-field-poznamka\" rows=\"4\"><\/textarea>\t\t\t\t<\/div>\n\t\t\t\t\t\t\t\t<div class=\"elementor-field-type-text\">\n\t\t\t\t\t<input size=\"1\" type=\"text\" name=\"form_fields[field_27ab9cb]\" id=\"form-field-field_27ab9cb\" class=\"elementor-field elementor-size-md \" style=\"display:none !important;\">\t\t\t\t<\/div>\n\t\t\t\t\t\t\t\t<div class=\"elementor-field-group elementor-column elementor-field-type-submit elementor-col-100 e-form__buttons\">\n\t\t\t\t\t<button type=\"submit\" class=\"elementor-button elementor-size-md\">\n\t\t\t\t\t\t<span >\n\t\t\t\t\t\t\t\t\t\t\t\t\t\t\t<span class=\" elementor-button-icon\">\n\t\t\t\t\t\t\t\t\t\t\t\t\t\t\t\t\t\t\t\t\t\t\t\t\t\t<\/span>\n\t\t\t\t\t\t\t\t\t\t\t\t\t\t\t\t\t\t\t\t\t\t<span class=\"elementor-button-text\">das Formular absenden<\/span>\n\t\t\t\t\t\t\t\t\t\t\t\t\t<\/span>\n\t\t\t\t\t<\/button>\n\t\t\t\t<\/div>\n\t\t\t<\/div>\n\t\t<\/form>\n\t\t\t\t<\/div>\n\t\t\t\t<\/div>\n\t\t\t\t\t\t<\/div>\n\t\t\t\t\t<\/div>\n\t\t<\/div>\n\t\t\t\t\t\t\t\t<\/div>\n\t\t\t\t\t<\/div>\n\t\t<\/section>\n\t\t\t\t\t\t\t<\/div>\n\t\t\t\t<\/div>\n\t\t\n","protected":false},"excerpt":{"rendered":"<p>Es tut uns sehr leid, dass Sie mit unserem Weihnachtsbaum nicht zufrieden sind und ihn zur\u00fccksenden m\u00f6chten. Wenn wir irgendetwas f\u00fcr Sie tun k\u00f6nnen, kontaktieren Sie uns bitte, wir versuchen, Ihnen zu Ihrer Zufriedenheit entgegenzugehen. Wird der Kaufvertrag unter Verwendung von Fernkommunikationsmitteln geschlossen, so hat der kaufende Verbraucher im Einklang mit den Bestimmungen des \u00a7 [&hellip;]<\/p>\n","protected":false},"author":3,"featured_media":0,"parent":0,"menu_order":0,"comment_status":"closed","ping_status":"closed","template":"","meta":{"footnotes":""},"class_list":["post-204405","page","type-page","status-publish","hentry"],"featured_image_urls":{"full":"","thumbnail":"","medium":"","medium_large":"","large":"","1536x1536":"","2048x2048":"","woocommerce_thumbnail":"","woocommerce_single":"","woocommerce_gallery_thumbnail":""},"post_excerpt_stackable":"<p>Es tut uns sehr leid, dass Sie mit unserem Weihnachtsbaum nicht zufrieden sind und ihn zur\u00fccksenden m\u00f6chten. Wenn wir irgendetwas f\u00fcr Sie tun k\u00f6nnen, kontaktieren Sie uns bitte, wir versuchen, Ihnen zu Ihrer Zufriedenheit entgegenzugehen. Wird der Kaufvertrag unter Verwendung von Fernkommunikationsmitteln geschlossen, so hat der kaufende Verbraucher im Einklang mit den Bestimmungen des \u00a7 1829 Abs. 1 des B\u00fcrgerlichen Gesetzbuches das Recht, innerhalb von 14 Tagen nach \u00dcbernahme der Ware vom Vertrag zur\u00fcckzutreten. Der R\u00fccktritt vom Vertrag muss sp\u00e4testens am letzten Tag der 14-t\u00e4gigen Frist zugestellt werden. Die Ware, die Sie zur\u00fccksenden m\u00f6chten, muss funktionsf\u00e4hig sein und darf keine&hellip;<\/p>\n","category_list":"","author_info":{"name":"Tomas Turon","url":"https:\/\/old2024.mujstromecek.cz\/de\/author\/tomas\/"},"comments_num":"0 comments","featured_image_urls_v2":{"full":"","thumbnail":"","medium":"","medium_large":"","large":"","1536x1536":"","2048x2048":"","woocommerce_thumbnail":"","woocommerce_single":"","woocommerce_gallery_thumbnail":""},"post_excerpt_stackable_v2":"<p>Es tut uns sehr leid, dass Sie mit unserem Weihnachtsbaum nicht zufrieden sind und ihn zur\u00fccksenden m\u00f6chten. Wenn wir irgendetwas f\u00fcr Sie tun k\u00f6nnen, kontaktieren Sie uns bitte, wir versuchen, Ihnen zu Ihrer Zufriedenheit entgegenzugehen. Wird der Kaufvertrag unter Verwendung von Fernkommunikationsmitteln geschlossen, so hat der kaufende Verbraucher im Einklang mit den Bestimmungen des \u00a7 1829 Abs. 1 des B\u00fcrgerlichen Gesetzbuches das Recht, innerhalb von 14 Tagen nach \u00dcbernahme der Ware vom Vertrag zur\u00fcckzutreten. Der R\u00fccktritt vom Vertrag muss sp\u00e4testens am letzten Tag der 14-t\u00e4gigen Frist zugestellt werden. Die Ware, die Sie zur\u00fccksenden m\u00f6chten, muss funktionsf\u00e4hig sein und darf keine&hellip;<\/p>\n","category_list_v2":"","author_info_v2":{"name":"Tomas Turon","url":"https:\/\/old2024.mujstromecek.cz\/de\/author\/tomas\/"},"comments_num_v2":"0 comments","yoast_head":"<!-- This site is optimized with the Yoast SEO plugin v21.1 - https:\/\/yoast.com\/wordpress\/plugins\/seo\/ -->\n<title>R\u00fcckgaberecht - kunstbaum24.de<\/title>\n<meta name=\"robots\" content=\"noindex, follow, max-snippet:-1, max-image-preview:large, max-video-preview:-1\" \/>\n<meta property=\"og:locale\" content=\"de_DE\" \/>\n<meta property=\"og:type\" content=\"article\" \/>\n<meta property=\"og:title\" content=\"R\u00fcckgaberecht - kunstbaum24.de\" \/>\n<meta property=\"og:description\" content=\"Es tut uns sehr leid, dass Sie mit unserem Weihnachtsbaum nicht zufrieden sind und ihn zur\u00fccksenden m\u00f6chten. Wenn wir irgendetwas f\u00fcr Sie tun k\u00f6nnen, kontaktieren Sie uns bitte, wir versuchen, Ihnen zu Ihrer Zufriedenheit entgegenzugehen. Wird der Kaufvertrag unter Verwendung von Fernkommunikationsmitteln geschlossen, so hat der kaufende Verbraucher im Einklang mit den Bestimmungen des \u00a7 [&hellip;]\" \/>\n<meta property=\"og:url\" content=\"https:\/\/old2024.mujstromecek.cz\/de\/rueckgaberecht\/\" \/>\n<meta property=\"og:site_name\" content=\"kunstbaum24.de\" \/>\n<meta property=\"article:modified_time\" content=\"2022-10-28T15:30:08+00:00\" \/>\n<meta name=\"twitter:card\" content=\"summary_large_image\" \/>\n<meta name=\"twitter:label1\" content=\"Gesch\u00e4tzte Lesezeit\" \/>\n\t<meta name=\"twitter:data1\" content=\"2\u00a0Minuten\" \/>\n<script type=\"application\/ld+json\" class=\"yoast-schema-graph\">{\"@context\":\"https:\/\/schema.org\",\"@graph\":[{\"@type\":\"WebPage\",\"@id\":\"https:\/\/old2024.mujstromecek.cz\/de\/rueckgaberecht\/\",\"url\":\"https:\/\/old2024.mujstromecek.cz\/de\/rueckgaberecht\/\",\"name\":\"R\u00fcckgaberecht - kunstbaum24.de\",\"isPartOf\":{\"@id\":\"https:\/\/mojstromcek.sk\/#website\"},\"datePublished\":\"2022-09-09T13:20:24+00:00\",\"dateModified\":\"2022-10-28T15:30:08+00:00\",\"breadcrumb\":{\"@id\":\"https:\/\/old2024.mujstromecek.cz\/de\/rueckgaberecht\/#breadcrumb\"},\"inLanguage\":\"de\",\"potentialAction\":[{\"@type\":\"ReadAction\",\"target\":[\"https:\/\/old2024.mujstromecek.cz\/de\/rueckgaberecht\/\"]}]},{\"@type\":\"BreadcrumbList\",\"@id\":\"https:\/\/old2024.mujstromecek.cz\/de\/rueckgaberecht\/#breadcrumb\",\"itemListElement\":[{\"@type\":\"ListItem\",\"position\":1,\"name\":\"Dom\u016f\",\"item\":\"https:\/\/kunstbaum24.de\/\"},{\"@type\":\"ListItem\",\"position\":2,\"name\":\"R\u00fcckgaberecht\"}]},{\"@type\":\"WebSite\",\"@id\":\"https:\/\/mojstromcek.sk\/#website\",\"url\":\"https:\/\/mojstromcek.sk\/\",\"name\":\"kunstbaum24.de\",\"description\":\"Online prodej ru\u010dn\u011b vyr\u00e1b\u011bn\u00fdch um\u011bl\u00fdch v\u00e1no\u010dn\u00edch stromk\u016f.\",\"potentialAction\":[{\"@type\":\"SearchAction\",\"target\":{\"@type\":\"EntryPoint\",\"urlTemplate\":\"https:\/\/mojstromcek.sk\/?s={search_term_string}\"},\"query-input\":\"required name=search_term_string\"}],\"inLanguage\":\"de\"}]}<\/script>\n<!-- \/ Yoast SEO plugin. -->","yoast_head_json":{"title":"R\u00fcckgaberecht - kunstbaum24.de","robots":{"index":"noindex","follow":"follow","max-snippet":"max-snippet:-1","max-image-preview":"max-image-preview:large","max-video-preview":"max-video-preview:-1"},"og_locale":"de_DE","og_type":"article","og_title":"R\u00fcckgaberecht - kunstbaum24.de","og_description":"Es tut uns sehr leid, dass Sie mit unserem Weihnachtsbaum nicht zufrieden sind und ihn zur\u00fccksenden m\u00f6chten. Wenn wir irgendetwas f\u00fcr Sie tun k\u00f6nnen, kontaktieren Sie uns bitte, wir versuchen, Ihnen zu Ihrer Zufriedenheit entgegenzugehen. Wird der Kaufvertrag unter Verwendung von Fernkommunikationsmitteln geschlossen, so hat der kaufende Verbraucher im Einklang mit den Bestimmungen des \u00a7 [&hellip;]","og_url":"https:\/\/old2024.mujstromecek.cz\/de\/rueckgaberecht\/","og_site_name":"kunstbaum24.de","article_modified_time":"2022-10-28T15:30:08+00:00","twitter_card":"summary_large_image","twitter_misc":{"Gesch\u00e4tzte Lesezeit":"2\u00a0Minuten"},"schema":{"@context":"https:\/\/schema.org","@graph":[{"@type":"WebPage","@id":"https:\/\/old2024.mujstromecek.cz\/de\/rueckgaberecht\/","url":"https:\/\/old2024.mujstromecek.cz\/de\/rueckgaberecht\/","name":"R\u00fcckgaberecht - kunstbaum24.de","isPartOf":{"@id":"https:\/\/mojstromcek.sk\/#website"},"datePublished":"2022-09-09T13:20:24+00:00","dateModified":"2022-10-28T15:30:08+00:00","breadcrumb":{"@id":"https:\/\/old2024.mujstromecek.cz\/de\/rueckgaberecht\/#breadcrumb"},"inLanguage":"de","potentialAction":[{"@type":"ReadAction","target":["https:\/\/old2024.mujstromecek.cz\/de\/rueckgaberecht\/"]}]},{"@type":"BreadcrumbList","@id":"https:\/\/old2024.mujstromecek.cz\/de\/rueckgaberecht\/#breadcrumb","itemListElement":[{"@type":"ListItem","position":1,"name":"Dom\u016f","item":"https:\/\/kunstbaum24.de\/"},{"@type":"ListItem","position":2,"name":"R\u00fcckgaberecht"}]},{"@type":"WebSite","@id":"https:\/\/mojstromcek.sk\/#website","url":"https:\/\/mojstromcek.sk\/","name":"kunstbaum24.de","description":"Online prodej ru\u010dn\u011b vyr\u00e1b\u011bn\u00fdch um\u011bl\u00fdch v\u00e1no\u010dn\u00edch stromk\u016f.","potentialAction":[{"@type":"SearchAction","target":{"@type":"EntryPoint","urlTemplate":"https:\/\/mojstromcek.sk\/?s={search_term_string}"},"query-input":"required name=search_term_string"}],"inLanguage":"de"}]}},"_links":{"self":[{"href":"https:\/\/old2024.mujstromecek.cz\/de\/wp-json\/wp\/v2\/pages\/204405","targetHints":{"allow":["GET"]}}],"collection":[{"href":"https:\/\/old2024.mujstromecek.cz\/de\/wp-json\/wp\/v2\/pages"}],"about":[{"href":"https:\/\/old2024.mujstromecek.cz\/de\/wp-json\/wp\/v2\/types\/page"}],"author":[{"embeddable":true,"href":"https:\/\/old2024.mujstromecek.cz\/de\/wp-json\/wp\/v2\/users\/3"}],"replies":[{"embeddable":true,"href":"https:\/\/old2024.mujstromecek.cz\/de\/wp-json\/wp\/v2\/comments?post=204405"}],"version-history":[{"count":1,"href":"https:\/\/old2024.mujstromecek.cz\/de\/wp-json\/wp\/v2\/pages\/204405\/revisions"}],"predecessor-version":[{"id":204406,"href":"https:\/\/old2024.mujstromecek.cz\/de\/wp-json\/wp\/v2\/pages\/204405\/revisions\/204406"}],"wp:attachment":[{"href":"https:\/\/old2024.mujstromecek.cz\/de\/wp-json\/wp\/v2\/media?parent=204405"}],"curies":[{"name":"wp","href":"https:\/\/api.w.org\/{rel}","templated":true}]}}