{"id":204401,"date":"2022-09-09T13:13:39","date_gmt":"2022-09-09T13:13:39","guid":{"rendered":"https:\/\/mujstromecek.cz\/grosshandel\/"},"modified":"2023-02-10T06:53:04","modified_gmt":"2023-02-10T06:53:04","slug":"grosshandel","status":"publish","type":"page","link":"https:\/\/old2024.mujstromecek.cz\/de\/grosshandel\/","title":{"rendered":"Gro\u00dfhandel"},"content":{"rendered":"\n<h2 class=\"wp-block-heading\">Wir suchen Verk\u00e4ufer f\u00fcr k\u00fcnstliche Weihnachtsb\u00e4ume<\/h2>\n\n<h3 class=\"wp-block-heading\">Wir bieten interessante Bedingungen sowohl f\u00fcr E-Shops, als auch f\u00fcr Gesch\u00e4fte. Zusammenarbeit kontaktieren m\u00f6chten, kontaktieren Sie uns per E-Mail b2b@allforcustomer.com oder unter Telefonnummer 724 708 057.<\/h3>\n\n<h3 class=\"wp-block-heading\">Wenn Sie uns bez\u00fcglich einer Zusammenarbeit kontaktieren m\u00f6chten, kontaktieren Sie uns per E-Mail <a href=\"mailto:b2b@allforcustomer.com\"><strong>b2b@allforcustomer.com<\/strong><\/a> oder unter Telefonnummer 724 708 057.<\/h3>\n\n<p><strong>Warum sollte man mit uns zusammenarbeiten:<\/strong><\/p>\n\n<ul class=\"wp-block-list\"><li><strong>Gro\u00dfe Warenauswahl<\/strong> und sofortige Lagerbest\u00e4nde<\/li><li>Verf\u00fcgbarer <strong>XML feed<\/strong><\/li><li><strong>B2B-System<\/strong> f\u00fcr einfache Bestellung<\/li><li><strong>G\u00fcnstige Preise<\/strong> f\u00fcr Partner<\/li><li>Die M\u00f6glichkeit, auch <strong>kleine Warenmengen zu bestellen<\/strong><\/li><li>Regelm\u00e4\u00dfige <strong>Erweiterung des Sortiments<\/strong> nach den neuesten Trends<\/li><\/ul>\n<h3 class=\"wp-block-heading\">Wenn Sie uns bez\u00fcglich einer Zusammenarbeit kontaktieren m\u00f6chten, kontaktieren Sie uns per E-Mail <a href=\"mailto:b2b@allforcustomer.com\"><strong>b2b@allforcustomer.com<\/strong><\/a> oder unter Telefonnummer 724 708 057.<\/h3>\n","protected":false},"excerpt":{"rendered":"<p>Wir suchen Verk\u00e4ufer f\u00fcr k\u00fcnstliche Weihnachtsb\u00e4ume Wir bieten interessante Bedingungen sowohl f\u00fcr E-Shops, als auch f\u00fcr Gesch\u00e4fte. Zusammenarbeit kontaktieren m\u00f6chten, kontaktieren Sie uns per E-Mail b2b@allforcustomer.com oder unter Telefonnummer 724 708 057. Wenn Sie uns bez\u00fcglich einer Zusammenarbeit kontaktieren m\u00f6chten, kontaktieren Sie uns per E-Mail b2b@allforcustomer.com oder unter Telefonnummer 724 708 057. Warum sollte man [&hellip;]<\/p>\n","protected":false},"author":3,"featured_media":100461,"parent":0,"menu_order":0,"comment_status":"closed","ping_status":"closed","template":"","meta":{"footnotes":""},"class_list":["post-204401","page","type-page","status-publish","has-post-thumbnail","hentry"],"featured_image_urls":{"full":["https:\/\/old2024.mujstromecek.cz\/wp-content\/uploads\/2021\/05\/velkoobchod.jpg",2440,240,false],"thumbnail":["https:\/\/old2024.mujstromecek.cz\/wp-content\/uploads\/2021\/05\/velkoobchod-150x150.jpg",150,150,true],"medium":["https:\/\/old2024.mujstromecek.cz\/wp-content\/uploads\/2021\/05\/velkoobchod-300x30.jpg",300,30,true],"medium_large":["https:\/\/old2024.mujstromecek.cz\/wp-content\/uploads\/2021\/05\/velkoobchod-768x76.jpg",768,76,true],"large":["https:\/\/old2024.mujstromecek.cz\/wp-content\/uploads\/2021\/05\/velkoobchod-1024x101.jpg",800,79,true],"1536x1536":["https:\/\/old2024.mujstromecek.cz\/wp-content\/uploads\/2021\/05\/velkoobchod-1536x151.jpg",1536,151,true],"2048x2048":["https:\/\/old2024.mujstromecek.cz\/wp-content\/uploads\/2021\/05\/velkoobchod-2048x201.jpg",2048,201,true],"woocommerce_thumbnail":["https:\/\/old2024.mujstromecek.cz\/wp-content\/uploads\/2021\/05\/velkoobchod-300x30.jpg",300,30,true],"woocommerce_single":["https:\/\/old2024.mujstromecek.cz\/wp-content\/uploads\/2021\/05\/velkoobchod-600x59.jpg",600,59,true],"woocommerce_gallery_thumbnail":["https:\/\/old2024.mujstromecek.cz\/wp-content\/uploads\/2021\/05\/velkoobchod-100x100.jpg",100,100,true]},"post_excerpt_stackable":"<p>Wir suchen Verk\u00e4ufer f\u00fcr k\u00fcnstliche Weihnachtsb\u00e4ume Wir bieten interessante Bedingungen sowohl f\u00fcr E-Shops, als auch f\u00fcr Gesch\u00e4fte. Zusammenarbeit kontaktieren m\u00f6chten, kontaktieren Sie uns per E-Mail b2b@allforcustomer.com oder unter Telefonnummer 724 708 057. Wenn Sie uns bez\u00fcglich einer Zusammenarbeit kontaktieren m\u00f6chten, kontaktieren Sie uns per E-Mail b2b@allforcustomer.com oder unter Telefonnummer 724 708 057. Warum sollte man mit uns zusammenarbeiten: Gro\u00dfe Warenauswahl und sofortige Lagerbest\u00e4ndeVerf\u00fcgbarer XML feedB2B-System f\u00fcr einfache BestellungG\u00fcnstige Preise f\u00fcr PartnerDie M\u00f6glichkeit, auch kleine Warenmengen zu bestellenRegelm\u00e4\u00dfige Erweiterung des Sortiments nach den neuesten Trends Wenn Sie uns bez\u00fcglich einer Zusammenarbeit kontaktieren m\u00f6chten, kontaktieren Sie uns per E-Mail b2b@allforcustomer.com oder unter&hellip;<\/p>\n","category_list":"","author_info":{"name":"Tomas Turon","url":"https:\/\/old2024.mujstromecek.cz\/de\/author\/tomas\/"},"comments_num":"0 comments","featured_image_urls_v2":{"full":["https:\/\/old2024.mujstromecek.cz\/wp-content\/uploads\/2021\/05\/velkoobchod.jpg",2440,240,false],"thumbnail":["https:\/\/old2024.mujstromecek.cz\/wp-content\/uploads\/2021\/05\/velkoobchod-150x150.jpg",150,150,true],"medium":["https:\/\/old2024.mujstromecek.cz\/wp-content\/uploads\/2021\/05\/velkoobchod-300x30.jpg",300,30,true],"medium_large":["https:\/\/old2024.mujstromecek.cz\/wp-content\/uploads\/2021\/05\/velkoobchod-768x76.jpg",768,76,true],"large":["https:\/\/old2024.mujstromecek.cz\/wp-content\/uploads\/2021\/05\/velkoobchod-1024x101.jpg",800,79,true],"1536x1536":["https:\/\/old2024.mujstromecek.cz\/wp-content\/uploads\/2021\/05\/velkoobchod-1536x151.jpg",1536,151,true],"2048x2048":["https:\/\/old2024.mujstromecek.cz\/wp-content\/uploads\/2021\/05\/velkoobchod-2048x201.jpg",2048,201,true],"woocommerce_thumbnail":["https:\/\/old2024.mujstromecek.cz\/wp-content\/uploads\/2021\/05\/velkoobchod-300x30.jpg",300,30,true],"woocommerce_single":["https:\/\/old2024.mujstromecek.cz\/wp-content\/uploads\/2021\/05\/velkoobchod-600x59.jpg",600,59,true],"woocommerce_gallery_thumbnail":["https:\/\/old2024.mujstromecek.cz\/wp-content\/uploads\/2021\/05\/velkoobchod-100x100.jpg",100,100,true]},"post_excerpt_stackable_v2":"<p>Wir suchen Verk\u00e4ufer f\u00fcr k\u00fcnstliche Weihnachtsb\u00e4ume Wir bieten interessante Bedingungen sowohl f\u00fcr E-Shops, als auch f\u00fcr Gesch\u00e4fte. Zusammenarbeit kontaktieren m\u00f6chten, kontaktieren Sie uns per E-Mail b2b@allforcustomer.com oder unter Telefonnummer 724 708 057. Wenn Sie uns bez\u00fcglich einer Zusammenarbeit kontaktieren m\u00f6chten, kontaktieren Sie uns per E-Mail b2b@allforcustomer.com oder unter Telefonnummer 724 708 057. Warum sollte man mit uns zusammenarbeiten: Gro\u00dfe Warenauswahl und sofortige Lagerbest\u00e4ndeVerf\u00fcgbarer XML feedB2B-System f\u00fcr einfache BestellungG\u00fcnstige Preise f\u00fcr PartnerDie M\u00f6glichkeit, auch kleine Warenmengen zu bestellenRegelm\u00e4\u00dfige Erweiterung des Sortiments nach den neuesten Trends Wenn Sie uns bez\u00fcglich einer Zusammenarbeit kontaktieren m\u00f6chten, kontaktieren Sie uns per E-Mail b2b@allforcustomer.com oder unter&hellip;<\/p>\n","category_list_v2":"","author_info_v2":{"name":"Tomas Turon","url":"https:\/\/old2024.mujstromecek.cz\/de\/author\/tomas\/"},"comments_num_v2":"0 comments","yoast_head":"<!-- This site is optimized with the Yoast SEO plugin v21.1 - https:\/\/yoast.com\/wordpress\/plugins\/seo\/ -->\n<title>Gro\u00dfhandel - kunstbaum24.de<\/title>\n<meta name=\"robots\" content=\"noindex, follow, max-snippet:-1, max-image-preview:large, max-video-preview:-1\" \/>\n<meta property=\"og:locale\" content=\"de_DE\" \/>\n<meta property=\"og:type\" content=\"article\" \/>\n<meta property=\"og:title\" content=\"Gro\u00dfhandel - kunstbaum24.de\" \/>\n<meta property=\"og:description\" content=\"Wir suchen Verk\u00e4ufer f\u00fcr k\u00fcnstliche Weihnachtsb\u00e4ume Wir bieten interessante Bedingungen sowohl f\u00fcr E-Shops, als auch f\u00fcr Gesch\u00e4fte. Zusammenarbeit kontaktieren m\u00f6chten, kontaktieren Sie uns per E-Mail b2b@allforcustomer.com oder unter Telefonnummer 724 708 057. Wenn Sie uns bez\u00fcglich einer Zusammenarbeit kontaktieren m\u00f6chten, kontaktieren Sie uns per E-Mail b2b@allforcustomer.com oder unter Telefonnummer 724 708 057. Warum sollte man [&hellip;]\" \/>\n<meta property=\"og:url\" content=\"https:\/\/old2024.mujstromecek.cz\/de\/grosshandel\/\" \/>\n<meta property=\"og:site_name\" content=\"kunstbaum24.de\" \/>\n<meta property=\"article:modified_time\" content=\"2023-02-10T06:53:04+00:00\" \/>\n<meta property=\"og:image\" content=\"https:\/\/kunstbaum24.de\/wp-content\/uploads\/2021\/05\/velkoobchod.jpg\" \/>\n\t<meta property=\"og:image:width\" content=\"2440\" \/>\n\t<meta property=\"og:image:height\" content=\"240\" \/>\n\t<meta property=\"og:image:type\" content=\"image\/jpeg\" \/>\n<meta name=\"twitter:card\" content=\"summary_large_image\" \/>\n<meta name=\"twitter:label1\" content=\"Gesch\u00e4tzte Lesezeit\" \/>\n\t<meta name=\"twitter:data1\" content=\"1\u00a0Minute\" \/>\n<script type=\"application\/ld+json\" class=\"yoast-schema-graph\">{\"@context\":\"https:\/\/schema.org\",\"@graph\":[{\"@type\":\"WebPage\",\"@id\":\"https:\/\/old2024.mujstromecek.cz\/de\/grosshandel\/\",\"url\":\"https:\/\/old2024.mujstromecek.cz\/de\/grosshandel\/\",\"name\":\"Gro\u00dfhandel - kunstbaum24.de\",\"isPartOf\":{\"@id\":\"https:\/\/mojstromcek.sk\/#website\"},\"datePublished\":\"2022-09-09T13:13:39+00:00\",\"dateModified\":\"2023-02-10T06:53:04+00:00\",\"breadcrumb\":{\"@id\":\"https:\/\/old2024.mujstromecek.cz\/de\/grosshandel\/#breadcrumb\"},\"inLanguage\":\"de\",\"potentialAction\":[{\"@type\":\"ReadAction\",\"target\":[\"https:\/\/old2024.mujstromecek.cz\/de\/grosshandel\/\"]}]},{\"@type\":\"BreadcrumbList\",\"@id\":\"https:\/\/old2024.mujstromecek.cz\/de\/grosshandel\/#breadcrumb\",\"itemListElement\":[{\"@type\":\"ListItem\",\"position\":1,\"name\":\"Dom\u016f\",\"item\":\"https:\/\/kunstbaum24.de\/\"},{\"@type\":\"ListItem\",\"position\":2,\"name\":\"Gro\u00dfhandel\"}]},{\"@type\":\"WebSite\",\"@id\":\"https:\/\/mojstromcek.sk\/#website\",\"url\":\"https:\/\/mojstromcek.sk\/\",\"name\":\"kunstbaum24.de\",\"description\":\"Online prodej ru\u010dn\u011b vyr\u00e1b\u011bn\u00fdch um\u011bl\u00fdch v\u00e1no\u010dn\u00edch stromk\u016f.\",\"potentialAction\":[{\"@type\":\"SearchAction\",\"target\":{\"@type\":\"EntryPoint\",\"urlTemplate\":\"https:\/\/mojstromcek.sk\/?s={search_term_string}\"},\"query-input\":\"required name=search_term_string\"}],\"inLanguage\":\"de\"}]}<\/script>\n<!-- \/ Yoast SEO plugin. -->","yoast_head_json":{"title":"Gro\u00dfhandel - kunstbaum24.de","robots":{"index":"noindex","follow":"follow","max-snippet":"max-snippet:-1","max-image-preview":"max-image-preview:large","max-video-preview":"max-video-preview:-1"},"og_locale":"de_DE","og_type":"article","og_title":"Gro\u00dfhandel - kunstbaum24.de","og_description":"Wir suchen Verk\u00e4ufer f\u00fcr k\u00fcnstliche Weihnachtsb\u00e4ume Wir bieten interessante Bedingungen sowohl f\u00fcr E-Shops, als auch f\u00fcr Gesch\u00e4fte. Zusammenarbeit kontaktieren m\u00f6chten, kontaktieren Sie uns per E-Mail b2b@allforcustomer.com oder unter Telefonnummer 724 708 057. Wenn Sie uns bez\u00fcglich einer Zusammenarbeit kontaktieren m\u00f6chten, kontaktieren Sie uns per E-Mail b2b@allforcustomer.com oder unter Telefonnummer 724 708 057. Warum sollte man [&hellip;]","og_url":"https:\/\/old2024.mujstromecek.cz\/de\/grosshandel\/","og_site_name":"kunstbaum24.de","article_modified_time":"2023-02-10T06:53:04+00:00","og_image":[{"width":2440,"height":240,"url":"https:\/\/kunstbaum24.de\/wp-content\/uploads\/2021\/05\/velkoobchod.jpg","type":"image\/jpeg"}],"twitter_card":"summary_large_image","twitter_misc":{"Gesch\u00e4tzte Lesezeit":"1\u00a0Minute"},"schema":{"@context":"https:\/\/schema.org","@graph":[{"@type":"WebPage","@id":"https:\/\/old2024.mujstromecek.cz\/de\/grosshandel\/","url":"https:\/\/old2024.mujstromecek.cz\/de\/grosshandel\/","name":"Gro\u00dfhandel - kunstbaum24.de","isPartOf":{"@id":"https:\/\/mojstromcek.sk\/#website"},"datePublished":"2022-09-09T13:13:39+00:00","dateModified":"2023-02-10T06:53:04+00:00","breadcrumb":{"@id":"https:\/\/old2024.mujstromecek.cz\/de\/grosshandel\/#breadcrumb"},"inLanguage":"de","potentialAction":[{"@type":"ReadAction","target":["https:\/\/old2024.mujstromecek.cz\/de\/grosshandel\/"]}]},{"@type":"BreadcrumbList","@id":"https:\/\/old2024.mujstromecek.cz\/de\/grosshandel\/#breadcrumb","itemListElement":[{"@type":"ListItem","position":1,"name":"Dom\u016f","item":"https:\/\/kunstbaum24.de\/"},{"@type":"ListItem","position":2,"name":"Gro\u00dfhandel"}]},{"@type":"WebSite","@id":"https:\/\/mojstromcek.sk\/#website","url":"https:\/\/mojstromcek.sk\/","name":"kunstbaum24.de","description":"Online prodej ru\u010dn\u011b vyr\u00e1b\u011bn\u00fdch um\u011bl\u00fdch v\u00e1no\u010dn\u00edch stromk\u016f.","potentialAction":[{"@type":"SearchAction","target":{"@type":"EntryPoint","urlTemplate":"https:\/\/mojstromcek.sk\/?s={search_term_string}"},"query-input":"required name=search_term_string"}],"inLanguage":"de"}]}},"_links":{"self":[{"href":"https:\/\/old2024.mujstromecek.cz\/de\/wp-json\/wp\/v2\/pages\/204401","targetHints":{"allow":["GET"]}}],"collection":[{"href":"https:\/\/old2024.mujstromecek.cz\/de\/wp-json\/wp\/v2\/pages"}],"about":[{"href":"https:\/\/old2024.mujstromecek.cz\/de\/wp-json\/wp\/v2\/types\/page"}],"author":[{"embeddable":true,"href":"https:\/\/old2024.mujstromecek.cz\/de\/wp-json\/wp\/v2\/users\/3"}],"replies":[{"embeddable":true,"href":"https:\/\/old2024.mujstromecek.cz\/de\/wp-json\/wp\/v2\/comments?post=204401"}],"version-history":[{"count":3,"href":"https:\/\/old2024.mujstromecek.cz\/de\/wp-json\/wp\/v2\/pages\/204401\/revisions"}],"predecessor-version":[{"id":204404,"href":"https:\/\/old2024.mujstromecek.cz\/de\/wp-json\/wp\/v2\/pages\/204401\/revisions\/204404"}],"wp:featuredmedia":[{"embeddable":true,"href":"https:\/\/old2024.mujstromecek.cz\/de\/wp-json\/wp\/v2\/media\/100461"}],"wp:attachment":[{"href":"https:\/\/old2024.mujstromecek.cz\/de\/wp-json\/wp\/v2\/media?parent=204401"}],"curies":[{"name":"wp","href":"https:\/\/api.w.org\/{rel}","templated":true}]}}