{"id":204318,"date":"2022-09-08T20:57:38","date_gmt":"2022-09-08T20:57:38","guid":{"rendered":"https:\/\/mujstromecek.cz\/kontakt\/"},"modified":"2022-10-28T15:29:28","modified_gmt":"2022-10-28T15:29:28","slug":"kontakt","status":"publish","type":"page","link":"https:\/\/old2024.mujstromecek.cz\/de\/kontakt\/","title":{"rendered":"Kontakt"},"content":{"rendered":"\n<div class=\"wp-block-group\"><div class=\"wp-block-group__inner-container is-layout-flow wp-block-group-is-layout-flow\">\n<div class=\"wp-block-group\"><div class=\"wp-block-group__inner-container is-layout-flow wp-block-group-is-layout-flow\">\n<h2>KUNDENSERVICE<\/h2>\n<p>Wir bieten unseren Kunden eine <b>breite Palette an begleitenden Dienstleistungen<\/b>, dank denen der Kauf sehr <b>schnell<\/b> und <b>einfach<\/b> ist.<\/p>\n<h3>Haben Sie eine Frage?<br>Finden wir darauf eine Antwort<\/h3>\n<ul>\n<li>LESEN SIE DIE <strong><a href=\"https:\/\/kunstbaum24.de\/faq\/\">H\u00c4UFIG GESTELLTEN FRAGEN UNSERER KUNDEN<\/a><\/strong><\/li>\n<\/ul>\n<h3>Haben Sie die Antwort nicht gefunden?<\/h3>\n<p>Sie k\u00f6nnen mit uns ununterbrochen kommunizieren \u00fcber:<\/p>\n<ul>\n<li><strong>e-mail<\/strong><strong><a href=\"mailto:dotazy@mujstromecek.cz\">:<\/a><\/strong> info@kunstbaum24.de<\/li>\n<li><strong>chat<\/strong>: unten rechts<\/li>\n<li><strong>Telefonnummer<\/strong>: +420 777 470 538 (MO-FR 9-17)<\/li>\n<\/ul>\n<p>Unsere Mitarbeiter beantworten Ihnen gerne alle Ihre Fragen oder helfen Ihnen, die Bestellung durchzuf\u00fchren.<\/p>\n<\/div><\/div>\n\n\n\n<div class=\"wp-block-columns is-layout-flex wp-container-core-columns-is-layout-9d6595d7 wp-block-columns-is-layout-flex\">\n<div class=\"wp-block-column is-layout-flow wp-block-column-is-layout-flow\">\n<h2 class=\"wp-block-heading\">Rechnungsdaten<\/h2>\n\n\n\n<p>All4Customer, s.r.o.<br>Id.-Nr.: 01824651<br>Ust-.Id.-Nr.: CZ01824651<br>Hladnovsk\u00e1 1255\/23<br>710 00, Ostrava<\/p>\n<\/div>\n\n\n\n<div class=\"wp-block-column is-layout-flow wp-block-column-is-layout-flow\">\n<h2 class=\"wp-block-heading\">Gro\u00dfhandel<\/h2>\n\n\n\n<p>Tom\u00e1\u0161 Turo\u0148<br><a href=\"mailto:b2b@allforcustomer.com\">b2b@allforcustomer.com<\/a><br>+420 724 708 057 (nur Gro\u00dfhandel)<\/p>\n<\/div>\n\n\n\n<div class=\"wp-block-column is-layout-flow wp-block-column-is-layout-flow\">\n<h2 class=\"wp-block-heading\">Andere Kontakte<\/h2>\n\n\n\n<p>Karel Vl\u010dek (Marketing)<br><a href=\"mailto:marketing@mujstromecek.cz\">marketing@mujstromecek.cz<\/a><\/p>\n\n\n\n<p>Pavel Onderka (Produktion und Lager)<br><a href=\"mailto:vyroba@mujstromecek.cz\">sklad@mujstromecek.cz<\/a><\/p>\n<\/div>\n<\/div>\n\n\n\n<div class=\"wp-block-ugb-columns ugb-columns ugb-65f1757 ugb-columns--design-plain ugb-columns--columns-2 ugb-main-block\"><div class=\"ugb-inner-block\"><div class=\"ugb-block-content\"><div class=\"ugb-columns__item ugb-65f1757-content-wrapper\">\n<div class=\"wp-block-ugb-column ugb-column ugb-7b756ca ugb-column--design-plain ugb-main-block\"><div class=\"ugb-inner-block\"><div class=\"ugb-block-content\"><div class=\"ugb-column__item ugb-7b756ca-column-wrapper\"><div class=\"ugb-column__content-wrapper\"><div class=\"wp-block-image\">\n<figure class=\"alignleft size-large\"><img decoding=\"async\" width=\"1024\" height=\"768\" src=\"https:\/\/old2024.mujstromecek.cz\/wp-content\/uploads\/2020\/06\/showroom-1024x768.jpeg\" alt=\"\" class=\"wp-image-6256\" srcset=\"https:\/\/old2024.mujstromecek.cz\/wp-content\/uploads\/2020\/06\/showroom-1024x768.jpeg 1024w, https:\/\/old2024.mujstromecek.cz\/wp-content\/uploads\/2020\/06\/showroom-300x225.jpeg 300w, https:\/\/old2024.mujstromecek.cz\/wp-content\/uploads\/2020\/06\/showroom-768x576.jpeg 768w, https:\/\/old2024.mujstromecek.cz\/wp-content\/uploads\/2020\/06\/showroom-1536x1152.jpeg 1536w, https:\/\/old2024.mujstromecek.cz\/wp-content\/uploads\/2020\/06\/showroom-600x450.jpeg 600w, https:\/\/old2024.mujstromecek.cz\/wp-content\/uploads\/2020\/06\/showroom.jpeg 1600w\" sizes=\"(max-width: 1024px) 100vw, 1024px\" \/><\/figure>\n<\/div><\/div><\/div><\/div><\/div><\/div>\n\n\n\n<div class=\"wp-block-ugb-column ugb-column ugb-9f6b899 ugb-column--design-plain ugb-main-block\"><div class=\"ugb-inner-block\"><div class=\"ugb-block-content\"><div class=\"ugb-column__item ugb-9f6b899-column-wrapper\"><div class=\"ugb-column__content-wrapper\">\n<iframe src=\"https:\/\/www.google.com\/maps\/embed?pb=!1m14!1m8!1m3!1d329326.0325305334!2d18.30526!3d49.845095!3m2!1i1024!2i768!4f13.1!3m3!1m2!1s0x4713e32a7ac60fa9%3A0xea9642a6fb882b28!2sHladnovsk%C3%A1%201255%2F23%2C%20710%2000%20Slezsk%C3%A1%20Ostrava%2C%20Czechia!5e0!3m2!1sen!2sus!4v1593526756270!5m2!1sen!2sus\" width=\"600\" height=\"450\" frameborder=\"0\" style=\"border:0;\" allowfullscreen=\"\" aria-hidden=\"false\" tabindex=\"0\"><\/iframe>\n\n\n\n<p><\/p>\n<\/div><\/div><\/div><\/div><\/div>\n<\/div><\/div><\/div><\/div>\n\n\n\n<p><\/p>\n<\/div><\/div>\n\n\n\n\n\n<pre class=\"wp-block-code\"><code><\/code><\/pre>\n\n\n\n<p><\/p>\n","protected":false},"excerpt":{"rendered":"<p>KUNDENSERVICE Wir bieten unseren Kunden eine breite Palette an begleitenden Dienstleistungen, dank denen der Kauf sehr schnell und einfach ist. Haben Sie eine Frage?Finden wir darauf eine Antwort LESEN SIE DIE H\u00c4UFIG GESTELLTEN FRAGEN UNSERER KUNDEN Haben Sie die Antwort nicht gefunden? Sie k\u00f6nnen mit uns ununterbrochen kommunizieren \u00fcber: e-mail: info@kunstbaum24.de chat: unten rechts Telefonnummer: [&hellip;]<\/p>\n","protected":false},"author":2,"featured_media":0,"parent":0,"menu_order":0,"comment_status":"closed","ping_status":"closed","template":"","meta":{"footnotes":""},"class_list":["post-204318","page","type-page","status-publish","hentry"],"featured_image_urls":{"full":"","thumbnail":"","medium":"","medium_large":"","large":"","1536x1536":"","2048x2048":"","woocommerce_thumbnail":"","woocommerce_single":"","woocommerce_gallery_thumbnail":""},"post_excerpt_stackable":"<p>KUNDENSERVICE Wir bieten unseren Kunden eine breite Palette an begleitenden Dienstleistungen, dank denen der Kauf sehr schnell und einfach ist. Haben Sie eine Frage?Finden wir darauf eine Antwort LESEN SIE DIE H\u00c4UFIG GESTELLTEN FRAGEN UNSERER KUNDEN Haben Sie die Antwort nicht gefunden? Sie k\u00f6nnen mit uns ununterbrochen kommunizieren \u00fcber: e-mail: info@kunstbaum24.de chat: unten rechts Telefonnummer: +420 777 470 538 (MO-FR 9-17) Unsere Mitarbeiter beantworten Ihnen gerne alle Ihre Fragen oder helfen Ihnen, die Bestellung durchzuf\u00fchren. Rechnungsdaten All4Customer, s.r.o.Id.-Nr.: 01824651Ust-.Id.-Nr.: CZ01824651Hladnovsk\u00e1 1255\/23710 00, Ostrava Gro\u00dfhandel Tom\u00e1\u0161 Turo\u0148b2b@allforcustomer.com+420 724 708 057 (nur Gro\u00dfhandel) Andere Kontakte Karel Vl\u010dek (Marketing)marketing@mujstromecek.cz Pavel Onderka (Produktion und&hellip;<\/p>\n","category_list":"","author_info":{"name":"Jan Hanzl","url":"https:\/\/old2024.mujstromecek.cz\/de\/author\/jan\/"},"comments_num":"0 comments","featured_image_urls_v2":{"full":"","thumbnail":"","medium":"","medium_large":"","large":"","1536x1536":"","2048x2048":"","woocommerce_thumbnail":"","woocommerce_single":"","woocommerce_gallery_thumbnail":""},"post_excerpt_stackable_v2":"<p>KUNDENSERVICE Wir bieten unseren Kunden eine breite Palette an begleitenden Dienstleistungen, dank denen der Kauf sehr schnell und einfach ist. Haben Sie eine Frage?Finden wir darauf eine Antwort LESEN SIE DIE H\u00c4UFIG GESTELLTEN FRAGEN UNSERER KUNDEN Haben Sie die Antwort nicht gefunden? Sie k\u00f6nnen mit uns ununterbrochen kommunizieren \u00fcber: e-mail: info@kunstbaum24.de chat: unten rechts Telefonnummer: +420 777 470 538 (MO-FR 9-17) Unsere Mitarbeiter beantworten Ihnen gerne alle Ihre Fragen oder helfen Ihnen, die Bestellung durchzuf\u00fchren. Rechnungsdaten All4Customer, s.r.o.Id.-Nr.: 01824651Ust-.Id.-Nr.: CZ01824651Hladnovsk\u00e1 1255\/23710 00, Ostrava Gro\u00dfhandel Tom\u00e1\u0161 Turo\u0148b2b@allforcustomer.com+420 724 708 057 (nur Gro\u00dfhandel) Andere Kontakte Karel Vl\u010dek (Marketing)marketing@mujstromecek.cz Pavel Onderka (Produktion und&hellip;<\/p>\n","category_list_v2":"","author_info_v2":{"name":"Jan Hanzl","url":"https:\/\/old2024.mujstromecek.cz\/de\/author\/jan\/"},"comments_num_v2":"0 comments","yoast_head":"<!-- This site is optimized with the Yoast SEO plugin v21.1 - https:\/\/yoast.com\/wordpress\/plugins\/seo\/ -->\n<title>Kontakt - kunstbaum24.de<\/title>\n<meta name=\"robots\" content=\"noindex, follow, max-snippet:-1, max-image-preview:large, max-video-preview:-1\" \/>\n<meta property=\"og:locale\" content=\"de_DE\" \/>\n<meta property=\"og:type\" content=\"article\" \/>\n<meta property=\"og:title\" content=\"Kontakt - kunstbaum24.de\" \/>\n<meta property=\"og:description\" content=\"KUNDENSERVICE Wir bieten unseren Kunden eine breite Palette an begleitenden Dienstleistungen, dank denen der Kauf sehr schnell und einfach ist. Haben Sie eine Frage?Finden wir darauf eine Antwort LESEN SIE DIE H\u00c4UFIG GESTELLTEN FRAGEN UNSERER KUNDEN Haben Sie die Antwort nicht gefunden? Sie k\u00f6nnen mit uns ununterbrochen kommunizieren \u00fcber: e-mail: info@kunstbaum24.de chat: unten rechts Telefonnummer: [&hellip;]\" \/>\n<meta property=\"og:url\" content=\"https:\/\/old2024.mujstromecek.cz\/de\/kontakt\/\" \/>\n<meta property=\"og:site_name\" content=\"kunstbaum24.de\" \/>\n<meta property=\"article:modified_time\" content=\"2022-10-28T15:29:28+00:00\" \/>\n<meta property=\"og:image\" content=\"https:\/\/old2024.mujstromecek.cz\/wp-content\/uploads\/2020\/06\/showroom-1024x768.jpeg\" \/>\n<meta name=\"twitter:card\" content=\"summary_large_image\" \/>\n<meta name=\"twitter:label1\" content=\"Gesch\u00e4tzte Lesezeit\" \/>\n\t<meta name=\"twitter:data1\" content=\"1\u00a0Minute\" \/>\n<script type=\"application\/ld+json\" class=\"yoast-schema-graph\">{\"@context\":\"https:\/\/schema.org\",\"@graph\":[{\"@type\":\"WebPage\",\"@id\":\"https:\/\/old2024.mujstromecek.cz\/de\/kontakt\/\",\"url\":\"https:\/\/old2024.mujstromecek.cz\/de\/kontakt\/\",\"name\":\"Kontakt - kunstbaum24.de\",\"isPartOf\":{\"@id\":\"https:\/\/mojstromcek.sk\/#website\"},\"datePublished\":\"2022-09-08T20:57:38+00:00\",\"dateModified\":\"2022-10-28T15:29:28+00:00\",\"breadcrumb\":{\"@id\":\"https:\/\/old2024.mujstromecek.cz\/de\/kontakt\/#breadcrumb\"},\"inLanguage\":\"de\",\"potentialAction\":[{\"@type\":\"ReadAction\",\"target\":[\"https:\/\/old2024.mujstromecek.cz\/de\/kontakt\/\"]}]},{\"@type\":\"BreadcrumbList\",\"@id\":\"https:\/\/old2024.mujstromecek.cz\/de\/kontakt\/#breadcrumb\",\"itemListElement\":[{\"@type\":\"ListItem\",\"position\":1,\"name\":\"Dom\u016f\",\"item\":\"https:\/\/kunstbaum24.de\/\"},{\"@type\":\"ListItem\",\"position\":2,\"name\":\"Kontakt\"}]},{\"@type\":\"WebSite\",\"@id\":\"https:\/\/mojstromcek.sk\/#website\",\"url\":\"https:\/\/mojstromcek.sk\/\",\"name\":\"kunstbaum24.de\",\"description\":\"Online prodej ru\u010dn\u011b vyr\u00e1b\u011bn\u00fdch um\u011bl\u00fdch v\u00e1no\u010dn\u00edch stromk\u016f.\",\"potentialAction\":[{\"@type\":\"SearchAction\",\"target\":{\"@type\":\"EntryPoint\",\"urlTemplate\":\"https:\/\/mojstromcek.sk\/?s={search_term_string}\"},\"query-input\":\"required name=search_term_string\"}],\"inLanguage\":\"de\"}]}<\/script>\n<!-- \/ Yoast SEO plugin. -->","yoast_head_json":{"title":"Kontakt - kunstbaum24.de","robots":{"index":"noindex","follow":"follow","max-snippet":"max-snippet:-1","max-image-preview":"max-image-preview:large","max-video-preview":"max-video-preview:-1"},"og_locale":"de_DE","og_type":"article","og_title":"Kontakt - kunstbaum24.de","og_description":"KUNDENSERVICE Wir bieten unseren Kunden eine breite Palette an begleitenden Dienstleistungen, dank denen der Kauf sehr schnell und einfach ist. Haben Sie eine Frage?Finden wir darauf eine Antwort LESEN SIE DIE H\u00c4UFIG GESTELLTEN FRAGEN UNSERER KUNDEN Haben Sie die Antwort nicht gefunden? Sie k\u00f6nnen mit uns ununterbrochen kommunizieren \u00fcber: e-mail: info@kunstbaum24.de chat: unten rechts Telefonnummer: [&hellip;]","og_url":"https:\/\/old2024.mujstromecek.cz\/de\/kontakt\/","og_site_name":"kunstbaum24.de","article_modified_time":"2022-10-28T15:29:28+00:00","og_image":[{"url":"https:\/\/old2024.mujstromecek.cz\/wp-content\/uploads\/2020\/06\/showroom-1024x768.jpeg"}],"twitter_card":"summary_large_image","twitter_misc":{"Gesch\u00e4tzte Lesezeit":"1\u00a0Minute"},"schema":{"@context":"https:\/\/schema.org","@graph":[{"@type":"WebPage","@id":"https:\/\/old2024.mujstromecek.cz\/de\/kontakt\/","url":"https:\/\/old2024.mujstromecek.cz\/de\/kontakt\/","name":"Kontakt - kunstbaum24.de","isPartOf":{"@id":"https:\/\/mojstromcek.sk\/#website"},"datePublished":"2022-09-08T20:57:38+00:00","dateModified":"2022-10-28T15:29:28+00:00","breadcrumb":{"@id":"https:\/\/old2024.mujstromecek.cz\/de\/kontakt\/#breadcrumb"},"inLanguage":"de","potentialAction":[{"@type":"ReadAction","target":["https:\/\/old2024.mujstromecek.cz\/de\/kontakt\/"]}]},{"@type":"BreadcrumbList","@id":"https:\/\/old2024.mujstromecek.cz\/de\/kontakt\/#breadcrumb","itemListElement":[{"@type":"ListItem","position":1,"name":"Dom\u016f","item":"https:\/\/kunstbaum24.de\/"},{"@type":"ListItem","position":2,"name":"Kontakt"}]},{"@type":"WebSite","@id":"https:\/\/mojstromcek.sk\/#website","url":"https:\/\/mojstromcek.sk\/","name":"kunstbaum24.de","description":"Online prodej ru\u010dn\u011b vyr\u00e1b\u011bn\u00fdch um\u011bl\u00fdch v\u00e1no\u010dn\u00edch stromk\u016f.","potentialAction":[{"@type":"SearchAction","target":{"@type":"EntryPoint","urlTemplate":"https:\/\/mojstromcek.sk\/?s={search_term_string}"},"query-input":"required name=search_term_string"}],"inLanguage":"de"}]}},"_links":{"self":[{"href":"https:\/\/old2024.mujstromecek.cz\/de\/wp-json\/wp\/v2\/pages\/204318","targetHints":{"allow":["GET"]}}],"collection":[{"href":"https:\/\/old2024.mujstromecek.cz\/de\/wp-json\/wp\/v2\/pages"}],"about":[{"href":"https:\/\/old2024.mujstromecek.cz\/de\/wp-json\/wp\/v2\/types\/page"}],"author":[{"embeddable":true,"href":"https:\/\/old2024.mujstromecek.cz\/de\/wp-json\/wp\/v2\/users\/2"}],"replies":[{"embeddable":true,"href":"https:\/\/old2024.mujstromecek.cz\/de\/wp-json\/wp\/v2\/comments?post=204318"}],"version-history":[{"count":6,"href":"https:\/\/old2024.mujstromecek.cz\/de\/wp-json\/wp\/v2\/pages\/204318\/revisions"}],"predecessor-version":[{"id":206203,"href":"https:\/\/old2024.mujstromecek.cz\/de\/wp-json\/wp\/v2\/pages\/204318\/revisions\/206203"}],"wp:attachment":[{"href":"https:\/\/old2024.mujstromecek.cz\/de\/wp-json\/wp\/v2\/media?parent=204318"}],"curies":[{"name":"wp","href":"https:\/\/api.w.org\/{rel}","templated":true}]}}