{"id":204250,"date":"2022-09-08T10:16:59","date_gmt":"2022-09-08T10:16:59","guid":{"rendered":"https:\/\/mujstromecek.cz\/kosik-de\/"},"modified":"2022-10-28T14:18:03","modified_gmt":"2022-10-28T14:18:03","slug":"kosik-de","status":"publish","type":"page","link":"https:\/\/old2024.mujstromecek.cz\/de\/kosik-de\/","title":{"rendered":"Ko\u0161\u00edk DE"},"content":{"rendered":"\t\t<div data-elementor-type=\"wp-page\" data-elementor-id=\"204250\" class=\"elementor elementor-204250 elementor-641\" data-elementor-post-type=\"page\">\n\t\t\t\t\t\t<div class=\"elementor-inner\">\n\t\t\t\t<div class=\"elementor-section-wrap\">\n\t\t\t\t\t\t\t\t\t<section class=\"elementor-section elementor-top-section elementor-element elementor-element-68519c4a elementor-section-boxed elementor-section-height-default elementor-section-height-default\" data-id=\"68519c4a\" data-element_type=\"section\" data-settings=\"{&quot;background_background&quot;:&quot;classic&quot;}\">\n\t\t\t\t\t\t<div class=\"elementor-container elementor-column-gap-default\">\n\t\t\t\t\t\t\t<div class=\"elementor-row\">\n\t\t\t\t\t<div class=\"elementor-column elementor-col-100 elementor-top-column elementor-element elementor-element-225d8dc5\" data-id=\"225d8dc5\" data-element_type=\"column\">\n\t\t\t<div class=\"elementor-column-wrap elementor-element-populated\">\n\t\t\t\t\t\t\t<div class=\"elementor-widget-wrap\">\n\t\t\t\t\t\t<section class=\"elementor-section elementor-inner-section elementor-element elementor-element-59256430 elementor-section-boxed elementor-section-height-default elementor-section-height-default\" data-id=\"59256430\" data-element_type=\"section\">\n\t\t\t\t\t\t<div class=\"elementor-container elementor-column-gap-default\">\n\t\t\t\t\t\t\t<div class=\"elementor-row\">\n\t\t\t\t\t<div class=\"elementor-column elementor-col-33 elementor-inner-column elementor-element elementor-element-331c450\" data-id=\"331c450\" data-element_type=\"column\">\n\t\t\t<div class=\"elementor-column-wrap elementor-element-populated\">\n\t\t\t\t\t\t\t<div class=\"elementor-widget-wrap\">\n\t\t\t\t\t\t<div class=\"elementor-element elementor-element-8b0f640 elementor-align-left elementor-mobile-align-center elementor-widget elementor-widget-button\" data-id=\"8b0f640\" data-element_type=\"widget\" data-widget_type=\"button.default\">\n\t\t\t\t<div class=\"elementor-widget-container\">\n\t\t\t\t\t<div class=\"elementor-button-wrapper\">\n\t\t\t<a class=\"elementor-button elementor-button-link elementor-size-sm\" href=\"https:\/\/kunstbaum24.de\/alles\/\">\n\t\t\t\t\t\t<span class=\"elementor-button-content-wrapper\">\n\t\t\t\t\t\t<span class=\"elementor-button-icon elementor-align-icon-left\">\n\t\t\t\t<i aria-hidden=\"true\" class=\"fas fa-chevron-left\"><\/i>\t\t\t<\/span>\n\t\t\t\t\t\t<span class=\"elementor-button-text\">Zur\u00fcck<\/span>\n\t\t<\/span>\n\t\t\t\t\t<\/a>\n\t\t<\/div>\n\t\t\t\t<\/div>\n\t\t\t\t<\/div>\n\t\t\t\t\t\t<\/div>\n\t\t\t\t\t<\/div>\n\t\t<\/div>\n\t\t\t\t<div class=\"elementor-column elementor-col-33 elementor-inner-column elementor-element elementor-element-61d105b\" data-id=\"61d105b\" data-element_type=\"column\">\n\t\t\t<div class=\"elementor-column-wrap elementor-element-populated\">\n\t\t\t\t\t\t\t<div class=\"elementor-widget-wrap\">\n\t\t\t\t\t\t<div class=\"elementor-element elementor-element-ed3e693 elementor-widget elementor-widget-heading\" data-id=\"ed3e693\" data-element_type=\"widget\" data-widget_type=\"heading.default\">\n\t\t\t\t<div class=\"elementor-widget-container\">\n\t\t\t<h1 class=\"elementor-heading-title elementor-size-default\">WARENKORB<\/h1>\t\t<\/div>\n\t\t\t\t<\/div>\n\t\t\t\t\t\t<\/div>\n\t\t\t\t\t<\/div>\n\t\t<\/div>\n\t\t\t\t<div class=\"elementor-column elementor-col-33 elementor-inner-column elementor-element elementor-element-bb40b29\" data-id=\"bb40b29\" data-element_type=\"column\">\n\t\t\t<div class=\"elementor-column-wrap\">\n\t\t\t\t\t\t\t<div class=\"elementor-widget-wrap\">\n\t\t\t\t\t\t\t\t<\/div>\n\t\t\t\t\t<\/div>\n\t\t<\/div>\n\t\t\t\t\t\t\t\t<\/div>\n\t\t\t\t\t<\/div>\n\t\t<\/section>\n\t\t\t\t\t\t<\/div>\n\t\t\t\t\t<\/div>\n\t\t<\/div>\n\t\t\t\t\t\t\t\t<\/div>\n\t\t\t\t\t<\/div>\n\t\t<\/section>\n\t\t\t\t<section class=\"elementor-section elementor-top-section elementor-element elementor-element-35e2a868 elementor-section-boxed elementor-section-height-default elementor-section-height-default\" data-id=\"35e2a868\" data-element_type=\"section\" data-settings=\"{&quot;background_background&quot;:&quot;gradient&quot;}\">\n\t\t\t\t\t\t<div class=\"elementor-container elementor-column-gap-default\">\n\t\t\t\t\t\t\t<div class=\"elementor-row\">\n\t\t\t\t\t<div class=\"elementor-column elementor-col-100 elementor-top-column elementor-element elementor-element-2668d824\" data-id=\"2668d824\" data-element_type=\"column\" data-settings=\"{&quot;background_background&quot;:&quot;classic&quot;}\">\n\t\t\t<div class=\"elementor-column-wrap elementor-element-populated\">\n\t\t\t\t\t\t\t<div class=\"elementor-widget-wrap\">\n\t\t\t\t\t\t<div class=\"elementor-element elementor-element-fd96638 e-cart-layout-one-column elementor-widget elementor-widget-woocommerce-cart\" data-id=\"fd96638\" data-element_type=\"widget\" data-settings=\"{&quot;update_cart_automatically&quot;:&quot;yes&quot;}\" data-widget_type=\"woocommerce-cart.default\">\n\t\t\t\t<div class=\"elementor-widget-container\">\n\t\t\t<div class=\"woocommerce\">\t<p class=\"return-to-shop\">\n\t\t<a class=\"button wc-backward\" href=\"https:\/\/old2024.mujstromecek.cz\/obchod\/\">\n\t\t\tReturn to shop\t\t<\/a>\n\t<\/p>\n<\/div>\t\t<\/div>\n\t\t\t\t<\/div>\n\t\t\t\t\t\t<\/div>\n\t\t\t\t\t<\/div>\n\t\t<\/div>\n\t\t\t\t\t\t\t\t<\/div>\n\t\t\t\t\t<\/div>\n\t\t<\/section>\n\t\t\t\t\t\t\t\t\t<\/div>\n\t\t\t<\/div>\n\t\t\t\t\t<\/div>\n\t\t","protected":false},"excerpt":{"rendered":"<p>Zur\u00fcck WARENKORB Omlouv\u00e1me se, ale &#8220;Kaukasische Tanne 100 % 180 cm&#8221; nem\u00e1me skladem. Upravte obsah ko\u0161\u00edku pros\u00edm a zkuste to znovu. Omlouv\u00e1me se za zp\u016fsoben\u00e9 nep\u0159\u00edjemnosti. Odstranit N\u00e1hled N\u00e1zev Cena Mno\u017estv\u00ed Celkem Kaukasische Tanne 100 % 180 cm&nbsp;&nbsp; &#75;&#269;6.643,63 Mno\u017estv\u00ed &#75;&#269;6.643,63 Kanadische Fichte 220 cm &#75;&#269;6.445,28 Mno\u017estv\u00ed &#75;&#269;6.445,28 Update cart Transport DPD KOSTELNOS Gesamtpreis Gesamtpreis [&hellip;]<\/p>\n","protected":false},"author":1,"featured_media":0,"parent":0,"menu_order":0,"comment_status":"closed","ping_status":"closed","template":"elementor_header_footer","meta":{"footnotes":""},"class_list":["post-204250","page","type-page","status-publish","hentry"],"featured_image_urls":{"full":"","thumbnail":"","medium":"","medium_large":"","large":"","1536x1536":"","2048x2048":"","woocommerce_thumbnail":"","woocommerce_single":"","woocommerce_gallery_thumbnail":""},"post_excerpt_stackable":"<p>Zur\u00fcck WARENKORB Return to shop<\/p>\n","category_list":"","author_info":{"name":"admin","url":"https:\/\/old2024.mujstromecek.cz\/de\/author\/lukas\/"},"comments_num":"0 comments","featured_image_urls_v2":{"full":"","thumbnail":"","medium":"","medium_large":"","large":"","1536x1536":"","2048x2048":"","woocommerce_thumbnail":"","woocommerce_single":"","woocommerce_gallery_thumbnail":""},"post_excerpt_stackable_v2":"<p>Zur\u00fcck WARENKORB Return to shop<\/p>\n","category_list_v2":"","author_info_v2":{"name":"admin","url":"https:\/\/old2024.mujstromecek.cz\/de\/author\/lukas\/"},"comments_num_v2":"0 comments","yoast_head":"<!-- This site is optimized with the Yoast SEO plugin v21.1 - https:\/\/yoast.com\/wordpress\/plugins\/seo\/ -->\n<title>Ko\u0161\u00edk DE - kunstbaum24.de<\/title>\n<meta name=\"robots\" content=\"noindex, follow, max-snippet:-1, max-image-preview:large, max-video-preview:-1\" \/>\n<meta property=\"og:locale\" content=\"de_DE\" \/>\n<meta property=\"og:type\" content=\"article\" \/>\n<meta property=\"og:title\" content=\"Ko\u0161\u00edk DE - kunstbaum24.de\" \/>\n<meta property=\"og:description\" content=\"Zur\u00fcck WARENKORB Omlouv\u00e1me se, ale &#8220;Kaukasische Tanne 100 % 180 cm&#8221; nem\u00e1me skladem. Upravte obsah ko\u0161\u00edku pros\u00edm a zkuste to znovu. Omlouv\u00e1me se za zp\u016fsoben\u00e9 nep\u0159\u00edjemnosti. Odstranit N\u00e1hled N\u00e1zev Cena Mno\u017estv\u00ed Celkem Kaukasische Tanne 100 % 180 cm&nbsp;&nbsp; &#075;&#269;6.643,63 Mno\u017estv\u00ed &#075;&#269;6.643,63 Kanadische Fichte 220 cm &#075;&#269;6.445,28 Mno\u017estv\u00ed &#075;&#269;6.445,28 Update cart Transport DPD KOSTELNOS Gesamtpreis Gesamtpreis [&hellip;]\" \/>\n<meta property=\"og:url\" content=\"https:\/\/old2024.mujstromecek.cz\/de\/kosik-de\/\" \/>\n<meta property=\"og:site_name\" content=\"kunstbaum24.de\" \/>\n<meta property=\"article:modified_time\" content=\"2022-10-28T14:18:03+00:00\" \/>\n<meta property=\"og:image\" content=\"https:\/\/kunstbaum24.de\/wp-content\/uploads\/2022\/08\/s1-605-300x403.jpg\" \/>\n<meta name=\"twitter:card\" content=\"summary_large_image\" \/>\n<script type=\"application\/ld+json\" class=\"yoast-schema-graph\">{\"@context\":\"https:\/\/schema.org\",\"@graph\":[{\"@type\":\"WebPage\",\"@id\":\"https:\/\/old2024.mujstromecek.cz\/de\/kosik-de\/\",\"url\":\"https:\/\/old2024.mujstromecek.cz\/de\/kosik-de\/\",\"name\":\"Ko\u0161\u00edk DE - kunstbaum24.de\",\"isPartOf\":{\"@id\":\"https:\/\/mojstromcek.sk\/#website\"},\"datePublished\":\"2022-09-08T10:16:59+00:00\",\"dateModified\":\"2022-10-28T14:18:03+00:00\",\"breadcrumb\":{\"@id\":\"https:\/\/old2024.mujstromecek.cz\/de\/kosik-de\/#breadcrumb\"},\"inLanguage\":\"de\",\"potentialAction\":[{\"@type\":\"ReadAction\",\"target\":[\"https:\/\/old2024.mujstromecek.cz\/de\/kosik-de\/\"]}]},{\"@type\":\"BreadcrumbList\",\"@id\":\"https:\/\/old2024.mujstromecek.cz\/de\/kosik-de\/#breadcrumb\",\"itemListElement\":[{\"@type\":\"ListItem\",\"position\":1,\"name\":\"Dom\u016f\",\"item\":\"https:\/\/kunstbaum24.de\/\"},{\"@type\":\"ListItem\",\"position\":2,\"name\":\"Ko\u0161\u00edk DE\"}]},{\"@type\":\"WebSite\",\"@id\":\"https:\/\/mojstromcek.sk\/#website\",\"url\":\"https:\/\/mojstromcek.sk\/\",\"name\":\"kunstbaum24.de\",\"description\":\"Online prodej ru\u010dn\u011b vyr\u00e1b\u011bn\u00fdch um\u011bl\u00fdch v\u00e1no\u010dn\u00edch stromk\u016f.\",\"potentialAction\":[{\"@type\":\"SearchAction\",\"target\":{\"@type\":\"EntryPoint\",\"urlTemplate\":\"https:\/\/mojstromcek.sk\/?s={search_term_string}\"},\"query-input\":\"required name=search_term_string\"}],\"inLanguage\":\"de\"}]}<\/script>\n<!-- \/ Yoast SEO plugin. -->","yoast_head_json":{"title":"Ko\u0161\u00edk DE - kunstbaum24.de","robots":{"index":"noindex","follow":"follow","max-snippet":"max-snippet:-1","max-image-preview":"max-image-preview:large","max-video-preview":"max-video-preview:-1"},"og_locale":"de_DE","og_type":"article","og_title":"Ko\u0161\u00edk DE - kunstbaum24.de","og_description":"Zur\u00fcck WARENKORB Omlouv\u00e1me se, ale &#8220;Kaukasische Tanne 100 % 180 cm&#8221; nem\u00e1me skladem. Upravte obsah ko\u0161\u00edku pros\u00edm a zkuste to znovu. Omlouv\u00e1me se za zp\u016fsoben\u00e9 nep\u0159\u00edjemnosti. Odstranit N\u00e1hled N\u00e1zev Cena Mno\u017estv\u00ed Celkem Kaukasische Tanne 100 % 180 cm&nbsp;&nbsp; &#75;&#269;6.643,63 Mno\u017estv\u00ed &#75;&#269;6.643,63 Kanadische Fichte 220 cm &#75;&#269;6.445,28 Mno\u017estv\u00ed &#75;&#269;6.445,28 Update cart Transport DPD KOSTELNOS Gesamtpreis Gesamtpreis [&hellip;]","og_url":"https:\/\/old2024.mujstromecek.cz\/de\/kosik-de\/","og_site_name":"kunstbaum24.de","article_modified_time":"2022-10-28T14:18:03+00:00","og_image":[{"url":"https:\/\/kunstbaum24.de\/wp-content\/uploads\/2022\/08\/s1-605-300x403.jpg"}],"twitter_card":"summary_large_image","schema":{"@context":"https:\/\/schema.org","@graph":[{"@type":"WebPage","@id":"https:\/\/old2024.mujstromecek.cz\/de\/kosik-de\/","url":"https:\/\/old2024.mujstromecek.cz\/de\/kosik-de\/","name":"Ko\u0161\u00edk DE - kunstbaum24.de","isPartOf":{"@id":"https:\/\/mojstromcek.sk\/#website"},"datePublished":"2022-09-08T10:16:59+00:00","dateModified":"2022-10-28T14:18:03+00:00","breadcrumb":{"@id":"https:\/\/old2024.mujstromecek.cz\/de\/kosik-de\/#breadcrumb"},"inLanguage":"de","potentialAction":[{"@type":"ReadAction","target":["https:\/\/old2024.mujstromecek.cz\/de\/kosik-de\/"]}]},{"@type":"BreadcrumbList","@id":"https:\/\/old2024.mujstromecek.cz\/de\/kosik-de\/#breadcrumb","itemListElement":[{"@type":"ListItem","position":1,"name":"Dom\u016f","item":"https:\/\/kunstbaum24.de\/"},{"@type":"ListItem","position":2,"name":"Ko\u0161\u00edk DE"}]},{"@type":"WebSite","@id":"https:\/\/mojstromcek.sk\/#website","url":"https:\/\/mojstromcek.sk\/","name":"kunstbaum24.de","description":"Online prodej ru\u010dn\u011b vyr\u00e1b\u011bn\u00fdch um\u011bl\u00fdch v\u00e1no\u010dn\u00edch stromk\u016f.","potentialAction":[{"@type":"SearchAction","target":{"@type":"EntryPoint","urlTemplate":"https:\/\/mojstromcek.sk\/?s={search_term_string}"},"query-input":"required name=search_term_string"}],"inLanguage":"de"}]}},"_links":{"self":[{"href":"https:\/\/old2024.mujstromecek.cz\/de\/wp-json\/wp\/v2\/pages\/204250","targetHints":{"allow":["GET"]}}],"collection":[{"href":"https:\/\/old2024.mujstromecek.cz\/de\/wp-json\/wp\/v2\/pages"}],"about":[{"href":"https:\/\/old2024.mujstromecek.cz\/de\/wp-json\/wp\/v2\/types\/page"}],"author":[{"embeddable":true,"href":"https:\/\/old2024.mujstromecek.cz\/de\/wp-json\/wp\/v2\/users\/1"}],"replies":[{"embeddable":true,"href":"https:\/\/old2024.mujstromecek.cz\/de\/wp-json\/wp\/v2\/comments?post=204250"}],"version-history":[{"count":4,"href":"https:\/\/old2024.mujstromecek.cz\/de\/wp-json\/wp\/v2\/pages\/204250\/revisions"}],"predecessor-version":[{"id":206062,"href":"https:\/\/old2024.mujstromecek.cz\/de\/wp-json\/wp\/v2\/pages\/204250\/revisions\/206062"}],"wp:attachment":[{"href":"https:\/\/old2024.mujstromecek.cz\/de\/wp-json\/wp\/v2\/media?parent=204250"}],"curies":[{"name":"wp","href":"https:\/\/api.w.org\/{rel}","templated":true}]}}