{"id":404018,"date":"2023-08-30T17:59:27","date_gmt":"2023-09-28T14:50:42","guid":{"rendered":"https:\/\/mujstromecek.cz\/produkt\/kiefer-verschneit-2d-150-cm\/"},"modified":"2023-09-28T14:50:54","modified_gmt":"2023-09-28T14:50:54","slug":"kiefer-verschneit-2d-150-cm","status":"publish","type":"product","link":"https:\/\/old2024.mujstromecek.cz\/at\/produkt\/kiefer-verschneit-2d-150-cm\/","title":{"rendered":"Kiefer verschneit 2D 150 cm"},"content":{"rendered":"<p>Ein wundersch&ouml;ner, pr&auml;zise verarbeiteter, realistischer Weihnachtsbaum in <strong>Premiumqualit&auml;t<\/strong>. Die hochwertigen k&uuml;nstlichen Nadeln garantieren ein <strong>nat&uuml;rliches und realistisches Aussehen und eine lange Lebensdauer<\/strong>. F&uuml;r das einzigartige Design und die hohe Qualit&auml;t dieses Weihnachtsbaumes sorgt unser erfahrenes Team von Produktdesignern und <strong>die in der EU handgefertigte Produktion<\/strong>. Dieser Weihnachtsbaum <strong>zaubert mit seinem nat&uuml;rlichen und realistischen Aussehen die richtige weihnachtliche Atmosph&auml;re in Ihr Zuhause<\/strong>. Sie k&ouml;nnen ihn nach Belieben dekorieren.<\/p>\n","protected":false},"excerpt":{"rendered":"<p>>Ein wundersch&ouml;ner k&uuml;nstlicher Weihnachtsbaum, hergestellt in der EU. Premiumqualit&auml;t. Pr&auml;zise und hochwertig verarbeitete Nadeln garantieren ein realistisches Aussehen und eine lange Lebensdauer.<\/p>\n","protected":false},"featured_media":479790,"template":"","meta":[],"product_cat":[3803],"product_tag":[3879,3833,4652,4644],"class_list":["post-404018","product","type-product","status-publish","has-post-thumbnail","hentry","product_cat-classic-at","product_tag-150-cm-at","product_tag-2d-pvc-at-2","product_tag-economy-at","product_tag-doprava-zdarma-at","pa_druh-borovice-at","pa_jehlici-2d-economy-at","pa_krabice-27-30-125-at-2","pa_pocet-rad-11-at","pa_sirka-82-at-2","pa_vaha-68-at","pa_vetvicky-264-at","pa_vetvicky-celkem-264-at","pa_vetvicky-pe-pvc-264-at","pa_vyska-150-at","pa_vyska-od-zeme-24-at"],"featured_image_urls":{"full":["https:\/\/old2024.mujstromecek.cz\/wp-content\/uploads\/2023\/08\/s1-2276.jpg",640,860,false],"thumbnail":["https:\/\/old2024.mujstromecek.cz\/wp-content\/uploads\/2023\/08\/s1-2276-150x150.jpg",150,150,true],"medium":["https:\/\/old2024.mujstromecek.cz\/wp-content\/uploads\/2023\/08\/s1-2276-223x300.jpg",223,300,true],"medium_large":["https:\/\/old2024.mujstromecek.cz\/wp-content\/uploads\/2023\/08\/s1-2276.jpg",640,860,false],"large":["https:\/\/old2024.mujstromecek.cz\/wp-content\/uploads\/2023\/08\/s1-2276.jpg",640,860,false],"1536x1536":["https:\/\/old2024.mujstromecek.cz\/wp-content\/uploads\/2023\/08\/s1-2276.jpg",640,860,false],"2048x2048":["https:\/\/old2024.mujstromecek.cz\/wp-content\/uploads\/2023\/08\/s1-2276.jpg",640,860,false],"woocommerce_thumbnail":["https:\/\/old2024.mujstromecek.cz\/wp-content\/uploads\/2023\/08\/s1-2276-300x403.jpg",300,403,true],"woocommerce_single":["https:\/\/old2024.mujstromecek.cz\/wp-content\/uploads\/2023\/08\/s1-2276-600x806.jpg",600,806,true],"woocommerce_gallery_thumbnail":["https:\/\/old2024.mujstromecek.cz\/wp-content\/uploads\/2023\/08\/s1-2276-100x100.jpg",100,100,true]},"post_excerpt_stackable":"<p>>Ein wundersch&ouml;ner k&uuml;nstlicher Weihnachtsbaum, hergestellt in der EU. Premiumqualit&auml;t. Pr&auml;zise und hochwertig verarbeitete Nadeln garantieren ein realistisches Aussehen und eine lange Lebensdauer.<\/p>\n","category_list":"","author_info":{"name":"","url":""},"comments_num":"0 comments","featured_image_urls_v2":{"full":["https:\/\/old2024.mujstromecek.cz\/wp-content\/uploads\/2023\/08\/s1-2276.jpg",640,860,false],"thumbnail":["https:\/\/old2024.mujstromecek.cz\/wp-content\/uploads\/2023\/08\/s1-2276-150x150.jpg",150,150,true],"medium":["https:\/\/old2024.mujstromecek.cz\/wp-content\/uploads\/2023\/08\/s1-2276-223x300.jpg",223,300,true],"medium_large":["https:\/\/old2024.mujstromecek.cz\/wp-content\/uploads\/2023\/08\/s1-2276.jpg",640,860,false],"large":["https:\/\/old2024.mujstromecek.cz\/wp-content\/uploads\/2023\/08\/s1-2276.jpg",640,860,false],"1536x1536":["https:\/\/old2024.mujstromecek.cz\/wp-content\/uploads\/2023\/08\/s1-2276.jpg",640,860,false],"2048x2048":["https:\/\/old2024.mujstromecek.cz\/wp-content\/uploads\/2023\/08\/s1-2276.jpg",640,860,false],"woocommerce_thumbnail":["https:\/\/old2024.mujstromecek.cz\/wp-content\/uploads\/2023\/08\/s1-2276-300x403.jpg",300,403,true],"woocommerce_single":["https:\/\/old2024.mujstromecek.cz\/wp-content\/uploads\/2023\/08\/s1-2276-600x806.jpg",600,806,true],"woocommerce_gallery_thumbnail":["https:\/\/old2024.mujstromecek.cz\/wp-content\/uploads\/2023\/08\/s1-2276-100x100.jpg",100,100,true]},"post_excerpt_stackable_v2":"<p>>Ein wundersch&ouml;ner k&uuml;nstlicher Weihnachtsbaum, hergestellt in der EU. Premiumqualit&auml;t. Pr&auml;zise und hochwertig verarbeitete Nadeln garantieren ein realistisches Aussehen und eine lange Lebensdauer.<\/p>\n","category_list_v2":"","author_info_v2":{"name":"","url":""},"comments_num_v2":"0 comments","yoast_head":"<!-- This site is optimized with the Yoast SEO plugin v21.1 - https:\/\/yoast.com\/wordpress\/plugins\/seo\/ -->\n<title>Kiefer verschneit 2D 150 cm - kunstbaum24.at<\/title>\n<meta name=\"robots\" content=\"noindex, follow, max-snippet:-1, max-image-preview:large, max-video-preview:-1\" \/>\n<meta property=\"og:locale\" content=\"de_DE\" \/>\n<meta property=\"og:type\" content=\"article\" \/>\n<meta property=\"og:title\" content=\"Kiefer verschneit 2D 150 cm - kunstbaum24.at\" \/>\n<meta property=\"og:description\" content=\"&gt;Ein wundersch&ouml;ner k&uuml;nstlicher Weihnachtsbaum, hergestellt in der EU. Premiumqualit&auml;t. Pr&auml;zise und hochwertig verarbeitete Nadeln garantieren ein realistisches Aussehen und eine lange Lebensdauer.\" \/>\n<meta property=\"og:url\" content=\"https:\/\/old2024.mujstromecek.cz\/at\/produkt\/kiefer-verschneit-2d-150-cm\/\" \/>\n<meta property=\"og:site_name\" content=\"kunstbaum24.at\" \/>\n<meta property=\"article:modified_time\" content=\"2023-09-28T14:50:54+00:00\" \/>\n<meta property=\"og:image\" content=\"https:\/\/kunstbaum24.at\/wp-content\/uploads\/2023\/08\/s1-2276.jpg\" \/>\n\t<meta property=\"og:image:width\" content=\"640\" \/>\n\t<meta property=\"og:image:height\" content=\"860\" \/>\n\t<meta property=\"og:image:type\" content=\"image\/jpeg\" \/>\n<meta name=\"twitter:card\" content=\"summary_large_image\" \/>\n<script type=\"application\/ld+json\" class=\"yoast-schema-graph\">{\"@context\":\"https:\/\/schema.org\",\"@graph\":[{\"@type\":\"WebPage\",\"@id\":\"https:\/\/old2024.mujstromecek.cz\/at\/produkt\/kiefer-verschneit-2d-150-cm\/\",\"url\":\"https:\/\/old2024.mujstromecek.cz\/at\/produkt\/kiefer-verschneit-2d-150-cm\/\",\"name\":\"Kiefer verschneit 2D 150 cm - kunstbaum24.at\",\"isPartOf\":{\"@id\":\"https:\/\/mojstromcek.sk\/#website\"},\"datePublished\":\"2023-09-28T14:50:42+00:00\",\"dateModified\":\"2023-09-28T14:50:54+00:00\",\"breadcrumb\":{\"@id\":\"https:\/\/old2024.mujstromecek.cz\/at\/produkt\/kiefer-verschneit-2d-150-cm\/#breadcrumb\"},\"inLanguage\":\"de-AT\",\"potentialAction\":[{\"@type\":\"ReadAction\",\"target\":[\"https:\/\/old2024.mujstromecek.cz\/at\/produkt\/kiefer-verschneit-2d-150-cm\/\"]}]},{\"@type\":\"BreadcrumbList\",\"@id\":\"https:\/\/old2024.mujstromecek.cz\/at\/produkt\/kiefer-verschneit-2d-150-cm\/#breadcrumb\",\"itemListElement\":[{\"@type\":\"ListItem\",\"position\":1,\"name\":\"Dom\u016f\",\"item\":\"https:\/\/kunstbaum24.at\/\"},{\"@type\":\"ListItem\",\"position\":2,\"name\":\"Obchod\",\"item\":\"https:\/\/old2024.mujstromecek.cz\/obchod\/\"},{\"@type\":\"ListItem\",\"position\":3,\"name\":\"Kiefer verschneit 2D 150 cm\"}]},{\"@type\":\"WebSite\",\"@id\":\"https:\/\/mojstromcek.sk\/#website\",\"url\":\"https:\/\/mojstromcek.sk\/\",\"name\":\"kunstbaum24.at\",\"description\":\"Online prodej ru\u010dn\u011b vyr\u00e1b\u011bn\u00fdch um\u011bl\u00fdch v\u00e1no\u010dn\u00edch stromk\u016f.\",\"potentialAction\":[{\"@type\":\"SearchAction\",\"target\":{\"@type\":\"EntryPoint\",\"urlTemplate\":\"https:\/\/mojstromcek.sk\/?s={search_term_string}\"},\"query-input\":\"required name=search_term_string\"}],\"inLanguage\":\"de-AT\"}]}<\/script>\n<!-- \/ Yoast SEO plugin. -->","yoast_head_json":{"title":"Kiefer verschneit 2D 150 cm - kunstbaum24.at","robots":{"index":"noindex","follow":"follow","max-snippet":"max-snippet:-1","max-image-preview":"max-image-preview:large","max-video-preview":"max-video-preview:-1"},"og_locale":"de_DE","og_type":"article","og_title":"Kiefer verschneit 2D 150 cm - kunstbaum24.at","og_description":">Ein wundersch&ouml;ner k&uuml;nstlicher Weihnachtsbaum, hergestellt in der EU. Premiumqualit&auml;t. Pr&auml;zise und hochwertig verarbeitete Nadeln garantieren ein realistisches Aussehen und eine lange Lebensdauer.","og_url":"https:\/\/old2024.mujstromecek.cz\/at\/produkt\/kiefer-verschneit-2d-150-cm\/","og_site_name":"kunstbaum24.at","article_modified_time":"2023-09-28T14:50:54+00:00","og_image":[{"width":640,"height":860,"url":"https:\/\/kunstbaum24.at\/wp-content\/uploads\/2023\/08\/s1-2276.jpg","type":"image\/jpeg"}],"twitter_card":"summary_large_image","schema":{"@context":"https:\/\/schema.org","@graph":[{"@type":"WebPage","@id":"https:\/\/old2024.mujstromecek.cz\/at\/produkt\/kiefer-verschneit-2d-150-cm\/","url":"https:\/\/old2024.mujstromecek.cz\/at\/produkt\/kiefer-verschneit-2d-150-cm\/","name":"Kiefer verschneit 2D 150 cm - kunstbaum24.at","isPartOf":{"@id":"https:\/\/mojstromcek.sk\/#website"},"datePublished":"2023-09-28T14:50:42+00:00","dateModified":"2023-09-28T14:50:54+00:00","breadcrumb":{"@id":"https:\/\/old2024.mujstromecek.cz\/at\/produkt\/kiefer-verschneit-2d-150-cm\/#breadcrumb"},"inLanguage":"de-AT","potentialAction":[{"@type":"ReadAction","target":["https:\/\/old2024.mujstromecek.cz\/at\/produkt\/kiefer-verschneit-2d-150-cm\/"]}]},{"@type":"BreadcrumbList","@id":"https:\/\/old2024.mujstromecek.cz\/at\/produkt\/kiefer-verschneit-2d-150-cm\/#breadcrumb","itemListElement":[{"@type":"ListItem","position":1,"name":"Dom\u016f","item":"https:\/\/kunstbaum24.at\/"},{"@type":"ListItem","position":2,"name":"Obchod","item":"https:\/\/old2024.mujstromecek.cz\/obchod\/"},{"@type":"ListItem","position":3,"name":"Kiefer verschneit 2D 150 cm"}]},{"@type":"WebSite","@id":"https:\/\/mojstromcek.sk\/#website","url":"https:\/\/mojstromcek.sk\/","name":"kunstbaum24.at","description":"Online prodej ru\u010dn\u011b vyr\u00e1b\u011bn\u00fdch um\u011bl\u00fdch v\u00e1no\u010dn\u00edch stromk\u016f.","potentialAction":[{"@type":"SearchAction","target":{"@type":"EntryPoint","urlTemplate":"https:\/\/mojstromcek.sk\/?s={search_term_string}"},"query-input":"required name=search_term_string"}],"inLanguage":"de-AT"}]}},"_links":{"self":[{"href":"https:\/\/old2024.mujstromecek.cz\/at\/wp-json\/wp\/v2\/product\/404018","targetHints":{"allow":["GET"]}}],"collection":[{"href":"https:\/\/old2024.mujstromecek.cz\/at\/wp-json\/wp\/v2\/product"}],"about":[{"href":"https:\/\/old2024.mujstromecek.cz\/at\/wp-json\/wp\/v2\/types\/product"}],"wp:featuredmedia":[{"embeddable":true,"href":"https:\/\/old2024.mujstromecek.cz\/at\/wp-json\/wp\/v2\/media\/479790"}],"wp:attachment":[{"href":"https:\/\/old2024.mujstromecek.cz\/at\/wp-json\/wp\/v2\/media?parent=404018"}],"wp:term":[{"taxonomy":"product_cat","embeddable":true,"href":"https:\/\/old2024.mujstromecek.cz\/at\/wp-json\/wp\/v2\/product_cat?post=404018"},{"taxonomy":"product_tag","embeddable":true,"href":"https:\/\/old2024.mujstromecek.cz\/at\/wp-json\/wp\/v2\/product_tag?post=404018"}],"curies":[{"name":"wp","href":"https:\/\/api.w.org\/{rel}","templated":true}]}}