{"id":400567,"date":"2023-08-30T17:50:52","date_gmt":"2023-09-28T14:17:38","guid":{"rendered":"https:\/\/mujstromecek.cz\/produkt\/kanadische-fichte-verschneit-220-cm\/"},"modified":"2023-09-28T14:18:47","modified_gmt":"2023-09-28T14:18:47","slug":"kanadische-fichte-verschneit-220-cm","status":"publish","type":"product","link":"https:\/\/old2024.mujstromecek.cz\/at\/produkt\/kanadische-fichte-verschneit-220-cm\/","title":{"rendered":"Kanadische Fichte verschneit 220 cm"},"content":{"rendered":"<h3>Beschreibung des Weihnachtsbaumes<\/h3>\n<p>Kanadische Fichte verschneit 220 cm mit integrierten Zapfen. Die hochwertigen 3D-Nadeln garantieren ein realistisches Aussehen des Baumes. Er passt perfekt in kleine und mittlere Interieurs. F&uuml;r das einzigartige Aussehen der B&auml;ume aus der PREMIUM- Kollektion sorgt unser erfahrenes Team von Produktdesignern.<\/p>\n<p>Der Weihnachtsbaum zaubert mit seinem nat&uuml;rlichen und realistischen Aussehen die richtige weihnachtliche Atmosph&auml;re in Ihr Zuhause. Sie k&ouml;nnen ihn nach Belieben dekorieren.&nbsp;<\/p>\n<p>Zu dem Baum erhalten Sie <strong>GRATIS<\/strong> einen <strong>stabilen METALLST&Auml;NDER<\/strong> mit Gummif&uuml;&szlig;en und eine stabile Kartonbox zur Aufbewahrung des Baumes.<\/p>\n<h3>Zusammenbauen des Baumes<\/h3>\n<p>Wie alle unsere B&auml;ume ist auch dieser <strong>einfach zusammenzubauen<\/strong> und einfach zu handhaben. Das <strong>Bausystem<\/strong> Snap Tree&trade; ist eine <strong>PREMIUM-L&Ouml;SUNG<\/strong>, die Ihnen die <strong>Arbeit<\/strong> beim <strong>Zusammenbauen<\/strong> des Baumes vereinfacht. An den &Auml;sten befindet sich ein Gelenk, das beim Einsetzen des Baumes in den St&auml;nder daf&uuml;r sorgt, dass die Haupt&auml;ste automatisch in einem bestimmten Winkel ausgeklappt werden und Sie dann nur noch <strong>die kleineren &Auml;ste<\/strong> nach Belieben <strong>anpassen<\/strong>.<\/p>\n<p>Wir w&uuml;nschen Ihnen angenehme Weihnachtsfeiertage!<\/p>\n","protected":false},"excerpt":{"rendered":"<p>Kanadische Fichte verschneit 220 cm mit integrierten Zapfen. Die hochwertigen 3D-Nadeln garantieren ein realistisches Aussehen des Baumes. Er passt perfekt in kleine und mittlere Interieurs. F&uuml;r das einzigartige Aussehen der B&auml;ume aus der PREMIUM- Kollektion sorgt unser erfahrenes Team von Produktdesignern.<\/p>\n","protected":false},"featured_media":368054,"template":"","meta":[],"product_cat":[3818],"product_tag":[3888,3502,4644,4664],"class_list":["post-400567","product","type-product","status-publish","has-post-thumbnail","hentry","product_cat-premium-at","product_tag-220-cm-at","product_tag-3d-at-2","product_tag-doprava-zdarma-at","product_tag-premium-at","pa_druh-smrk-at","pa_jehlici-3d-premium-snow-at","pa_krabice-35-35-120-at","pa_pocet-rad-16-at-2","pa_sirka-138-at","pa_stojan-metall","pa_vaha-1342-at-2","pa_vetvicky-2827-at","pa_vetvicky-celkem-2827-at","pa_vetvicky-pe-pvc-1650-1144-at","pa_vlastnosti-s-ozdobami-at","pa_vyska-220-at","pa_vyska-od-zeme-22-at"],"featured_image_urls":{"full":["https:\/\/old2024.mujstromecek.cz\/wp-content\/uploads\/2023\/08\/s1-2130.jpg",640,860,false],"thumbnail":["https:\/\/old2024.mujstromecek.cz\/wp-content\/uploads\/2023\/08\/s1-2130-150x150.jpg",150,150,true],"medium":["https:\/\/old2024.mujstromecek.cz\/wp-content\/uploads\/2023\/08\/s1-2130-223x300.jpg",223,300,true],"medium_large":["https:\/\/old2024.mujstromecek.cz\/wp-content\/uploads\/2023\/08\/s1-2130.jpg",640,860,false],"large":["https:\/\/old2024.mujstromecek.cz\/wp-content\/uploads\/2023\/08\/s1-2130.jpg",640,860,false],"1536x1536":["https:\/\/old2024.mujstromecek.cz\/wp-content\/uploads\/2023\/08\/s1-2130.jpg",640,860,false],"2048x2048":["https:\/\/old2024.mujstromecek.cz\/wp-content\/uploads\/2023\/08\/s1-2130.jpg",640,860,false],"woocommerce_thumbnail":["https:\/\/old2024.mujstromecek.cz\/wp-content\/uploads\/2023\/08\/s1-2130-300x403.jpg",300,403,true],"woocommerce_single":["https:\/\/old2024.mujstromecek.cz\/wp-content\/uploads\/2023\/08\/s1-2130-600x806.jpg",600,806,true],"woocommerce_gallery_thumbnail":["https:\/\/old2024.mujstromecek.cz\/wp-content\/uploads\/2023\/08\/s1-2130-100x100.jpg",100,100,true]},"post_excerpt_stackable":"<p>Kanadische Fichte verschneit 220 cm mit integrierten Zapfen. Die hochwertigen 3D-Nadeln garantieren ein realistisches Aussehen des Baumes. Er passt perfekt in kleine und mittlere Interieurs. F&uuml;r das einzigartige Aussehen der B&auml;ume aus der PREMIUM- Kollektion sorgt unser erfahrenes Team von Produktdesignern.<\/p>\n","category_list":"","author_info":{"name":"","url":""},"comments_num":"0 comments","featured_image_urls_v2":{"full":["https:\/\/old2024.mujstromecek.cz\/wp-content\/uploads\/2023\/08\/s1-2130.jpg",640,860,false],"thumbnail":["https:\/\/old2024.mujstromecek.cz\/wp-content\/uploads\/2023\/08\/s1-2130-150x150.jpg",150,150,true],"medium":["https:\/\/old2024.mujstromecek.cz\/wp-content\/uploads\/2023\/08\/s1-2130-223x300.jpg",223,300,true],"medium_large":["https:\/\/old2024.mujstromecek.cz\/wp-content\/uploads\/2023\/08\/s1-2130.jpg",640,860,false],"large":["https:\/\/old2024.mujstromecek.cz\/wp-content\/uploads\/2023\/08\/s1-2130.jpg",640,860,false],"1536x1536":["https:\/\/old2024.mujstromecek.cz\/wp-content\/uploads\/2023\/08\/s1-2130.jpg",640,860,false],"2048x2048":["https:\/\/old2024.mujstromecek.cz\/wp-content\/uploads\/2023\/08\/s1-2130.jpg",640,860,false],"woocommerce_thumbnail":["https:\/\/old2024.mujstromecek.cz\/wp-content\/uploads\/2023\/08\/s1-2130-300x403.jpg",300,403,true],"woocommerce_single":["https:\/\/old2024.mujstromecek.cz\/wp-content\/uploads\/2023\/08\/s1-2130-600x806.jpg",600,806,true],"woocommerce_gallery_thumbnail":["https:\/\/old2024.mujstromecek.cz\/wp-content\/uploads\/2023\/08\/s1-2130-100x100.jpg",100,100,true]},"post_excerpt_stackable_v2":"<p>Kanadische Fichte verschneit 220 cm mit integrierten Zapfen. Die hochwertigen 3D-Nadeln garantieren ein realistisches Aussehen des Baumes. Er passt perfekt in kleine und mittlere Interieurs. F&uuml;r das einzigartige Aussehen der B&auml;ume aus der PREMIUM- Kollektion sorgt unser erfahrenes Team von Produktdesignern.<\/p>\n","category_list_v2":"","author_info_v2":{"name":"","url":""},"comments_num_v2":"0 comments","yoast_head":"<!-- This site is optimized with the Yoast SEO plugin v21.1 - https:\/\/yoast.com\/wordpress\/plugins\/seo\/ -->\n<title>Kanadische Fichte verschneit 220 cm - kunstbaum24.at<\/title>\n<meta name=\"robots\" content=\"noindex, follow, max-snippet:-1, max-image-preview:large, max-video-preview:-1\" \/>\n<meta property=\"og:locale\" content=\"de_DE\" \/>\n<meta property=\"og:type\" content=\"article\" \/>\n<meta property=\"og:title\" content=\"Kanadische Fichte verschneit 220 cm - kunstbaum24.at\" \/>\n<meta property=\"og:description\" content=\"Kanadische Fichte verschneit 220 cm mit integrierten Zapfen. Die hochwertigen 3D-Nadeln garantieren ein realistisches Aussehen des Baumes. Er passt perfekt in kleine und mittlere Interieurs. F&uuml;r das einzigartige Aussehen der B&auml;ume aus der PREMIUM- Kollektion sorgt unser erfahrenes Team von Produktdesignern.\" \/>\n<meta property=\"og:url\" content=\"https:\/\/old2024.mujstromecek.cz\/at\/produkt\/kanadische-fichte-verschneit-220-cm\/\" \/>\n<meta property=\"og:site_name\" content=\"kunstbaum24.at\" \/>\n<meta property=\"article:modified_time\" content=\"2023-09-28T14:18:47+00:00\" \/>\n<meta property=\"og:image\" content=\"https:\/\/kunstbaum24.at\/wp-content\/uploads\/2023\/08\/s1-2130.jpg\" \/>\n\t<meta property=\"og:image:width\" content=\"640\" \/>\n\t<meta property=\"og:image:height\" content=\"860\" \/>\n\t<meta property=\"og:image:type\" content=\"image\/jpeg\" \/>\n<meta name=\"twitter:card\" content=\"summary_large_image\" \/>\n<meta name=\"twitter:label1\" content=\"Gesch\u00e4tzte Lesezeit\" \/>\n\t<meta name=\"twitter:data1\" content=\"1 Minute\" \/>\n<script type=\"application\/ld+json\" class=\"yoast-schema-graph\">{\"@context\":\"https:\/\/schema.org\",\"@graph\":[{\"@type\":\"WebPage\",\"@id\":\"https:\/\/old2024.mujstromecek.cz\/at\/produkt\/kanadische-fichte-verschneit-220-cm\/\",\"url\":\"https:\/\/old2024.mujstromecek.cz\/at\/produkt\/kanadische-fichte-verschneit-220-cm\/\",\"name\":\"Kanadische Fichte verschneit 220 cm - kunstbaum24.at\",\"isPartOf\":{\"@id\":\"https:\/\/mojstromcek.sk\/#website\"},\"datePublished\":\"2023-09-28T14:17:38+00:00\",\"dateModified\":\"2023-09-28T14:18:47+00:00\",\"breadcrumb\":{\"@id\":\"https:\/\/old2024.mujstromecek.cz\/at\/produkt\/kanadische-fichte-verschneit-220-cm\/#breadcrumb\"},\"inLanguage\":\"de-AT\",\"potentialAction\":[{\"@type\":\"ReadAction\",\"target\":[\"https:\/\/old2024.mujstromecek.cz\/at\/produkt\/kanadische-fichte-verschneit-220-cm\/\"]}]},{\"@type\":\"BreadcrumbList\",\"@id\":\"https:\/\/old2024.mujstromecek.cz\/at\/produkt\/kanadische-fichte-verschneit-220-cm\/#breadcrumb\",\"itemListElement\":[{\"@type\":\"ListItem\",\"position\":1,\"name\":\"Dom\u016f\",\"item\":\"https:\/\/kunstbaum24.at\/\"},{\"@type\":\"ListItem\",\"position\":2,\"name\":\"Obchod\",\"item\":\"https:\/\/old2024.mujstromecek.cz\/obchod\/\"},{\"@type\":\"ListItem\",\"position\":3,\"name\":\"Kanadische Fichte verschneit 220 cm\"}]},{\"@type\":\"WebSite\",\"@id\":\"https:\/\/mojstromcek.sk\/#website\",\"url\":\"https:\/\/mojstromcek.sk\/\",\"name\":\"kunstbaum24.at\",\"description\":\"Online prodej ru\u010dn\u011b vyr\u00e1b\u011bn\u00fdch um\u011bl\u00fdch v\u00e1no\u010dn\u00edch stromk\u016f.\",\"potentialAction\":[{\"@type\":\"SearchAction\",\"target\":{\"@type\":\"EntryPoint\",\"urlTemplate\":\"https:\/\/mojstromcek.sk\/?s={search_term_string}\"},\"query-input\":\"required name=search_term_string\"}],\"inLanguage\":\"de-AT\"}]}<\/script>\n<!-- \/ Yoast SEO plugin. -->","yoast_head_json":{"title":"Kanadische Fichte verschneit 220 cm - kunstbaum24.at","robots":{"index":"noindex","follow":"follow","max-snippet":"max-snippet:-1","max-image-preview":"max-image-preview:large","max-video-preview":"max-video-preview:-1"},"og_locale":"de_DE","og_type":"article","og_title":"Kanadische Fichte verschneit 220 cm - kunstbaum24.at","og_description":"Kanadische Fichte verschneit 220 cm mit integrierten Zapfen. Die hochwertigen 3D-Nadeln garantieren ein realistisches Aussehen des Baumes. Er passt perfekt in kleine und mittlere Interieurs. F&uuml;r das einzigartige Aussehen der B&auml;ume aus der PREMIUM- Kollektion sorgt unser erfahrenes Team von Produktdesignern.","og_url":"https:\/\/old2024.mujstromecek.cz\/at\/produkt\/kanadische-fichte-verschneit-220-cm\/","og_site_name":"kunstbaum24.at","article_modified_time":"2023-09-28T14:18:47+00:00","og_image":[{"width":640,"height":860,"url":"https:\/\/kunstbaum24.at\/wp-content\/uploads\/2023\/08\/s1-2130.jpg","type":"image\/jpeg"}],"twitter_card":"summary_large_image","twitter_misc":{"Gesch\u00e4tzte Lesezeit":"1 Minute"},"schema":{"@context":"https:\/\/schema.org","@graph":[{"@type":"WebPage","@id":"https:\/\/old2024.mujstromecek.cz\/at\/produkt\/kanadische-fichte-verschneit-220-cm\/","url":"https:\/\/old2024.mujstromecek.cz\/at\/produkt\/kanadische-fichte-verschneit-220-cm\/","name":"Kanadische Fichte verschneit 220 cm - kunstbaum24.at","isPartOf":{"@id":"https:\/\/mojstromcek.sk\/#website"},"datePublished":"2023-09-28T14:17:38+00:00","dateModified":"2023-09-28T14:18:47+00:00","breadcrumb":{"@id":"https:\/\/old2024.mujstromecek.cz\/at\/produkt\/kanadische-fichte-verschneit-220-cm\/#breadcrumb"},"inLanguage":"de-AT","potentialAction":[{"@type":"ReadAction","target":["https:\/\/old2024.mujstromecek.cz\/at\/produkt\/kanadische-fichte-verschneit-220-cm\/"]}]},{"@type":"BreadcrumbList","@id":"https:\/\/old2024.mujstromecek.cz\/at\/produkt\/kanadische-fichte-verschneit-220-cm\/#breadcrumb","itemListElement":[{"@type":"ListItem","position":1,"name":"Dom\u016f","item":"https:\/\/kunstbaum24.at\/"},{"@type":"ListItem","position":2,"name":"Obchod","item":"https:\/\/old2024.mujstromecek.cz\/obchod\/"},{"@type":"ListItem","position":3,"name":"Kanadische Fichte verschneit 220 cm"}]},{"@type":"WebSite","@id":"https:\/\/mojstromcek.sk\/#website","url":"https:\/\/mojstromcek.sk\/","name":"kunstbaum24.at","description":"Online prodej ru\u010dn\u011b vyr\u00e1b\u011bn\u00fdch um\u011bl\u00fdch v\u00e1no\u010dn\u00edch stromk\u016f.","potentialAction":[{"@type":"SearchAction","target":{"@type":"EntryPoint","urlTemplate":"https:\/\/mojstromcek.sk\/?s={search_term_string}"},"query-input":"required name=search_term_string"}],"inLanguage":"de-AT"}]}},"_links":{"self":[{"href":"https:\/\/old2024.mujstromecek.cz\/at\/wp-json\/wp\/v2\/product\/400567","targetHints":{"allow":["GET"]}}],"collection":[{"href":"https:\/\/old2024.mujstromecek.cz\/at\/wp-json\/wp\/v2\/product"}],"about":[{"href":"https:\/\/old2024.mujstromecek.cz\/at\/wp-json\/wp\/v2\/types\/product"}],"wp:featuredmedia":[{"embeddable":true,"href":"https:\/\/old2024.mujstromecek.cz\/at\/wp-json\/wp\/v2\/media\/368054"}],"wp:attachment":[{"href":"https:\/\/old2024.mujstromecek.cz\/at\/wp-json\/wp\/v2\/media?parent=400567"}],"wp:term":[{"taxonomy":"product_cat","embeddable":true,"href":"https:\/\/old2024.mujstromecek.cz\/at\/wp-json\/wp\/v2\/product_cat?post=400567"},{"taxonomy":"product_tag","embeddable":true,"href":"https:\/\/old2024.mujstromecek.cz\/at\/wp-json\/wp\/v2\/product_tag?post=400567"}],"curies":[{"name":"wp","href":"https:\/\/api.w.org\/{rel}","templated":true}]}}