{"id":206216,"date":"2022-09-08T18:22:38","date_gmt":"2022-09-08T18:22:38","guid":{"rendered":"https:\/\/mujstromecek.cz\/sendungsverfolgung\/"},"modified":"2022-10-28T15:30:32","modified_gmt":"2022-10-28T15:30:32","slug":"sendungsverfolgung","status":"publish","type":"page","link":"https:\/\/old2024.mujstromecek.cz\/at\/sendungsverfolgung\/","title":{"rendered":"Sendungsverfolgung"},"content":{"rendered":"\n\t\t<div data-elementor-type=\"section\" data-elementor-id=\"206110\" class=\"elementor elementor-206110 elementor-15583\" data-elementor-post-type=\"elementor_library\">\n\t\t\t\t\t<div class=\"elementor-section-wrap\">\n\t\t\t\t\t\t\t\t<section class=\"elementor-section elementor-top-section elementor-element elementor-element-f6b63da elementor-section-boxed elementor-section-height-default elementor-section-height-default\" data-id=\"f6b63da\" data-element_type=\"section\">\n\t\t\t\t\t\t<div class=\"elementor-container elementor-column-gap-default\">\n\t\t\t\t\t\t\t<div class=\"elementor-row\">\n\t\t\t\t\t<div class=\"elementor-column elementor-col-100 elementor-top-column elementor-element elementor-element-2cd8c22\" data-id=\"2cd8c22\" data-element_type=\"column\">\n\t\t\t<div class=\"elementor-column-wrap elementor-element-populated\">\n\t\t\t\t\t\t\t<div class=\"elementor-widget-wrap\">\n\t\t\t\t\t\t<div class=\"elementor-element elementor-element-e754087 elementor-widget elementor-widget-alert\" data-id=\"e754087\" data-element_type=\"widget\" data-widget_type=\"alert.default\">\n\t\t\t\t<div class=\"elementor-widget-container\">\n\t\t\t\t\t<div class=\"elementor-alert elementor-alert-warning\" role=\"alert\">\n\t\t\t<span class=\"elementor-alert-title\">Sehr geehrte Kunden,<\/span>\n\t\t\t\t\t\t\t<span class=\"elementor-alert-description\">Das Transportunternehmen DPD hat uns dar\u00fcber informiert, dass es bei der Auslieferung von Bestellungen zu leichten Verz\u00f6gerungen kommen kann. Dies kann die Lieferung Ihres Baumes verz\u00f6gern, aber keine Sorge, wir schaffen es bis Weihnachten!<\/span>\n\t\t\t\t\t\t\t\t\t\t<button type=\"button\" class=\"elementor-alert-dismiss\">\n\t\t\t\t\t\t\t\t\t\t\t<span aria-hidden=\"true\">&times;<\/span>\n\t\t\t\t\t\t\t\t\t\t<span class=\"elementor-screen-only\">Dismiss this alert.<\/span>\n\t\t\t\t<\/button>\n\t\t\t\t\t<\/div>\n\t\t\t\t<\/div>\n\t\t\t\t<\/div>\n\t\t\t\t\t\t<\/div>\n\t\t\t\t\t<\/div>\n\t\t<\/div>\n\t\t\t\t\t\t\t\t<\/div>\n\t\t\t\t\t<\/div>\n\t\t<\/section>\n\t\t\t\t\t\t\t<\/div>\n\t\t\t\t<\/div>\n\t\t\n\n<h2 class=\"wp-block-heading\">Hier k\u00f6nnen Sie Ihre Sendung verfolgen: <strong><a rel=\"noreferrer noopener\" href=\"https:\/\/www.dpd.com\/tracking\/(lang)\/cs_CZ\" target=\"_blank\">DPD Sendungsverfolgung<\/a><\/strong><\/h2>\n\n<p><strong>KONTAKT:<br\/><\/strong>e-mail: <a rel=\"noreferrer noopener\" href=\"mailto:info@dpd.cz\" target=\"_blank\">info@dpd.cz<\/a><br\/>telefon: <strong>+420<\/strong> <strong>225 373 373<\/strong><\/p>\n\n<p><\/p>\n","protected":false},"excerpt":{"rendered":"<p>Hier k\u00f6nnen Sie Ihre Sendung verfolgen: DPD Sendungsverfolgung KONTAKT:e-mail: info@dpd.cztelefon: +420 225 373 373<\/p>\n","protected":false},"author":1,"featured_media":0,"parent":0,"menu_order":0,"comment_status":"closed","ping_status":"closed","template":"","meta":{"footnotes":""},"class_list":["post-206216","page","type-page","status-publish","hentry"],"featured_image_urls":{"full":"","thumbnail":"","medium":"","medium_large":"","large":"","1536x1536":"","2048x2048":"","woocommerce_thumbnail":"","woocommerce_single":"","woocommerce_gallery_thumbnail":""},"post_excerpt_stackable":"<p>Sehr geehrte Kunden, Das Transportunternehmen DPD hat uns dar\u00fcber informiert, dass es bei der Auslieferung von Bestellungen zu leichten Verz\u00f6gerungen kommen kann. Dies kann die Lieferung Ihres Baumes verz\u00f6gern, aber keine Sorge, wir schaffen es bis Weihnachten! &times; Dismiss this alert. Hier k\u00f6nnen Sie Ihre Sendung verfolgen: DPD Sendungsverfolgung KONTAKT:e-mail: info@dpd.cztelefon: +420 225 373 373<\/p>\n","category_list":"","author_info":{"name":"admin","url":"https:\/\/old2024.mujstromecek.cz\/at\/author\/lukas\/"},"comments_num":"0 comments","featured_image_urls_v2":{"full":"","thumbnail":"","medium":"","medium_large":"","large":"","1536x1536":"","2048x2048":"","woocommerce_thumbnail":"","woocommerce_single":"","woocommerce_gallery_thumbnail":""},"post_excerpt_stackable_v2":"<p>Sehr geehrte Kunden, Das Transportunternehmen DPD hat uns dar\u00fcber informiert, dass es bei der Auslieferung von Bestellungen zu leichten Verz\u00f6gerungen kommen kann. Dies kann die Lieferung Ihres Baumes verz\u00f6gern, aber keine Sorge, wir schaffen es bis Weihnachten! &times; Dismiss this alert. Hier k\u00f6nnen Sie Ihre Sendung verfolgen: DPD Sendungsverfolgung KONTAKT:e-mail: info@dpd.cztelefon: +420 225 373 373<\/p>\n","category_list_v2":"","author_info_v2":{"name":"admin","url":"https:\/\/old2024.mujstromecek.cz\/at\/author\/lukas\/"},"comments_num_v2":"0 comments","yoast_head":"<!-- This site is optimized with the Yoast SEO plugin v21.1 - https:\/\/yoast.com\/wordpress\/plugins\/seo\/ -->\n<title>Sendungsverfolgung - kunstbaum24.at<\/title>\n<meta name=\"robots\" content=\"noindex, follow, max-snippet:-1, max-image-preview:large, max-video-preview:-1\" \/>\n<meta property=\"og:locale\" content=\"de_DE\" \/>\n<meta property=\"og:type\" content=\"article\" \/>\n<meta property=\"og:title\" content=\"Sendungsverfolgung - kunstbaum24.at\" \/>\n<meta property=\"og:description\" content=\"Hier k\u00f6nnen Sie Ihre Sendung verfolgen: DPD Sendungsverfolgung KONTAKT:e-mail: info@dpd.cztelefon: +420 225 373 373\" \/>\n<meta property=\"og:url\" content=\"https:\/\/old2024.mujstromecek.cz\/at\/sendungsverfolgung\/\" \/>\n<meta property=\"og:site_name\" content=\"kunstbaum24.at\" \/>\n<meta property=\"article:modified_time\" content=\"2022-10-28T15:30:32+00:00\" \/>\n<meta name=\"twitter:card\" content=\"summary_large_image\" \/>\n<script type=\"application\/ld+json\" class=\"yoast-schema-graph\">{\"@context\":\"https:\/\/schema.org\",\"@graph\":[{\"@type\":\"WebPage\",\"@id\":\"https:\/\/old2024.mujstromecek.cz\/at\/sendungsverfolgung\/\",\"url\":\"https:\/\/old2024.mujstromecek.cz\/at\/sendungsverfolgung\/\",\"name\":\"Sendungsverfolgung - kunstbaum24.at\",\"isPartOf\":{\"@id\":\"https:\/\/mojstromcek.sk\/#website\"},\"datePublished\":\"2022-09-08T18:22:38+00:00\",\"dateModified\":\"2022-10-28T15:30:32+00:00\",\"breadcrumb\":{\"@id\":\"https:\/\/old2024.mujstromecek.cz\/at\/sendungsverfolgung\/#breadcrumb\"},\"inLanguage\":\"de-AT\",\"potentialAction\":[{\"@type\":\"ReadAction\",\"target\":[\"https:\/\/old2024.mujstromecek.cz\/at\/sendungsverfolgung\/\"]}]},{\"@type\":\"BreadcrumbList\",\"@id\":\"https:\/\/old2024.mujstromecek.cz\/at\/sendungsverfolgung\/#breadcrumb\",\"itemListElement\":[{\"@type\":\"ListItem\",\"position\":1,\"name\":\"Dom\u016f\",\"item\":\"https:\/\/kunstbaum24.at\/\"},{\"@type\":\"ListItem\",\"position\":2,\"name\":\"Sendungsverfolgung\"}]},{\"@type\":\"WebSite\",\"@id\":\"https:\/\/mojstromcek.sk\/#website\",\"url\":\"https:\/\/mojstromcek.sk\/\",\"name\":\"kunstbaum24.at\",\"description\":\"Online prodej ru\u010dn\u011b vyr\u00e1b\u011bn\u00fdch um\u011bl\u00fdch v\u00e1no\u010dn\u00edch stromk\u016f.\",\"potentialAction\":[{\"@type\":\"SearchAction\",\"target\":{\"@type\":\"EntryPoint\",\"urlTemplate\":\"https:\/\/mojstromcek.sk\/?s={search_term_string}\"},\"query-input\":\"required name=search_term_string\"}],\"inLanguage\":\"de-AT\"}]}<\/script>\n<!-- \/ Yoast SEO plugin. -->","yoast_head_json":{"title":"Sendungsverfolgung - kunstbaum24.at","robots":{"index":"noindex","follow":"follow","max-snippet":"max-snippet:-1","max-image-preview":"max-image-preview:large","max-video-preview":"max-video-preview:-1"},"og_locale":"de_DE","og_type":"article","og_title":"Sendungsverfolgung - kunstbaum24.at","og_description":"Hier k\u00f6nnen Sie Ihre Sendung verfolgen: DPD Sendungsverfolgung KONTAKT:e-mail: info@dpd.cztelefon: +420 225 373 373","og_url":"https:\/\/old2024.mujstromecek.cz\/at\/sendungsverfolgung\/","og_site_name":"kunstbaum24.at","article_modified_time":"2022-10-28T15:30:32+00:00","twitter_card":"summary_large_image","schema":{"@context":"https:\/\/schema.org","@graph":[{"@type":"WebPage","@id":"https:\/\/old2024.mujstromecek.cz\/at\/sendungsverfolgung\/","url":"https:\/\/old2024.mujstromecek.cz\/at\/sendungsverfolgung\/","name":"Sendungsverfolgung - kunstbaum24.at","isPartOf":{"@id":"https:\/\/mojstromcek.sk\/#website"},"datePublished":"2022-09-08T18:22:38+00:00","dateModified":"2022-10-28T15:30:32+00:00","breadcrumb":{"@id":"https:\/\/old2024.mujstromecek.cz\/at\/sendungsverfolgung\/#breadcrumb"},"inLanguage":"de-AT","potentialAction":[{"@type":"ReadAction","target":["https:\/\/old2024.mujstromecek.cz\/at\/sendungsverfolgung\/"]}]},{"@type":"BreadcrumbList","@id":"https:\/\/old2024.mujstromecek.cz\/at\/sendungsverfolgung\/#breadcrumb","itemListElement":[{"@type":"ListItem","position":1,"name":"Dom\u016f","item":"https:\/\/kunstbaum24.at\/"},{"@type":"ListItem","position":2,"name":"Sendungsverfolgung"}]},{"@type":"WebSite","@id":"https:\/\/mojstromcek.sk\/#website","url":"https:\/\/mojstromcek.sk\/","name":"kunstbaum24.at","description":"Online prodej ru\u010dn\u011b vyr\u00e1b\u011bn\u00fdch um\u011bl\u00fdch v\u00e1no\u010dn\u00edch stromk\u016f.","potentialAction":[{"@type":"SearchAction","target":{"@type":"EntryPoint","urlTemplate":"https:\/\/mojstromcek.sk\/?s={search_term_string}"},"query-input":"required name=search_term_string"}],"inLanguage":"de-AT"}]}},"_links":{"self":[{"href":"https:\/\/old2024.mujstromecek.cz\/at\/wp-json\/wp\/v2\/pages\/206216","targetHints":{"allow":["GET"]}}],"collection":[{"href":"https:\/\/old2024.mujstromecek.cz\/at\/wp-json\/wp\/v2\/pages"}],"about":[{"href":"https:\/\/old2024.mujstromecek.cz\/at\/wp-json\/wp\/v2\/types\/page"}],"author":[{"embeddable":true,"href":"https:\/\/old2024.mujstromecek.cz\/at\/wp-json\/wp\/v2\/users\/1"}],"replies":[{"embeddable":true,"href":"https:\/\/old2024.mujstromecek.cz\/at\/wp-json\/wp\/v2\/comments?post=206216"}],"version-history":[{"count":1,"href":"https:\/\/old2024.mujstromecek.cz\/at\/wp-json\/wp\/v2\/pages\/206216\/revisions"}],"predecessor-version":[{"id":206217,"href":"https:\/\/old2024.mujstromecek.cz\/at\/wp-json\/wp\/v2\/pages\/206216\/revisions\/206217"}],"wp:attachment":[{"href":"https:\/\/old2024.mujstromecek.cz\/at\/wp-json\/wp\/v2\/media?parent=206216"}],"curies":[{"name":"wp","href":"https:\/\/api.w.org\/{rel}","templated":true}]}}